{"id":13108,"date":"2022-05-02T18:02:48","date_gmt":"2022-05-02T18:02:48","guid":{"rendered":"https:\/\/www.anbanjia.com.cn\/product\/urit-g26-blutzuckermessgeraet-blutzuckerteststreifen\/"},"modified":"2022-05-02T18:02:48","modified_gmt":"2022-05-02T18:02:48","slug":"urit-g26-blutzuckermessgerat-blutzuckerteststreifen","status":"publish","type":"product","link":"https:\/\/anbanjia.com.cn\/de\/produkt\/urit-g26-blutzuckermessgerat-blutzuckerteststreifen\/","title":{"rendered":"URIT G26 Blutzuckermessger\u00e4t Blutzuckerteststreifen"},"content":{"rendered":"<div style=\"max-width: 750px; margin: 0 auto;\">\n<div id=\"detail_decorate_root\" data-magic-global=\"%7B%22bizId%22%3A3215165050%2C%22pageId%22%3A20168504357%2C%22siteId%22%3A5005610021%7D\">\n<div class=\"J_module\">\n<div class=\"detail-decorate-json-renderer-container\">\n<div class=\"magic-1\">\n<div class=\"magic-2\">\n<div class=\"magic-3\">\n<div class=\"magic-4\">\n<div class=\"magic-5\"><b><span class=\"magic-6\">URIT G26 Blutzuckermessger\u00e4t Blutzuckerteststreifen<\/span><\/b><\/div>\n<\/div>\n<\/div>\n<\/div>\n<\/div>\n<\/div>\n<\/div>\n<div class=\"J_module\">\n<div class=\"detail-decorate-json-renderer-container\">\n<div class=\"magic-1\">\n<div class=\"magic-2\">\n<div class=\"magic-3\">\n<div class=\"magic-4\">\n<div class=\"magic-5\">\n<p><span class=\"magic-6\"><span class=\"magic-6\">Wenn Sie Fragen haben, wenden Sie sich bitte an den Verk\u00e4ufer oder kontaktieren Sie uns unter WhatsApp: +86 13246918260. Vielen Dank<img decoding=\"async\" src=\"https:\/\/s.alicdn.com\/@sc04\/kf\/H8fc62d3b5534408596b54913891da8b78\/230438700\/H8fc62d3b5534408596b54913891da8b78.png?quality=close\"><img decoding=\"async\" src=\"https:\/\/s.alicdn.com\/@sc04\/kf\/H8fc62d3b5534408596b54913891da8b78\/230438700\/H8fc62d3b5534408596b54913891da8b78.png?quality=close\"><img decoding=\"async\" src=\"https:\/\/s.alicdn.com\/@sc04\/kf\/H2b6bc93479224584a0160bc1b9ae0cffT\/230438700\/H2b6bc93479224584a0160bc1b9ae0cffT.png?quality=close\"><img decoding=\"async\" src=\"https:\/\/s.alicdn.com\/@sc04\/kf\/H797a3be078194027b1af989540f55e4ee\/230438700\/H797a3be078194027b1af989540f55e4ee.jpg?quality=close\"><img decoding=\"async\" src=\"https:\/\/s.alicdn.com\/@sc04\/kf\/H93c74cda5e42401cae7c42fa075831d53\/230438700\/H93c74cda5e42401cae7c42fa075831d53.png?quality=close\"><img decoding=\"async\" src=\"https:\/\/s.alicdn.com\/@sc04\/kf\/H35cdc8b3e8534abdbf3063ccad2caf96O\/230438700\/H35cdc8b3e8534abdbf3063ccad2caf96O.png?quality=close\"><img decoding=\"async\" class=\"\" src=\"https:\/\/s.alicdn.com\/@sc04\/kf\/H946499dba7444fff9e67fb72e5033a8ap\/230438700\/H946499dba7444fff9e67fb72e5033a8ap.jpg?quality=close\" width=\"559\" height=\"559\"><\/span><\/span><\/p>\n<div class=\"J_module\">\n<div class=\"detail-decorate-json-renderer-container\">\n<div class=\"magic-1\">\n<div class=\"magic-2\">\n<div class=\"magic-3\">\n<div class=\"magic-4\"><span class=\"magic-14\" data-spm-anchor-id=\"a2700.wholesale.0.i30.625914d6YYigGq\">Testzeit: 6 Sekunden Blutvolumen: ca. 0,6 ml Batterielebensdauer: 1000 Mal Testprobe: kapillares\/ven\u00f6ses Vollblut Testbereich: 1,1 mmol\/L-33,3 mmol\/L<\/span><\/div>\n<\/div>\n<\/div>\n<\/div>\n<\/div>\n<\/div>\n<div class=\"J_module\">\n<div class=\"detail-decorate-json-renderer-container\">\n<div class=\"magic-1\">\n<div class=\"magic-2\">\n<div class=\"magic-3\">\n<div class=\"magic-4\">\n<div class=\"magic-5\">\n<p><b><span class=\"magic-15\">Wenn Sie den H\u00e4moglobin-Teststreifen oder das Messger\u00e4t ben\u00f6tigen, k\u00f6nnen Sie sich an den Verk\u00e4ufer wenden.<\/span><\/b><img decoding=\"async\" src=\"https:\/\/s.alicdn.com\/@sc04\/kf\/HTB19fUGSYrpK1RjSZTEq6AWAVXap\/230438700\/HTB19fUGSYrpK1RjSZTEq6AWAVXap.jpg?quality=close\"><img decoding=\"async\" src=\"https:\/\/s.alicdn.com\/@sc04\/kf\/HTB1SM7ES6TpK1RjSZKPq6y3UpXae\/230438700\/HTB1SM7ES6TpK1RjSZKPq6y3UpXae.jpg?quality=close\"><img decoding=\"async\" src=\"https:\/\/s.alicdn.com\/@sc04\/kf\/HTB1u.MES7voK1RjSZFNq6AxMVXas\/230438700\/HTB1u.MES7voK1RjSZFNq6AxMVXas.jpg?quality=close\"><img decoding=\"async\" src=\"https:\/\/s.alicdn.com\/@sc04\/kf\/Hd5d507f7743a475f8e8aeb772518423c2\/230438700\/Hd5d507f7743a475f8e8aeb772518423c2.jpg?quality=close\"><\/p>\n<div><b><span class=\"magic-6\" data-spm-anchor-id=\"a2700.wholesale.0.i36.625914d6YYigGq\">Merkmale :<\/span><\/b><\/div>\n<p>MESSGER\u00c4T: H\u00e4moglobin in frischem Blut Messprinzip: Optische Reflexion Streifen: H12-H\u00e4moglobin-Teststreifen Messzeit: Weniger als 30 Sekunden Messbereich: 4,0 g\/dL ~ 24,0 g\/dL. Ergebnisse unter 4,0 g\/dL und \u00fcber 24,0 g\/dL werden als \u201eLo\u201c bzw. \u201eHi\u201c angezeigt, um anzuzeigen, dass das Ergebnis au\u00dferhalb des Bereichs liegt. Anzeige: LCD, Testergebnisanzeige in SI-Gewicht:&lt; 58 g (inkl. Batterie) Au\u00dfenabmessungen: 102 mm \u00d7 50 mm \u00d7 19 mm Stromversorgung: DC 6 V (zwei CR2032-Batterien) Betriebsbereiche: 15 ~ 30 \u00b0C; RH \u226480 % nicht kondensierend H\u00f6chstbereich: -20 ~55 \u00b0C; RH&lt; 90 % nicht kondensierend Sonstiges: Interne St\u00f6rungspr\u00fcfung und Anzeige Verf\u00fcgbare Lebensdauer: 8 Jahre<img decoding=\"async\" src=\"https:\/\/s.alicdn.com\/@sc04\/kf\/H623dc6ae6b4c4cc0bfe0ebf7b63a0280R\/230438700\/H623dc6ae6b4c4cc0bfe0ebf7b63a0280R.jpg?quality=close\"><img decoding=\"async\" src=\"https:\/\/s.alicdn.com\/@sc04\/kf\/H7bd18034bbad40bbac78a66d0e861e8dd\/230438700\/H7bd18034bbad40bbac78a66d0e861e8dd.jpg?quality=close\"><img decoding=\"async\" src=\"https:\/\/s.alicdn.com\/@sc04\/kf\/HTB1ejKGU7PoK1RjSZKbq6x1IXXa1\/230438700\/HTB1ejKGU7PoK1RjSZKbq6x1IXXa1.jpg?quality=close\"><\/p>\n<\/div>\n<div><img decoding=\"async\" src=\"https:\/\/s.alicdn.com\/@sc04\/kf\/HTB1OWXfVkvoK1RjSZFwq6AiCFXaJ\/230438700\/HTB1OWXfVkvoK1RjSZFwq6AiCFXaJ.jpg?quality=close\"><\/div>\n<div><img decoding=\"async\" class=\"\" src=\"https:\/\/s.alicdn.com\/@sc04\/kf\/HTB1u8k_U3HqK1RjSZFPq6AwapXat\/230438700\/HTB1u8k_U3HqK1RjSZFPq6AwapXat.jpg?quality=close\" width=\"766\" height=\"513\"><\/div>\n<div><img decoding=\"async\" src=\"https:\/\/s.alicdn.com\/@sc04\/kf\/H9cf73549ee14494fbdffe548af68d739o\/230438700\/H9cf73549ee14494fbdffe548af68d739o.jpg?quality=close\"><\/div>\n<div><img decoding=\"async\" src=\"https:\/\/s.alicdn.com\/@sc04\/kf\/H59936e4bf8a84365bae0850709889b3cH\/230438700\/H59936e4bf8a84365bae0850709889b3cH.jpg?quality=close\"><img decoding=\"async\" src=\"https:\/\/s.alicdn.com\/@sc04\/kf\/H59936e4bf8a84365bae0850709889b3cH\/230438700\/H59936e4bf8a84365bae0850709889b3cH.jpg?quality=close\"><img decoding=\"async\" src=\"https:\/\/s.alicdn.com\/@sc04\/kf\/H59936e4bf8a84365bae0850709889b3cH\/230438700\/H59936e4bf8a84365bae0850709889b3cH.jpg?quality=close\"><img decoding=\"async\" src=\"https:\/\/s.alicdn.com\/@sc04\/kf\/Hb6aea77a05ac40ebaaa95ed77e40a245S\/230438700\/Hb6aea77a05ac40ebaaa95ed77e40a245S.png?quality=close\"><\/div>\n<\/div>\n<\/div>\n<\/div>\n<\/div>\n<\/div>\n<\/div>\n<\/div>\n<\/div>\n<\/div>\n<\/div>\n<\/div>\n<\/div>\n<\/div>\n<\/div>\n<\/div>\n","protected":false},"excerpt":{"rendered":"<p>&nbsp;<\/p>\n<div style=\"width: auto;\">\n<div style=\"min-width: 300px; max-width: 300px; word-wrap: break-word; float: left;\">Herkunftsort: Guangdong, China<\/div>\n<div style=\"min-width: 300px; max-width: 300px; word-wrap: break-word; float: left;\">Markenname: urit<\/div>\n<\/div>\n<div style=\"width: auto;\">\n<div style=\"min-width: 300px; max-width: 300px; word-wrap: break-word; float: left;\">Modellnummer: G26<\/div>\n<div style=\"min-width: 300px; max-width: 300px; word-wrap: break-word; float: left;\">Stromquelle: Elektrisch<\/div>\n<\/div>\n<div style=\"width: auto;\">\n<div style=\"min-width: 300px; max-width: 300px; word-wrap: break-word; float: left;\">Garantie: KEINE<\/div>\n<div style=\"min-width: 300px; max-width: 300px; word-wrap: break-word; float: left;\">Kundendienst: KEINE<\/div>\n<\/div>\n<div style=\"width: auto;\">\n<div style=\"min-width: 300px; max-width: 300px; word-wrap: break-word; float: left;\">Stromversorgungsmodus: Eingebauter Akku<\/div>\n<div style=\"min-width: 300px; max-width: 300px; word-wrap: break-word; float: left;\">Material: Kunststoff<\/div>\n<\/div>\n<div style=\"width: auto;\">\n<div style=\"min-width: 300px; max-width: 300px; word-wrap: break-word; float: left;\">Haltbarkeit: 1 Jahre<\/div>\n<div style=\"min-width: 300px; max-width: 300px; word-wrap: break-word; float: left;\">Qualit\u00e4tszertifizierung: ce<\/div>\n<\/div>\n<div style=\"width: auto;\">\n<div style=\"min-width: 300px; max-width: 300px; word-wrap: break-word; float: left;\">Instrumentenklassifizierung: Klasse II<\/div>\n<div style=\"min-width: 300px; max-width: 300px; word-wrap: break-word; float: left;\">Sicherheitsstandard: Keine<\/div>\n<\/div>\n<div style=\"width: auto;\">\n<div style=\"min-width: 300px; max-width: 300px; word-wrap: break-word; float: left;\">Typ: Bluttestger\u00e4te<\/div>\n<div style=\"min-width: 300px; max-width: 300px; word-wrap: break-word; float: left;\">Messbereich: 1,1 mmol\/L-33,3 mmol\/L<\/div>\n<\/div>\n<div style=\"width: auto;\">\n<div style=\"min-width: 300px; max-width: 300px; word-wrap: break-word; float: left;\">Parameter: Blutzucker<\/div>\n<div style=\"min-width: 300px; max-width: 300px; word-wrap: break-word; float: left;\">Probe:\/ven\u00f6ses Vollblut<\/div>\n<\/div>\n<div style=\"width: auto;\">\n<div style=\"min-width: 300px; max-width: 300px; word-wrap: break-word; float: left;\">Testgeschwindigkeit: \u22645 Sekunden<\/div>\n<div style=\"min-width: 300px; max-width: 300px; word-wrap: break-word; float: left;\">Batterielebensdauer: 1000 mal<\/div>\n<\/div>\n","protected":false},"featured_media":6346,"comment_status":"closed","ping_status":"closed","template":"","meta":[],"product_cat":[146],"product_tag":[],"class_list":["post-13108","product","type-product","status-publish","has-post-thumbnail","hentry","product_cat-blutzuckerteststreifen"],"_links":{"self":[{"href":"https:\/\/anbanjia.com.cn\/de\/wp-json\/wp\/v2\/product\/13108","targetHints":{"allow":["GET"]}}],"collection":[{"href":"https:\/\/anbanjia.com.cn\/de\/wp-json\/wp\/v2\/product"}],"about":[{"href":"https:\/\/anbanjia.com.cn\/de\/wp-json\/wp\/v2\/types\/product"}],"replies":[{"embeddable":true,"href":"https:\/\/anbanjia.com.cn\/de\/wp-json\/wp\/v2\/comments?post=13108"}],"wp:featuredmedia":[{"embeddable":true,"href":"https:\/\/anbanjia.com.cn\/de\/wp-json\/wp\/v2\/media\/6346"}],"wp:attachment":[{"href":"https:\/\/anbanjia.com.cn\/de\/wp-json\/wp\/v2\/media?parent=13108"}],"wp:term":[{"taxonomy":"product_cat","embeddable":true,"href":"https:\/\/anbanjia.com.cn\/de\/wp-json\/wp\/v2\/product_cat?post=13108"},{"taxonomy":"product_tag","embeddable":true,"href":"https:\/\/anbanjia.com.cn\/de\/wp-json\/wp\/v2\/product_tag?post=13108"}],"curies":[{"name":"wp","href":"https:\/\/api.w.org\/{rel}","templated":true}]}}