{"id":13101,"date":"2022-05-02T18:02:54","date_gmt":"2022-05-02T18:02:54","guid":{"rendered":"https:\/\/www.anbanjia.com.cn\/product\/grosshandelspreis-taschen-ultraschall-fetal-doppler-fuer-den-heimgebrauch-mit-ce-zertifikat\/"},"modified":"2022-05-02T18:02:54","modified_gmt":"2022-05-02T18:02:54","slug":"groshandelspreis-heimgebrauch-pocket-ultraschall-fotaler-doppler-mit-ce-zertifikat","status":"publish","type":"product","link":"https:\/\/anbanjia.com.cn\/de\/produkt\/groshandelspreis-heimgebrauch-pocket-ultraschall-fotaler-doppler-mit-ce-zertifikat\/","title":{"rendered":"Gro\u00dfhandelspreis Taschen-\/Ultraschall-Fetal-Doppler f\u00fcr den Heimgebrauch mit CE-Zertifikat"},"content":{"rendered":"<div style=\"max-width: 750px; margin: 0 auto;\">\n<div data-maya=\"{\"theme\":{\"face\":\"yin\",\"fontFace\":\"Roboto\",\"fontSize\":22,\"colors\":1},\"items\":[{\"title\":\"yy1dj\",\"formats\":[[[{\"0kx9t\":\"H\"},{\"c8bq7\":\"P\"}]],[{\"qilh2\":\"Ia\"}],[{\"7sbq2\":\"Ia\"}]]},{\"title\":\"yz1bs\",\"formats\":[[{\"lc2g0\":\"Ia\"}],[{\"hv7nx\":\"Ih\"},{\"b5lh4\":\"Ih\"}],[[{\"wzrje\":\"H\"},{\"3m6d3\":\"P\"}]]]},{\"title\":\"2ctbd\",\"formats\":[[{\"q3ha8\":\"Ia\"}],[{\"ya3m5\":\"P\"}],[[{\"t7hj1\":\"H\"},{\"gb57q\":\"P\"}]]]},{\"title\":\"ezhpj\",\"formats\":[]}]}\">\n<div>\n<div style=\"vertical-align: top; padding-top: 15px; padding-bottom: 15px;\">\n<div id=\"yy1dj\" style=\"vertical-align: top; padding-top: 10px; padding-bottom: 10px;\">\n<div id=\"ali-anchor-AliMaya-2bfm7\" style=\"padding: 8px 0 4px 8px; border-bottom: 2px solid #C5CCDE; border-radius: 3px 3px 0 0; line-height: 1; color: #4d6599; background-color: #c5ccde; font-size: 22px;\" data-section=\"AliMaya-2bfm7\" data-section-title=\"Product Description\">Produktbeschreibung<\/div>\n<\/div>\n<div style=\"vertical-align: top; padding-top: 10px; padding-bottom: 10px; margin-right: -4px; margin-left: -4px;\">\n<div style=\"vertical-align: top; box-sizing: border-box; padding-right: 4px; padding-left: 4px; margin-top: -4px; margin-bottom: -4px;\">\n<div id=\"0kx9t\" style=\"vertical-align: top; box-sizing: border-box; padding-top: 4px; padding-bottom: 4px;\">\n<h3 style=\"padding: 0px; line-height: 20px; margin: 0px;\"><span style=\"color: #1f1fff; font-family: Trebuchet MS, sans-serif; font-size: xx-large;\">Taschen-\/Ultraschall-Fetal-Doppler f\u00fcr den Heimgebrauch<\/span><\/h3>\n<\/div>\n<div id=\"c8bq7\" style=\"vertical-align: top; box-sizing: border-box; padding-top: 4px; padding-bottom: 4px;\">\n<p style=\"margin: 0; padding: 0;\">\n<\/div>\n<\/div>\n<\/div>\n<div style=\"vertical-align: top; padding-top: 10px; padding-bottom: 10px; margin-right: -4px; margin-left: -4px;\">\n<div id=\"qilh2\" style=\"vertical-align: top; box-sizing: border-box; padding-right: 4px; padding-left: 4px;\">\n<div style=\"overflow: hidden; width: 750px; height: 442px;\"><img decoding=\"async\" style=\"max-width: 750;\" src=\"https:\/\/anbanjia.com.cn\/wp-content\/uploads\/2022\/05\/HTB1hp1MRFXXXXcvXpXX760XFXXXN.png\" data-src=\"\"><\/div>\n<\/div>\n<\/div>\n<div style=\"vertical-align: top; padding-top: 10px; padding-bottom: 10px; margin-right: -4px; margin-left: -4px;\">\n<div id=\"7sbq2\" style=\"vertical-align: top; box-sizing: border-box; padding-right: 4px; padding-left: 4px;\">\n<div style=\"overflow: hidden; width: 750px; height: 448px;\"><img decoding=\"async\" style=\"width: 750px; height: 448px; margin-left: 0px; margin-top: 0px;\" src=\"https:\/\/anbanjia.com.cn\/wp-content\/uploads\/2022\/05\/HTB1mhKHRFXXXXXOXFXX760XFXXXp.png\" data-src=\"\"><\/div>\n<\/div>\n<\/div>\n<\/div>\n<div style=\"vertical-align: top; padding-top: 15px; padding-bottom: 15px;\">\n<div id=\"yz1bs\" style=\"vertical-align: top; padding-top: 10px; padding-bottom: 10px;\">\n<div id=\"ali-anchor-AliMaya-tlaca\" style=\"padding: 8px 0 4px 8px; border-bottom: 2px solid #C5CCDE; border-radius: 3px 3px 0 0; line-height: 1; color: #4d6599; background-color: #c5ccde; font-size: 22px;\" data-section=\"AliMaya-tlaca\" data-section-title=\"Packing &amp; Delivery\">Verpackung &amp; Lieferung<\/div>\n<\/div>\n<div style=\"vertical-align: top; padding-top: 10px; padding-bottom: 10px; margin-right: -4px; margin-left: -4px;\">\n<div id=\"lc2g0\" style=\"vertical-align: top; box-sizing: border-box; padding-right: 4px; padding-left: 4px;\">\n<div style=\"overflow: hidden; width: 750px; height: 562.5px;\"><img decoding=\"async\" style=\"width: 750px; height: 562.5px; margin-left: 0px; margin-top: 0px;\" src=\"https:\/\/anbanjia.com.cn\/wp-content\/uploads\/2022\/05\/HTB1DSvoRVXXXXc_XXXXq6xXFXXXT.jpg\" data-src=\"\"><\/div>\n<\/div>\n<\/div>\n<div style=\"vertical-align: top; padding-top: 10px; padding-bottom: 10px; margin-right: -4px; margin-left: -4px;\">\n<div id=\"hv7nx\" style=\"vertical-align: top; width: 50%; display: inline-block; box-sizing: border-box; padding-right: 4px; padding-left: 4px;\">\n<div style=\"overflow: hidden; width: 371px; height: 320px;\"><img decoding=\"async\" style=\"width: 426.667px; height: 320px; margin-left: 0px; margin-top: 0px;\" src=\"https:\/\/anbanjia.com.cn\/wp-content\/uploads\/2022\/05\/HTB16jBTQpXXXXXLaXXXq6xXFXXXP.jpg\" data-src=\"\"><\/div>\n<\/div>\n<div id=\"b5lh4\" style=\"vertical-align: top; width: 50%; display: inline-block; box-sizing: border-box; padding-right: 4px; padding-left: 4px;\">\n<div style=\"overflow: hidden; width: 371px; height: 320px;\"><img decoding=\"async\" style=\"width: 426.667px; height: 320px; margin-left: 0px; margin-top: 0px;\" src=\"https:\/\/anbanjia.com.cn\/wp-content\/uploads\/2022\/05\/HTB1OJ4JQpXXXXXcapXXq6xXFXXXh.jpg\" data-src=\"\"><\/div>\n<\/div>\n<\/div>\n<div style=\"vertical-align: top; padding-top: 10px; padding-bottom: 10px; margin-right: -4px; margin-left: -4px;\">\n<div style=\"vertical-align: top; box-sizing: border-box; padding-right: 4px; padding-left: 4px; margin-top: -4px; margin-bottom: -4px;\">\n<div id=\"wzrje\" style=\"vertical-align: top; box-sizing: border-box; padding-top: 4px; padding-bottom: 4px;\"><span style=\"color: #ff0000; font-family: Verdana, Geneva; font-size: xx-large;\"><b>DHL\/FedEx\/TNT\/Airline usw. ist verf\u00fcgbar. H\u00e4ngt von Ihrer Quantit\u00e4t ab.<\/b><\/span><\/div>\n<div id=\"3m6d3\" style=\"vertical-align: top; box-sizing: border-box; padding-top: 4px; padding-bottom: 4px;\"><\/div>\n<\/div>\n<\/div>\n<\/div>\n<div style=\"vertical-align: top; padding-top: 15px; padding-bottom: 15px;\">\n<div id=\"2ctbd\" style=\"vertical-align: top; padding-top: 10px; padding-bottom: 10px;\">\n<div id=\"ali-anchor-AliMaya-8moo1\" style=\"padding: 8px 0 4px 8px; border-bottom: 2px solid #C5CCDE; border-radius: 3px 3px 0 0; line-height: 1; color: #4d6599; background-color: #c5ccde; font-size: 22px;\" data-section=\"AliMaya-8moo1\" data-section-title=\"About Anbanjia\">\u00dcber Anbanjia<\/div>\n<\/div>\n<div style=\"vertical-align: top; padding-top: 10px; padding-bottom: 10px; margin-right: -4px; margin-left: -4px;\">\n<div id=\"q3ha8\" style=\"vertical-align: top; box-sizing: border-box; padding-right: 4px; padding-left: 4px;\">\n<div style=\"overflow: hidden; width: 750px; height: 499.5px;\"><img decoding=\"async\" style=\"width: 750px; height: 499.5px; margin-left: 0px; margin-top: 0px;\" src=\"https:\/\/anbanjia.com.cn\/wp-content\/uploads\/2022\/05\/HTB1QRbPQXXXXXXlaXXXq6xXFXXXn.jpg\" data-src=\"\"><\/div>\n<\/div>\n<\/div>\n<div style=\"vertical-align: top; padding-top: 10px; padding-bottom: 10px; margin-right: -4px; margin-left: -4px;\">\n<div id=\"ya3m5\" style=\"vertical-align: top; box-sizing: border-box; padding-right: 4px; padding-left: 4px;\">\n<p style=\"margin: 0; padding: 0;\"><span style=\"color: #005fbf; font-size: large;\">1. mehr auftrag, mehr rabatt, konkurrenzf\u00e4higer preis!<br \/>\n2.Willkommen, um mit uns in Verbindung zu treten, um einen besseren Preis zu erhalten!<br \/>\n3.Guter Service, schnelle Lieferung, und wir sind es wert, vertraut zu werden.<br \/>\n4.Wir k\u00f6nnen garantieren, dass Sie mit unseren Produkten zufrieden sein werden.<br \/>\n5. Wir behandeln Kunden wie Freunde und bieten Ihnen einen beachtlichen Service.<br \/>\n6. Wir sind ein Verkaufsteam mit professioneller medizinischer Versorgung und technischer Unterst\u00fctzung durch ein Ingenieurteam.<\/span><\/p>\n<\/div>\n<\/div>\n<div style=\"vertical-align: top; padding-top: 10px; padding-bottom: 10px; margin-right: -4px; margin-left: -4px;\">\n<div style=\"vertical-align: top; box-sizing: border-box; padding-right: 4px; padding-left: 4px; margin-top: -4px; margin-bottom: -4px;\">\n<div id=\"t7hj1\" style=\"vertical-align: top; box-sizing: border-box; padding-top: 4px; padding-bottom: 4px;\">\n<h3 style=\"padding: 0px; line-height: 20px; font-weight: bold; color: #333333; margin: 0px;\"><span style=\"font-family: Verdana, Geneva; font-size: xx-large;\">W\u00e4hlen Sie uns nicht nur f\u00fcr Unternehmen<\/span><\/h3>\n<\/div>\n<div id=\"gb57q\" style=\"vertical-align: top; box-sizing: border-box; padding-top: 4px; padding-bottom: 4px;\">\n<p style=\"margin: 0; padding: 0;\"><span style=\"color: #004f9f; font-family: Verdana, Geneva; font-size: large;\">Wir k\u00fcmmern uns ernsthaft um Ihre Bestellung und sch\u00e4tzen jede an uns gesendete Anfrage, um einen schnellen wettbewerbsf\u00e4higen Preis zu gew\u00e4hrleisten.<br \/>\nP\u00fcnktliche Lieferzeit:<br \/>\n&#8211; Wir geben Ihre Bestellung auf und handeln sofort, stellen Ihre p\u00fcnktliche Lieferzeit sicher<\/p>\n<p>\u00dcberpr\u00fcfen Sie vor dem Versand:<br \/>\n&#8211; Unsere Inspektionskollegen \u00fcberpr\u00fcfen die Qualit\u00e4t vor dem Verpacken zum Versand. Wir machen eine Versandbenachrichtigung, sobald Ihre Bestellung versandt wurde<\/p>\n<p>Kundendienst :<br \/>\nWir freuen uns \u00fcber Ihre Anfrage zur Ware und respektieren Ihr Feedback nach Erhalt der Ware.<\/span><\/p>\n<\/div>\n<\/div>\n<\/div>\n<\/div>\n<div style=\"vertical-align: top; padding-top: 15px; padding-bottom: 15px;\">\n<div id=\"ezhpj\" style=\"vertical-align: top; padding-top: 10px; padding-bottom: 10px;\">\n<div id=\"ali-anchor-AliMaya-aq6kz\" style=\"padding: 8px 0 4px 8px; border-bottom: 2px solid #C5CCDE; border-radius: 3px 3px 0 0; line-height: 1; color: #4d6599; background-color: #c5ccde; font-size: 22px;\" data-section=\"AliMaya-aq6kz\" data-section-title=\"Contact Information\">Kontaktinformation<\/div>\n<div data-section=\"AliMaya-aq6kz\" data-section-title=\"Contact Information\"><\/div>\n<\/div>\n<\/div>\n<\/div>\n<\/div>\n<\/div>\n","protected":false},"excerpt":{"rendered":"<p>&nbsp;<\/p>\n<div style=\"width: auto;\">\n<div style=\"min-width: 300px; max-width: 300px; word-wrap: break-word; float: left;\">Herkunftsort: Guangdong, China<\/div>\n<div style=\"min-width: 300px; max-width: 300px; word-wrap: break-word; float: left;\">Markenname: Anbanjia<\/div>\n<\/div>\n<div style=\"width: auto;\">\n<div style=\"min-width: 300px; max-width: 300px; word-wrap: break-word; float: left;\">Modellnummer: ABJ-706L<\/div>\n<div style=\"min-width: 300px; max-width: 300px; word-wrap: break-word; float: left;\">Typ: Doppler-Ultraschallger\u00e4t<\/div>\n<\/div>\n<div style=\"width: auto;\">\n<div style=\"min-width: 300px; max-width: 300px; word-wrap: break-word; float: left;\">Anzeige: TFT\/LCD<\/div>\n<div style=\"min-width: 300px; max-width: 300px; word-wrap: break-word; float: left;\">Ultraschallfrequenz: 2,5 MHz<\/div>\n<\/div>\n","protected":false},"featured_media":12602,"comment_status":"closed","ping_status":"closed","template":"","meta":[],"product_cat":[151],"product_tag":[],"class_list":["post-13101","product","type-product","status-publish","has-post-thumbnail","hentry","product_cat-fetaler-doppler"],"_links":{"self":[{"href":"https:\/\/anbanjia.com.cn\/de\/wp-json\/wp\/v2\/product\/13101","targetHints":{"allow":["GET"]}}],"collection":[{"href":"https:\/\/anbanjia.com.cn\/de\/wp-json\/wp\/v2\/product"}],"about":[{"href":"https:\/\/anbanjia.com.cn\/de\/wp-json\/wp\/v2\/types\/product"}],"replies":[{"embeddable":true,"href":"https:\/\/anbanjia.com.cn\/de\/wp-json\/wp\/v2\/comments?post=13101"}],"wp:featuredmedia":[{"embeddable":true,"href":"https:\/\/anbanjia.com.cn\/de\/wp-json\/wp\/v2\/media\/12602"}],"wp:attachment":[{"href":"https:\/\/anbanjia.com.cn\/de\/wp-json\/wp\/v2\/media?parent=13101"}],"wp:term":[{"taxonomy":"product_cat","embeddable":true,"href":"https:\/\/anbanjia.com.cn\/de\/wp-json\/wp\/v2\/product_cat?post=13101"},{"taxonomy":"product_tag","embeddable":true,"href":"https:\/\/anbanjia.com.cn\/de\/wp-json\/wp\/v2\/product_tag?post=13101"}],"curies":[{"name":"wp","href":"https:\/\/api.w.org\/{rel}","templated":true}]}}