{"id":13086,"date":"2022-05-02T18:02:53","date_gmt":"2022-05-02T18:02:53","guid":{"rendered":"https:\/\/www.anbanjia.com.cn\/product\/ultraschall-babycare-heimdiagnosegeraete-der-neuen-generation-taschen-fetal-doppler\/"},"modified":"2022-05-02T18:02:53","modified_gmt":"2022-05-02T18:02:53","slug":"ultraschall-babycare-heimdiagnostikgerate-pocket-fetal-doppler-der-neuen-generation","status":"publish","type":"product","link":"https:\/\/anbanjia.com.cn\/de\/produkt\/ultraschall-babycare-heimdiagnostikgerate-pocket-fetal-doppler-der-neuen-generation\/","title":{"rendered":"Ultraschall-Babycare-Heimdiagnoseger\u00e4te der neuen Generation Taschen-Fetal-Doppler"},"content":{"rendered":"<div style=\"max-width: 750px; margin: 0 auto;\">\n<div id=\"detail_decorate_root\" data-magic-global=\"%7B%22bizId%22%3A3215165050%2C%22pageId%22%3A20071649935%2C%22siteId%22%3A5005610021%7D\">\n<div class=\"J_module\">\n<div class=\"detail-decorate-json-renderer-container\">\n<div class=\"magic-1\">\n<h3 class=\"magic-2\"><\/h3>\n<h3 class=\"magic-3\"><span style=\"color: #1f57ff; font-family: Arial, Helvetica; font-size: xx-large;\">Ultraschall-Babycare-Heimdiagnoseger\u00e4te der neuen Generation Taschen-Fetal-Doppler <\/span><\/h3>\n<div class=\"magic-4\">\n<div class=\"magic-5\">\n<div class=\"magic-6\"><\/div>\n<\/div>\n<\/div>\n<\/div>\n<\/div>\n<\/div>\n<div class=\"J_module\">\n<div class=\"detail-decorate-json-renderer-container\">\n<div class=\"magic-1\">\n<h3 class=\"magic-2\"><\/h3>\n<h3 class=\"magic-7\"><span style=\"font-family: Arial, Helvetica; font-size: x-large;\">Unser f\u00f6taler Doppler hat 4 Modelle: 703,703L,706, 706L <\/span><\/h3>\n<div><span style=\"font-family: Arial, Helvetica; font-size: x-large;\">K\u00e4uferhinweis: Wir erhalten das Zertifikat w\u00e4hrend des Bewerbungsprozesses immer noch nicht<\/span><\/div>\n<div class=\"magic-4\">\n<div class=\"magic-5\">\n<div class=\"magic-6\"><\/div>\n<\/div>\n<\/div>\n<\/div>\n<\/div>\n<\/div>\n<div class=\"J_module\">\n<div class=\"icbu-pc-images magic-8\">\n<div class=\"flex-layout-h\">\n<div class=\"flex-layout-v magic-9\">\n<div class=\"magic-10\"><img decoding=\"async\" class=\"magic-11\" style=\"max-width: 750;\" src=\"https:\/\/anbanjia.com.cn\/wp-content\/uploads\/2022\/05\/HTB1c2zka3vD8KJjSsplq6yIEFXaX.jpg\" data-src=\"\"><\/div>\n<\/div>\n<div class=\"text-wrapper magic-12\">\n<div class=\"text-wrapper-right text-theme-light text-align-left\">\n<div class=\"text-title\">\n<h3 class=\"magic-13\"><span style=\"font-family: Arial, Helvetica;\">703 Arten detaillierte Einf\u00fchrungen:<\/p>\n<p>01. Hochempfindliche Doppler-Sonde, genaue FHF-Erkennung<br \/>\n02.Low Ultraschallleistung, sicher f\u00fcr den F\u00f6tus<br \/>\n03.Optionaler Anzeigebildschirm (Wert\/Diagramm)<br \/>\n04.Automatische Abschaltung in 1 Minute<br \/>\n05. Anzeige: 1,77 Zoll TFT<br \/>\n06. Ultraschallfrequenz: 2,125 MHz-2,875 MHz<br \/>\n07. Umfassende Sensibilit\u00e4t:&gt; 90dB<br \/>\n08.FHR Bereich: 50\/min~210\/min<br \/>\n09. Anzeigeaufl\u00f6sung: 1 bpm<br \/>\n10.FHR-Erkennungsabweichung: -2\/min~+2\/min<br \/>\n11.Sonde und Doppler sind getrennt, einfacher zu bedienen<br \/>\n12. Wasserdichte Sonde<\/span><\/h3>\n<\/div>\n<\/div>\n<\/div>\n<\/div>\n<\/div>\n<\/div>\n<div class=\"J_module\">\n<div class=\"icbu-pc-images magic-8\">\n<div>\n<div class=\"flex-layout-h\">\n<div class=\"text-wrapper magic-15\">\n<div class=\"text-wrapper-left text-theme-light text-align-left\">\n<div class=\"text-title\">\n<h3 class=\"magic-13\"><\/h3>\n<\/div>\n<div class=\"text-content\">\n<p class=\"magic-14\"><span class=\"magic-16\"><b><span style=\"font-family: Arial, Helvetica; font-size: medium;\">01. Hochempfindliche Doppler-Sonde, genaue FHF-Erkennung <\/span><\/b><\/span><\/p>\n<p class=\"magic-14\"><b><span style=\"font-family: Arial, Helvetica; font-size: medium;\">02.Low Ultraschallleistung, sicher f\u00fcr den F\u00f6tus<br \/>\n03.Optionaler Anzeigebildschirm (Wert\/Diagramm)<br \/>\n04.Automatische Abschaltung in 1 Minute<br \/>\n05. Anzeige: 1,77 Zoll TFT<br \/>\n06.Ultraschallfrequenz: 2,125 MHz-2,875 MHz<br \/>\n07. Umfassende Sensibilit\u00e4t:&gt; 90dB<br \/>\n08.FHR Bereich: 50\/min~210\/min<br \/>\n09. Anzeigeaufl\u00f6sung: 1 bpm<br \/>\n10.FHR-Erkennungsabweichung: -2\/min~+2\/min<br \/>\n11.Sonde und Doppler sind getrennt, einfacher zu bedienen<br \/>\n12. Wasserdichte Sonde<\/span><\/b><span style=\"font-family: Times New Roman, Times; font-size: medium;\"><b><br \/>\n<\/b><\/span><\/p>\n<\/div>\n<\/div>\n<\/div>\n<div class=\"flex-layout-v magic-9\">\n<div class=\"magic-10\"><img decoding=\"async\" class=\"magic-17\" src=\"https:\/\/anbanjia.com.cn\/wp-content\/uploads\/2022\/05\/HTB1um51QFXXXXaQXpXXq6xXFXXXU.jpg\" data-src=\"\"><\/div>\n<\/div>\n<\/div>\n<\/div>\n<\/div>\n<\/div>\n<div class=\"J_module\">\n<div class=\"icbu-pc-images magic-8\">\n<div class=\"flex-layout-h\">\n<div class=\"flex-layout-v magic-9\">\n<div class=\"magic-10\"><\/div>\n<\/div>\n<div class=\"text-wrapper magic-12\">\n<div class=\"text-wrapper-right text-theme-light text-align-left\">\n<div class=\"text-title\">\n<h3 class=\"magic-13\">01. Hochempfindliche Doppler-Sonde, genaue FHF-Erkennung<br \/>\n02.Low Ultraschallleistung, sicher f\u00fcr den F\u00f6tus<br \/>\n03.Optionaler Anzeigebildschirm (Wert\/Diagramm)<br \/>\n04.Automatische Abschaltung in 1 Minute<br \/>\n05. Anzeige: 1,3 Zoll LCD<br \/>\n06.Ultraschallfrequenz: 2,125 MHz-2,875 MHz<br \/>\n07. Umfassende Sensibilit\u00e4t:&gt; 90dB<br \/>\n08.FHR Bereich: 50\/min~210\/min<br \/>\n09. Anzeigeaufl\u00f6sung: 1 bpm<br \/>\n10.FHR-Erkennungsabweichung: -2\/min~+2\/min<br \/>\n11.Sonde und Doppler sind getrennt, einfacher zu bedienen<br \/>\n12. Wasserdichte Sonde<\/h3>\n<\/div>\n<div class=\"text-content\">\n<p class=\"magic-14\"><img decoding=\"async\" src=\"https:\/\/s.alicdn.com\/@sc02\/kf\/HTB1g.Tga8DH8KJjSszcq6zDTFXa9\/230438700\/HTB1g.Tga8DH8KJjSszcq6zDTFXa9.jpg?quality=close\"><\/p>\n<\/div>\n<\/div>\n<\/div>\n<\/div>\n<\/div>\n<\/div>\n<div class=\"J_module\">\n<div class=\"icbu-pc-images magic-8\">\n<div class=\"flex-layout-h\">\n<div class=\"text-wrapper magic-15\">\n<div class=\"text-wrapper-left text-theme-light text-align-left\">\n<div class=\"text-title\">\n<h3 class=\"magic-13\">01. Hochempfindliche Doppler-Sonde, genaue FHF-Erkennung<br \/>\n02.Low Ultraschallleistung, sicher f\u00fcr den F\u00f6tus<br \/>\n03.Optionaler Anzeigebildschirm (Wert\/Diagramm)<br \/>\n04.Automatische Abschaltung in 1 Minute<br \/>\n05. Anzeige: 1,3 Zoll LCD<br \/>\n06.Ultraschallfrequenz: 2,125 MHz-2,875 MHz<br \/>\n07. Umfassende Sensibilit\u00e4t:&gt; 90dB<br \/>\n08.FHR Bereich: 50\/min~210\/min<br \/>\n09. Anzeigeaufl\u00f6sung: 1 bpm<br \/>\n10.FHR-Erkennungsabweichung: -2\/min~+2\/min<br \/>\n11.Sonde und Doppler sind getrennt, einfacher zu bedienen<br \/>\n12. Wasserdichte Sonde<\/h3>\n<\/div>\n<div class=\"text-content\">\n<p class=\"magic-14\">\n<\/div>\n<\/div>\n<\/div>\n<div class=\"flex-layout-v magic-9\">\n<div class=\"magic-10\"><\/div>\n<\/div>\n<\/div>\n<\/div>\n<\/div>\n<div class=\"J_module\">\n<div class=\"detail-decorate-json-renderer-container\">\n<div class=\"magic-1\">\n<div class=\"magic-4\">\n<div class=\"magic-5\">\n<div class=\"magic-6\">\n<p class=\"magic-14\">\n<p class=\"magic-14\"><b><span style=\"font-family: Arial, Helvetica; font-size: medium;\">1. Die Ultraschalldosis liegt unter 50% des nationalen Ultraschallleistungsstandards;<br \/>\n2. Geringes Gewicht, H\u00f6rer, tragbar;<br \/>\n3. Gro\u00dfes LCD-Display mit blauer Hintergrundbeleuchtung;<br \/>\n4. Eingebauter Lautsprecher, deutlicher und lauter;<br \/>\n5.Unterst\u00fctzt 2 MHz, 2,5 MHz, 3 MHz wasserdichte Sonde, genau<br \/>\n6.FHR-Erkennung mit klarem Ton;<br \/>\n7. Monitor 12 Wochen \u00fcber dem Pulsieren der Blutwand des ungeborenen Babys;<\/span><\/b><span style=\"font-family: Times New Roman, Times; font-size: large;\"><b><br \/>\n<\/b><\/span><\/p>\n<p class=\"magic-14\"><span style=\"font-family: Arial, Helvetica; font-size: large;\"><b> <\/b><\/span><\/p>\n<p class=\"magic-14\"><span style=\"font-family: Arial, Helvetica; font-size: large;\"><b>Merkmale des Ultraschall-Fetaldopplers:<\/b><\/span><\/p>\n<p class=\"magic-14\"><span style=\"font-family: Arial, Helvetica; font-size: medium;\"><b>Sicher: Die Ultraschalldosierung liegt unter 50 % des nationalen Standards<br \/>\nBequemlichkeit: Kleine Gr\u00f6\u00dfe, praktisch f\u00fcr die \u00dcberwachung mehrerer Betten und die Diagnose von au\u00dfen<br \/>\nEmpfindlichkeit: \u00dcberwachung 12 Wochen \u00fcber dem Herzschlag des ungeborenen F\u00f6tus.<br \/>\nWirtschaftlich: Nehmen Sie mit einem professionellen Ladeger\u00e4t Akku an, um effektiv Kosten zu sparen, und k\u00f6nnen Sie auch 9,6-V-Einwegbatterien verwenden.<br \/>\nPraktisch: Einzigartiger Netzwerk-Terminaldienst, kann das zentrale Netzwerk im Krankenhaus durch Einwahl zu Hause verbinden, zeitnaher, zuverl\u00e4ssiger und genauer f\u00fcr die \u00dcberwachung des F\u00f6tus.<\/b><\/span><\/p>\n<p><img decoding=\"async\" src=\"https:\/\/s.alicdn.com\/@sc01\/kf\/HTB1Ika2dyQnBKNjSZFmq6AApVXa4\/230438700\/HTB1Ika2dyQnBKNjSZFmq6AApVXa4.jpg?quality=close\"><img decoding=\"async\" src=\"https:\/\/s.alicdn.com\/@sc02\/kf\/HTB16OxVdqAoBKNjSZSyq6yHAVXaX\/230438700\/HTB16OxVdqAoBKNjSZSyq6yHAVXaX.jpg?quality=close\"><img decoding=\"async\" src=\"https:\/\/s.alicdn.com\/@sc01\/kf\/HTB1um51QFXXXXaQXpXXq6xXFXXXU\/230438700\/HTB1um51QFXXXXaQXpXXq6xXFXXXU.jpg?quality=close\"><img decoding=\"async\" src=\"https:\/\/s.alicdn.com\/@sc02\/kf\/HTB1g.Tga8DH8KJjSszcq6zDTFXa9\/230438700\/HTB1g.Tga8DH8KJjSszcq6zDTFXa9.jpg?quality=close\"><img decoding=\"async\" src=\"https:\/\/s.alicdn.com\/@sc01\/kf\/HTB1wk5FQFXXXXXVXVXXq6xXFXXX0\/230438700\/HTB1wk5FQFXXXXXVXVXXq6xXFXXX0.jpg?quality=close\"><img decoding=\"async\" src=\"https:\/\/s.alicdn.com\/@sc01\/kf\/HTB1viKvQFXXXXa2aXXXq6xXFXXXV\/230438700\/HTB1viKvQFXXXXa2aXXXq6xXFXXXV.jpg?quality=close\"><\/p>\n<h3 class=\"magic-26\"><span style=\"color: #5f5fff; font-size: xx-large;\">Ihre Gesundheit liegt uns sehr am Herzen <\/span><\/h3>\n<div><span style=\"color: #0000df; font-size: xx-large;\"> <\/span><\/div>\n<div class=\"magic-4\">\n<div class=\"magic-5\">\n<div class=\"magic-6\">\n<p class=\"magic-14\" data-spm-anchor-id=\"a2700.details.0.i32.5db348b3VQG5RF\"><b><span style=\"color: #000f3f; font-size: large;\">Schlie\u00dfen Sie und geben Sie Ihnen den besten Service, damit Sie das Ger\u00e4t besser nutzen und das Gesundheitstraining absolvieren k\u00f6nnen. Wir helfen Kunden bei der Verwendung medizinischer Ger\u00e4te und unterrichten professionelle medizinische Versorgung <\/span><\/b><img decoding=\"async\" src=\"https:\/\/s.alicdn.com\/@sc02\/kf\/HTB1_gauQpXXXXXQXXXXq6xXFXXXA\/230438700\/HTB1_gauQpXXXXXQXXXXq6xXFXXXA.jpg?quality=close\"><img decoding=\"async\" src=\"https:\/\/s.alicdn.com\/@sc01\/kf\/HTB1wKd.QpXXXXbiXFXXq6xXFXXXq\/230438700\/HTB1wKd.QpXXXXbiXFXXq6xXFXXXq.jpg?quality=close\"><img decoding=\"async\" src=\"https:\/\/s.alicdn.com\/@sc01\/kf\/HTB1Je9WQpXXXXafXpXXq6xXFXXX1\/230438700\/HTB1Je9WQpXXXXafXpXXq6xXFXXX1.jpg?quality=close\"><img decoding=\"async\" src=\"https:\/\/s.alicdn.com\/@sc01\/kf\/HTB1h3vHQXXXXXXWapXXq6xXFXXXC\/230438700\/HTB1h3vHQXXXXXXWapXXq6xXFXXXC.jpg?quality=close\"><img decoding=\"async\" src=\"https:\/\/s.alicdn.com\/@sc01\/kf\/HTB16jBTQpXXXXXLaXXXq6xXFXXXP\/230438700\/HTB16jBTQpXXXXXLaXXXq6xXFXXXP.jpg?quality=close\"><\/p>\n<div class=\"magic-34\"><span style=\"color: #003fff; font-size: x-large;\"><span class=\"magic-35\"><b>Unser Lager &#8211; Check vor dem Versand<\/b><\/span><\/span><\/div>\n<div class=\"magic-36\"><span class=\"magic-35\"><span style=\"font-size: large;\"><b>     <\/b><\/span><\/span><\/div>\n<div class=\"magic-36\" data-spm-anchor-id=\"a2700.details.0.i38.5db348b3VQG5RF\"><span class=\"magic-35\"><span style=\"font-size: large;\"><b> gut gemacht die verpackung, kontrolle und inspektion, bevor wir die waren an ihre orte versenden <\/b><\/span><\/span><\/div>\n<div data-spm-anchor-id=\"a2700.details.0.i38.5db348b3VQG5RF\"><img decoding=\"async\" src=\"https:\/\/s.alicdn.com\/@sc02\/kf\/HTB11KSMQFXXXXaCXFXXq6xXFXXXa\/230438700\/HTB11KSMQFXXXXaCXFXXq6xXFXXXa.jpg?quality=close\"><img decoding=\"async\" src=\"https:\/\/s.alicdn.com\/@sc02\/kf\/HTB11KSMQFXXXXaCXFXXq6xXFXXXa\/230438700\/HTB11KSMQFXXXXaCXFXXq6xXFXXXa.jpg?quality=close\"><\/div>\n<div data-spm-anchor-id=\"a2700.details.0.i38.5db348b3VQG5RF\">\n<div class=\"text-title\">\n<h3 class=\"magic-39\"><span style=\"color: #003fff;\"><span style=\"font-size: x-large;\" data-spm-anchor-id=\"a2700.details.0.i41.5db348b3VQG5RF\"> <\/span><span style=\"font-size: x-large;\">Das ist unsere Ausbildung <\/span><\/span><\/h3>\n<div><\/div>\n<\/div>\n<div class=\"text-content\">\n<p class=\"magic-14\"><b><span style=\"font-size: large;\">Gehen Sie zu Drogerien, Krankenh\u00e4usern, Kliniken, medizinischen Gesch\u00e4ften und Plattformen, auf denen wir zusammenarbeiten, um Schulungen durchzuf\u00fchren, Kunden beizubringen, wie man sie gut benutzt und bedient, um professionelle Vorschl\u00e4ge zu machen<\/span> <span style=\"font-size: medium;\">.<\/span><\/b><\/p>\n<p><img decoding=\"async\" src=\"https:\/\/s.alicdn.com\/@sc01\/kf\/HTB16wWrQpXXXXchXXXXq6xXFXXXw\/230438700\/HTB16wWrQpXXXXchXXXXq6xXFXXXw.jpg?quality=close\"><\/p>\n<p class=\"magic-14\"><span style=\"color: #003fff; font-size: large;\"><b data-spm-anchor-id=\"a2700.details.0.i43.5db348b3VQG5RF\">Ihr Problem, das wir l\u00f6sen &#8211;FAQ<\/b><\/span><\/p>\n<p class=\"magic-14\"><b><span style=\"font-size: large;\">Q1. Was ist Ihr Paket<br \/>\nA: Starke braune Box<br \/>\nQ2. Wie lauten Ihre Zahlungsbedingungen?<br \/>\nA: T\/T 30 % als Anzahlung und 70 % vor Lieferung, wenn das Konto mehr als 10.000,00 US-Dollar betr\u00e4gt<br \/>\n<\/span><\/b><\/p>\n<p class=\"magic-14\"><b><span style=\"font-size: large;\">Q3. Wie lauten Ihre Lieferbedingungen?<br \/>\nA: EXW, UHRKETTE, CIF<br \/>\nQ4. Wie sieht es mit Ihrer Lieferzeit aus?<br \/>\nA: Im Allgemeinen dauert es 3-5 Werktage nach Erhalt Ihrer Vorauszahlung. Die spezifische Lieferzeit h\u00e4ngt davon ab<br \/>\nauf die Artikel und die Menge Ihrer Bestellung.<br \/>\nQ6. Testen Sie alle Ihre Waren vor der Auslieferung?<br \/>\nA: Ja, wir haben einen 100%-Test vor der Auslieferung<br \/>\nQ7: Wie machen Sie unser Gesch\u00e4ft zu einer langfristigen und guten Beziehung?<br \/>\nA:1. Wir halten gute Qualit\u00e4t und den wettbewerbsf\u00e4higsten Preis, um sicherzustellen, dass unsere Kunden davon profitieren.<br \/>\nA:2. Wir respektieren jeden Kunden als unseren Freund und machen aufrichtig Gesch\u00e4fte und schlie\u00dfen Freundschaften mit ihnen.<br \/>\negal woher sie kommen.<\/span><\/b><\/p>\n<p class=\"magic-14\">\n<span style=\"color: #1f57ff; font-size: large;\"><b>W\u00e4hlen Sie uns :<\/b><\/span><\/p>\n<p class=\"magic-14\"><span class=\"magic-16\"><b><span style=\"font-size: large;\">Wir k\u00fcmmern uns ernsthaft um Ihre Bestellung und sch\u00e4tzen jede an uns gesendete Anfrage, um einen schnellen wettbewerbsf\u00e4higen Preis zu gew\u00e4hrleisten.<\/span><\/b><\/span><\/p>\n<p class=\"magic-14\"><b><span style=\"font-size: large;\">P\u00fcnktliche Lieferzeit:<\/span><\/b><\/p>\n<p class=\"magic-14\"><b><span style=\"font-size: large;\">&#8211; Wir geben Ihre Bestellung auf und handeln sofort, stellen Ihre p\u00fcnktliche Lieferzeit sicher <\/span><\/b><\/p>\n<p class=\"magic-14\"><b><span style=\"font-size: large;\">\u00dcberpr\u00fcfen Sie vor dem Versand:<\/span><\/b><\/p>\n<p class=\"magic-14\"><b><span style=\"font-size: large;\">&#8211; Unsere Inspektionskollegen \u00fcberpr\u00fcfen die Qualit\u00e4t vor dem Verpacken zum Versand. Wir machen eine Versandbenachrichtigung, sobald Ihre Bestellung versandt wurde<\/span><\/b><\/p>\n<p class=\"magic-14\"><b><span style=\"font-size: large;\">Kundendienst :<\/span><\/b><\/p>\n<p class=\"magic-14\"><b><span style=\"font-size: large;\">Wir freuen uns \u00fcber Ihre Anfrage zur Ware und respektieren Ihr Feedback nach Erhalt der Ware.<\/span><\/b><img decoding=\"async\" src=\"https:\/\/s.alicdn.com\/@sc04\/kf\/Ha43def8a2df44eac925e2c3ab5a1b97b2\/230438700\/Ha43def8a2df44eac925e2c3ab5a1b97b2.jpg?quality=close\"><\/p>\n<p><img decoding=\"async\" src=\"https:\/\/s.alicdn.com\/@sc01\/kf\/HTB1SbjDoQ9WBuNjSspeq6yz5VXaM\/230438700\/HTB1SbjDoQ9WBuNjSspeq6yz5VXaM.jpg?quality=close\"><\/p>\n<\/div>\n<\/div>\n<\/div>\n<\/div>\n<\/div>\n<\/div>\n<\/div>\n<\/div>\n<\/div>\n<\/div>\n<\/div>\n<\/div>\n<\/div>\n","protected":false},"excerpt":{"rendered":"<p>&nbsp;<\/p>\n<div style=\"width: auto;\">\n<div style=\"min-width: 300px; max-width: 300px; word-wrap: break-word; float: left;\">Herkunftsort: Guangdong, China<\/div>\n<div style=\"min-width: 300px; max-width: 300px; word-wrap: break-word; float: left;\">Markenname: OEM, Anbanjia medical<\/div>\n<\/div>\n<div style=\"width: auto;\">\n<div style=\"min-width: 300px; max-width: 300px; word-wrap: break-word; float: left;\">Modellnummer: ABJ-703<\/div>\n<div style=\"min-width: 300px; max-width: 300px; word-wrap: break-word; float: left;\">Stromquelle: Elektrisch<\/div>\n<\/div>\n<div style=\"width: auto;\">\n<div style=\"min-width: 300px; max-width: 300px; word-wrap: break-word; float: left;\">Garantie: KEINE<\/div>\n<div style=\"min-width: 300px; max-width: 300px; word-wrap: break-word; float: left;\">Kundendienst: KEINE<\/div>\n<\/div>\n<div style=\"width: auto;\">\n<div style=\"min-width: 300px; max-width: 300px; word-wrap: break-word; float: left;\">Material: Kunststoff<\/div>\n<div style=\"min-width: 300px; max-width: 300px; word-wrap: break-word; float: left;\">Haltbarkeit: 6 Monate<\/div>\n<\/div>\n<div style=\"width: auto;\">\n<div style=\"min-width: 300px; max-width: 300px; word-wrap: break-word; float: left;\">Qualit\u00e4tszertifizierung: ce<\/div>\n<div style=\"min-width: 300px; max-width: 300px; word-wrap: break-word; float: left;\">Instrumentenklassifizierung: Klasse I<\/div>\n<\/div>\n<div style=\"width: auto;\">\n<div style=\"min-width: 300px; max-width: 300px; word-wrap: break-word; float: left;\">Sicherheitsstandard: Keine<\/div>\n<div style=\"min-width: 300px; max-width: 300px; word-wrap: break-word; float: left;\">Typ: Doppler-Ultraschallger\u00e4t<\/div>\n<\/div>\n<div style=\"width: auto;\">\n<div style=\"min-width: 300px; max-width: 300px; word-wrap: break-word; float: left;\">Zertifikat: CE, ISO<\/div>\n<div style=\"min-width: 300px; max-width: 300px; word-wrap: break-word; float: left;\">Anzeige: 45 mm x 25 mm LCD<\/div>\n<\/div>\n<div style=\"width: auto;\">\n<div style=\"min-width: 300px; max-width: 300px; word-wrap: break-word; float: left;\">FHF Messbereich:50-210\/min<\/div>\n<div style=\"min-width: 300px; max-width: 300px; word-wrap: break-word; float: left;\">Ultraschallfrequenz: 2,5 MHz<\/div>\n<\/div>\n","protected":false},"featured_media":6812,"comment_status":"closed","ping_status":"closed","template":"","meta":[],"product_cat":[151],"product_tag":[],"class_list":["post-13086","product","type-product","status-publish","has-post-thumbnail","hentry","product_cat-fetaler-doppler"],"_links":{"self":[{"href":"https:\/\/anbanjia.com.cn\/de\/wp-json\/wp\/v2\/product\/13086","targetHints":{"allow":["GET"]}}],"collection":[{"href":"https:\/\/anbanjia.com.cn\/de\/wp-json\/wp\/v2\/product"}],"about":[{"href":"https:\/\/anbanjia.com.cn\/de\/wp-json\/wp\/v2\/types\/product"}],"replies":[{"embeddable":true,"href":"https:\/\/anbanjia.com.cn\/de\/wp-json\/wp\/v2\/comments?post=13086"}],"wp:featuredmedia":[{"embeddable":true,"href":"https:\/\/anbanjia.com.cn\/de\/wp-json\/wp\/v2\/media\/6812"}],"wp:attachment":[{"href":"https:\/\/anbanjia.com.cn\/de\/wp-json\/wp\/v2\/media?parent=13086"}],"wp:term":[{"taxonomy":"product_cat","embeddable":true,"href":"https:\/\/anbanjia.com.cn\/de\/wp-json\/wp\/v2\/product_cat?post=13086"},{"taxonomy":"product_tag","embeddable":true,"href":"https:\/\/anbanjia.com.cn\/de\/wp-json\/wp\/v2\/product_tag?post=13086"}],"curies":[{"name":"wp","href":"https:\/\/api.w.org\/{rel}","templated":true}]}}