{"id":13082,"date":"2022-05-02T18:02:48","date_gmt":"2022-05-02T18:02:48","guid":{"rendered":"https:\/\/www.anbanjia.com.cn\/product\/digitales-blutzuckermessgeraet-fuer-aeltere-menschen-nicht-invasives-laser-glukosemessgeraet-elektronisches-blutzucker-teststreifen-ueberwachungsgeraet\/"},"modified":"2022-05-02T18:02:48","modified_gmt":"2022-05-02T18:02:48","slug":"digitales-diabetes-blut-nicht-invasives-laser-glukose-monitor-elektronisches-blutzucker-teststreifen-monitor-gerat-fur-altere-diabetes","status":"publish","type":"product","link":"https:\/\/anbanjia.com.cn\/de\/produkt\/digitales-diabetes-blut-nicht-invasives-laser-glukose-monitor-elektronisches-blutzucker-teststreifen-monitor-gerat-fur-altere-diabetes\/","title":{"rendered":"digitales Blutzuckermessger\u00e4t f\u00fcr \u00e4ltere Menschen, nicht-invasives Laser-Glukosemessger\u00e4t, elektronisches Blutzucker-Teststreifen-\u00dcberwachungsger\u00e4t"},"content":{"rendered":"<div style=\"max-width: 750px;margin: 0 auto;\">\n<div class=\"mceSectionContainer\" data-section=\"AliPostDhMb-ljvh5\" data-section-title=\"Product Details\" id=\"ali-anchor-AliPostDhMb-ljvh5\" style=\"padding-top: 8px;\">\n<div id=\"ali-title-AliPostDhMb-ljvh5\" style=\"padding: 8px 0; border-bottom: 1px solid #ddd;\"><span style=\"background-color: #ddd; color: #333; font-weight: bold; padding: 8px 10px; line-height: 12px;\">Produktdetails<\/span><\/div>\n<div style=\"padding: 10px 0;\">\n<p><span style=\"font-size: 24px;\"><strong>Bitte kontaktieren Sie den Verk\u00e4ufer, um weitere Einzelheiten dar\u00fcber zu erfahren.<\/strong><\/span><\/p>\n<\/p>\n<p style=\"text-align: center;\"><span style=\"color: #0000ff;\"><strong><span style=\"font-size: 24px;\">Blutzuckermessger\u00e4t<\/span><\/strong><\/span><\/p>\n<\/p>\n<p style=\"box-sizing: content-box; margin: 0px; padding: 0px; border: 0px; font-style: normal; font-weight: 400; font-size: 14.1176px; line-height: inherit; font-family: Arial,Helvetica; vertical-align: baseline; color: #333333; background-color: #ffffff;\">\n<p><img decoding=\"async\" data-alt=\"digital elder diabetes blood non invasive laser glucose monitor electronic blood glucose test strip monitor device\" data-height=\"537\" data-src=\"\" data-width=\"806\" ori-height=\"1080\" ori-width=\"1620\" src=\"https:\/\/anbanjia.com.cn\/wp-content\/uploads\/2022\/05\/HTB1c00iUIfpK1RjSZFOq6y6nFXaW.jpg\" style=\"max-width: 750;\"><img decoding=\"async\" data-alt=\"digital elder diabetes blood non invasive laser glucose monitor electronic blood glucose test strip monitor device\" data-src=\"\" ori-height=\"452\" ori-width=\"404\" src=\"https:\/\/anbanjia.com.cn\/wp-content\/uploads\/2022\/05\/HTB148Z3UCzqK1RjSZPxq6A4tVXa8.jpg\"><img decoding=\"async\" data-alt=\"digital elder diabetes blood non invasive laser glucose monitor electronic blood glucose test strip monitor device\" data-src=\"\" ori-height=\"800\" ori-width=\"800\" src=\"https:\/\/anbanjia.com.cn\/wp-content\/uploads\/2022\/05\/HTB10SetbLc3T1VjSZPfq6AWHXXaL.jpg\"><\/p>\n<p><img decoding=\"async\" data-alt=\"digital elder diabetes blood non invasive laser glucose monitor electronic blood glucose test strip monitor device\" data-height=\"645\" data-src=\"\" data-width=\"968\" ori-height=\"1080\" ori-width=\"1620\" src=\"https:\/\/anbanjia.com.cn\/wp-content\/uploads\/2022\/05\/HTB1JbsInnZmx1VjSZFGq6yx2XXay.jpg\"><img decoding=\"async\" data-alt=\"digital elder diabetes blood non invasive laser glucose monitor electronic blood glucose test strip monitor device\" data-height=\"488\" data-src=\"\" data-width=\"733\" ori-height=\"1080\" ori-width=\"1620\" src=\"https:\/\/anbanjia.com.cn\/wp-content\/uploads\/2022\/05\/HTB19Z78UxTpK1RjSZR0q6zEwXXa1.jpg\"><\/p>\n<\/p>\n<p><span style=\"color: #0000ff; font-size: 24px;\"><strong><span style=\"font-family: Arial, Helvetica; font-style: normal; background-color: #ffffff; float: none; display: inline !important;\">Hier haben wir auch viele andere Marken-Teststreifen, Sie k\u00f6nnen mich kontaktieren, wenn Sie Bedarf haben.<\/span><\/strong><\/span><\/p>\n<p><span style=\"color: #0000ff;\"><strong><span style=\"font-family: Arial, Helvetica; font-size: 16px; font-style: normal; background-color: #ffffff; float: none; display: inline !important;\"><img decoding=\"async\" data-alt=\"digital elder diabetes blood non invasive laser glucose monitor electronic blood glucose test strip monitor device\" data-src=\"\" ori-height=\"942\" ori-width=\"687\" src=\"https:\/\/anbanjia.com.cn\/wp-content\/uploads\/2022\/05\/HTB12PtXUHvpK1RjSZPiq6zmwXXau.jpg\"><img decoding=\"async\" data-alt=\"digital elder diabetes blood non invasive laser glucose monitor electronic blood glucose test strip monitor device\" data-height=\"757\" data-src=\"\" data-width=\"782\" ori-height=\"968\" ori-width=\"1000\" src=\"https:\/\/anbanjia.com.cn\/wp-content\/uploads\/2022\/05\/HTB1zHyybLc3T1VjSZPfq6AWHXXag.jpg\"><\/span><\/strong><\/span><\/p>\n<\/p>\n<\/div>\n<\/div>\n<div class=\"mceSectionContainer\" data-section=\"AliPostDhMb-vv6n9\" data-section-title=\"Product Categories\" id=\"ali-anchor-AliPostDhMb-vv6n9\" style=\"padding-top: 8px;\">\n<div id=\"ali-title-AliPostDhMb-vv6n9\" style=\"padding: 8px 0; border-bottom: 1px solid #ddd;\"><span style=\"background-color: #ddd; color: #333; font-weight: bold; padding: 8px 10px; line-height: 12px;\">Produktkategorien<\/span><\/div>\n<div style=\"padding: 10px 0;\">\n<p><a href=\"https:\/\/abj-medical.en.alibaba.com\/productgrouplist-804872323\/Clinical_laboratory_machine.html?spm=a2700.8304367.topnav.12.8d441e3A7jIXx\" rel=\"noopener noreferrer\" target=\"_blank\"><img decoding=\"async\" data-alt=\"digital elder diabetes blood non invasive laser glucose monitor electronic blood glucose test strip monitor device\" data-src=\"\" ori-height=\"285\" ori-width=\"750\" src=\"https:\/\/anbanjia.com.cn\/wp-content\/uploads\/2022\/05\/unnamed-file-3.jpg\"><img decoding=\"async\" data-alt=\"digital elder diabetes blood non invasive laser glucose monitor electronic blood glucose test strip monitor device\" data-src=\"\" ori-height=\"241\" ori-width=\"750\" src=\"https:\/\/anbanjia.com.cn\/wp-content\/uploads\/2022\/05\/HTB1hBlcawoQMeJjy0Fpq6ATxpXaf.jpg\"><\/a> <\/p>\n<\/div>\n<\/div>\n<div class=\"mceSectionContainer\" data-section=\"AliPostDhMb-ub5hb\" data-section-title=\"certificate\" id=\"ali-anchor-AliPostDhMb-ub5hb\" style=\"padding-top: 8px;\">\n<div id=\"ali-title-AliPostDhMb-ub5hb\" style=\"padding: 8px 0; border-bottom: 1px solid #ddd;\"><span style=\"background-color: #ddd; color: #333; font-weight: bold; padding: 8px 10px; line-height: 12px;\">Zertifikat<\/span><\/div>\n<div style=\"padding: 10px 0;\">\n<p><img decoding=\"async\" data-alt=\"digital elder diabetes blood non invasive laser glucose monitor electronic blood glucose test strip monitor device\" data-src=\"\" ori-height=\"365\" ori-width=\"750\" src=\"https:\/\/anbanjia.com.cn\/wp-content\/uploads\/2022\/05\/HTB1Z1olSpXXXXctXXXXq6xXFXXXu-1.jpg\"> <\/p>\n<\/div>\n<\/div>\n<div class=\"mceSectionContainer\" data-section=\"AliPostDhMb-yhho8\" data-section-title=\"company information\" id=\"ali-anchor-AliPostDhMb-yhho8\" style=\"padding-top: 8px;\">\n<div id=\"ali-title-AliPostDhMb-yhho8\" style=\"padding: 8px 0; border-bottom: 1px solid #ddd;\"><span style=\"background-color: #ddd; color: #333; font-weight: bold; padding: 8px 10px; line-height: 12px;\">Firmeninformation<\/span><\/div>\n<div style=\"padding: 10px 0;\">\n<p><img decoding=\"async\" data-alt=\"digital elder diabetes blood non invasive laser glucose monitor electronic blood glucose test strip monitor device\" data-src=\"\" ori-height=\"1929\" ori-width=\"769\" src=\"https:\/\/anbanjia.com.cn\/wp-content\/uploads\/2022\/05\/Ha43def8a2df44eac925e2c3ab5a1b97b2.jpg\"><\/p>\n<\/p>\n<\/div>\n<\/div>\n<div class=\"mceSectionContainer\" data-section=\"AliPostDhMb-ekmid\" data-section-title=\"Home\" id=\"ali-anchor-AliPostDhMb-ekmid\" style=\"padding-top: 8px;\">\n<div id=\"ali-title-AliPostDhMb-ekmid\" style=\"padding: 8px 0; border-bottom: 1px solid #ddd;\"><span style=\"background-color: #ddd; color: #333; font-weight: bold; padding: 8px 10px; line-height: 12px;\">Heim<\/span><\/div>\n<div style=\"padding: 10px 0;\">\n<p><img decoding=\"async\" data-alt=\"digital elder diabetes blood non invasive laser glucose monitor electronic blood glucose test strip monitor device\" data-src=\"\" ori-height=\"172\" ori-width=\"750\" src=\"https:\/\/anbanjia.com.cn\/wp-content\/uploads\/2022\/05\/unnamed-file-3.jpg\"><\/p>\n<p><a href=\"https:\/\/abj-medical.en.alibaba.com\/?spm=a2700.8304367.topnav.1.7fb94f0d6W4Kaf\" rel=\"noopener noreferrer\" target=\"_blank\"><img decoding=\"async\" data-alt=\"digital elder diabetes blood non invasive laser glucose monitor electronic blood glucose test strip monitor device\" data-src=\"\" ori-height=\"124\" ori-width=\"750\" src=\"https:\/\/anbanjia.com.cn\/wp-content\/uploads\/2022\/05\/HTB10aT7SpXXXXa7XFXXq6xXFXXXO-1.jpg\"> <\/a><\/p>\n<\/div>\n<\/div>\n<\/div>\n","protected":false},"excerpt":{"rendered":"<div style=\"width:auto\">\n<div style=\"min-width: 300px;max-width: 300px;word-wrap: break-word;float: left\">Herkunftsort: China <\/div>\n<div style=\"min-width: 300px;max-width: 300px;word-wrap: break-word;float: left\">Markenname:Bj<\/div>\n<\/p><\/div>\n<div style=\"width:auto\">\n<div style=\"min-width: 300px;max-width: 300px;word-wrap: break-word;float: left\">Modellnummer: ABJ*23 <\/div>\n<div style=\"min-width: 300px;max-width: 300px;word-wrap: break-word;float: left\">Stromquelle: Manuell<\/div>\n<\/p><\/div>\n<div style=\"width:auto\">\n<div style=\"min-width: 300px;max-width: 300px;word-wrap: break-word;float: left\">Garantie: KEINE <\/div>\n<div style=\"min-width: 300px;max-width: 300px;word-wrap: break-word;float: left\">Kundendienst: KEINE<\/div>\n<\/p><\/div>\n<div style=\"width:auto\">\n<div style=\"min-width: 300px;max-width: 300px;word-wrap: break-word;float: left\">Stromversorgungsmodus: Plug-in <\/div>\n<div style=\"min-width: 300px;max-width: 300px;word-wrap: break-word;float: left\">Material: Kunststoff<\/div>\n<\/p><\/div>\n<div style=\"width:auto\">\n<div style=\"min-width: 300px;max-width: 300px;word-wrap: break-word;float: left\">Haltbarkeit: 6 Monate <\/div>\n<div style=\"min-width: 300px;max-width: 300px;word-wrap: break-word;float: left\">Qualit\u00e4tszertifizierung: ce<\/div>\n<\/p><\/div>\n<div style=\"width:auto\">\n<div style=\"min-width: 300px;max-width: 300px;word-wrap: break-word;float: left\">Instrumentenklassifizierung: Klasse II <\/div>\n<div style=\"min-width: 300px;max-width: 300px;word-wrap: break-word;float: left\">Sicherheitsstandard: Keine<\/div>\n<\/p><\/div>\n<div style=\"width:auto\">\n<div style=\"min-width: 300px;max-width: 300px;word-wrap: break-word;float: left\">Typ: Blutanalysesystem <\/div>\n<div style=\"min-width: 300px;max-width: 300px;word-wrap: break-word;float: left\">Glukose-Testbereich: 20\u2013600 mg\/dL<\/div>\n<\/p><\/div>\n<div style=\"width:auto\">\n<div style=\"min-width: 300px;max-width: 300px;word-wrap: break-word;float: left\">Probentyp: Kapillares Vollblut <\/div>\n<div style=\"min-width: 300px;max-width: 300px;word-wrap: break-word;float: left\">Ergebniskalibrierung: Plasma-\u00c4quivalent<\/div>\n<\/p><\/div>\n<div style=\"width:auto\">\n<div style=\"min-width: 300px;max-width: 300px;word-wrap: break-word;float: left\">Testzeit: 5 Sekunden <\/div>\n<div style=\"min-width: 300px;max-width: 300px;word-wrap: break-word;float: left\">Probengr\u00f6\u00dfe: 0,6 \u03bcl<\/div>\n<\/p><\/div>\n<div>Kundenspezifisches Logo (Mindestbestellmenge: 1000 St\u00fcck)<\/div>\n<div>Kundenspezifische Verpackung (Mindestbestellmenge: 1000 St\u00fcck)<\/div>\n","protected":false},"featured_media":6360,"comment_status":"closed","ping_status":"closed","template":"","meta":[],"product_cat":[146],"product_tag":[],"class_list":["post-13082","product","type-product","status-publish","has-post-thumbnail","hentry","product_cat-blutzuckerteststreifen"],"_links":{"self":[{"href":"https:\/\/anbanjia.com.cn\/de\/wp-json\/wp\/v2\/product\/13082","targetHints":{"allow":["GET"]}}],"collection":[{"href":"https:\/\/anbanjia.com.cn\/de\/wp-json\/wp\/v2\/product"}],"about":[{"href":"https:\/\/anbanjia.com.cn\/de\/wp-json\/wp\/v2\/types\/product"}],"replies":[{"embeddable":true,"href":"https:\/\/anbanjia.com.cn\/de\/wp-json\/wp\/v2\/comments?post=13082"}],"wp:featuredmedia":[{"embeddable":true,"href":"https:\/\/anbanjia.com.cn\/de\/wp-json\/wp\/v2\/media\/6360"}],"wp:attachment":[{"href":"https:\/\/anbanjia.com.cn\/de\/wp-json\/wp\/v2\/media?parent=13082"}],"wp:term":[{"taxonomy":"product_cat","embeddable":true,"href":"https:\/\/anbanjia.com.cn\/de\/wp-json\/wp\/v2\/product_cat?post=13082"},{"taxonomy":"product_tag","embeddable":true,"href":"https:\/\/anbanjia.com.cn\/de\/wp-json\/wp\/v2\/product_tag?post=13082"}],"curies":[{"name":"wp","href":"https:\/\/api.w.org\/{rel}","templated":true}]}}