{"id":13079,"date":"2022-05-02T18:02:52","date_gmt":"2022-05-02T18:02:52","guid":{"rendered":"https:\/\/www.anbanjia.com.cn\/product\/heisser-verkauf-elektrische-saugpumpe-geraet-doppelglas-saugwagen-maschine-vakuum-pedal-chirurgisch-induzierte-abtreibung\/"},"modified":"2022-05-02T18:02:52","modified_gmt":"2022-05-02T18:02:52","slug":"hot-sell-elektro-saugpumpe-apparat-doppelglas-saugwagen-maschine-vakuum-pedal-chirurgisch-induzierte-abtreibung","status":"publish","type":"product","link":"https:\/\/anbanjia.com.cn\/de\/produkt\/hot-sell-elektro-saugpumpe-apparat-doppelglas-saugwagen-maschine-vakuum-pedal-chirurgisch-induzierte-abtreibung\/","title":{"rendered":"Hei\u00dfer Verkauf elektrische Saugpumpe Ger\u00e4t Doppelglas Saugwagen Maschine Vakuum Pedal chirurgisch induzierte Abtreibung"},"content":{"rendered":"<div style=\"max-width: 750px;margin: 0 auto;\">\n<div class=\"mceSectionContainer\" data-section=\"AliPostDhMb-ljvh5\" data-section-title=\"Product Details\" id=\"ali-anchor-AliPostDhMb-ljvh5\" style=\"padding-top: 8px;\">\n<div id=\"ali-title-AliPostDhMb-ljvh5\" style=\"padding: 8px 0; border-bottom: 1px solid #ddd;\"><span style=\"background-color: #ddd; color: #333; font-weight: bold; padding: 8px 10px; line-height: 12px;\">Produktdetails<\/span><\/div>\n<div style=\"padding: 10px 0;\">\n<p style=\"text-align: center;\"><span style=\"font-size: 24px;\"><strong>Medizinisches chirurgisches elektrisches Absaugger\u00e4t<\/strong><\/span><\/p>\n<table border=\"1\" style=\"border-collapse: collapse; background-color: #ffffff; width: 707px; height: 502px;\">\n<tbody>\n<tr style=\"height: 53px;\">\n<td style=\"width: 353px; text-align: center; height: 53px;\"><span style=\"font-size: 14px;\"><strong>Netzspannung<\/strong><\/span><\/td>\n<td style=\"width: 348px; text-align: center; height: 53px;\"><span style=\"font-size: 14px;\"><strong>AC 220V 50HZ<\/strong><\/span><\/td>\n<\/tr>\n<tr style=\"height: 38px;\">\n<td style=\"width: 353px; text-align: center; height: 38px;\"><span style=\"font-size: 14px;\"><strong>Unterdruck<\/strong><\/span><\/td>\n<td style=\"width: 348px; text-align: center; height: 38px;\"><span style=\"font-size: 14px;\"><strong>\u22650,08 MPa<\/strong><\/span><\/td>\n<\/tr>\n<tr style=\"height: 38px;\">Saugleistung <\/p>\n<td style=\"width: 353px; text-align: center; height: 38px;\"><span style=\"font-size: 14px;\"><strong>\u226520L<\/strong><\/span><\/td>\n<td style=\"width: 348px; text-align: center; height: 38px;\"><span style=\"font-size: 14px;\"><strong>\/min<\/strong><\/span><\/td>\n<\/tr>\n<tr style=\"height: 38px;\">\n<td style=\"width: 353px; text-align: center; height: 38px;\"><span style=\"font-size: 14px;\"><strong>Unterdruckregelbereich<\/strong><\/span><\/td>\n<td style=\"width: 348px; text-align: center; height: 38px;\"><span style=\"font-size: 14px;\"><strong>-0,02 ~ -0,08 MPa<\/strong><\/span><\/td>\n<\/tr>\n<tr style=\"height: 38px;\">\n<td style=\"width: 353px; text-align: center; height: 38px;\"><span style=\"font-size: 14px;\"><strong>Saugflasche<\/strong><\/span><\/td>\n<td style=\"width: 348px; text-align: center; height: 38px;\"><span style=\"font-size: 14px;\"><strong>1000ml<\/strong><\/span><\/td>\n<\/tr>\n<tr style=\"height: 38px;\">\n<td style=\"width: 353px; text-align: center; height: 38px;\"><strong><span style=\"font-size: 14px;\">Rauschen<\/span><\/strong><\/td>\n<td style=\"width: 348px; text-align: center; height: 38px;\"><strong><span style=\"font-size: 14px;\">\u226455dB<\/span><\/strong><\/td>\n<\/tr>\n<tr style=\"height: 38px;\">\n<td style=\"width: 353px; text-align: center; height: 38px;\"><strong><span style=\"font-size: 14px;\">Eingangsleistung<\/span><\/strong><\/td>\n<td style=\"width: 348px; text-align: center; height: 38px;\"><strong><span style=\"font-size: 14px;\">150 VA<\/span><\/strong><\/td>\n<\/tr>\n<tr style=\"height: 38px;\">\n<td style=\"width: 353px; text-align: center; height: 38px;\"><strong><span style=\"font-size: 14px;\">Selbstschmierung<\/span><\/strong><\/td>\n<td style=\"width: 348px; text-align: center; height: 38px;\"><strong><span style=\"font-size: 14px;\"><span style=\"box-sizing: content-box; margin: 0px; padding: 0px; border: 0px; font-style: inherit; line-height: 21px; vertical-align: baseline;\">der Pumpenstruktur ohne \u00d6l<\/span><\/span><\/strong><\/td>\n<\/tr>\n<tr style=\"height: 38px;\">\n<td style=\"width: 353px; text-align: center; height: 38px;\"><strong><span style=\"font-size: 14px;\">Gr\u00f6\u00dfe<\/span><\/strong><\/td>\n<td style=\"width: 348px; text-align: center; height: 38px;\"><strong><span style=\"font-size: 14px;\">38 x 31,2 x 48 cm<\/span><\/strong><\/td>\n<\/tr>\n<tr style=\"height: 38px;\">\n<td style=\"width: 353px; text-align: center; height: 38px;\"><strong><span style=\"font-size: 14px;\">Flasche<\/span><\/strong><\/td>\n<td style=\"width: 348px; text-align: center; height: 38px;\"><strong><span style=\"font-size: 14px;\">2500ml\/Flasche<\/span><\/strong><\/td>\n<\/tr>\n<tr style=\"height: 38px;\">\n<td style=\"width: 353px; text-align: center; height: 38px;\"><strong><span style=\"font-size: 14px;\">Nettogewicht<\/span><\/strong><\/td>\n<td style=\"width: 348px; text-align: center; height: 38px;\"><strong><span style=\"font-size: 14px;\">15kg<\/span><\/strong><\/td>\n<\/tr>\n<\/tbody>\n<\/table>\n<p><span style=\"font-size: 24px;\"><strong>Einf\u00fchrung:<\/strong><\/span><\/p>\n<p><span style=\"font-size: 16px;\"><span style=\"box-sizing: content-box; margin: 0px; padding: 0px; border: 0px; font-style: inherit; line-height: 21px; vertical-align: baseline;\">Tragbares elektrisches Sputum-Absaugger\u00e4t kann zum Absaugen von Sputum und anderen z\u00e4hen Sekreten in Krankenh\u00e4usern verwendet werden und kann auch als Erste Hilfe im Haushalt verwendet werden. Die Maschine verwendet eine \u00f6lfreie Schmierpumpe, wodurch die Verschmutzung durch \u00d6lnebel vermieden wird. Die Pumpe erfordert keine t\u00e4gliche Wartung und Instandhaltung. Der \u00dcberlaufschutz in der Maschine verhindert, dass Fl\u00fcssigkeiten in die Pumpe flie\u00dfen. Die Maschine zeichnet sich durch kleine Abmessungen, geringes Gewicht und hohe Mobilit\u00e4t aus. <\/span><\/span><\/p>\n<p><img decoding=\"async\" data-alt=\"Hot sell electric suction pump apparatus double jar suction trolley machine vacuum Pedal Surgical Induced Abortion\" data-src=\"\" ori-height=\"916\" ori-width=\"790\" src=\"https:\/\/anbanjia.com.cn\/wp-content\/uploads\/2022\/05\/H8bd1cc1f773047f7b677203b45e11478O.jpg\" style=\"max-width: 750;\"><img decoding=\"async\" data-alt=\"Hot sell electric suction pump apparatus double jar suction trolley machine vacuum Pedal Surgical Induced Abortion\" data-src=\"\" ori-height=\"987\" ori-width=\"790\" src=\"https:\/\/anbanjia.com.cn\/wp-content\/uploads\/2022\/05\/Hccbd35d3159a45808fe6ce57a48cbdc2m.jpg\"><img decoding=\"async\" data-alt=\"Hot sell electric suction pump apparatus double jar suction trolley machine vacuum Pedal Surgical Induced Abortion\" data-src=\"\" ori-height=\"906\" ori-width=\"790\" src=\"https:\/\/anbanjia.com.cn\/wp-content\/uploads\/2022\/05\/Hee6a3d9a3cb9437a90ec89053d2bbb76N.jpg\"><img decoding=\"async\" data-alt=\"Hot sell electric suction pump apparatus double jar suction trolley machine vacuum Pedal Surgical Induced Abortion\" data-src=\"\" ori-height=\"1177\" ori-width=\"790\" src=\"https:\/\/anbanjia.com.cn\/wp-content\/uploads\/2022\/05\/H56c87482e62f484b88ced9ea58c3edc3a.jpg\"><img decoding=\"async\" data-alt=\"Hot sell electric suction pump apparatus double jar suction trolley machine vacuum Pedal Surgical Induced Abortion\" data-src=\"\" ori-height=\"1090\" ori-width=\"790\" src=\"https:\/\/anbanjia.com.cn\/wp-content\/uploads\/2022\/05\/Haa9714a3eb8546a6acf1f38d8a70d73fM.jpg\"><img decoding=\"async\" data-alt=\"Hot sell electric suction pump apparatus double jar suction trolley machine vacuum Pedal Surgical Induced Abortion\" data-src=\"\" ori-height=\"292\" ori-width=\"790\" src=\"https:\/\/anbanjia.com.cn\/wp-content\/uploads\/2022\/05\/H2d2078d2b93c4b16856ba321648429d23.jpg\"> <\/p>\n<\/div>\n<\/div>\n<div class=\"mceSectionContainer\" data-section=\"AliPostDhMb-g8zpw\" data-section-title=\"contact us\" id=\"ali-anchor-AliPostDhMb-g8zpw\" style=\"padding-top: 8px;\">\n<div id=\"ali-title-AliPostDhMb-g8zpw\" style=\"padding: 8px 0; border-bottom: 1px solid #ddd;\"><span style=\"background-color: #ddd; color: #333; font-weight: bold; padding: 8px 10px; line-height: 12px;\">kontaktiere uns<\/span><\/div>\n<div style=\"padding: 10px 0;\">\n<p><a href=\"https:\/\/abj-medical.en.alibaba.com\/contactinfo.html?spm=a2700.8304367.topnav.8.5d239224wxD2sy\" rel=\"noopener noreferrer\" target=\"_blank\"> <img decoding=\"async\" data-alt=\"Hot sell electric suction pump apparatus double jar suction trolley machine vacuum Pedal Surgical Induced Abortion\" data-src=\"\" ori-height=\"271\" ori-width=\"760\" src=\"https:\/\/anbanjia.com.cn\/wp-content\/uploads\/2022\/05\/H4a476ca2a62642c5955586ce8e509aa6M.png\"><\/a><\/p>\n<\/div>\n<\/div>\n<div class=\"mceSectionContainer\" data-section=\"AliPostDhMb-vv6n9\" data-section-title=\"Product Categories\" id=\"ali-anchor-AliPostDhMb-vv6n9\" style=\"padding-top: 8px;\">\n<div id=\"ali-title-AliPostDhMb-vv6n9\" style=\"padding: 8px 0; border-bottom: 1px solid #ddd;\"><span style=\"background-color: #ddd; color: #333; font-weight: bold; padding: 8px 10px; line-height: 12px;\">Produktkategorien<\/span><\/div>\n<div style=\"padding: 10px 0;\">\n<p> <a href=\"https:\/\/abj-medical.en.alibaba.com\/productgrouplist-804871560\/Electric_wheelchair_and_apparatus.html?spm=a2700.icbuShop.88.30.704a44ebaAhP4D\" rel=\"noopener noreferrer\" target=\"_blank\"><img decoding=\"async\" data-alt=\"Hot sell electric suction pump apparatus double jar suction trolley machine vacuum Pedal Surgical Induced Abortion\" data-src=\"\" ori-height=\"285\" ori-width=\"750\" src=\"https:\/\/anbanjia.com.cn\/wp-content\/uploads\/2022\/05\/HTB1ERWiSFXXXXasXXXXq6xXFXXXw.jpg\"><\/a><\/p>\n<\/div>\n<\/div>\n<div class=\"mceSectionContainer\" data-section=\"AliPostDhMb-ub5hb\" data-section-title=\"certificate\" id=\"ali-anchor-AliPostDhMb-ub5hb\" style=\"padding-top: 8px;\">\n<div id=\"ali-title-AliPostDhMb-ub5hb\" style=\"padding: 8px 0; border-bottom: 1px solid #ddd;\"><span style=\"background-color: #ddd; color: #333; font-weight: bold; padding: 8px 10px; line-height: 12px;\">Zertifikat<\/span><\/div>\n<div style=\"padding: 10px 0;\">\n<p><img decoding=\"async\" data-alt=\"Hot sell electric suction pump apparatus double jar suction trolley machine vacuum Pedal Surgical Induced Abortion\" data-src=\"\" ori-height=\"365\" ori-width=\"750\" src=\"https:\/\/anbanjia.com.cn\/wp-content\/uploads\/2022\/05\/HTB1Z1olSpXXXXctXXXXq6xXFXXXu-1.jpg\"> <\/p>\n<\/div>\n<\/div>\n<div class=\"mceSectionContainer\" data-section=\"AliPostDhMb-yhho8\" data-section-title=\"company information\" id=\"ali-anchor-AliPostDhMb-yhho8\" style=\"padding-top: 8px;\">\n<div id=\"ali-title-AliPostDhMb-yhho8\" style=\"padding: 8px 0; border-bottom: 1px solid #ddd;\"><span style=\"background-color: #ddd; color: #333; font-weight: bold; padding: 8px 10px; line-height: 12px;\">Firmeninformation<\/span><\/div>\n<div style=\"padding: 10px 0;\">\n<p><img decoding=\"async\" data-alt=\"Hot sell electric suction pump apparatus double jar suction trolley machine vacuum Pedal Surgical Induced Abortion\" data-src=\"\" ori-height=\"1929\" ori-width=\"769\" src=\"https:\/\/anbanjia.com.cn\/wp-content\/uploads\/2022\/05\/Ha43def8a2df44eac925e2c3ab5a1b97b2.jpg\"><\/p>\n<\/p>\n<\/div>\n<\/div>\n<div class=\"mceSectionContainer\" data-section=\"AliPostDhMb-dlpgq\" data-section-title=\"Home\" id=\"ali-anchor-AliPostDhMb-dlpgq\" style=\"padding-top: 8px;\">\n<div id=\"ali-title-AliPostDhMb-dlpgq\" style=\"padding: 8px 0; border-bottom: 1px solid #ddd;\"><span style=\"background-color: #ddd; color: #333; font-weight: bold; padding: 8px 10px; line-height: 12px;\">Heim<\/span><\/div>\n<div style=\"padding: 10px 0;\">\n<p><img decoding=\"async\" data-alt=\"Hot sell electric suction pump apparatus double jar suction trolley machine vacuum Pedal Surgical Induced Abortion\" data-src=\"\" ori-height=\"172\" ori-width=\"750\" src=\"https:\/\/anbanjia.com.cn\/wp-content\/uploads\/2022\/05\/unnamed-file-3.jpg\"><\/p>\n<p><a href=\"https:\/\/abj-medical.en.alibaba.com\/?spm=a2700.8304367.topnav.1.7fb94f0d6W4Kaf\" rel=\"noopener noreferrer\" target=\"_blank\"><img decoding=\"async\" data-alt=\"Hot sell electric suction pump apparatus double jar suction trolley machine vacuum Pedal Surgical Induced Abortion\" data-src=\"\" ori-height=\"124\" ori-width=\"750\" src=\"https:\/\/anbanjia.com.cn\/wp-content\/uploads\/2022\/05\/HTB10aT7SpXXXXa7XFXXq6xXFXXXO-1.jpg\"> <\/a><\/p>\n<\/div>\n<\/div>\n<\/div>\n","protected":false},"excerpt":{"rendered":"<div style=\"width:auto\">\n<div style=\"min-width: 300px;max-width: 300px;word-wrap: break-word;float: left\">Herkunftsort: China <\/div>\n<div style=\"min-width: 300px;max-width: 300px;word-wrap: break-word;float: left\">Markenname:ABJ<\/div>\n<\/p><\/div>\n<div style=\"width:auto\">\n<div style=\"min-width: 300px;max-width: 300px;word-wrap: break-word;float: left\">Modellnummer: ABJ-H002 <\/div>\n<div style=\"min-width: 300px;max-width: 300px;word-wrap: break-word;float: left\">Stromquelle: Elektrisch<\/div>\n<\/p><\/div>\n<div style=\"width:auto\">\n<div style=\"min-width: 300px;max-width: 300px;word-wrap: break-word;float: left\">1 Jahr Garantie <\/div>\n<div style=\"min-width: 300px;max-width: 300px;word-wrap: break-word;float: left\">Kundendienst: KEINE<\/div>\n<\/p><\/div>\n<div style=\"width:auto\">\n<div style=\"min-width: 300px;max-width: 300px;word-wrap: break-word;float: left\">Material: Stahl <\/div>\n<div style=\"min-width: 300px;max-width: 300px;word-wrap: break-word;float: left\">Haltbarkeit: 1 Jahre<\/div>\n<\/p><\/div>\n<div style=\"width:auto\">\n<div style=\"min-width: 300px;max-width: 300px;word-wrap: break-word;float: left\">Qualit\u00e4tszertifizierung: ce <\/div>\n<div style=\"min-width: 300px;max-width: 300px;word-wrap: break-word;float: left\">Instrumentenklassifizierung: Klasse II<\/div>\n<\/p><\/div>\n<div style=\"width:auto\">\n<div style=\"min-width: 300px;max-width: 300px;word-wrap: break-word;float: left\">Sicherheitsstandard: GB\/T18830-2009 <\/div>\n<div style=\"min-width: 300px;max-width: 300px;word-wrap: break-word;float: left\">Netzspannung: AC 220 V 50 Hz<\/div>\n<\/p><\/div>\n<div style=\"width:auto\">\n<div style=\"min-width: 300px;max-width: 300px;word-wrap: break-word;float: left\">Unterdruck: \u22650,08 MPa <\/div>\n<div style=\"min-width: 300px;max-width: 300px;word-wrap: break-word;float: left\">Saugleistung: \u226520L\/min<\/div>\n<\/p><\/div>\n<div style=\"width:auto\">\n<div style=\"min-width: 300px;max-width: 300px;word-wrap: break-word;float: left\">Unterdruckregelbereich: -0,02 ~ -0,08 MPa <\/div>\n<div style=\"min-width: 300px;max-width: 300px;word-wrap: break-word;float: left\">Saugflasche: 1000ml<\/div>\n<\/p><\/div>\n<div style=\"width:auto\">\n<div style=\"min-width: 300px;max-width: 300px;word-wrap: break-word;float: left\">Rauschen: \u226455dB <\/div>\n<div style=\"min-width: 300px;max-width: 300px;word-wrap: break-word;float: left\">Eingangsleistung: 150 VA<\/div>\n<\/p><\/div>\n<div style=\"width:auto\">\n<div style=\"min-width: 300px;max-width: 300px;word-wrap: break-word;float: left\">Gr\u00f6\u00dfe: 38 x 31,2 x 48 cm <\/div>\n<div style=\"min-width: 300px;max-width: 300px;word-wrap: break-word;float: left\">Nettogewicht: 15 kg<\/div>\n<\/p><\/div>\n<div>Kundenspezifisches Logo (Mindestbestellmenge: 500 St\u00fcck)<\/div>\n<div>Kundenspezifische Verpackung (Mindestbestellmenge: 500 St\u00fcck)<\/div>\n","protected":false},"featured_media":6394,"comment_status":"closed","ping_status":"closed","template":"","meta":[],"product_cat":[150],"product_tag":[],"class_list":["post-13079","product","type-product","status-publish","has-post-thumbnail","hentry","product_cat-saugmaschine"],"_links":{"self":[{"href":"https:\/\/anbanjia.com.cn\/de\/wp-json\/wp\/v2\/product\/13079","targetHints":{"allow":["GET"]}}],"collection":[{"href":"https:\/\/anbanjia.com.cn\/de\/wp-json\/wp\/v2\/product"}],"about":[{"href":"https:\/\/anbanjia.com.cn\/de\/wp-json\/wp\/v2\/types\/product"}],"replies":[{"embeddable":true,"href":"https:\/\/anbanjia.com.cn\/de\/wp-json\/wp\/v2\/comments?post=13079"}],"wp:featuredmedia":[{"embeddable":true,"href":"https:\/\/anbanjia.com.cn\/de\/wp-json\/wp\/v2\/media\/6394"}],"wp:attachment":[{"href":"https:\/\/anbanjia.com.cn\/de\/wp-json\/wp\/v2\/media?parent=13079"}],"wp:term":[{"taxonomy":"product_cat","embeddable":true,"href":"https:\/\/anbanjia.com.cn\/de\/wp-json\/wp\/v2\/product_cat?post=13079"},{"taxonomy":"product_tag","embeddable":true,"href":"https:\/\/anbanjia.com.cn\/de\/wp-json\/wp\/v2\/product_tag?post=13079"}],"curies":[{"name":"wp","href":"https:\/\/api.w.org\/{rel}","templated":true}]}}