{"id":13075,"date":"2022-05-02T18:02:53","date_gmt":"2022-05-02T18:02:53","guid":{"rendered":"https:\/\/www.anbanjia.com.cn\/product\/heisser-verkauf-grosshandelspreis-qualitaet-doppler-babycare-foetaler-herzmonitor-fuer-den-heimgebrauch\/"},"modified":"2022-05-02T18:02:53","modified_gmt":"2022-05-02T18:02:53","slug":"heiser-verkauf-groshandelspreis-hochwertige-doppler-babycare-fetal-heart-monitor-for-home-use","status":"publish","type":"product","link":"https:\/\/anbanjia.com.cn\/de\/produkt\/heiser-verkauf-groshandelspreis-hochwertige-doppler-babycare-fetal-heart-monitor-for-home-use\/","title":{"rendered":"Hei\u00dfer Verkauf Gro\u00dfhandelspreis Qualit\u00e4t Doppler Babycare f\u00f6taler Herzmonitor f\u00fcr den Heimgebrauch"},"content":{"rendered":"<div style=\"max-width: 750px; margin: 0 auto;\">\n<div id=\"detail_decorate_root\" data-host=\"111234190\" data-id=\"detail_decorate_root\" data-magic-global=\"%7B%22bizId%22%3A3215165050%2C%22pageId%22%3A5052359450%2C%22siteId%22%3A5005610021%7D\">\n<div class=\"J_module\">\n<div class=\"icbu-pc-images magic-1\">\n<div>\n<div class=\"flex-layout-v\">\n<div class=\"flex-layout-h magic-1\">\n<div class=\"magic-2\"><a href=\"https:\/\/abj-medical.en.alibaba.com\/product\/60797930324-804757852\/Advanced_design_travelling_portable_lightweight_rechargeable_oxygen_concentrator_for_elderly.html?spm=a2700.icbuShop.prewdfa4cf.7.74cb63e3qWj40z\" target=\"_blank\" rel=\"noopener noreferrer\"><img decoding=\"async\" class=\"magic-3\" style=\"max-width: 750;\" src=\"https:\/\/anbanjia.com.cn\/wp-content\/uploads\/2022\/05\/HTB16GafKuySBuNjy1zd760PxFXaR.jpg\" data-src=\"\"><\/a><\/div>\n<div><img decoding=\"async\" src=\"https:\/\/s.alicdn.com\/@sc02\/kf\/HTB1qxgjXOYrK1Rjy0Fdq6ACvVXaP\/230438700\/HTB1qxgjXOYrK1Rjy0Fdq6ACvVXaP.jpg?quality=close\"><img decoding=\"async\" src=\"https:\/\/s.alicdn.com\/@sc02\/kf\/HTB1ddggXOnrK1Rjy1Xcq6yeDVXar\/230438700\/HTB1ddggXOnrK1Rjy1Xcq6yeDVXar.jpg?quality=close\"><\/div>\n<div>\n<div class=\"text-title\" data-id=\"left-title\">\n<h3 class=\"magic-7\"><b><span style=\"color: #df0000; font-size: x-large;\" data-spm-anchor-id=\"a2700.wholesale.0.i25.640741a8B51D6m\">ABJ-703<\/span><\/b><\/h3>\n<\/div>\n<div class=\"text-content\" data-id=\"left-content\">\n<p class=\"magic-8\">01. Hochempfindliche Doppler-Sonde, genaue FHF-Erkennung<br \/>\n02.Low Ultraschallleistung, sicher f\u00fcr den F\u00f6tus<br \/>\n03.Optionaler Anzeigebildschirm (Wert\/Diagramm)<br \/>\n04.Automatische Abschaltung in 1 Minute<br \/>\n05. Anzeige: 1,77 Zoll TFT<br \/>\n06. Ultraschallfrequenz: 2,125 MHz-2,875 MHz<br \/>\n07. Umfassende Sensibilit\u00e4t:&gt; 90dB<br \/>\n08.FHR Bereich: 50\/min~210\/min<br \/>\n09. Anzeigeaufl\u00f6sung: 1 bpm<\/p>\n<p class=\"magic-8\">10.FHR-Erkennungsabweichung: -2\/min~+2\/min <img decoding=\"async\" src=\"https:\/\/s.alicdn.com\/@sc01\/kf\/HTB1B6ZhXOnrK1Rjy1Xcq6yeDVXae\/230438700\/HTB1B6ZhXOnrK1Rjy1Xcq6yeDVXae.jpg?quality=close\"><\/p>\n<div class=\"text-title\" data-id=\"right-title\">\n<h3 class=\"magic-14\"><span style=\"color: #df0000; font-size: x-large;\">ABJ-703L<\/span><\/h3>\n<\/div>\n<div class=\"text-content\" data-id=\"right-content\">\n<p class=\"magic-8\">01. Hochempfindliche Doppler-Sonde, genaue FHF-Erkennung<br \/>\n02.Low Ultraschallleistung, sicher f\u00fcr den F\u00f6tus<br \/>\n03.Optionaler Anzeigebildschirm (Wert\/Diagramm)<br \/>\n04.Automatische Abschaltung in 1 Minute<br \/>\n05. Anzeige: 1,3 Zoll LCD<br \/>\n06.Ultraschallfrequenz: 2,125 MHz-2,875 MHz<br \/>\n07. Umfassende Sensibilit\u00e4t:&gt; 90dB<br \/>\n08.FHR Bereich: 50\/min~210\/min<br \/>\n09. Anzeigeaufl\u00f6sung: 1 bpm<br \/>\n10.FHR-Erkennungsabweichung: -2\/min~+2\/min<img decoding=\"async\" src=\"https:\/\/s.alicdn.com\/@sc02\/kf\/HTB1QBYAXPnuK1RkSmFPq6AuzFXaK\/230438700\/HTB1QBYAXPnuK1RkSmFPq6AuzFXaK.jpg?quality=close\"><\/p>\n<div class=\"text-title\" data-id=\"left-title\">\n<h3 class=\"magic-14\"><span style=\"color: #bf0000; font-size: x-large;\">ABJ-706<\/span><\/h3>\n<\/div>\n<div class=\"text-content\" data-id=\"left-content\">\n<p class=\"magic-8\">01. Hochempfindliche Doppler-Sonde, genaue FHF-Erkennung<\/p>\n<p class=\"magic-8\">02.Low Ultraschallleistung, sicher f\u00fcr den F\u00f6tus<br \/>\n03.Optionaler Anzeigebildschirm (Wert\/Diagramm)<br \/>\n04.Automatische Abschaltung in 1 Minute<br \/>\n05. Anzeige: 1,77 Zoll TFT<br \/>\n06.Ultraschallfrequenz: 2,125 MHz-2,875 MHz<br \/>\n07. Umfassende Sensibilit\u00e4t:&gt; 90dB<br \/>\n08.FHR Bereich: 50\/min~210\/min<br \/>\n09. Anzeigeaufl\u00f6sung: 1 bpm<\/p>\n<p class=\"magic-8\">10.FHR-Erkennungsabweichung: -2\/min~+2\/min <img decoding=\"async\" src=\"https:\/\/s.alicdn.com\/@sc01\/kf\/HTB1Tu.fXLLsK1Rjy0Fbq6xSEXXam\/230438700\/HTB1Tu.fXLLsK1Rjy0Fbq6xSEXXam.jpg?quality=close\"><\/p>\n<div class=\"text-title\" data-id=\"right-title\">\n<h3 class=\"magic-14\"><span style=\"color: #bf0000; font-size: x-large;\" data-spm-anchor-id=\"a2700.wholesale.0.i32.640741a8B51D6m\">ABJ-706L<\/span><\/h3>\n<\/div>\n<div class=\"text-content\" data-id=\"right-content\">\n<p class=\"magic-8\" data-spm-anchor-id=\"a2700.wholesale.0.i31.640741a8B51D6m\">01. Hochempfindliche Doppler-Sonde, genaue FHF-Erkennung<br \/>\n02.Low Ultraschallleistung, sicher f\u00fcr den F\u00f6tus<br \/>\n03.Optionaler Anzeigebildschirm (Wert\/Diagramm)<br \/>\n04.Automatische Abschaltung in 1 Minute<br \/>\n05. Anzeige: 1,3 Zoll LCD<br \/>\n06.Ultraschallfrequenz: 2,125 MHz-2,875 MHz<br \/>\n07. Umfassende Sensibilit\u00e4t:&gt; 90dB<br \/>\n08.FHR Bereich: 50\/min~210\/min<br \/>\n09. Anzeigeaufl\u00f6sung: 1 bpm<br \/>\n10.FHR-Erkennungsabweichung: -2\/min~+2\/min<img decoding=\"async\" src=\"https:\/\/s.alicdn.com\/@sc01\/kf\/HTB1wMwfXLLsK1Rjy0Fbq6xSEXXas\/230438700\/HTB1wMwfXLLsK1Rjy0Fbq6xSEXXas.jpg?quality=close\"><img decoding=\"async\" src=\"https:\/\/s.alicdn.com\/@sc02\/kf\/HTB1uY_xXOLxK1Rjy0Ffq6zYdVXaz\/230438700\/HTB1uY_xXOLxK1Rjy0Ffq6zYdVXaz.jpg?quality=close\"><img decoding=\"async\" src=\"https:\/\/s.alicdn.com\/@sc01\/kf\/HTB1IgIgXLvsK1RjSspdq6AZepXao\/230438700\/HTB1IgIgXLvsK1RjSspdq6AZepXao.jpg?quality=close\"><img decoding=\"async\" src=\"https:\/\/s.alicdn.com\/@sc02\/kf\/HTB1QBYAXPnuK1RkSmFPq6AuzFXaK\/230438700\/HTB1QBYAXPnuK1RkSmFPq6AuzFXaK.jpg?quality=close\"><img decoding=\"async\" src=\"https:\/\/s.alicdn.com\/@sc02\/kf\/HTB1.h_EXLjsK1Rjy1Xaq6zispXaI\/230438700\/HTB1.h_EXLjsK1Rjy1Xaq6zispXaI.jpg?quality=close\"><img decoding=\"async\" src=\"https:\/\/s.alicdn.com\/@sc01\/kf\/HTB1gCbzXJfvK1RjSszhq6AcGFXaf\/230438700\/HTB1gCbzXJfvK1RjSszhq6AcGFXaf.jpg?quality=close\"><img decoding=\"async\" src=\"https:\/\/s.alicdn.com\/@sc02\/kf\/HTB1uQkkXNrvK1RjSszeq6yObFXaK\/230438700\/HTB1uQkkXNrvK1RjSszeq6yObFXaK.jpg?quality=close\"><\/p>\n<h3 class=\"magic-31\"><span style=\"font-size: x-large;\">Merkmale des Ultraschall-Fetaldopplers:<\/span><\/h3>\n<div class=\"magic-20\">\n<div class=\"magic-21\">\n<div class=\"magic-22\" data-id=\"paragraph0\">\n<p class=\"magic-8\" data-spm-anchor-id=\"a2700.wholesale.0.i40.640741a8B51D6m\"><span style=\"font-size: large;\">Sicher: Die Ultraschalldosierung liegt unter 50 % des nationalen Standards<br \/>\nBequemlichkeit: Kleine Gr\u00f6\u00dfe, praktisch f\u00fcr die \u00dcberwachung mehrerer Betten und die Diagnose von au\u00dfen<br \/>\nEmpfindlichkeit: \u00dcberwachung 12 Wochen \u00fcber dem Herzschlag des ungeborenen F\u00f6tus.<br \/>\nWirtschaftlich: Nehmen Sie mit einem professionellen Ladeger\u00e4t Akku an, um effektiv Kosten zu sparen, und k\u00f6nnen Sie auch 9,6-V-Einwegbatterien verwenden.<br \/>\nPraktisch: Einzigartiger Netzwerk-Terminaldienst, kann das zentrale Netzwerk im Krankenhaus durch Einwahl zu Hause verbinden, zeitnaher, zuverl\u00e4ssiger und genauer f\u00fcr die \u00dcberwachung des F\u00f6tus.<\/span><img decoding=\"async\" src=\"https:\/\/s.alicdn.com\/@sc01\/kf\/H3d43ab43a0f24fc7886a50fee5674fd4U\/230438700\/H3d43ab43a0f24fc7886a50fee5674fd4U.jpg?quality=close\"><img decoding=\"async\" src=\"https:\/\/s.alicdn.com\/@sc01\/kf\/HTB13r6WzOCYBuNkSnaVq6AMsVXae\/230438700\/HTB13r6WzOCYBuNkSnaVq6AMsVXae.jpg?quality=close\"><img decoding=\"async\" src=\"https:\/\/s.alicdn.com\/@sc01\/kf\/H10fdde19478c4022952b6ef21b37e97bx\/230438700\/H10fdde19478c4022952b6ef21b37e97bx.jpg?quality=close\"><\/p>\n<\/div>\n<\/div>\n<\/div>\n<\/div>\n<\/div>\n<\/div>\n<\/div>\n<\/div>\n<\/div>\n<\/div>\n<\/div>\n<\/div>\n<\/div>\n<\/div>\n<\/div>\n","protected":false},"excerpt":{"rendered":"<p>&nbsp;<\/p>\n<div style=\"width: auto;\">\n<div style=\"min-width: 300px; max-width: 300px; word-wrap: break-word; float: left;\">Herkunftsort: Guangdong, China<\/div>\n<div style=\"min-width: 300px; max-width: 300px; word-wrap: break-word; float: left;\">Markenname: OEM-ODM<\/div>\n<\/div>\n<div style=\"width: auto;\">\n<div style=\"min-width: 300px; max-width: 300px; word-wrap: break-word; float: left;\">Modellnummer: ABJ-706L<\/div>\n<div style=\"min-width: 300px; max-width: 300px; word-wrap: break-word; float: left;\">Stromquelle: Elektrisch<\/div>\n<\/div>\n<div style=\"width: auto;\">\n<div style=\"min-width: 300px; max-width: 300px; word-wrap: break-word; float: left;\">Garantie: KEINE<\/div>\n<div style=\"min-width: 300px; max-width: 300px; word-wrap: break-word; float: left;\">Kundendienst: KEINE<\/div>\n<\/div>\n<div style=\"width: auto;\">\n<div style=\"min-width: 300px; max-width: 300px; word-wrap: break-word; float: left;\">Material: Kunststoff<\/div>\n<div style=\"min-width: 300px; max-width: 300px; word-wrap: break-word; float: left;\">Haltbarkeit: 6 Monate<\/div>\n<\/div>\n<div style=\"width: auto;\">\n<div style=\"min-width: 300px; max-width: 300px; word-wrap: break-word; float: left;\">Qualit\u00e4tszertifizierung: ce<\/div>\n<div style=\"min-width: 300px; max-width: 300px; word-wrap: break-word; float: left;\">Instrumentenklassifizierung: Klasse II<\/div>\n<\/div>\n<div style=\"width: auto;\">\n<div style=\"min-width: 300px; max-width: 300px; word-wrap: break-word; float: left;\">Sicherheitsstandard: Keine<\/div>\n<div style=\"min-width: 300px; max-width: 300px; word-wrap: break-word; float: left;\">Typ: Doppler-Ultraschallger\u00e4t<\/div>\n<\/div>\n<div style=\"width: auto;\">\n<div style=\"min-width: 300px; max-width: 300px; word-wrap: break-word; float: left;\">Produktname: Doppler-Ultraschallger\u00e4t<\/div>\n<div style=\"min-width: 300px; max-width: 300px; word-wrap: break-word; float: left;\">Anwendung: f\u00f6taler Herzmonitor<\/div>\n<\/div>\n<div style=\"width: auto;\">\n<div style=\"min-width: 300px; max-width: 300px; word-wrap: break-word; float: left;\">Zertifikat: CE<\/div>\n<div style=\"min-width: 300px; max-width: 300px; word-wrap: break-word; float: left;\">Merkmal: Wasserdichte Sonde<\/div>\n<\/div>\n<div style=\"width: auto;\">\n<div style=\"min-width: 300px; max-width: 300px; word-wrap: break-word; float: left;\">FHF-Bereich: 50\/min~210\/min<\/div>\n<div style=\"min-width: 300px; max-width: 300px; word-wrap: break-word; float: left;\">Anzeigeaufl\u00f6sung: 1 bpm<\/div>\n<\/div>\n<div style=\"width: auto;\">\n<div style=\"min-width: 300px; max-width: 300px; word-wrap: break-word; float: left;\">Umfassende Sensibilit\u00e4t:&gt; 90dB<\/div>\n<div style=\"min-width: 300px; max-width: 300px; word-wrap: break-word; float: left;\">Ultraschallfrequenz: 2,125 MHz-2,875 MHz<\/div>\n<\/div>\n<div>Kundenspezifisches Logo (Mindestbestellmenge: 200 St\u00fcck)<\/div>\n<div>Kundenspezifische Verpackung (Mindestbestellmenge: 200 St\u00fcck)<\/div>\n","protected":false},"featured_media":12606,"comment_status":"closed","ping_status":"closed","template":"","meta":[],"product_cat":[151],"product_tag":[],"class_list":["post-13075","product","type-product","status-publish","has-post-thumbnail","hentry","product_cat-fetaler-doppler"],"_links":{"self":[{"href":"https:\/\/anbanjia.com.cn\/de\/wp-json\/wp\/v2\/product\/13075","targetHints":{"allow":["GET"]}}],"collection":[{"href":"https:\/\/anbanjia.com.cn\/de\/wp-json\/wp\/v2\/product"}],"about":[{"href":"https:\/\/anbanjia.com.cn\/de\/wp-json\/wp\/v2\/types\/product"}],"replies":[{"embeddable":true,"href":"https:\/\/anbanjia.com.cn\/de\/wp-json\/wp\/v2\/comments?post=13075"}],"wp:featuredmedia":[{"embeddable":true,"href":"https:\/\/anbanjia.com.cn\/de\/wp-json\/wp\/v2\/media\/12606"}],"wp:attachment":[{"href":"https:\/\/anbanjia.com.cn\/de\/wp-json\/wp\/v2\/media?parent=13075"}],"wp:term":[{"taxonomy":"product_cat","embeddable":true,"href":"https:\/\/anbanjia.com.cn\/de\/wp-json\/wp\/v2\/product_cat?post=13075"},{"taxonomy":"product_tag","embeddable":true,"href":"https:\/\/anbanjia.com.cn\/de\/wp-json\/wp\/v2\/product_tag?post=13075"}],"curies":[{"name":"wp","href":"https:\/\/api.w.org\/{rel}","templated":true}]}}