{"id":13068,"date":"2022-05-02T18:02:54","date_gmt":"2022-05-02T18:02:54","guid":{"rendered":"https:\/\/www.anbanjia.com.cn\/product\/amazon-hot-sell-infrarot-handheld-venenfinder-kann-venen-schnell-und-einfach-fuer-medizinisches-personal-finden\/"},"modified":"2022-05-02T18:02:54","modified_gmt":"2022-05-02T18:02:54","slug":"amazon-hot-sell-infrarot-handvenenfinder-kann-venen-schnell-finden-fur-medizinisches-personal","status":"publish","type":"product","link":"https:\/\/anbanjia.com.cn\/de\/produkt\/amazon-hot-sell-infrarot-handvenenfinder-kann-venen-schnell-finden-fur-medizinisches-personal\/","title":{"rendered":"Amazon Hot Sell Infrarot-Handheld-Venenfinder kann Venen schnell und einfach f\u00fcr medizinisches Personal finden"},"content":{"rendered":"<div style=\"max-width: 750px;margin: 0 auto;\">\n<div data-magic-global=\"%7B%22bizId%22%3A3215165050%2C%22pageId%22%3A20062400669%2C%22siteId%22%3A5005610021%7D\" id=\"detail_decorate_root\">\n<div class=\"J_module\" module-id=\"21973186660\" module-title=\"detailTextWithTitle\" render=\"true\">\n<div class=\"detail-decorate-json-renderer-container\">\n<div class=\"magic-1\">\n<h3 class=\"magic-2\">\n<div class=\"magic-3\"><span class=\"magic-4\"><font class=\"magic-5\" color=\"#e87474\">Venendetektor<\/font><\/span><\/div>\n<\/h3>\n<div class=\"magic-6\">\n<div class=\"magic-7\">\n<div class=\"magic-8\"><span><font class=\"magic-9\">Es kann einigen Menschen helfen, die Injektionen ben\u00f6tigen und keine Blutgef\u00e4\u00dfe finden k\u00f6nnen, um Blutgef\u00e4\u00dfe zu finden, was bequemer ist<\/font><\/span><\/div>\n<\/div>\n<\/div>\n<\/div>\n<\/div>\n<\/div>\n<div class=\"J_module\" module-id=\"21973186661\" module-title=\"detailManyImage\" render=\"true\">\n<div class=\"icbu-pc-detailManyImage magic-10\">\n<div class=\"magic-11\"><img decoding=\"async\" class=\"magic-12\" data-src=\"\" src=\"https:\/\/anbanjia.com.cn\/wp-content\/uploads\/2022\/05\/H2540c03020f747e08b1197c04418e801j.jpg\" style=\"max-width: 750;\"><\/div>\n<div class=\"magic-11\"><img decoding=\"async\" class=\"magic-12\" data-src=\"\" src=\"https:\/\/anbanjia.com.cn\/wp-content\/uploads\/2022\/05\/Hbbbc52283a69402bb03bc550de71396aZ.png\"><\/div>\n<div class=\"magic-11\"><img decoding=\"async\" class=\"magic-12\" data-src=\"\" src=\"https:\/\/anbanjia.com.cn\/wp-content\/uploads\/2022\/05\/H19383f08cd6a4afebcf0aeddfc3f788cQ.jpg\"><\/div>\n<div class=\"magic-11\"><img decoding=\"async\" class=\"magic-12\" data-src=\"\" src=\"https:\/\/anbanjia.com.cn\/wp-content\/uploads\/2022\/05\/H9ce3032d92fe4c8990c7a9f46fe8a634n.jpg\"><\/div>\n<div class=\"magic-11\"><img decoding=\"async\" class=\"magic-12\" data-src=\"\" src=\"https:\/\/anbanjia.com.cn\/wp-content\/uploads\/2022\/05\/H78ea5224cf124d3ca4d1f8564cefefa7m.jpg\"><\/div>\n<div class=\"magic-11\"><img decoding=\"async\" class=\"magic-12\" data-src=\"\" src=\"https:\/\/anbanjia.com.cn\/wp-content\/uploads\/2022\/05\/H29e9ded9df854c99a626867bb48dae0cj.png\"><\/div>\n<\/div>\n<\/div><\/div>\n<\/div>\n","protected":false},"excerpt":{"rendered":"<div style=\"width:auto\">\n<div style=\"min-width: 300px;max-width: 300px;word-wrap: break-word;float: left\">Eigenschaften: Zubeh\u00f6r f\u00fcr die Rehabilitationstherapie <\/div>\n<div style=\"min-width: 300px;max-width: 300px;word-wrap: break-word;float: left\">Herkunftsort: Guangdong, China<\/div>\n<\/p><\/div>\n<div style=\"width:auto\">\n<div style=\"min-width: 300px;max-width: 300px;word-wrap: break-word;float: left\">Markenname: Anbanjia <\/div>\n<div style=\"min-width: 300px;max-width: 300px;word-wrap: break-word;float: left\">Modellnummer: ABJ-Y01<\/div>\n<\/p><\/div>\n<div style=\"width:auto\">\n<div style=\"min-width: 300px;max-width: 300px;word-wrap: break-word;float: left\">Typ: Blutdruckregulierung <\/div>\n<div style=\"min-width: 300px;max-width: 300px;word-wrap: break-word;float: left\">Produktname: Infrarot-Venensucher mit Griff<\/div>\n<\/p><\/div>\n<div style=\"width:auto\">\n<div style=\"min-width: 300px;max-width: 300px;word-wrap: break-word;float: left\">Modell:ABJ-Y01 <\/div>\n<div style=\"min-width: 300px;max-width: 300px;word-wrap: break-word;float: left\">Gr\u00f6\u00dfe: 190 x 24 x 35 mm<\/div>\n<\/p><\/div>\n<div style=\"width:auto\">\n<div style=\"min-width: 300px;max-width: 300px;word-wrap: break-word;float: left\">Batterie: Lithiumbatterie 3,7 V * 2 <\/div>\n<div style=\"min-width: 300px;max-width: 300px;word-wrap: break-word;float: left\">Ladeger\u00e4t: DC8,4 V\/1000 mA<\/div>\n<\/p><\/div>\n<div style=\"width:auto\">\n<div style=\"min-width: 300px;max-width: 300px;word-wrap: break-word;float: left\">NW: 260 g <\/div>\n<div style=\"min-width: 300px;max-width: 300px;word-wrap: break-word;float: left\">Stromversorgung: einstecken<\/div>\n<\/p><\/div>\n<div style=\"width:auto\">\n<div style=\"min-width: 300px;max-width: 300px;word-wrap: break-word;float: left\">Material: Leiterplatte + ABS-Kunststoff <\/div>\n<div style=\"min-width: 300px;max-width: 300px;word-wrap: break-word;float: left\">Display-Bildgebung:Infrarotlicht<\/div>\n<\/p><\/div>\n<div>Kundenspezifisches Logo (Mindestbestellmenge: 500 St\u00fcck)<\/div>\n<div>Kundenspezifische Verpackung (Mindestbestellmenge: 500 St\u00fcck)<\/div>\n","protected":false},"featured_media":6476,"comment_status":"closed","ping_status":"closed","template":"","meta":[],"product_cat":[137],"product_tag":[],"class_list":["post-13068","product","type-product","status-publish","has-post-thumbnail","hentry","product_cat-venenfinder"],"_links":{"self":[{"href":"https:\/\/anbanjia.com.cn\/de\/wp-json\/wp\/v2\/product\/13068","targetHints":{"allow":["GET"]}}],"collection":[{"href":"https:\/\/anbanjia.com.cn\/de\/wp-json\/wp\/v2\/product"}],"about":[{"href":"https:\/\/anbanjia.com.cn\/de\/wp-json\/wp\/v2\/types\/product"}],"replies":[{"embeddable":true,"href":"https:\/\/anbanjia.com.cn\/de\/wp-json\/wp\/v2\/comments?post=13068"}],"wp:featuredmedia":[{"embeddable":true,"href":"https:\/\/anbanjia.com.cn\/de\/wp-json\/wp\/v2\/media\/6476"}],"wp:attachment":[{"href":"https:\/\/anbanjia.com.cn\/de\/wp-json\/wp\/v2\/media?parent=13068"}],"wp:term":[{"taxonomy":"product_cat","embeddable":true,"href":"https:\/\/anbanjia.com.cn\/de\/wp-json\/wp\/v2\/product_cat?post=13068"},{"taxonomy":"product_tag","embeddable":true,"href":"https:\/\/anbanjia.com.cn\/de\/wp-json\/wp\/v2\/product_tag?post=13068"}],"curies":[{"name":"wp","href":"https:\/\/api.w.org\/{rel}","templated":true}]}}