{"id":13067,"date":"2022-05-02T18:02:46","date_gmt":"2022-05-02T18:02:46","guid":{"rendered":"https:\/\/www.anbanjia.com.cn\/product\/herstellung-von-cholesterinmessgeraet-lipidmessgeraet-5-in-1-analysator-test-glukosemessgeraet\/"},"modified":"2022-05-02T18:02:46","modified_gmt":"2022-05-02T18:02:46","slug":"hersteller-cholesterin-meter-lipid-meter-5-in-1-analysator-test-glucose-meter","status":"publish","type":"product","link":"https:\/\/anbanjia.com.cn\/de\/produkt\/hersteller-cholesterin-meter-lipid-meter-5-in-1-analysator-test-glucose-meter\/","title":{"rendered":"Herstellung von Cholesterinmessger\u00e4t Lipidmessger\u00e4t 5 in 1 Analysator Test Glukosemessger\u00e4t"},"content":{"rendered":"<div style=\"max-width: 750px; margin: 0 auto;\">\n<div id=\"detail_decorate_root\" data-magic-global=\"%7B%22bizId%22%3A3215165050%2C%22pageId%22%3A21020366103%2C%22siteId%22%3A5005610021%7D\">\n<div class=\"J_module\">\n<div class=\"detail-decorate-json-renderer-container\">\n<div class=\"magic-1\">\n<div class=\"magic-2\">\n<div class=\"magic-3\">\n<div class=\"magic-4\">\n<div class=\"magic-5\"><b><span class=\"magic-6\">Stellen Sie Cholesterinmessger\u00e4t her Lipid Meter 5 in 1 Analysator-Test-Glukosemessger\u00e4t<\/span><\/b><\/div>\n<\/div>\n<\/div>\n<\/div>\n<\/div>\n<\/div>\n<\/div>\n<div class=\"J_module\">\n<div class=\"detail-decorate-json-renderer-container\">\n<div class=\"magic-1\">\n<div class=\"magic-2\">\n<div class=\"magic-3\">\n<div class=\"magic-4\">\n<div class=\"magic-5\"><span class=\"magic-7\">Wenn Sie Fragen haben, wenden Sie sich bitte an den Verk\u00e4ufer oder kontaktieren Sie uns unter WhatsApp: +86 13660866055. Vielen Dank <\/span><\/div>\n<\/div>\n<\/div>\n<\/div>\n<\/div>\n<\/div>\n<\/div>\n<div class=\"J_module\">\n<div class=\"icbu-pc-images magic-8\">\n<div>\n<div class=\"flex-layout-v\">\n<div class=\"flex-layout-h magic-8\">\n<div class=\"magic-9\"><img decoding=\"async\" class=\"magic-10\" style=\"max-width: 750;\" src=\"https:\/\/anbanjia.com.cn\/wp-content\/uploads\/2022\/05\/H78a19b7d51a14fc1bec6da9a7e26fc109.jpg\" data-src=\"\"><\/div>\n<div><img decoding=\"async\" src=\"https:\/\/s.alicdn.com\/@sc04\/kf\/H67dd898ad08a4421b20a391d2bbac1a4r\/230438700\/H67dd898ad08a4421b20a391d2bbac1a4r.jpg?quality=close\"><img decoding=\"async\" src=\"https:\/\/s.alicdn.com\/@sc04\/kf\/H843a7fca9d0f4ab09066e56076d153e08\/230438700\/H843a7fca9d0f4ab09066e56076d153e08.jpg?quality=close\"><img decoding=\"async\" src=\"https:\/\/s.alicdn.com\/@sc04\/kf\/Hb04f683ba8964ac0b6e72cd211bf36cep\/230438700\/Hb04f683ba8964ac0b6e72cd211bf36cep.png?quality=close\"><\/p>\n<div class=\"J_module\">\n<div class=\"detail-decorate-json-renderer-container\">\n<div class=\"magic-1\">\n<div class=\"magic-2\" data-spm-anchor-id=\"a2700.details.0.i24.13e939c4mZ2kRv\">\n<div class=\"magic-3\">\n<div class=\"magic-4\" data-spm-anchor-id=\"a2700.details.0.i25.13e939c4mZ2kRv\">\n<div><b><span class=\"magic-7\">Merkmale :<\/span><\/b><\/div>\n<p>1. Flexibel und effizient; Ultraweiter Erfassungsbereich; Kann Einzelerkennung (Einzelkarte) oder vier gleichzeitige Erkennung (Mehrfachkarte) sein. 2. Bequem und schnell; Kann eine Vielzahl von Probentypen (Fingerspitzen-Vollblut, ven\u00f6ses Vollblut, Serum, Plasma) ohne Vorbehandlung erkennen; Eine einzelne Karte erfordert nur 10 \u03bcl Blutprobe (mehrere Karten erfordern nur 35 \u03bcl Blutprobe) und die Ergebnisse k\u00f6nnen innerhalb von 2 Minuten erhalten werden. 3. Datenmanagement: Kann innerhalb von 10 Jahren eine Risikobewertung f\u00fcr koronare Herzkrankheit (KHK) durchf\u00fchren; Unterst\u00fctzt USB-\u00dcbertragung, kann direkt an den Drucker oder Computer angeschlossen werden. Paket beinhaltet: 1pc \u00dcberwachungssystem 20pcs Lipid Panel<\/p><\/div>\n<\/div>\n<\/div>\n<\/div>\n<\/div>\n<\/div>\n<div class=\"J_module\">\n<div class=\"detail-decorate-json-renderer-container\">\n<div class=\"magic-1\">\n<h3 class=\"magic-14\"><\/h3>\n<div class=\"magic-2\">\n<div class=\"magic-3\">\n<div class=\"magic-4\" data-spm-anchor-id=\"a2700.details.0.i26.13e939c4mZ2kRv\"><b><span class=\"magic-6\">Wir haben viele Teststreifen, die Sie \u00fcberpr\u00fcfen k\u00f6nnen.<\/span><\/b><\/div>\n<div data-spm-anchor-id=\"a2700.details.0.i26.13e939c4mZ2kRv\"><img decoding=\"async\" src=\"https:\/\/s.alicdn.com\/@sc04\/kf\/H67dd898ad08a4421b20a391d2bbac1a4r\/230438700\/H67dd898ad08a4421b20a391d2bbac1a4r.jpg?quality=close\"><img decoding=\"async\" src=\"https:\/\/s.alicdn.com\/@sc04\/kf\/H623dc6ae6b4c4cc0bfe0ebf7b63a0280R\/230438700\/H623dc6ae6b4c4cc0bfe0ebf7b63a0280R.jpg?quality=close\"><img decoding=\"async\" src=\"https:\/\/s.alicdn.com\/@sc04\/kf\/H7bd18034bbad40bbac78a66d0e861e8dd\/230438700\/H7bd18034bbad40bbac78a66d0e861e8dd.jpg?quality=close\"><img decoding=\"async\" class=\"\" src=\"https:\/\/s.alicdn.com\/@sc04\/kf\/H439c791608e140f4800cfa9d3cf5dc98q\/230438700\/H439c791608e140f4800cfa9d3cf5dc98q.png?quality=close\" width=\"662\" height=\"641\"><\/div>\n<div data-spm-anchor-id=\"a2700.details.0.i26.13e939c4mZ2kRv\"><img decoding=\"async\" src=\"https:\/\/s.alicdn.com\/@sc04\/kf\/HTB1ejKGU7PoK1RjSZKbq6x1IXXa1\/230438700\/HTB1ejKGU7PoK1RjSZKbq6x1IXXa1.jpg?quality=close\"><\/div>\n<div data-spm-anchor-id=\"a2700.details.0.i26.13e939c4mZ2kRv\"><img decoding=\"async\" src=\"https:\/\/s.alicdn.com\/@sc04\/kf\/HTB1OWXfVkvoK1RjSZFwq6AiCFXaJ\/230438700\/HTB1OWXfVkvoK1RjSZFwq6AiCFXaJ.jpg?quality=close\"><\/div>\n<div data-spm-anchor-id=\"a2700.details.0.i26.13e939c4mZ2kRv\"><img decoding=\"async\" class=\"\" src=\"https:\/\/s.alicdn.com\/@sc04\/kf\/HTB1u8k_U3HqK1RjSZFPq6AwapXat\/230438700\/HTB1u8k_U3HqK1RjSZFPq6AwapXat.jpg?quality=close\" width=\"757\" height=\"507\"><\/div>\n<div data-spm-anchor-id=\"a2700.details.0.i26.13e939c4mZ2kRv\"><img decoding=\"async\" src=\"https:\/\/s.alicdn.com\/@sc04\/kf\/H9cf73549ee14494fbdffe548af68d739o\/230438700\/H9cf73549ee14494fbdffe548af68d739o.jpg?quality=close\"><img decoding=\"async\" src=\"https:\/\/s.alicdn.com\/@sc04\/kf\/H59936e4bf8a84365bae0850709889b3cH\/230438700\/H59936e4bf8a84365bae0850709889b3cH.jpg?quality=close\"><\/div>\n<div data-spm-anchor-id=\"a2700.details.0.i26.13e939c4mZ2kRv\"><img decoding=\"async\" src=\"https:\/\/s.alicdn.com\/@sc04\/kf\/H10fdde19478c4022952b6ef21b37e97bx\/230438700\/H10fdde19478c4022952b6ef21b37e97bx.jpg?quality=close\"><\/div>\n<div data-spm-anchor-id=\"a2700.details.0.i26.13e939c4mZ2kRv\"><\/div>\n<\/div>\n<\/div>\n<\/div>\n<\/div>\n<\/div>\n<\/div>\n<\/div>\n<\/div>\n<\/div>\n<\/div>\n<\/div>\n<\/div>\n<\/div>\n","protected":false},"excerpt":{"rendered":"<p>&nbsp;<\/p>\n<div style=\"width: auto;\">\n<div style=\"min-width: 300px; max-width: 300px; word-wrap: break-word; float: left;\">Herkunftsort: Guangdong, China<\/div>\n<div style=\"min-width: 300px; max-width: 300px; word-wrap: break-word; float: left;\">Markenname: KEINE<\/div>\n<\/div>\n<div style=\"width: auto;\">\n<div style=\"min-width: 300px; max-width: 300px; word-wrap: break-word; float: left;\">Modellnummer: CCS-114<\/div>\n<div style=\"min-width: 300px; max-width: 300px; word-wrap: break-word; float: left;\">Stromquelle: Elektrisch<\/div>\n<\/div>\n<div style=\"width: auto;\">\n<div style=\"min-width: 300px; max-width: 300px; word-wrap: break-word; float: left;\">1 Jahr Garantie<\/div>\n<div style=\"min-width: 300px; max-width: 300px; word-wrap: break-word; float: left;\">Kundendienst: KEINE<\/div>\n<\/div>\n<div style=\"width: auto;\">\n<div style=\"min-width: 300px; max-width: 300px; word-wrap: break-word; float: left;\">Stromversorgungsmodus: Eingebauter Akku<\/div>\n<div style=\"min-width: 300px; max-width: 300px; word-wrap: break-word; float: left;\">Material: Kunststoff<\/div>\n<\/div>\n<div style=\"width: auto;\">\n<div style=\"min-width: 300px; max-width: 300px; word-wrap: break-word; float: left;\">Haltbarkeit: 1 Jahre<\/div>\n<div style=\"min-width: 300px; max-width: 300px; word-wrap: break-word; float: left;\">Qualit\u00e4tszertifizierung: ce<\/div>\n<\/div>\n<div style=\"width: auto;\">\n<div style=\"min-width: 300px; max-width: 300px; word-wrap: break-word; float: left;\">Instrumentenklassifizierung: Klasse II<\/div>\n<div style=\"min-width: 300px; max-width: 300px; word-wrap: break-word; float: left;\">Sicherheitsstandard: Keine<\/div>\n<\/div>\n<div style=\"width: auto;\">\n<div style=\"min-width: 300px; max-width: 300px; word-wrap: break-word; float: left;\">Probentyp: Vollblut, Serum oder Plasma<\/div>\n<div style=\"min-width: 300px; max-width: 300px; word-wrap: break-word; float: left;\">Testzeit: \u2264120 Sekunden<\/div>\n<\/div>\n<div style=\"width: auto;\">\n<div style=\"min-width: 300px; max-width: 300px; word-wrap: break-word; float: left;\">Speicherwert: 200 Testergebnisse<\/div>\n<div style=\"min-width: 300px; max-width: 300px; word-wrap: break-word; float: left;\">Betriebstemperatur: 15-35 \u00b0C, \u2264 80 % Luftfeuchtigkeit<\/div>\n<\/div>\n","protected":false},"featured_media":13335,"comment_status":"closed","ping_status":"closed","template":"","meta":[],"product_cat":[76],"product_tag":[],"class_list":["post-13067","product","type-product","status-publish","has-post-thumbnail","hentry","product_cat-shock-wave-physiotherapy"],"_links":{"self":[{"href":"https:\/\/anbanjia.com.cn\/de\/wp-json\/wp\/v2\/product\/13067","targetHints":{"allow":["GET"]}}],"collection":[{"href":"https:\/\/anbanjia.com.cn\/de\/wp-json\/wp\/v2\/product"}],"about":[{"href":"https:\/\/anbanjia.com.cn\/de\/wp-json\/wp\/v2\/types\/product"}],"replies":[{"embeddable":true,"href":"https:\/\/anbanjia.com.cn\/de\/wp-json\/wp\/v2\/comments?post=13067"}],"wp:featuredmedia":[{"embeddable":true,"href":"https:\/\/anbanjia.com.cn\/de\/wp-json\/wp\/v2\/media\/13335"}],"wp:attachment":[{"href":"https:\/\/anbanjia.com.cn\/de\/wp-json\/wp\/v2\/media?parent=13067"}],"wp:term":[{"taxonomy":"product_cat","embeddable":true,"href":"https:\/\/anbanjia.com.cn\/de\/wp-json\/wp\/v2\/product_cat?post=13067"},{"taxonomy":"product_tag","embeddable":true,"href":"https:\/\/anbanjia.com.cn\/de\/wp-json\/wp\/v2\/product_tag?post=13067"}],"curies":[{"name":"wp","href":"https:\/\/api.w.org\/{rel}","templated":true}]}}