{"id":13061,"date":"2022-05-02T18:02:59","date_gmt":"2022-05-02T18:02:59","guid":{"rendered":"https:\/\/www.anbanjia.com.cn\/product\/kleiner-tragbarer-reisefahrzeug-sauerstoffkonzentrator-des-niedrigen-preises-mit-batterie\/"},"modified":"2022-05-02T18:02:59","modified_gmt":"2022-05-02T18:02:59","slug":"preiswertes-kleines-tragbares-reisefahrzeug-sauerstoffkonzentrator-mit-batterie","status":"publish","type":"product","link":"https:\/\/anbanjia.com.cn\/de\/produkt\/preiswertes-kleines-tragbares-reisefahrzeug-sauerstoffkonzentrator-mit-batterie\/","title":{"rendered":"Kleiner tragbarer Reisefahrzeug-Sauerstoffkonzentrator des niedrigen Preises mit Batterie"},"content":{"rendered":"<div style=\"max-width: 750px;margin: 0 auto;\">\n<div data-section=\"AliPostDhMb-kczpq\" data-section-title=\"Product Details\" id=\"ali-anchor-AliPostDhMb-kczpq\" style=\"padding-top: 8px;\">\n<div id=\"ali-title-AliPostDhMb-kczpq\" style=\"padding: 8px 0; border-bottom: 1px solid #ddd;\"><span style=\"background-color: #ddd; color: #333; font-weight: bold; padding: 8px 10px; line-height: 12px;\">Produktdetails<\/span><\/div>\n<div style=\"padding: 10px 0;\">\n<p><img decoding=\"async\" data-alt=\"Low price small portable travel vehicle oxygen concentrator with battery\" data-src=\"\" ori-height=\"476\" ori-width=\"750\" src=\"https:\/\/anbanjia.com.cn\/wp-content\/uploads\/2022\/05\/HTB1pKcVSpXXXXa8XXXXq6xXFXXXs-2.jpg\" style=\"max-width: 750;\"><\/p>\n<p style=\"text-align: center;\"><span style=\"font-size: 24px; color: #0000ff;\">Mini-Sauerstoffkonzentrator<\/span><\/p>\n<p style=\"text-align: center;\"><span style=\"font-size: 24px; color: #0000ff;\">Wenn Sie Fragen haben, k\u00f6nnen Sie mir diese gerne mitteilen.<\/span><\/p>\n<\/p>\n<p> <img decoding=\"async\" data-alt=\"Low price small portable travel vehicle oxygen concentrator with battery\" data-src=\"\" ori-height=\"1026\" ori-width=\"1026\" src=\"https:\/\/anbanjia.com.cn\/wp-content\/uploads\/2022\/05\/HTB14fflX16sK1RjSsrbq6xbDXXaa.jpg\"><img decoding=\"async\" data-alt=\"Low price small portable travel vehicle oxygen concentrator with battery\" data-src=\"\" ori-height=\"573\" ori-width=\"753\" src=\"https:\/\/anbanjia.com.cn\/wp-content\/uploads\/2022\/05\/unnamed-file-3.jpg\"><\/p>\n<p><span style=\"font-size: 24px; color: #ffffff; background-color: #3366ff;\">Produktvorteil:<\/span><br \/><span style=\"color: #3366ff; font-size: 16px;\">1. Leicht und tragbar. Nur ca. 2 kg, leicht zu tragen.<\/span><br \/><span style=\"color: #3366ff; font-size: 16px;\">2. Ger\u00e4uscharmer, stummgeschalteter Motor, physikalische Sauerstofferzeugung. Unter 45db.<\/span><br \/><span style=\"color: #3366ff; font-size: 16px;\">3. Energieeffizient und kosteng\u00fcnstig: Mini-Gr\u00f6\u00dfe, sparsamer Stromverbrauch, konzentriert nur reinen Sauerstoff aus der Umgebungsluft, so dass es fast keine Kosten verursacht. Bei langfristiger Verwendung k\u00f6nnen Sie Tausende von Dollar sparen.<\/span><br \/><span style=\"color: #3366ff; font-size: 16px;\">4. Praktisch: Es bietet eine kontinuierliche Sauerstoffversorgung, ohne dass Flaschen gelagert und ausgetauscht werden m\u00fcssen.<\/span><br \/><span style=\"color: #3366ff; font-size: 16px;\">5. Zuverl\u00e4ssig und pflegeleicht. Halten Sie einfach den Ansaugfilter sauber und frei von Staub. Keine Notwendigkeit einer speziellen Installation oder Wartezeit f\u00fcr Nachf\u00fclltanks wie Fl\u00fcssigsauerstoff oder Sauerstofftanks.<\/span><br \/><span style=\"color: #3366ff; font-size: 16px;\">6. Einfach zu bedienen. Vereinfachtes, pr\u00e4gnantes Steuerungssystem mit intensivem Design unter der Kontrolle von nur 2 Tasten. .<\/span><br \/><span style=\"color: #3366ff; font-size: 16px;\">7. KOSTENLOSER BONUS: Die Sicherheit des internationalen Standardadapters (100-240 V) h\u00e4lt ernsthaften \u00c4nderungen des Leistungsdrucks und der Frequenz stand. Dadurch kann dieser Artikel weltweit verwendet werden.<\/span><br \/><span style=\"color: #3366ff; font-size: 16px;\">8. Ausgestattet mit aufladbarer Lithiumbatterie kann zu Hause verwendet werden. In einem Auto und sogar an Orten ohne Stromversorgung.<\/span><br \/><span style=\"color: #3366ff; font-size: 16px;\">9. Fortschrittliche Fotokatalysator-Aktivkohlefunktionen zum Entfernen von Staub, Bakterien und Ger\u00fcchen aus der Luft, um saubere und frische Luft zu liefern.<\/span><br \/><span style=\"color: #3366ff; font-size: 16px;\">10. Lange Arbeitszeit: Es kann l\u00e4ngere Stunden betrieben werden, wenn es ununterbrochen an eine Wand- oder Autosteckdose angeschlossen ist. (bis zu 8 Std. durchgehend)<\/span><br \/><span style=\"color: #3366ff; font-size: 16px;\">11.Sauerstoffreinheit bis 29 (+\/-2)%, Lebensstandard, saubere, reiche Sauerstoffversorgung.<\/span><\/p>\n<p><img decoding=\"async\" data-alt=\"Low price small portable travel vehicle oxygen concentrator with battery\" data-src=\"\" ori-height=\"800\" ori-width=\"1072\" src=\"https:\/\/anbanjia.com.cn\/wp-content\/uploads\/2022\/05\/unnamed-file-3.jpg\"><img decoding=\"async\" data-alt=\"Low price small portable travel vehicle oxygen concentrator with battery\" data-src=\"\" ori-height=\"1000\" ori-width=\"1000\" src=\"https:\/\/anbanjia.com.cn\/wp-content\/uploads\/2022\/05\/HTB1fCDrX0fvK1RjSszhq6AcGFXaF.jpg\"><img decoding=\"async\" data-alt=\"Low price small portable travel vehicle oxygen concentrator with battery\" data-src=\"\" ori-height=\"1000\" ori-width=\"1000\" src=\"https:\/\/anbanjia.com.cn\/wp-content\/uploads\/2022\/05\/HTB1azrnXZTxK1Rjy0Fgq6yovpXaj.jpg\"><img decoding=\"async\" data-alt=\"Low price small portable travel vehicle oxygen concentrator with battery\" data-src=\"\" ori-height=\"1000\" ori-width=\"1000\" src=\"https:\/\/anbanjia.com.cn\/wp-content\/uploads\/2022\/05\/HTB1n5jrXZnrK1RjSspkq6yuvXXaz.jpg\"><img decoding=\"async\" data-alt=\"Low price small portable travel vehicle oxygen concentrator with battery\" data-src=\"\" ori-height=\"1000\" ori-width=\"1000\" src=\"https:\/\/anbanjia.com.cn\/wp-content\/uploads\/2022\/05\/HTB1GvIMiSMmBKNjSZTEq6ysKpXaK.jpg\"><img decoding=\"async\" data-alt=\"Low price small portable travel vehicle oxygen concentrator with battery\" data-src=\"\" ori-height=\"1000\" ori-width=\"1000\" src=\"https:\/\/anbanjia.com.cn\/wp-content\/uploads\/2022\/05\/HTB1xKQZyVmWBuNjSspdq6zugXXaN.jpg\"><\/p>\n<\/div>\n<\/div>\n<div data-section=\"AliPostDhMb-qlv2n\" data-section-title=\"contact us\" id=\"ali-anchor-AliPostDhMb-qlv2n\" style=\"padding-top: 8px;\">\n<div id=\"ali-title-AliPostDhMb-qlv2n\" style=\"padding: 8px 0; border-bottom: 1px solid #ddd;\"><span style=\"background-color: #ddd; color: #333; font-weight: bold; padding: 8px 10px; line-height: 12px;\">kontaktiere uns<\/span><\/div>\n<div style=\"padding: 10px 0;\">\n<p><a href=\"https:\/\/abj-medical.en.alibaba.com\/contactinfo.html?spm=a2700.8304367.topnav.8.5d239224wxD2sy\" target=\"_blank\" rel=\"noopener\"><img decoding=\"async\" data-alt=\"Low price small portable travel vehicle oxygen concentrator with battery\" data-src=\"\" ori-height=\"332\" ori-width=\"800\" src=\"https:\/\/anbanjia.com.cn\/wp-content\/uploads\/2022\/05\/HTB1E_8LXOLxK1Rjy0Ffq6zYdVXay.jpg\"> <\/a><\/p>\n<\/div>\n<\/div>\n<div data-section=\"AliPostDhMb-62uzs\" data-section-title=\"Product Categories\" id=\"ali-anchor-AliPostDhMb-62uzs\" style=\"padding-top: 8px;\">\n<div id=\"ali-title-AliPostDhMb-62uzs\" style=\"padding: 8px 0; border-bottom: 1px solid #ddd;\"><span style=\"background-color: #ddd; color: #333; font-weight: bold; padding: 8px 10px; line-height: 12px;\">Produktkategorien<\/span><\/div>\n<div style=\"padding: 10px 0;\">\n<p><a href=\"https:\/\/www.alibaba.com\/product-detail\/Babycare-Pregnancy-test-fetal-heartbeat-fetal_60751845426.html?spm=a2747.manage.list.130.671a71d2Ciz3gy\" target=\"_blank\" rel=\"noopener\"><img decoding=\"async\" data-alt=\"Low price small portable travel vehicle oxygen concentrator with battery\" data-src=\"\" ori-height=\"321\" ori-width=\"750\" src=\"https:\/\/anbanjia.com.cn\/wp-content\/uploads\/2022\/05\/HTB1cdBMXOLxK1Rjy0Ffq6zYdVXaj.jpg\"><\/a><\/p>\n<\/div>\n<\/div>\n<div data-section=\"AliPostDhMb-ho4en\" data-section-title=\"certificate\" id=\"ali-anchor-AliPostDhMb-ho4en\" style=\"padding-top: 8px;\">\n<div id=\"ali-title-AliPostDhMb-ho4en\" style=\"padding: 8px 0; border-bottom: 1px solid #ddd;\"><span style=\"background-color: #ddd; color: #333; font-weight: bold; padding: 8px 10px; line-height: 12px;\">Zertifikat<\/span><\/div>\n<div style=\"padding: 10px 0;\">\n<p><img decoding=\"async\" data-alt=\"Low price small portable travel vehicle oxygen concentrator with battery\" data-src=\"\" ori-height=\"365\" ori-width=\"750\" src=\"https:\/\/anbanjia.com.cn\/wp-content\/uploads\/2022\/05\/HTB1Z1olSpXXXXctXXXXq6xXFXXXu-1.jpg\"> <\/p>\n<\/div>\n<\/div>\n<div data-section=\"AliPostDhMb-69t1h\" data-section-title=\"company information\" id=\"ali-anchor-AliPostDhMb-69t1h\" style=\"padding-top: 8px;\">\n<div id=\"ali-title-AliPostDhMb-69t1h\" style=\"padding: 8px 0; border-bottom: 1px solid #ddd;\"><span style=\"background-color: #ddd; color: #333; font-weight: bold; padding: 8px 10px; line-height: 12px;\">Firmeninformation<\/span><\/div>\n<div style=\"padding: 10px 0;\">\n<p><img decoding=\"async\" data-alt=\"Low price small portable travel vehicle oxygen concentrator with battery\" data-src=\"\" ori-height=\"1857\" ori-width=\"750\" src=\"https:\/\/anbanjia.com.cn\/wp-content\/uploads\/2022\/05\/HTB1MME3SpXXXXbJaXXXq6xXFXXXA-1.jpg\"> <\/p>\n<\/div>\n<\/div>\n<div data-section=\"AliPostDhMb-8850z\" data-section-title=\"Home\" id=\"ali-anchor-AliPostDhMb-8850z\" style=\"padding-top: 8px;\">\n<div id=\"ali-title-AliPostDhMb-8850z\" style=\"padding: 8px 0; border-bottom: 1px solid #ddd;\"><span style=\"background-color: #ddd; color: #333; font-weight: bold; padding: 8px 10px; line-height: 12px;\">Heim<\/span><\/div>\n<div style=\"padding: 10px 0;\">\n<p><img decoding=\"async\" data-alt=\"Low price small portable travel vehicle oxygen concentrator with battery\" data-src=\"\" ori-height=\"172\" ori-width=\"750\" src=\"https:\/\/anbanjia.com.cn\/wp-content\/uploads\/2022\/05\/unnamed-file-3.jpg\"><\/p>\n<p><a href=\"https:\/\/abj-medical.en.alibaba.com\/?spm=a2700.8304367.topnav.1.7fb94f0d6W4Kaf\" target=\"_blank\" rel=\"noopener\"><img decoding=\"async\" data-alt=\"Low price small portable travel vehicle oxygen concentrator with battery\" data-src=\"\" ori-height=\"124\" ori-width=\"750\" src=\"https:\/\/anbanjia.com.cn\/wp-content\/uploads\/2022\/05\/HTB10aT7SpXXXXa7XFXXq6xXFXXXO-1.jpg\"> <\/a><\/p>\n<\/div>\n<\/div>\n<\/div>\n","protected":false},"excerpt":{"rendered":"<div style=\"width:auto\">\n<div style=\"min-width: 300px;max-width: 300px;word-wrap: break-word;float: left\">Markenname:ABJ\/OEM <\/div>\n<div style=\"min-width: 300px;max-width: 300px;word-wrap: break-word;float: left\">Modellnummer: ABJ-TP2<\/div>\n<\/p><\/div>\n<div style=\"width:auto\">\n<div style=\"min-width: 300px;max-width: 300px;word-wrap: break-word;float: left\">Instrumentenklassifizierung: Klasse II <\/div>\n<div style=\"min-width: 300px;max-width: 300px;word-wrap: break-word;float: left\">Sauerstoffkonzentration: 29 %\u00b12%<\/div>\n<\/p><\/div>\n<div style=\"width:auto\">\n<div style=\"min-width: 300px;max-width: 300px;word-wrap: break-word;float: left\">Luftstromauslass: ca. 3 +\/- 1,5 l\/min <\/div>\n<div style=\"min-width: 300px;max-width: 300px;word-wrap: break-word;float: left\">Nennspannung: AC100V-240V \/ DC12V-16,8V<\/div>\n<\/p><\/div>\n<div style=\"width:auto\">\n<div style=\"min-width: 300px;max-width: 300px;word-wrap: break-word;float: left\">Stromverbrauch: 32 W <\/div>\n<div style=\"min-width: 300px;max-width: 300px;word-wrap: break-word;float: left\">Produktgr\u00f6\u00dfe: 230 mm (L) * 110 mm (B) * 160 mm (H)<\/div>\n<\/p><\/div>\n<div style=\"width:auto\">\n<div style=\"min-width: 300px;max-width: 300px;word-wrap: break-word;float: left\">Rauschen: \u226445dB <\/div>\n<div style=\"min-width: 300px;max-width: 300px;word-wrap: break-word;float: left\">Verpackungsgr\u00f6\u00dfe: 30 x 20 x 24 cm<\/div>\n<\/p><\/div>\n<div>Kundenspezifisches Logo (Mindestbestellmenge: 200 St\u00fcck)<\/div>\n<div>Kundenspezifische Verpackung (Mindestbestellmenge: 200 St\u00fcck)<\/div>\n","protected":false},"featured_media":6764,"comment_status":"closed","ping_status":"closed","template":"","meta":[],"product_cat":[135],"product_tag":[],"class_list":["post-13061","product","type-product","status-publish","has-post-thumbnail","hentry","product_cat-sauerstoff-konzentrator"],"_links":{"self":[{"href":"https:\/\/anbanjia.com.cn\/de\/wp-json\/wp\/v2\/product\/13061","targetHints":{"allow":["GET"]}}],"collection":[{"href":"https:\/\/anbanjia.com.cn\/de\/wp-json\/wp\/v2\/product"}],"about":[{"href":"https:\/\/anbanjia.com.cn\/de\/wp-json\/wp\/v2\/types\/product"}],"replies":[{"embeddable":true,"href":"https:\/\/anbanjia.com.cn\/de\/wp-json\/wp\/v2\/comments?post=13061"}],"wp:featuredmedia":[{"embeddable":true,"href":"https:\/\/anbanjia.com.cn\/de\/wp-json\/wp\/v2\/media\/6764"}],"wp:attachment":[{"href":"https:\/\/anbanjia.com.cn\/de\/wp-json\/wp\/v2\/media?parent=13061"}],"wp:term":[{"taxonomy":"product_cat","embeddable":true,"href":"https:\/\/anbanjia.com.cn\/de\/wp-json\/wp\/v2\/product_cat?post=13061"},{"taxonomy":"product_tag","embeddable":true,"href":"https:\/\/anbanjia.com.cn\/de\/wp-json\/wp\/v2\/product_tag?post=13061"}],"curies":[{"name":"wp","href":"https:\/\/api.w.org\/{rel}","templated":true}]}}