{"id":13060,"date":"2022-05-02T18:02:55","date_gmt":"2022-05-02T18:02:55","guid":{"rendered":"https:\/\/www.anbanjia.com.cn\/product\/infrarot-venensuchgeraet-im-neuen-stil-tragbarer-tragbarer-venenbetrachter-fuer-punktion-oder-injektion\/"},"modified":"2022-05-02T18:02:55","modified_gmt":"2022-05-02T18:02:55","slug":"infrarot-venenfinder-neuer-stil-medizinischer-tragbarer-venenbetrachter-zum-punktieren-oder-injizieren","status":"publish","type":"product","link":"https:\/\/anbanjia.com.cn\/de\/produkt\/infrarot-venenfinder-neuer-stil-medizinischer-tragbarer-venenbetrachter-zum-punktieren-oder-injizieren\/","title":{"rendered":"Infrarot-Venensuchger\u00e4t im neuen Stil, tragbarer tragbarer Venenbetrachter f\u00fcr Punktion oder Injektion"},"content":{"rendered":"<div style=\"max-width: 750px;margin: 0 auto;\">\n<p><img decoding=\"async\" data-alt=\"Infrared vein finder new style medical portable handheld vein viewer for puncture or inject\" data-src=\"\" ori-height=\"280\" ori-width=\"746\" src=\"https:\/\/anbanjia.com.cn\/wp-content\/uploads\/2022\/05\/H2d00607136e64c9c89111d500178b4adZ.png\" style=\"max-width: 750;\"><\/p>\n<\/p>\n<p><strong><span style=\"font-size: 32px;\">   <span style=\"font-size: 24px;\">      <\/span>     <span style=\"font-size: 24px;\">Infrarot-Venensucher New Style Medical <\/span><\/span><\/strong><\/p>\n<p><strong> <span style=\"font-size: 32px;\"><span style=\"font-size: 24px;\">Tragbarer tragbarer Venenbetrachter f\u00fcr<\/span><\/span> <span style=\"font-size: 24px;\">Punktion oder Injektion<\/span> <\/strong><\/p>\n<\/p>\n<p><img decoding=\"async\" data-alt=\"Infrared vein finder new style medical portable handheld vein viewer for puncture or inject\" data-src=\"\" ori-height=\"800\" ori-width=\"800\" src=\"https:\/\/anbanjia.com.cn\/wp-content\/uploads\/2022\/05\/H0c7089dcf3b7449199d8e40255375c47u.jpg\"><img decoding=\"async\" data-alt=\"Infrared vein finder new style medical portable handheld vein viewer for puncture or inject\" data-src=\"\" ori-height=\"640\" ori-width=\"640\" src=\"https:\/\/anbanjia.com.cn\/wp-content\/uploads\/2022\/05\/H3f8946194f954876b875f209e7697a55d.jpg\"><img decoding=\"async\" data-alt=\"Infrared vein finder new style medical portable handheld vein viewer for puncture or inject\" data-src=\"\" ori-height=\"706\" ori-width=\"748\" src=\"https:\/\/anbanjia.com.cn\/wp-content\/uploads\/2022\/05\/H19fc1af41c8b47c9ad79946c572f6ffdF.png\"><img decoding=\"async\" data-alt=\"Infrared vein finder new style medical portable handheld vein viewer for puncture or inject\" data-src=\"\" ori-height=\"800\" ori-width=\"800\" src=\"https:\/\/anbanjia.com.cn\/wp-content\/uploads\/2022\/05\/H7f7418ddaab3405b9afab43f10f666417.jpg\"><img decoding=\"async\" data-alt=\"Infrared vein finder new style medical portable handheld vein viewer for puncture or inject\" data-src=\"\" ori-height=\"800\" ori-width=\"800\" src=\"https:\/\/anbanjia.com.cn\/wp-content\/uploads\/2022\/05\/H78ea5224cf124d3ca4d1f8564cefefa7m.jpg\"><img decoding=\"async\" data-alt=\"Infrared vein finder new style medical portable handheld vein viewer for puncture or inject\" data-src=\"\" ori-height=\"800\" ori-width=\"800\" src=\"https:\/\/anbanjia.com.cn\/wp-content\/uploads\/2022\/05\/H9ce3032d92fe4c8990c7a9f46fe8a634n.jpg\"><img decoding=\"async\" data-alt=\"Infrared vein finder new style medical portable handheld vein viewer for puncture or inject\" data-src=\"\" ori-height=\"790\" ori-width=\"681\" src=\"https:\/\/anbanjia.com.cn\/wp-content\/uploads\/2022\/05\/H29e9ded9df854c99a626867bb48dae0cj.png\"><\/p>\n<\/p>\n<p style=\"margin: 0px; padding: 0px; color: #000000; font-family: Arial; font-size: 12px; font-style: normal; font-weight: 400;\"><span style=\"line-height: 27px; font-size: 18px;\">Produktmerkmale:<\/span><\/p>\n<p style=\"margin: 0px; padding: 0px; color: #000000; font-family: Arial; font-size: 12px; font-style: normal; font-weight: 400;\"><span style=\"line-height: 27px; font-size: 18px;\">1. Unser Venensuchger\u00e4t ist tragbar, zuverl\u00e4ssig und g\u00fcnstig. es ist bequem aufzuladen<\/span><\/p>\n<p style=\"margin: 0px; padding: 0px; color: #000000; font-family: Arial; font-size: 12px; font-style: normal; font-weight: 400;\"><span style=\"line-height: 27px; font-size: 18px;\">2. Es hilft Krankenschwestern und \u00c4rzten, Venen einfach und schnell zu finden, um wiederholte schmerzhafte Nadelstiche bei Patienten zu reduzieren.<\/span><\/p>\n<p style=\"margin: 0px; padding: 0px; color: #000000; font-family: Arial; font-size: 12px; font-style: normal; font-weight: 400;\"><span style=\"line-height: 27px; font-size: 18px;\">3. Geeignet f\u00fcr Erwachsene, Kinder, Kleinkinder, alte M\u00e4nner, dicke M\u00e4nner, die Venen nicht leicht finden k\u00f6nnen.<\/span><\/p>\n<pre> <\/pre>\n<\/p>\n<p><img decoding=\"async\" data-alt=\"Infrared vein finder new style medical portable handheld vein viewer for puncture or inject\" data-src=\"\" ori-height=\"944\" ori-width=\"750\" src=\"https:\/\/anbanjia.com.cn\/wp-content\/uploads\/2022\/05\/H2624fa5d782c4876bf4d35d9dc8a3fa9k.jpg\"><\/p>\n<p><img decoding=\"async\" data-src=\"\" ori-height=\"271\" ori-width=\"760\" src=\"https:\/\/anbanjia.com.cn\/wp-content\/uploads\/2022\/05\/Hee9408d448ab460f94c285e537e347025.png\"><\/p>\n<\/div>\n","protected":false},"excerpt":{"rendered":"<div style=\"width:auto\">\n<div style=\"min-width: 300px;max-width: 300px;word-wrap: break-word;float: left\">Herkunftsort: Guangdong, China <\/div>\n<div style=\"min-width: 300px;max-width: 300px;word-wrap: break-word;float: left\">Markenname:ABJ<\/div>\n<\/p><\/div>\n<div style=\"width:auto\">\n<div style=\"min-width: 300px;max-width: 300px;word-wrap: break-word;float: left\">Modellnummer: Y01 <\/div>\n<div style=\"min-width: 300px;max-width: 300px;word-wrap: break-word;float: left\">Energiequelle: Elektrizit\u00e4t<\/div>\n<\/p><\/div>\n<div style=\"width:auto\">\n<div style=\"min-width: 300px;max-width: 300px;word-wrap: break-word;float: left\">Garantie: KEINE <\/div>\n<div style=\"min-width: 300px;max-width: 300px;word-wrap: break-word;float: left\">Kundendienst: KEINE<\/div>\n<\/p><\/div>\n<div style=\"width:auto\">\n<div style=\"min-width: 300px;max-width: 300px;word-wrap: break-word;float: left\">Stromversorgungsmodus: Plug-in <\/div>\n<div style=\"min-width: 300px;max-width: 300px;word-wrap: break-word;float: left\">Material: Kunststoff<\/div>\n<\/p><\/div>\n<div style=\"width:auto\">\n<div style=\"min-width: 300px;max-width: 300px;word-wrap: break-word;float: left\">Haltbarkeit: 6 Monate <\/div>\n<div style=\"min-width: 300px;max-width: 300px;word-wrap: break-word;float: left\">Qualit\u00e4tszertifizierung: ce<\/div>\n<\/p><\/div>\n<div style=\"width:auto\">\n<div style=\"min-width: 300px;max-width: 300px;word-wrap: break-word;float: left\">Instrumentenklassifizierung: Klasse II <\/div>\n<div style=\"min-width: 300px;max-width: 300px;word-wrap: break-word;float: left\">Sicherheitsstandard: Keine<\/div>\n<\/p><\/div>\n<div style=\"width:auto\">\n<div style=\"min-width: 300px;max-width: 300px;word-wrap: break-word;float: left\">Produktname: Venenanzeige <\/div>\n<div style=\"min-width: 300px;max-width: 300px;word-wrap: break-word;float: left\">Modell:ABJ-Y01<\/div>\n<\/p><\/div>\n<div style=\"width:auto\">\n<div style=\"min-width: 300px;max-width: 300px;word-wrap: break-word;float: left\">Gr\u00f6\u00dfe: 190 x 24 x 35 mm <\/div>\n<div style=\"min-width: 300px;max-width: 300px;word-wrap: break-word;float: left\">Batterie: Lithiumbatterie 3,7 V * 2<\/div>\n<\/p><\/div>\n<div style=\"width:auto\">\n<div style=\"min-width: 300px;max-width: 300px;word-wrap: break-word;float: left\">Ladeger\u00e4t: DC8,4 V\/1000 mA <\/div>\n<div style=\"min-width: 300px;max-width: 300px;word-wrap: break-word;float: left\">NW: 260 g<\/div>\n<\/p><\/div>\n","protected":false},"featured_media":6476,"comment_status":"closed","ping_status":"closed","template":"","meta":[],"product_cat":[137],"product_tag":[],"class_list":["post-13060","product","type-product","status-publish","has-post-thumbnail","hentry","product_cat-venenfinder"],"_links":{"self":[{"href":"https:\/\/anbanjia.com.cn\/de\/wp-json\/wp\/v2\/product\/13060","targetHints":{"allow":["GET"]}}],"collection":[{"href":"https:\/\/anbanjia.com.cn\/de\/wp-json\/wp\/v2\/product"}],"about":[{"href":"https:\/\/anbanjia.com.cn\/de\/wp-json\/wp\/v2\/types\/product"}],"replies":[{"embeddable":true,"href":"https:\/\/anbanjia.com.cn\/de\/wp-json\/wp\/v2\/comments?post=13060"}],"wp:featuredmedia":[{"embeddable":true,"href":"https:\/\/anbanjia.com.cn\/de\/wp-json\/wp\/v2\/media\/6476"}],"wp:attachment":[{"href":"https:\/\/anbanjia.com.cn\/de\/wp-json\/wp\/v2\/media?parent=13060"}],"wp:term":[{"taxonomy":"product_cat","embeddable":true,"href":"https:\/\/anbanjia.com.cn\/de\/wp-json\/wp\/v2\/product_cat?post=13060"},{"taxonomy":"product_tag","embeddable":true,"href":"https:\/\/anbanjia.com.cn\/de\/wp-json\/wp\/v2\/product_tag?post=13060"}],"curies":[{"name":"wp","href":"https:\/\/api.w.org\/{rel}","templated":true}]}}