{"id":13055,"date":"2022-05-02T18:03:01","date_gmt":"2022-05-02T18:03:01","guid":{"rendered":"https:\/\/www.anbanjia.com.cn\/product\/haushaltsregler-sauerstoffmessgeraet-druckflascheninhalator-mit-befeuchtung\/"},"modified":"2022-05-02T18:03:01","modified_gmt":"2022-05-02T18:03:01","slug":"haushaltsregler-sauerstoffmesser-druckzylinder-inhalator-mit-befeuchtung","status":"publish","type":"product","link":"https:\/\/anbanjia.com.cn\/de\/produkt\/haushaltsregler-sauerstoffmesser-druckzylinder-inhalator-mit-befeuchtung\/","title":{"rendered":"Haushaltsregler Sauerstoffmessger\u00e4t Druckflascheninhalator mit Befeuchtung"},"content":{"rendered":"<div style=\"max-width: 750px;margin: 0 auto;\">\n<div class=\"mceSectionContainer\" data-section=\"AliPostDhMb-ljvh5\" data-section-title=\"Product Details\" id=\"ali-anchor-AliPostDhMb-ljvh5\" style=\"padding-top: 8px;\">\n<div id=\"ali-title-AliPostDhMb-ljvh5\" style=\"padding: 8px 0; border-bottom: 1px solid #ddd;\"><span style=\"background-color: #ddd; color: #333; font-weight: bold; padding: 8px 10px; line-height: 12px;\">Produktdetails<\/span><\/div>\n<div style=\"padding: 10px 0;\">\n<p style=\"text-align: center;\"><span style=\"font-size: 24px;\"><strong>Medizinisches chirurgisches elektrisches Absaugger\u00e4t Tragbares chirurgisches Absaugger\u00e4t<\/strong><\/span><\/p>\n<table border=\"1\" style=\"border-collapse: collapse; background-color: #ffffff; width: 707px; height: 502px;\">\n<tbody>\n<tr style=\"height: 53px;\">\n<td style=\"width: 353px; text-align: center; height: 53px;\"><span style=\"font-size: 18px;\"><strong>Produktname<\/strong><\/span><\/td>\n<td style=\"width: 348px; text-align: center; height: 53px;\"><span style=\"font-size: 18px;\"><strong>Bojentyp\u00b7Sauerstoffinhalator<\/strong><\/span><\/td>\n<\/tr>\n<tr style=\"height: 38px;\">\n<td style=\"width: 353px; text-align: center; height: 38px;\"><span style=\"font-size: 18px;\"><strong>Eingangsdruck<\/strong><\/span><\/td>\n<p>&lt; <\/p>\n<td style=\"width: 348px; text-align: center; height: 38px;\"><span style=\"font-size: 18px;\"><strong>15 MPa<\/strong><\/span><\/td>\n<\/tr>\n<tr style=\"height: 38px;\">\n<td style=\"width: 353px; text-align: center; height: 38px;\"><span style=\"font-size: 18px;\"><strong>Ausgangsdruck<\/strong><\/span><\/td>\n<td style=\"width: 348px; text-align: center; height: 38px;\"><span style=\"font-size: 18px;\"><strong>0,25 MPa<\/strong><\/span><\/td>\n<\/tr>\n<tr style=\"height: 38px;\">\n<td style=\"width: 353px; text-align: center; height: 38px;\"><span style=\"font-size: 18px;\"><strong>Flow-Einstellbereich<\/strong><\/span><\/td>\n<td style=\"width: 348px; text-align: center; height: 38px;\"><span style=\"font-size: 18px;\"><strong>1-10L\/min<\/strong><\/span><\/td>\n<\/tr>\n<tr style=\"height: 38px;\">\n<td style=\"width: 353px; text-align: center; height: 38px;\"><span style=\"font-size: 18px;\"><strong>Sicherheitsventil<\/strong><\/span><\/td>\n<td style=\"width: 348px; text-align: center; height: 38px;\"><span style=\"font-size: 18px;\"><strong>0,5 MPa automatische Entl\u00fcftung<\/strong><\/span><\/td>\n<\/tr>\n<tr style=\"height: 38px;\">\n<td style=\"width: 353px; text-align: center; height: 38px;\"><span style=\"font-size: 18px;\"><strong>Importiertes Gewinde<\/strong><\/span><\/td>\n<td style=\"width: 348px; text-align: center; height: 38px;\"><span style=\"font-size: 18px;\"><strong>G5\/8&#8220;<\/strong><\/span><\/td>\n<\/tr>\n<tr style=\"height: 38px;\">\n<td style=\"width: 348px; text-align: center; height: 38px;\"><span style=\"font-size: 18px;\"><strong>Exportgewinde<\/strong><\/span><\/td>\n<td style=\"width: 353px; text-align: center; height: 38px;\"><span style=\"font-size: 18px;\"><strong>M12x1<\/strong><\/span><\/td>\n<\/tr>\n<\/tbody>\n<\/table>\n<p><span style=\"font-size: 24px;\"><strong>Einf\u00fchrung:<\/strong><\/span><\/p>\n<p><span style=\"font-size: 18px;\">Es wird haupts\u00e4chlich im Sauerstoffversorgungssystem des medizinischen Zentrums verwendet, das von medizinischen Einheiten verwendet wird, um Sauerstoff- und Hypoxiepatienten zur Sauerstoffinhalation, wissenschaftlichen Forschungseinrichtungen, Industrie und Bergbau und anderen Inhalationsflusskontrollger\u00e4ten zuzuf\u00fchren. Die Durchflussrate des Sauerstoffinhalators ist genau, bequem und sicher in der Anwendung. Es ist ein unverzichtbares Ger\u00e4t f\u00fcr die Sauerstofftherapie von Patienten in Notaufnahmen und Stationen von Krankenh\u00e4usern<\/span><\/p>\n<p><span style=\"font-size: 18px;\">Arbeitsprinzip<\/span><br \/><span style=\"font-size: 18px;\">Die Rolle des Sauerstoffinhalators besteht darin, einen kontinuierlichen, konstanten Druck und Sauerstofffluss f\u00fcr die Patienten bereitzustellen. Der Flaschensteck-Sauerstoffinhalator verwendet eine eigene Druckreduziervorrichtung, um den hohen Druck in der Sauerstoffflasche (15 MPa Druck, wenn die Flasche voll ist) auf einen niedrigen Druck zu reduzieren, der f\u00fcr den menschlichen Gebrauch geeignet ist (0,2 ~ 0,2 MPa), und dann auszugeben der menschliche K\u00f6rper, nachdem er mit Wasser befeuchtet wurde. Da der Wandsteck-Sauerstoffinhalator einen Eingangsdruck von 0,2 bis 0,4 MPa hat, muss er nicht dekomprimiert werden und kann direkt an den menschlichen K\u00f6rper abgegeben werden.<\/span><\/p>\n<p><span style=\"font-size: 18px;\"><img decoding=\"async\" data-alt=\"Household regulator oxygen meter pressure cylinder inhaler with humidifying\" data-src=\"\" ori-height=\"800\" ori-width=\"800\" src=\"https:\/\/anbanjia.com.cn\/wp-content\/uploads\/2022\/05\/Hdfb8de8ac8d34552aea13fd5f6de4a7b1.jpg\" style=\"max-width: 750;\"><img decoding=\"async\" data-alt=\"Household regulator oxygen meter pressure cylinder inhaler with humidifying\" data-src=\"\" ori-height=\"800\" ori-width=\"800\" src=\"https:\/\/anbanjia.com.cn\/wp-content\/uploads\/2022\/05\/H96c5d8e05a94414382e40ce59c68abf2o.jpg\"><img decoding=\"async\" data-alt=\"Household regulator oxygen meter pressure cylinder inhaler with humidifying\" data-src=\"\" ori-height=\"800\" ori-width=\"800\" src=\"https:\/\/anbanjia.com.cn\/wp-content\/uploads\/2022\/05\/H178fb4b6d89b48ceb58138076d268965d.jpg\"><img decoding=\"async\" data-alt=\"Household regulator oxygen meter pressure cylinder inhaler with humidifying\" data-src=\"\" ori-height=\"800\" ori-width=\"800\" src=\"https:\/\/anbanjia.com.cn\/wp-content\/uploads\/2022\/05\/H4e429c6e674840aa94464d35d3ae601cB.jpg\"><img decoding=\"async\" data-alt=\"Household regulator oxygen meter pressure cylinder inhaler with humidifying\" data-src=\"\" ori-height=\"800\" ori-width=\"800\" src=\"https:\/\/anbanjia.com.cn\/wp-content\/uploads\/2022\/05\/H178fb4b6d89b48ceb58138076d268965d.jpg\"><img decoding=\"async\" data-alt=\"Household regulator oxygen meter pressure cylinder inhaler with humidifying\" data-src=\"\" ori-height=\"800\" ori-width=\"800\" src=\"https:\/\/anbanjia.com.cn\/wp-content\/uploads\/2022\/05\/H57e5909876274489b4b03e254fcafa86k.jpg\"><img decoding=\"async\" data-alt=\"Household regulator oxygen meter pressure cylinder inhaler with humidifying\" data-src=\"\" ori-height=\"800\" ori-width=\"800\" src=\"https:\/\/anbanjia.com.cn\/wp-content\/uploads\/2022\/05\/H50b4943df6ab4f2281ddc3afbb27dfad0.jpg\"><img decoding=\"async\" data-alt=\"Household regulator oxygen meter pressure cylinder inhaler with humidifying\" data-src=\"\" ori-height=\"800\" ori-width=\"800\" src=\"https:\/\/anbanjia.com.cn\/wp-content\/uploads\/2022\/05\/H571b3c22cf464104b148c341a8d93087O.jpg\"><img decoding=\"async\" data-alt=\"Household regulator oxygen meter pressure cylinder inhaler with humidifying\" data-src=\"\" ori-height=\"1920\" ori-width=\"1440\" src=\"https:\/\/anbanjia.com.cn\/wp-content\/uploads\/2022\/05\/H1904a56cba844143acaace6e1a24d2a7b.jpg\"><img decoding=\"async\" data-alt=\"Household regulator oxygen meter pressure cylinder inhaler with humidifying\" data-src=\"\" ori-height=\"800\" ori-width=\"800\" src=\"https:\/\/anbanjia.com.cn\/wp-content\/uploads\/2022\/05\/H68133c361fe44a6c9cb14ded4cc8edc9o.jpg\"><img decoding=\"async\" data-alt=\"Household regulator oxygen meter pressure cylinder inhaler with humidifying\" data-src=\"\" ori-height=\"800\" ori-width=\"800\" src=\"https:\/\/anbanjia.com.cn\/wp-content\/uploads\/2022\/05\/Hd172e361694f424eb187d5cd172829f34.jpg\"><\/span><\/p>\n<\/p><\/div>\n<\/p><\/div>\n<div class=\"mceSectionContainer\" data-section=\"AliPostDhMb-g8zpw\" data-section-title=\"contact us\" id=\"ali-anchor-AliPostDhMb-g8zpw\" style=\"padding-top: 8px;\">\n<div id=\"ali-title-AliPostDhMb-g8zpw\" style=\"padding: 8px 0; border-bottom: 1px solid #ddd;\"><span style=\"background-color: #ddd; color: #333; font-weight: bold; padding: 8px 10px; line-height: 12px;\">kontaktiere uns<\/span><\/div>\n<div style=\"padding: 10px 0;\">\n<p><a href=\"https:\/\/abj-medical.en.alibaba.com\/contactinfo.html?spm=a2700.8304367.topnav.8.5d239224wxD2sy\" target=\"_blank\" rel=\"noopener\"> <img decoding=\"async\" data-alt=\"Household regulator oxygen meter pressure cylinder inhaler with humidifying\" data-src=\"\" ori-height=\"271\" ori-width=\"760\" src=\"https:\/\/anbanjia.com.cn\/wp-content\/uploads\/2022\/05\/H4a476ca2a62642c5955586ce8e509aa6M.png\"><\/a><\/p>\n<\/p><\/div>\n<\/p><\/div>\n<div class=\"mceSectionContainer\" data-section=\"AliPostDhMb-vv6n9\" data-section-title=\"Product Categories\" id=\"ali-anchor-AliPostDhMb-vv6n9\" style=\"padding-top: 8px;\">\n<div id=\"ali-title-AliPostDhMb-vv6n9\" style=\"padding: 8px 0; border-bottom: 1px solid #ddd;\"><span style=\"background-color: #ddd; color: #333; font-weight: bold; padding: 8px 10px; line-height: 12px;\">Produktkategorien<\/span><\/div>\n<div style=\"padding: 10px 0;\">\n<p> <a href=\"https:\/\/abj-medical.en.alibaba.com\/productgrouplist-804871560\/Electric_wheelchair_and_apparatus.html?spm=a2700.icbuShop.88.30.704a44ebaAhP4D\" target=\"_blank\" rel=\"noopener\"><img decoding=\"async\" data-alt=\"Household regulator oxygen meter pressure cylinder inhaler with humidifying\" data-src=\"\" ori-height=\"285\" ori-width=\"750\" src=\"https:\/\/anbanjia.com.cn\/wp-content\/uploads\/2022\/05\/HTB1ERWiSFXXXXasXXXXq6xXFXXXw.jpg\"><\/a><\/p>\n<\/p><\/div>\n<\/p><\/div>\n<div class=\"mceSectionContainer\" data-section=\"AliPostDhMb-ub5hb\" data-section-title=\"certificate\" id=\"ali-anchor-AliPostDhMb-ub5hb\" style=\"padding-top: 8px;\">\n<div id=\"ali-title-AliPostDhMb-ub5hb\" style=\"padding: 8px 0; border-bottom: 1px solid #ddd;\"><span style=\"background-color: #ddd; color: #333; font-weight: bold; padding: 8px 10px; line-height: 12px;\">Zertifikat<\/span><\/div>\n<div style=\"padding: 10px 0;\">\n<p><img decoding=\"async\" data-alt=\"Household regulator oxygen meter pressure cylinder inhaler with humidifying\" data-src=\"\" ori-height=\"365\" ori-width=\"750\" src=\"https:\/\/anbanjia.com.cn\/wp-content\/uploads\/2022\/05\/HTB1Z1olSpXXXXctXXXXq6xXFXXXu-1.jpg\"> <\/p>\n<\/p><\/div>\n<\/p><\/div>\n<div class=\"mceSectionContainer\" data-section=\"AliPostDhMb-yhho8\" data-section-title=\"company information\" id=\"ali-anchor-AliPostDhMb-yhho8\" style=\"padding-top: 8px;\">\n<div id=\"ali-title-AliPostDhMb-yhho8\" style=\"padding: 8px 0; border-bottom: 1px solid #ddd;\"><span style=\"background-color: #ddd; color: #333; font-weight: bold; padding: 8px 10px; line-height: 12px;\">Firmeninformation<\/span><\/div>\n<div style=\"padding: 10px 0;\">\n<p><img decoding=\"async\" data-src=\"\" ori-height=\"1100\" ori-width=\"750\" src=\"https:\/\/anbanjia.com.cn\/wp-content\/uploads\/2022\/05\/HTB1HgKPcQ5E3KVjSZFCq6zuzXXay.jpg\"><\/p>\n<\/p><\/div>\n<\/p><\/div>\n<div class=\"mceSectionContainer\" data-section=\"AliPostDhMb-dlpgq\" data-section-title=\"Home\" id=\"ali-anchor-AliPostDhMb-dlpgq\" style=\"padding-top: 8px;\">\n<div id=\"ali-title-AliPostDhMb-dlpgq\" style=\"padding: 8px 0; border-bottom: 1px solid #ddd;\"><span style=\"background-color: #ddd; color: #333; font-weight: bold; padding: 8px 10px; line-height: 12px;\">Heim<\/span><\/div>\n<div style=\"padding: 10px 0;\">\n<p><img decoding=\"async\" data-alt=\"Household regulator oxygen meter pressure cylinder inhaler with humidifying\" data-src=\"\" ori-height=\"172\" ori-width=\"750\" src=\"https:\/\/anbanjia.com.cn\/wp-content\/uploads\/2022\/05\/unnamed-file-3.jpg\"><\/p>\n<p><a href=\"https:\/\/abj-medical.en.alibaba.com\/?spm=a2700.8304367.topnav.1.7fb94f0d6W4Kaf\" target=\"_blank\" rel=\"noopener\"><img decoding=\"async\" data-alt=\"Household regulator oxygen meter pressure cylinder inhaler with humidifying\" data-src=\"\" ori-height=\"124\" ori-width=\"750\" src=\"https:\/\/anbanjia.com.cn\/wp-content\/uploads\/2022\/05\/HTB10aT7SpXXXXa7XFXXq6xXFXXXO-1.jpg\"><\/a> <\/p>\n<\/p><\/div>\n<\/p><\/div>\n<\/div>\n","protected":false},"excerpt":{"rendered":"<div style=\"width:auto\">\n<div style=\"min-width: 300px;max-width: 300px;word-wrap: break-word;float: left\">Herkunftsort: China <\/div>\n<div style=\"min-width: 300px;max-width: 300px;word-wrap: break-word;float: left\">Markenname: Anbanjia<\/div>\n<\/p><\/div>\n<div style=\"width:auto\">\n<div style=\"min-width: 300px;max-width: 300px;word-wrap: break-word;float: left\">Modellnummer: KL05 <\/div>\n<div style=\"min-width: 300px;max-width: 300px;word-wrap: break-word;float: left\">Stromquelle: MANUELL<\/div>\n<\/p><\/div>\n<div style=\"width:auto\">\n<div style=\"min-width: 300px;max-width: 300px;word-wrap: break-word;float: left\">1 Jahr Garantie <\/div>\n<div style=\"min-width: 300px;max-width: 300px;word-wrap: break-word;float: left\">Kundendienst: KEINE<\/div>\n<\/p><\/div>\n<div style=\"width:auto\">\n<div style=\"min-width: 300px;max-width: 300px;word-wrap: break-word;float: left\">Material: Kunststoff <\/div>\n<div style=\"min-width: 300px;max-width: 300px;word-wrap: break-word;float: left\">Haltbarkeit: 1 Jahre<\/div>\n<\/p><\/div>\n<div style=\"width:auto\">\n<div style=\"min-width: 300px;max-width: 300px;word-wrap: break-word;float: left\">Qualit\u00e4tszertifizierung: ce <\/div>\n<div style=\"min-width: 300px;max-width: 300px;word-wrap: break-word;float: left\">Instrumentenklassifizierung: Klasse II<\/div>\n<\/p><\/div>\n<div style=\"width:auto\">\n<div style=\"min-width: 300px;max-width: 300px;word-wrap: break-word;float: left\">Sicherheitsstandard: Keine <\/div>\n<div style=\"min-width: 300px;max-width: 300px;word-wrap: break-word;float: left\">Eingangsspannung: &lt;15 MPa<\/div>\n<\/p><\/div>\n<div style=\"width:auto\">\n<div style=\"min-width: 300px;max-width: 300px;word-wrap: break-word;float: left\">Ausgangsspannung: 0,25 MPa <\/div>\n<div style=\"min-width: 300px;max-width: 300px;word-wrap: break-word;float: left\">Durchflussregulierung: 1-10L\/MIN<\/div>\n<\/p><\/div>\n<div style=\"width:auto\">\n<div style=\"min-width: 300px;max-width: 300px;word-wrap: break-word;float: left\">Sicherheitsventil: 0,5 MPa automatischer Auspuff <\/div>\n<div style=\"min-width: 300px;max-width: 300px;word-wrap: break-word;float: left\">Importiertes Gewinde: G5\/8<\/div>\n<\/p><\/div>\n<div>Kundenspezifisches Logo (Mindestbestellmenge: 500 St\u00fcck)<\/div>\n<div>Kundenspezifische Verpackung (Mindestbestellmenge: 500 St\u00fcck)<\/div>\n","protected":false},"featured_media":6862,"comment_status":"closed","ping_status":"closed","template":"","meta":[],"product_cat":[135],"product_tag":[],"class_list":["post-13055","product","type-product","status-publish","has-post-thumbnail","hentry","product_cat-sauerstoff-konzentrator"],"_links":{"self":[{"href":"https:\/\/anbanjia.com.cn\/de\/wp-json\/wp\/v2\/product\/13055","targetHints":{"allow":["GET"]}}],"collection":[{"href":"https:\/\/anbanjia.com.cn\/de\/wp-json\/wp\/v2\/product"}],"about":[{"href":"https:\/\/anbanjia.com.cn\/de\/wp-json\/wp\/v2\/types\/product"}],"replies":[{"embeddable":true,"href":"https:\/\/anbanjia.com.cn\/de\/wp-json\/wp\/v2\/comments?post=13055"}],"wp:featuredmedia":[{"embeddable":true,"href":"https:\/\/anbanjia.com.cn\/de\/wp-json\/wp\/v2\/media\/6862"}],"wp:attachment":[{"href":"https:\/\/anbanjia.com.cn\/de\/wp-json\/wp\/v2\/media?parent=13055"}],"wp:term":[{"taxonomy":"product_cat","embeddable":true,"href":"https:\/\/anbanjia.com.cn\/de\/wp-json\/wp\/v2\/product_cat?post=13055"},{"taxonomy":"product_tag","embeddable":true,"href":"https:\/\/anbanjia.com.cn\/de\/wp-json\/wp\/v2\/product_tag?post=13055"}],"curies":[{"name":"wp","href":"https:\/\/api.w.org\/{rel}","templated":true}]}}