{"id":13041,"date":"2022-05-02T18:03:02","date_gmt":"2022-05-02T18:03:02","guid":{"rendered":"https:\/\/www.anbanjia.com.cn\/product\/chinesische-medizinische-gesundheitsmassage-fuer-zu-hause-6-schroepfbecher-fuer-kinder-erwachsene-und-aeltere-menschen\/"},"modified":"2022-05-02T18:03:02","modified_gmt":"2022-05-02T18:03:02","slug":"chinesische-hauspflege-medizinische-gesundheitsmassage-6-schropfbecher-fur-kinder-erwachsene-und-altere","status":"publish","type":"product","link":"https:\/\/anbanjia.com.cn\/de\/produkt\/chinesische-hauspflege-medizinische-gesundheitsmassage-6-schropfbecher-fur-kinder-erwachsene-und-altere\/","title":{"rendered":"Chinesische medizinische Gesundheitsmassage f\u00fcr zu Hause, 6 Schr\u00f6pfbecher f\u00fcr Kinder, Erwachsene und \u00e4ltere Menschen"},"content":{"rendered":"<div style=\"max-width: 750px; margin: 0 auto;\">\n<div id=\"ali-anchor-AliPostDhMb-34si4\" style=\"padding-top: 8px;\" data-section=\"AliPostDhMb-34si4\" data-section-title=\"Product Details\">\n<div id=\"ali-title-AliPostDhMb-34si4\" style=\"padding: 8px 0; border-bottom: 1px solid #ddd;\"><span style=\"background-color: #ddd; color: #333; font-weight: bold; padding: 8px 10px; line-height: 12px;\">Produktdetails<\/span><\/div>\n<div style=\"padding: 10px 0;\">\n<p style=\"text-align: center;\"><span style=\"font-size: 24px;\"><strong>Hijama-Pumpe, einzelne Schr\u00f6pftasse<\/strong><\/span><\/p>\n<p><span style=\"color: #0000ff; font-family: Verdana, Geneva; font-size: 32px;\"><strong><img decoding=\"async\" style=\"max-width: 750;\" src=\"https:\/\/anbanjia.com.cn\/wp-content\/uploads\/2022\/05\/HTB1CtXhaLBj_uVjSZFpq6A0SXXal.jpg\" data-alt=\"Chinese home care medical health massage 6 cupping cup for Children ,adult and elderly\" data-src=\"\">Merkmale:<\/strong><\/span><br \/>\n<span style=\"font-size: 24px; color: #008000;\">1 Mit sieben verschiedenen K\u00f6rbchengr\u00f6\u00dfen k\u00f6nnen Sie jeden K\u00f6rperteil behandeln.<br \/>\n2 Das Vakuum-Saugschr\u00f6pfen ist einfach und bequem zu verwenden, ohne dass ein Feuer erforderlich ist, wodurch die Gefahr von Hautverbrennungen ausgeschlossen wird.<br \/>\n3 Cups sind mit glatten, gebogenen Kanten f\u00fcr erh\u00f6hten Komfort und Hautkontakt f\u00fcr einen luftdichten Verschluss konzipiert.<br \/>\n4 Strapazierf\u00e4hige transparente Kunststoffbecher erm\u00f6glichen eine einfache Betrachtung des Behandlungsbereichs sowie die Anzeige von Unterdruck und Hautr\u00f6tungen.<br \/>\n5 Einfach zu bedienende Druckventile erm\u00f6glichen ein m\u00fcheloses Ablassen des Drucks zum Entfernen des Bechers (einschlie\u00dflich Ersatzventile).<br \/>\n6 enthaltene biomagnetische Punkte erh\u00f6hen die Wirksamkeit der Behandlung.<\/span><\/p>\n<p><span style=\"font-size: 24px; color: #008000;\"><img decoding=\"async\" src=\"https:\/\/anbanjia.com.cn\/wp-content\/uploads\/2022\/05\/HTB1xloRcW5s3KVjSZFNq6AD3FXa7.jpg\" data-alt=\"Chinese home care medical health massage 6 cupping cup for Children ,adult and elderly\" data-src=\"\"><img decoding=\"async\" src=\"https:\/\/anbanjia.com.cn\/wp-content\/uploads\/2022\/05\/HTB1g9D9dlaE3KVjSZLeq6xsSFXao.jpg\" data-alt=\"Chinese home care medical health massage 6 cupping cup for Children ,adult and elderly\" data-src=\"\"><img decoding=\"async\" src=\"https:\/\/anbanjia.com.cn\/wp-content\/uploads\/2022\/05\/HTB1hLwcdlKw3KVjSZTEq6AuRpXaI.jpg\" data-alt=\"Chinese home care medical health massage 6 cupping cup for Children ,adult and elderly\" data-src=\"\"> <\/span><\/p>\n<\/div>\n<\/div>\n<div id=\"ali-anchor-AliPostDhMb-78h55\" style=\"padding-top: 8px;\" data-section=\"AliPostDhMb-78h55\" data-section-title=\"Product Description\">\n<div id=\"ali-title-AliPostDhMb-78h55\" style=\"padding: 8px 0; border-bottom: 1px solid #ddd;\"><span style=\"background-color: #ddd; color: #333; font-weight: bold; padding: 8px 10px; line-height: 12px;\">Produktbeschreibung<\/span><\/div>\n<div style=\"padding: 10px 0;\">\n<p><span style=\"font-size: 32px; color: #0000ff;\">WIE BENUTZT MAN<\/span><\/p>\n<p><span style=\"font-size: 32px; color: #0000ff;\"><img decoding=\"async\" src=\"https:\/\/anbanjia.com.cn\/wp-content\/uploads\/2022\/05\/HTB1F0YMXTzGK1JjSspbq6zHpFXaP.jpg\" data-src=\"\"><\/span><\/p>\n<p>&nbsp;<\/p>\n<div id=\"4mg33\" style=\"margin: 0px; padding: 4px 0px; border: 0px; font-style: normal; font-weight: normal; font-size: 14px; line-height: inherit; font-family: Arial,Helvetica; vertical-align: top; word-wrap: break-word; color: #333333; background-color: #ffffff; box-sizing: border-box;\">\n<h3 style=\"margin: 0px; padding: 0px; border: 0px; font-style: inherit; font-weight: bold; font-size: 1.17em; line-height: 20px; vertical-align: baseline;\"><span style=\"color: #ff0000; font-size: 32px; font-family: arial, helvetica, sans-serif;\">BEACHTUNG:<\/span><\/h3>\n<\/div>\n<div id=\"dzqts\" style=\"margin: 0px; padding: 4px 0px; border: 0px; font-style: normal; font-weight: normal; font-size: 14px; line-height: inherit; font-family: Arial,Helvetica; vertical-align: top; word-wrap: break-word; color: #333333; background-color: #ffffff; box-sizing: border-box;\">\n<p style=\"margin: 0px; padding: 0px; border: 0px; font-style: inherit; font-weight: inherit; font-size: inherit; line-height: inherit; vertical-align: baseline; word-wrap: break-word;\"><span style=\"color: #ff3f3f; font-family: arial, helvetica, sans-serif; font-size: 24px;\">1. Bitte w\u00e4hlen Sie geeignete Gesundheitsteile aus, die Bauchmuskeln, glatte Haut und kein Fell haben. Aber wenn Sie wirklich an rauen Stellen mit Fell arbeiten m\u00f6chten, sollten Sie die gute Donuts-Matte besser unter die \u00d6ffnung legen, falls Luft austritt. Au\u00dferdem, wenn die Haut trocken ist, zuerst die Haut nass machen und dann schr\u00f6pfen.<br \/>\n2. W\u00e4hlen Sie beim ersten Schr\u00f6pfen das kleine Schr\u00f6pfen und Lichtstimulieren<br \/>\n3. Bewegen Sie die Position nicht, wenn Sie das Schr\u00f6pfen verwenden, und sollten Sie zwischen dem Schr\u00f6pfen warten<br \/>\n4. Der Patient, der hohes Fieber, Koma und akute Kr\u00e4mpfe hat, sollte zuerst eine klare Diagnose stellen, falls sich die Rettungszeit verz\u00f6gert<br \/>\n5. Wenn ein Teil der Gesundheit rot ist und juckt, kratzen Sie nicht wild, es wird nach einigen Tagen gut sein<\/span><\/p>\n<p style=\"margin: 0px; padding: 0px; border: 0px; font-style: inherit; font-weight: inherit; font-size: inherit; line-height: inherit; vertical-align: baseline; word-wrap: break-word;\"><span style=\"color: #ff3f3f; font-family: arial, helvetica, sans-serif; font-size: 24px;\"><a href=\"https:\/\/abj-medical.en.alibaba.com\/productgrouplist-804976426\/Chinese_traditional_therapy.html?spm=a2700.8304367.topnav.6.73152c54YkSwN6\" target=\"_blank\" rel=\"noopener\"><img decoding=\"async\" src=\"https:\/\/anbanjia.com.cn\/wp-content\/uploads\/2022\/05\/HTB1tIa1aXHFK1JjSZFzq6z23XXaa.jpg\" data-alt=\"Chinese home care medical health massage 6 cupping cup for Children ,adult and elderly\" data-src=\"\"><img decoding=\"async\" src=\"https:\/\/anbanjia.com.cn\/wp-content\/uploads\/2022\/05\/HTB1RDS2agYDK1JjSZPcq6yjZpXaK.jpg\" data-alt=\"Chinese home care medical health massage 6 cupping cup for Children ,adult and elderly\" data-src=\"\"><\/a><\/span><\/p>\n<p style=\"margin: 0px; padding: 0px; border: 0px; font-style: inherit; font-weight: inherit; font-size: inherit; line-height: inherit; vertical-align: baseline; word-wrap: break-word;\">\n<\/div>\n<\/div>\n<\/div>\n<div id=\"ali-anchor-AliPostDhMb-540wo\" style=\"padding-top: 8px;\" data-section=\"AliPostDhMb-540wo\" data-section-title=\"company information\">\n<div id=\"ali-title-AliPostDhMb-540wo\" style=\"padding: 8px 0; border-bottom: 1px solid #ddd;\"><span style=\"background-color: #ddd; color: #333; font-weight: bold; padding: 8px 10px; line-height: 12px;\">Firmeninformation<\/span><\/div>\n<div style=\"padding: 10px 0;\">\n<p><img decoding=\"async\" src=\"https:\/\/anbanjia.com.cn\/wp-content\/uploads\/2022\/05\/HTB1HgKPcQ5E3KVjSZFCq6zuzXXay.jpg\" data-src=\"\"><\/p>\n<\/div>\n<\/div>\n<div id=\"ali-anchor-AliPostDhMb-v8csu\" style=\"padding-top: 8px;\" data-section=\"AliPostDhMb-v8csu\" data-section-title=\"certificate\">\n<div id=\"ali-title-AliPostDhMb-v8csu\" style=\"padding: 8px 0; border-bottom: 1px solid #ddd;\"><span style=\"background-color: #ddd; color: #333; font-weight: bold; padding: 8px 10px; line-height: 12px;\">Zertifikat<\/span><\/div>\n<div style=\"padding: 10px 0;\">\n<p><img decoding=\"async\" src=\"https:\/\/anbanjia.com.cn\/wp-content\/uploads\/2022\/05\/HTB1Z1olSpXXXXctXXXXq6xXFXXXu-1.jpg\" data-alt=\"Chinese home care medical health massage 6 cupping cup for Children ,adult and elderly\" data-src=\"\"><\/p>\n<\/div>\n<\/div>\n<div id=\"ali-anchor-AliPostDhMb-z2exa\" style=\"padding-top: 8px;\" data-section=\"AliPostDhMb-z2exa\" data-section-title=\"produce &amp; payment\">\n<div id=\"ali-title-AliPostDhMb-z2exa\" style=\"padding: 8px 0; border-bottom: 1px solid #ddd;\"><span style=\"background-color: #ddd; color: #333; font-weight: bold; padding: 8px 10px; line-height: 12px;\">produzieren &amp; bezahlen<\/span><\/div>\n<div style=\"padding: 10px 0;\">\n<p><img decoding=\"async\" src=\"https:\/\/anbanjia.com.cn\/wp-content\/uploads\/2022\/05\/HTB1LlvUSpXXXXbJXVXXq6xXFXXXf-1.jpg\" data-alt=\"Chinese home care medical health massage 6 cupping cup for Children ,adult and elderly\" data-src=\"\"><img decoding=\"async\" src=\"https:\/\/anbanjia.com.cn\/wp-content\/uploads\/2022\/05\/HTB1R1haSFXXXXXNXVXXq6xXFXXXz-1.jpg\" data-alt=\"Chinese home care medical health massage 6 cupping cup for Children ,adult and elderly\" data-src=\"\"><\/p>\n<\/div>\n<\/div>\n<div id=\"ali-anchor-AliPostDhMb-u8yfo\" style=\"padding-top: 8px;\" data-section=\"AliPostDhMb-u8yfo\" data-section-title=\"contact us\">\n<div id=\"ali-title-AliPostDhMb-u8yfo\" style=\"padding: 8px 0; border-bottom: 1px solid #ddd;\"><span style=\"background-color: #ddd; color: #333; font-weight: bold; padding: 8px 10px; line-height: 12px;\">kontaktiere uns<\/span><\/div>\n<div style=\"padding: 10px 0;\">\n<p><img decoding=\"async\" src=\"https:\/\/anbanjia.com.cn\/wp-content\/uploads\/2022\/05\/HTB1XU1rouySBuNjy1zd760PxFXaK-2.png\" data-alt=\"Chinese home care medical health massage 6 cupping cup for Children ,adult and elderly\" data-src=\"\"><\/p>\n<\/div>\n<\/div>\n<\/div>\n","protected":false},"excerpt":{"rendered":"<p>&nbsp;<\/p>\n<div style=\"width: auto;\">\n<div style=\"min-width: 300px; max-width: 300px; word-wrap: break-word; float: left;\">Eigenschaften: Zubeh\u00f6r f\u00fcr die Rehabilitationstherapie<\/div>\n<div style=\"min-width: 300px; max-width: 300px; word-wrap: break-word; float: left;\">Herkunftsort: Guangdong, China<\/div>\n<\/div>\n<div style=\"width: auto;\">\n<div style=\"min-width: 300px; max-width: 300px; word-wrap: break-word; float: left;\">Markenname: Anbanjia\/OEM<\/div>\n<div style=\"min-width: 300px; max-width: 300px; word-wrap: break-word; float: left;\">Modellnummer: ABJ-C<\/div>\n<\/div>\n<div style=\"width: auto;\">\n<div style=\"min-width: 300px; max-width: 300px; word-wrap: break-word; float: left;\">Typ: Badezimmer-Sicherheitsausr\u00fcstung<\/div>\n<div style=\"min-width: 300px; max-width: 300px; word-wrap: break-word; float: left;\">Material: Kunststoff<\/div>\n<\/div>\n<div style=\"width: auto;\">\n<div style=\"min-width: 300px; max-width: 300px; word-wrap: break-word; float: left;\">Gr\u00f6\u00dfen:B1\/B2\/B3\/B4\/B5\/B6<\/div>\n<div style=\"min-width: 300px; max-width: 300px; word-wrap: break-word; float: left;\">Modell: C-Cup<\/div>\n<\/div>\n<div style=\"width: auto;\">\n<div style=\"min-width: 300px; max-width: 300px; word-wrap: break-word; float: left;\">Verpackung: Tasche<\/div>\n<div style=\"min-width: 300px; max-width: 300px; word-wrap: break-word; float: left;\">Artikel: 6 St\u00fcck Tassen<\/div>\n<\/div>\n","protected":false},"featured_media":6992,"comment_status":"closed","ping_status":"closed","template":"","meta":[],"product_cat":[133],"product_tag":[],"class_list":["post-13041","product","type-product","status-publish","has-post-thumbnail","hentry","product_cat-schropfbecher"],"_links":{"self":[{"href":"https:\/\/anbanjia.com.cn\/de\/wp-json\/wp\/v2\/product\/13041","targetHints":{"allow":["GET"]}}],"collection":[{"href":"https:\/\/anbanjia.com.cn\/de\/wp-json\/wp\/v2\/product"}],"about":[{"href":"https:\/\/anbanjia.com.cn\/de\/wp-json\/wp\/v2\/types\/product"}],"replies":[{"embeddable":true,"href":"https:\/\/anbanjia.com.cn\/de\/wp-json\/wp\/v2\/comments?post=13041"}],"wp:featuredmedia":[{"embeddable":true,"href":"https:\/\/anbanjia.com.cn\/de\/wp-json\/wp\/v2\/media\/6992"}],"wp:attachment":[{"href":"https:\/\/anbanjia.com.cn\/de\/wp-json\/wp\/v2\/media?parent=13041"}],"wp:term":[{"taxonomy":"product_cat","embeddable":true,"href":"https:\/\/anbanjia.com.cn\/de\/wp-json\/wp\/v2\/product_cat?post=13041"},{"taxonomy":"product_tag","embeddable":true,"href":"https:\/\/anbanjia.com.cn\/de\/wp-json\/wp\/v2\/product_tag?post=13041"}],"curies":[{"name":"wp","href":"https:\/\/api.w.org\/{rel}","templated":true}]}}