{"id":13039,"date":"2022-05-02T18:02:55","date_gmt":"2022-05-02T18:02:55","guid":{"rendered":"https:\/\/www.anbanjia.com.cn\/product\/praktischer-und-leichter-medizinischer-infrarot-venensucher-zum-punktieren-oder-injizieren\/"},"modified":"2022-05-02T18:02:55","modified_gmt":"2022-05-02T18:02:55","slug":"bequemer-und-leichter-medizinischer-infrarot-venenfinder-venendetektor-zur-punktion-oder-injektion","status":"publish","type":"product","link":"https:\/\/anbanjia.com.cn\/de\/produkt\/bequemer-und-leichter-medizinischer-infrarot-venenfinder-venendetektor-zur-punktion-oder-injektion\/","title":{"rendered":"Praktischer und leichter medizinischer Infrarot-Venensucher zum Punktieren oder Injizieren"},"content":{"rendered":"<div style=\"max-width: 750px;margin: 0 auto;\">\n<p><img decoding=\"async\" data-alt=\"Convenient and lightweight infrared medical vein finder vein detector for puncture or inject\" data-src=\"\" ori-height=\"280\" ori-width=\"746\" src=\"https:\/\/anbanjia.com.cn\/wp-content\/uploads\/2022\/05\/H2d00607136e64c9c89111d500178b4adZ.png\" style=\"max-width: 750;\"><\/p>\n<\/p>\n<p><strong><span style=\"font-size: 32px;\">   <span style=\"font-size: 24px;\">      <\/span>        <span style=\"font-size: 24px;\">Bequemer und leichter medizinischer Venensucher mit Infrarot, Venendetektor zum Punktieren oder Injizieren <\/span><\/span><\/strong><\/p>\n<\/p>\n<p><img decoding=\"async\" data-alt=\"Convenient and lightweight infrared medical vein finder vein detector for puncture or inject\" data-src=\"\" ori-height=\"750\" ori-width=\"750\" src=\"https:\/\/anbanjia.com.cn\/wp-content\/uploads\/2022\/05\/H1af4be91db0945909e6e74377107a51fK.jpg\"><img decoding=\"async\" data-alt=\"Convenient and lightweight infrared medical vein finder vein detector for puncture or inject\" data-src=\"\" ori-height=\"800\" ori-width=\"800\" src=\"https:\/\/anbanjia.com.cn\/wp-content\/uploads\/2022\/05\/Hd23171d1a5274f9196d619cde6c6060eB.jpg\"><img decoding=\"async\" data-alt=\"Convenient and lightweight infrared medical vein finder vein detector for puncture or inject\" data-src=\"\" ori-height=\"800\" ori-width=\"800\" src=\"https:\/\/anbanjia.com.cn\/wp-content\/uploads\/2022\/05\/Hcf60ca9377d744c0a24a273155585502S.jpg\"><img decoding=\"async\" data-alt=\"Convenient and lightweight infrared medical vein finder vein detector for puncture or inject\" data-src=\"\" ori-height=\"423\" ori-width=\"416\" src=\"https:\/\/anbanjia.com.cn\/wp-content\/uploads\/2022\/05\/Heb0ce172cf82462f90915636fcfc5907o.png\"><img decoding=\"async\" data-alt=\"Convenient and lightweight infrared medical vein finder vein detector for puncture or inject\" data-src=\"\" ori-height=\"609\" ori-width=\"759\" src=\"https:\/\/anbanjia.com.cn\/wp-content\/uploads\/2022\/05\/H55c02e925e3744178aba13203a0e71b1x.png\"><img decoding=\"async\" data-alt=\"Convenient and lightweight infrared medical vein finder vein detector for puncture or inject\" data-src=\"\" ori-height=\"722\" ori-width=\"753\" src=\"https:\/\/anbanjia.com.cn\/wp-content\/uploads\/2022\/05\/Hd493dbb626a44bf690695e4dc4e7eac41.png\"><img decoding=\"async\" data-alt=\"Convenient and lightweight infrared medical vein finder vein detector for puncture or inject\" data-src=\"\" ori-height=\"675\" ori-width=\"762\" src=\"https:\/\/anbanjia.com.cn\/wp-content\/uploads\/2022\/05\/H825b0c86e8084ef58b6f522d2edec5feS.png\"><img decoding=\"async\" data-alt=\"Convenient and lightweight infrared medical vein finder vein detector for puncture or inject\" data-src=\"\" ori-height=\"720\" ori-width=\"745\" src=\"https:\/\/anbanjia.com.cn\/wp-content\/uploads\/2022\/05\/H82861b972e9d4576abb300b39529c346k.png\"><\/p>\n<\/p>\n<p style=\"margin: 0px; padding: 0px; color: #000000; font-family: Arial; font-size: 12px; font-style: normal; font-weight: 400;\"><span style=\"line-height: 27px; font-size: 24px;\">Produktmerkmale:<\/span><\/p>\n<p style=\"margin: 0px; padding: 0px; color: #000000; font-family: Arial; font-size: 12px; font-style: normal; font-weight: 400;\"><span style=\"line-height: 27px; font-size: 18px;\">1. Unser Venensuchger\u00e4t ist tragbar, zuverl\u00e4ssig und billig. es ist bequem aufzuladen<\/span><\/p>\n<p style=\"margin: 0px; padding: 0px; color: #000000; font-family: Arial; font-size: 12px; font-style: normal; font-weight: 400;\"><span style=\"line-height: 27px; font-size: 18px;\">2. Es hilft Krankenschwestern und \u00c4rzten, Venen einfach und schnell zu finden, um wiederholte schmerzhafte Nadelstiche bei Patienten zu reduzieren.<\/span><\/p>\n<p style=\"margin: 0px; padding: 0px; color: #000000; font-family: Arial; font-size: 12px; font-style: normal; font-weight: 400;\"><span style=\"line-height: 27px; font-size: 18px;\">3. Geeignet f\u00fcr Erwachsene, Kinder, Kleinkinder, alte M\u00e4nner, dicke M\u00e4nner, die Venen nicht leicht finden k\u00f6nnen.<\/span><\/p>\n<p style=\"margin: 0px; padding: 0px; color: #000000; font-family: Arial; font-size: 12px; font-style: normal; font-weight: 400;\">\n<p style=\"margin: 0px; padding: 0px; color: #000000; font-family: Arial; font-size: 12px; font-style: normal; font-weight: 400;\"><span style=\"font-size: 18px;\"><span style=\"font-size: 24px;\">Anpassung:<\/span><\/span><span style=\"font-size: 18px;\"><br \/>Wir bieten OEM-Dienstleistungen an. Und wir k\u00f6nnen Ihr eigenes Logo auf das Produkt drucken.<\/span><\/p>\n<p style=\"margin: 0px; padding: 0px; color: #000000; font-family: Arial; font-size: 12px; font-style: normal; font-weight: 400;\"><span style=\"font-size: 18px;\"><br \/><span style=\"color: #202124; font-family: arial, sans-serif; font-style: normal; font-weight: 400; text-align: left; background-color: #f8f9fa; float: none; display: inline !important; font-size: 24px;\">Lieferung:<\/span><\/span><br \/><span style=\"font-size: 18px;\">Nachdem Sie die Zahlung abgeschlossen haben, werden wir die Lieferung so schnell wie m\u00f6glich arrangieren.<\/span><\/p>\n<p style=\"margin: 0px; padding: 0px; color: #000000; font-family: Arial; font-size: 12px; font-style: normal; font-weight: 400;\"><span style=\"font-size: 18px;\"> <\/span><\/p>\n<p><img decoding=\"async\" data-alt=\"Convenient and lightweight infrared medical vein finder vein detector for puncture or inject\" data-src=\"\" ori-height=\"944\" ori-width=\"750\" src=\"https:\/\/anbanjia.com.cn\/wp-content\/uploads\/2022\/05\/H2624fa5d782c4876bf4d35d9dc8a3fa9k.jpg\"><\/p>\n<p><img decoding=\"async\" data-src=\"\" ori-height=\"271\" ori-width=\"760\" src=\"https:\/\/anbanjia.com.cn\/wp-content\/uploads\/2022\/05\/Hee9408d448ab460f94c285e537e347025.png\"><\/p>\n<\/div>\n","protected":false},"excerpt":{"rendered":"<div style=\"width:auto\">\n<div style=\"min-width: 300px;max-width: 300px;word-wrap: break-word;float: left\">Herkunftsort: Guangdong, China <\/div>\n<div style=\"min-width: 300px;max-width: 300px;word-wrap: break-word;float: left\">Markenname:ABJ<\/div>\n<\/p><\/div>\n<div style=\"width:auto\">\n<div style=\"min-width: 300px;max-width: 300px;word-wrap: break-word;float: left\">Modellnummer: Y099 <\/div>\n<div style=\"min-width: 300px;max-width: 300px;word-wrap: break-word;float: left\">Energiequelle: Elektrizit\u00e4t<\/div>\n<\/p><\/div>\n<div style=\"width:auto\">\n<div style=\"min-width: 300px;max-width: 300px;word-wrap: break-word;float: left\">Garantie: KEINE <\/div>\n<div style=\"min-width: 300px;max-width: 300px;word-wrap: break-word;float: left\">Kundendienst: KEINE<\/div>\n<\/p><\/div>\n<div style=\"width:auto\">\n<div style=\"min-width: 300px;max-width: 300px;word-wrap: break-word;float: left\">Stromversorgungsmodus: Plug-in <\/div>\n<div style=\"min-width: 300px;max-width: 300px;word-wrap: break-word;float: left\">Material: Kunststoff, ABS<\/div>\n<\/p><\/div>\n<div style=\"width:auto\">\n<div style=\"min-width: 300px;max-width: 300px;word-wrap: break-word;float: left\">Haltbarkeit: 6 Monate <\/div>\n<div style=\"min-width: 300px;max-width: 300px;word-wrap: break-word;float: left\">Qualit\u00e4tszertifizierung: ce<\/div>\n<\/p><\/div>\n<div style=\"width:auto\">\n<div style=\"min-width: 300px;max-width: 300px;word-wrap: break-word;float: left\">Instrumentenklassifizierung: Klasse II <\/div>\n<div style=\"min-width: 300px;max-width: 300px;word-wrap: break-word;float: left\">Sicherheitsstandard: Keine<\/div>\n<\/p><\/div>\n<div style=\"width:auto\">\n<div style=\"min-width: 300px;max-width: 300px;word-wrap: break-word;float: left\">Produktname: Venenanzeigeinstrument <\/div>\n<div style=\"min-width: 300px;max-width: 300px;word-wrap: break-word;float: left\">Modell:ABJ-Y099<\/div>\n<\/p><\/div>\n<div style=\"width:auto\">\n<div style=\"min-width: 300px;max-width: 300px;word-wrap: break-word;float: left\">Produktgr\u00f6\u00dfe: 19 x 10 x 5 cm <\/div>\n<div style=\"min-width: 300px;max-width: 300px;word-wrap: break-word;float: left\">Lichtquellenform: Led<\/div>\n<\/p><\/div>\n<div style=\"width:auto\">\n<div style=\"min-width: 300px;max-width: 300px;word-wrap: break-word;float: left\">Schaltmodus: Druckknopf (einer ein und einer aus) <\/div>\n<div style=\"min-width: 300px;max-width: 300px;word-wrap: break-word;float: left\">Spannung: 5 V<\/div>\n<\/p><\/div>\n<div style=\"width:auto\">\n<div style=\"min-width: 300px;max-width: 300px;word-wrap: break-word;float: left\">Farbe wei\u00df <\/div>\n<div style=\"min-width: 300px;max-width: 300px;word-wrap: break-word;float: left\">Produktgewicht: 20 g<\/div>\n<\/p><\/div>\n","protected":false},"featured_media":6516,"comment_status":"closed","ping_status":"closed","template":"","meta":[],"product_cat":[137],"product_tag":[],"class_list":["post-13039","product","type-product","status-publish","has-post-thumbnail","hentry","product_cat-venenfinder"],"_links":{"self":[{"href":"https:\/\/anbanjia.com.cn\/de\/wp-json\/wp\/v2\/product\/13039","targetHints":{"allow":["GET"]}}],"collection":[{"href":"https:\/\/anbanjia.com.cn\/de\/wp-json\/wp\/v2\/product"}],"about":[{"href":"https:\/\/anbanjia.com.cn\/de\/wp-json\/wp\/v2\/types\/product"}],"replies":[{"embeddable":true,"href":"https:\/\/anbanjia.com.cn\/de\/wp-json\/wp\/v2\/comments?post=13039"}],"wp:featuredmedia":[{"embeddable":true,"href":"https:\/\/anbanjia.com.cn\/de\/wp-json\/wp\/v2\/media\/6516"}],"wp:attachment":[{"href":"https:\/\/anbanjia.com.cn\/de\/wp-json\/wp\/v2\/media?parent=13039"}],"wp:term":[{"taxonomy":"product_cat","embeddable":true,"href":"https:\/\/anbanjia.com.cn\/de\/wp-json\/wp\/v2\/product_cat?post=13039"},{"taxonomy":"product_tag","embeddable":true,"href":"https:\/\/anbanjia.com.cn\/de\/wp-json\/wp\/v2\/product_tag?post=13039"}],"curies":[{"name":"wp","href":"https:\/\/api.w.org\/{rel}","templated":true}]}}