{"id":13038,"date":"2022-05-02T18:02:58","date_gmt":"2022-05-02T18:02:58","guid":{"rendered":"https:\/\/www.anbanjia.com.cn\/product\/guenstige-mini-amazon-medical-batterie-tragbarer-elektrischer-sauerstoffkonzentrator-mit-walmart\/"},"modified":"2022-05-02T18:02:58","modified_gmt":"2022-05-02T18:02:58","slug":"billiger-mini-amazon-medizinischer-akku-tragbarer-elektrischer-sauerstoffkonzentrator-mit-walmart","status":"publish","type":"product","link":"https:\/\/anbanjia.com.cn\/de\/produkt\/billiger-mini-amazon-medizinischer-akku-tragbarer-elektrischer-sauerstoffkonzentrator-mit-walmart\/","title":{"rendered":"G\u00fcnstige Mini Amazon Medical Batterie tragbarer elektrischer Sauerstoffkonzentrator mit Walmart"},"content":{"rendered":"<div style=\"max-width: 750px;margin: 0 auto;\">\n<div data-section=\"AliPostDhMb-kczpq\" data-section-title=\"Product Details\" id=\"ali-anchor-AliPostDhMb-kczpq\" style=\"padding-top: 8px;\">\n<div id=\"ali-title-AliPostDhMb-kczpq\" style=\"padding: 8px 0; border-bottom: 1px solid #ddd;\"><span style=\"background-color: #ddd; color: #333; font-weight: bold; padding: 8px 10px; line-height: 12px;\">Produktdetails<\/span><\/div>\n<div style=\"padding: 10px 0;\">\n<p><img decoding=\"async\" data-alt=\"Cheap mini amazon medical battery portable electric oxygen concentrator with walmart\" data-src=\"\" ori-height=\"476\" ori-width=\"750\" src=\"https:\/\/anbanjia.com.cn\/wp-content\/uploads\/2022\/05\/HTB1pKcVSpXXXXa8XXXXq6xXFXXXs-2.jpg\" style=\"max-width: 750;\"><\/p>\n<p style=\"text-align: center;\"><span style=\"font-size: 24px; color: #0000ff;\">Mini-Sauerstoffkonzentrator<\/span><\/p>\n<p style=\"text-align: center;\"><span style=\"font-size: 24px; color: #0000ff;\">Wenn Sie Fragen haben, k\u00f6nnen Sie mir diese gerne mitteilen.<\/span><\/p>\n<p style=\"text-align: center;\"><span style=\"font-size: 24px; color: #0000ff;\"><strong><span style=\"color: #0070c0;\">Das ABJ-TP2-Modell ist praktisch f\u00fcr Kunden, die im Auto verwendet werden k\u00f6nnen.<\/span><\/strong><\/span><\/p>\n<\/p>\n<p><img decoding=\"async\" data-alt=\"Cheap mini amazon medical battery portable electric oxygen concentrator with walmart\" data-src=\"\" ori-height=\"800\" ori-width=\"800\" src=\"https:\/\/anbanjia.com.cn\/wp-content\/uploads\/2022\/05\/HTB1zXlBavfsK1RjSszgq6yXzpXaD.jpg\"><img decoding=\"async\" data-alt=\"Cheap mini amazon medical battery portable electric oxygen concentrator with walmart\" data-src=\"\" ori-height=\"712\" ori-width=\"800\" src=\"https:\/\/anbanjia.com.cn\/wp-content\/uploads\/2022\/05\/HTB14tBLXIfrK1Rjy0Fmq6xhEXXaN.jpg\"><img decoding=\"async\" data-alt=\"Cheap mini amazon medical battery portable electric oxygen concentrator with walmart\" data-src=\"\" ori-height=\"655\" ori-width=\"800\" src=\"https:\/\/anbanjia.com.cn\/wp-content\/uploads\/2022\/05\/HTB1LplKXLvsK1RjSspdq6AZepXa1.jpg\"><img decoding=\"async\" data-alt=\"Cheap mini amazon medical battery portable electric oxygen concentrator with walmart\" data-src=\"\" ori-height=\"758\" ori-width=\"800\" src=\"https:\/\/anbanjia.com.cn\/wp-content\/uploads\/2022\/05\/HTB1RYlQXPzuK1RjSsppq6xz0XXaj.jpg\"><img decoding=\"async\" data-alt=\"Cheap mini amazon medical battery portable electric oxygen concentrator with walmart\" data-src=\"\" ori-height=\"652\" ori-width=\"800\" src=\"https:\/\/anbanjia.com.cn\/wp-content\/uploads\/2022\/05\/HTB1mU4QXLjsK1Rjy1Xaq6zispXay.jpg\"><\/p>\n<p><span style=\"font-size: 18px; color: #0000ff;\"><strong>*Der Akku kann nach vollst\u00e4ndiger Aufladung 4 Stunden lang verwendet werden und muss nach 2 Stunden Verwendung eine Pause einlegen.<\/strong><\/span><img decoding=\"async\" data-alt=\"Cheap mini amazon medical battery portable electric oxygen concentrator with walmart\" data-src=\"\" ori-height=\"800\" ori-width=\"800\" src=\"https:\/\/anbanjia.com.cn\/wp-content\/uploads\/2022\/05\/HTB11ixJXTHuK1RkSndVq6xVwpXan.jpg\"><\/p>\n<p><img decoding=\"async\" data-alt=\"Cheap mini amazon medical battery portable electric oxygen concentrator with walmart\" data-src=\"\" ori-height=\"800\" ori-width=\"800\" src=\"https:\/\/anbanjia.com.cn\/wp-content\/uploads\/2022\/05\/HTB1Yj0NXInrK1RjSspkq6yuvXXaj.jpg\"><img decoding=\"async\" data-alt=\"Cheap mini amazon medical battery portable electric oxygen concentrator with walmart\" data-src=\"\" ori-height=\"800\" ori-width=\"800\" src=\"https:\/\/anbanjia.com.cn\/wp-content\/uploads\/2022\/05\/HTB15nKMajLuK1Rjy0Fhq6xpdFXav.jpg\"><\/p>\n<p style=\"color: #333333; font-family: Arial, Verdana, sans-serif; font-size: 12px; font-style: normal; font-weight: normal; line-height: normal;\"><span style=\"color: #ffffff;\"><strong><span style=\"font-size: 26px;\"><span style=\"background-color: #0070c0;\">Warum unseren Sauerstoffkonzentrator w\u00e4hlen?<\/span><\/span><\/strong><\/span><\/p>\n<div style=\"color: #333333; font-family: Arial, Verdana, sans-serif; font-size: 12px; font-style: normal; font-weight: normal; line-height: normal;\"><span style=\"color: #0070c0;\"><span style=\"font-size: 24px;\">* Energieeffizient und kosteng\u00fcnstig: Mini-Gr\u00f6\u00dfe, sparsamer Stromverbrauch. Konzentriert nur reinen Sauerstoff aus der Umgebungsluft,<\/span><\/span> <span style=\"color: #0070c0;\"><span style=\"font-size: 24px;\">so dass es fast keine Kosten verursacht. Bei langfristiger Verwendung k\u00f6nnen Sie Tausende von Dollar sparen<\/span> .<\/span><\/div>\n<div style=\"color: #333333; font-family: Arial, Verdana, sans-serif; font-size: 12px; font-style: normal; font-weight: normal; line-height: normal;\"><span style=\"font-size: 24px;\"><span style=\"color: #0070c0;\">*praktisch: Es sorgt f\u00fcr eine kontinuierliche Sauerstoffversorgung<\/span><\/span><\/div>\n<div style=\"color: #333333; font-family: Arial, Verdana, sans-serif; font-size: 12px; font-style: normal; font-weight: normal; line-height: normal;\"><span style=\"font-size: 24px;\"><span style=\"color: #0070c0;\"> ohne die Notwendigkeit, Zylinder zu lagern und auszutauschen.<\/span><\/span><\/div>\n<div style=\"color: #333333; font-family: Arial, Verdana, sans-serif; font-size: 12px; font-style: normal; font-weight: normal; line-height: normal;\"><span style=\"color: #0070c0; font-size: 24px;\">*Zuverl\u00e4ssig und pflegeleicht. <\/span><\/div>\n<div style=\"color: #333333; font-family: Arial, Verdana, sans-serif; font-size: 12px; font-style: normal; font-weight: normal; line-height: normal;\"><span style=\"color: #0070c0; font-size: 24px;\">* Leicht zu bedienen. Vereinfachte pr\u00e4gnante Steuerung <\/span><\/div>\n<\/p>\n<\/div>\n<\/div>\n<div data-section=\"AliPostDhMb-qlv2n\" data-section-title=\"contact us\" id=\"ali-anchor-AliPostDhMb-qlv2n\" style=\"padding-top: 8px;\">\n<div id=\"ali-title-AliPostDhMb-qlv2n\" style=\"padding: 8px 0; border-bottom: 1px solid #ddd;\"><span style=\"background-color: #ddd; color: #333; font-weight: bold; padding: 8px 10px; line-height: 12px;\">kontaktiere uns<\/span><\/div>\n<div style=\"padding: 10px 0;\">\n<p><a href=\"https:\/\/abj-medical.en.alibaba.com\/contactinfo.html?spm=a2700.8304367.topnav.8.5d239224wxD2sy\" target=\"_blank\" rel=\"noopener\"><img decoding=\"async\" data-alt=\"Cheap mini amazon medical battery portable electric oxygen concentrator with walmart\" data-src=\"\" ori-height=\"332\" ori-width=\"800\" src=\"https:\/\/anbanjia.com.cn\/wp-content\/uploads\/2022\/05\/HTB1E_8LXOLxK1Rjy0Ffq6zYdVXay.jpg\"> <\/a><\/p>\n<\/div>\n<\/div>\n<div data-section=\"AliPostDhMb-62uzs\" data-section-title=\"Product Categories\" id=\"ali-anchor-AliPostDhMb-62uzs\" style=\"padding-top: 8px;\">\n<div id=\"ali-title-AliPostDhMb-62uzs\" style=\"padding: 8px 0; border-bottom: 1px solid #ddd;\"><span style=\"background-color: #ddd; color: #333; font-weight: bold; padding: 8px 10px; line-height: 12px;\">Produktkategorien<\/span><\/div>\n<div style=\"padding: 10px 0;\">\n<p><a href=\"https:\/\/abj-medical.en.alibaba.com\/productlist.html?spm=a2700.icbuShop.88.17.628e44ebBXll1d\" target=\"_blank\" rel=\"noopener\"><img decoding=\"async\" data-alt=\"Cheap mini amazon medical battery portable electric oxygen concentrator with walmart\" data-src=\"\" ori-height=\"321\" ori-width=\"750\" src=\"https:\/\/anbanjia.com.cn\/wp-content\/uploads\/2022\/05\/HTB1cdBMXOLxK1Rjy0Ffq6zYdVXaj.jpg\"><\/a><\/p>\n<\/div>\n<\/div>\n<div data-section=\"AliPostDhMb-ho4en\" data-section-title=\"certificate\" id=\"ali-anchor-AliPostDhMb-ho4en\" style=\"padding-top: 8px;\">\n<div id=\"ali-title-AliPostDhMb-ho4en\" style=\"padding: 8px 0; border-bottom: 1px solid #ddd;\"><span style=\"background-color: #ddd; color: #333; font-weight: bold; padding: 8px 10px; line-height: 12px;\">Zertifikat<\/span><\/div>\n<div style=\"padding: 10px 0;\">\n<p><img decoding=\"async\" data-alt=\"Cheap mini amazon medical battery portable electric oxygen concentrator with walmart\" data-src=\"\" ori-height=\"365\" ori-width=\"750\" src=\"https:\/\/anbanjia.com.cn\/wp-content\/uploads\/2022\/05\/HTB1Z1olSpXXXXctXXXXq6xXFXXXu-1.jpg\"> <\/p>\n<\/div>\n<\/div>\n<div data-section=\"AliPostDhMb-69t1h\" data-section-title=\"company information\" id=\"ali-anchor-AliPostDhMb-69t1h\" style=\"padding-top: 8px;\">\n<div id=\"ali-title-AliPostDhMb-69t1h\" style=\"padding: 8px 0; border-bottom: 1px solid #ddd;\"><span style=\"background-color: #ddd; color: #333; font-weight: bold; padding: 8px 10px; line-height: 12px;\">Firmeninformation<\/span><\/div>\n<div style=\"padding: 10px 0;\">\n<p><img decoding=\"async\" data-alt=\"Cheap mini amazon medical battery portable electric oxygen concentrator with walmart\" data-src=\"\" ori-height=\"1857\" ori-width=\"750\" src=\"https:\/\/anbanjia.com.cn\/wp-content\/uploads\/2022\/05\/HTB1MME3SpXXXXbJaXXXq6xXFXXXA-1.jpg\"> <\/p>\n<\/div>\n<\/div>\n<div data-section=\"AliPostDhMb-8850z\" data-section-title=\"Home\" id=\"ali-anchor-AliPostDhMb-8850z\" style=\"padding-top: 8px;\">\n<div id=\"ali-title-AliPostDhMb-8850z\" style=\"padding: 8px 0; border-bottom: 1px solid #ddd;\"><span style=\"background-color: #ddd; color: #333; font-weight: bold; padding: 8px 10px; line-height: 12px;\">Heim<\/span><\/div>\n<div style=\"padding: 10px 0;\">\n<p><img decoding=\"async\" data-alt=\"Cheap mini amazon medical battery portable electric oxygen concentrator with walmart\" data-src=\"\" ori-height=\"172\" ori-width=\"750\" src=\"https:\/\/anbanjia.com.cn\/wp-content\/uploads\/2022\/05\/unnamed-file-3.jpg\"><\/p>\n<p><a href=\"https:\/\/abj-medical.en.alibaba.com\/?spm=a2700.8304367.topnav.1.7fb94f0d6W4Kaf\" target=\"_blank\" rel=\"noopener\"><img decoding=\"async\" data-alt=\"Cheap mini amazon medical battery portable electric oxygen concentrator with walmart\" data-src=\"\" ori-height=\"124\" ori-width=\"750\" src=\"https:\/\/anbanjia.com.cn\/wp-content\/uploads\/2022\/05\/HTB10aT7SpXXXXa7XFXXq6xXFXXXO-1.jpg\"> <\/a><\/p>\n<\/div>\n<\/div>\n<\/div>\n","protected":false},"excerpt":{"rendered":"<div style=\"width:auto\">\n<div style=\"min-width: 300px;max-width: 300px;word-wrap: break-word;float: left\">Markenname:ABJ\/OEM <\/div>\n<div style=\"min-width: 300px;max-width: 300px;word-wrap: break-word;float: left\">Modellnummer: ABJ-TP2<\/div>\n<\/p><\/div>\n<div style=\"width:auto\">\n<div style=\"min-width: 300px;max-width: 300px;word-wrap: break-word;float: left\">Instrumentenklassifizierung: Klasse II <\/div>\n<div style=\"min-width: 300px;max-width: 300px;word-wrap: break-word;float: left\">Sauerstoffkonzentration: 30 %\u00b12%<\/div>\n<\/p><\/div>\n<div style=\"width:auto\">\n<div style=\"min-width: 300px;max-width: 300px;word-wrap: break-word;float: left\">Luftstromauslass: ca. 4 +\/- 0,5 l\/min <\/div>\n<div style=\"min-width: 300px;max-width: 300px;word-wrap: break-word;float: left\">Sauerstoffversorgung: Direkt liefern<\/div>\n<\/p><\/div>\n<div style=\"width:auto\">\n<div style=\"min-width: 300px;max-width: 300px;word-wrap: break-word;float: left\">Nennspannung: AC100V-240V \/ DC12V-16,8V <\/div>\n<div style=\"min-width: 300px;max-width: 300px;word-wrap: break-word;float: left\">Stromverbrauch: Durchschnitt unter 30 W<\/div>\n<\/p><\/div>\n<div style=\"width:auto\">\n<div style=\"min-width: 300px;max-width: 300px;word-wrap: break-word;float: left\">Produktgr\u00f6\u00dfe: 165 mm (L) * 120 mm (B) * 75 mm (H) <\/div>\n<div style=\"min-width: 300px;max-width: 300px;word-wrap: break-word;float: left\">Zertifizierung: CE<\/div>\n<\/p><\/div>\n<div>Kundenspezifisches Logo (Mindestbestellmenge: 200 St\u00fcck)<\/div>\n<div>Kundenspezifische Verpackung (Mindestbestellmenge: 200 St\u00fcck)<\/div>\n","protected":false},"featured_media":6738,"comment_status":"closed","ping_status":"closed","template":"","meta":[],"product_cat":[135],"product_tag":[],"class_list":["post-13038","product","type-product","status-publish","has-post-thumbnail","hentry","product_cat-sauerstoff-konzentrator"],"_links":{"self":[{"href":"https:\/\/anbanjia.com.cn\/de\/wp-json\/wp\/v2\/product\/13038","targetHints":{"allow":["GET"]}}],"collection":[{"href":"https:\/\/anbanjia.com.cn\/de\/wp-json\/wp\/v2\/product"}],"about":[{"href":"https:\/\/anbanjia.com.cn\/de\/wp-json\/wp\/v2\/types\/product"}],"replies":[{"embeddable":true,"href":"https:\/\/anbanjia.com.cn\/de\/wp-json\/wp\/v2\/comments?post=13038"}],"wp:featuredmedia":[{"embeddable":true,"href":"https:\/\/anbanjia.com.cn\/de\/wp-json\/wp\/v2\/media\/6738"}],"wp:attachment":[{"href":"https:\/\/anbanjia.com.cn\/de\/wp-json\/wp\/v2\/media?parent=13038"}],"wp:term":[{"taxonomy":"product_cat","embeddable":true,"href":"https:\/\/anbanjia.com.cn\/de\/wp-json\/wp\/v2\/product_cat?post=13038"},{"taxonomy":"product_tag","embeddable":true,"href":"https:\/\/anbanjia.com.cn\/de\/wp-json\/wp\/v2\/product_tag?post=13038"}],"curies":[{"name":"wp","href":"https:\/\/api.w.org\/{rel}","templated":true}]}}