{"id":13037,"date":"2022-05-02T18:02:56","date_gmt":"2022-05-02T18:02:56","guid":{"rendered":"https:\/\/www.anbanjia.com.cn\/product\/tragbarer-hoher-asthma-kompressor-baby-vernebler-inhalator\/"},"modified":"2022-05-02T18:02:56","modified_gmt":"2022-05-02T18:02:56","slug":"tragbarer-asthma-kompressor-baby-vernebler-inhalator","status":"publish","type":"product","link":"https:\/\/anbanjia.com.cn\/de\/produkt\/tragbarer-asthma-kompressor-baby-vernebler-inhalator\/","title":{"rendered":"Tragbarer hoher Asthma-Kompressor-Baby-Vernebler-Inhalator"},"content":{"rendered":"<div style=\"max-width: 750px; margin: 0 auto;\">\n<div id=\"ali-anchor-AliPostDhMb-8o9zx\" style=\"padding-top: 8px;\" data-section=\"AliPostDhMb-8o9zx\" data-section-title=\"Product Details\">\n<div id=\"ali-title-AliPostDhMb-8o9zx\" style=\"padding: 8px 0; border-bottom: 1px solid #ddd;\"><span style=\"background-color: #ddd; color: #333; font-weight: bold; padding: 8px 10px; line-height: 12px;\">Produktdetails<\/span><\/div>\n<div style=\"padding: 10px 0;\">\n<p><img decoding=\"async\" style=\"max-width: 750;\" src=\"https:\/\/anbanjia.com.cn\/wp-content\/uploads\/2022\/05\/HTB1pKcVSpXXXXa8XXXXq6xXFXXXs-2.jpg\" data-alt=\"Portable high asthma compressor baby nebulizer inhalator\" data-src=\"\"><\/p>\n<p style=\"text-align: center;\"><span style=\"font-size: 24px;\"><strong><span style=\"color: #0000ff;\">g\u00fcnstiger Preis medizinischer Kompressor-Inhalator mit Saugfunktion ortable leiser Vernebler<\/span><\/strong><\/span><\/p>\n<p style=\"text-align: left;\"><span style=\"color: #0000ff;\"><strong><span style=\"font-size: 24px;\">*<\/span><\/strong> <span style=\"font-size: 24px;\">Wir bieten ma\u00dfgeschneiderte Etikettierungsdienste an. Wenn Sie Ihr Logo darauf machen m\u00f6chten, k\u00f6nnen Sie uns dies gerne mitteilen und uns kontaktieren<\/span><br \/>\n <span style=\"font-size: 24px;\">Um mehr Details dar\u00fcber zu machen, danke.<\/span><\/span><\/p>\n<p style=\"text-align: left;\"><img decoding=\"async\" src=\"https:\/\/anbanjia.com.cn\/wp-content\/uploads\/2022\/05\/HTB1rYB3aZ_vK1Rjy0Fo760IxVXam.png\" data-alt=\"Portable high asthma compressor baby nebulizer inhalator\" data-src=\"\"><img decoding=\"async\" src=\"https:\/\/anbanjia.com.cn\/wp-content\/uploads\/2022\/05\/HTB1_h00a2fsK1RjSszbq6AqBXXaC.jpg\" data-alt=\"Portable high asthma compressor baby nebulizer inhalator\" data-src=\"\"><img decoding=\"async\" src=\"https:\/\/anbanjia.com.cn\/wp-content\/uploads\/2022\/05\/HTB1QY82a6zuK1Rjy0Fpq6yEpFXal.jpg\" data-alt=\"Portable high asthma compressor baby nebulizer inhalator\" data-src=\"\"><img decoding=\"async\" src=\"https:\/\/anbanjia.com.cn\/wp-content\/uploads\/2022\/05\/HTB1Xvl0aZvrK1Rjy0Fe763TmVXau.png\" data-alt=\"Portable high asthma compressor baby nebulizer inhalator\" data-src=\"\"><img decoding=\"async\" src=\"https:\/\/anbanjia.com.cn\/wp-content\/uploads\/2022\/05\/HTB1rYB3aZ_vK1Rjy0Fo760IxVXam.png\" data-alt=\"Portable high asthma compressor baby nebulizer inhalator\" data-src=\"\"><\/p>\n<p style=\"text-align: left;\"><a href=\"https:\/\/abj-medical.en.alibaba.com\/productgrouplist-804757852\/Home_care_machine.html?spm=a2700.icbuShop.88.22.6f7544ebOU9VNx\" target=\"_blank\" rel=\"noopener noreferrer\"><img decoding=\"async\" src=\"https:\/\/anbanjia.com.cn\/wp-content\/uploads\/2022\/05\/HTB1jiZDX5rxK1RkHFCcq6AQCVXaL.jpg\" data-alt=\"Portable high asthma compressor baby nebulizer inhalator\" data-src=\"\"><img decoding=\"async\" src=\"https:\/\/anbanjia.com.cn\/wp-content\/uploads\/2022\/05\/HTB1s4oKX4_rK1RkHFqDq6yJAFXa7.jpg\" data-alt=\"Portable high asthma compressor baby nebulizer inhalator\" data-src=\"\"><\/a><\/p>\n<\/div>\n<\/div>\n<div id=\"ali-anchor-AliPostDhMb-bxp78\" style=\"padding-top: 8px;\" data-section=\"AliPostDhMb-bxp78\" data-section-title=\"contact us\">\n<div id=\"ali-title-AliPostDhMb-bxp78\" style=\"padding: 8px 0; border-bottom: 1px solid #ddd;\"><span style=\"background-color: #ddd; color: #333; font-weight: bold; padding: 8px 10px; line-height: 12px;\">kontaktiere uns<\/span><\/div>\n<div style=\"padding: 10px 0;\">\n<p><a href=\"https:\/\/abj-medical.en.alibaba.com\/contactinfo.html?spm=a2700.8304367.topnav.8.5d239224wxD2sy\" target=\"_blank\" rel=\"noopener noreferrer\"><img decoding=\"async\" src=\"https:\/\/anbanjia.com.cn\/wp-content\/uploads\/2022\/05\/HTB1E_8LXOLxK1Rjy0Ffq6zYdVXay.jpg\" data-alt=\"Portable high asthma compressor baby nebulizer inhalator\" data-src=\"\"> <\/a><\/p>\n<\/div>\n<\/div>\n<div id=\"ali-anchor-AliPostDhMb-btqku\" style=\"padding-top: 8px;\" data-section=\"AliPostDhMb-btqku\" data-section-title=\"certificate\">\n<div id=\"ali-title-AliPostDhMb-btqku\" style=\"padding: 8px 0; border-bottom: 1px solid #ddd;\"><span style=\"background-color: #ddd; color: #333; font-weight: bold; padding: 8px 10px; line-height: 12px;\">Zertifikat<\/span><\/div>\n<div style=\"padding: 10px 0;\">\n<p><img decoding=\"async\" src=\"https:\/\/anbanjia.com.cn\/wp-content\/uploads\/2022\/05\/HTB1Z1olSpXXXXctXXXXq6xXFXXXu-1.jpg\" data-alt=\"Portable high asthma compressor baby nebulizer inhalator\" data-src=\"\"><\/p>\n<\/div>\n<\/div>\n<div id=\"ali-anchor-AliPostDhMb-gyeue\" style=\"padding-top: 8px;\" data-section=\"AliPostDhMb-gyeue\" data-section-title=\"company information\">\n<div id=\"ali-title-AliPostDhMb-gyeue\" style=\"padding: 8px 0; border-bottom: 1px solid #ddd;\"><span style=\"background-color: #ddd; color: #333; font-weight: bold; padding: 8px 10px; line-height: 12px;\">Firmeninformation<\/span><\/div>\n<div style=\"padding: 10px 0;\">\n<p><img decoding=\"async\" src=\"https:\/\/s.alicdn.com\/@sc01\/kf\/HTB1Jw.sBZuYBuNkSmRyq6AA3pXaz\/230438700\/HTB1Jw.sBZuYBuNkSmRyq6AA3pXaz.jpg?quality=close\" alt=\"Portable high asthma compressor baby nebulizer inhalator\"><img decoding=\"async\" src=\"https:\/\/anbanjia.com.cn\/wp-content\/uploads\/2022\/05\/HTB1axkqKXGWBuNjy0Fbq6z4sXXao.jpg\" data-alt=\"Portable high asthma compressor baby nebulizer inhalator\" data-src=\"\"><\/p>\n<\/div>\n<\/div>\n<\/div>\n","protected":false},"excerpt":{"rendered":"<p>&nbsp;<\/p>\n<div style=\"width: auto;\">\n<div style=\"min-width: 300px; max-width: 300px; word-wrap: break-word; float: left;\">Herkunftsort: China<\/div>\n<div style=\"min-width: 300px; max-width: 300px; word-wrap: break-word; float: left;\">Markenname:ABJ\/OEM<\/div>\n<\/div>\n<div style=\"width: auto;\">\n<div style=\"min-width: 300px; max-width: 300px; word-wrap: break-word; float: left;\">Modellnummer: ABJ-AN-832<\/div>\n<div style=\"min-width: 300px; max-width: 300px; word-wrap: break-word; float: left;\">Stromquelle: Elektrisch<\/div>\n<\/div>\n<div style=\"width: auto;\">\n<div style=\"min-width: 300px; max-width: 300px; word-wrap: break-word; float: left;\">1 Jahr Garantie<\/div>\n<div style=\"min-width: 300px; max-width: 300px; word-wrap: break-word; float: left;\">Kundendienst: KEINE<\/div>\n<\/div>\n<div style=\"width: auto;\">\n<div style=\"min-width: 300px; max-width: 300px; word-wrap: break-word; float: left;\">Anwendung: F\u00fcr den Heimgebrauch<\/div>\n<div style=\"min-width: 300px; max-width: 300px; word-wrap: break-word; float: left;\">Stromversorgungsmodus: Plug-in<\/div>\n<\/div>\n<div style=\"width: auto;\">\n<div style=\"min-width: 300px; max-width: 300px; word-wrap: break-word; float: left;\">Material: Kunststoff<\/div>\n<div style=\"min-width: 300px; max-width: 300px; word-wrap: break-word; float: left;\">Haltbarkeit: 1 Jahre<\/div>\n<\/div>\n<div style=\"width: auto;\">\n<div style=\"min-width: 300px; max-width: 300px; word-wrap: break-word; float: left;\">Qualit\u00e4tszertifizierung: ce<\/div>\n<div style=\"min-width: 300px; max-width: 300px; word-wrap: break-word; float: left;\">Instrumentenklassifizierung: Klasse II<\/div>\n<\/div>\n<div style=\"width: auto;\">\n<div style=\"min-width: 300px; max-width: 300px; word-wrap: break-word; float: left;\">Sicherheitsstandard:MOL<\/div>\n<div style=\"min-width: 300px; max-width: 300px; word-wrap: break-word; float: left;\">Durchschnittliche Vernebelungsrate: 0,2 ml\/min<\/div>\n<\/div>\n<div style=\"width: auto;\">\n<div style=\"min-width: 300px; max-width: 300px; word-wrap: break-word; float: left;\">Zerst\u00e4ubungsdruck: 86 kPa ~ 106 kPa<\/div>\n<div style=\"min-width: 300px; max-width: 300px; word-wrap: break-word; float: left;\">MMAD: 2,5 \u03bcm<\/div>\n<\/div>\n<div style=\"width: auto;\">\n<div style=\"min-width: 300px; max-width: 300px; word-wrap: break-word; float: left;\">Gr\u00f6\u00dfe: 269 mm x 169,5 mm x 96 mm<\/div>\n<div style=\"min-width: 300px; max-width: 300px; word-wrap: break-word; float: left;\">Betriebstemperaturbereich: 10 \u00b0C ~ bis 40 \u00b0C (50 \u00b0F ~ 104 \u00b0F)<\/div>\n<\/div>\n<div>Kundenspezifisches Logo (Mindestbestellmenge: 200 St\u00fcck)<\/div>\n<div>Kundenspezifische Verpackung (Mindestbestellmenge: 200 St\u00fcck)<\/div>\n","protected":false},"featured_media":6568,"comment_status":"closed","ping_status":"closed","template":"","meta":[],"product_cat":[142],"product_tag":[],"class_list":["post-13037","product","type-product","status-publish","has-post-thumbnail","hentry","product_cat-vernebler"],"_links":{"self":[{"href":"https:\/\/anbanjia.com.cn\/de\/wp-json\/wp\/v2\/product\/13037","targetHints":{"allow":["GET"]}}],"collection":[{"href":"https:\/\/anbanjia.com.cn\/de\/wp-json\/wp\/v2\/product"}],"about":[{"href":"https:\/\/anbanjia.com.cn\/de\/wp-json\/wp\/v2\/types\/product"}],"replies":[{"embeddable":true,"href":"https:\/\/anbanjia.com.cn\/de\/wp-json\/wp\/v2\/comments?post=13037"}],"wp:featuredmedia":[{"embeddable":true,"href":"https:\/\/anbanjia.com.cn\/de\/wp-json\/wp\/v2\/media\/6568"}],"wp:attachment":[{"href":"https:\/\/anbanjia.com.cn\/de\/wp-json\/wp\/v2\/media?parent=13037"}],"wp:term":[{"taxonomy":"product_cat","embeddable":true,"href":"https:\/\/anbanjia.com.cn\/de\/wp-json\/wp\/v2\/product_cat?post=13037"},{"taxonomy":"product_tag","embeddable":true,"href":"https:\/\/anbanjia.com.cn\/de\/wp-json\/wp\/v2\/product_tag?post=13037"}],"curies":[{"name":"wp","href":"https:\/\/api.w.org\/{rel}","templated":true}]}}