{"id":13035,"date":"2022-05-02T18:02:55","date_gmt":"2022-05-02T18:02:55","guid":{"rendered":"https:\/\/www.anbanjia.com.cn\/product\/haeusliche-pflege-babypflege-tragbare-hohe-asthma-kompressor-inhalator-vernebler-maschine-fuer-kinder\/"},"modified":"2022-05-02T18:02:55","modified_gmt":"2022-05-02T18:02:55","slug":"hauspflege-babypflege-tragbarer-asthma-kompressor-inhalator-vernebler-maschine-fur-kinder","status":"publish","type":"product","link":"https:\/\/anbanjia.com.cn\/de\/produkt\/hauspflege-babypflege-tragbarer-asthma-kompressor-inhalator-vernebler-maschine-fur-kinder\/","title":{"rendered":"H\u00e4usliche Pflege Babypflege tragbare hohe Asthma-Kompressor-Inhalator-Vernebler-Maschine f\u00fcr Kinder"},"content":{"rendered":"<div style=\"max-width: 750px; margin: 0 auto;\">\n<div id=\"ali-anchor-AliPostDhMb-34si4\" style=\"padding-top: 8px;\" data-section=\"AliPostDhMb-34si4\" data-section-title=\"Product Details\">\n<div id=\"ali-title-AliPostDhMb-34si4\" style=\"padding: 8px 0; border-bottom: 1px solid #ddd;\"><span style=\"background-color: #ddd; color: #333; font-weight: bold; padding: 8px 10px; line-height: 12px;\">Produktdetails<\/span><\/div>\n<div style=\"padding: 10px 0;\">\n<p><img decoding=\"async\" style=\"max-width: 750;\" src=\"https:\/\/anbanjia.com.cn\/wp-content\/uploads\/2022\/05\/HTB1pKcVSpXXXXa8XXXXq6xXFXXXs-2.jpg\" data-alt=\"Home care baby care portable high asthma compressor inhalator nebulizer machine for children\" data-src=\"\"><\/p>\n<p><span style=\"font-size: 32px; color: #000000;\">Bitte kontaktieren Sie den Verk\u00e4ufer, um weitere Einzelheiten dar\u00fcber zu erfahren.<\/span><\/p>\n<p><span style=\"font-size: 32px; color: #000000;\">Wir k\u00f6nnen Ihr Logo auf dem <span style=\"font-family: Arial; font-size: 32px; font-style: normal; font-weight: 400; text-align: center; background-color: #f5f5f5; float: none; display: inline !important;\">Vernebler anbringen und Sie k\u00f6nnen die Verpackung individuell gestalten.<\/span><\/span><\/p>\n<p style=\"text-align: center;\"><span style=\"font-size: 32px; color: #0000ff;\">Tragbare Verneblermaschine f\u00fcr die h\u00e4usliche Babypflege f\u00fcr Kinder<\/span><\/p>\n<p><strong><span style=\"font-size: 24px;\"><img decoding=\"async\" src=\"https:\/\/anbanjia.com.cn\/wp-content\/uploads\/2022\/05\/HTB1jiZDX5rxK1RkHFCcq6AQCVXaL.jpg\" data-alt=\"Home care baby care portable high asthma compressor inhalator nebulizer machine for children\" data-src=\"\"><img decoding=\"async\" src=\"https:\/\/anbanjia.com.cn\/wp-content\/uploads\/2022\/05\/HTB1s4oKX4_rK1RkHFqDq6yJAFXa7.jpg\" data-alt=\"Home care baby care portable high asthma compressor inhalator nebulizer machine for children\" data-src=\"\"><img decoding=\"async\" src=\"https:\/\/anbanjia.com.cn\/wp-content\/uploads\/2022\/05\/HTB1cNqMqqSWBuNjSsrbq6y0mVXar.jpg\" data-alt=\"Home care baby care portable high asthma compressor inhalator nebulizer machine for children\" data-src=\"\"><\/span><\/strong><\/p>\n<p><span style=\"font-size: 18px; color: #0000ff;\">1. Vibrationsfrequenz: 120 \u00b1 10 % KHz<\/span><br \/>\n<span style=\"font-size: 18px; color: #0000ff;\">2,120 \u00b1 10 % kHz: \u2265 0,25 ml\/min<\/span><br \/>\n<span style=\"font-size: 18px; color: #0000ff;\">3. Partikelgr\u00f6\u00dfe (MMAD): 5 \u03bcm<\/span><br \/>\n<span style=\"font-size: 18px; color: #0000ff;\">4. Arbeitsger\u00e4usch: \u2264 21 dB<\/span><br \/>\n<span style=\"font-size: 18px; color: #0000ff;\">5. Unterschiedliche Funktion: Erkennungsfunktion f\u00fcr fl\u00fcssige Medikamente; Wenn kein Medikament in der Flasche ist, stoppe automatisch<\/span><br \/>\n<span style=\"font-size: 18px; color: #0000ff;\">6. Farbe von MaiUnit: Wei\u00df, Rosa, Gr\u00fcn, Blau, Lila, Gelb<\/span><br \/>\n<span style=\"font-size: 18px; color: #0000ff;\">7. Farbe der Medizinflasche: Farbe der Medizinflasche<\/span><br \/>\n<span style=\"font-size: 18px; color: #0000ff;\">8. Farbe der Medizinflasche: 79 g<\/span><br \/>\n<span style=\"font-size: 18px; color: #0000ff;\">9. Stromversorgung: 2 &#8222;AA&#8220; Akline-Batterien; Micro-USB-Kabel<\/span><br \/>\n<span style=\"font-size: 18px; color: #0000ff;\">10. Produktabmessung (mm): 45 * 61 * 121 mm<\/span><\/p>\n<p><strong><span style=\"font-size: 24px;\"><img decoding=\"async\" src=\"https:\/\/anbanjia.com.cn\/wp-content\/uploads\/2022\/05\/HTB1pzpQigKTBuNkSne1q6yJoXXam.jpg\" data-alt=\"Home care baby care portable high asthma compressor inhalator nebulizer machine for children\" data-src=\"\"><img decoding=\"async\" src=\"https:\/\/anbanjia.com.cn\/wp-content\/uploads\/2022\/05\/HTB1caqVqpuWBuNjSszbq6AS7FXaI.jpg\" data-alt=\"Home care baby care portable high asthma compressor inhalator nebulizer machine for children\" data-src=\"\"><\/span><\/strong><\/p>\n<div id=\"e5gey\" style=\"margin: 0px; padding: 4px 0px; border: 0px; font-style: normal; font-weight: normal; font-size: 14px; line-height: inherit; font-family: Arial,Helvetica; vertical-align: top; word-wrap: break-word; color: #333333; background-color: #ffffff; box-sizing: border-box;\">\n<h3 style=\"margin: 0px; padding: 0px; border: 0px; font-style: inherit; font-weight: bold; font-size: 1.17em; line-height: 20px; vertical-align: baseline;\">Tragbare Verneblermaschine f\u00fcr die medizinische Versorgung:<\/h3>\n<\/div>\n<div id=\"sl59k\" style=\"margin: 0px; padding: 4px 0px; border: 0px; font-style: normal; font-weight: normal; font-size: 14px; line-height: inherit; font-family: Arial,Helvetica; vertical-align: top; word-wrap: break-word; color: #333333; background-color: #ffffff; box-sizing: border-box;\">\n<p style=\"margin: 0px; padding: 0px; border: 0px; font-style: inherit; font-weight: inherit; font-size: inherit; line-height: inherit; vertical-align: baseline; word-wrap: break-word;\"><span style=\"font-size: large;\">Hauptmaschine 1PCS; <\/span><\/p>\n<p style=\"margin: 0px; padding: 0px; border: 0px; font-style: inherit; font-weight: inherit; font-size: inherit; line-height: inherit; vertical-align: baseline; word-wrap: break-word;\"><span style=\"font-size: large;\"> Mundst\u00fcck 1PCS; <\/span><\/p>\n<p style=\"margin: 0px; padding: 0px; border: 0px; font-style: inherit; font-weight: inherit; font-size: inherit; line-height: inherit; vertical-align: baseline; word-wrap: break-word;\"><span style=\"font-size: large;\"> Kindermaske 1PCS; <\/span><\/p>\n<p style=\"margin: 0px; padding: 0px; border: 0px; font-style: inherit; font-weight: inherit; font-size: inherit; line-height: inherit; vertical-align: baseline; word-wrap: break-word;\"><span style=\"font-size: large;\"> Erwachsenenmaske 1PCS; <\/span><\/p>\n<p style=\"margin: 0px; padding: 0px; border: 0px; font-style: inherit; font-weight: inherit; font-size: inherit; line-height: inherit; vertical-align: baseline; word-wrap: break-word;\"><span style=\"font-size: large;\"> Bedienungsanleitung 1PCS;<\/span><\/p>\n<p style=\"margin: 0px; padding: 0px; border: 0px; font-style: inherit; font-weight: inherit; font-size: inherit; line-height: inherit; vertical-align: baseline; word-wrap: break-word;\"><span style=\"font-size: large;\"> Tragetasche 1PCS; <\/span><\/p>\n<p style=\"margin: 0px; padding: 0px; border: 0px; font-style: inherit; font-weight: inherit; font-size: inherit; line-height: inherit; vertical-align: baseline; word-wrap: break-word;\"><span style=\"font-size: large;\"> Micro-USB-Kabel 1STK<\/span><\/p>\n<p style=\"margin: 0px; padding: 0px; border: 0px; font-style: inherit; font-weight: inherit; font-size: inherit; line-height: inherit; vertical-align: baseline; word-wrap: break-word;\"><span style=\"color: #0000ff;\"><strong><span style=\"font-size: 24px;\">Kleiner Vernebler anderer Arten: ABJ-32<\/span><\/strong><\/span><\/p>\n<p style=\"margin: 0px; padding: 0px; border: 0px; font-style: inherit; font-weight: inherit; font-size: inherit; line-height: inherit; vertical-align: baseline; word-wrap: break-word;\"><span style=\"font-size: large;\"><img decoding=\"async\" src=\"https:\/\/anbanjia.com.cn\/wp-content\/uploads\/2022\/05\/HTB1XWO8quGSBuNjSspbq6AiipXaZ.jpg\" data-alt=\"Home care baby care portable high asthma compressor inhalator nebulizer machine for children\" data-src=\"\"><\/span><\/p>\n<h3 style=\"margin: 0px; padding: 0px; border: 0px; font-style: normal; font-weight: bold; font-size: 1.17em; line-height: 20px; font-family: Arial,Helvetica; vertical-align: baseline; color: #333333; background-color: #ffffff;\"><span style=\"color: #3f6fff; font-size: xx-large;\">ABJ31 Vernebler und ABJ32:<\/span><\/h3>\n<p><span style=\"color: #3f6fff; font-size: xx-large;\"><img decoding=\"async\" src=\"https:\/\/anbanjia.com.cn\/wp-content\/uploads\/2022\/05\/HTB1rOidinXYBeNkHFrd763iuVXaP.png\" data-alt=\"Home care baby care portable high asthma compressor inhalator nebulizer machine for children\" data-src=\"\"><img decoding=\"async\" src=\"https:\/\/anbanjia.com.cn\/wp-content\/uploads\/2022\/05\/HTB1E_8LXOLxK1Rjy0Ffq6zYdVXay.jpg\" data-alt=\"Home care baby care portable high asthma compressor inhalator nebulizer machine for children\" data-src=\"\"><\/span><\/p>\n<\/div>\n<\/div>\n<\/div>\n<div id=\"ali-anchor-AliPostDhMb-540wo\" style=\"padding-top: 8px;\" data-section=\"AliPostDhMb-540wo\" data-section-title=\"company information\">\n<div id=\"ali-title-AliPostDhMb-540wo\" style=\"padding: 8px 0; border-bottom: 1px solid #ddd;\"><span style=\"background-color: #ddd; color: #333; font-weight: bold; padding: 8px 10px; line-height: 12px;\">Firmeninformation<\/span><\/div>\n<div style=\"padding: 10px 0;\">\n<p><img decoding=\"async\" src=\"https:\/\/anbanjia.com.cn\/wp-content\/uploads\/2022\/05\/HTB1MME3SpXXXXbJaXXXq6xXFXXXA-1.jpg\" data-alt=\"Home care baby care portable high asthma compressor inhalator nebulizer machine for children\" data-src=\"\"><\/p>\n<\/div>\n<\/div>\n<div id=\"ali-anchor-AliPostDhMb-v8csu\" style=\"padding-top: 8px;\" data-section=\"AliPostDhMb-v8csu\" data-section-title=\"certificate\">\n<div id=\"ali-title-AliPostDhMb-v8csu\" style=\"padding: 8px 0; border-bottom: 1px solid #ddd;\"><span style=\"background-color: #ddd; color: #333; font-weight: bold; padding: 8px 10px; line-height: 12px;\">Zertifikat<\/span><\/div>\n<div style=\"padding: 10px 0;\">\n<p><img decoding=\"async\" src=\"https:\/\/anbanjia.com.cn\/wp-content\/uploads\/2022\/05\/HTB1Z1olSpXXXXctXXXXq6xXFXXXu-1.jpg\" data-alt=\"Home care baby care portable high asthma compressor inhalator nebulizer machine for children\" data-src=\"\"><\/p>\n<\/div>\n<\/div>\n<div id=\"ali-anchor-AliPostDhMb-z2exa\" style=\"padding-top: 8px;\" data-section=\"AliPostDhMb-z2exa\" data-section-title=\"produce &amp; payment\">\n<div id=\"ali-title-AliPostDhMb-z2exa\" style=\"padding: 8px 0; border-bottom: 1px solid #ddd;\"><span style=\"background-color: #ddd; color: #333; font-weight: bold; padding: 8px 10px; line-height: 12px;\">produzieren &amp; bezahlen<\/span><\/div>\n<div style=\"padding: 10px 0;\">\n<p><img decoding=\"async\" src=\"https:\/\/anbanjia.com.cn\/wp-content\/uploads\/2022\/05\/HTB1LlvUSpXXXXbJXVXXq6xXFXXXf-1.jpg\" data-alt=\"Home care baby care portable high asthma compressor inhalator nebulizer machine for children\" data-src=\"\"><img decoding=\"async\" src=\"https:\/\/anbanjia.com.cn\/wp-content\/uploads\/2022\/05\/HTB1R1haSFXXXXXNXVXXq6xXFXXXz-1.jpg\" data-alt=\"Home care baby care portable high asthma compressor inhalator nebulizer machine for children\" data-src=\"\"><\/p>\n<\/div>\n<\/div>\n<div id=\"ali-anchor-AliPostDhMb-tuceb\" style=\"padding-top: 8px;\" data-section=\"AliPostDhMb-tuceb\" data-section-title=\"Home\">\n<div style=\"padding: 10px 0;\">\n<p>&nbsp;<\/p>\n<p>&nbsp;<\/p>\n<\/div>\n<\/div>\n<\/div>\n","protected":false},"excerpt":{"rendered":"<p>&nbsp;<\/p>\n<div style=\"width: auto;\">\n<div style=\"min-width: 300px; max-width: 300px; word-wrap: break-word; float: left;\">Herkunftsort: Guangdong, China<\/div>\n<div style=\"min-width: 300px; max-width: 300px; word-wrap: break-word; float: left;\">Markenname:ABJ\/OEM<\/div>\n<\/div>\n<div style=\"width: auto;\">\n<div style=\"min-width: 300px; max-width: 300px; word-wrap: break-word; float: left;\">Modellnummer: ABJ-YS31<\/div>\n<div style=\"min-width: 300px; max-width: 300px; word-wrap: break-word; float: left;\">Stromquelle: Elektrisch<\/div>\n<\/div>\n<div style=\"width: auto;\">\n<div style=\"min-width: 300px; max-width: 300px; word-wrap: break-word; float: left;\">1 Jahr Garantie<\/div>\n<div style=\"min-width: 300px; max-width: 300px; word-wrap: break-word; float: left;\">Kundendienst: KEINE<\/div>\n<\/div>\n<div style=\"width: auto;\">\n<div style=\"min-width: 300px; max-width: 300px; word-wrap: break-word; float: left;\">Anwendung: F\u00fcr den Heimgebrauch<\/div>\n<div style=\"min-width: 300px; max-width: 300px; word-wrap: break-word; float: left;\">Stromversorgungsmodus: Plug-in<\/div>\n<\/div>\n<div style=\"width: auto;\">\n<div style=\"min-width: 300px; max-width: 300px; word-wrap: break-word; float: left;\">Material: Kunststoff<\/div>\n<div style=\"min-width: 300px; max-width: 300px; word-wrap: break-word; float: left;\">Haltbarkeit: 1 Jahre<\/div>\n<\/div>\n<div style=\"width: auto;\">\n<div style=\"min-width: 300px; max-width: 300px; word-wrap: break-word; float: left;\">Qualit\u00e4tszertifizierung: ce<\/div>\n<div style=\"min-width: 300px; max-width: 300px; word-wrap: break-word; float: left;\">Instrumentenklassifizierung: Klasse II<\/div>\n<\/div>\n<div style=\"width: auto;\">\n<div style=\"min-width: 300px; max-width: 300px; word-wrap: break-word; float: left;\">Sicherheitsstandard: Keine<\/div>\n<div style=\"min-width: 300px; max-width: 300px; word-wrap: break-word; float: left;\">Typ: Orthesen<\/div>\n<\/div>\n<div style=\"width: auto;\">\n<div style=\"min-width: 300px; max-width: 300px; word-wrap: break-word; float: left;\">Zertifikat:CE FED ISO<\/div>\n<div style=\"min-width: 300px; max-width: 300px; word-wrap: break-word; float: left;\">Stromversorgung: 2 * AA-Alkalibatterien<\/div>\n<\/div>\n<div style=\"width: auto;\">\n<div style=\"min-width: 300px; max-width: 300px; word-wrap: break-word; float: left;\">Stromverbrauch: 1,5 W Atmungshilfe<\/div>\n<div style=\"min-width: 300px; max-width: 300px; word-wrap: break-word; float: left;\">Abmessungen (mm):45(L)*61(B)*121(H)<\/div>\n<\/div>\n","protected":false},"featured_media":12598,"comment_status":"closed","ping_status":"closed","template":"","meta":[],"product_cat":[142],"product_tag":[],"class_list":["post-13035","product","type-product","status-publish","has-post-thumbnail","hentry","product_cat-vernebler"],"_links":{"self":[{"href":"https:\/\/anbanjia.com.cn\/de\/wp-json\/wp\/v2\/product\/13035","targetHints":{"allow":["GET"]}}],"collection":[{"href":"https:\/\/anbanjia.com.cn\/de\/wp-json\/wp\/v2\/product"}],"about":[{"href":"https:\/\/anbanjia.com.cn\/de\/wp-json\/wp\/v2\/types\/product"}],"replies":[{"embeddable":true,"href":"https:\/\/anbanjia.com.cn\/de\/wp-json\/wp\/v2\/comments?post=13035"}],"wp:featuredmedia":[{"embeddable":true,"href":"https:\/\/anbanjia.com.cn\/de\/wp-json\/wp\/v2\/media\/12598"}],"wp:attachment":[{"href":"https:\/\/anbanjia.com.cn\/de\/wp-json\/wp\/v2\/media?parent=13035"}],"wp:term":[{"taxonomy":"product_cat","embeddable":true,"href":"https:\/\/anbanjia.com.cn\/de\/wp-json\/wp\/v2\/product_cat?post=13035"},{"taxonomy":"product_tag","embeddable":true,"href":"https:\/\/anbanjia.com.cn\/de\/wp-json\/wp\/v2\/product_tag?post=13035"}],"curies":[{"name":"wp","href":"https:\/\/api.w.org\/{rel}","templated":true}]}}