{"id":13031,"date":"2022-05-02T18:03:02","date_gmt":"2022-05-02T18:03:02","guid":{"rendered":"https:\/\/www.anbanjia.com.cn\/product\/lcd-digital-heizungs-mundthermometer-werkzeuge-fuer-kinder-baby-kind-saeugling-temperaturmessung-elektronisches-klinisches-thermometer\/"},"modified":"2022-05-02T18:03:02","modified_gmt":"2022-05-02T18:03:02","slug":"lcd-digitale-heizung-orales-thermometer-werkzeuge-kinder-baby-kind-kleinkind-temperaturmessung-elektronisches-klinisches-thermometer","status":"publish","type":"product","link":"https:\/\/anbanjia.com.cn\/de\/produkt\/lcd-digitale-heizung-orales-thermometer-werkzeuge-kinder-baby-kind-kleinkind-temperaturmessung-elektronisches-klinisches-thermometer\/","title":{"rendered":"LCD-Digital-Heizungs-Mundthermometer-Werkzeuge f\u00fcr Kinder, Baby, Kind, S\u00e4ugling, Temperaturmessung, elektronisches klinisches Thermometer"},"content":{"rendered":"<div style=\"max-width: 750px; margin: 0 auto;\">\n<div id=\"detail_decorate_root\" data-magic-global=\"%7B%22bizId%22%3A3215165050%2C%22pageId%22%3A21027124131%2C%22siteId%22%3A5005610021%7D\">\n<div class=\"J_module\">\n<div class=\"detail-decorate-json-renderer-container\">\n<div class=\"magic-1\">\n<div class=\"magic-3\"><span class=\"magic-4\" style=\"color: #e87474;\">thermometer digital <\/span><\/div>\n<div class=\"magic-5\">\n<div class=\"magic-6\">\n<div class=\"magic-7\">\n<div class=\"magic-3\"><b><span class=\"magic-8\"><span class=\"magic-9\"> <\/span><\/span><\/b><\/div>\n<div class=\"magic-3\"><b><span class=\"magic-8\"><span class=\"magic-9\">Bitte kontaktieren Sie den Verk\u00e4ufer, um den tats\u00e4chlichen Versandpreis zu erhalten. Sie k\u00f6nnen den Verk\u00e4ufer per WhatsApp<\/span> kontaktieren<\/span><\/b><\/div>\n<div class=\"magic-10\"><b><span class=\"magic-8\"> <\/span><\/b><\/div>\n<div class=\"magic-3\">\n<div class=\"magic-10\"><\/div>\n<p>&nbsp;<\/p>\n<div class=\"magic-10\"><b class=\"magic-11\">Temperaturmesszeit: 20-60s<\/b><\/div>\n<p>&nbsp;<\/p>\n<div class=\"magic-10\"><b class=\"magic-11\">Batteriemodell: LR41<\/b><\/div>\n<div class=\"magic-10\"><b class=\"magic-11\">Batteriestrom: 28 mAh<\/b><\/div>\n<div class=\"magic-10\"><b class=\"magic-11\">Batteriespannung: 1,5 V<\/b><\/div>\n<div class=\"magic-10\"><b class=\"magic-11\">Produktgr\u00f6\u00dfe: 126 * 19 * 9 mm<\/b><\/div>\n<div class=\"magic-10\"><b class=\"magic-11\">Temperaturmessbereich: 32-42,9\u2103<\/b><\/div>\n<div class=\"magic-10\"><b class=\"magic-11\">Produktgewicht: 10 g<\/b><\/div>\n<div class=\"magic-10\"><b class=\"magic-11\">FCL-Menge: 500 St\u00fcck<\/b><\/div>\n<div class=\"magic-10\"><b class=\"magic-11\">Bruttogewicht des Produkts: 17 g<\/b><\/div>\n<div class=\"magic-10\"><b class=\"magic-11\">Kartongr\u00f6\u00dfe: 136 x 26 x 20 mm<\/b><\/div>\n<div class=\"magic-10\"><b class=\"magic-12\">Bruttogewicht der gesamten Box: 9,45 kg<\/b><\/div>\n<div class=\"magic-10\"><b class=\"magic-11\">FCL-Gr\u00f6\u00dfe: 545 * 290 * 295 mm<\/b><\/div>\n<div class=\"magic-10\"><b class=\"magic-11\">Nettogewicht der ganzen Kiste &#8222;8,5kg<\/b><\/div>\n<p>&nbsp;<\/p>\n<div class=\"magic-10\"><\/div>\n<p>&nbsp;<\/p>\n<\/div>\n<div class=\"magic-3\"><\/div>\n<\/div>\n<\/div>\n<\/div>\n<\/div>\n<\/div>\n<\/div>\n<div class=\"J_module\">\n<div class=\"icbu-pc-detailManyImage magic-13\">\n<div class=\"magic-14\"><img decoding=\"async\" class=\"magic-15\" style=\"max-width: 750;\" src=\"https:\/\/anbanjia.com.cn\/wp-content\/uploads\/2022\/05\/H32d58117906d4f00a396e756723a6c11H.png\" data-src=\"\"><\/div>\n<div class=\"magic-14\"><img decoding=\"async\" class=\"magic-15\" src=\"https:\/\/anbanjia.com.cn\/wp-content\/uploads\/2022\/05\/H50d032d1b02f4c1783623ffa21d1c081e.png\" data-src=\"\"><\/div>\n<div class=\"magic-14\"><img decoding=\"async\" class=\"magic-15\" src=\"https:\/\/anbanjia.com.cn\/wp-content\/uploads\/2022\/05\/Hf03845d678cd42869d1c26b808ea97c4R.png\" data-src=\"\"><\/div>\n<div class=\"magic-14\"><img decoding=\"async\" class=\"magic-15\" src=\"https:\/\/anbanjia.com.cn\/wp-content\/uploads\/2022\/05\/H2fcdf3825cea4ff7a85c4ca75f6c8f1ck.png\" data-src=\"\"><\/div>\n<div class=\"magic-14\"><img decoding=\"async\" class=\"magic-15\" src=\"https:\/\/anbanjia.com.cn\/wp-content\/uploads\/2022\/05\/H216625f45b90485dbb4978e969ee4682o.png\" data-src=\"\"><\/div>\n<div class=\"magic-14\"><img decoding=\"async\" class=\"magic-15\" src=\"https:\/\/anbanjia.com.cn\/wp-content\/uploads\/2022\/05\/H6292e035da6849d3b9eda742dc8b8224m.png\" data-src=\"\"><\/div>\n<div class=\"magic-14\"><img decoding=\"async\" class=\"magic-15\" src=\"https:\/\/anbanjia.com.cn\/wp-content\/uploads\/2022\/05\/H30b0a697dbe34ef0bb899c859edd17c7Q.png\" data-src=\"\"><\/div>\n<div class=\"magic-14\"><img decoding=\"async\" class=\"magic-15\" src=\"https:\/\/anbanjia.com.cn\/wp-content\/uploads\/2022\/05\/Hcb99ac36bf544519b710a64953ad917by.png\" data-src=\"\"><\/div>\n<\/div>\n<\/div>\n<div class=\"J_module\">\n<div class=\"icbu-pc-images magic-16\">\n<div>\n<div class=\"flex-layout-v\">\n<div class=\"flex-layout-h magic-16\">\n<div class=\"magic-17\"><img decoding=\"async\" class=\"magic-18\" src=\"https:\/\/anbanjia.com.cn\/wp-content\/uploads\/2022\/05\/H863df5af39f14de1ab5fe15f7bd17f2fu.png\" data-src=\"\"><\/div>\n<\/div>\n<\/div>\n<\/div>\n<\/div>\n<\/div>\n<div class=\"J_module\">\n<div class=\"icbu-pc-images magic-16\">\n<div>\n<div class=\"flex-layout-v\">\n<div class=\"flex-layout-h magic-16\">\n<div class=\"magic-19\"><img decoding=\"async\" class=\"magic-20\" src=\"https:\/\/anbanjia.com.cn\/wp-content\/uploads\/2022\/05\/H1e5919cd7dbd45a3a184ba507a9a5471E.png\" data-src=\"\"><\/div>\n<\/div>\n<\/div>\n<\/div>\n<\/div>\n<\/div>\n<\/div>\n<\/div>\n","protected":false},"excerpt":{"rendered":"<p>&nbsp;<\/p>\n<div style=\"width: auto;\">\n<div style=\"min-width: 300px; max-width: 300px; word-wrap: break-word; float: left;\">Herkunftsort: China<\/div>\n<div style=\"min-width: 300px; max-width: 300px; word-wrap: break-word; float: left;\">Markenname: XHF<\/div>\n<\/div>\n<div style=\"width: auto;\">\n<div style=\"min-width: 300px; max-width: 300px; word-wrap: break-word; float: left;\">Modellnummer: 01<\/div>\n<div style=\"min-width: 300px; max-width: 300px; word-wrap: break-word; float: left;\">Stromquelle: Elektrisch<\/div>\n<\/div>\n<div style=\"width: auto;\">\n<div style=\"min-width: 300px; max-width: 300px; word-wrap: break-word; float: left;\">1 Jahr Garantie<\/div>\n<div style=\"min-width: 300px; max-width: 300px; word-wrap: break-word; float: left;\">Kundendienst: Kostenlose Ersatzteile<\/div>\n<\/div>\n<div style=\"width: auto;\">\n<div style=\"min-width: 300px; max-width: 300px; word-wrap: break-word; float: left;\">Stromversorgungsmodus: Eingebauter Akku<\/div>\n<div style=\"min-width: 300px; max-width: 300px; word-wrap: break-word; float: left;\">Anwendung:Stirn<\/div>\n<\/div>\n<div style=\"width: auto;\">\n<div style=\"min-width: 300px; max-width: 300px; word-wrap: break-word; float: left;\">Material: Kunststoff<\/div>\n<div style=\"min-width: 300px; max-width: 300px; word-wrap: break-word; float: left;\">Haltbarkeit: 2 Jahre<\/div>\n<\/div>\n<div style=\"width: auto;\">\n<div style=\"min-width: 300px; max-width: 300px; word-wrap: break-word; float: left;\">Qualit\u00e4tszertifizierung: ce<\/div>\n<div style=\"min-width: 300px; max-width: 300px; word-wrap: break-word; float: left;\">Instrumentenklassifizierung: Klasse I<\/div>\n<\/div>\n<div style=\"width: auto;\">\n<div style=\"min-width: 300px; max-width: 300px; word-wrap: break-word; float: left;\">Sicherheitsstandard:MOL<\/div>\n<div style=\"min-width: 300px; max-width: 300px; word-wrap: break-word; float: left;\">Modell: digitales Thermometer<\/div>\n<\/div>\n<div style=\"width: auto;\">\n<div style=\"min-width: 300px; max-width: 300px; word-wrap: break-word; float: left;\">Messzeit: 20-60s<\/div>\n<div style=\"min-width: 300px; max-width: 300px; word-wrap: break-word; float: left;\">Produktgewicht: 10 g<\/div>\n<\/div>\n<div style=\"width: auto;\">\n<div style=\"min-width: 300px; max-width: 300px; word-wrap: break-word; float: left;\">Bruttogewicht des Produkts: 17 g<\/div>\n<div style=\"min-width: 300px; max-width: 300px; word-wrap: break-word; float: left;\">Produktgr\u00f6\u00dfe: 126 x 19 x 9 mm<\/div>\n<\/div>\n<div>Kundenspezifisches Logo (Mindestbestellmenge: 5000 St\u00fcck)<\/div>\n<div>Kundenspezifische Verpackung (Mindestbestellmenge: 5000 St\u00fcck)<\/div>\n","protected":false},"featured_media":12582,"comment_status":"closed","ping_status":"closed","template":"","meta":[],"product_cat":[139],"product_tag":[],"class_list":["post-13031","product","type-product","status-publish","has-post-thumbnail","hentry","product_cat-digitales-thermometer"],"_links":{"self":[{"href":"https:\/\/anbanjia.com.cn\/de\/wp-json\/wp\/v2\/product\/13031","targetHints":{"allow":["GET"]}}],"collection":[{"href":"https:\/\/anbanjia.com.cn\/de\/wp-json\/wp\/v2\/product"}],"about":[{"href":"https:\/\/anbanjia.com.cn\/de\/wp-json\/wp\/v2\/types\/product"}],"replies":[{"embeddable":true,"href":"https:\/\/anbanjia.com.cn\/de\/wp-json\/wp\/v2\/comments?post=13031"}],"wp:featuredmedia":[{"embeddable":true,"href":"https:\/\/anbanjia.com.cn\/de\/wp-json\/wp\/v2\/media\/12582"}],"wp:attachment":[{"href":"https:\/\/anbanjia.com.cn\/de\/wp-json\/wp\/v2\/media?parent=13031"}],"wp:term":[{"taxonomy":"product_cat","embeddable":true,"href":"https:\/\/anbanjia.com.cn\/de\/wp-json\/wp\/v2\/product_cat?post=13031"},{"taxonomy":"product_tag","embeddable":true,"href":"https:\/\/anbanjia.com.cn\/de\/wp-json\/wp\/v2\/product_tag?post=13031"}],"curies":[{"name":"wp","href":"https:\/\/api.w.org\/{rel}","templated":true}]}}