{"id":13026,"date":"2022-05-02T18:02:58","date_gmt":"2022-05-02T18:02:58","guid":{"rendered":"https:\/\/www.anbanjia.com.cn\/product\/niedriger-preis-tragbarer-mini-atempflege-3-liter-sauerstoffkonzentrator-fuer-zuhause-mit-akku-fuer-flugzeug\/"},"modified":"2022-05-02T18:02:58","modified_gmt":"2022-05-02T18:02:58","slug":"gunstiger-tragbarer-mini-atempflege-3l-sauerstoffkonzentrator-zuhause-mit-akku-fur-flugzeug","status":"publish","type":"product","link":"https:\/\/anbanjia.com.cn\/de\/produkt\/gunstiger-tragbarer-mini-atempflege-3l-sauerstoffkonzentrator-zuhause-mit-akku-fur-flugzeug\/","title":{"rendered":"Niedriger Preis Tragbarer Mini-Atempflege-3-Liter-Sauerstoffkonzentrator f\u00fcr Zuhause mit Akku f\u00fcr Flugzeug"},"content":{"rendered":"<div style=\"max-width: 750px; margin: 0 auto;\">\n<div id=\"detail_decorate_root\" data-magic-global=\"%7B%22bizId%22%3A3215165050%2C%22pageId%22%3A20158158413%2C%22siteId%22%3A5005610021%7D\">\n<div class=\"J_module\">\n<div class=\"detail-decorate-json-renderer-container\">\n<div class=\"magic-1\">\n<h3 class=\"magic-2\"><\/h3>\n<h3 class=\"magic-3\"><\/h3>\n<p>&nbsp;<\/p>\n<div class=\"magic-5\"><b><span class=\"magic-6\"> <\/span><\/b><\/div>\n<div class=\"magic-5\"><b><span class=\"magic-7\">Tragbarer Sauerstoffkonzentrator f\u00fcr Zuhause mit Batterie <\/span><\/b><\/div>\n<p>&nbsp;<\/p>\n<h3 class=\"magic-3\"><\/h3>\n<div class=\"magic-8\">\n<div class=\"magic-9\">\n<div class=\"magic-10\"><\/div>\n<\/div>\n<\/div>\n<\/div>\n<\/div>\n<\/div>\n<div class=\"J_module\">\n<div class=\"icbu-pc-images magic-11\">\n<div>\n<div class=\"flex-layout-v\">\n<div class=\"flex-layout-h magic-11\">\n<div class=\"magic-12\"><img decoding=\"async\" class=\"magic-13\" style=\"max-width: 750;\" src=\"https:\/\/anbanjia.com.cn\/wp-content\/uploads\/2022\/05\/HTB16EVGRFXXXXa4XFXXq6xXFXXXF.jpg\" data-src=\"\"><\/div>\n<\/div>\n<\/div>\n<\/div>\n<\/div>\n<\/div>\n<div class=\"J_module\">\n<div class=\"icbu-pc-images magic-11\">\n<div class=\"flex-layout-v\">\n<div class=\"magic-14\">\n<p><img decoding=\"async\" src=\"https:\/\/s.alicdn.com\/@sc02\/kf\/HTB1n6.NQpXXXXaEXXXXq6xXFXXXx\/230438700\/HTB1n6.NQpXXXXaEXXXXq6xXFXXXx.jpg?quality=close\"><img decoding=\"async\" src=\"https:\/\/s.alicdn.com\/@sc01\/kf\/HTB1iG8FRFXXXXcmXFXXq6xXFXXXu\/230438700\/HTB1iG8FRFXXXXcmXFXXq6xXFXXXu.jpg?quality=close\"><img decoding=\"async\" src=\"https:\/\/s.alicdn.com\/@sc04\/kf\/H2f2b67d09f24488c89bbd75c52e078d2C\/230438700\/H2f2b67d09f24488c89bbd75c52e078d2C.png?quality=close\"><img decoding=\"async\" src=\"https:\/\/s.alicdn.com\/@sc04\/kf\/H2ddb26914dd14ce6be8b644c6f720c73Q\/230438700\/H2ddb26914dd14ce6be8b644c6f720c73Q.png?quality=close\"><img decoding=\"async\" src=\"https:\/\/s.alicdn.com\/@sc04\/kf\/HTB1PMpQRFXXXXa.XpXX760XFXXXt\/230438700\/HTB1PMpQRFXXXXa.XpXX760XFXXXt.png?quality=close\"><img decoding=\"async\" src=\"https:\/\/s.alicdn.com\/@sc04\/kf\/H15ddb64bc6214230abf5dd859af9a0aeJ\/230438700\/H15ddb64bc6214230abf5dd859af9a0aeJ.jpg?quality=close\"><img decoding=\"async\" src=\"https:\/\/s.alicdn.com\/@sc04\/kf\/HTB1Jll4RFXXXXXCXXXXq6xXFXXXz\/230438700\/HTB1Jll4RFXXXXXCXXXXq6xXFXXXz.jpg?quality=close\"><img decoding=\"async\" src=\"https:\/\/s.alicdn.com\/@sc04\/kf\/HTB1azrnXZTxK1Rjy0Fgq6yovpXaj\/230438700\/HTB1azrnXZTxK1Rjy0Fgq6yovpXaj.jpg?quality=close\"><img decoding=\"async\" src=\"https:\/\/s.alicdn.com\/@sc04\/kf\/HTB1fCDrX0fvK1RjSszhq6AcGFXaF\/230438700\/HTB1fCDrX0fvK1RjSszhq6AcGFXaF.jpg?quality=close\"><img decoding=\"async\" src=\"https:\/\/s.alicdn.com\/@sc04\/kf\/HTB1cjHrB4uTBuNkHFNRq6A9qpXaM\/230438700\/HTB1cjHrB4uTBuNkHFNRq6A9qpXaM.jpg?quality=close\"><img decoding=\"async\" src=\"https:\/\/s.alicdn.com\/@sc01\/kf\/HTB1Je9WQpXXXXafXpXXq6xXFXXX1\/230438700\/HTB1Je9WQpXXXXafXpXXq6xXFXXX1.jpg?quality=close\"><img decoding=\"async\" src=\"https:\/\/s.alicdn.com\/@sc02\/kf\/HTB1usj7QpXXXXcDaXXXq6xXFXXXc\/230438700\/HTB1usj7QpXXXXcDaXXXq6xXFXXXc.jpg?quality=close\"><img decoding=\"async\" src=\"https:\/\/s.alicdn.com\/@sc02\/kf\/HTB1U7dlRFXXXXb9aXXXq6xXFXXXK\/230438700\/HTB1U7dlRFXXXXb9aXXXq6xXFXXXK.jpg?quality=close\"><img decoding=\"async\" src=\"https:\/\/s.alicdn.com\/@sc01\/kf\/HTB1OJ4JQpXXXXXcapXXq6xXFXXXh\/230438700\/HTB1OJ4JQpXXXXXcapXXq6xXFXXXh.jpg?quality=close\"><img decoding=\"async\" src=\"https:\/\/s.alicdn.com\/@sc01\/kf\/HTB16jBTQpXXXXXLaXXXq6xXFXXXP\/230438700\/HTB16jBTQpXXXXXLaXXXq6xXFXXXP.jpg?quality=close\"><img decoding=\"async\" src=\"https:\/\/s.alicdn.com\/@sc04\/kf\/H2624fa5d782c4876bf4d35d9dc8a3fa9k\/230438700\/H2624fa5d782c4876bf4d35d9dc8a3fa9k.jpg?quality=close\"><\/p>\n<h3 class=\"magic-3\"><span style=\"color: #002fbf; font-family: Trebuchet MS, sans-serif; font-size: x-large;\" data-spm-anchor-id=\"a2700.details.0.i50.6a8573ecdanhLC\">W\u00e4hlen Sie uns nicht nur f\u00fcrs Gesch\u00e4ft<\/span><\/h3>\n<div class=\"magic-8\">\n<div class=\"magic-9\">\n<div class=\"magic-10\">\n<p class=\"magic-37\"><span style=\"font-family: Trebuchet MS, sans-serif; font-size: large;\">Wir k\u00fcmmern uns ernsthaft um Ihre Bestellung und sch\u00e4tzen jede an uns gesendete Anfrage, um einen schnellen wettbewerbsf\u00e4higen Preis zu gew\u00e4hrleisten.<br \/>\nP\u00fcnktliche Lieferzeit:<br \/>\n&#8211; Wir geben Ihre Bestellung auf und handeln sofort, stellen Ihre p\u00fcnktliche Lieferzeit sicher<\/span><\/p>\n<p>\u00dcberpr\u00fcfen Sie vor dem Versand:<br \/>\n&#8211; Unsere Inspektionskollegen \u00fcberpr\u00fcfen die Qualit\u00e4t vor dem Verpacken zum Versand. Wir machen eine Versandbenachrichtigung, sobald Ihre Bestellung versandt wurde<\/p>\n<p>Kundendienst :<br \/>\nWir freuen uns \u00fcber Ihre Anfrage zur Ware und respektieren Ihr Feedback nach Erhalt der Ware.<img decoding=\"async\" src=\"https:\/\/s.alicdn.com\/@sc04\/kf\/Hff98939fdc8e43e2be5c782ddbe4cc5ez\/230438700\/Hff98939fdc8e43e2be5c782ddbe4cc5ez.png?quality=close\"><\/p>\n<\/div>\n<\/div>\n<\/div>\n<\/div>\n<\/div>\n<\/div>\n<\/div>\n<\/div>\n<\/div>\n","protected":false},"excerpt":{"rendered":"<p>&nbsp;<\/p>\n<div style=\"width: auto;\">\n<div style=\"min-width: 300px; max-width: 300px; word-wrap: break-word; float: left;\">Herkunftsort: Guangdong, China<\/div>\n<div style=\"min-width: 300px; max-width: 300px; word-wrap: break-word; float: left;\">Markenname: Anbanjia<\/div>\n<\/div>\n<div style=\"width: auto;\">\n<div style=\"min-width: 300px; max-width: 300px; word-wrap: break-word; float: left;\">Modellnummer: TPB1<\/div>\n<div style=\"min-width: 300px; max-width: 300px; word-wrap: break-word; float: left;\">Instrumentenklassifizierung: Klasse II<\/div>\n<\/div>\n<div style=\"width: auto;\">\n<div style=\"min-width: 300px; max-width: 300px; word-wrap: break-word; float: left;\">1 Jahr Garantie<\/div>\n<div style=\"min-width: 300px; max-width: 300px; word-wrap: break-word; float: left;\">Kundendienst: Kostenlose Ersatzteile<\/div>\n<\/div>\n<div style=\"width: auto;\">\n<div style=\"min-width: 300px; max-width: 300px; word-wrap: break-word; float: left;\">Stromversorgung: Gleichstrom 12\u201316,8 V<\/div>\n<div style=\"min-width: 300px; max-width: 300px; word-wrap: break-word; float: left;\">Gewicht: 2 kg<\/div>\n<\/div>\n<div style=\"width: auto;\">\n<div style=\"min-width: 300px; max-width: 300px; word-wrap: break-word; float: left;\">Sauerstofffluss: 3 l\/min<\/div>\n<div style=\"min-width: 300px; max-width: 300px; word-wrap: break-word; float: left;\">Sauerstoffkonzentration: 30 %, 3 l<\/div>\n<\/div>\n<div style=\"width: auto;\">\n<div style=\"min-width: 300px; max-width: 300px; word-wrap: break-word; float: left;\">Eingangsleistung: 32 VA<\/div>\n<div style=\"min-width: 300px; max-width: 300px; word-wrap: break-word; float: left;\">Gr\u00f6\u00dfe (mm): 230 (L) * 110 (B) * 160 (H)<\/div>\n<\/div>\n<div style=\"width: auto;\">\n<div style=\"min-width: 300px; max-width: 300px; word-wrap: break-word; float: left;\">Anwendung: Sauerstoffatmung<\/div>\n<div style=\"min-width: 300px; max-width: 300px; word-wrap: break-word; float: left;\">Zertifikat: CE-ISO<\/div>\n<\/div>\n<div>Kundenspezifische Verpackung (Mindestbestellmenge: 500 St\u00fcck)<\/div>\n","protected":false},"featured_media":12588,"comment_status":"closed","ping_status":"closed","template":"","meta":[],"product_cat":[135],"product_tag":[],"class_list":["post-13026","product","type-product","status-publish","has-post-thumbnail","hentry","product_cat-sauerstoff-konzentrator"],"_links":{"self":[{"href":"https:\/\/anbanjia.com.cn\/de\/wp-json\/wp\/v2\/product\/13026","targetHints":{"allow":["GET"]}}],"collection":[{"href":"https:\/\/anbanjia.com.cn\/de\/wp-json\/wp\/v2\/product"}],"about":[{"href":"https:\/\/anbanjia.com.cn\/de\/wp-json\/wp\/v2\/types\/product"}],"replies":[{"embeddable":true,"href":"https:\/\/anbanjia.com.cn\/de\/wp-json\/wp\/v2\/comments?post=13026"}],"wp:featuredmedia":[{"embeddable":true,"href":"https:\/\/anbanjia.com.cn\/de\/wp-json\/wp\/v2\/media\/12588"}],"wp:attachment":[{"href":"https:\/\/anbanjia.com.cn\/de\/wp-json\/wp\/v2\/media?parent=13026"}],"wp:term":[{"taxonomy":"product_cat","embeddable":true,"href":"https:\/\/anbanjia.com.cn\/de\/wp-json\/wp\/v2\/product_cat?post=13026"},{"taxonomy":"product_tag","embeddable":true,"href":"https:\/\/anbanjia.com.cn\/de\/wp-json\/wp\/v2\/product_tag?post=13026"}],"curies":[{"name":"wp","href":"https:\/\/api.w.org\/{rel}","templated":true}]}}