{"id":13025,"date":"2022-05-02T18:03:01","date_gmt":"2022-05-02T18:03:01","guid":{"rendered":"https:\/\/www.anbanjia.com.cn\/product\/hochwertige-thermometer-digitales-oral-baby-thermometer-fuer-kinder-und-erwachsene\/"},"modified":"2022-05-02T18:03:01","modified_gmt":"2022-05-02T18:03:01","slug":"hochwertige-thermometer-digitales-oral-baby-thermometer-fur-kinder-und-erwachsene","status":"publish","type":"product","link":"https:\/\/anbanjia.com.cn\/de\/produkt\/hochwertige-thermometer-digitales-oral-baby-thermometer-fur-kinder-und-erwachsene\/","title":{"rendered":"Hochwertige Thermometer Digitales Oral-Baby-Thermometer f\u00fcr Kinder und Erwachsene"},"content":{"rendered":"<div style=\"max-width: 750px;margin: 0 auto;\">\n<div data-magic-global=\"%7B%22bizId%22%3A3215165050%2C%22pageId%22%3A20090113081%2C%22siteId%22%3A5005610021%7D\" id=\"detail_decorate_root\">\n<div class=\"J_module\" module-id=\"22867531814\" module-title=\"detailTextWithTitle\" render=\"true\">\n<div class=\"detail-decorate-json-renderer-container\">\n<div class=\"magic-1\">\n<h3 class=\"magic-2\">\n<div class=\"magic-3\"><span><font class=\"magic-4\" color=\"#e87474\"><span>thermometer digital <\/span><\/font><\/span><\/div>\n<\/h3>\n<div class=\"magic-5\">\n<div class=\"magic-6\">\n<div class=\"magic-7\">\n<div class=\"magic-3\"><b><font class=\"magic-8\"><font class=\"magic-9\"><br \/><\/font><\/font><\/b><\/div>\n<div class=\"magic-3\"><b><font class=\"magic-8\"><font class=\"magic-9\">Bitte kontaktieren Sie den Verk\u00e4ufer, um den tats\u00e4chlichen Versandpreis zu erhalten. Sie k\u00f6nnen den Verk\u00e4ufer per WhatsApp<\/font> kontaktieren<\/font><\/b><\/div>\n<div class=\"magic-10\"><b><font class=\"magic-8\"><br \/><\/font><\/b><\/div>\n<div class=\"magic-3\">\n<div class=\"magic-10\"><b class=\"magic-11\"><font class=\"magic-8\"><\/font><\/b><\/div>\n<p><span><\/p>\n<div class=\"magic-10\"><b class=\"magic-11\">Temperaturmesszeit: 20-60s<\/b><\/div>\n<p><b><\/p>\n<div class=\"magic-10\"><b class=\"magic-11\">Batteriemodell: LR41<\/b><\/div>\n<div class=\"magic-10\"><b class=\"magic-11\">Batteriestrom: 28 mAh<\/b><\/div>\n<div class=\"magic-10\"><b class=\"magic-11\">Batteriespannung: 1,5 V<\/b><\/div>\n<div class=\"magic-10\"><b class=\"magic-11\">Produktgr\u00f6\u00dfe: 126 * 19 * 9 mm<\/b><\/div>\n<div class=\"magic-10\"><b class=\"magic-11\">Temperaturmessbereich: 32-42,9\u2103<\/b><\/div>\n<div class=\"magic-10\"><b class=\"magic-11\">Produktgewicht: 10 g<\/b><\/div>\n<div class=\"magic-10\"><b class=\"magic-11\">FCL-Menge: 500 St\u00fcck<\/b><\/div>\n<div class=\"magic-10\"><b class=\"magic-11\">Bruttogewicht des Produkts: 17 g<\/b><\/div>\n<div class=\"magic-10\"><b class=\"magic-11\">Kartongr\u00f6\u00dfe: 136 x 26 x 20 mm<\/b><\/div>\n<div class=\"magic-10\"><b class=\"magic-12\">Bruttogewicht der gesamten Box: 9,45 kg<\/b><\/div>\n<div class=\"magic-10\"><b class=\"magic-11\">FCL-Gr\u00f6\u00dfe: 545 * 290 * 295 mm<\/b><\/div>\n<div class=\"magic-10\"><b class=\"magic-11\">Nettogewicht der ganzen Kiste &#8222;8,5kg<\/b><\/div>\n<p><\/b><\/span><b><font class=\"magic-8\"><span><\/p>\n<div class=\"magic-10\"><b class=\"magic-11\"><\/b><\/div>\n<p><\/span><\/font><\/b><\/div>\n<div class=\"magic-3\"><\/div>\n<\/div>\n<\/div>\n<\/div>\n<\/div>\n<\/div>\n<\/div>\n<div class=\"J_module\" module-id=\"22867531815\" module-title=\"detailManyImage\" render=\"true\">\n<div class=\"icbu-pc-detailManyImage magic-13\">\n<div class=\"magic-14\"><img decoding=\"async\" class=\"magic-15\" data-src=\"\" src=\"https:\/\/anbanjia.com.cn\/wp-content\/uploads\/2022\/05\/H32d58117906d4f00a396e756723a6c11H.png\" style=\"max-width: 750;\"><\/div>\n<div class=\"magic-14\"><img decoding=\"async\" class=\"magic-15\" data-src=\"\" src=\"https:\/\/anbanjia.com.cn\/wp-content\/uploads\/2022\/05\/H50d032d1b02f4c1783623ffa21d1c081e.png\"><\/div>\n<div class=\"magic-14\"><img decoding=\"async\" class=\"magic-15\" data-src=\"\" src=\"https:\/\/anbanjia.com.cn\/wp-content\/uploads\/2022\/05\/Hf03845d678cd42869d1c26b808ea97c4R.png\"><\/div>\n<div class=\"magic-14\"><img decoding=\"async\" class=\"magic-15\" data-src=\"\" src=\"https:\/\/anbanjia.com.cn\/wp-content\/uploads\/2022\/05\/H2fcdf3825cea4ff7a85c4ca75f6c8f1ck.png\"><\/div>\n<div class=\"magic-14\"><img decoding=\"async\" class=\"magic-15\" data-src=\"\" src=\"https:\/\/anbanjia.com.cn\/wp-content\/uploads\/2022\/05\/H216625f45b90485dbb4978e969ee4682o.png\"><\/div>\n<div class=\"magic-14\"><img decoding=\"async\" class=\"magic-15\" data-src=\"\" src=\"https:\/\/anbanjia.com.cn\/wp-content\/uploads\/2022\/05\/H6292e035da6849d3b9eda742dc8b8224m.png\"><\/div>\n<div class=\"magic-14\"><img decoding=\"async\" class=\"magic-15\" data-src=\"\" src=\"https:\/\/anbanjia.com.cn\/wp-content\/uploads\/2022\/05\/H30b0a697dbe34ef0bb899c859edd17c7Q.png\"><\/div>\n<div class=\"magic-14\"><img decoding=\"async\" class=\"magic-15\" data-src=\"\" src=\"https:\/\/anbanjia.com.cn\/wp-content\/uploads\/2022\/05\/Hcb99ac36bf544519b710a64953ad917by.png\"><\/div>\n<\/div>\n<\/div>\n<div class=\"J_module\" module-id=\"22860616056\" module-title=\"detailSingleImage\" render=\"true\">\n<div class=\"icbu-pc-images magic-16\">\n<div>\n<div class=\"flex-layout-v\">\n<div class=\"flex-layout-h magic-16\">\n<div class=\"magic-17\"><img decoding=\"async\" class=\"magic-18\" data-src=\"\" src=\"https:\/\/anbanjia.com.cn\/wp-content\/uploads\/2022\/05\/H863df5af39f14de1ab5fe15f7bd17f2fu.png\"><\/div>\n<\/div>\n<\/div>\n<\/div>\n<\/div>\n<\/div>\n<div class=\"J_module\" module-id=\"22860616057\" module-title=\"detailSingleImage\" render=\"true\">\n<div class=\"icbu-pc-images magic-16\">\n<div>\n<div class=\"flex-layout-v\">\n<div class=\"flex-layout-h magic-16\">\n<div class=\"magic-19\"><img decoding=\"async\" class=\"magic-20\" data-src=\"\" src=\"https:\/\/anbanjia.com.cn\/wp-content\/uploads\/2022\/05\/H1e5919cd7dbd45a3a184ba507a9a5471E.png\"><\/div>\n<\/div>\n<\/div>\n<\/div>\n<\/div>\n<\/div>\n<div class=\"J_module\" module-id=\"22860616058\" module-title=\"detailSingleImage\" render=\"true\">\n<div class=\"icbu-pc-images magic-16\">\n<div>\n<div class=\"flex-layout-v\">\n<div class=\"flex-layout-h magic-16\">\n<div class=\"magic-21\"><img decoding=\"async\" class=\"magic-22\" data-src=\"\" src=\"https:\/\/anbanjia.com.cn\/wp-content\/uploads\/2022\/05\/H52774230204f40bfb051f148ed007ca2v.png\"><\/div>\n<\/div>\n<\/div>\n<\/div>\n<\/div>\n<\/div>\n<div class=\"J_module\" module-id=\"22860616059\" module-title=\"detailFourImages\" render=\"true\">\n<div class=\"icbu-pc-images magic-16\">\n<div>\n<div class=\"flex-layout-v\">\n<div class=\"flex-layout-h magic-16\">\n<div class=\"magic-23\"><img decoding=\"async\" class=\"magic-24\" data-src=\"\" src=\"https:\/\/anbanjia.com.cn\/wp-content\/uploads\/2022\/05\/H8066d39f3a044832b020a41ecd327ec59.png\"><\/div>\n<div class=\"magic-25\"><img decoding=\"async\" class=\"magic-26\" data-src=\"\" src=\"https:\/\/anbanjia.com.cn\/wp-content\/uploads\/2022\/05\/Hb3b730402a464ea5bd8cd4fd44575f65G.png\"><\/div>\n<div class=\"magic-25\"><img decoding=\"async\" class=\"magic-27\" data-src=\"\" src=\"https:\/\/anbanjia.com.cn\/wp-content\/uploads\/2022\/05\/H0dec215919214d54b332814c558c95e9f.png\"><\/div>\n<div class=\"magic-25\"><img decoding=\"async\" class=\"magic-28\" data-src=\"\" src=\"https:\/\/anbanjia.com.cn\/wp-content\/uploads\/2022\/05\/Hbd6e9109a80546e3a5a6048f93f4ce50y.png\"><\/div>\n<\/div>\n<\/div>\n<\/div>\n<\/div>\n<\/div><\/div>\n<\/div>\n","protected":false},"excerpt":{"rendered":"<div style=\"width:auto\">\n<div style=\"min-width: 300px;max-width: 300px;word-wrap: break-word;float: left\">Herkunftsort: China <\/div>\n<div style=\"min-width: 300px;max-width: 300px;word-wrap: break-word;float: left\">Markenname: XHF<\/div>\n<\/p><\/div>\n<div style=\"width:auto\">\n<div style=\"min-width: 300px;max-width: 300px;word-wrap: break-word;float: left\">Modellnummer: 2001 <\/div>\n<div style=\"min-width: 300px;max-width: 300px;word-wrap: break-word;float: left\">Stromquelle: Manuell<\/div>\n<\/p><\/div>\n<div style=\"width:auto\">\n<div style=\"min-width: 300px;max-width: 300px;word-wrap: break-word;float: left\">1 Jahr Garantie <\/div>\n<div style=\"min-width: 300px;max-width: 300px;word-wrap: break-word;float: left\">Kundendienst: Kostenlose Ersatzteile<\/div>\n<\/p><\/div>\n<div style=\"width:auto\">\n<div style=\"min-width: 300px;max-width: 300px;word-wrap: break-word;float: left\">Stromversorgungsmodus: Eingebauter Akku <\/div>\n<div style=\"min-width: 300px;max-width: 300px;word-wrap: break-word;float: left\">Anwendung:Stirn<\/div>\n<\/p><\/div>\n<div style=\"width:auto\">\n<div style=\"min-width: 300px;max-width: 300px;word-wrap: break-word;float: left\">Material: Kunststoff <\/div>\n<div style=\"min-width: 300px;max-width: 300px;word-wrap: break-word;float: left\">Haltbarkeit: 3 Jahre<\/div>\n<\/p><\/div>\n<div style=\"width:auto\">\n<div style=\"min-width: 300px;max-width: 300px;word-wrap: break-word;float: left\">Qualit\u00e4tszertifizierung: ce <\/div>\n<div style=\"min-width: 300px;max-width: 300px;word-wrap: break-word;float: left\">Instrumentenklassifizierung: Klasse II<\/div>\n<\/p><\/div>\n<div style=\"width:auto\">\n<div style=\"min-width: 300px;max-width: 300px;word-wrap: break-word;float: left\">Sicherheitsstandard: GB15979-2002 <\/div>\n<div style=\"min-width: 300px;max-width: 300px;word-wrap: break-word;float: left\">Modell: XHF2001<\/div>\n<\/p><\/div>\n<div style=\"width:auto\">\n<div style=\"min-width: 300px;max-width: 300px;word-wrap: break-word;float: left\">Messzeit: 20-60s <\/div>\n<div style=\"min-width: 300px;max-width: 300px;word-wrap: break-word;float: left\">Produktgewicht: 10 g<\/div>\n<\/p><\/div>\n<div style=\"width:auto\">\n<div style=\"min-width: 300px;max-width: 300px;word-wrap: break-word;float: left\">Bruttogewicht des Produkts: 17 g <\/div>\n<div style=\"min-width: 300px;max-width: 300px;word-wrap: break-word;float: left\">Produktgr\u00f6\u00dfe: 126 x 19 x 9 mm<\/div>\n<\/p><\/div>\n<div>Kundenspezifisches Logo (Mindestbestellmenge: 5000 St\u00fcck)<\/div>\n<div>Kundenspezifische Verpackung (Mindestbestellmenge: 5000 St\u00fcck)<\/div>\n","protected":false},"featured_media":6902,"comment_status":"closed","ping_status":"closed","template":"","meta":[],"product_cat":[139],"product_tag":[],"class_list":["post-13025","product","type-product","status-publish","has-post-thumbnail","hentry","product_cat-digitales-thermometer"],"_links":{"self":[{"href":"https:\/\/anbanjia.com.cn\/de\/wp-json\/wp\/v2\/product\/13025","targetHints":{"allow":["GET"]}}],"collection":[{"href":"https:\/\/anbanjia.com.cn\/de\/wp-json\/wp\/v2\/product"}],"about":[{"href":"https:\/\/anbanjia.com.cn\/de\/wp-json\/wp\/v2\/types\/product"}],"replies":[{"embeddable":true,"href":"https:\/\/anbanjia.com.cn\/de\/wp-json\/wp\/v2\/comments?post=13025"}],"wp:featuredmedia":[{"embeddable":true,"href":"https:\/\/anbanjia.com.cn\/de\/wp-json\/wp\/v2\/media\/6902"}],"wp:attachment":[{"href":"https:\/\/anbanjia.com.cn\/de\/wp-json\/wp\/v2\/media?parent=13025"}],"wp:term":[{"taxonomy":"product_cat","embeddable":true,"href":"https:\/\/anbanjia.com.cn\/de\/wp-json\/wp\/v2\/product_cat?post=13025"},{"taxonomy":"product_tag","embeddable":true,"href":"https:\/\/anbanjia.com.cn\/de\/wp-json\/wp\/v2\/product_tag?post=13025"}],"curies":[{"name":"wp","href":"https:\/\/api.w.org\/{rel}","templated":true}]}}