{"id":13021,"date":"2022-05-02T18:02:58","date_gmt":"2022-05-02T18:02:58","guid":{"rendered":"https:\/\/www.anbanjia.com.cn\/product\/neue-art-und-weise-medical-concentrator-sauerstoffkonzentrator-tragbares-medizinisches\/"},"modified":"2022-05-02T18:02:58","modified_gmt":"2022-05-02T18:02:58","slug":"neue-modische-medizinische-konzentrator-sauerstoff-konzentrator-tragbar-medizinisch","status":"publish","type":"product","link":"https:\/\/anbanjia.com.cn\/de\/produkt\/neue-modische-medizinische-konzentrator-sauerstoff-konzentrator-tragbar-medizinisch\/","title":{"rendered":"Neue Art und Weise Medical Concentrator Sauerstoffkonzentrator tragbares medizinisches"},"content":{"rendered":"<div style=\"max-width: 750px;margin: 0 auto;\">\n<p><span style=\"font-size: 32px; font-family: 'comic sans ms', sans-serif;\">Neue Art und Weise Medical Concentrator Sauerstoffkonzentrator tragbares medizinisches<\/span><\/p>\n<div class=\"mceSectionContainer\" data-section=\"AliPostDhMb-hpsfx\" data-section-title=\"Product Description\" id=\"ali-anchor-AliPostDhMb-hpsfx\" style=\"padding-top: 8px;\">\n<div id=\"ali-title-AliPostDhMb-hpsfx\" style=\"padding: 8px 0; border-bottom: 1px solid #ddd;\"><span style=\"background-color: #ddd; color: #333; font-weight: bold; padding: 8px 10px; line-height: 12px;\">Produktbeschreibung<\/span><\/div>\n<div style=\"padding: 10px 0;\">\n<\/div>\n<\/div>\n<p style=\"margin: 0px; padding: 0px; font-size: 12px; font-style: normal; font-weight: normal; background-color: #ffffff; box-sizing: content-box; line-height: 18px; border: 0px; font-family: Arial, Helvetica; vertical-align: baseline; color: #333333; word-wrap: break-word;\"><span style=\"line-height: 18px; box-sizing: content-box; margin: 0px; padding: 0px; border: 0px; font-style: inherit; font-weight: inherit; font-size: inherit; font-family: 'times new roman', times; vertical-align: baseline; color: #ff0000;\"><span style=\"line-height: 30px; box-sizing: content-box; margin: 0px; padding: 0px; border: 0px; font-style: inherit; font-weight: inherit; font-size: 20px; vertical-align: baseline;\">Detailinformationen des tragbaren Sauerstoffkonzentratorgenerators: <\/span><\/span><\/p>\n<p style=\"margin: 0px; padding: 0px; font-size: 12px; font-style: normal; font-weight: normal; background-color: #ffffff; box-sizing: content-box; line-height: 18px; border: 0px; font-family: Arial, Helvetica; vertical-align: baseline; color: #333333; word-wrap: break-word;\"><span style=\"line-height: 18px; box-sizing: content-box; margin: 0px; padding: 0px; border: 0px; font-style: inherit; font-weight: inherit; font-size: inherit; font-family: 'times new roman', times; vertical-align: baseline;\"><span style=\"line-height: 24px; box-sizing: content-box; margin: 0px; padding: 0px; border: 0px; font-style: inherit; font-weight: inherit; font-size: 16px; vertical-align: baseline;\">* Produkt * Gr\u00f6\u00dfe: 325 mm (L) * 198 mm (B) * 323 mm (H) <br \/>* Nach dem Verpacken Gr\u00f6\u00dfe: 40 * 27 * 39CM<br \/>* Produktgewicht: 6 kg<br \/>*Produktversorgung: AC220V\u00b122V;50HZ\u00b11HZ<br \/>*Betriebsger\u00e4usche: \u226445dB<br \/>*Sauerstoffkonzentration: 30 %-90%<br \/>*Sauerstofffluss: 1 l\/min-5 l\/min<br \/>*Zertifizierung:CE<br \/>*Nutzungsbedingung: Haushalt<br \/>*Ausgangsdruck: 30kPa-70kPa<br \/>* Funktion: Sauerstoffversorgung<br \/>*Installation: Tragbar 1 l\/min: 90 % Reinheit, 2 l\/min: 70 % Reinheit, 3 l\/min: 50 % Reinheit, 4 l\/min: 40 % Reinheit, 5 l\/min: 30 % Reinheit<br \/>Kurzbeschreibung dieses Sauerstoffkonzentrators: Gro\u00dfer Sauerstoffausfluss Neues Design medizinischer tragbarer Sauerstoffkonzentrator-Generator Timing-Funktion \/ Ein-Tasten-Funktion \/ Super Silence, gro\u00dfes LCD<\/span><\/span><\/p>\n<p><img decoding=\"async\" data-alt=\"New fashion Medical Concentrator oxygen concentrator portable medical\" data-src=\"\" ori-height=\"800\" ori-width=\"800\" src=\"https:\/\/anbanjia.com.cn\/wp-content\/uploads\/2022\/05\/unnamed-file-3.jpg\" style=\"max-width: 750;\"><img decoding=\"async\" data-alt=\"New fashion Medical Concentrator oxygen concentrator portable medical\" data-src=\"\" ori-height=\"445\" ori-width=\"591\" src=\"https:\/\/anbanjia.com.cn\/wp-content\/uploads\/2022\/05\/H159606a139ad4320ac2db51c5437e9ccg.jpg\"><img decoding=\"async\" data-alt=\"New fashion Medical Concentrator oxygen concentrator portable medical\" data-src=\"\" ori-height=\"887\" ori-width=\"892\" src=\"https:\/\/anbanjia.com.cn\/wp-content\/uploads\/2022\/05\/HTB1UJ4ebE_rK1Rjy0Fcq6zEvVXa0.jpg\"><img decoding=\"async\" data-alt=\"New fashion Medical Concentrator oxygen concentrator portable medical\" data-src=\"\" ori-height=\"343\" ori-width=\"497\" src=\"https:\/\/anbanjia.com.cn\/wp-content\/uploads\/2022\/05\/Hd1a237304b8948ecb44046252c7a4cd1u.png\"><\/p>\n<div class=\"mceSectionContainer\" data-section=\"AliPostDhMb-0mtzw\" data-section-title=\"Contact Information\" id=\"ali-anchor-AliPostDhMb-0mtzw\" style=\"padding-top: 8px;\">\n<div id=\"ali-title-AliPostDhMb-0mtzw\" style=\"padding: 8px 0; border-bottom: 1px solid #ddd;\"><span style=\"background-color: #ddd; color: #333; font-weight: bold; padding: 8px 10px; line-height: 12px;\">Kontaktinformation<\/span><\/div>\n<div style=\"padding: 10px 0;\">\n<\/div>\n<\/div>\n<p> <img decoding=\"async\" data-alt=\"New fashion Medical Concentrator oxygen concentrator portable medical\" data-src=\"\" ori-height=\"271\" ori-width=\"760\" src=\"https:\/\/anbanjia.com.cn\/wp-content\/uploads\/2022\/05\/H462e2ac50b4a471d815b7183b87f21eeJ.png\"><\/p>\n<div class=\"mceSectionContainer\" data-section=\"AliPostDhMb-pwv6i\" data-section-title=\"Our Services\" id=\"ali-anchor-AliPostDhMb-pwv6i\" style=\"padding-top: 8px;\">\n<div id=\"ali-title-AliPostDhMb-pwv6i\" style=\"padding: 8px 0; border-bottom: 1px solid #ddd;\"><span style=\"background-color: #ddd; color: #333; font-weight: bold; padding: 8px 10px; line-height: 12px;\">Unsere Dienstleistungen<\/span><\/div>\n<div style=\"padding: 10px 0;\">\n<p style=\"margin: 0px; padding: 0px; border: 0px; font-style: normal; font-weight: normal; font-size: 14px; line-height: inherit; font-family: Arial,Helvetica; vertical-align: baseline; word-wrap: break-word; color: #333333; background-color: #ffffff;\"><span style=\"margin: 0px; padding: 0px; border: 0px; font-style: inherit; font-weight: inherit; font-size: inherit; line-height: 24px; vertical-align: baseline;\"><strong><span style=\"font-size: large;\">Wir k\u00fcmmern uns ernsthaft um Ihre Bestellung und sch\u00e4tzen jede an uns gesendete Anfrage, um einen schnellen wettbewerbsf\u00e4higen Preis zu gew\u00e4hrleisten.<\/span><\/strong><\/span><\/p>\n<p style=\"margin: 0px; padding: 0px; border: 0px; font-style: normal; font-weight: normal; font-size: 14px; line-height: inherit; font-family: Arial,Helvetica; vertical-align: baseline; word-wrap: break-word; color: #333333; background-color: #ffffff;\"><strong><span style=\"font-size: large;\">P\u00fcnktliche Lieferzeit:<\/span><\/strong><\/p>\n<p style=\"margin: 0px; padding: 0px; border: 0px; font-style: normal; font-weight: normal; font-size: 14px; line-height: inherit; font-family: Arial,Helvetica; vertical-align: baseline; word-wrap: break-word; color: #333333; background-color: #ffffff;\"><strong><span style=\"font-size: large;\">&#8211; Wir geben Ihre Bestellung auf und handeln sofort, stellen Ihre p\u00fcnktliche Lieferzeit sicher <\/span><\/strong><\/p>\n<p style=\"margin: 0px; padding: 0px; border: 0px; font-style: normal; font-weight: normal; font-size: 14px; line-height: inherit; font-family: Arial,Helvetica; vertical-align: baseline; word-wrap: break-word; color: #333333; background-color: #ffffff;\"><strong><span style=\"font-size: large;\">\u00dcberpr\u00fcfen Sie vor dem Versand:<\/span><\/strong><\/p>\n<p style=\"margin: 0px; padding: 0px; border: 0px; font-style: normal; font-weight: normal; font-size: 14px; line-height: inherit; font-family: Arial,Helvetica; vertical-align: baseline; word-wrap: break-word; color: #333333; background-color: #ffffff;\"><strong><span style=\"font-size: large;\">&#8211; Unsere Inspektionskollegen \u00fcberpr\u00fcfen die Qualit\u00e4t vor dem Verpacken zum Versand. Wir machen eine Versandbenachrichtigung, sobald Ihre Bestellung versandt wurde<\/span><\/strong><\/p>\n<p style=\"margin: 0px; padding: 0px; border: 0px; font-style: normal; font-weight: normal; font-size: 14px; line-height: inherit; font-family: Arial,Helvetica; vertical-align: baseline; word-wrap: break-word; color: #333333; background-color: #ffffff;\"><strong><span style=\"font-size: large;\">Kundendienst :<\/span><\/strong><\/p>\n<p style=\"margin: 0px; padding: 0px; border: 0px; font-style: normal; font-weight: normal; font-size: 14px; line-height: inherit; font-family: Arial,Helvetica; vertical-align: baseline; word-wrap: break-word; color: #333333; background-color: #ffffff;\"><strong><span style=\"font-size: large;\">Wir freuen uns \u00fcber Ihre Anfrage zu den Waren und respektieren Ihr Feedback danach <\/span><\/strong><\/p>\n<p style=\"margin: 0px; padding: 0px; border: 0px; font-style: normal; font-weight: normal; font-size: 14px; line-height: inherit; font-family: Arial,Helvetica; vertical-align: baseline; word-wrap: break-word; color: #333333; background-color: #ffffff;\"><strong><span style=\"font-size: large;\">die Ware erhalten.<\/span><\/strong><\/p>\n<p style=\"margin: 0px; padding: 0px; border: 0px; font-style: normal; font-weight: normal; font-size: 14px; line-height: inherit; font-family: Arial,Helvetica; vertical-align: baseline; word-wrap: break-word; color: #333333; background-color: #ffffff;\"><strong><span style=\"font-size: large;\"><img decoding=\"async\" data-alt=\"New fashion Medical Concentrator oxygen concentrator portable medical\" data-src=\"\" ori-height=\"750\" ori-width=\"1000\" src=\"https:\/\/anbanjia.com.cn\/wp-content\/uploads\/2022\/05\/HTB1Je9WQpXXXXafXpXXq6xXFXXX1.jpg\"><\/span><\/strong><\/p>\n<p style=\"margin: 0px; padding: 0px; border: 0px; font-style: normal; font-weight: normal; font-size: 14px; line-height: inherit; font-family: Arial,Helvetica; vertical-align: baseline; word-wrap: break-word; color: #333333; background-color: #ffffff;\">\n<p style=\"margin: 0px; padding: 0px; border: 0px; font-style: normal; font-weight: normal; font-size: 14px; line-height: inherit; font-family: Arial,Helvetica; vertical-align: baseline; word-wrap: break-word; color: #333333; background-color: #ffffff;\">\n<\/div>\n<\/div>\n<div class=\"mceSectionContainer\" data-section=\"AliPostDhMb-psnhb\" data-section-title=\"Company Information\" id=\"ali-anchor-AliPostDhMb-psnhb\" style=\"padding-top: 8px;\">\n<div id=\"ali-title-AliPostDhMb-psnhb\" style=\"padding: 8px 0; border-bottom: 1px solid #ddd;\"><span style=\"background-color: #ddd; color: #333; font-weight: bold; padding: 8px 10px; line-height: 12px;\">Firmeninformation<\/span><\/div>\n<div style=\"padding: 10px 0;\">\n<p><img decoding=\"async\" data-alt=\"New fashion Medical Concentrator oxygen concentrator portable medical\" data-src=\"\" ori-height=\"944\" ori-width=\"750\" src=\"https:\/\/anbanjia.com.cn\/wp-content\/uploads\/2022\/05\/H2624fa5d782c4876bf4d35d9dc8a3fa9k.jpg\"><\/p>\n<\/div>\n<\/div>\n<p style=\"box-sizing: content-box; margin: 0px; font-size: 12px; font-weight: normal; line-height: 18px; padding: 0px; border: 0px; font-style: normal; font-family: Arial, Helvetica; vertical-align: baseline; color: #333333; background-color: #ffffff; word-wrap: break-word;\">\n<\/div>\n","protected":false},"excerpt":{"rendered":"<div style=\"width:auto\">\n<div style=\"min-width: 300px;max-width: 300px;word-wrap: break-word;float: left\">Herkunftsort: Guangdong, China <\/div>\n<div style=\"min-width: 300px;max-width: 300px;word-wrap: break-word;float: left\">Markenname: Anbanjia\/OEM<\/div>\n<\/p><\/div>\n<div style=\"width:auto\">\n<div style=\"min-width: 300px;max-width: 300px;word-wrap: break-word;float: left\">Modellnummer: ABJ-J21 <\/div>\n<div style=\"min-width: 300px;max-width: 300px;word-wrap: break-word;float: left\">Stromquelle: Elektrisch<\/div>\n<\/p><\/div>\n<div style=\"width:auto\">\n<div style=\"min-width: 300px;max-width: 300px;word-wrap: break-word;float: left\">Garantie: 1 Jahr, 1 Jahr <\/div>\n<div style=\"min-width: 300px;max-width: 300px;word-wrap: break-word;float: left\">Kundendienst: Technischer Online-Support<\/div>\n<\/p><\/div>\n<div style=\"width:auto\">\n<div style=\"min-width: 300px;max-width: 300px;word-wrap: break-word;float: left\">Material:Acryl <\/div>\n<div style=\"min-width: 300px;max-width: 300px;word-wrap: break-word;float: left\">Haltbarkeit: 6 Monate<\/div>\n<\/p><\/div>\n<div style=\"width:auto\">\n<div style=\"min-width: 300px;max-width: 300px;word-wrap: break-word;float: left\">Qualit\u00e4tszertifizierung: ce <\/div>\n<div style=\"min-width: 300px;max-width: 300px;word-wrap: break-word;float: left\">Instrumentenklassifizierung: Klasse II<\/div>\n<\/p><\/div>\n<div style=\"width:auto\">\n<div style=\"min-width: 300px;max-width: 300px;word-wrap: break-word;float: left\">Sicherheitsstandard: GB\/T18830-2009 <\/div>\n<div style=\"min-width: 300px;max-width: 300px;word-wrap: break-word;float: left\">Typ: Atemschutzger\u00e4t<\/div>\n<\/p><\/div>\n<div style=\"width:auto\">\n<div style=\"min-width: 300px;max-width: 300px;word-wrap: break-word;float: left\">Funktion: Sauerstoff <\/div>\n<div style=\"min-width: 300px;max-width: 300px;word-wrap: break-word;float: left\">Nettogewicht: 12kg<\/div>\n<\/p><\/div>\n<div style=\"width:auto\">\n<div style=\"min-width: 300px;max-width: 300px;word-wrap: break-word;float: left\">Sauerstofffluss: 0,6 l\/min ~ 2 l\/min <\/div>\n<div style=\"min-width: 300px;max-width: 300px;word-wrap: break-word;float: left\">Stromversorgung: AC 220 V \u00b1 22 V, 50 Hz \u00b1 1 Hz (110 V, 60 Hz)<\/div>\n<\/p><\/div>\n","protected":false},"featured_media":6724,"comment_status":"closed","ping_status":"closed","template":"","meta":[],"product_cat":[135],"product_tag":[],"class_list":["post-13021","product","type-product","status-publish","has-post-thumbnail","hentry","product_cat-sauerstoff-konzentrator"],"_links":{"self":[{"href":"https:\/\/anbanjia.com.cn\/de\/wp-json\/wp\/v2\/product\/13021","targetHints":{"allow":["GET"]}}],"collection":[{"href":"https:\/\/anbanjia.com.cn\/de\/wp-json\/wp\/v2\/product"}],"about":[{"href":"https:\/\/anbanjia.com.cn\/de\/wp-json\/wp\/v2\/types\/product"}],"replies":[{"embeddable":true,"href":"https:\/\/anbanjia.com.cn\/de\/wp-json\/wp\/v2\/comments?post=13021"}],"wp:featuredmedia":[{"embeddable":true,"href":"https:\/\/anbanjia.com.cn\/de\/wp-json\/wp\/v2\/media\/6724"}],"wp:attachment":[{"href":"https:\/\/anbanjia.com.cn\/de\/wp-json\/wp\/v2\/media?parent=13021"}],"wp:term":[{"taxonomy":"product_cat","embeddable":true,"href":"https:\/\/anbanjia.com.cn\/de\/wp-json\/wp\/v2\/product_cat?post=13021"},{"taxonomy":"product_tag","embeddable":true,"href":"https:\/\/anbanjia.com.cn\/de\/wp-json\/wp\/v2\/product_tag?post=13021"}],"curies":[{"name":"wp","href":"https:\/\/api.w.org\/{rel}","templated":true}]}}