{"id":13020,"date":"2022-05-02T18:02:55","date_gmt":"2022-05-02T18:02:55","guid":{"rendered":"https:\/\/www.anbanjia.com.cn\/product\/tragbarer-medizinischer-infrarot-venendetektor-venenfinder-venenbetrachter-transilluminator-zur-injektion\/"},"modified":"2022-05-02T18:02:55","modified_gmt":"2022-05-02T18:02:55","slug":"tragbarer-medizinischer-infrarot-venendetektor-venenfinder-venenbetrachter-transilluminator-zur-injektion","status":"publish","type":"product","link":"https:\/\/anbanjia.com.cn\/de\/produkt\/tragbarer-medizinischer-infrarot-venendetektor-venenfinder-venenbetrachter-transilluminator-zur-injektion\/","title":{"rendered":"Tragbarer medizinischer Infrarot-Venendetektor\/Venenfinder\/Venenbetrachter-Transilluminator zur Injektion"},"content":{"rendered":"<div style=\"max-width: 750px;margin: 0 auto;\">\n<p><strong><span style=\"font-size: 32px; font-family: 'comic sans ms', sans-serif;\">Infrarot-Venenfinder-Viewer, tragbarer medizinischer Transilluminator-Venenlokalisierungsdetektor<\/span><\/strong><\/p>\n<p><span style=\"font-size: 24px;\"><span style=\"font-family: 'comic sans ms', sans-serif;\"><span style=\"font-family: arial, helvetica, sans-serif;\">Es hilft \u00c4rzten und Krankenschwestern, Venen schnell und ealily zu lokalisieren, besonders n\u00fctzlich f\u00fcr S\u00e4uglinge, \u00e4ltere Menschen, dicke Menschen usw., deren Venen nicht leicht zu finden sind, oder f\u00fcr Menschen mit \u00d6demen oder behaarter Haut. Es kann Injektionsfehler erheblich reduzieren und die Beziehung zwischen \u00c4rzten verbessern und Patienten.<\/span><\/span><\/span><\/p>\n<p><strong><span style=\"font-size: 32px; font-family: 'comic sans ms', sans-serif;\"><img decoding=\"async\" data-alt=\"Portable medical Infrared Vein Detector\/Vein finder\/Vein viewer transilluminator for injection\" data-src=\"\" ori-height=\"1200\" ori-width=\"910\" src=\"https:\/\/anbanjia.com.cn\/wp-content\/uploads\/2022\/05\/H6636f59f0cd44b9196bd7ab899eea81ac.jpg\" style=\"max-width: 750;\"><img decoding=\"async\" data-alt=\"Portable medical Infrared Vein Detector\/Vein finder\/Vein viewer transilluminator for injection\" data-src=\"\" ori-height=\"1409\" ori-width=\"910\" src=\"https:\/\/anbanjia.com.cn\/wp-content\/uploads\/2022\/05\/H3beeef348e8c4abfaf73a136967ad75ey.jpg\"><img decoding=\"async\" data-alt=\"Portable medical Infrared Vein Detector\/Vein finder\/Vein viewer transilluminator for injection\" data-src=\"\" ori-height=\"729\" ori-width=\"910\" src=\"https:\/\/anbanjia.com.cn\/wp-content\/uploads\/2022\/05\/Hd5d2d6c84f2f4721b10247bf936eb323d.jpg\"><img decoding=\"async\" data-alt=\"Portable medical Infrared Vein Detector\/Vein finder\/Vein viewer transilluminator for injection\" data-src=\"\" ori-height=\"910\" ori-width=\"910\" src=\"https:\/\/anbanjia.com.cn\/wp-content\/uploads\/2022\/05\/H8687ec48e6fe4f4097f783700392fa279.jpg\"><img decoding=\"async\" data-alt=\"Portable medical Infrared Vein Detector\/Vein finder\/Vein viewer transilluminator for injection\" data-src=\"\" ori-height=\"910\" ori-width=\"910\" src=\"https:\/\/anbanjia.com.cn\/wp-content\/uploads\/2022\/05\/H582fe29234ee420aae23be85acc206c6M.jpg\"><img decoding=\"async\" data-alt=\"Portable medical Infrared Vein Detector\/Vein finder\/Vein viewer transilluminator for injection\" data-src=\"\" ori-height=\"910\" ori-width=\"910\" src=\"https:\/\/anbanjia.com.cn\/wp-content\/uploads\/2022\/05\/Hcd64514b251842cab61c9d068b2e2778p.jpg\"><\/span><\/strong><\/p>\n<div class=\"mceSectionContainer\" data-section=\"AliPostDhMb-d7h4c\" data-section-title=\"Shipping and payment\" id=\"ali-anchor-AliPostDhMb-d7h4c\" style=\"padding-top: 8px;\">\n<div id=\"ali-title-AliPostDhMb-d7h4c\" style=\"padding: 8px 0; border-bottom: 1px solid #ddd;\"><span style=\"background-color: #ddd; color: #333; font-weight: bold; padding: 8px 10px; line-height: 12px;\">Versand und Zahlung<\/span><\/div>\n<div style=\"padding: 10px 0;\">\n<p><img decoding=\"async\" data-alt=\"Portable medical Infrared Vein Detector\/Vein finder\/Vein viewer transilluminator for injection\" data-src=\"\" ori-height=\"1011\" ori-width=\"770\" src=\"https:\/\/anbanjia.com.cn\/wp-content\/uploads\/2022\/05\/HTB1dO4eSFXXXXX8XVXXq6xXFXXXe.jpg\"> <\/p>\n<\/div>\n<\/div>\n<div class=\"mceSectionContainer\" data-section=\"AliPostDhMb-kepvw\" data-section-title=\"certificate 444\" id=\"ali-anchor-AliPostDhMb-kepvw\" style=\"padding-top: 8px;\">\n<div id=\"ali-title-AliPostDhMb-kepvw\" style=\"padding: 8px 0; border-bottom: 1px solid #ddd;\"><span style=\"background-color: #ddd; color: #333; font-weight: bold; padding: 8px 10px; line-height: 12px;\">Zertifikat 444<\/span><\/div>\n<div style=\"padding: 10px 0;\">\n<p><img decoding=\"async\" data-alt=\"Portable medical Infrared Vein Detector\/Vein finder\/Vein viewer transilluminator for injection\" data-src=\"\" ori-height=\"353\" ori-width=\"750\" src=\"https:\/\/anbanjia.com.cn\/wp-content\/uploads\/2022\/05\/HTB1dCJESFXXXXa5XXXXq6xXFXXXO.jpg\"> <\/p>\n<\/div>\n<\/div>\n<div class=\"mceSectionContainer\" data-section=\"AliPostDhMb-r6cpm\" data-section-title=\"Company Information\" id=\"ali-anchor-AliPostDhMb-r6cpm\" style=\"padding-top: 8px;\">\n<div id=\"ali-title-AliPostDhMb-r6cpm\" style=\"padding: 8px 0; border-bottom: 1px solid #ddd;\"><span style=\"background-color: #ddd; color: #333; font-weight: bold; padding: 8px 10px; line-height: 12px;\">Firmeninformation<\/span><\/div>\n<div style=\"padding: 10px 0;\">\n<p><img decoding=\"async\" data-alt=\"Portable medical Infrared Vein Detector\/Vein finder\/Vein viewer transilluminator for injection\" data-src=\"\" ori-height=\"1929\" ori-width=\"769\" src=\"https:\/\/anbanjia.com.cn\/wp-content\/uploads\/2022\/05\/Ha43def8a2df44eac925e2c3ab5a1b97b2.jpg\"> <\/p>\n<\/div>\n<\/div>\n<div class=\"mceSectionContainer\" data-section=\"AliPostDhMb-xt94o\" data-section-title=\"Contact information\" id=\"ali-anchor-AliPostDhMb-xt94o\" style=\"padding-top: 8px;\">\n<div id=\"ali-title-AliPostDhMb-xt94o\" style=\"padding: 8px 0; border-bottom: 1px solid #ddd;\"><span style=\"background-color: #ddd; color: #333; font-weight: bold; padding: 8px 10px; line-height: 12px;\">Kontaktinformationen<\/span><\/div>\n<div style=\"padding: 10px 0;\">\n<p><img decoding=\"async\" data-alt=\"Portable medical Infrared Vein Detector\/Vein finder\/Vein viewer transilluminator for injection\" data-src=\"\" ori-height=\"271\" ori-width=\"760\" src=\"https:\/\/anbanjia.com.cn\/wp-content\/uploads\/2022\/05\/H4a476ca2a62642c5955586ce8e509aa6M.png\"> <\/p>\n<\/div>\n<\/div>\n<\/div>\n","protected":false},"excerpt":{"rendered":"<div style=\"width:auto\">\n<div style=\"min-width: 300px;max-width: 300px;word-wrap: break-word;float: left\">Typ:Klinische Untersuchungshilfen <\/div>\n<div style=\"min-width: 300px;max-width: 300px;word-wrap: break-word;float: left\">Markenname: Anbanjia<\/div>\n<\/p><\/div>\n<div style=\"width:auto\">\n<div style=\"min-width: 300px;max-width: 300px;word-wrap: break-word;float: left\">Herkunftsort: China <\/div>\n<div style=\"min-width: 300px;max-width: 300px;word-wrap: break-word;float: left\">Instrumentenklassifizierung: Klasse I<\/div>\n<\/p><\/div>\n<div style=\"width:auto\">\n<div style=\"min-width: 300px;max-width: 300px;word-wrap: break-word;float: left\">Garantie: KEINE <\/div>\n<div style=\"min-width: 300px;max-width: 300px;word-wrap: break-word;float: left\">Kundendienst: Schulung vor Ort<\/div>\n<\/p><\/div>\n<div style=\"width:auto\">\n<div style=\"min-width: 300px;max-width: 300px;word-wrap: break-word;float: left\">Funktion: Venendetektor <\/div>\n<div style=\"min-width: 300px;max-width: 300px;word-wrap: break-word;float: left\">Abmessungen (mm): 192 * 24 * 34 mm<\/div>\n<\/p><\/div>\n<div style=\"width:auto\">\n<div style=\"min-width: 300px;max-width: 300px;word-wrap: break-word;float: left\">Gewicht: 260 g <\/div>\n<div style=\"min-width: 300px;max-width: 300px;word-wrap: break-word;float: left\">Verwendung: Venenpunktion<\/div>\n<\/p><\/div>\n","protected":false},"featured_media":6474,"comment_status":"closed","ping_status":"closed","template":"","meta":[],"product_cat":[137],"product_tag":[],"class_list":["post-13020","product","type-product","status-publish","has-post-thumbnail","hentry","product_cat-venenfinder"],"_links":{"self":[{"href":"https:\/\/anbanjia.com.cn\/de\/wp-json\/wp\/v2\/product\/13020","targetHints":{"allow":["GET"]}}],"collection":[{"href":"https:\/\/anbanjia.com.cn\/de\/wp-json\/wp\/v2\/product"}],"about":[{"href":"https:\/\/anbanjia.com.cn\/de\/wp-json\/wp\/v2\/types\/product"}],"replies":[{"embeddable":true,"href":"https:\/\/anbanjia.com.cn\/de\/wp-json\/wp\/v2\/comments?post=13020"}],"wp:featuredmedia":[{"embeddable":true,"href":"https:\/\/anbanjia.com.cn\/de\/wp-json\/wp\/v2\/media\/6474"}],"wp:attachment":[{"href":"https:\/\/anbanjia.com.cn\/de\/wp-json\/wp\/v2\/media?parent=13020"}],"wp:term":[{"taxonomy":"product_cat","embeddable":true,"href":"https:\/\/anbanjia.com.cn\/de\/wp-json\/wp\/v2\/product_cat?post=13020"},{"taxonomy":"product_tag","embeddable":true,"href":"https:\/\/anbanjia.com.cn\/de\/wp-json\/wp\/v2\/product_tag?post=13020"}],"curies":[{"name":"wp","href":"https:\/\/api.w.org\/{rel}","templated":true}]}}