{"id":13019,"date":"2022-05-02T18:03:02","date_gmt":"2022-05-02T18:03:02","guid":{"rendered":"https:\/\/www.anbanjia.com.cn\/product\/kangzhu-einweg-vakuum-schroepf-hijama-saugpumpe-fuer-den-grosshandel\/"},"modified":"2022-05-02T18:03:02","modified_gmt":"2022-05-02T18:03:02","slug":"kangzhu-einweg-vakuum-schropfen-hijama-saugpumpe-fur-den-groshandel","status":"publish","type":"product","link":"https:\/\/anbanjia.com.cn\/de\/produkt\/kangzhu-einweg-vakuum-schropfen-hijama-saugpumpe-fur-den-groshandel\/","title":{"rendered":"Kangzhu Einweg-Vakuum-Schr\u00f6pf-Hijama-Saugpumpe f\u00fcr den Gro\u00dfhandel"},"content":{"rendered":"<div style=\"max-width: 750px; margin: 0 auto;\">\n<div id=\"ali-anchor-AliPostDhMb-oqdwv\" style=\"padding-top: 8px;\" data-section=\"AliPostDhMb-oqdwv\" data-section-title=\"Product Details\">\n<div id=\"ali-title-AliPostDhMb-oqdwv\" style=\"padding: 8px 0; border-bottom: 1px solid #ddd;\"><span style=\"background-color: #ddd; color: #333; font-weight: bold; padding: 8px 10px; line-height: 12px;\">Produktdetails<\/span><\/div>\n<div style=\"padding: 10px 0px; text-align: center;\">\n<p><strong><span style=\"font-size: 24px;\"> <span style=\"font-size: 32px;\">Schr\u00f6pfen Tasse<\/span><\/span><\/strong><\/p>\n<p style=\"text-align: left;\"><strong><span style=\"font-size: 24px; background-color: #ffffff; color: #ff0000;\">Schr\u00f6pfpumpe unterschiedlicher Gr\u00f6\u00dfe:<\/span><\/strong><\/p>\n<p style=\"text-align: left;\"><img decoding=\"async\" style=\"max-width: 750;\" src=\"https:\/\/anbanjia.com.cn\/wp-content\/uploads\/2022\/05\/HTB1PRQQcWSs3KVjSZPi763siVXa5.png\" data-alt=\"Kangzhu disposable vacuum cupping hijama suction pump for wholesale\" data-height=\"1137\" data-src=\"\" data-width=\"696\"><\/p>\n<p style=\"text-align: left;\"><span style=\"color: #ff0000; font-family: Verdana, Geneva; font-size: large;\"><strong>Merkmale:<\/strong><\/span><br \/>\n<span style=\"font-size: medium;\">1 Mit sieben verschiedenen K\u00f6rbchengr\u00f6\u00dfen k\u00f6nnen Sie jeden K\u00f6rperteil behandeln.<br \/>\n2 Das Vakuum-Saugschr\u00f6pfen ist einfach und bequem zu verwenden, ohne dass ein Feuer erforderlich ist, wodurch die Gefahr von Hautverbrennungen ausgeschlossen wird.<br \/>\n3 Cups sind mit glatten, gebogenen Kanten f\u00fcr erh\u00f6hten Komfort und Hautkontakt f\u00fcr einen luftdichten Verschluss konzipiert.<br \/>\n4 Strapazierf\u00e4hige transparente Kunststoffbecher erm\u00f6glichen eine einfache Betrachtung des Behandlungsbereichs sowie die Anzeige von Unterdruck und Hautr\u00f6tungen.<br \/>\n5 Einfach zu bedienende Druckventile erm\u00f6glichen ein m\u00fcheloses Ablassen des Drucks zum Entfernen des Bechers (einschlie\u00dflich Ersatzventile).<br \/>\n6 enthaltene biomagnetische Punkte erh\u00f6hen die Wirksamkeit der Behandlung.<\/p>\n<p>Andere :<br \/>\nSaugpumpe 1<br \/>\nPumpenanschlussschlauch 1<br \/>\nSchr\u00f6pfen Handbuch (Englisch und Chinesisch) &amp; Informations-CD (nur Chinesisch)<\/span><\/p>\n<p><img decoding=\"async\" src=\"https:\/\/anbanjia.com.cn\/wp-content\/uploads\/2022\/05\/HTB1xloRcW5s3KVjSZFNq6AD3FXa7.jpg\" data-alt=\"Kangzhu disposable vacuum cupping hijama suction pump for wholesale\" data-src=\"\"><img decoding=\"async\" src=\"https:\/\/anbanjia.com.cn\/wp-content\/uploads\/2022\/05\/HTB1WUhHX2vsK1RjSspdq6AZepXaE.jpg\" data-alt=\"Kangzhu disposable vacuum cupping hijama suction pump for wholesale\" data-src=\"\"><\/p>\n<p><img decoding=\"async\" src=\"https:\/\/anbanjia.com.cn\/wp-content\/uploads\/2022\/05\/HTB1ZFjVXRWD3KVjSZFsq6AqkpXae.jpg\" data-alt=\"Kangzhu disposable vacuum cupping hijama suction pump for wholesale\" data-height=\"785\" data-src=\"\" data-width=\"785\"><\/p>\n<p><img decoding=\"async\" src=\"https:\/\/anbanjia.com.cn\/wp-content\/uploads\/2022\/05\/HTB14egnc9WD3KVjSZSgq6ACxVXai-scaled.jpg\" data-alt=\"Kangzhu disposable vacuum cupping hijama suction pump for wholesale\" data-height=\"590\" data-src=\"\" data-width=\"787\"><\/p>\n<p><img decoding=\"async\" src=\"https:\/\/anbanjia.com.cn\/wp-content\/uploads\/2022\/05\/HTB1qKNtkBmWBuNkSndVq6AsApXaY.jpg\" data-alt=\"Kangzhu disposable vacuum cupping hijama suction pump for wholesale\" data-src=\"\"><\/p>\n<\/div>\n<\/div>\n<div id=\"ali-anchor-AliPostDhMb-u133x\" style=\"padding-top: 8px;\" data-section=\"AliPostDhMb-u133x\" data-section-title=\"Product Categories\">\n<div id=\"ali-title-AliPostDhMb-u133x\" style=\"padding: 8px 0; border-bottom: 1px solid #ddd;\"><span style=\"background-color: #ddd; color: #333; font-weight: bold; padding: 8px 10px; line-height: 12px;\">Produktkategorien<\/span><\/div>\n<div style=\"padding: 10px 0;\">\n<p><a href=\"https:\/\/abj-medical.en.alibaba.com\/productgrouplist-804976426\/Chinese_traditional_therapy.html?spm=a2700.icbuShop.88.22.bcfb43b5Eh9mxp\" target=\"_blank\" rel=\"noopener\"><img decoding=\"async\" src=\"https:\/\/anbanjia.com.cn\/wp-content\/uploads\/2022\/05\/HTB1CLPpcRKw3KVjSZTEq6AuRpXa7.jpg\" data-alt=\"Kangzhu disposable vacuum cupping hijama suction pump for wholesale\" data-src=\"\"><img decoding=\"async\" src=\"https:\/\/anbanjia.com.cn\/wp-content\/uploads\/2022\/05\/HTB1iR_icQ5E3KVjSZFCq6zuzXXaa.jpg\" data-alt=\"Kangzhu disposable vacuum cupping hijama suction pump for wholesale\" data-src=\"\"><\/a><\/p>\n<\/div>\n<\/div>\n<div id=\"ali-anchor-AliPostDhMb-40hgj\" style=\"padding-top: 8px;\" data-section=\"AliPostDhMb-40hgj\" data-section-title=\"contact us\">\n<div id=\"ali-title-AliPostDhMb-40hgj\" style=\"padding: 8px 0; border-bottom: 1px solid #ddd;\"><span style=\"background-color: #ddd; color: #333; font-weight: bold; padding: 8px 10px; line-height: 12px;\">kontaktiere uns<\/span><\/div>\n<div style=\"padding: 10px 0;\">\n<p><a href=\"https:\/\/abj-medical.en.alibaba.com\/contactinfo.html?spm=a2700.8304367.topnav.8.5d239224wxD2sy\" target=\"_blank\" rel=\"noopener\"><img decoding=\"async\" src=\"https:\/\/anbanjia.com.cn\/wp-content\/uploads\/2022\/05\/HTB1E_8LXOLxK1Rjy0Ffq6zYdVXay.jpg\" data-alt=\"Kangzhu disposable vacuum cupping hijama suction pump for wholesale\" data-src=\"\"> <\/a><\/p>\n<\/div>\n<\/div>\n<div id=\"ali-anchor-AliPostDhMb-61bnf\" style=\"padding-top: 8px;\" data-section=\"AliPostDhMb-61bnf\" data-section-title=\"company information\">\n<div id=\"ali-title-AliPostDhMb-61bnf\" style=\"padding: 8px 0; border-bottom: 1px solid #ddd;\"><span style=\"background-color: #ddd; color: #333; font-weight: bold; padding: 8px 10px; line-height: 12px;\">Firmeninformation<\/span><\/div>\n<div style=\"padding: 10px 0;\">\n<p> <img decoding=\"async\" src=\"https:\/\/anbanjia.com.cn\/wp-content\/uploads\/2022\/05\/HTB1HgKPcQ5E3KVjSZFCq6zuzXXay.jpg\" data-src=\"\"><\/p>\n<\/div>\n<\/div>\n<div id=\"ali-anchor-AliPostDhMb-m4bno\" style=\"padding-top: 8px;\" data-section=\"AliPostDhMb-m4bno\" data-section-title=\"certificate\">\n<div id=\"ali-title-AliPostDhMb-m4bno\" style=\"padding: 8px 0; border-bottom: 1px solid #ddd;\"><span style=\"background-color: #ddd; color: #333; font-weight: bold; padding: 8px 10px; line-height: 12px;\">Zertifikat<\/span><\/div>\n<div style=\"padding: 10px 0;\">\n<p><img decoding=\"async\" src=\"https:\/\/anbanjia.com.cn\/wp-content\/uploads\/2022\/05\/HTB1Z1olSpXXXXctXXXXq6xXFXXXu-1.jpg\" data-alt=\"Kangzhu disposable vacuum cupping hijama suction pump for wholesale\" data-src=\"\"><\/p>\n<\/div>\n<\/div>\n<div id=\"ali-anchor-AliPostDhMb-yi74o\" style=\"padding-top: 8px;\" data-section=\"AliPostDhMb-yi74o\" data-section-title=\"Home\">\n<div style=\"padding: 10px 0;\">\n<p>&nbsp;<\/p>\n<\/div>\n<\/div>\n<\/div>\n","protected":false},"excerpt":{"rendered":"<p>&nbsp;<\/p>\n<div style=\"width: auto;\">\n<div style=\"min-width: 300px; max-width: 300px; word-wrap: break-word; float: left;\">Eigenschaften: Zubeh\u00f6r f\u00fcr die Rehabilitationstherapie<\/div>\n<div style=\"min-width: 300px; max-width: 300px; word-wrap: break-word; float: left;\">Markenname:ABJ\/OEM<\/div>\n<\/div>\n<div style=\"width: auto;\">\n<div style=\"min-width: 300px; max-width: 300px; word-wrap: break-word; float: left;\">Modellnummer: ABJ-SC<\/div>\n<div style=\"min-width: 300px; max-width: 300px; word-wrap: break-word; float: left;\">Bechermaterial: ABS<\/div>\n<\/div>\n<div style=\"width: auto;\">\n<div style=\"min-width: 300px; max-width: 300px; word-wrap: break-word; float: left;\">Anzahl: Einzelpumpe<\/div>\n<div style=\"min-width: 300px; max-width: 300px; word-wrap: break-word; float: left;\">K\u00f6rbchengr\u00f6\u00dfe: mehrere Modellgr\u00f6\u00dfen zur Auswahl<\/div>\n<\/div>\n<div style=\"width: auto;\">\n<div style=\"min-width: 300px; max-width: 300px; word-wrap: break-word; float: left;\">Funktion: Zum Schr\u00f6pfen von Tassen<\/div>\n<div style=\"min-width: 300px; max-width: 300px; word-wrap: break-word; float: left;\">Gr\u00f6\u00dfe: Standardgr\u00f6\u00dfe<\/div>\n<\/div>\n","protected":false},"featured_media":12580,"comment_status":"closed","ping_status":"closed","template":"","meta":[],"product_cat":[133],"product_tag":[],"class_list":["post-13019","product","type-product","status-publish","has-post-thumbnail","hentry","product_cat-schropfbecher"],"_links":{"self":[{"href":"https:\/\/anbanjia.com.cn\/de\/wp-json\/wp\/v2\/product\/13019","targetHints":{"allow":["GET"]}}],"collection":[{"href":"https:\/\/anbanjia.com.cn\/de\/wp-json\/wp\/v2\/product"}],"about":[{"href":"https:\/\/anbanjia.com.cn\/de\/wp-json\/wp\/v2\/types\/product"}],"replies":[{"embeddable":true,"href":"https:\/\/anbanjia.com.cn\/de\/wp-json\/wp\/v2\/comments?post=13019"}],"wp:featuredmedia":[{"embeddable":true,"href":"https:\/\/anbanjia.com.cn\/de\/wp-json\/wp\/v2\/media\/12580"}],"wp:attachment":[{"href":"https:\/\/anbanjia.com.cn\/de\/wp-json\/wp\/v2\/media?parent=13019"}],"wp:term":[{"taxonomy":"product_cat","embeddable":true,"href":"https:\/\/anbanjia.com.cn\/de\/wp-json\/wp\/v2\/product_cat?post=13019"},{"taxonomy":"product_tag","embeddable":true,"href":"https:\/\/anbanjia.com.cn\/de\/wp-json\/wp\/v2\/product_tag?post=13019"}],"curies":[{"name":"wp","href":"https:\/\/api.w.org\/{rel}","templated":true}]}}