{"id":13011,"date":"2022-05-02T18:03:03","date_gmt":"2022-05-02T18:03:03","guid":{"rendered":"https:\/\/www.anbanjia.com.cn\/product\/medizinische-saugtherapie-cellulite-massage-vakuum-schroepfbecher\/"},"modified":"2022-05-02T18:03:03","modified_gmt":"2022-05-02T18:03:03","slug":"medizinische-absaug-therapie-cellulite-massage-vakuum-schropfbecher","status":"publish","type":"product","link":"https:\/\/anbanjia.com.cn\/de\/produkt\/medizinische-absaug-therapie-cellulite-massage-vakuum-schropfbecher\/","title":{"rendered":"Medizinische Saugtherapie Cellulite-Massage-Vakuum-Schr\u00f6pfbecher"},"content":{"rendered":"<div style=\"max-width: 750px; margin: 0 auto;\">\n<div id=\"ali-anchor-AliPostDhMb-6l3ho\" style=\"padding-top: 8px;\" data-section=\"AliPostDhMb-6l3ho\" data-section-title=\"Product Details\">\n<div id=\"ali-title-AliPostDhMb-6l3ho\" style=\"padding: 8px 0; border-bottom: 1px solid #ddd;\"><span style=\"background-color: #ddd; color: #333; font-weight: bold; padding: 8px 10px; line-height: 12px;\">Produktdetails<\/span><\/div>\n<div style=\"padding: 10px 0;\">\n<p><img decoding=\"async\" style=\"max-width: 750;\" src=\"https:\/\/anbanjia.com.cn\/wp-content\/uploads\/2022\/05\/HTB1pKcVSpXXXXa8XXXXq6xXFXXXs-2.jpg\" data-alt=\"Medical suction therapy cellulite massage vacuum cupping cup\" data-src=\"\"><\/p>\n<p><span style=\"font-size: 24px; color: #ff0000;\">Bitte kontaktieren Sie Kristall, um mehr Details dar\u00fcber zu erfahren.<\/span><\/p>\n<p><strong><span style=\"font-size: 32px;\">Wenn Sie die Platzierung <span style=\"color: #000000; font-family: Arial; font-style: normal; background-color: #ffffff; float: none; display: inline !important;\">automatisch bestellen, sende ich Ihnen die Nr. G1. Bitte kontaktieren Sie mich, um weitere Informationen dar\u00fcber zu erhalten, bevor Sie eine Bestellung aufgeben.<\/span><\/span><\/strong><\/p>\n<p><span style=\"color: #000000; font-family: Arial; font-size: 12px; font-style: normal; font-weight: 400; background-color: #ffffff; display: inline !important; float: none;\"><img decoding=\"async\" src=\"https:\/\/anbanjia.com.cn\/wp-content\/uploads\/2022\/05\/HTB1Q4wWBMKTBuNkSne1q6yJoXXaD.jpg\" data-alt=\"Medical suction therapy cellulite massage vacuum cupping cup\" data-src=\"\"><img decoding=\"async\" src=\"https:\/\/anbanjia.com.cn\/wp-content\/uploads\/2022\/05\/HTB1ZfwXm8jTBKNjSZFwq6AG4XXaq.jpg\" data-alt=\"Medical suction therapy cellulite massage vacuum cupping cup\" data-src=\"\"><img decoding=\"async\" src=\"https:\/\/anbanjia.com.cn\/wp-content\/uploads\/2022\/05\/HTB1AaaSc6fguuRjSspkq6xchpXaL.jpg\" data-alt=\"Medical suction therapy cellulite massage vacuum cupping cup\" data-src=\"\"><img decoding=\"async\" src=\"https:\/\/anbanjia.com.cn\/wp-content\/uploads\/2022\/05\/HTB1NPu_igZC2uNjSZFnq6yxZpXaI.jpg\" data-alt=\"Medical suction therapy cellulite massage vacuum cupping cup\" data-src=\"\"><\/span><\/p>\n<p><span style=\"font-size: 32px; color: #0000ff;\">Vakuumtherapiebecher aus Kunststoff:<\/span><\/p>\n<p><span style=\"font-size: 24px; color: #008000;\"><span style=\"font-family: Arial, Helvetica; font-style: normal; font-weight: normal; float: none; display: inline !important;\">1. Verschiedene Gr\u00f6\u00dfen und Formen f\u00fcr spezielle K\u00f6rperteile;<\/span><br \/>\n<span style=\"font-family: Arial, Helvetica; font-style: normal; font-weight: normal; float: none; display: inline !important;\">2.transparent, um nach innen zu sehen.<\/span><br \/>\n<span style=\"font-family: Arial, Helvetica; font-style: normal; font-weight: normal; float: none; display: inline !important;\">3. verschiedene Pakete f\u00fcr verschiedene Sets. Wenden Sie sich f\u00fcr weitere Informationen bitte an unseren Vertrieb.<\/span><br \/>\n<span style=\"font-family: Arial, Helvetica; font-style: normal; font-weight: normal; float: none; display: inline !important;\">4. im Krankenhaus und in der Familie verf\u00fcgbar;<\/span><\/span><\/p>\n<p><span style=\"font-size: 24px; color: #008000;\"><span style=\"font-family: Arial, Helvetica; font-style: normal; font-weight: normal; float: none; display: inline !important;\"><strong> <span style=\"color: #0000ff; font-size: 32px;\">Sechs K\u00f6rbchengr\u00f6\u00dfen sind f\u00fcr verschiedene Stellen am K\u00f6rper:<\/span><\/strong><\/span><\/span><\/p>\n<p><span style=\"color: #008000; font-size: 24px;\"><span style=\"font-family: Arial, Helvetica; font-style: normal; font-weight: normal; float: none; display: inline !important;\"><strong><span style=\"font-family: Arial, Helvetica; font-style: normal; font-weight: normal; float: none; display: inline !important;\">1.Kleine Gr\u00f6\u00dfe f\u00fcr Gesicht oder die Punkte mit weniger Muskeln:<\/span><br \/>\n<span style=\"font-family: Arial, Helvetica; font-style: normal; font-weight: normal; float: none; display: inline !important;\">2. F\u00fc\u00dfe, H\u00e4nde, Unterarme. Mittlere Gr\u00f6\u00dfe f\u00fcr Oberarme und Unterschenkel<\/span><br \/>\n<span style=\"font-family: Arial, Helvetica; font-style: normal; font-weight: normal; float: none; display: inline !important;\">3.Gro\u00dfe und X-gro\u00dfe Gr\u00f6\u00dfe f\u00fcr Oberschenkel, R\u00fccken oder Bauch.<\/span><\/strong><\/span><\/span><\/p>\n<p><span style=\"font-size: 32px; color: #0000ff;\"><strong>Sehen Sie, was die Tassen tun: sicher &amp; kontrollierbar<\/strong> <\/span><\/p>\n<div style=\"margin: 0px -4px; padding: 10px 0px; border: 0px; font-style: normal; font-weight: normal; font-size: 14px; line-height: inherit; font-family: Arial,Helvetica; vertical-align: top; word-wrap: break-word; color: #333333; background-color: #ffffff;\">\n<div id=\"p9ty2\" style=\"margin: 0px; padding: 0px 4px; border: 0px; font-style: inherit; font-weight: inherit; font-size: inherit; line-height: inherit; vertical-align: top; word-wrap: break-word; box-sizing: border-box;\">\n<p style=\"margin: 0px; padding: 0px; border: 0px; font-style: inherit; font-weight: inherit; font-size: inherit; line-height: inherit; vertical-align: baseline; word-wrap: break-word;\"><span style=\"font-family: 'Times New Roman', Times; font-size: 24px; color: #008000;\">Die Transparenz der Schr\u00f6pfchen l\u00e4sst Sie die Hautr\u00f6tung mit zunehmender Schr\u00f6pfzeit deutlich erkennen, so dass Sie das Schr\u00f6pfen hinsichtlich Wirkung und optimaler Schr\u00f6pfzeit vollst\u00e4ndig kontrollieren k\u00f6nnen. Ohne die Verwendung von Feuer besteht keine Gefahr der Hautverbrennung; und der Unterdruck in der Tasse kann an den Zustand jedes Patienten angepasst werden, da Sie ihn mit der Hand mit der Druckpistole steuern.<\/span><\/p>\n<\/div>\n<\/div>\n<div style=\"margin: 0px -4px; padding: 10px 0px; border: 0px; font-style: normal; font-weight: normal; font-size: 14px; line-height: inherit; font-family: Arial,Helvetica; vertical-align: top; word-wrap: break-word; color: #333333; background-color: #ffffff;\">\n<div id=\"pvghm\" style=\"margin: 0px; padding: 0px 4px; border: 0px; font-style: inherit; font-weight: inherit; font-size: inherit; line-height: inherit; vertical-align: top; word-wrap: break-word; box-sizing: border-box;\">\n<p style=\"margin: 0px; padding: 0px; border: 0px; font-style: inherit; font-weight: inherit; font-size: inherit; line-height: inherit; vertical-align: baseline; word-wrap: break-word;\"><span style=\"font-size: 32px; color: #0000ff;\"><strong>Achtung Hinweis:<\/strong><\/span><\/p>\n<p style=\"margin: 0px; padding: 0px; border: 0px; font-style: inherit; font-weight: inherit; font-size: inherit; line-height: inherit; vertical-align: baseline; word-wrap: break-word;\"><span style=\"font-size: 24px; color: #008000;\"><strong><span style=\"font-family: 'Times New Roman', Times; font-style: normal; font-weight: normal; background-color: #ffffff; float: none; display: inline !important;\">1. Bitte w\u00e4hlen Sie geeignete Gesundheitsteile aus, die Bauchmuskeln, glatte Haut und kein Fell haben. Aber wenn Sie wirklich an rauen Stellen mit Fell arbeiten m\u00f6chten, sollten Sie die gute Donuts-Matte besser unter die \u00d6ffnung legen, falls Luft austritt. Au\u00dferdem, wenn die Haut trocken ist, zuerst die Haut nass machen und dann schr\u00f6pfen.<\/span><br \/>\n<span style=\"font-family: 'Times New Roman', Times; font-style: normal; font-weight: normal; background-color: #ffffff; float: none; display: inline !important;\">  2. Beim ersten Schr\u00f6pfen w\u00e4hlen Sie bitte das kleine Schr\u00f6pfen und Lichtstimulation<\/span><br \/>\n<span style=\"font-family: 'Times New Roman', Times; font-style: normal; font-weight: normal; background-color: #ffffff; float: none; display: inline !important;\">  3. Ver\u00e4ndern Sie die Position nicht, wenn Sie das Schr\u00f6pfen verwenden, und sollten Sie zwischen dem Schr\u00f6pfen Abstand halten <\/span><br \/>\n<span style=\"font-family: 'Times New Roman', Times; font-style: normal; font-weight: normal; background-color: #ffffff; float: none; display: inline !important;\">  4. Der Patient, der hohes Fieber, Koma und akute Kr\u00e4mpfe hat, sollte zuerst eine klare Diagnose stellen, falls sich die Rettungszeit verz\u00f6gert<\/span><br \/>\n<span style=\"font-family: 'Times New Roman', Times; font-style: normal; font-weight: normal; background-color: #ffffff; float: none; display: inline !important;\">5. Wenn ein Teil der Gesundheit rot ist und juckt, kratzen Sie nicht wild, es wird nach einigen Tagen gut sein<\/span><\/strong><\/span><\/p>\n<h3 style=\"margin: 0px; padding: 0px; border: 0px; font-style: normal; font-weight: bold; font-size: 1.17em; line-height: 20px; font-family: Arial,Helvetica; vertical-align: baseline; color: #333333; background-color: #ffffff; text-align: center;\"><span style=\"color: #0000ff; font-size: 32px;\">Ihre Gesundheit liegt uns sehr am Herzen<\/span><\/h3>\n<p><img decoding=\"async\" src=\"https:\/\/s.alicdn.com\/@sc02\/kf\/HTB1RiCFXxTxLuJjy1Xcq6z.gXXal\/230438700\/HTB1RiCFXxTxLuJjy1Xcq6z.gXXal.jpg?quality=close\" alt=\"Chinese vacuum cupping pump \/ suction pump\/ grip hand pump for cupping\"><\/p>\n<p><span style=\"color: #0000ff; font-size: 32px;\"><a href=\"https:\/\/abj-medical.en.alibaba.com\/productgrouplist-804976426\/Chinese_traditional_therapy.html?spm=a2700.8304367.topnav.6.73152c54tEAdqB\" target=\"_blank\" rel=\"noopener noreferrer\"><img decoding=\"async\" src=\"https:\/\/anbanjia.com.cn\/wp-content\/uploads\/2022\/05\/HTB1tIa1aXHFK1JjSZFzq6z23XXaa.jpg\" data-alt=\"Medical suction therapy cellulite massage vacuum cupping cup\" data-src=\"\"><img decoding=\"async\" src=\"https:\/\/anbanjia.com.cn\/wp-content\/uploads\/2022\/05\/HTB1RDS2agYDK1JjSZPcq6yjZpXaK.jpg\" data-alt=\"Medical suction therapy cellulite massage vacuum cupping cup\" data-src=\"\"><\/a><\/span><\/p>\n<\/div>\n<\/div>\n<\/div>\n<\/div>\n<div id=\"ali-anchor-AliPostDhMb-oujz6\" style=\"padding-top: 8px;\" data-section=\"AliPostDhMb-oujz6\" data-section-title=\"company information\">\n<div id=\"ali-title-AliPostDhMb-oujz6\" style=\"padding: 8px 0; border-bottom: 1px solid #ddd;\"><span style=\"background-color: #ddd; color: #333; font-weight: bold; padding: 8px 10px; line-height: 12px;\">Firmeninformation<\/span><\/div>\n<div style=\"padding: 10px 0;\">\n<p><img decoding=\"async\" src=\"https:\/\/anbanjia.com.cn\/wp-content\/uploads\/2022\/05\/HTB1MME3SpXXXXbJaXXXq6xXFXXXA-1.jpg\" data-alt=\"Medical suction therapy cellulite massage vacuum cupping cup\" data-src=\"\"><\/p>\n<\/div>\n<\/div>\n<div id=\"ali-anchor-AliPostDhMb-50edq\" style=\"padding-top: 8px;\" data-section=\"AliPostDhMb-50edq\" data-section-title=\"certificate\">\n<div id=\"ali-title-AliPostDhMb-50edq\" style=\"padding: 8px 0; border-bottom: 1px solid #ddd;\"><span style=\"background-color: #ddd; color: #333; font-weight: bold; padding: 8px 10px; line-height: 12px;\">Zertifikat<\/span><\/div>\n<div style=\"padding: 10px 0;\">\n<p><img decoding=\"async\" src=\"https:\/\/anbanjia.com.cn\/wp-content\/uploads\/2022\/05\/HTB1Z1olSpXXXXctXXXXq6xXFXXXu-1.jpg\" data-alt=\"Medical suction therapy cellulite massage vacuum cupping cup\" data-src=\"\"><\/p>\n<\/div>\n<\/div>\n<div id=\"ali-anchor-AliPostDhMb-8kx8w\" style=\"padding-top: 8px;\" data-section=\"AliPostDhMb-8kx8w\" data-section-title=\"produce &amp; payment\">\n<div id=\"ali-title-AliPostDhMb-8kx8w\" style=\"padding: 8px 0; border-bottom: 1px solid #ddd;\"><span style=\"background-color: #ddd; color: #333; font-weight: bold; padding: 8px 10px; line-height: 12px;\">produzieren &amp; bezahlen<\/span><\/div>\n<div style=\"padding: 10px 0;\">\n<p><img decoding=\"async\" src=\"https:\/\/anbanjia.com.cn\/wp-content\/uploads\/2022\/05\/HTB1LlvUSpXXXXbJXVXXq6xXFXXXf-1.jpg\" data-alt=\"Medical suction therapy cellulite massage vacuum cupping cup\" data-src=\"\"><img decoding=\"async\" src=\"https:\/\/anbanjia.com.cn\/wp-content\/uploads\/2022\/05\/HTB1R1haSFXXXXXNXVXXq6xXFXXXz-1.jpg\" data-alt=\"Medical suction therapy cellulite massage vacuum cupping cup\" data-src=\"\"><\/p>\n<\/div>\n<\/div>\n<div id=\"ali-anchor-AliPostDhMb-io4z5\" style=\"padding-top: 8px;\" data-section=\"AliPostDhMb-io4z5\" data-section-title=\"contact us\">\n<div id=\"ali-title-AliPostDhMb-io4z5\" style=\"padding: 8px 0; border-bottom: 1px solid #ddd;\"><span style=\"background-color: #ddd; color: #333; font-weight: bold; padding: 8px 10px; line-height: 12px;\">kontaktiere uns<\/span><\/div>\n<div style=\"padding: 10px 0;\"><a href=\"https:\/\/abj-medical.en.alibaba.com\/contactinfo.html?spm=a2700.8304367.topnav.8.5d239224wxD2sy\" target=\"_blank\" rel=\"noopener noreferrer\"> <img decoding=\"async\" src=\"https:\/\/anbanjia.com.cn\/wp-content\/uploads\/2022\/05\/HTB1XU1rouySBuNjy1zd760PxFXaK-2.png\" data-alt=\"Medical suction therapy cellulite massage vacuum cupping cup\" data-src=\"\"><\/a><\/div>\n<\/div>\n<\/div>\n","protected":false},"excerpt":{"rendered":"<p>&nbsp;<\/p>\n<div style=\"width: auto;\">\n<div style=\"min-width: 300px; max-width: 300px; word-wrap: break-word; float: left;\">Herkunftsort: Guangdong, China<\/div>\n<div style=\"min-width: 300px; max-width: 300px; word-wrap: break-word; float: left;\">Markenname: Kangzhu<\/div>\n<\/div>\n<div style=\"width: auto;\">\n<div style=\"min-width: 300px; max-width: 300px; word-wrap: break-word; float: left;\">Modellnummer: G1<\/div>\n<div style=\"min-width: 300px; max-width: 300px; word-wrap: break-word; float: left;\">Typ: Massagehammer<\/div>\n<\/div>\n<div style=\"width: auto;\">\n<div style=\"min-width: 300px; max-width: 300px; word-wrap: break-word; float: left;\">Anwendung: K\u00f6rper<\/div>\n<div style=\"min-width: 300px; max-width: 300px; word-wrap: break-word; float: left;\">Funktion: musikalische Funktion, Verbesserung der K\u00f6rperqualit\u00e4t<\/div>\n<\/div>\n<div style=\"width: auto;\">\n<div style=\"min-width: 300px; max-width: 300px; word-wrap: break-word; float: left;\">Kundendienst: KEINE<\/div>\n<div style=\"min-width: 300px; max-width: 300px; word-wrap: break-word; float: left;\">Eigenschaften: Massageger\u00e4t<\/div>\n<\/div>\n<div style=\"width: auto;\">\n<div style=\"min-width: 300px; max-width: 300px; word-wrap: break-word; float: left;\">Typen: Tassen mit verschiedenen Gr\u00f6\u00dfen<\/div>\n<div style=\"min-width: 300px; max-width: 300px; word-wrap: break-word; float: left;\">Farbe: Transparent<\/div>\n<\/div>\n<div style=\"width: auto;\">\n<div style=\"min-width: 300px; max-width: 300px; word-wrap: break-word; float: left;\">Material: Kunststoff<\/div>\n<div style=\"min-width: 300px; max-width: 300px; word-wrap: break-word; float: left;\">Gr\u00f6\u00dfe: #G #B #F #R<\/div>\n<\/div>\n","protected":false},"featured_media":7054,"comment_status":"closed","ping_status":"closed","template":"","meta":[],"product_cat":[133],"product_tag":[],"class_list":["post-13011","product","type-product","status-publish","has-post-thumbnail","hentry","product_cat-schropfbecher"],"_links":{"self":[{"href":"https:\/\/anbanjia.com.cn\/de\/wp-json\/wp\/v2\/product\/13011","targetHints":{"allow":["GET"]}}],"collection":[{"href":"https:\/\/anbanjia.com.cn\/de\/wp-json\/wp\/v2\/product"}],"about":[{"href":"https:\/\/anbanjia.com.cn\/de\/wp-json\/wp\/v2\/types\/product"}],"replies":[{"embeddable":true,"href":"https:\/\/anbanjia.com.cn\/de\/wp-json\/wp\/v2\/comments?post=13011"}],"wp:featuredmedia":[{"embeddable":true,"href":"https:\/\/anbanjia.com.cn\/de\/wp-json\/wp\/v2\/media\/7054"}],"wp:attachment":[{"href":"https:\/\/anbanjia.com.cn\/de\/wp-json\/wp\/v2\/media?parent=13011"}],"wp:term":[{"taxonomy":"product_cat","embeddable":true,"href":"https:\/\/anbanjia.com.cn\/de\/wp-json\/wp\/v2\/product_cat?post=13011"},{"taxonomy":"product_tag","embeddable":true,"href":"https:\/\/anbanjia.com.cn\/de\/wp-json\/wp\/v2\/product_tag?post=13011"}],"curies":[{"name":"wp","href":"https:\/\/api.w.org\/{rel}","templated":true}]}}