{"id":13008,"date":"2022-05-02T18:03:05","date_gmt":"2022-05-02T18:03:05","guid":{"rendered":"https:\/\/www.anbanjia.com.cn\/product\/100-teile-schachtel-akupunkturnadel-einweg-beauty-massage-health-care-healthcare-nadel\/"},"modified":"2022-05-02T18:03:05","modified_gmt":"2022-05-02T18:03:05","slug":"100er-box-akupunktur-nadel-einweg-beauty-massage-gesundheitspflege-gesundheitsnadel","status":"publish","type":"product","link":"https:\/\/anbanjia.com.cn\/de\/produkt\/100er-box-akupunktur-nadel-einweg-beauty-massage-gesundheitspflege-gesundheitsnadel\/","title":{"rendered":"100 teile\/schachtel Akupunkturnadel Einweg Beauty Massage Health Care Healthcare Nadel"},"content":{"rendered":"<div style=\"max-width: 750px;margin: 0 auto;\">\n<div data-magic-global=\"%7B%22bizId%22%3A3215165050%2C%22pageId%22%3A21005986831%2C%22siteId%22%3A5005610021%7D\" id=\"detail_decorate_root\">\n<div class=\"J_module\" module-id=\"27170159952\" module-title=\"detailTextContent\" render=\"true\">\n<div class=\"detail-decorate-json-renderer-container\">\n<div class=\"magic-1\">\n<div class=\"magic-2\">\n<div class=\"magic-3\">\n<div class=\"magic-4\">\n<div class=\"magic-5\"><font class=\"magic-6\"><span>100 teile\/schachtel Akupunkturnadel Einwegnadel Akupunktur Sch\u00f6nheit Massage Nadel Gesundheitswesen Gesundheitswesen Nadel<\/span><\/font><\/div>\n<\/div>\n<\/div>\n<\/div>\n<\/div>\n<\/div>\n<\/div>\n<div class=\"J_module\" module-id=\"27170159953\" module-title=\"detailHorizontalImageText\" render=\"true\">\n<div class=\"icbu-pc-images magic-7\">\n<div>\n<div class=\"flex-layout-h\">\n<div class=\"flex-layout-v magic-8\">\n<div class=\"magic-9\"><img decoding=\"async\" class=\"magic-10\" data-src=\"\" src=\"https:\/\/anbanjia.com.cn\/wp-content\/uploads\/2022\/05\/Ha70568dd8f21415692fca7caf3f0afc5K.jpg\" style=\"max-width: 750;\"><\/div>\n<\/div>\n<div class=\"text-wrapper magic-11\">\n<div class=\"text-wrapper-right text-theme-light text-align-left\">\n<div class=\"text-title\">\n<h3 class=\"magic-12\"><span class=\"magic-13\">Detail<\/span><br \/><\/h3>\n<\/div>\n<div class=\"text-content\">\n<p class=\"magic-14\"><\/p>\n<p class=\"magic-14\"><span>Marke: TIANXIE<\/span><\/p>\n<p class=\"magic-14\"><span><br \/><\/span><\/p>\n<p class=\"magic-14\"><span>Material: Edelstahl <\/span><\/p>\n<p class=\"magic-14\"><span><br \/><\/span><\/p>\n<p class=\"magic-14\"><span>Produktdurchmesser: 0,25 mm &#8212; 0,35 mm <\/span><\/p>\n<p class=\"magic-14\"><span><br \/><\/span><\/p>\n<p class=\"magic-14\"><span>Produktl\u00e4nge: 13 mm &#8212;- 75 mm<\/span><\/p>\n<p class=\"magic-14\"><span><br \/><\/span><\/p>\n<p class=\"magic-14\"><span>Gr\u00f6\u00dfenbeschreibung: <\/span><\/p>\n<p class=\"magic-14\"><span>Zum Beispiel 0,25 * 25 mm<\/span><\/p>\n<p class=\"magic-14\"><span><br \/><\/span><\/p>\n<p class=\"magic-14\"><span>Nadelspitzendurchmesser 0,25 mm, Nadell\u00e4nge <\/span><\/p>\n<p class=\"magic-14\"><span><br \/><\/span><\/p>\n<p class=\"magic-14\"><span>25 mm (L\u00e4nge ohne Nadelgriff)<\/span><\/p>\n<p class=\"magic-14\"><span><br \/><\/span><\/p>\n<p class=\"magic-14\"><font color=\"#ff79a2\">*** Dieses Modell hat 18 Gr\u00f6\u00dfen zur Auswahl, kann sich an den Verk\u00e4ufer wenden, um diese Gr\u00f6\u00dfe zu \u00fcberpr\u00fcfen. Vielen Dank.<\/font><\/p>\n<\/div>\n<\/div>\n<\/div>\n<\/div>\n<\/div>\n<\/div>\n<\/div>\n<div class=\"J_module\" module-id=\"27170159955\" module-title=\"detailManyImage\" render=\"true\">\n<div class=\"icbu-pc-detailManyImage magic-15\">\n<div class=\"magic-16\"><img decoding=\"async\" class=\"magic-17\" data-src=\"\" src=\"https:\/\/anbanjia.com.cn\/wp-content\/uploads\/2022\/05\/Hb7b43bc27aab4826bdb0ba71dd9530ca0.png\"><\/div>\n<div class=\"magic-16\"><img decoding=\"async\" class=\"magic-17\" data-src=\"\" src=\"https:\/\/anbanjia.com.cn\/wp-content\/uploads\/2022\/05\/Ha70568dd8f21415692fca7caf3f0afc5K.jpg\"><\/div>\n<div class=\"magic-16\"><img decoding=\"async\" class=\"magic-17\" data-src=\"\" src=\"https:\/\/anbanjia.com.cn\/wp-content\/uploads\/2022\/05\/H23fbf12a4b2c4323a46c71605aaf1142Z.png\"><\/div>\n<div class=\"magic-16\"><img decoding=\"async\" class=\"magic-17\" data-src=\"\" src=\"https:\/\/anbanjia.com.cn\/wp-content\/uploads\/2022\/05\/H3599697b692e436db449a70b25420046t.png\"><\/div>\n<div class=\"magic-16\"><img decoding=\"async\" class=\"magic-17\" data-src=\"\" src=\"https:\/\/anbanjia.com.cn\/wp-content\/uploads\/2022\/05\/H49b746a17ebb455591506a33ccd65ae49.jpg\"><\/div>\n<div class=\"magic-16\"><img decoding=\"async\" class=\"magic-17\" data-src=\"\" src=\"https:\/\/anbanjia.com.cn\/wp-content\/uploads\/2022\/05\/H4e27dd50f552433794c1bdeb6b7c5ad7S.png\"><\/div>\n<div class=\"magic-16\"><img decoding=\"async\" class=\"magic-17\" data-src=\"\" src=\"https:\/\/anbanjia.com.cn\/wp-content\/uploads\/2022\/05\/He1a8273b96fc4e86acd2cb36cf278bb3n.jpg\"><\/div>\n<div class=\"magic-16\"><img decoding=\"async\" class=\"magic-17\" data-src=\"\" src=\"https:\/\/anbanjia.com.cn\/wp-content\/uploads\/2022\/05\/Hbe4219f79818407288c55fa0c6af8dc0q.png\"><\/div>\n<\/div>\n<\/div><\/div>\n<\/div>\n","protected":false},"excerpt":{"rendered":"<div style=\"width:auto\">\n<div style=\"min-width: 300px;max-width: 300px;word-wrap: break-word;float: left\">Herkunftsort: Jiangsu, China <\/div>\n<div style=\"min-width: 300px;max-width: 300px;word-wrap: break-word;float: left\">Markenname: TIANXIE<\/div>\n<\/p><\/div>\n<div style=\"width:auto\">\n<div style=\"min-width: 300px;max-width: 300px;word-wrap: break-word;float: left\">Modellnummer: TX <\/div>\n<div style=\"min-width: 300px;max-width: 300px;word-wrap: break-word;float: left\">Funktion: Diuretika zur Beseitigung von Feuchtigkeit, Verbesserung des K\u00f6rpers<\/div>\n<\/p><\/div>\n<div style=\"width:auto\">\n<div style=\"min-width: 300px;max-width: 300px;word-wrap: break-word;float: left\">Anwendung: K\u00f6rper <\/div>\n<div style=\"min-width: 300px;max-width: 300px;word-wrap: break-word;float: left\">Haltbarkeit: 3 Jahre<\/div>\n<\/p><\/div>\n<div style=\"width:auto\">\n<div style=\"min-width: 300px;max-width: 300px;word-wrap: break-word;float: left\">Qualit\u00e4tszertifizierung: ce <\/div>\n<div style=\"min-width: 300px;max-width: 300px;word-wrap: break-word;float: left\">Instrumentenklassifizierung: Klasse I<\/div>\n<\/p><\/div>\n<div style=\"width:auto\">\n<div style=\"min-width: 300px;max-width: 300px;word-wrap: break-word;float: left\">Sicherheitsstandard: Keine <\/div>\n<div style=\"min-width: 300px;max-width: 300px;word-wrap: break-word;float: left\">Typ: Akupunkturnadeln<\/div>\n<\/p><\/div>\n<div style=\"width:auto\">\n<div style=\"min-width: 300px;max-width: 300px;word-wrap: break-word;float: left\">Eigenschaften: Ger\u00e4t f\u00fcr chinesische Medizin <\/div>\n<div style=\"min-width: 300px;max-width: 300px;word-wrap: break-word;float: left\">Material: Edelstahl<\/div>\n<\/p><\/div>\n<div style=\"width:auto\">\n<div style=\"min-width: 300px;max-width: 300px;word-wrap: break-word;float: left\">Menge: 100 St\u00fcck\/Karton <\/div>\n<div style=\"min-width: 300px;max-width: 300px;word-wrap: break-word;float: left\">Gr\u00f6\u00dfe: verschiedene Spezifikation<\/div>\n<\/p><\/div>\n","protected":false},"featured_media":7190,"comment_status":"closed","ping_status":"closed","template":"","meta":[],"product_cat":[131],"product_tag":[],"class_list":["post-13008","product","type-product","status-publish","has-post-thumbnail","hentry","product_cat-nadel"],"_links":{"self":[{"href":"https:\/\/anbanjia.com.cn\/de\/wp-json\/wp\/v2\/product\/13008","targetHints":{"allow":["GET"]}}],"collection":[{"href":"https:\/\/anbanjia.com.cn\/de\/wp-json\/wp\/v2\/product"}],"about":[{"href":"https:\/\/anbanjia.com.cn\/de\/wp-json\/wp\/v2\/types\/product"}],"replies":[{"embeddable":true,"href":"https:\/\/anbanjia.com.cn\/de\/wp-json\/wp\/v2\/comments?post=13008"}],"wp:featuredmedia":[{"embeddable":true,"href":"https:\/\/anbanjia.com.cn\/de\/wp-json\/wp\/v2\/media\/7190"}],"wp:attachment":[{"href":"https:\/\/anbanjia.com.cn\/de\/wp-json\/wp\/v2\/media?parent=13008"}],"wp:term":[{"taxonomy":"product_cat","embeddable":true,"href":"https:\/\/anbanjia.com.cn\/de\/wp-json\/wp\/v2\/product_cat?post=13008"},{"taxonomy":"product_tag","embeddable":true,"href":"https:\/\/anbanjia.com.cn\/de\/wp-json\/wp\/v2\/product_tag?post=13008"}],"curies":[{"name":"wp","href":"https:\/\/api.w.org\/{rel}","templated":true}]}}