{"id":13004,"date":"2022-05-02T18:03:03","date_gmt":"2022-05-02T18:03:03","guid":{"rendered":"https:\/\/www.anbanjia.com.cn\/product\/chinesische-traditionelle-massagegeraete-produkte-kangzhu-hijima-schroepfen-set-vakuum-plastikbecher-grosshandelspreis\/"},"modified":"2022-05-02T18:03:03","modified_gmt":"2022-05-02T18:03:03","slug":"chinesische-traditionelle-massagegerate-produkte-kangzhu-hijima-schropfen-set-vakuum-plastikbecher-groshandelspreis","status":"publish","type":"product","link":"https:\/\/anbanjia.com.cn\/de\/produkt\/chinesische-traditionelle-massagegerate-produkte-kangzhu-hijima-schropfen-set-vakuum-plastikbecher-groshandelspreis\/","title":{"rendered":"Chinesische traditionelle Massageger\u00e4te Produkte Kangzhu Hijima Schr\u00f6pfen Set Vakuum Plastikbecher Gro\u00dfhandelspreis"},"content":{"rendered":"<div style=\"max-width: 750px; margin: 0 auto;\">\n<div id=\"detail_decorate_root\" data-host=\"112311420\" data-id=\"detail_decorate_root\">\n<div id=\"_root\" class=\"engine-app\" data-reactroot=\"\">\n<div id=\"ali-anchor-AliMagic-tmnyk9\" class=\"magic-0\" data-section=\"AliMagic-tmnyk9\" data-section-title=\"Product Description\">Produktbeschreibung<\/div>\n<div class=\"detail-decorate-json-renderer-container\">\n<div class=\"magic-1\">\n<h3 class=\"magic-2\" data-id=\"title0\"><\/h3>\n<h3 class=\"magic-3\"><span style=\"font-size: xx-large;\"> <\/span><\/h3>\n<h3 class=\"magic-3\"><span style=\"font-size: xx-large;\">ABS chinesisches Vakuumtherapie-Kangzhu-<\/span> <span class=\"magic-4\">Schr\u00f6pfen<\/span><\/h3>\n<h3 class=\"magic-3\"><span class=\"magic-4\"> <\/span><\/h3>\n<h3 class=\"magic-3\"><span class=\"magic-4\"> Tassen gesetzt<\/span><\/h3>\n<div class=\"magic-5\">\n<div class=\"magic-6\">\n<div class=\"magic-7\" data-id=\"paragraph0\">\n<p class=\"magic-8\"><span class=\"magic-9\">C1*24 Schr\u00f6pfset<\/span><\/p>\n<\/div>\n<\/div>\n<\/div>\n<\/div>\n<\/div>\n<div class=\"icbu-pc-images magic-10\">\n<div>\n<div class=\"flex-layout-v\">\n<div class=\"flex-layout-h magic-10\">\n<div class=\"magic-11\"><img decoding=\"async\" class=\"magic-12\" style=\"max-width: 750;\" src=\"https:\/\/anbanjia.com.cn\/wp-content\/uploads\/2022\/05\/Hcf5037115ee74c85b664fa22da6fbba5s.jpg\" data-src=\"\"><\/div>\n<\/div>\n<\/div>\n<\/div>\n<\/div>\n<div class=\"detail-decorate-json-renderer-container\">\n<div class=\"magic-1\">\n<div class=\"magic-5\">\n<div class=\"magic-6\">\n<div class=\"magic-7\"><span class=\"magic-9\">C1*12 Schr\u00f6pfset<\/span><\/div>\n<\/div>\n<\/div>\n<\/div>\n<\/div>\n<div class=\"icbu-pc-images magic-10\">\n<div>\n<div class=\"flex-layout-v\">\n<div class=\"flex-layout-h magic-10\">\n<div class=\"magic-13\"><img decoding=\"async\" class=\"magic-14\" src=\"https:\/\/anbanjia.com.cn\/wp-content\/uploads\/2022\/05\/H4858551f115442ad9449e06722095e68U.jpg\" data-src=\"\"><\/div>\n<\/div>\n<\/div>\n<\/div>\n<\/div>\n<div class=\"detail-decorate-json-renderer-container\">\n<div class=\"magic-1\">\n<div class=\"magic-5\">\n<div class=\"magic-6\">\n<div class=\"magic-7\">\n<p class=\"magic-8\"><span style=\"color: #ff0000; font-family: Verdana, Geneva; font-size: large;\"><b>Merkmale:<\/b><\/span><br \/>\n<span style=\"font-size: medium;\"> 1 Mit sieben verschiedenen K\u00f6rbchengr\u00f6\u00dfen k\u00f6nnen Sie jeden K\u00f6rperteil behandeln.<br \/>\n2 Das Vakuum-Saugschr\u00f6pfen ist einfach und bequem zu verwenden, ohne dass ein Feuer erforderlich ist, wodurch die Gefahr von Hautverbrennungen ausgeschlossen wird.<br \/>\n3 Cups sind mit glatten, gebogenen Kanten f\u00fcr erh\u00f6hten Komfort und Hautkontakt f\u00fcr einen luftdichten Verschluss konzipiert.<br \/>\n4 Strapazierf\u00e4hige transparente Kunststoffbecher erm\u00f6glichen eine einfache Betrachtung des Behandlungsbereichs sowie die Anzeige von Unterdruck und Hautr\u00f6tungen.<br \/>\n5 Einfach zu bedienende Druckventile erm\u00f6glichen ein m\u00fcheloses Ablassen des Drucks zum Entfernen des Bechers (einschlie\u00dflich Ersatzventile).<br \/>\n6 enthaltene biomagnetische Punkte erh\u00f6hen die Wirksamkeit der Behandlung. <\/span><\/p>\n<p class=\"magic-8\"><span style=\"font-size: medium;\"> <\/span><\/p>\n<p class=\"magic-8\"><span style=\"color: #ff0000; font-size: large;\">Wir haben verschiedene Arten von Kangzhu Cupping Cups, wenn Sie brauchen, kontaktieren Sie mich bitte f\u00fcr weitere Informationen.<\/span><\/p>\n<p><span style=\"font-size: medium;\">Andere :<\/span><br \/>\n<span style=\"font-size: medium;\">Saugpumpe 1<\/span><br \/>\n<span style=\"font-size: medium;\">Pumpenanschlussschlauch 1<\/span><br \/>\n<span style=\"font-size: medium;\">Schr\u00f6pfen Handbuch (Englisch und Chinesisch) &amp; Informations-CD (nur Chinesisch)<\/span><\/p>\n<\/div>\n<\/div>\n<\/div>\n<\/div>\n<\/div>\n<div class=\"icbu-pc-images magic-10\">\n<div>\n<div class=\"flex-layout-v\">\n<div class=\"flex-layout-h magic-10\">\n<div class=\"magic-15\"><img decoding=\"async\" class=\"magic-16\" src=\"https:\/\/anbanjia.com.cn\/wp-content\/uploads\/2022\/05\/HTB1CaV7RFXXXXasaXXXq6xXFXXXR.jpg\" data-src=\"\"><\/div>\n<\/div>\n<\/div>\n<\/div>\n<\/div>\n<div class=\"icbu-pc-images magic-10\">\n<div>\n<div class=\"flex-layout-v\">\n<div class=\"flex-layout-h magic-10\">\n<div class=\"magic-15\"><img decoding=\"async\" class=\"magic-16\" src=\"https:\/\/anbanjia.com.cn\/wp-content\/uploads\/2022\/05\/HTB1CYivRFXXXXbhXpXXq6xXFXXXk.jpg\" data-src=\"\"><\/div>\n<\/div>\n<\/div>\n<\/div>\n<\/div>\n<div id=\"ali-anchor-AliMagic-djwwjd\" class=\"magic-0\" data-section=\"AliMagic-djwwjd\" data-section-title=\"How to use\">Wie benutzt man<\/div>\n<div class=\"icbu-pc-images magic-10\">\n<div class=\"flex-layout-v\">\n<div class=\"flex-layout-h magic-10\">\n<div class=\"magic-15\"><img decoding=\"async\" src=\"https:\/\/s.alicdn.com\/@sc02\/kf\/HTB1k.WbRFXXXXcdXVXXq6xXFXXXF\/230438700\/HTB1k.WbRFXXXXcdXVXXq6xXFXXXF.jpg?quality=close\"><\/div>\n<\/div>\n<\/div>\n<\/div>\n<div class=\"icbu-pc-images magic-10\">\n<div>\n<div class=\"flex-layout-v\">\n<div class=\"flex-layout-h magic-10\">\n<div class=\"magic-17\"><img decoding=\"async\" class=\"magic-18\" src=\"https:\/\/anbanjia.com.cn\/wp-content\/uploads\/2022\/05\/HTB19fmoRFXXXXaiXFXXq6xXFXXXn.jpg\" data-src=\"\"><\/div>\n<\/div>\n<\/div>\n<\/div>\n<\/div>\n<div class=\"icbu-pc-images magic-10\">\n<div>\n<div class=\"flex-layout-v\">\n<div class=\"flex-layout-h magic-10\">\n<div class=\"magic-15\"><img decoding=\"async\" class=\"magic-16\" src=\"https:\/\/anbanjia.com.cn\/wp-content\/uploads\/2022\/05\/H4a004cfde892421abda8249711942cf6b.jpg\" data-src=\"\"><\/div>\n<\/div>\n<\/div>\n<\/div>\n<\/div>\n<div class=\"detail-decorate-json-renderer-container\">\n<div class=\"magic-1\">\n<h3 class=\"magic-2\" data-id=\"title0\"><\/h3>\n<h3 class=\"magic-19\"><span style=\"color: #ff0000; font-size: xx-large;\">BEACHTUNG:<\/span><\/h3>\n<div class=\"magic-5\">\n<div class=\"magic-6\">\n<div class=\"magic-7\" data-id=\"paragraph0\">\n<p class=\"magic-8\"><span style=\"color: #ff3f3f; font-family: Trebuchet MS, sans-serif; font-size: large;\">1. Bitte w\u00e4hlen Sie geeignete Gesundheitsteile aus, die Bauchmuskeln, glatte Haut und kein Fell haben. Aber wenn Sie wirklich an rauen Stellen mit Fell arbeiten m\u00f6chten, sollten Sie die gute Donuts-Matte besser unter die \u00d6ffnung legen, falls Luft austritt. Au\u00dferdem, wenn die Haut trocken ist, zuerst die Haut nass machen und dann schr\u00f6pfen.<br \/>\n2. W\u00e4hlen Sie beim ersten Schr\u00f6pfen das kleine Schr\u00f6pfen und Lichtstimulieren<br \/>\n3. Bewegen Sie die Position nicht, wenn Sie das Schr\u00f6pfen verwenden, und sollten Sie zwischen dem Schr\u00f6pfen warten<br \/>\n4. Der Patient, der hohes Fieber, Koma und akute Kr\u00e4mpfe hat, sollte zuerst eine klare Diagnose stellen, falls sich die Rettungszeit verz\u00f6gert<br \/>\n5. Wenn ein Teil der Gesundheit rot ist und juckt, kratzen Sie nicht wild, es wird nach einigen Tagen gut sein<\/span><\/p>\n<\/div>\n<\/div>\n<\/div>\n<\/div>\n<\/div>\n<div id=\"ali-anchor-AliMagic-ake639\" class=\"magic-0\" data-section=\"AliMagic-ake639\" data-section-title=\"About Anbanjia\">\u00dcber Anbanjia<\/div>\n<div class=\"icbu-pc-images magic-10\">\n<div>\n<div class=\"flex-layout-v\">\n<div class=\"flex-layout-h magic-10\">\n<div class=\"magic-20\"><img decoding=\"async\" class=\"magic-21\" src=\"https:\/\/anbanjia.com.cn\/wp-content\/uploads\/2022\/05\/HTB1K8kkQXXXXXb1XXXXq6xXFXXXV.jpg\" data-src=\"\"><\/div>\n<\/div>\n<\/div>\n<\/div>\n<\/div>\n<div class=\"detail-decorate-json-renderer-container\">\n<div class=\"magic-1\">\n<div class=\"magic-5\">\n<div class=\"magic-6\">\n<div class=\"magic-7\">\n<p class=\"magic-8\"><span style=\"font-family: Trebuchet MS, sans-serif; font-size: large;\">1. mehr auftrag, mehr rabatt, konkurrenzf\u00e4higer preis!<br \/>\n2.Willkommen, um mit uns in Verbindung zu treten, um einen besseren Preis zu erhalten!<br \/>\n3.Guter Service, schnelle Lieferung, und wir sind es wert, vertraut zu werden.<br \/>\n4.Wir k\u00f6nnen garantieren, dass Sie mit unseren Produkten zufrieden sein werden.<br \/>\n5. Wir behandeln Kunden wie Freunde und bieten Ihnen einen beachtlichen Service.<br \/>\n6. Wir sind ein Verkaufsteam mit professioneller medizinischer Versorgung und technischer Unterst\u00fctzung durch ein Ingenieurteam.<\/span><\/p>\n<\/div>\n<\/div>\n<\/div>\n<\/div>\n<\/div>\n<div class=\"detail-decorate-json-renderer-container\">\n<div class=\"magic-1\">\n<h3 class=\"magic-2\" data-id=\"title0\"><\/h3>\n<h3 class=\"magic-19\"><span style=\"color: #ff3f3f; font-family: Trebuchet MS, sans-serif; font-size: xx-large;\">W\u00e4hlen Sie uns nicht f\u00fcr Business<\/span><\/h3>\n<div class=\"magic-5\">\n<div class=\"magic-6\">\n<div class=\"magic-7\" data-id=\"paragraph0\">\n<p class=\"magic-8\"><span style=\"font-family: Trebuchet MS, sans-serif; font-size: large;\">Wir k\u00fcmmern uns ernsthaft um Ihre Bestellung und sch\u00e4tzen jede an uns gesendete Anfrage, um einen schnellen wettbewerbsf\u00e4higen Preis zu gew\u00e4hrleisten.<br \/>\nP\u00fcnktliche Lieferzeit:<br \/>\n&#8211; Wir geben Ihre Bestellung auf und handeln sofort, stellen Ihre p\u00fcnktliche Lieferzeit sicher<\/p>\n<p>\u00dcberpr\u00fcfen Sie vor dem Versand:<br \/>\n&#8211; Unsere Inspektionskollegen \u00fcberpr\u00fcfen die Qualit\u00e4t vor dem Verpacken zum Versand. Wir machen eine Versandbenachrichtigung, sobald Ihre Bestellung versandt wurde<\/p>\n<p>Kundendienst :<br \/>\nWir freuen uns \u00fcber Ihre Anfrage zur Ware und respektieren Ihr Feedback nach Erhalt der Ware.<\/span><\/p>\n<\/div>\n<\/div>\n<\/div>\n<\/div>\n<\/div>\n<div id=\"ali-anchor-AliMagic-sdhysh\" class=\"magic-0\" data-section=\"AliMagic-sdhysh\" data-section-title=\"Packing &amp; Delivery\">Verpackung &amp; Lieferung<\/div>\n<div class=\"icbu-pc-images magic-10\">\n<div>\n<div class=\"flex-layout-v\">\n<div class=\"flex-layout-h magic-10\">\n<div class=\"magic-22\"><img decoding=\"async\" class=\"magic-23\" src=\"https:\/\/anbanjia.com.cn\/wp-content\/uploads\/2022\/05\/HTB1h3vHQXXXXXXWapXXq6xXFXXXC.jpg\" data-src=\"\"><\/div>\n<\/div>\n<\/div>\n<\/div>\n<\/div>\n<div class=\"icbu-pc-images magic-10\">\n<div>\n<div class=\"flex-layout-v\">\n<div class=\"flex-layout-h magic-10\">\n<div class=\"magic-24\"><img decoding=\"async\" class=\"magic-25\" src=\"https:\/\/anbanjia.com.cn\/wp-content\/uploads\/2022\/05\/HTB16jBTQpXXXXXLaXXXq6xXFXXXP.jpg\" data-id=\"child-image-0\" data-src=\"\"><\/div>\n<div class=\"magic-26\"><img decoding=\"async\" class=\"magic-25\" src=\"https:\/\/anbanjia.com.cn\/wp-content\/uploads\/2022\/05\/HTB1OJ4JQpXXXXXcapXXq6xXFXXXh.jpg\" data-id=\"child-image-1\" data-src=\"\"><\/div>\n<\/div>\n<\/div>\n<\/div>\n<\/div>\n<div class=\"icbu-pc-images magic-10\">\n<div class=\"flex-layout-v\">\n<div class=\"flex-layout-h magic-10\">\n<div class=\"magic-27\"><img decoding=\"async\" class=\"\" src=\"https:\/\/s.alicdn.com\/@sc01\/kf\/HTB1XU1rouySBuNjy1zd760PxFXaK\/230438700\/HTB1XU1rouySBuNjy1zd760PxFXaK.png?quality=close\" alt=\"Chinese vacuum cupping pump \/ suction pump\/ grip hand pump for cupping\" width=\"752\" height=\"292\"><\/div>\n<\/div>\n<\/div>\n<\/div>\n<\/div>\n<\/div>\n<\/div>\n","protected":false},"excerpt":{"rendered":"<p>&nbsp;<\/p>\n<div style=\"width: auto;\">\n<div style=\"min-width: 300px; max-width: 300px; word-wrap: break-word; float: left;\">Herkunftsort: China<\/div>\n<div style=\"min-width: 300px; max-width: 300px; word-wrap: break-word; float: left;\">Markenname: Kangzhu<\/div>\n<\/div>\n<div style=\"width: auto;\">\n<div style=\"min-width: 300px; max-width: 300px; word-wrap: break-word; float: left;\">Modellnummer: C1<\/div>\n<div style=\"min-width: 300px; max-width: 300px; word-wrap: break-word; float: left;\">Instrumentenklassifizierung: Klasse I<\/div>\n<\/div>\n<div style=\"width: auto;\">\n<div style=\"min-width: 300px; max-width: 300px; word-wrap: break-word; float: left;\">Eigenschaften: Ger\u00e4t f\u00fcr chinesische Medizin<\/div>\n<div style=\"min-width: 300px; max-width: 300px; word-wrap: break-word; float: left;\">Typ: Schr\u00f6pfbecher<\/div>\n<\/div>\n<div style=\"width: auto;\">\n<div style=\"min-width: 300px; max-width: 300px; word-wrap: break-word; float: left;\">Material:ABS<\/div>\n<div style=\"min-width: 300px; max-width: 300px; word-wrap: break-word; float: left;\">Gr\u00f6\u00dfe: mit verschiedenen Gr\u00f6\u00dfen<\/div>\n<\/div>\n<div style=\"width: auto;\">\n<div style=\"min-width: 300px; max-width: 300px; word-wrap: break-word; float: left;\">Verpackung: 14\/24 Tassen<\/div>\n<div style=\"min-width: 300px; max-width: 300px; word-wrap: break-word; float: left;\">Funktion: K\u00f6rper verbessern<\/div>\n<\/div>\n","protected":false},"featured_media":12031,"comment_status":"closed","ping_status":"closed","template":"","meta":[],"product_cat":[133],"product_tag":[],"class_list":["post-13004","product","type-product","status-publish","has-post-thumbnail","hentry","product_cat-schropfbecher"],"_links":{"self":[{"href":"https:\/\/anbanjia.com.cn\/de\/wp-json\/wp\/v2\/product\/13004","targetHints":{"allow":["GET"]}}],"collection":[{"href":"https:\/\/anbanjia.com.cn\/de\/wp-json\/wp\/v2\/product"}],"about":[{"href":"https:\/\/anbanjia.com.cn\/de\/wp-json\/wp\/v2\/types\/product"}],"replies":[{"embeddable":true,"href":"https:\/\/anbanjia.com.cn\/de\/wp-json\/wp\/v2\/comments?post=13004"}],"wp:featuredmedia":[{"embeddable":true,"href":"https:\/\/anbanjia.com.cn\/de\/wp-json\/wp\/v2\/media\/12031"}],"wp:attachment":[{"href":"https:\/\/anbanjia.com.cn\/de\/wp-json\/wp\/v2\/media?parent=13004"}],"wp:term":[{"taxonomy":"product_cat","embeddable":true,"href":"https:\/\/anbanjia.com.cn\/de\/wp-json\/wp\/v2\/product_cat?post=13004"},{"taxonomy":"product_tag","embeddable":true,"href":"https:\/\/anbanjia.com.cn\/de\/wp-json\/wp\/v2\/product_tag?post=13004"}],"curies":[{"name":"wp","href":"https:\/\/api.w.org\/{rel}","templated":true}]}}