{"id":12999,"date":"2022-05-02T18:03:10","date_gmt":"2022-05-02T18:03:10","guid":{"rendered":"https:\/\/www.anbanjia.com.cn\/product\/schlussverkauf-36v-350w-500w-e-rollstuhl-traktor-elektrorollstuhl-convention-kit-zubehoer-handbike-kit\/"},"modified":"2022-05-02T18:03:10","modified_gmt":"2022-05-02T18:03:10","slug":"heiser-verkauf-36v-350w-500w-e-rollstuhl-traktor-elektro-rollstuhl-konvention-kit-befestigung-handbike-kit","status":"publish","type":"product","link":"https:\/\/anbanjia.com.cn\/de\/produkt\/heiser-verkauf-36v-350w-500w-e-rollstuhl-traktor-elektro-rollstuhl-konvention-kit-befestigung-handbike-kit\/","title":{"rendered":"Schlussverkauf! 36V 350W\/500W e-Rollstuhl-Traktor Elektrorollstuhl-Convention-Kit Zubeh\u00f6r-Handbike-Kit"},"content":{"rendered":"<div style=\"max-width: 750px; margin: 0 auto;\">\n<p><strong><span style=\"font-size: 24px; font-family: 'comic sans ms', sans-serif;\">Neueste 36 V 350 W 12-Zoll-Federgabel Elektro-Rollstuhl-Traktor-Befestigung Handbike Handbike DIY-Umr\u00fcsts\u00e4tze und 36 V 8,8 AH Thunder-Typ-Lithium-Ionen-Akku mit 2 A-Ladeger\u00e4t<\/span><\/strong><\/p>\n<div id=\"ali-anchor-AliPostDhMb-104l7\" class=\"mceSectionContainer\" style=\"padding-top: 8px;\" data-section=\"AliPostDhMb-104l7\" data-section-title=\"Product Description\">\n<div id=\"ali-title-AliPostDhMb-104l7\" style=\"padding: 8px 0; border-bottom: 1px solid #ddd;\"><span style=\"background-color: #ddd; color: #333; font-weight: bold; padding: 8px 10px; line-height: 12px;\">Produktbeschreibung<\/span><\/div>\n<div style=\"padding: 10px 0;\">\n<p> <span style=\"font-family: Calibri, 'zapf dingbats'; font-size: 24px;\">Rahmenmaterial: Rahmen aus Aluminiumlegierung<\/span><br \/>\n<span style=\"font-family: Calibri, 'zapf dingbats'; font-size: 24px;\">Motor: 36V 350W im Radmotor<\/span><br \/>\n<span style=\"font-family: Calibri, 'zapf dingbats'; font-size: 24px;\">Batterie: 36 V 8,8 AH Donnertyp<\/span><br \/>\n<span style=\"font-family: Calibri, 'zapf dingbats'; font-size: 24px;\">Controller: Intelligenter Controller<\/span><br \/>\n<span style=\"font-family: Calibri, 'zapf dingbats'; font-size: 24px;\">Ladeger\u00e4t: AC 100 V-240 V, intelligentes Ladeger\u00e4t mit 2 Ampere<\/span><br \/>\n<span style=\"font-family: Calibri, 'zapf dingbats'; font-size: 24px;\">Reifen: KENDA 12\u00bd*1,75*2\u00bc<\/span><br \/>\n<span style=\"font-family: Calibri, 'zapf dingbats'; font-size: 24px;\">H\u00f6chstgeschwindigkeit: 15-18 km\/h<\/span><br \/>\n<span style=\"font-family: Calibri, 'zapf dingbats'; font-size: 24px;\">Bremse: Scheibenbremse, Handbremse<\/span><br \/>\n<span style=\"font-family: Calibri, 'zapf dingbats'; font-size: 24px;\">Licht: LED-Frontlicht mit Hupe<\/span><br \/>\n<span style=\"font-family: Calibri, 'zapf dingbats'; font-size: 24px;\">Anzeige: LCD005-Anzeige<\/span><br \/>\n<span style=\"font-family: Calibri, 'zapf dingbats'; font-size: 24px;\">Gashebel: Gashebel mit halber Drehung<\/span><\/p>\n<p><strong><span style=\"font-family: Calibri, 'zapf dingbats'; font-size: 24px; color: #ff0000;\">* Wenn Sie ein leistungsf\u00e4higeres Modell ben\u00f6tigen, k\u00f6nnen Sie sich an den Verk\u00e4ufer wenden, um dies zu \u00fcberpr\u00fcfen.<\/span><\/strong><\/p>\n<p><img decoding=\"async\" style=\"max-width: 750;\" src=\"https:\/\/anbanjia.com.cn\/wp-content\/uploads\/2022\/05\/H55a9ea2d4bbb488ea71287951712930aB.png\" data-alt=\"Hot sale! 36V 350W\/500W e-Wheelchair Tractor Electric wheelchair convention kit Attachment Handcycle kit\" data-src=\"\"><img decoding=\"async\" src=\"https:\/\/anbanjia.com.cn\/wp-content\/uploads\/2022\/05\/H5956f4c8da88410abc86277fcce5dd7e5.jpg\" data-alt=\"Hot sale! 36V 350W\/500W e-Wheelchair Tractor Electric wheelchair convention kit Attachment Handcycle kit\" data-src=\"\"><img decoding=\"async\" src=\"https:\/\/anbanjia.com.cn\/wp-content\/uploads\/2022\/05\/H137c3e7e8d794cf1961241c365b53514h.jpg\" data-alt=\"Hot sale! 36V 350W\/500W e-Wheelchair Tractor Electric wheelchair convention kit Attachment Handcycle kit\" data-src=\"\"><img decoding=\"async\" src=\"https:\/\/anbanjia.com.cn\/wp-content\/uploads\/2022\/05\/Hadef36fe57834319a1b8ae1aa8676788x.jpg\" data-alt=\"Hot sale! 36V 350W\/500W e-Wheelchair Tractor Electric wheelchair convention kit Attachment Handcycle kit\" data-src=\"\"><img decoding=\"async\" src=\"https:\/\/anbanjia.com.cn\/wp-content\/uploads\/2022\/05\/Hcf7e3252e89748269390d3804f9d43f4m.jpg\" data-alt=\"Hot sale! 36V 350W\/500W e-Wheelchair Tractor Electric wheelchair convention kit Attachment Handcycle kit\" data-src=\"\"><img decoding=\"async\" src=\"https:\/\/anbanjia.com.cn\/wp-content\/uploads\/2022\/05\/H1c8ffa30fb72430c948478864f2d6cd2o.jpg\" data-alt=\"Hot sale! 36V 350W\/500W e-Wheelchair Tractor Electric wheelchair convention kit Attachment Handcycle kit\" data-src=\"\"><img decoding=\"async\" src=\"https:\/\/anbanjia.com.cn\/wp-content\/uploads\/2022\/05\/H935c47a9b6bf49d89d2ef95e0c798afec.jpg\" data-alt=\"Hot sale! 36V 350W\/500W e-Wheelchair Tractor Electric wheelchair convention kit Attachment Handcycle kit\" data-src=\"\"><img decoding=\"async\" src=\"https:\/\/anbanjia.com.cn\/wp-content\/uploads\/2022\/05\/H940282dbd9b64882a995b30e97b83ce6S.jpg\" data-alt=\"Hot sale! 36V 350W\/500W e-Wheelchair Tractor Electric wheelchair convention kit Attachment Handcycle kit\" data-src=\"\"><img decoding=\"async\" src=\"https:\/\/anbanjia.com.cn\/wp-content\/uploads\/2022\/05\/Hc56dc219c016426f9007e7d7a80f7c6dz.jpg\" data-alt=\"Hot sale! 36V 350W\/500W e-Wheelchair Tractor Electric wheelchair convention kit Attachment Handcycle kit\" data-src=\"\"><img decoding=\"async\" src=\"https:\/\/anbanjia.com.cn\/wp-content\/uploads\/2022\/05\/H137c3e7e8d794cf1961241c365b53514h.jpg\" data-alt=\"Hot sale! 36V 350W\/500W e-Wheelchair Tractor Electric wheelchair convention kit Attachment Handcycle kit\" data-src=\"\"><img decoding=\"async\" src=\"https:\/\/anbanjia.com.cn\/wp-content\/uploads\/2022\/05\/Hadef36fe57834319a1b8ae1aa8676788x.jpg\" data-alt=\"Hot sale! 36V 350W\/500W e-Wheelchair Tractor Electric wheelchair convention kit Attachment Handcycle kit\" data-src=\"\"><\/p>\n<\/div>\n<\/div>\n<div id=\"ali-anchor-AliPostDhMb-kl2bh\" class=\"mceSectionContainer\" style=\"padding-top: 8px;\" data-section=\"AliPostDhMb-kl2bh\" data-section-title=\"Contact information\">\n<div id=\"ali-title-AliPostDhMb-kl2bh\" style=\"padding: 8px 0; border-bottom: 1px solid #ddd;\"><span style=\"background-color: #ddd; color: #333; font-weight: bold; padding: 8px 10px; line-height: 12px;\">Kontaktinformationen<\/span><\/div>\n<div style=\"padding: 10px 0;\">\n<p><img decoding=\"async\" src=\"https:\/\/anbanjia.com.cn\/wp-content\/uploads\/2022\/05\/H10fdde19478c4022952b6ef21b37e97bx.jpg\" data-alt=\"Hot sale! 36V 350W\/500W e-Wheelchair Tractor Electric wheelchair convention kit Attachment Handcycle kit\" data-src=\"\"><\/p>\n<\/div>\n<\/div>\n<div id=\"ali-anchor-AliPostDhMb-b1tjz\" class=\"mceSectionContainer\" style=\"padding-top: 8px;\" data-section=\"AliPostDhMb-b1tjz\" data-section-title=\"Shipping and payment\">\n<div id=\"ali-title-AliPostDhMb-b1tjz\" style=\"padding: 8px 0; border-bottom: 1px solid #ddd;\"><span style=\"background-color: #ddd; color: #333; font-weight: bold; padding: 8px 10px; line-height: 12px;\">Versand und Zahlung<\/span><\/div>\n<div style=\"padding: 10px 0;\">\n<p><img decoding=\"async\" src=\"https:\/\/anbanjia.com.cn\/wp-content\/uploads\/2022\/05\/HTB1dO4eSFXXXXX8XVXXq6xXFXXXe.jpg\" data-alt=\"Hot sale! 36V 350W\/500W e-Wheelchair Tractor Electric wheelchair convention kit Attachment Handcycle kit\" data-src=\"\"><\/p>\n<\/div>\n<\/div>\n<div id=\"ali-anchor-AliPostDhMb-yfenf\" class=\"mceSectionContainer\" style=\"padding-top: 8px;\" data-section=\"AliPostDhMb-yfenf\" data-section-title=\"certificate 444\">\n<div id=\"ali-title-AliPostDhMb-yfenf\" style=\"padding: 8px 0; border-bottom: 1px solid #ddd;\"><span style=\"background-color: #ddd; color: #333; font-weight: bold; padding: 8px 10px; line-height: 12px;\">Zertifikat 444<\/span><\/div>\n<div style=\"padding: 10px 0;\">\n<p><img decoding=\"async\" src=\"https:\/\/anbanjia.com.cn\/wp-content\/uploads\/2022\/05\/HTB1dCJESFXXXXa5XXXXq6xXFXXXO.jpg\" data-alt=\"Hot sale! 36V 350W\/500W e-Wheelchair Tractor Electric wheelchair convention kit Attachment Handcycle kit\" data-src=\"\"><\/p>\n<\/div>\n<\/div>\n<div id=\"ali-anchor-AliPostDhMb-wj35h\" class=\"mceSectionContainer\" style=\"padding-top: 8px;\" data-section=\"AliPostDhMb-wj35h\" data-section-title=\"Company Information\">\n<div id=\"ali-title-AliPostDhMb-wj35h\" style=\"padding: 8px 0; border-bottom: 1px solid #ddd;\"><span style=\"background-color: #ddd; color: #333; font-weight: bold; padding: 8px 10px; line-height: 12px;\">Firmeninformation<\/span><\/div>\n<div style=\"padding: 10px 0;\">\n<p><img decoding=\"async\" src=\"https:\/\/anbanjia.com.cn\/wp-content\/uploads\/2022\/05\/Ha43def8a2df44eac925e2c3ab5a1b97b2.jpg\" data-alt=\"Hot sale! 36V 350W\/500W e-Wheelchair Tractor Electric wheelchair convention kit Attachment Handcycle kit\" data-src=\"\"><\/p>\n<\/div>\n<\/div>\n<\/div>\n","protected":false},"excerpt":{"rendered":"<p>&nbsp;<\/p>\n<div style=\"width: auto;\">\n<div style=\"min-width: 300px; max-width: 300px; word-wrap: break-word; float: left;\">Eigenschaften: Zubeh\u00f6r f\u00fcr die Rehabilitationstherapie<\/div>\n<div style=\"min-width: 300px; max-width: 300px; word-wrap: break-word; float: left;\">Herkunftsort: China<\/div>\n<\/div>\n<div style=\"width: auto;\">\n<div style=\"min-width: 300px; max-width: 300px; word-wrap: break-word; float: left;\">Typ: Behindertenroller<\/div>\n<div style=\"min-width: 300px; max-width: 300px; word-wrap: break-word; float: left;\">Rahmenmaterial: Aluminiumlegierung<\/div>\n<\/div>\n<div style=\"width: auto;\">\n<div style=\"min-width: 300px; max-width: 300px; word-wrap: break-word; float: left;\">Motor: 36V 350W<\/div>\n<div style=\"min-width: 300px; max-width: 300px; word-wrap: break-word; float: left;\">H\u00f6chstgeschwindigkeit: 10 km\/h<\/div>\n<\/div>\n<div style=\"width: auto;\">\n<div style=\"min-width: 300px; max-width: 300px; word-wrap: break-word; float: left;\">Batterie: 36 V 8,8 Ah<\/div>\n<div style=\"min-width: 300px; max-width: 300px; word-wrap: break-word; float: left;\">Drossel: Drosselklappe mit halber Drehung<\/div>\n<\/div>\n<div style=\"width: auto;\">\n<div style=\"min-width: 300px; max-width: 300px; word-wrap: break-word; float: left;\">Verpackung: 70 x 38 x 23 cm, 20 kg<\/div>\n<div style=\"min-width: 300px; max-width: 300px; word-wrap: break-word; float: left;\">Bremse: Scheibenbremse<\/div>\n<\/div>\n<div style=\"width: auto;\">\n<div style=\"min-width: 300px; max-width: 300px; word-wrap: break-word; float: left;\">Funktion: Rollstuhlleistung<\/div>\n<div style=\"min-width: 300px; max-width: 300px; word-wrap: break-word; float: left;\">Anzeige: LCD005-Anzeige<\/div>\n<\/div>\n","protected":false},"featured_media":12780,"comment_status":"closed","ping_status":"closed","template":"","meta":[],"product_cat":[130],"product_tag":[],"class_list":["post-12999","product","type-product","status-publish","has-post-thumbnail","hentry","product_cat-elektrischer-rollstuhl"],"_links":{"self":[{"href":"https:\/\/anbanjia.com.cn\/de\/wp-json\/wp\/v2\/product\/12999","targetHints":{"allow":["GET"]}}],"collection":[{"href":"https:\/\/anbanjia.com.cn\/de\/wp-json\/wp\/v2\/product"}],"about":[{"href":"https:\/\/anbanjia.com.cn\/de\/wp-json\/wp\/v2\/types\/product"}],"replies":[{"embeddable":true,"href":"https:\/\/anbanjia.com.cn\/de\/wp-json\/wp\/v2\/comments?post=12999"}],"wp:featuredmedia":[{"embeddable":true,"href":"https:\/\/anbanjia.com.cn\/de\/wp-json\/wp\/v2\/media\/12780"}],"wp:attachment":[{"href":"https:\/\/anbanjia.com.cn\/de\/wp-json\/wp\/v2\/media?parent=12999"}],"wp:term":[{"taxonomy":"product_cat","embeddable":true,"href":"https:\/\/anbanjia.com.cn\/de\/wp-json\/wp\/v2\/product_cat?post=12999"},{"taxonomy":"product_tag","embeddable":true,"href":"https:\/\/anbanjia.com.cn\/de\/wp-json\/wp\/v2\/product_tag?post=12999"}],"curies":[{"name":"wp","href":"https:\/\/api.w.org\/{rel}","templated":true}]}}