{"id":12997,"date":"2022-05-02T18:03:09","date_gmt":"2022-05-02T18:03:09","guid":{"rendered":"https:\/\/www.anbanjia.com.cn\/product\/krankenhauspatient-ein-klick-faltbarer-tragbarer-elektrorollstuhl-fuer-aeltere-menschen-behinderte\/"},"modified":"2022-05-02T18:03:09","modified_gmt":"2022-05-02T18:03:09","slug":"krankenhauspatienten-mit-einem-klick-faltbarer-tragbarer-elektrorollstuhl-elektrischer-rollstuhl-fur-altere-menschen-mit-behinderung","status":"publish","type":"product","link":"https:\/\/anbanjia.com.cn\/de\/produkt\/krankenhauspatienten-mit-einem-klick-faltbarer-tragbarer-elektrorollstuhl-elektrischer-rollstuhl-fur-altere-menschen-mit-behinderung\/","title":{"rendered":"Krankenhauspatient Ein-Klick-faltbarer tragbarer Elektrorollstuhl f\u00fcr \u00e4ltere Menschen, Behinderte"},"content":{"rendered":"<div style=\"max-width: 750px;margin: 0 auto;\">\n<p><span style=\"font-size: 32px;\">Elektrorollstuhl-Fernbedienung Ein-Knopf-Automatikfaltung mit GPS-intelligentem Rollstuhl f\u00fcr \u00e4ltere Menschen mit Behinderungen<\/span><\/p>\n<p><span style=\"font-size: 32px;\"><img decoding=\"async\" data-alt=\"Hospital Patient One-click folding portable power wheel chair electric wheelchair for elderly people, disabled\" data-src=\"\" ori-height=\"800\" ori-width=\"800\" src=\"https:\/\/anbanjia.com.cn\/wp-content\/uploads\/2022\/05\/Haf46a5cd29ac46f09efb160d03e2b6b0H.jpg\" style=\"max-width: 750;\"><img decoding=\"async\" data-alt=\"Hospital Patient One-click folding portable power wheel chair electric wheelchair for elderly people, disabled\" data-src=\"\" ori-height=\"515\" ori-width=\"790\" src=\"https:\/\/anbanjia.com.cn\/wp-content\/uploads\/2022\/05\/Hda9f043c6eb44ed6a7269a7c68566afbP.jpg\"><img decoding=\"async\" data-alt=\"Hospital Patient One-click folding portable power wheel chair electric wheelchair for elderly people, disabled\" data-src=\"\" ori-height=\"800\" ori-width=\"800\" src=\"https:\/\/anbanjia.com.cn\/wp-content\/uploads\/2022\/05\/Haf884c4af2e144e89414b11a63a3ca5dN.jpg\"><img decoding=\"async\" data-alt=\"Hospital Patient One-click folding portable power wheel chair electric wheelchair for elderly people, disabled\" data-src=\"\" ori-height=\"561\" ori-width=\"548\" src=\"https:\/\/anbanjia.com.cn\/wp-content\/uploads\/2022\/05\/H8930eb0c51714351bb0fc847c99b863bB.png\"><img decoding=\"async\" data-alt=\"Hospital Patient One-click folding portable power wheel chair electric wheelchair for elderly people, disabled\" data-src=\"\" ori-height=\"800\" ori-width=\"800\" src=\"https:\/\/anbanjia.com.cn\/wp-content\/uploads\/2022\/05\/Hde2b7c3245b1423ca3acaacbd4de7bd0b.jpg\"><\/span><\/p>\n<p><span style=\"font-size: 32px;\"><span style=\"background-color: #ffff00;\">Das Problem, das wir lieben:<\/span><br \/><span style=\"font-size: 24px;\">1. Wie sieht es mit der Garantie aus?<\/span><br \/><span style=\"font-size: 24px;\">Der Motor, der Joystick und die Steuerung sowie andere Teile sind alle ein Jahr haltbar, h\u00e4ngen von nicht k\u00fcnstlichen Faktoren ab, und bitte nehmen Sie das Video \u00fcber die Ware und den Code auf dem Rollstuhlrahmen, wir k\u00f6nnen einige Kompensationen vornehmen. <\/span><br \/><span style=\"font-size: 24px;\">2. Der beste Preis, den Sie geben k\u00f6nnen?<\/span><br \/><span style=\"font-size: 24px;\">Wir sind ein Gro\u00dfhandel und der Preis h\u00e4ngt von Ihren Bestellmengen ab.<\/span><br \/><span style=\"font-size: 24px;\">3.Wie liefern?<\/span><br \/><span style=\"font-size: 24px;\">Per Express, DHL, TNT, UPS, FEDEX, SEA, auf Ihren eigenen Weg, den Sie w\u00e4hlen.<\/span><\/span><\/p>\n<p><span style=\"font-size: 32px;\"><br \/><span style=\"background-color: #ffff00;\">2. \u00dcber den Versand<\/span> <br \/><span style=\"font-size: 24px;\">1. Bestellungen werden zeitnah nach der Zahlungs\u00fcberpr\u00fcfung bearbeitet.<\/span><br \/><span style=\"font-size: 24px;\">2. Wir versenden nur an best\u00e4tigte Bestelladressen. Ihre Bestelladresse MUSS mit Ihrer Lieferadresse \u00fcbereinstimmen.<\/span><br \/><span style=\"font-size: 24px;\">3. Die gezeigten Bilder sind nicht der eigentliche Artikel und dienen nur als Referenz.<\/span><br \/><span style=\"font-size: 24px;\">4. Wenn Sie Ihre Sendung nicht innerhalb von 30 Tagen nach Zahlung erhalten haben, kontaktieren Sie uns bitte. Wir werden die Sendung verfolgen und uns so schnell wie m\u00f6glich mit einer Antwort bei Ihnen melden. Unser Ziel ist die Kundenzufriedenheit!<\/span><\/p>\n<p><span style=\"background-color: #ffff00;\">4. R\u00fcckgabe &amp; R\u00fcckerstattung<\/span> <br \/><span style=\"font-size: 24px;\">1. Bitte kontaktieren Sie uns, wenn Sie Ihr Paket nicht l\u00e4nger als 30 Werktage erhalten, ausgenommen Wochenenden und Feiertage. Wir werden die Sendung verfolgen und uns so schnell wie m\u00f6glich mit einer Antwort bei Ihnen melden. Unser Ziel ist die Kundenzufriedenheit!<\/span><br \/><span style=\"font-size: 24px;\">  2. SERVICE TRANSIT TIME wird vom Spediteur bereitgestellt und schlie\u00dft Wochenenden und Feiertage aus. Laufzeiten k\u00f6nnen variieren, insbesondere w\u00e4hrend der Ferienzeit<\/span><\/span><\/p>\n<p><span style=\"font-size: 32px;\"><br \/><span style=\"background-color: #ffff00;\">5.\u00dcber Garantie<\/span> <br \/><span style=\"font-size: 24px;\">1. Produkt kommt mit einer 3-Monats-Garantie.<\/span><br \/><span style=\"font-size: 24px;\">2. Defekte Artikel M\u00dcSSEN innerhalb der Garantiezeit (und wenn m\u00f6glich in der Originalverpackung) gemeldet und zur\u00fcckgesendet werden. Sie m\u00fcssen uns den Mangel mitteilen und uns Ihre Bestellnummer mitteilen. WIR REPARIEREN ODER ERSETZEN KEINE ARTIKEL MIT ABGELAUFENER GARANTIE.<\/span><\/p>\n<p><span style=\"background-color: #ffff00;\">6. \u00dcber Feedback<\/span> <br \/><span style=\"font-size: 24px;\">Wir pflegen hohe Qualit\u00e4tsstandards und streben nach 100% Kundenzufriedenheit! Feedback ist sehr wichtig. Wir bitten Sie aufrichtig, uns umgehend zu kontaktieren, BEVOR Sie uns neutrales oder negatives Feedback geben, damit wir Ihre zufriedenstellend ansprechen k\u00f6nnen<\/span><br \/><span style=\"font-size: 24px;\">Anliegen.<\/span><\/span><\/p>\n<\/div>\n","protected":false},"excerpt":{"rendered":"<div style=\"width:auto\">\n<div style=\"min-width: 300px;max-width: 300px;word-wrap: break-word;float: left\">Eigenschaften: Zubeh\u00f6r f\u00fcr die Rehabilitationstherapie <\/div>\n<div style=\"min-width: 300px;max-width: 300px;word-wrap: break-word;float: left\">Herkunftsort: Guangdong, China<\/div>\n<\/p><\/div>\n<div style=\"width:auto\">\n<div style=\"min-width: 300px;max-width: 300px;word-wrap: break-word;float: left\">Markenname: Anbanjia <\/div>\n<div style=\"min-width: 300px;max-width: 300px;word-wrap: break-word;float: left\">Modellnummer: SW6000<\/div>\n<\/p><\/div>\n<div style=\"width:auto\">\n<div style=\"min-width: 300px;max-width: 300px;word-wrap: break-word;float: left\">Typ: Zuckerrohr <\/div>\n<div style=\"min-width: 300px;max-width: 300px;word-wrap: break-word;float: left\">Material: Aluminiumlegierung<\/div>\n<\/p><\/div>\n<div style=\"width:auto\">\n<div style=\"min-width: 300px;max-width: 300px;word-wrap: break-word;float: left\">Produktgr\u00f6\u00dfe: 108 x 61 x 98 cm <\/div>\n<div style=\"min-width: 300px;max-width: 300px;word-wrap: break-word;float: left\">Gewichtskapazit\u00e4t: 120 kg<\/div>\n<\/p><\/div>\n<div style=\"width:auto\">\n<div style=\"min-width: 300px;max-width: 300px;word-wrap: break-word;float: left\">Reisestrecke: ca. 25 km <\/div>\n<div style=\"min-width: 300px;max-width: 300px;word-wrap: break-word;float: left\">Motor: 200 W x 2 B\u00fcrstenmotor<\/div>\n<\/p><\/div>\n<div style=\"width:auto\">\n<div style=\"min-width: 300px;max-width: 300px;word-wrap: break-word;float: left\">Batterie: 22 Ah Li-Ionen-Batterie <\/div>\n<div style=\"min-width: 300px;max-width: 300px;word-wrap: break-word;float: left\">Ladezeit: 4-6 Stunden<\/div>\n<\/p><\/div>\n<div style=\"width:auto\">\n<div style=\"min-width: 300px;max-width: 300px;word-wrap: break-word;float: left\">Controller: Intelligentes Bluetooth gesteuert <\/div>\n<div style=\"min-width: 300px;max-width: 300px;word-wrap: break-word;float: left\">Nettogewicht: 28 kg<\/div>\n<\/p><\/div>\n<div>Kundenspezifische Verpackung (Mindestbestellmenge: 200 St\u00fcck)<\/div>\n<div>Kundenspezifisches Logo (Mindestbestellmenge: 200 St\u00fcck)<\/div>\n","protected":false},"featured_media":7308,"comment_status":"closed","ping_status":"closed","template":"","meta":[],"product_cat":[130],"product_tag":[],"class_list":["post-12997","product","type-product","status-publish","has-post-thumbnail","hentry","product_cat-elektrischer-rollstuhl"],"_links":{"self":[{"href":"https:\/\/anbanjia.com.cn\/de\/wp-json\/wp\/v2\/product\/12997","targetHints":{"allow":["GET"]}}],"collection":[{"href":"https:\/\/anbanjia.com.cn\/de\/wp-json\/wp\/v2\/product"}],"about":[{"href":"https:\/\/anbanjia.com.cn\/de\/wp-json\/wp\/v2\/types\/product"}],"replies":[{"embeddable":true,"href":"https:\/\/anbanjia.com.cn\/de\/wp-json\/wp\/v2\/comments?post=12997"}],"wp:featuredmedia":[{"embeddable":true,"href":"https:\/\/anbanjia.com.cn\/de\/wp-json\/wp\/v2\/media\/7308"}],"wp:attachment":[{"href":"https:\/\/anbanjia.com.cn\/de\/wp-json\/wp\/v2\/media?parent=12997"}],"wp:term":[{"taxonomy":"product_cat","embeddable":true,"href":"https:\/\/anbanjia.com.cn\/de\/wp-json\/wp\/v2\/product_cat?post=12997"},{"taxonomy":"product_tag","embeddable":true,"href":"https:\/\/anbanjia.com.cn\/de\/wp-json\/wp\/v2\/product_tag?post=12997"}],"curies":[{"name":"wp","href":"https:\/\/api.w.org\/{rel}","templated":true}]}}