{"id":12983,"date":"2022-05-02T18:03:03","date_gmt":"2022-05-02T18:03:03","guid":{"rendered":"https:\/\/www.anbanjia.com.cn\/product\/einzelne-lose-atemvakuumpumpe-und-saugnapf-saugpumpe-12-schroepfbecher-maschinensatz-fuer-hijama\/"},"modified":"2022-05-02T18:03:03","modified_gmt":"2022-05-02T18:03:03","slug":"single-loose-atem-vakuumpumpe-und-saugnapf-saugpumpe-12-schropfbecher-maschine-set-fur-hijama","status":"publish","type":"product","link":"https:\/\/anbanjia.com.cn\/de\/produkt\/single-loose-atem-vakuumpumpe-und-saugnapf-saugpumpe-12-schropfbecher-maschine-set-fur-hijama\/","title":{"rendered":"Einzelne lose Atemvakuumpumpe und Saugnapf-Saugpumpe 12 Schr\u00f6pfbecher-Maschinensatz f\u00fcr Hijama"},"content":{"rendered":"<div style=\"max-width: 750px; margin: 0 auto;\">\n<div id=\"ali-anchor-AliPostDhMb-dhy2x\" style=\"padding-top: 8px;\" data-section=\"AliPostDhMb-dhy2x\" data-section-title=\"Product Details\">\n<div id=\"ali-title-AliPostDhMb-dhy2x\" style=\"padding: 8px 0; border-bottom: 1px solid #ddd;\"><span style=\"background-color: #ddd; color: #333; font-weight: bold; padding: 8px 10px; line-height: 12px;\">Produktdetails<\/span><\/div>\n<div style=\"padding: 10px 0;\">\n<p><img decoding=\"async\" style=\"max-width: 750;\" src=\"https:\/\/anbanjia.com.cn\/wp-content\/uploads\/2022\/05\/HTB1pKcVSpXXXXa8XXXXq6xXFXXXs-2.jpg\" data-alt=\"Single loose breath vacuum pump and suction cup suction pump 12 cupping cup machine set for hijama\" data-src=\"\"><\/p>\n<h3 style=\"margin: 0px; padding: 0px; border: 0px; font-style: normal; font-weight: bold; font-size: 1.17em; line-height: 20px; font-family: Arial,Helvetica; vertical-align: baseline; color: #333333; background-color: #ffffff;\"><span style=\"color: #0000ff;\"><strong><span style=\"font-size: 32px;\">Vakuumtherapiebecher aus Kunststoff:<\/span><\/strong><\/span><\/h3>\n<p><span style=\"color: #008000; font-size: 24px;\"><span style=\"font-family: Arial, Helvetica; font-style: normal; float: none; display: inline !important;\">1. Verschiedene Gr\u00f6\u00dfen und Formen f\u00fcr spezielle K\u00f6rperteile;<\/span><br \/>\n<span style=\"font-family: Arial, Helvetica; font-style: normal; float: none; display: inline !important;\">2.transparent, um nach innen zu sehen.<\/span><br \/>\n<span style=\"font-family: Arial, Helvetica; font-style: normal; float: none; display: inline !important;\">3. verschiedene Pakete f\u00fcr verschiedene Sets. Wenden Sie sich f\u00fcr weitere Informationen bitte an unseren Vertrieb.<\/span><\/span><\/p>\n<p><span style=\"color: #008000; font-size: 24px;\"><span style=\"font-family: Arial, Helvetica; font-style: normal; float: none; display: inline !important;\">4. im Krankenhaus und in der Familie verf\u00fcgbar;<\/span><\/span><\/p>\n<p><span style=\"color: #0000ff; font-size: 32px;\"><span style=\"font-family: Arial, Helvetica; font-style: normal; float: none; display: inline !important;\"><strong>Sechs K\u00f6rbchengr\u00f6\u00dfen sind f\u00fcr verschiedene Stellen am K\u00f6rper:<\/strong><\/span><\/span><\/p>\n<p><span style=\"color: #008000; font-size: 24px;\"><span style=\"font-family: Arial, Helvetica; font-style: normal; float: none; display: inline !important;\"><strong><span style=\"font-family: Arial, Helvetica; font-style: normal; font-weight: normal; float: none; display: inline !important;\">1.Kleine Gr\u00f6\u00dfe f\u00fcr Gesicht oder die Punkte mit weniger Muskeln:<\/span><br \/>\n<span style=\"font-family: Arial, Helvetica; font-style: normal; font-weight: normal; float: none; display: inline !important;\">2. F\u00fc\u00dfe, H\u00e4nde, Unterarme. Mittlere Gr\u00f6\u00dfe f\u00fcr Oberarme und Unterschenkel<\/span><br \/>\n<span style=\"font-family: Arial, Helvetica; font-style: normal; font-weight: normal; float: none; display: inline !important;\">3.Gro\u00dfe und X-gro\u00dfe Gr\u00f6\u00dfe f\u00fcr Oberschenkel, R\u00fccken oder Bauch.<\/span><\/strong><\/span><\/span><\/p>\n<\/div>\n<\/div>\n<div id=\"ali-anchor-AliPostDhMb-rf7gy\" style=\"padding-top: 8px;\" data-section=\"AliPostDhMb-rf7gy\" data-section-title=\"Product Description\">\n<div id=\"ali-title-AliPostDhMb-rf7gy\" style=\"padding: 8px 0; border-bottom: 1px solid #ddd;\"><span style=\"background-color: #ddd; color: #333; font-weight: bold; padding: 8px 10px; line-height: 12px;\">Produktbeschreibung<\/span><\/div>\n<div style=\"padding: 10px 0;\"><img decoding=\"async\" src=\"https:\/\/anbanjia.com.cn\/wp-content\/uploads\/2022\/05\/HTB1M48HXZnrK1RkHFrdq6xCoFXaI.jpg\" data-alt=\"Single loose breath vacuum pump and suction cup suction pump 12 cupping cup machine set for hijama\" data-src=\"\"><img decoding=\"async\" src=\"https:\/\/anbanjia.com.cn\/wp-content\/uploads\/2022\/05\/HTB1WUhHX2vsK1RjSspdq6AZepXaE.jpg\" data-alt=\"Single loose breath vacuum pump and suction cup suction pump 12 cupping cup machine set for hijama\" data-src=\"\"><\/div>\n<div style=\"padding: 10px 0;\">\n<p style=\"margin: 0px; padding: 0px; border: 0px; font-style: normal; font-weight: normal; font-size: 14px; line-height: inherit; font-family: Arial,Helvetica; vertical-align: baseline; word-wrap: break-word; color: #333333; background-color: #ffffff;\"><span style=\"color: #0000ff; font-family: Verdana, Geneva; font-size: 32px;\"><strong>Merkmale:<\/strong><\/span><br \/>\n<span style=\"font-size: 24px; color: #008000;\">1 Mit sieben verschiedenen K\u00f6rbchengr\u00f6\u00dfen k\u00f6nnen Sie jeden K\u00f6rperteil behandeln.<br \/>\n2 Das Vakuum-Saugschr\u00f6pfen ist einfach und bequem zu verwenden, ohne dass ein Feuer erforderlich ist, wodurch die Gefahr von Hautverbrennungen ausgeschlossen wird.<br \/>\n3 Cups sind mit glatten, gebogenen Kanten f\u00fcr erh\u00f6hten Komfort und Hautkontakt f\u00fcr einen luftdichten Verschluss konzipiert.<br \/>\n4 Strapazierf\u00e4hige transparente Kunststoffbecher erm\u00f6glichen eine einfache Betrachtung des Behandlungsbereichs sowie die Anzeige von Unterdruck und Hautr\u00f6tungen.<br \/>\n5 Einfach zu bedienende Druckventile erm\u00f6glichen ein m\u00fcheloses Ablassen des Drucks zum Entfernen des Bechers (einschlie\u00dflich Ersatzventile).<br \/>\n6 enthaltene biomagnetische Punkte erh\u00f6hen die Wirksamkeit der Behandlung. <\/span><\/p>\n<p style=\"margin: 0px; padding: 0px; border: 0px; font-style: normal; font-weight: normal; font-size: 14px; line-height: inherit; font-family: Arial,Helvetica; vertical-align: baseline; word-wrap: break-word; color: #333333; background-color: #ffffff;\"><span style=\"font-size: medium;\"> <\/span><\/p>\n<p style=\"margin: 0px; padding: 0px; border: 0px; font-style: normal; font-weight: normal; font-size: 14px; line-height: inherit; font-family: Arial,Helvetica; vertical-align: baseline; word-wrap: break-word; color: #333333; background-color: #ffffff;\"><span style=\"color: #0000ff; font-size: 32px;\">Wir haben verschiedene Arten von Kangzhu Cupping Cups, wenn Sie brauchen, kontaktieren Sie mich bitte f\u00fcr weitere Informationen.<\/span><\/p>\n<p style=\"margin: 0px; padding: 0px; border: 0px; font-style: normal; font-weight: normal; font-size: 14px; line-height: inherit; font-family: Arial,Helvetica; vertical-align: baseline; word-wrap: break-word; color: #333333; background-color: #ffffff;\"><img decoding=\"async\" src=\"https:\/\/anbanjia.com.cn\/wp-content\/uploads\/2022\/05\/HTB1Ljw1VQPoK1RjSZKb7601IXXag.png\" data-alt=\"Single loose breath vacuum pump and suction cup suction pump 12 cupping cup machine set for hijama\" data-src=\"\"><br \/>\n<span style=\"font-size: 24px; color: #008000;\">Andere :<\/span><br \/>\n<span style=\"font-size: 24px; color: #008000;\">Saugpumpe 1<\/span><br \/>\n<span style=\"font-size: 24px; color: #008000;\">Pumpenanschlussschlauch 1<\/span><br \/>\n<span style=\"font-size: 24px; color: #008000;\">Schr\u00f6pfen Handbuch (Englisch und Chinesisch) &amp; Informations-CD (nur Chinesisch)<\/span><\/p>\n<\/div>\n<div style=\"padding: 10px 0;\"><img decoding=\"async\" src=\"https:\/\/anbanjia.com.cn\/wp-content\/uploads\/2022\/05\/HTB1F0YMXTzGK1JjSspbq6zHpFXaP.jpg\" data-src=\"\"><\/div>\n<div style=\"padding: 10px 0;\"><\/div>\n<div style=\"padding: 10px 0;\"><\/div>\n<div style=\"padding: 10px 0;\"><\/div>\n<div style=\"padding: 10px 0;\"><span style=\"font-size: 32px; color: #0000ff;\"><strong>Sehen Sie, was die Tassen tun: sicher &amp; kontrollierbar<\/strong><\/span><\/div>\n<div style=\"padding: 10px 0;\"><span style=\"font-size: 24px; color: #008000;\"><strong><span style=\"font-family: 'Times New Roman', Times; font-style: normal; font-weight: normal; float: none; display: inline !important;\">Die Transparenz der Schr\u00f6pfchen l\u00e4sst Sie die Hautr\u00f6tung mit zunehmender Schr\u00f6pfzeit deutlich erkennen, so dass Sie das Schr\u00f6pfen hinsichtlich Wirkung und optimaler Schr\u00f6pfzeit vollst\u00e4ndig kontrollieren k\u00f6nnen. Ohne die Verwendung von Feuer besteht keine Gefahr der Hautverbrennung; und der Unterdruck in der Tasse kann an den Zustand jedes Patienten angepasst werden, da Sie ihn mit der Hand mit der Druckpistole steuern.<\/span><\/strong><\/span><\/div>\n<div style=\"padding: 10px 0;\"><strong><span style=\"font-size: 32px; color: #0000ff;\"><span style=\"font-family: 'Times New Roman', Times; font-style: normal; float: none; display: inline !important;\">Achtung Hinweis:<\/span><\/span><\/strong><\/div>\n<div style=\"padding: 10px 0;\"><span style=\"color: #008000; font-size: 24px;\"><strong><span style=\"font-family: 'Times New Roman', Times; font-style: normal; float: none; display: inline !important;\"><span style=\"font-family: 'Times New Roman', Times; font-style: normal; font-weight: normal; float: none; display: inline !important;\">1. Bitte w\u00e4hlen Sie geeignete Gesundheitsteile aus, die Bauchmuskeln, glatte Haut und kein Fell haben. Aber wenn Sie wirklich an rauen Stellen mit Fell arbeiten m\u00f6chten, sollten Sie die gute Donuts-Matte besser unter die \u00d6ffnung legen, falls Luft austritt. Au\u00dferdem, wenn die Haut trocken ist, zuerst die Haut nass machen und dann schr\u00f6pfen.<\/span><br \/>\n<span style=\"font-family: 'Times New Roman', Times; font-style: normal; font-weight: normal; float: none; display: inline !important;\">  2. Beim ersten Schr\u00f6pfen w\u00e4hlen Sie bitte das kleine Schr\u00f6pfen und Lichtstimulation<\/span><br \/>\n<span style=\"font-family: 'Times New Roman', Times; font-style: normal; font-weight: normal; float: none; display: inline !important;\">  3. Ver\u00e4ndern Sie die Position nicht, wenn Sie das Schr\u00f6pfen verwenden, und sollten Sie zwischen dem Schr\u00f6pfen Abstand halten <\/span><br \/>\n<span style=\"font-family: 'Times New Roman', Times; font-style: normal; font-weight: normal; float: none; display: inline !important;\">  4. Der Patient, der hohes Fieber, Koma und akute Kr\u00e4mpfe hat, sollte zuerst eine klare Diagnose stellen, falls sich die Rettungszeit verz\u00f6gert<\/span><br \/>\n<span style=\"font-family: 'Times New Roman', Times; font-style: normal; font-weight: normal; float: none; display: inline !important;\">5. Wenn ein Teil der Gesundheit rot ist und juckt, kratzen Sie nicht wild, es wird nach einigen Tagen gut sein<\/span><\/span><\/strong><\/span><\/div>\n<div style=\"padding: 10px 0;\">\n<h3 style=\"margin: 0px; padding: 0px; border: 0px; font-style: normal; font-weight: bold; font-size: 1.17em; line-height: 20px; font-family: Arial,Helvetica; vertical-align: baseline; color: #333333; background-color: #ffffff; text-align: center;\"><span style=\"color: #0000ff; font-size: 32px;\">Ihre Gesundheit liegt uns am Herzen<\/span><span style=\"color: #0000ff; font-size: 32px;\"> <\/span><\/h3>\n<\/div>\n<div style=\"padding: 10px 0;\"><img decoding=\"async\" src=\"https:\/\/s.alicdn.com\/@sc02\/kf\/HTB1RiCFXxTxLuJjy1Xcq6z.gXXal\/230438700\/HTB1RiCFXxTxLuJjy1Xcq6z.gXXal.jpg?quality=close\" alt=\"Chinese vacuum cupping pump \/ suction pump\/ grip hand pump for cupping\"><a href=\"https:\/\/abj-medical.en.alibaba.com\/productgrouplist-804976426\/Chinese_traditional_therapy.html?spm=a2700.8304367.topnav.6.73152c54tEAdqB\" target=\"_blank\" rel=\"noopener\"><img decoding=\"async\" src=\"https:\/\/anbanjia.com.cn\/wp-content\/uploads\/2022\/05\/HTB1tIa1aXHFK1JjSZFzq6z23XXaa.jpg\" data-alt=\"Single loose breath vacuum pump and suction cup suction pump 12 cupping cup machine set for hijama\" data-src=\"\"><\/a><img decoding=\"async\" src=\"https:\/\/anbanjia.com.cn\/wp-content\/uploads\/2022\/05\/HTB1RDS2agYDK1JjSZPcq6yjZpXaK.jpg\" data-alt=\"Single loose breath vacuum pump and suction cup suction pump 12 cupping cup machine set for hijama\" data-src=\"\"><\/div>\n<div style=\"padding: 10px 0;\"><\/div>\n<\/div>\n<div id=\"ali-anchor-AliPostDhMb-9e69y\" style=\"padding-top: 8px;\" data-section=\"AliPostDhMb-9e69y\" data-section-title=\"company information\">\n<div id=\"ali-title-AliPostDhMb-9e69y\" style=\"padding: 8px 0; border-bottom: 1px solid #ddd;\"><span style=\"background-color: #ddd; color: #333; font-weight: bold; padding: 8px 10px; line-height: 12px;\">Firmeninformation<\/span><\/div>\n<div style=\"padding: 10px 0;\">\n<p><img decoding=\"async\" src=\"https:\/\/anbanjia.com.cn\/wp-content\/uploads\/2022\/05\/HTB1MME3SpXXXXbJaXXXq6xXFXXXA-1.jpg\" data-alt=\"Single loose breath vacuum pump and suction cup suction pump 12 cupping cup machine set for hijama\" data-src=\"\"><\/p>\n<\/div>\n<\/div>\n<div id=\"ali-anchor-AliPostDhMb-nu2p6\" style=\"padding-top: 8px;\" data-section=\"AliPostDhMb-nu2p6\" data-section-title=\"certificate\">\n<div id=\"ali-title-AliPostDhMb-nu2p6\" style=\"padding: 8px 0; border-bottom: 1px solid #ddd;\"><span style=\"background-color: #ddd; color: #333; font-weight: bold; padding: 8px 10px; line-height: 12px;\">Zertifikat<\/span><\/div>\n<div style=\"padding: 10px 0;\">\n<p><img decoding=\"async\" src=\"https:\/\/anbanjia.com.cn\/wp-content\/uploads\/2022\/05\/HTB1Z1olSpXXXXctXXXXq6xXFXXXu-1.jpg\" data-alt=\"Single loose breath vacuum pump and suction cup suction pump 12 cupping cup machine set for hijama\" data-src=\"\"><\/p>\n<\/div>\n<\/div>\n<div id=\"ali-anchor-AliPostDhMb-y32p6\" style=\"padding-top: 8px;\" data-section=\"AliPostDhMb-y32p6\" data-section-title=\"produce &amp; payment\">\n<div id=\"ali-title-AliPostDhMb-y32p6\" style=\"padding: 8px 0; border-bottom: 1px solid #ddd;\"><span style=\"background-color: #ddd; color: #333; font-weight: bold; padding: 8px 10px; line-height: 12px;\">produzieren &amp; bezahlen<\/span><\/div>\n<div style=\"padding: 10px 0;\">\n<p><img decoding=\"async\" src=\"https:\/\/anbanjia.com.cn\/wp-content\/uploads\/2022\/05\/HTB1LlvUSpXXXXbJXVXXq6xXFXXXf-1.jpg\" data-alt=\"Single loose breath vacuum pump and suction cup suction pump 12 cupping cup machine set for hijama\" data-src=\"\"><img decoding=\"async\" src=\"https:\/\/anbanjia.com.cn\/wp-content\/uploads\/2022\/05\/HTB1R1haSFXXXXXNXVXXq6xXFXXXz-1.jpg\" data-alt=\"Single loose breath vacuum pump and suction cup suction pump 12 cupping cup machine set for hijama\" data-src=\"\"><\/p>\n<\/div>\n<\/div>\n<div id=\"ali-anchor-AliPostDhMb-9qw0b\" style=\"padding-top: 8px;\" data-section=\"AliPostDhMb-9qw0b\" data-section-title=\"contact us\">\n<div id=\"ali-title-AliPostDhMb-9qw0b\" style=\"padding: 8px 0; border-bottom: 1px solid #ddd;\"><span style=\"background-color: #ddd; color: #333; font-weight: bold; padding: 8px 10px; line-height: 12px;\">kontaktiere uns<\/span><\/div>\n<div style=\"padding: 10px 0;\">\n<p><a href=\"https:\/\/abj-medical.en.alibaba.com\/contactinfo.html?spm=a2700.8304367.topnav.8.5d239224wxD2sy\" target=\"_blank\" rel=\"noopener\"><img decoding=\"async\" src=\"https:\/\/anbanjia.com.cn\/wp-content\/uploads\/2022\/05\/HTB1XU1rouySBuNjy1zd760PxFXaK-2.png\" data-alt=\"Single loose breath vacuum pump and suction cup suction pump 12 cupping cup machine set for hijama\" data-src=\"\"><\/a><\/p>\n<\/div>\n<\/div>\n<div id=\"ali-anchor-AliPostDhMb-9u8lh\" style=\"padding-top: 8px;\" data-section=\"AliPostDhMb-9u8lh\" data-section-title=\"Home\">\n<div style=\"padding: 10px 0;\">\n<p>&nbsp;<\/p>\n<\/div>\n<\/div>\n<\/div>\n","protected":false},"excerpt":{"rendered":"<p>&nbsp;<\/p>\n<div style=\"width: auto;\">\n<div style=\"min-width: 300px; max-width: 300px; word-wrap: break-word; float: left;\">Eigenschaften: Zubeh\u00f6r f\u00fcr die Rehabilitationstherapie<\/div>\n<div style=\"min-width: 300px; max-width: 300px; word-wrap: break-word; float: left;\">Herkunftsort: Guangdong, China<\/div>\n<\/div>\n<div style=\"width: auto;\">\n<div style=\"min-width: 300px; max-width: 300px; word-wrap: break-word; float: left;\">Markenname: Anbanjia\/OEM<\/div>\n<div style=\"min-width: 300px; max-width: 300px; word-wrap: break-word; float: left;\">Modellnummer: ABJ-B-12<\/div>\n<\/div>\n<div style=\"width: auto;\">\n<div style=\"min-width: 300px; max-width: 300px; word-wrap: break-word; float: left;\">Typ: Badezimmer-Sicherheitsausr\u00fcstung<\/div>\n<div style=\"min-width: 300px; max-width: 300px; word-wrap: break-word; float: left;\">Typen: Schr\u00f6pfbecher<\/div>\n<\/div>\n<div style=\"width: auto;\">\n<div style=\"min-width: 300px; max-width: 300px; word-wrap: break-word; float: left;\">Gr\u00f6\u00dfe: mit verschiedenen Gr\u00f6\u00dfen<\/div>\n<div style=\"min-width: 300px; max-width: 300px; word-wrap: break-word; float: left;\">Verpackung: 6\/12\/24 Tassen<\/div>\n<\/div>\n<div style=\"width: auto;\">\n<div style=\"min-width: 300px; max-width: 300px; word-wrap: break-word; float: left;\">Funktion: K\u00f6rper verbessern<\/div>\n<div style=\"min-width: 300px; max-width: 300px; word-wrap: break-word; float: left;\">Material: Kunststoff<\/div>\n<\/div>\n","protected":false},"featured_media":12578,"comment_status":"closed","ping_status":"closed","template":"","meta":[],"product_cat":[133],"product_tag":[],"class_list":["post-12983","product","type-product","status-publish","has-post-thumbnail","hentry","product_cat-schropfbecher"],"_links":{"self":[{"href":"https:\/\/anbanjia.com.cn\/de\/wp-json\/wp\/v2\/product\/12983","targetHints":{"allow":["GET"]}}],"collection":[{"href":"https:\/\/anbanjia.com.cn\/de\/wp-json\/wp\/v2\/product"}],"about":[{"href":"https:\/\/anbanjia.com.cn\/de\/wp-json\/wp\/v2\/types\/product"}],"replies":[{"embeddable":true,"href":"https:\/\/anbanjia.com.cn\/de\/wp-json\/wp\/v2\/comments?post=12983"}],"wp:featuredmedia":[{"embeddable":true,"href":"https:\/\/anbanjia.com.cn\/de\/wp-json\/wp\/v2\/media\/12578"}],"wp:attachment":[{"href":"https:\/\/anbanjia.com.cn\/de\/wp-json\/wp\/v2\/media?parent=12983"}],"wp:term":[{"taxonomy":"product_cat","embeddable":true,"href":"https:\/\/anbanjia.com.cn\/de\/wp-json\/wp\/v2\/product_cat?post=12983"},{"taxonomy":"product_tag","embeddable":true,"href":"https:\/\/anbanjia.com.cn\/de\/wp-json\/wp\/v2\/product_tag?post=12983"}],"curies":[{"name":"wp","href":"https:\/\/api.w.org\/{rel}","templated":true}]}}