{"id":12982,"date":"2022-05-02T18:03:07","date_gmt":"2022-05-02T18:03:07","guid":{"rendered":"https:\/\/www.anbanjia.com.cn\/product\/leichter-elektrorollstuhl-mit-zusammenklappbarem-ladegeraet-fuer-behinderte\/"},"modified":"2022-05-02T18:03:07","modified_gmt":"2022-05-02T18:03:07","slug":"leichter-power-klappladegerat-elektrorollstuhl-fur-behinderte","status":"publish","type":"product","link":"https:\/\/anbanjia.com.cn\/de\/produkt\/leichter-power-klappladegerat-elektrorollstuhl-fur-behinderte\/","title":{"rendered":"Leichter Elektrorollstuhl mit zusammenklappbarem Ladeger\u00e4t f\u00fcr Behinderte"},"content":{"rendered":"<div style=\"max-width: 750px; margin: 0 auto;\">\n<div id=\"ali-anchor-AliPostDhMb-ljvh5\" style=\"padding-top: 8px;\" data-section=\"AliPostDhMb-ljvh5\" data-section-title=\"Product Details\">\n<div id=\"ali-title-AliPostDhMb-ljvh5\" style=\"padding: 8px 0; border-bottom: 1px solid #ddd;\"><span style=\"background-color: #ddd; color: #333; font-weight: bold; padding: 8px 10px; line-height: 12px;\">Produktdetails<\/span><\/div>\n<div style=\"padding: 10px 0;\">\n<p style=\"text-align: center;\"><span style=\"font-size: 24px;\"> <strong>Rollstuhl-Handbike f\u00fcr alte Menschen <\/strong><\/span><\/p>\n<table style=\"border-collapse: collapse; background-color: #ffffff; width: 622px; height: 277px;\" border=\"1\">\n<tbody>\n<tr>\n<td style=\"width: 318px; text-align: left;\">Rahmen<\/td>\n<td style=\"width: 297px;\">Aluminiumrahmen<\/td>\n<\/tr>\n<tr>\n<td style=\"width: 318px;\">Polster<\/td>\n<td style=\"width: 297px;\">3D-Mesh-Sitzkissen<\/td>\n<\/tr>\n<tr>\n<td style=\"width: 318px;\">Armlehnen<\/td>\n<td style=\"width: 297px;\">Armlehne zur\u00fcckklappen<\/td>\n<\/tr>\n<tr>\n<td style=\"width: 318px;\">Armpolster<\/td>\n<td style=\"width: 297px;\">blakc PU-Armpolster<\/td>\n<\/tr>\n<tr>\n<td style=\"width: 318px;\">Fu\u00dfst\u00fctze<\/td>\n<td style=\"width: 297px;\">zur\u00fcckklappbare Fu\u00dfplatte aus Kunststoff<\/td>\n<\/tr>\n<tr>\n<td style=\"width: 318px;\">Motor<\/td>\n<td style=\"width: 297px;\">500 W b\u00fcrstenloser Motor<\/td>\n<\/tr>\n<tr>\n<td style=\"width: 318px;\">Sitzbreite<\/td>\n<td style=\"width: 297px;\">36 cm (Sitzbreite) * 36 cm (Sitztiefe)<\/td>\n<\/tr>\n<\/tbody>\n<\/table>\n<p><img decoding=\"async\" style=\"max-width: 750;\" src=\"https:\/\/anbanjia.com.cn\/wp-content\/uploads\/2022\/05\/H959c0c05ea7c48feba9603f66f11894fx.jpg\" data-alt=\"Lightweight power folding charger electric wheelchair for the disabled\" data-src=\"\"><img decoding=\"async\" src=\"https:\/\/anbanjia.com.cn\/wp-content\/uploads\/2022\/05\/H2384ee9f0b734065b8388c1222a234698.jpg\" data-alt=\"Lightweight power folding charger electric wheelchair for the disabled\" data-src=\"\"><img decoding=\"async\" src=\"https:\/\/anbanjia.com.cn\/wp-content\/uploads\/2022\/05\/H32c819a319574c74a154a2bb810998c9g.jpg\" data-alt=\"Lightweight power folding charger electric wheelchair for the disabled\" data-src=\"\"><img decoding=\"async\" src=\"https:\/\/anbanjia.com.cn\/wp-content\/uploads\/2022\/05\/H80ae9f4f61d544579a05d5074f596554u.jpg\" data-alt=\"Lightweight power folding charger electric wheelchair for the disabled\" data-src=\"\"><img decoding=\"async\" src=\"https:\/\/anbanjia.com.cn\/wp-content\/uploads\/2022\/05\/Hed0e3e9677074495811bca020f53d6ffy.jpg\" data-alt=\"Lightweight power folding charger electric wheelchair for the disabled\" data-src=\"\"><img decoding=\"async\" src=\"https:\/\/anbanjia.com.cn\/wp-content\/uploads\/2022\/05\/Ha33e4b4b454f44edb86fcfcdba55f181k.jpg\" data-alt=\"Lightweight power folding charger electric wheelchair for the disabled\" data-src=\"\"><img decoding=\"async\" src=\"https:\/\/anbanjia.com.cn\/wp-content\/uploads\/2022\/05\/H2e176916e8c54a549af0362b51f4166b2.jpg\" data-alt=\"Lightweight power folding charger electric wheelchair for the disabled\" data-src=\"\"><\/p>\n<\/div>\n<\/div>\n<div id=\"ali-anchor-AliPostDhMb-g8zpw\" style=\"padding-top: 8px;\" data-section=\"AliPostDhMb-g8zpw\" data-section-title=\"contact us\">\n<div id=\"ali-title-AliPostDhMb-g8zpw\" style=\"padding: 8px 0; border-bottom: 1px solid #ddd;\"><span style=\"background-color: #ddd; color: #333; font-weight: bold; padding: 8px 10px; line-height: 12px;\">kontaktiere uns<\/span><\/div>\n<div style=\"padding: 10px 0;\">\n<p><a href=\"https:\/\/abj-medical.en.alibaba.com\/contactinfo.html?spm=a2700.8304367.topnav.8.5d239224wxD2sy\" target=\"_blank\" rel=\"noopener\"> <img decoding=\"async\" src=\"https:\/\/anbanjia.com.cn\/wp-content\/uploads\/2022\/05\/HTB1E_8LXOLxK1Rjy0Ffq6zYdVXay.jpg\" data-alt=\"Lightweight power folding charger electric wheelchair for the disabled\" data-src=\"\"><\/a><\/p>\n<\/div>\n<\/div>\n<div id=\"ali-anchor-AliPostDhMb-vv6n9\" style=\"padding-top: 8px;\" data-section=\"AliPostDhMb-vv6n9\" data-section-title=\"Product Categories\">\n<div id=\"ali-title-AliPostDhMb-vv6n9\" style=\"padding: 8px 0; border-bottom: 1px solid #ddd;\"><span style=\"background-color: #ddd; color: #333; font-weight: bold; padding: 8px 10px; line-height: 12px;\">Produktkategorien<\/span><\/div>\n<div style=\"padding: 10px 0;\">\n<p> <a href=\"https:\/\/abj-medical.en.alibaba.com\/productgrouplist-804871560\/Electric_wheelchair_and_apparatus.html?spm=a2700.icbuShop.88.30.704a44ebaAhP4D\" target=\"_blank\" rel=\"noopener\"><img decoding=\"async\" src=\"https:\/\/anbanjia.com.cn\/wp-content\/uploads\/2022\/05\/HTB1ERWiSFXXXXasXXXXq6xXFXXXw.jpg\" data-alt=\"Lightweight power folding charger electric wheelchair for the disabled\" data-src=\"\"><\/a><\/p>\n<\/div>\n<\/div>\n<div id=\"ali-anchor-AliPostDhMb-ub5hb\" style=\"padding-top: 8px;\" data-section=\"AliPostDhMb-ub5hb\" data-section-title=\"certificate\">\n<div id=\"ali-title-AliPostDhMb-ub5hb\" style=\"padding: 8px 0; border-bottom: 1px solid #ddd;\"><span style=\"background-color: #ddd; color: #333; font-weight: bold; padding: 8px 10px; line-height: 12px;\">Zertifikat<\/span><\/div>\n<div style=\"padding: 10px 0;\">\n<p><img decoding=\"async\" src=\"https:\/\/anbanjia.com.cn\/wp-content\/uploads\/2022\/05\/HTB1Z1olSpXXXXctXXXXq6xXFXXXu-1.jpg\" data-alt=\"Lightweight power folding charger electric wheelchair for the disabled\" data-src=\"\"><\/p>\n<\/div>\n<\/div>\n<div id=\"ali-anchor-AliPostDhMb-yhho8\" style=\"padding-top: 8px;\" data-section=\"AliPostDhMb-yhho8\" data-section-title=\"company information\">\n<div id=\"ali-title-AliPostDhMb-yhho8\" style=\"padding: 8px 0; border-bottom: 1px solid #ddd;\"><span style=\"background-color: #ddd; color: #333; font-weight: bold; padding: 8px 10px; line-height: 12px;\">Firmeninformation<\/span><\/div>\n<div style=\"padding: 10px 0;\">\n<p><img decoding=\"async\" src=\"https:\/\/anbanjia.com.cn\/wp-content\/uploads\/2022\/05\/HTB1HgKPcQ5E3KVjSZFCq6zuzXXay.jpg\" data-src=\"\"><\/p>\n<\/div>\n<\/div>\n<\/div>\n","protected":false},"excerpt":{"rendered":"<p>&nbsp;<\/p>\n<div style=\"width: auto;\">\n<div style=\"min-width: 300px; max-width: 300px; word-wrap: break-word; float: left;\">Markenname:ABJ-SW6000<\/div>\n<div style=\"min-width: 300px; max-width: 300px; word-wrap: break-word; float: left;\">Sitzbreite: 36 cm (Sitzbreite) * 36 cm (Sitztiefe)<\/div>\n<\/div>\n<div style=\"width: auto;\">\n<div style=\"min-width: 300px; max-width: 300px; word-wrap: break-word; float: left;\">Rahmen: Aluminiumrahmen<\/div>\n<div style=\"min-width: 300px; max-width: 300px; word-wrap: break-word; float: left;\">Polsterung: 3D-Mesh-Sitzkissen<\/div>\n<\/div>\n<div style=\"width: auto;\">\n<div style=\"min-width: 300px; max-width: 300px; word-wrap: break-word; float: left;\">Armlehnen: Armlehne zur\u00fcckklappen<\/div>\n<div style=\"min-width: 300px; max-width: 300px; word-wrap: break-word; float: left;\">Armpolster: Schwarzes PU-Armpolster<\/div>\n<\/div>\n<div style=\"width: auto;\">\n<div style=\"min-width: 300px; max-width: 300px; word-wrap: break-word; float: left;\">Fu\u00dfst\u00fctze: Zur\u00fcckklappbare Fu\u00dfplatte aus Kunststoff<\/div>\n<div style=\"min-width: 300px; max-width: 300px; word-wrap: break-word; float: left;\">Batterie: 6AH Lithiumbatterie*2<\/div>\n<\/div>\n<div>Kundenspezifisches Logo (Mindestbestellmenge: 500 St\u00fcck)<\/div>\n<div>Kundenspezifische Verpackung (Mindestbestellmenge: 500 St\u00fcck)<\/div>\n","protected":false},"featured_media":12782,"comment_status":"closed","ping_status":"closed","template":"","meta":[],"product_cat":[130],"product_tag":[],"class_list":["post-12982","product","type-product","status-publish","has-post-thumbnail","hentry","product_cat-elektrischer-rollstuhl"],"_links":{"self":[{"href":"https:\/\/anbanjia.com.cn\/de\/wp-json\/wp\/v2\/product\/12982","targetHints":{"allow":["GET"]}}],"collection":[{"href":"https:\/\/anbanjia.com.cn\/de\/wp-json\/wp\/v2\/product"}],"about":[{"href":"https:\/\/anbanjia.com.cn\/de\/wp-json\/wp\/v2\/types\/product"}],"replies":[{"embeddable":true,"href":"https:\/\/anbanjia.com.cn\/de\/wp-json\/wp\/v2\/comments?post=12982"}],"wp:featuredmedia":[{"embeddable":true,"href":"https:\/\/anbanjia.com.cn\/de\/wp-json\/wp\/v2\/media\/12782"}],"wp:attachment":[{"href":"https:\/\/anbanjia.com.cn\/de\/wp-json\/wp\/v2\/media?parent=12982"}],"wp:term":[{"taxonomy":"product_cat","embeddable":true,"href":"https:\/\/anbanjia.com.cn\/de\/wp-json\/wp\/v2\/product_cat?post=12982"},{"taxonomy":"product_tag","embeddable":true,"href":"https:\/\/anbanjia.com.cn\/de\/wp-json\/wp\/v2\/product_tag?post=12982"}],"curies":[{"name":"wp","href":"https:\/\/api.w.org\/{rel}","templated":true}]}}