{"id":12980,"date":"2022-05-02T18:03:04","date_gmt":"2022-05-02T18:03:04","guid":{"rendered":"https:\/\/www.anbanjia.com.cn\/product\/chinesische-traditionelle-vakuum-schroepftherapie-saugmaschine-hijama-kunststoff-schroepfen-set\/"},"modified":"2022-05-02T18:03:04","modified_gmt":"2022-05-02T18:03:04","slug":"chinesisches-traditionelles-vakuum-schropftherapie-absauggerat-hijama-kunststoff-schropfset","status":"publish","type":"product","link":"https:\/\/anbanjia.com.cn\/de\/produkt\/chinesisches-traditionelles-vakuum-schropftherapie-absauggerat-hijama-kunststoff-schropfset\/","title":{"rendered":"chinesische traditionelle vakuum schr\u00f6pftherapie saugmaschine hijama kunststoff schr\u00f6pfen set"},"content":{"rendered":"<div style=\"max-width: 750px; margin: 0 auto;\">\n<p><span style=\"font-size: 32px;\">Bulk-chinesisches kanzhucupping vaccum12 koreanisches Schr\u00f6pfbecher-Set<\/span><\/p>\n<div id=\"ali-anchor-AliPostDhMb-a3lo9\" style=\"padding-top: 8px;\" data-section=\"AliPostDhMb-a3lo9\" data-section-title=\"Product Description\">\n<div id=\"ali-title-AliPostDhMb-a3lo9\" style=\"padding: 8px 0; border-bottom: 1px solid #ddd;\"><span style=\"background-color: #ddd; color: #333; font-weight: bold; padding: 8px 10px; line-height: 12px;\">Produktbeschreibung<\/span><\/div>\n<div style=\"padding: 10px 0;\">\n<p> <img decoding=\"async\" style=\"max-width: 750;\" src=\"https:\/\/anbanjia.com.cn\/wp-content\/uploads\/2022\/05\/HTB1lv_zXlaE3KVjSZLeq6xsSFXaP.jpg\" data-alt=\"chinese traditional vacuum cupping therapy suction machine hijama plastic cupping set\" data-src=\"\"><img decoding=\"async\" src=\"https:\/\/anbanjia.com.cn\/wp-content\/uploads\/2022\/05\/HTB1Z2PHXaWs3KVjSZFxq6yWUXXaT.jpg\" data-alt=\"chinese traditional vacuum cupping therapy suction machine hijama plastic cupping set\" data-src=\"\"><\/p>\n<p><span style=\"font-size: 18px;\">Bechermaterial: PS (Polystyrol) <\/span><\/p>\n<p><span style=\"font-size: 18px;\">Grundausstattung: 6 K\u00f6rbchen mit K\u00f6rbchen der D-Serie. <\/span><\/p>\n<p><span style=\"font-size: 18px;\">6,6 cm x 1 St\u00fcck; 5,8 cm x 1 St\u00fcck, 5,05 cm x 1 St\u00fcck; <\/span><\/p>\n<p><span style=\"font-size: 18px;\">4,35 cm x 1 St\u00fcck; 3,35 cm x 1 St\u00fcck; 2,8 cm x 1 St\u00fcck; <\/span><\/p>\n<p><span style=\"font-size: 18px;\">1 St\u00fcck PP Kleine Pumpe mit Stecker; <\/span><\/p>\n<p><span style=\"font-size: 18px;\">1 St\u00fcck Verbindungsschlauch mit einer L\u00e4nge von 65 cm (optional)<\/span><\/p>\n<p><span style=\"font-size: 18px;\"> 1 St\u00fcck Stecker 6 St\u00fcck Magnetnadeln (optional) <\/span><\/p>\n<p><span style=\"font-size: 18px;\">1 St\u00fcck Bedienungsanleitung.<\/span><\/p>\n<p><img decoding=\"async\" src=\"https:\/\/anbanjia.com.cn\/wp-content\/uploads\/2022\/05\/HTB1faYpaPnuK1RkSmFPq6AuzFXay.jpg\" data-alt=\"chinese traditional vacuum cupping therapy suction machine hijama plastic cupping set\" data-height=\"449\" data-src=\"\" data-width=\"800\"><\/p>\n<p><span style=\"background-color: #ffff00;\"><strong><span style=\"font-size: 32px; color: #0000ff;\">Merkmale:<\/span><\/strong><\/span><br \/>\n<span style=\"font-size: 24px;\">1 Mit sieben verschiedenen K\u00f6rbchengr\u00f6\u00dfen k\u00f6nnen Sie jeden K\u00f6rperteil behandeln. <\/span><br \/>\n<span style=\"font-size: 24px;\">2 Das Vakuum-Saugschr\u00f6pfen ist einfach und bequem zu verwenden, ohne dass ein Feuer erforderlich ist, wodurch die Gefahr von Hautverbrennungen ausgeschlossen wird. <\/span><br \/>\n<span style=\"font-size: 24px;\">3 Cups sind mit glatten, gebogenen Kanten f\u00fcr erh\u00f6hten Komfort und Hautkontakt f\u00fcr einen luftdichten Verschluss konzipiert. <\/span><br \/>\n<span style=\"font-size: 24px;\">4 Strapazierf\u00e4hige transparente Kunststoffbecher erm\u00f6glichen eine einfache Betrachtung des Behandlungsbereichs sowie die Anzeige von Unterdruck und Hautr\u00f6tungen. <\/span><br \/>\n<span style=\"font-size: 24px;\">5 Einfach zu bedienende Druckventile erm\u00f6glichen ein m\u00fcheloses Ablassen des Drucks zum Entfernen des Bechers (einschlie\u00dflich Ersatzventile). <\/span><br \/>\n<span style=\"font-size: 24px;\">6 enthaltene biomagnetische Punkte erh\u00f6hen die Wirksamkeit der Behandlung. <\/span><\/p>\n<\/div>\n<\/div>\n<div id=\"ali-anchor-AliPostDhMb-mvffy\" style=\"padding-top: 8px;\" data-section=\"AliPostDhMb-mvffy\" data-section-title=\"Shipping and payment\">\n<div id=\"ali-title-AliPostDhMb-mvffy\" style=\"padding: 8px 0; border-bottom: 1px solid #ddd;\"><span style=\"background-color: #ddd; color: #333; font-weight: bold; padding: 8px 10px; line-height: 12px;\">Versand und Zahlung<\/span><\/div>\n<div style=\"padding: 10px 0;\">\n<p><img decoding=\"async\" src=\"https:\/\/anbanjia.com.cn\/wp-content\/uploads\/2022\/05\/HTB1dO4eSFXXXXX8XVXXq6xXFXXXe.jpg\" data-alt=\"chinese traditional vacuum cupping therapy suction machine hijama plastic cupping set\" data-src=\"\"><\/p>\n<\/div>\n<\/div>\n<\/div>\n","protected":false},"excerpt":{"rendered":"<p>&nbsp;<\/p>\n<div style=\"width: auto;\">\n<div style=\"min-width: 300px; max-width: 300px; word-wrap: break-word; float: left;\">Herkunftsort: China<\/div>\n<div style=\"min-width: 300px; max-width: 300px; word-wrap: break-word; float: left;\">Markenname: oem<\/div>\n<\/div>\n<div style=\"width: auto;\">\n<div style=\"min-width: 300px; max-width: 300px; word-wrap: break-word; float: left;\">Modellnummer: B-6<\/div>\n<div style=\"min-width: 300px; max-width: 300px; word-wrap: break-word; float: left;\">Funktion: Aromatisch zum Aufl\u00f6sen von Feuchtigkeit<\/div>\n<\/div>\n<div style=\"width: auto;\">\n<div style=\"min-width: 300px; max-width: 300px; word-wrap: break-word; float: left;\">Anwendung: K\u00f6rper<\/div>\n<div style=\"min-width: 300px; max-width: 300px; word-wrap: break-word; float: left;\">Haltbarkeit: 1 Jahre<\/div>\n<\/div>\n<div style=\"width: auto;\">\n<div style=\"min-width: 300px; max-width: 300px; word-wrap: break-word; float: left;\">Qualit\u00e4tszertifizierung: ce<\/div>\n<div style=\"min-width: 300px; max-width: 300px; word-wrap: break-word; float: left;\">Instrumentenklassifizierung: Klasse I<\/div>\n<\/div>\n<div style=\"width: auto;\">\n<div style=\"min-width: 300px; max-width: 300px; word-wrap: break-word; float: left;\">Sicherheitsstandard: Keine<\/div>\n<div style=\"min-width: 300px; max-width: 300px; word-wrap: break-word; float: left;\">Eigenschaften: Ger\u00e4t f\u00fcr chinesische Medizin<\/div>\n<\/div>\n<div style=\"width: auto;\">\n<div style=\"min-width: 300px; max-width: 300px; word-wrap: break-word; float: left;\">Typ: Schr\u00f6pfbecher<\/div>\n<div style=\"min-width: 300px; max-width: 300px; word-wrap: break-word; float: left;\">Material: Kunststoff<\/div>\n<\/div>\n<div style=\"width: auto;\">\n<div style=\"min-width: 300px; max-width: 300px; word-wrap: break-word; float: left;\">Gr\u00f6\u00dfe: mit verschiedenen Gr\u00f6\u00dfen<\/div>\n<div style=\"min-width: 300px; max-width: 300px; word-wrap: break-word; float: left;\">Anzahl der Tassen: 6\/12\/18\/24 Schr\u00f6pfset<\/div>\n<\/div>\n<div style=\"width: auto;\">\n<div style=\"min-width: 300px; max-width: 300px; word-wrap: break-word; float: left;\">Verwendung: Cupping Cups Hijama<\/div>\n<div style=\"min-width: 300px; max-width: 300px; word-wrap: break-word; float: left;\">1 Jahr Garantie<\/div>\n<\/div>\n","protected":false},"featured_media":12574,"comment_status":"closed","ping_status":"closed","template":"","meta":[],"product_cat":[133],"product_tag":[],"class_list":["post-12980","product","type-product","status-publish","has-post-thumbnail","hentry","product_cat-schropfbecher"],"_links":{"self":[{"href":"https:\/\/anbanjia.com.cn\/de\/wp-json\/wp\/v2\/product\/12980","targetHints":{"allow":["GET"]}}],"collection":[{"href":"https:\/\/anbanjia.com.cn\/de\/wp-json\/wp\/v2\/product"}],"about":[{"href":"https:\/\/anbanjia.com.cn\/de\/wp-json\/wp\/v2\/types\/product"}],"replies":[{"embeddable":true,"href":"https:\/\/anbanjia.com.cn\/de\/wp-json\/wp\/v2\/comments?post=12980"}],"wp:featuredmedia":[{"embeddable":true,"href":"https:\/\/anbanjia.com.cn\/de\/wp-json\/wp\/v2\/media\/12574"}],"wp:attachment":[{"href":"https:\/\/anbanjia.com.cn\/de\/wp-json\/wp\/v2\/media?parent=12980"}],"wp:term":[{"taxonomy":"product_cat","embeddable":true,"href":"https:\/\/anbanjia.com.cn\/de\/wp-json\/wp\/v2\/product_cat?post=12980"},{"taxonomy":"product_tag","embeddable":true,"href":"https:\/\/anbanjia.com.cn\/de\/wp-json\/wp\/v2\/product_tag?post=12980"}],"curies":[{"name":"wp","href":"https:\/\/api.w.org\/{rel}","templated":true}]}}