{"id":12976,"date":"2022-05-02T18:03:05","date_gmt":"2022-05-02T18:03:05","guid":{"rendered":"https:\/\/www.anbanjia.com.cn\/product\/einzeln-verpacktes-hochwertiges-huanqiu-einweg-akupunkturnadelroehrchen\/"},"modified":"2022-05-02T18:03:05","modified_gmt":"2022-05-02T18:03:05","slug":"einzeln-verpacktes-hochwertiges-huanqiu-einweg-akupunktur-nadelrohrchen","status":"publish","type":"product","link":"https:\/\/anbanjia.com.cn\/de\/produkt\/einzeln-verpacktes-hochwertiges-huanqiu-einweg-akupunktur-nadelrohrchen\/","title":{"rendered":"Einzeln verpacktes hochwertiges Huanqiu Einweg-Akupunkturnadelr\u00f6hrchen"},"content":{"rendered":"<div style=\"max-width: 750px; margin: 0 auto;\">\n<div id=\"detail_decorate_root\" data-magic-global=\"%7B%22bizId%22%3A3215165050%2C%22pageId%22%3A21052071941%2C%22siteId%22%3A5005610021%7D\">\n<div class=\"J_module\">\n<div class=\"icbu-pc-images magic-1\">\n<div>\n<div class=\"flex-layout-v\">\n<div class=\"flex-layout-h magic-1\">\n<div class=\"magic-2\"><img decoding=\"async\" class=\"magic-3\" style=\"max-width: 750;\" src=\"https:\/\/anbanjia.com.cn\/wp-content\/uploads\/2022\/05\/H4a05e2f569e346948d3ecd338bb63510W.png\" data-src=\"\"><\/div>\n<\/div>\n<\/div>\n<\/div>\n<div class=\"text-wrapper-below text-theme-light text-align-left\">\n<div class=\"text-title\">\n<div class=\"magic-4\">Einzeln verpacktes hochwertiges Huanqiu Einweg-Akupunkturnadelr\u00f6hrchen<\/div>\n<\/div>\n<div class=\"text-content\">\n<div class=\"magic-4\"><span class=\"magic-5\">Haben Sie alle Arten von Modellen und Gr\u00f6\u00dfen. Wenn Sie Probleme haben, wenden Sie sich bitte an den Verk\u00e4ufer. WhatsApp: +86 13246918260.<\/span><\/div>\n<div class=\"magic-4\"><span class=\"magic-5\">Danke sch\u00f6n<\/span><\/div>\n<div><img decoding=\"async\" src=\"https:\/\/s.alicdn.com\/@sc04\/kf\/H9d2a1780aaaa4439b7495b82b10c23d0E\/230438700\/H9d2a1780aaaa4439b7495b82b10c23d0E.png?quality=close\"><\/div>\n<div><img decoding=\"async\" src=\"https:\/\/s.alicdn.com\/@sc04\/kf\/H1132287a97f84e78b5251fd07f002b244\/230438700\/H1132287a97f84e78b5251fd07f002b244.jpg?quality=close\"><\/div>\n<div><img decoding=\"async\" src=\"https:\/\/s.alicdn.com\/@sc04\/kf\/Hdc029436fc10425e9f21d7a1c745c462A\/230438700\/Hdc029436fc10425e9f21d7a1c745c462A.jpg?quality=close\"><\/div>\n<div><img decoding=\"async\" src=\"https:\/\/s.alicdn.com\/@sc04\/kf\/HTB1HX2NjwvD8KJjSsplq6yIEFXac\/230438700\/HTB1HX2NjwvD8KJjSsplq6yIEFXac.jpg?quality=close\"><\/div>\n<div><img decoding=\"async\" src=\"https:\/\/s.alicdn.com\/@sc04\/kf\/Hdeffdf22df9c4b04927e4bc448df4aa4e\/230438700\/Hdeffdf22df9c4b04927e4bc448df4aa4e.jpg?quality=close\"><\/div>\n<div><img decoding=\"async\" src=\"https:\/\/s.alicdn.com\/@sc04\/kf\/H0ce20421c8f64b2286ae9b413f4fcfcbn\/230438700\/H0ce20421c8f64b2286ae9b413f4fcfcbn.jpg?quality=close\"><\/div>\n<div><img decoding=\"async\" src=\"https:\/\/s.alicdn.com\/@sc04\/kf\/Hc68b89d76d4b4d27a6cad76860459d33K\/230438700\/Hc68b89d76d4b4d27a6cad76860459d33K.jpg?quality=close\"><\/div>\n<div><img decoding=\"async\" src=\"https:\/\/s.alicdn.com\/@sc04\/kf\/H17cf39182d704715ad56867e3269d145m\/230438700\/H17cf39182d704715ad56867e3269d145m.jpg?quality=close\"><\/div>\n<div><img decoding=\"async\" src=\"https:\/\/s.alicdn.com\/@sc04\/kf\/H77c7ad6a72854007bda8a458236aee1cf\/230438700\/H77c7ad6a72854007bda8a458236aee1cf.jpg?quality=close\"><\/div>\n<div><img decoding=\"async\" src=\"https:\/\/s.alicdn.com\/@sc02\/kf\/HTB1442MKbGYBuNjy0Foq6AiBFXaA\/230438700\/HTB1442MKbGYBuNjy0Foq6AiBFXaA.jpg?quality=close\"><\/div>\n<div><img decoding=\"async\" src=\"https:\/\/s.alicdn.com\/@sc01\/kf\/HTB1xs6Ud.D.BuNjt_h7q6yNDVXat\/230438700\/HTB1xs6Ud.D.BuNjt_h7q6yNDVXat.jpg?quality=close\"><\/div>\n<div><img decoding=\"async\" src=\"https:\/\/s.alicdn.com\/@sc02\/kf\/HTB1waInH4SYBuNjSsphq6zGvVXaG\/230438700\/HTB1waInH4SYBuNjSsphq6zGvVXaG.jpg?quality=close\"><\/div>\n<div><img decoding=\"async\" src=\"https:\/\/s.alicdn.com\/@sc01\/kf\/HTB1aUsdKqmWBuNjy1Xaq6xCbXXag\/230438700\/HTB1aUsdKqmWBuNjy1Xaq6xCbXXag.jpg?quality=close\"><\/div>\n<div>\u00dcber uns:<br \/>\n1. mehr auftrag, mehr rabatt, konkurrenzf\u00e4higer preis!<br \/>\n2.Willkommen, um mit uns in Verbindung zu treten, um einen besseren Preis zu erhalten!<br \/>\n3.Guter Service, schnelle Lieferung, und wir sind es wert, vertraut zu werden.<br \/>\n4.Wir k\u00f6nnen garantieren, dass Sie mit unseren Produkten zufrieden sein werden.<br \/>\n5. Wir behandeln Kunden wie Freunde und bieten Ihnen einen beachtlichen Service.<\/div>\n<div><\/div>\n<\/div>\n<\/div>\n<\/div>\n<\/div>\n<\/div>\n<\/div>\n","protected":false},"excerpt":{"rendered":"<p>&nbsp;<\/p>\n<div style=\"width: auto;\">\n<div style=\"min-width: 300px; max-width: 300px; word-wrap: break-word; float: left;\">Herkunftsort: China<\/div>\n<div style=\"min-width: 300px; max-width: 300px; word-wrap: break-word; float: left;\">Markenname: Huanqiu<\/div>\n<\/div>\n<div style=\"width: auto;\">\n<div style=\"min-width: 300px; max-width: 300px; word-wrap: break-word; float: left;\">Modellnummer:F<\/div>\n<div style=\"min-width: 300px; max-width: 300px; word-wrap: break-word; float: left;\">Funktion: Antirheumatikum, Akupunktur<\/div>\n<\/div>\n<div style=\"width: auto;\">\n<div style=\"min-width: 300px; max-width: 300px; word-wrap: break-word; float: left;\">Anwendung: K\u00f6rper<\/div>\n<div style=\"min-width: 300px; max-width: 300px; word-wrap: break-word; float: left;\">Haltbarkeit: 3 Jahre<\/div>\n<\/div>\n<div style=\"width: auto;\">\n<div style=\"min-width: 300px; max-width: 300px; word-wrap: break-word; float: left;\">Qualit\u00e4tszertifizierung: ce<\/div>\n<div style=\"min-width: 300px; max-width: 300px; word-wrap: break-word; float: left;\">Instrumentenklassifizierung: Klasse II<\/div>\n<\/div>\n<div style=\"width: auto;\">\n<div style=\"min-width: 300px; max-width: 300px; word-wrap: break-word; float: left;\">Sicherheitsstandard:MOL<\/div>\n<div style=\"min-width: 300px; max-width: 300px; word-wrap: break-word; float: left;\">Produktname: Chinesische Akupunkturnadel<\/div>\n<\/div>\n<div style=\"width: auto;\">\n<div style=\"min-width: 300px; max-width: 300px; word-wrap: break-word; float: left;\">Gr\u00f6\u00dfe: 18 Modellgr\u00f6\u00dfen<\/div>\n<div style=\"min-width: 300px; max-width: 300px; word-wrap: break-word; float: left;\">Material: Edelstahl<\/div>\n<\/div>\n","protected":false},"featured_media":7178,"comment_status":"closed","ping_status":"closed","template":"","meta":[],"product_cat":[131],"product_tag":[],"class_list":["post-12976","product","type-product","status-publish","has-post-thumbnail","hentry","product_cat-nadel"],"_links":{"self":[{"href":"https:\/\/anbanjia.com.cn\/de\/wp-json\/wp\/v2\/product\/12976","targetHints":{"allow":["GET"]}}],"collection":[{"href":"https:\/\/anbanjia.com.cn\/de\/wp-json\/wp\/v2\/product"}],"about":[{"href":"https:\/\/anbanjia.com.cn\/de\/wp-json\/wp\/v2\/types\/product"}],"replies":[{"embeddable":true,"href":"https:\/\/anbanjia.com.cn\/de\/wp-json\/wp\/v2\/comments?post=12976"}],"wp:featuredmedia":[{"embeddable":true,"href":"https:\/\/anbanjia.com.cn\/de\/wp-json\/wp\/v2\/media\/7178"}],"wp:attachment":[{"href":"https:\/\/anbanjia.com.cn\/de\/wp-json\/wp\/v2\/media?parent=12976"}],"wp:term":[{"taxonomy":"product_cat","embeddable":true,"href":"https:\/\/anbanjia.com.cn\/de\/wp-json\/wp\/v2\/product_cat?post=12976"},{"taxonomy":"product_tag","embeddable":true,"href":"https:\/\/anbanjia.com.cn\/de\/wp-json\/wp\/v2\/product_tag?post=12976"}],"curies":[{"name":"wp","href":"https:\/\/api.w.org\/{rel}","templated":true}]}}