{"id":12970,"date":"2022-05-02T18:03:04","date_gmt":"2022-05-02T18:03:04","guid":{"rendered":"https:\/\/www.anbanjia.com.cn\/product\/chinesische-vakuum-einzelschroepfpistole-mit-niedrigem-preis-fuer-schroepfbecher\/"},"modified":"2022-05-02T18:03:04","modified_gmt":"2022-05-02T18:03:04","slug":"preisgunstige-chinesische-vakuum-einzel-schropfpistole-fur-schropfbecher-gebrauch","status":"publish","type":"product","link":"https:\/\/anbanjia.com.cn\/de\/produkt\/preisgunstige-chinesische-vakuum-einzel-schropfpistole-fur-schropfbecher-gebrauch\/","title":{"rendered":"Chinesische Vakuum-Einzelschr\u00f6pfpistole mit niedrigem Preis f\u00fcr Schr\u00f6pfbecher"},"content":{"rendered":"<div style=\"max-width: 750px; margin: 0 auto;\">\n<div id=\"detail_decorate_root\" data-magic-global=\"%7B%22bizId%22%3A3215165050%2C%22pageId%22%3A20070891977%2C%22siteId%22%3A5005610021%7D\">\n<div class=\"J_module\">\n<div class=\"detail-decorate-json-renderer-container\">\n<div class=\"magic-1\">\n<h3 class=\"magic-2\"><\/h3>\n<div class=\"J_module\">\n<div class=\"detail-decorate-json-renderer-container\">\n<div class=\"magic-1\">\n<h3 class=\"magic-3\" data-spm-anchor-id=\"a2700.details.0.i26.400639a3eDvjus\"><span style=\"font-size: xx-large;\" data-spm-anchor-id=\"a2700.details.0.i25.400639a3eDvjus\">Chinesische Vakuum-Einzelschr\u00f6pfpistole mit niedrigem Preis f\u00fcr Schr\u00f6pfbecher<\/span><\/h3>\n<\/div>\n<\/div>\n<\/div>\n<div class=\"magic-4\">\n<div class=\"magic-5\">\n<div class=\"magic-6\"><img decoding=\"async\" src=\"https:\/\/s.alicdn.com\/@sc01\/kf\/HTB1X.1FRVXXXXX.apXXq6xXFXXXA\/230438700\/HTB1X.1FRVXXXXX.apXXq6xXFXXXA.jpg?quality=close\"><\/div>\n<\/div>\n<\/div>\n<\/div>\n<\/div>\n<\/div>\n<div class=\"J_module\">\n<div class=\"icbu-pc-images magic-7\">\n<div class=\"flex-layout-v\">\n<div class=\"flex-layout-h magic-7\">\n<div class=\"magic-8\"><img decoding=\"async\" class=\"\" src=\"https:\/\/s.alicdn.com\/@sc01\/kf\/HTB1AwyTRVXXXXcqXVXX760XFXXXb\/230438700\/HTB1AwyTRVXXXXcqXVXX760XFXXXb.png?quality=close\" width=\"748\" height=\"1313\"><img decoding=\"async\" src=\"https:\/\/s.alicdn.com\/@sc01\/kf\/HTB17YHGoNSYBuNjSsphq6zGvVXa8\/230438700\/HTB17YHGoNSYBuNjSsphq6zGvVXa8.jpg?quality=close\"><\/div>\n<div><img decoding=\"async\" src=\"https:\/\/s.alicdn.com\/@sc01\/kf\/HTB1C1n6oFuWBuNjSspnq6x1NVXaW\/230438700\/HTB1C1n6oFuWBuNjSspnq6x1NVXaW.jpg?quality=close\"><img decoding=\"async\" src=\"https:\/\/s.alicdn.com\/@sc01\/kf\/HTB1P762oL5TBuNjSspcq6znGFXaX\/230438700\/HTB1P762oL5TBuNjSspcq6znGFXaX.jpg?quality=close\"><img decoding=\"async\" src=\"https:\/\/s.alicdn.com\/@sc01\/kf\/HTB1F9zRoGSWBuNjSsrbq6y0mVXad\/230438700\/HTB1F9zRoGSWBuNjSsrbq6y0mVXad.jpg?quality=close\"><img decoding=\"async\" src=\"https:\/\/s.alicdn.com\/@sc01\/kf\/HTB1xQjvoQKWBuNjy1zjq6AOypXa2\/230438700\/HTB1xQjvoQKWBuNjy1zjq6AOypXa2.jpg?quality=close\"><img decoding=\"async\" src=\"https:\/\/s.alicdn.com\/@sc02\/kf\/HTB1g0AyoL1TBuNjy0Fjq6yjyXXa3\/230438700\/HTB1g0AyoL1TBuNjy0Fjq6yjyXXa3.jpg?quality=close\"><img decoding=\"async\" src=\"https:\/\/s.alicdn.com\/@sc02\/kf\/HTB1_X7UQFXXXXcsXpXXq6xXFXXXA\/230438700\/HTB1_X7UQFXXXXcsXpXXq6xXFXXXA.jpg?quality=close\"><img decoding=\"async\" src=\"https:\/\/s.alicdn.com\/@sc01\/kf\/HTB1y7oxQFXXXXaqXVXXq6xXFXXX9\/230438700\/HTB1y7oxQFXXXXaqXVXXq6xXFXXX9.jpg?quality=close\"><\/div>\n<div>\n<h3 class=\"magic-2\" data-spm-anchor-id=\"a2700.details.0.i39.400639a3eDvjus\"><span style=\"color: #3f3fff; font-size: x-large;\">Neue Packung und \u00e4ndern Sie eine der &#8222;U&#8220; -artigen Schr\u00f6pfbecher<\/span><\/h3>\n<\/div>\n<div><img decoding=\"async\" class=\"\" src=\"https:\/\/s.alicdn.com\/@sc02\/kf\/HTB1S1cHQFXXXXcAXFXXq6xXFXXXW\/230438700\/HTB1S1cHQFXXXXcAXFXXq6xXFXXXW.jpg?quality=close\" width=\"337\" height=\"599\"><img decoding=\"async\" class=\"\" src=\"https:\/\/s.alicdn.com\/@sc02\/kf\/HTB1sfQBQFXXXXXPXVXXq6xXFXXXU\/230438700\/HTB1sfQBQFXXXXXPXVXXq6xXFXXXU.jpg?quality=close\" width=\"336\" height=\"597\"><\/div>\n<div><img decoding=\"async\" src=\"https:\/\/s.alicdn.com\/@sc01\/kf\/HTB1pXZFQFXXXXbYXFXXq6xXFXXXT\/230438700\/HTB1pXZFQFXXXXbYXFXXq6xXFXXXT.jpg?quality=close\"><img decoding=\"async\" src=\"https:\/\/s.alicdn.com\/@sc01\/kf\/HTB15NsQQFXXXXcCXpXXq6xXFXXX6\/230438700\/HTB15NsQQFXXXXcCXpXXq6xXFXXX6.jpg?quality=close\"><img decoding=\"async\" src=\"https:\/\/s.alicdn.com\/@sc02\/kf\/HTB1v3c9QFXXXXctXXXXq6xXFXXXg\/230438700\/HTB1v3c9QFXXXXctXXXXq6xXFXXXg.jpg?quality=close\"><\/div>\n<div>\n<div class=\"J_module\">\n<div class=\"detail-decorate-json-renderer-container\">\n<div class=\"magic-1\">\n<div class=\"magic-4\" data-spm-anchor-id=\"a2700.details.0.i43.400639a3eDvjus\">\n<div class=\"magic-5\">\n<div class=\"magic-6\">\n<p class=\"magic-19\"><b><span style=\"color: #1f57ff; font-size: large;\">Sehen Sie, was die Tassen tun: sicher &amp; kontrollierbar<\/span><br \/>\n<\/b><br \/>\n<span style=\"font-family: Times New Roman, Times; font-size: large;\"> Die Transparenz der Schr\u00f6pfchen l\u00e4sst Sie die Hautr\u00f6tung mit zunehmender Schr\u00f6pfzeit deutlich erkennen, so dass Sie das Schr\u00f6pfen hinsichtlich Wirkung und optimaler Schr\u00f6pfzeit vollst\u00e4ndig kontrollieren k\u00f6nnen. Ohne die Verwendung von Feuer besteht keine Gefahr der Hautverbrennung; und der Unterdruck in der Tasse kann an den Zustand jedes Patienten angepasst werden, da Sie ihn mit der Hand mit der Druckpistole steuern.<\/span><\/p>\n<\/div>\n<\/div>\n<\/div>\n<\/div>\n<\/div>\n<\/div>\n<div class=\"J_module\">\n<div class=\"detail-decorate-json-renderer-container\">\n<div class=\"magic-1\">\n<div class=\"magic-4\">\n<div class=\"magic-5\">\n<div class=\"magic-6\">\n<p class=\"magic-19\"><b><span style=\"color: #003fff; font-size: large;\">Achtung Hinweis:<\/span><\/b><br \/>\n<span style=\"font-size: large;\"><br \/>\n<span style=\"font-family: Times New Roman, Times;\">  1. Bitte w\u00e4hlen Sie geeignete Gesundheitsteile, die Bauchmuskeln, glatte Haut und kein Fell haben. Aber wenn Sie wirklich an rauen Stellen mit Fell arbeiten m\u00f6chten, sollten Sie die gute Donuts-Matte besser unter die \u00d6ffnung legen, falls Luft austritt. Au\u00dferdem, wenn die Haut trocken ist, zuerst die Haut nass machen und dann schr\u00f6pfen.<br \/>\n2. W\u00e4hlen Sie beim ersten Schr\u00f6pfen das kleine Schr\u00f6pfen und Lichtstimulieren<br \/>\n3. Bewegen Sie die Position nicht, wenn Sie das Schr\u00f6pfen verwenden, und sollten Sie zwischen dem Schr\u00f6pfen warten<br \/>\n4. Der Patient, der hohes Fieber, Koma und akute Kr\u00e4mpfe hat, sollte zuerst eine klare Diagnose stellen, falls sich die Rettungszeit verz\u00f6gert<br \/>\n5. Wenn ein Teil der Gesundheit rot ist und juckt, kratzen Sie nicht wild, es wird nach einigen Tagen gut sein<\/span><\/span><\/p>\n<\/div>\n<\/div>\n<\/div>\n<\/div>\n<\/div>\n<\/div>\n<div class=\"J_module\">\n<div id=\"ali-anchor-AliMagic-35g6d8\" class=\"magic-0\" data-section=\"AliMagic-35g6d8\" data-section-title=\"What we care\">\n<h3 class=\"magic-3\" data-spm-anchor-id=\"a2700.details.0.i44.400639a3eDvjus\"><span style=\"color: #5f5fff; font-size: xx-large;\"> Ihre Gesundheit liegt uns sehr am Herzen <\/span><\/h3>\n<div class=\"magic-4\">\n<div class=\"magic-5\">\n<div class=\"magic-6\">\n<p class=\"magic-19\"><span style=\"color: #000f3f; font-size: large;\"> Schlie\u00dfen Sie und geben Sie Ihnen den besten Service, damit Sie das Ger\u00e4t besser nutzen und das Gesundheitstraining absolvieren k\u00f6nnen. Wir helfen Kunden bei der Verwendung medizinischer Ger\u00e4te und unterrichten professionelle medizinische Versorgung<b> <\/b><\/span><\/p>\n<p><img decoding=\"async\" src=\"https:\/\/s.alicdn.com\/@sc02\/kf\/HTB1_gauQpXXXXXQXXXXq6xXFXXXA\/230438700\/HTB1_gauQpXXXXXQXXXXq6xXFXXXA.jpg?quality=close\"><img decoding=\"async\" src=\"https:\/\/s.alicdn.com\/@sc01\/kf\/HTB1wKd.QpXXXXbiXFXXq6xXFXXXq\/230438700\/HTB1wKd.QpXXXXbiXFXXq6xXFXXXq.jpg?quality=close\"><img decoding=\"async\" src=\"https:\/\/s.alicdn.com\/@sc01\/kf\/HTB1Je9WQpXXXXafXpXXq6xXFXXX1\/230438700\/HTB1Je9WQpXXXXafXpXXq6xXFXXX1.jpg?quality=close\"><\/p>\n<p><img decoding=\"async\" src=\"https:\/\/s.alicdn.com\/@sc01\/kf\/HTB1h3vHQXXXXXXWapXXq6xXFXXXC\/230438700\/HTB1h3vHQXXXXXXWapXXq6xXFXXXC.jpg?quality=close\"><img decoding=\"async\" class=\"\" src=\"https:\/\/s.alicdn.com\/@sc01\/kf\/HTB1OJ4JQpXXXXXcapXXq6xXFXXXh\/230438700\/HTB1OJ4JQpXXXXXcapXXq6xXFXXXh.jpg?quality=close\" width=\"314\" height=\"236\"><img decoding=\"async\" class=\"\" src=\"https:\/\/s.alicdn.com\/@sc02\/kf\/HTB11KSMQFXXXXaCXFXXq6xXFXXXa\/230438700\/HTB11KSMQFXXXXaCXFXXq6xXFXXXa.jpg?quality=close\" width=\"418\" height=\"235\"><\/p>\n<div class=\"text-title\">\n<h3 class=\"magic-39\"><span style=\"color: #003fff;\"><span style=\"font-size: x-large;\" data-spm-anchor-id=\"a2700.details.0.i51.400639a3eDvjus\">Das ist unsere Ausbildung <\/span><\/span><\/h3>\n<div><\/div>\n<\/div>\n<div class=\"text-content\">\n<p class=\"magic-19\"><b><span style=\"font-size: large;\">Gehen Sie zu Drogerien, Krankenh\u00e4usern, Kliniken, medizinischen Gesch\u00e4ften und Plattformen, auf denen wir zusammenarbeiten, um Schulungen durchzuf\u00fchren, Kunden beizubringen, wie man sie gut benutzt und bedient, um professionelle Vorschl\u00e4ge zu machen<\/span> <span style=\"font-size: medium;\">.<\/span><\/b><img decoding=\"async\" src=\"https:\/\/s.alicdn.com\/@sc01\/kf\/HTB16wWrQpXXXXchXXXXq6xXFXXXw\/230438700\/HTB16wWrQpXXXXchXXXXq6xXFXXXw.jpg?quality=close\"><\/p>\n<p class=\"magic-19\"><span style=\"color: #003fff; font-size: large;\"><b data-spm-anchor-id=\"a2700.details.0.i53.400639a3eDvjus\">Ihr Problem, das wir l\u00f6sen &#8211;FAQ<\/b><\/span><\/p>\n<p class=\"magic-19\"><b><span style=\"font-size: large;\">Q1. Was ist Ihr Paket<br \/>\nA: Starke braune Box<br \/>\nQ2. Wie lauten Ihre Zahlungsbedingungen?<br \/>\nA: T\/T 30 % als Anzahlung und 70 % vor Lieferung, wenn das Konto mehr als 10.000,00 US-Dollar betr\u00e4gt<br \/>\n<\/span><\/b><\/p>\n<p class=\"magic-19\"><b><span style=\"font-size: large;\">Q3. Wie lauten Ihre Lieferbedingungen?<br \/>\nA: EXW, UHRKETTE, CIF<br \/>\nQ4. Wie sieht es mit Ihrer Lieferzeit aus?<br \/>\nA: Im Allgemeinen dauert es 3-5 Werktage nach Erhalt Ihrer Vorauszahlung. Die spezifische Lieferzeit h\u00e4ngt davon ab<br \/>\nauf die Artikel und die Menge Ihrer Bestellung.<br \/>\nQ6. Testen Sie alle Ihre Waren vor der Auslieferung?<br \/>\nA: Ja, wir haben einen 100%-Test vor der Auslieferung<br \/>\nQ7: Wie machen Sie unser Gesch\u00e4ft zu einer langfristigen und guten Beziehung?<br \/>\nA:1. Wir halten gute Qualit\u00e4t und den wettbewerbsf\u00e4higsten Preis, um sicherzustellen, dass unsere Kunden davon profitieren.<br \/>\nA:2. Wir respektieren jeden Kunden als unseren Freund und wir machen aufrichtig Gesch\u00e4fte und freunden uns mit ihnen an, egal woher sie kommen.<\/span><\/b><\/p>\n<p><img decoding=\"async\" src=\"https:\/\/s.alicdn.com\/@sc04\/kf\/Ha43def8a2df44eac925e2c3ab5a1b97b2\/230438700\/Ha43def8a2df44eac925e2c3ab5a1b97b2.jpg?quality=close\"><\/p>\n<\/div>\n<\/div>\n<\/div>\n<\/div>\n<\/div>\n<\/div>\n<\/div>\n<\/div>\n<\/div>\n<\/div>\n<\/div>\n<\/div>\n<\/div>\n","protected":false},"excerpt":{"rendered":"<p>&nbsp;<\/p>\n<div style=\"width: auto;\">\n<div style=\"min-width: 300px; max-width: 300px; word-wrap: break-word; float: left;\">Herkunftsort: Guangdong, China<\/div>\n<div style=\"min-width: 300px; max-width: 300px; word-wrap: break-word; float: left;\">Markenname: Puci<\/div>\n<\/div>\n<div style=\"width: auto;\">\n<div style=\"min-width: 300px; max-width: 300px; word-wrap: break-word; float: left;\">Modellnummer: Bgun<\/div>\n<div style=\"min-width: 300px; max-width: 300px; word-wrap: break-word; float: left;\">Funktion: Aromatisch zur Aufl\u00f6sung von Feuchtigkeit, Verbesserung der K\u00f6rperqualit\u00e4t<\/div>\n<\/div>\n<div style=\"width: auto;\">\n<div style=\"min-width: 300px; max-width: 300px; word-wrap: break-word; float: left;\">Anwendung: Zur\u00fcck<\/div>\n<div style=\"min-width: 300px; max-width: 300px; word-wrap: break-word; float: left;\">Haltbarkeit: 1 Jahre<\/div>\n<\/div>\n<div style=\"width: auto;\">\n<div style=\"min-width: 300px; max-width: 300px; word-wrap: break-word; float: left;\">Qualit\u00e4tszertifizierung: ce<\/div>\n<div style=\"min-width: 300px; max-width: 300px; word-wrap: break-word; float: left;\">Instrumentenklassifizierung: Klasse II<\/div>\n<\/div>\n<div style=\"width: auto;\">\n<div style=\"min-width: 300px; max-width: 300px; word-wrap: break-word; float: left;\">Sicherheitsstandard: Keine<\/div>\n<div style=\"min-width: 300px; max-width: 300px; word-wrap: break-word; float: left;\">Eigenschaften: Ger\u00e4t f\u00fcr chinesische Medizin<\/div>\n<\/div>\n<div style=\"width: auto;\">\n<div style=\"min-width: 300px; max-width: 300px; word-wrap: break-word; float: left;\">Typ: Schr\u00f6pfbecher<\/div>\n<div style=\"min-width: 300px; max-width: 300px; word-wrap: break-word; float: left;\">Farbe: Transparent<\/div>\n<\/div>\n<div style=\"width: auto;\">\n<div style=\"min-width: 300px; max-width: 300px; word-wrap: break-word; float: left;\">Material: Kunststoff<\/div>\n<div style=\"min-width: 300px; max-width: 300px; word-wrap: break-word; float: left;\">Typen: Saugn\u00e4pfe<\/div>\n<\/div>\n","protected":false},"featured_media":7108,"comment_status":"closed","ping_status":"closed","template":"","meta":[],"product_cat":[133],"product_tag":[],"class_list":["post-12970","product","type-product","status-publish","has-post-thumbnail","hentry","product_cat-schropfbecher"],"_links":{"self":[{"href":"https:\/\/anbanjia.com.cn\/de\/wp-json\/wp\/v2\/product\/12970","targetHints":{"allow":["GET"]}}],"collection":[{"href":"https:\/\/anbanjia.com.cn\/de\/wp-json\/wp\/v2\/product"}],"about":[{"href":"https:\/\/anbanjia.com.cn\/de\/wp-json\/wp\/v2\/types\/product"}],"replies":[{"embeddable":true,"href":"https:\/\/anbanjia.com.cn\/de\/wp-json\/wp\/v2\/comments?post=12970"}],"wp:featuredmedia":[{"embeddable":true,"href":"https:\/\/anbanjia.com.cn\/de\/wp-json\/wp\/v2\/media\/7108"}],"wp:attachment":[{"href":"https:\/\/anbanjia.com.cn\/de\/wp-json\/wp\/v2\/media?parent=12970"}],"wp:term":[{"taxonomy":"product_cat","embeddable":true,"href":"https:\/\/anbanjia.com.cn\/de\/wp-json\/wp\/v2\/product_cat?post=12970"},{"taxonomy":"product_tag","embeddable":true,"href":"https:\/\/anbanjia.com.cn\/de\/wp-json\/wp\/v2\/product_tag?post=12970"}],"curies":[{"name":"wp","href":"https:\/\/api.w.org\/{rel}","templated":true}]}}