{"id":12954,"date":"2022-05-02T18:07:29","date_gmt":"2022-05-02T18:07:29","guid":{"rendered":"https:\/\/www.anbanjia.com.cn\/product\/leichte-tragbare-motorisierte-rollstuehle-aus-aluminium-elektrische-rollstuehle-fuer-den-innenbereich\/"},"modified":"2022-05-02T18:07:29","modified_gmt":"2022-05-02T18:07:29","slug":"aluminium-leichtgewichtige-tragbare-motorisierte-rollstuhle-reisen-flughafen-faltbare-elektrische-rollstuhle-fur-den-innenbereich","status":"publish","type":"product","link":"https:\/\/anbanjia.com.cn\/de\/produkt\/aluminium-leichtgewichtige-tragbare-motorisierte-rollstuhle-reisen-flughafen-faltbare-elektrische-rollstuhle-fur-den-innenbereich\/","title":{"rendered":"Leichte tragbare motorisierte Rollst\u00fchle aus Aluminium, elektrische Rollst\u00fchle f\u00fcr den Innenbereich"},"content":{"rendered":"<div style=\"max-width: 750px; margin: 0 auto;\">\n<div id=\"detail_decorate_root\" data-magic-global=\"%7B%22bizId%22%3A3215165050%2C%22pageId%22%3A21052955827%2C%22siteId%22%3A5005610021%7D\">\n<div class=\"J_module\">\n<div class=\"detail-decorate-json-renderer-container\">\n<div class=\"magic-0\">\n<div class=\"magic-1\">\n<div class=\"magic-2\">\n<div class=\"magic-3\"><\/div>\n<\/div>\n<\/div>\n<\/div>\n<\/div>\n<\/div>\n<div class=\"J_module\">\n<div class=\"ife-detail-decorate-table\">\n<p data-spm-anchor-id=\"a2700.wholesale.0.i26.1ddb4ea6zFMkjs\"><strong> leichter Elektrorollstuhl<\/strong><\/p>\n<table border=\"1\">\n<tbody>\n<tr>\n<td>Sitzgr\u00f6\u00dfe<\/td>\n<td>43*41*54cm<\/td>\n<\/tr>\n<tr>\n<td>Rahmen<\/td>\n<td>Magnesiumlegierung<\/td>\n<\/tr>\n<tr>\n<td>Polster<\/td>\n<td>3D-PU-Sitzkissen<\/td>\n<\/tr>\n<tr>\n<td>Faltma\u00df<\/td>\n<td>30*59*77cm<\/td>\n<\/tr>\n<tr>\n<td>Batterie<\/td>\n<td>6ah\/10ah<\/td>\n<\/tr>\n<tr>\n<td>Ladekapazit\u00e4t<\/td>\n<td>160kg<\/td>\n<\/tr>\n<tr>\n<td>Nettogewicht<\/td>\n<td>23kg<\/td>\n<\/tr>\n<tr>\n<td>Distanz<\/td>\n<td>10km\/20km<\/td>\n<\/tr>\n<tr>\n<td>Motor-<\/td>\n<td>180 W*2<\/td>\n<\/tr>\n<\/tbody>\n<\/table>\n<p>&nbsp;<\/p>\n<p>Es stehen 2 Batterien zur Auswahl, eine hat 6 Ah, die andere 10 Ah. Wir k\u00f6nnen den Rollstuhl mit einer 6 Ah-Batterie zum Flughafen bringen. (Verschiedene L\u00e4nder haben unterschiedliche Richtlinien, und einige L\u00e4nder d\u00fcrfen ihn m\u00f6glicherweise nicht an Bord nehmen.)<\/p>\n<div id=\"target-textblock\">\n<div id=\"texttarget\">\n<p>&nbsp;<\/p>\n<\/div>\n<\/div>\n<p><img decoding=\"async\" src=\"https:\/\/s.alicdn.com\/@sc01\/kf\/Hbd613deadc614539ada5260db0c5a3a35\/230438700\/Hbd613deadc614539ada5260db0c5a3a35.jpg?quality=close\" alt=\"Magnesium alloy lightweight handicapped joystick wheelchair for travel\" width=\"750\" height=\"750\" data-src=\"\/\/s.alicdn.com\/@sc01\/kf\/Hbd613deadc614539ada5260db0c5a3a35\/230438700\/Hbd613deadc614539ada5260db0c5a3a35.jpg?quality=close\" data-alt=\"Magnesium alloy lightweight handicapped joystick wheelchair for travel\"><img decoding=\"async\" src=\"https:\/\/s.alicdn.com\/@sc01\/kf\/He257ca0981f549ddb9aa6e0b13fe51c5W\/230438700\/He257ca0981f549ddb9aa6e0b13fe51c5W.jpg?quality=close\" alt=\"Magnesium alloy lightweight handicapped joystick wheelchair for travel\" width=\"750\" height=\"1140\" data-src=\"\/\/s.alicdn.com\/@sc01\/kf\/He257ca0981f549ddb9aa6e0b13fe51c5W\/230438700\/He257ca0981f549ddb9aa6e0b13fe51c5W.jpg?quality=close\" data-alt=\"Magnesium alloy lightweight handicapped joystick wheelchair for travel\"><img decoding=\"async\" src=\"https:\/\/s.alicdn.com\/@sc01\/kf\/Ha57e5032d6534701bdc9b77c5728a9007\/230438700\/Ha57e5032d6534701bdc9b77c5728a9007.jpg?quality=close\" alt=\"Magnesium alloy lightweight handicapped joystick wheelchair for travel\" width=\"750\" height=\"412.0253164556962\" data-src=\"\/\/s.alicdn.com\/@sc01\/kf\/Ha57e5032d6534701bdc9b77c5728a9007\/230438700\/Ha57e5032d6534701bdc9b77c5728a9007.jpg?quality=close\" data-alt=\"Magnesium alloy lightweight handicapped joystick wheelchair for travel\"><img decoding=\"async\" src=\"https:\/\/s.alicdn.com\/@sc02\/kf\/Hb65d138c039b415aa2b618f7dfebaff5v\/230438700\/Hb65d138c039b415aa2b618f7dfebaff5v.jpg?quality=close\" alt=\"Magnesium alloy lightweight handicapped joystick wheelchair for travel\" width=\"750\" height=\"750\" data-src=\"\/\/s.alicdn.com\/@sc02\/kf\/Hb65d138c039b415aa2b618f7dfebaff5v\/230438700\/Hb65d138c039b415aa2b618f7dfebaff5v.jpg?quality=close\" data-alt=\"Magnesium alloy lightweight handicapped joystick wheelchair for travel\"><img decoding=\"async\" src=\"https:\/\/s.alicdn.com\/@sc01\/kf\/H6d15580d6efe4d2cbaee0d44244b0f4f8\/230438700\/H6d15580d6efe4d2cbaee0d44244b0f4f8.jpg?quality=close\" alt=\"Magnesium alloy lightweight handicapped joystick wheelchair for travel\" width=\"750\" height=\"750\" data-src=\"\/\/s.alicdn.com\/@sc01\/kf\/H6d15580d6efe4d2cbaee0d44244b0f4f8\/230438700\/H6d15580d6efe4d2cbaee0d44244b0f4f8.jpg?quality=close\" data-alt=\"Magnesium alloy lightweight handicapped joystick wheelchair for travel\"><img decoding=\"async\" src=\"https:\/\/s.alicdn.com\/@sc01\/kf\/H61ed2246b0eb4983811d1dd51f529636Z\/230438700\/H61ed2246b0eb4983811d1dd51f529636Z.jpg?quality=close\" alt=\"Magnesium alloy lightweight handicapped joystick wheelchair for travel\" width=\"750\" height=\"750\" data-src=\"\/\/s.alicdn.com\/@sc01\/kf\/H61ed2246b0eb4983811d1dd51f529636Z\/230438700\/H61ed2246b0eb4983811d1dd51f529636Z.jpg?quality=close\" data-alt=\"Magnesium alloy lightweight handicapped joystick wheelchair for travel\"><img decoding=\"async\" src=\"https:\/\/s.alicdn.com\/@sc02\/kf\/H0e60f1ac647a4e4c94b44eeacb0599f8M\/230438700\/H0e60f1ac647a4e4c94b44eeacb0599f8M.jpg?quality=close\" alt=\"Magnesium alloy lightweight handicapped joystick wheelchair for travel\" width=\"750\" height=\"750\" data-src=\"\/\/s.alicdn.com\/@sc02\/kf\/H0e60f1ac647a4e4c94b44eeacb0599f8M\/230438700\/H0e60f1ac647a4e4c94b44eeacb0599f8M.jpg?quality=close\" data-alt=\"Magnesium alloy lightweight handicapped joystick wheelchair for travel\"><img decoding=\"async\" src=\"https:\/\/s.alicdn.com\/@sc02\/kf\/Hf7f2053724cf474f8d184a19a57236bbK\/230438700\/Hf7f2053724cf474f8d184a19a57236bbK.jpg?quality=close\" alt=\"Magnesium alloy lightweight handicapped joystick wheelchair for travel\" width=\"750\" height=\"750\" data-src=\"\/\/s.alicdn.com\/@sc02\/kf\/Hf7f2053724cf474f8d184a19a57236bbK\/230438700\/Hf7f2053724cf474f8d184a19a57236bbK.jpg?quality=close\" data-alt=\"Magnesium alloy lightweight handicapped joystick wheelchair for travel\"><\/p>\n<\/div>\n<\/div>\n<\/div>\n<\/div>\n","protected":false},"excerpt":{"rendered":"<p>&nbsp;<\/p>\n<div style=\"width: auto;\">\n<div style=\"min-width: 300px; max-width: 300px; word-wrap: break-word; float: left;\">Herkunftsort: China<\/div>\n<div style=\"min-width: 300px; max-width: 300px; word-wrap: break-word; float: left;\">Markenname: Anbanjia<\/div>\n<\/div>\n<div style=\"width: auto;\">\n<div style=\"min-width: 300px; max-width: 300px; word-wrap: break-word; float: left;\">Modellnummer: 111A<\/div>\n<div style=\"min-width: 300px; max-width: 300px; word-wrap: break-word; float: left;\">Leistung: 201-500 W<\/div>\n<\/div>\n<div style=\"width: auto;\">\n<div style=\"min-width: 300px; max-width: 300px; word-wrap: break-word; float: left;\">Spannung: 24 V<\/div>\n<div style=\"min-width: 300px; max-width: 300px; word-wrap: break-word; float: left;\">Faltbar: Ja<\/div>\n<\/div>\n<div style=\"width: auto;\">\n<div style=\"min-width: 300px; max-width: 300px; word-wrap: break-word; float: left;\">H\u00f6chstgeschwindigkeit:&lt; 30 km\/h<\/div>\n<div style=\"min-width: 300px; max-width: 300px; word-wrap: break-word; float: left;\">Smart-Typ:Elektronisch<\/div>\n<\/div>\n<div style=\"width: auto;\">\n<div style=\"min-width: 300px; max-width: 300px; word-wrap: break-word; float: left;\">Gesamtgr\u00f6\u00dfe: 59 x 97,5 x 97 cm<\/div>\n<div style=\"min-width: 300px; max-width: 300px; word-wrap: break-word; float: left;\">Faltgr\u00f6\u00dfe: 30 * 59 * 77 cm<\/div>\n<\/div>\n<div style=\"width: auto;\">\n<div style=\"min-width: 300px; max-width: 300px; word-wrap: break-word; float: left;\">Batterie: 10 Ah<\/div>\n<div style=\"min-width: 300px; max-width: 300px; word-wrap: break-word; float: left;\">Belastbarkeit: 160 kg<\/div>\n<\/div>\n<div style=\"width: auto;\">\n<div style=\"min-width: 300px; max-width: 300px; word-wrap: break-word; float: left;\">Nettogewicht: 23 kg<\/div>\n<div style=\"min-width: 300px; max-width: 300px; word-wrap: break-word; float: left;\">Entfernung: 20 km<\/div>\n<\/div>\n<div>Kundenspezifisches Logo (Mindestbestellmenge: 500 St\u00fcck)<\/div>\n<div>Kundenspezifische Verpackung (Mindestbestellmenge: 500 St\u00fcck)<\/div>\n","protected":false},"featured_media":12774,"comment_status":"closed","ping_status":"closed","template":"","meta":[],"product_cat":[130],"product_tag":[],"class_list":["post-12954","product","type-product","status-publish","has-post-thumbnail","hentry","product_cat-elektrischer-rollstuhl"],"_links":{"self":[{"href":"https:\/\/anbanjia.com.cn\/de\/wp-json\/wp\/v2\/product\/12954","targetHints":{"allow":["GET"]}}],"collection":[{"href":"https:\/\/anbanjia.com.cn\/de\/wp-json\/wp\/v2\/product"}],"about":[{"href":"https:\/\/anbanjia.com.cn\/de\/wp-json\/wp\/v2\/types\/product"}],"replies":[{"embeddable":true,"href":"https:\/\/anbanjia.com.cn\/de\/wp-json\/wp\/v2\/comments?post=12954"}],"wp:featuredmedia":[{"embeddable":true,"href":"https:\/\/anbanjia.com.cn\/de\/wp-json\/wp\/v2\/media\/12774"}],"wp:attachment":[{"href":"https:\/\/anbanjia.com.cn\/de\/wp-json\/wp\/v2\/media?parent=12954"}],"wp:term":[{"taxonomy":"product_cat","embeddable":true,"href":"https:\/\/anbanjia.com.cn\/de\/wp-json\/wp\/v2\/product_cat?post=12954"},{"taxonomy":"product_tag","embeddable":true,"href":"https:\/\/anbanjia.com.cn\/de\/wp-json\/wp\/v2\/product_tag?post=12954"}],"curies":[{"name":"wp","href":"https:\/\/api.w.org\/{rel}","templated":true}]}}