{"id":12943,"date":"2022-05-02T18:07:32","date_gmt":"2022-05-02T18:07:32","guid":{"rendered":"https:\/\/www.anbanjia.com.cn\/product\/ce-gepruefter-leichter-behindertengerechter-rollstuhl-einfach-zusammenklappbarer-behindertengerechter-elektrorollstuhl-aus-aluminiumlegierung\/"},"modified":"2022-05-02T18:07:32","modified_gmt":"2022-05-02T18:07:32","slug":"ce-zugelassener-leichtgewichtiger-behindertenrollstuhl-einfaches-falten-aluminiumlegierung-behinderten-liegender-elektrischer-rollstuhl","status":"publish","type":"product","link":"https:\/\/anbanjia.com.cn\/de\/produkt\/ce-zugelassener-leichtgewichtiger-behindertenrollstuhl-einfaches-falten-aluminiumlegierung-behinderten-liegender-elektrischer-rollstuhl\/","title":{"rendered":"CE-gepr\u00fcfter, leichter, behindertengerechter Rollstuhl, einfach zusammenklappbarer, behindertengerechter Elektrorollstuhl aus Aluminiumlegierung"},"content":{"rendered":"<div style=\"max-width: 750px;margin: 0 auto;\">\n<div data-magic-global=\"%7B%22bizId%22%3A3215165050%2C%22pageId%22%3A20178651991%2C%22siteId%22%3A5005610021%7D\" id=\"detail_decorate_root\">\n<div class=\"J_module\" module-id=\"25692241127\" module-title=\"detailTextWithTitle\" render=\"true\">\n<div class=\"detail-decorate-json-renderer-container\">\n<div class=\"magic-1\">\n<h3 class=\"magic-2\"><\/h3>\n<h3 class=\"magic-3\">CE-gepr\u00fcfter leichter Rollstuhl f\u00fcr Behinderte Einfach zusammenklappbarer elektrischer Rollstuhl f\u00fcr Behinderte aus Aluminiumlegierung<br \/><\/h3>\n<div class=\"magic-4\">\n<div class=\"magic-5\">\n<div class=\"magic-6\"><\/div>\n<\/div>\n<\/div>\n<\/div>\n<\/div>\n<\/div>\n<div class=\"J_module\" module-id=\"25692241128\" module-title=\"detailTextWithTitle\" render=\"true\">\n<div class=\"detail-decorate-json-renderer-container\">\n<div class=\"magic-1\">\n<h3 class=\"magic-2\"><\/h3>\n<h3 class=\"magic-7\">\n<div class=\"magic-8\"><span class=\"magic-9\"><font color=\"#5f5fff\" face=\"Arial, Helvetica\" size=\"4\">Bitte kontaktieren Sie den Verk\u00e4ufer, wenn Sie die Farbe \u00e4ndern m\u00f6chten, versenden Sie normalerweise den Elektrorollstuhl in Siliver-Farbe.<\/font><\/span><\/div>\n<p><font color=\"#5f5fff\" face=\"Arial, Helvetica\" size=\"4\"><\/p>\n<div class=\"magic-8\"><span class=\"magic-9\"><font>Dieser elektrische Rollstuhl, der die goldene, blaue, rote, braune, silberne, wei\u00dfe Farbe hat, ist willkommen f\u00fcr Ihre Bestellung<\/font><\/span><span class=\"magic-9\"> <\/span><\/div>\n<p><\/font><\/h3>\n<div class=\"magic-4\">\n<div class=\"magic-5\">\n<div class=\"magic-6\">\n<div class=\"magic-8\"><font face=\"Arial, Helvetica\"> <b> <\/b><span class=\"magic-10\"><font size=\"4\"><b>Begr\u00fc\u00dfen Sie Ihre Anfrage zu unserem Rollstuhl.<\/b><\/font><\/span><\/font><\/div>\n<\/div>\n<\/div>\n<\/div>\n<\/div>\n<\/div>\n<\/div>\n<div class=\"J_module\" module-id=\"25692241129\" module-title=\"detailSingleImage\" render=\"true\">\n<div class=\"icbu-pc-images magic-11\">\n<div>\n<div class=\"flex-layout-v\">\n<div class=\"flex-layout-h magic-11\">\n<div class=\"magic-12\"><img decoding=\"async\" class=\"magic-13\" data-src=\"\" src=\"https:\/\/anbanjia.com.cn\/wp-content\/uploads\/2022\/05\/HTB1ZgmeRVXXXXbbXXXX760XFXXXb.png\" style=\"max-width: 750;\"><\/div>\n<\/div>\n<\/div>\n<\/div>\n<\/div>\n<\/div>\n<div class=\"J_module\" module-id=\"25692241130\" module-title=\"detailSingleImage\" render=\"true\">\n<div class=\"icbu-pc-images magic-11\">\n<div>\n<div class=\"flex-layout-v\">\n<div class=\"flex-layout-h magic-11\">\n<div class=\"magic-14\"><img decoding=\"async\" class=\"magic-15\" data-src=\"\" src=\"https:\/\/anbanjia.com.cn\/wp-content\/uploads\/2022\/05\/HTB12bhlRVXXXXX6aFXX760XFXXXp.png\"><\/div>\n<\/div>\n<\/div>\n<\/div>\n<\/div>\n<\/div><\/div>\n<\/div>\n","protected":false},"excerpt":{"rendered":"<div style=\"width:auto\">\n<div style=\"min-width: 300px;max-width: 300px;word-wrap: break-word;float: left\">Eigenschaften: Zubeh\u00f6r f\u00fcr die Rehabilitationstherapie <\/div>\n<div style=\"min-width: 300px;max-width: 300px;word-wrap: break-word;float: left\">Herkunftsort: Guangdong, China<\/div>\n<\/p><\/div>\n<div style=\"width:auto\">\n<div style=\"min-width: 300px;max-width: 300px;word-wrap: break-word;float: left\">Markenname: OEM-ODM <\/div>\n<div style=\"min-width: 300px;max-width: 300px;word-wrap: break-word;float: left\">Modellnummer: ABJ5513A<\/div>\n<\/p><\/div>\n<div style=\"width:auto\">\n<div style=\"min-width: 300px;max-width: 300px;word-wrap: break-word;float: left\">Typ: Rollstuhl <\/div>\n<div style=\"min-width: 300px;max-width: 300px;word-wrap: break-word;float: left\">Zertifikat:ECM,EPRE<\/div>\n<\/p><\/div>\n<div style=\"width:auto\">\n<div style=\"min-width: 300px;max-width: 300px;word-wrap: break-word;float: left\">Funktion: Falten <\/div>\n<div style=\"min-width: 300px;max-width: 300px;word-wrap: break-word;float: left\">Gr\u00f6\u00dfe: 89 x 61 x 97 cm<\/div>\n<\/p><\/div>\n<div style=\"width:auto\">\n<div style=\"min-width: 300px;max-width: 300px;word-wrap: break-word;float: left\">Motor: 24 V \/ 200 W * 2 b\u00fcndig <\/div>\n<div style=\"min-width: 300px;max-width: 300px;word-wrap: break-word;float: left\">Gewichtskapazit\u00e4t: Gewichtskapazit\u00e4t<\/div>\n<\/p><\/div>\n<div style=\"width:auto\">\n<div style=\"min-width: 300px;max-width: 300px;word-wrap: break-word;float: left\">Batterien: 2 * 24V6Ah LITHIUM-BATTERIE <\/div>\n<div style=\"min-width: 300px;max-width: 300px;word-wrap: break-word;float: left\">Rahmen:: Spr\u00fchrahmen aus Aluminiumlegierung<\/div>\n<\/p><\/div>\n<div style=\"width:auto\">\n<div style=\"min-width: 300px;max-width: 300px;word-wrap: break-word;float: left\">Nettogewicht: 19,8 kg <\/div>\n<div style=\"min-width: 300px;max-width: 300px;word-wrap: break-word;float: left\">Farbe: Silber, Blau, Rot, Schwarz, Braun, Wei\u00df<\/div>\n<\/p><\/div>\n","protected":false},"featured_media":8085,"comment_status":"closed","ping_status":"closed","template":"","meta":[],"product_cat":[130],"product_tag":[],"class_list":["post-12943","product","type-product","status-publish","has-post-thumbnail","hentry","product_cat-elektrischer-rollstuhl"],"_links":{"self":[{"href":"https:\/\/anbanjia.com.cn\/de\/wp-json\/wp\/v2\/product\/12943","targetHints":{"allow":["GET"]}}],"collection":[{"href":"https:\/\/anbanjia.com.cn\/de\/wp-json\/wp\/v2\/product"}],"about":[{"href":"https:\/\/anbanjia.com.cn\/de\/wp-json\/wp\/v2\/types\/product"}],"replies":[{"embeddable":true,"href":"https:\/\/anbanjia.com.cn\/de\/wp-json\/wp\/v2\/comments?post=12943"}],"wp:featuredmedia":[{"embeddable":true,"href":"https:\/\/anbanjia.com.cn\/de\/wp-json\/wp\/v2\/media\/8085"}],"wp:attachment":[{"href":"https:\/\/anbanjia.com.cn\/de\/wp-json\/wp\/v2\/media?parent=12943"}],"wp:term":[{"taxonomy":"product_cat","embeddable":true,"href":"https:\/\/anbanjia.com.cn\/de\/wp-json\/wp\/v2\/product_cat?post=12943"},{"taxonomy":"product_tag","embeddable":true,"href":"https:\/\/anbanjia.com.cn\/de\/wp-json\/wp\/v2\/product_tag?post=12943"}],"curies":[{"name":"wp","href":"https:\/\/api.w.org\/{rel}","templated":true}]}}