{"id":12908,"date":"2022-05-02T18:07:37","date_gmt":"2022-05-02T18:07:37","guid":{"rendered":"https:\/\/www.anbanjia.com.cn\/product\/leichtes-automatisches-elektrisches-treppensteigen-rollstuhl-krankenhaus-gebrauchter-faltstuhl-rollstuhl\/"},"modified":"2022-05-02T18:07:37","modified_gmt":"2022-05-02T18:07:37","slug":"leichter-automatischer-elektrischer-treppensteigender-rollstuhl-krankenhaus-gebrauchter-klappstuhl-rollstuhl","status":"publish","type":"product","link":"https:\/\/anbanjia.com.cn\/de\/produkt\/leichter-automatischer-elektrischer-treppensteigender-rollstuhl-krankenhaus-gebrauchter-klappstuhl-rollstuhl\/","title":{"rendered":"Leichtes automatisches elektrisches Treppensteigen-Rollstuhl-Krankenhaus Gebrauchter Faltstuhl-Rollstuhl"},"content":{"rendered":"<div style=\"max-width: 750px;margin: 0 auto;\">\n<p><strong><span style=\"font-size: 32px; font-family: 'comic sans ms', sans-serif;\">Automatisches elektrisches Treppensteigen-Rollstuhl-Krankenhaus Gebrauchter Klappstuhl-Rollstuhl<\/span><\/strong><\/p>\n<p><span style=\"font-size: 18px; font-family: 'comic sans ms', sans-serif; color: #0000ff;\">1.f\u00fcr Krankenh\u00e4user, Notaufnahmen, Feuerwehr, Rettungswagen, Familie, die Patienten die Treppe hinauf und hinunter schleppt <br \/>2. die Hauptverwendung von Hochhaus-Treppentrage-Transfer des Patienten die Treppe hinauf und hinunter, eine Person kann bedienen<br \/>3. eine einzigartige Schienenstruktur, bequem und sicher, wenn die Trage die Treppe hinuntergeht<br \/>4. Trage mit insgesamt vier R\u00e4dern zum einfachen Bewegen auf dem Boden<br \/>5. Es besteht aus hochfestem Edelstahlmaterial<br \/>6. Rollengr\u00f6\u00dfen: Durchmesser 125\/75 mm<\/span><\/p>\n<p><span style=\"font-size: 18px; font-family: 'comic sans ms', sans-serif; color: #0000ff;\"><img decoding=\"async\" data-alt=\"Lightweight Automatic Electric Stair Climbing Wheelchair Hospital Used folded chair wheelchair\" data-src=\"\" ori-height=\"2704\" ori-width=\"770\" src=\"https:\/\/anbanjia.com.cn\/wp-content\/uploads\/2022\/05\/HTB1HyPjvpuWBuNjSszbq6AS7FXaE-scaled.jpg\" style=\"max-width: 750;\"><img decoding=\"async\" data-alt=\"Lightweight Automatic Electric Stair Climbing Wheelchair Hospital Used folded chair wheelchair\" data-src=\"\" ori-height=\"2927\" ori-width=\"769\" src=\"https:\/\/anbanjia.com.cn\/wp-content\/uploads\/2022\/05\/HTB1BzGOcMZC2uNjSZFnq6yxZpXak-scaled.jpg\"><img decoding=\"async\" data-alt=\"Lightweight Automatic Electric Stair Climbing Wheelchair Hospital Used folded chair wheelchair\" data-height=\"3089\" data-src=\"\" data-width=\"771\" ori-height=\"8010\" ori-width=\"2000\" src=\"https:\/\/anbanjia.com.cn\/wp-content\/uploads\/2022\/05\/HTB1iolwhCYTBKNjSZKbq6xJ8pXaI-scaled.jpg\"><img decoding=\"async\" data-alt=\"Lightweight Automatic Electric Stair Climbing Wheelchair Hospital Used folded chair wheelchair\" data-height=\"3581\" data-src=\"\" data-width=\"769\" ori-height=\"9312\" ori-width=\"2000\" src=\"https:\/\/anbanjia.com.cn\/wp-content\/uploads\/2022\/05\/HTB1NUuRhyMnBKNjSZFoq6zOSFXa5-scaled.jpg\"><\/span><\/p>\n<div class=\"mceSectionContainer\" data-section=\"AliPostDhMb-4dayk\" data-section-title=\"Packaging &amp; Shipping\" id=\"ali-anchor-AliPostDhMb-4dayk\" style=\"padding-top: 8px;\">\n<div id=\"ali-title-AliPostDhMb-4dayk\" style=\"padding: 8px 0; border-bottom: 1px solid #ddd;\"><span style=\"background-color: #ddd; color: #333; font-weight: bold; padding: 8px 10px; line-height: 12px;\">Verpackung &amp; Versand<\/span><\/div>\n<div style=\"padding: 10px 0;\">\n<p> <img decoding=\"async\" data-alt=\"Lightweight Automatic Electric Stair Climbing Wheelchair Hospital Used folded chair wheelchair\" data-src=\"\" ori-height=\"576\" ori-width=\"756\" src=\"https:\/\/anbanjia.com.cn\/wp-content\/uploads\/2022\/05\/HTB1FNB_d7KWBuNjy1zjq6AOypXav.jpg\"><img decoding=\"async\" data-alt=\"Lightweight Automatic Electric Stair Climbing Wheelchair Hospital Used folded chair wheelchair\" data-height=\"577\" data-src=\"\" data-width=\"769\" ori-height=\"1080\" ori-width=\"1440\" src=\"https:\/\/anbanjia.com.cn\/wp-content\/uploads\/2022\/05\/HTB1CEdohqAoBKNjSZSyq6yHAVXat.jpg\"><\/p>\n<\/div>\n<\/div>\n<div class=\"mceSectionContainer\" data-section=\"AliPostDhMb-fevj2\" data-section-title=\"Our Services\" id=\"ali-anchor-AliPostDhMb-fevj2\" style=\"padding-top: 8px;\">\n<div id=\"ali-title-AliPostDhMb-fevj2\" style=\"padding: 8px 0; border-bottom: 1px solid #ddd;\"><span style=\"background-color: #ddd; color: #333; font-weight: bold; padding: 8px 10px; line-height: 12px;\">Unsere Dienstleistungen<\/span><\/div>\n<div style=\"padding: 10px 0;\">\n<p><span style=\"font-size: 18px;\">Wir k\u00fcmmern uns ernsthaft um Ihre Bestellung und sch\u00e4tzen jede an uns gesendete Anfrage, um einen schnellen wettbewerbsf\u00e4higen Preis zu gew\u00e4hrleisten.<\/span><br \/><span style=\"font-size: 18px;\">P\u00fcnktliche Lieferzeit:<\/span><br \/><span style=\"font-size: 18px;\">&#8211; Wir geben Ihre Bestellung auf und handeln sofort, stellen Ihre p\u00fcnktliche Lieferzeit sicher<\/span><\/p>\n<p><span style=\"font-size: 18px;\">\u00dcberpr\u00fcfen Sie vor dem Versand:<\/span><br \/><span style=\"font-size: 18px;\">&#8211; Unsere Inspektionskollegen \u00fcberpr\u00fcfen die Qualit\u00e4t vor dem Verpacken zum Versand. Wir machen eine Versandbenachrichtigung, sobald Ihre Bestellung versandt wurde<\/span><\/p>\n<p><span style=\"font-size: 18px;\">Kundendienst :<\/span><br \/><span style=\"font-size: 18px;\">Wir freuen uns \u00fcber Ihre Anfrage zur Ware und respektieren Ihr Feedback nach Erhalt der Ware.<\/span><\/p>\n<\/div>\n<\/div>\n<div class=\"mceSectionContainer\" data-section=\"AliPostDhMb-txiy3\" data-section-title=\"Contact Information\" id=\"ali-anchor-AliPostDhMb-txiy3\" style=\"padding-top: 8px;\">\n<div id=\"ali-title-AliPostDhMb-txiy3\" style=\"padding: 8px 0; border-bottom: 1px solid #ddd;\"><span style=\"background-color: #ddd; color: #333; font-weight: bold; padding: 8px 10px; line-height: 12px;\">Kontaktinformation<\/span><\/div>\n<div style=\"padding: 10px 0;\">\n<p><img decoding=\"async\" data-src=\"\" ori-height=\"271\" ori-width=\"760\" src=\"https:\/\/anbanjia.com.cn\/wp-content\/uploads\/2022\/05\/Hee9408d448ab460f94c285e537e347025.png\"><\/p>\n<\/div>\n<\/div>\n<\/div>\n","protected":false},"excerpt":{"rendered":"<div style=\"width:auto\">\n<div style=\"min-width: 300px;max-width: 300px;word-wrap: break-word;float: left\">Herkunftsort: Guangdong, China <\/div>\n<div style=\"min-width: 300px;max-width: 300px;word-wrap: break-word;float: left\">Markenname:Anbnajia<\/div>\n<\/p><\/div>\n<div style=\"width:auto\">\n<div style=\"min-width: 300px;max-width: 300px;word-wrap: break-word;float: left\">Modellnummer: ABJ-11B <\/div>\n<div style=\"min-width: 300px;max-width: 300px;word-wrap: break-word;float: left\">Instrumentenklassifizierung: Klasse I<\/div>\n<\/p><\/div>\n<div style=\"width:auto\">\n<div style=\"min-width: 300px;max-width: 300px;word-wrap: break-word;float: left\">Garantie: KEINE <\/div>\n<div style=\"min-width: 300px;max-width: 300px;word-wrap: break-word;float: left\">Kundendienst: KEINE<\/div>\n<\/p><\/div>\n<div style=\"width:auto\">\n<div style=\"min-width: 300px;max-width: 300px;word-wrap: break-word;float: left\">Sitzbreite: 47 cm <\/div>\n<div style=\"min-width: 300px;max-width: 300px;word-wrap: break-word;float: left\">Sitztiefe: 47,5 cm<\/div>\n<\/p><\/div>\n<div style=\"width:auto\">\n<div style=\"min-width: 300px;max-width: 300px;word-wrap: break-word;float: left\">gefaltete Gr\u00f6\u00dfe: 110 x 57 x 34 cm <\/div>\n<div style=\"min-width: 300px;max-width: 300px;word-wrap: break-word;float: left\">Aufgeklappte Gr\u00f6\u00dfe: 123 x 51 x 160 cm<\/div>\n<\/p><\/div>\n<div style=\"width:auto\">\n<div style=\"min-width: 300px;max-width: 300px;word-wrap: break-word;float: left\">Typ: Erste-Hilfe-Ger\u00e4te <\/div>\n<div style=\"min-width: 300px;max-width: 300px;word-wrap: break-word;float: left\">Material: Aluminiumlegierung<\/div>\n<\/p><\/div>\n","protected":false},"featured_media":4956,"comment_status":"closed","ping_status":"closed","template":"","meta":[],"product_cat":[130],"product_tag":[],"class_list":["post-12908","product","type-product","status-publish","has-post-thumbnail","hentry","product_cat-elektrischer-rollstuhl"],"_links":{"self":[{"href":"https:\/\/anbanjia.com.cn\/de\/wp-json\/wp\/v2\/product\/12908","targetHints":{"allow":["GET"]}}],"collection":[{"href":"https:\/\/anbanjia.com.cn\/de\/wp-json\/wp\/v2\/product"}],"about":[{"href":"https:\/\/anbanjia.com.cn\/de\/wp-json\/wp\/v2\/types\/product"}],"replies":[{"embeddable":true,"href":"https:\/\/anbanjia.com.cn\/de\/wp-json\/wp\/v2\/comments?post=12908"}],"wp:featuredmedia":[{"embeddable":true,"href":"https:\/\/anbanjia.com.cn\/de\/wp-json\/wp\/v2\/media\/4956"}],"wp:attachment":[{"href":"https:\/\/anbanjia.com.cn\/de\/wp-json\/wp\/v2\/media?parent=12908"}],"wp:term":[{"taxonomy":"product_cat","embeddable":true,"href":"https:\/\/anbanjia.com.cn\/de\/wp-json\/wp\/v2\/product_cat?post=12908"},{"taxonomy":"product_tag","embeddable":true,"href":"https:\/\/anbanjia.com.cn\/de\/wp-json\/wp\/v2\/product_tag?post=12908"}],"curies":[{"name":"wp","href":"https:\/\/api.w.org\/{rel}","templated":true}]}}