{"id":12907,"date":"2022-05-02T18:07:31","date_gmt":"2022-05-02T18:07:31","guid":{"rendered":"https:\/\/www.anbanjia.com.cn\/product\/herstellungspreis-big-real-wheel-16-aluminium-faltbarer-elektrorollstuhl\/"},"modified":"2022-05-02T18:07:31","modified_gmt":"2022-05-02T18:07:31","slug":"herstellungspreis-groses-echtes-rad-16-aluminium-faltbarer-elektrorollstuhl","status":"publish","type":"product","link":"https:\/\/anbanjia.com.cn\/de\/produkt\/herstellungspreis-groses-echtes-rad-16-aluminium-faltbarer-elektrorollstuhl\/","title":{"rendered":"Herstellungspreis Big Real Wheel 16 &#8222;Aluminium faltbarer Elektrorollstuhl"},"content":{"rendered":"<div style=\"max-width: 750px; margin: 0 auto;\">\n<div data-maya=\"{\"theme\":{\"face\":\"yang\",\"fontFace\":\"Roboto\",\"fontSize\":22,\"colors\":1},\"items\":[{\"title\":\"27p9m\",\"formats\":[[[{\"ycaze\":\"H\"},{\"fwktm\":\"P\"}]],[{\"yxb37\":\"Ia\"}]]},{\"title\":\"pwlj2\",\"formats\":[[[{\"gl5wk\":\"H\"},{\"vhrtr\":\"P\"}]],[{\"2pok4\":\"Ia\"}],[{\"1du0q\":\"Ia\"}],[{\"1d2ob\":\"Ia\"}],[{\"kmzl1\":\"Ia\"}],{\"layout\":\"8:4\",\"mods\":[{\"e4jrv\":\"Ic\"},[{\"1fqs7\":\"Ie\"},{\"t7hpu\":\"Ie\"},{\"79uvj\":\"Ie\"}]]},[{\"17pj3\":\"Ia\"}],[{\"287a5\":\"Ia\"}],[{\"lrh5e\":\"Ia\"}],[{\"k7k29\":\"Ia\"}]]},{\"title\":\"yhdm2\",\"formats\":[[{\"0bp3w\":\"Ia\"}]]},{\"title\":\"uur48\",\"formats\":[[{\"ps2gb\":\"Ia\"}]]},{\"title\":\"fetxh\",\"formats\":[[{\"umc8e\":\"Ia\"}],[{\"wnlxi\":\"Ia\"}],{\"layout\":\"8:4\",\"mods\":[{\"bt2yk\":\"Ic\"},[{\"v7zbn\":\"Ie\"},{\"utxs6\":\"Ie\"},{\"o7i54\":\"Ie\"}]]}]},{\"title\":\"lgs3g\",\"formats\":[[{\"w3klr\":\"Ia\"}],[{\"agekz\":\"Ih\"},{\"sw75m\":\"Ih\"}],[[{\"6gyku\":\"H\"},{\"34mfi\":\"P\"}],{\"u20fl\":\"Il\"}],[{\"zs988\":\"Il\"},[{\"dty6m\":\"H\"},{\"oysoc\":\"P\"}]],[{\"4jst8\":\"P\"}],[[{\"z5cw2\":\"Ib\"},{\"ls3jm\":\"H\"},{\"m78da\":\"P\"}]],[{\"kxp4k\":\"Ia\"}]]}]}\">\n<div style=\"vertical-align: top; padding-top: 15px; padding-bottom: 15px;\">\n<div id=\"27p9m\" style=\"vertical-align: top; padding-top: 10px; padding-bottom: 10px;\">\n<div id=\"ali-anchor-AliMaya-1duie\" style=\"padding: 8px 0 4px 0; border-bottom: 2px solid #4D6599; border-radius: 3px 3px 0 0; line-height: 1; color: #4d6599; font-size: 22px;\" data-section=\"AliMaya-1duie\" data-section-title=\"Product Description\">Produktbeschreibung<\/div>\n<\/div>\n<div style=\"vertical-align: top; padding-top: 10px; padding-bottom: 10px; margin-right: -4px; margin-left: -4px;\">\n<div style=\"vertical-align: top; box-sizing: border-box; padding-right: 4px; padding-left: 4px; margin-top: -4px; margin-bottom: -4px;\">\n<div id=\"ycaze\" style=\"vertical-align: top; box-sizing: border-box; padding-top: 4px; padding-bottom: 4px;\">\n<h3 style=\"text-align: center; padding: 0px; line-height: 20px; margin: 0px;\"><span style=\"color: #3f0000; font-size: xx-large;\">Herstellungspreis Big Real Wheel 16 &#8222;Aluminium faltbarer Elektrorollstuhl <\/span><\/h3>\n<\/div>\n<div id=\"fwktm\" style=\"vertical-align: top; box-sizing: border-box; padding-top: 4px; padding-bottom: 4px;\"><\/div>\n<\/div>\n<\/div>\n<div style=\"vertical-align: top; padding-top: 10px; padding-bottom: 10px; margin-right: -4px; margin-left: -4px;\">\n<div id=\"yxb37\" style=\"vertical-align: top; box-sizing: border-box; padding-right: 4px; padding-left: 4px;\">\n<div style=\"overflow: hidden; width: 750px; height: 227.273px;\"><img decoding=\"async\" style=\"max-width: 750;\" src=\"https:\/\/anbanjia.com.cn\/wp-content\/uploads\/2022\/05\/HTB1xNwnQVXXXXcCXFXXq6xXFXXXT.jpg\" data-src=\"\"><\/div>\n<\/div>\n<\/div>\n<\/div>\n<div style=\"vertical-align: top; padding-top: 15px; padding-bottom: 15px;\">\n<div id=\"pwlj2\" style=\"vertical-align: top; padding-top: 10px; padding-bottom: 10px;\">\n<div id=\"ali-anchor-AliMaya-jjszy\" style=\"padding: 8px 0 4px 0; border-bottom: 2px solid #4D6599; border-radius: 3px 3px 0 0; line-height: 1; color: #4d6599; font-size: 22px;\" data-section=\"AliMaya-jjszy\" data-section-title=\"Detailed Images\">Detaillierte Bilder<\/div>\n<\/div>\n<div style=\"vertical-align: top; padding-top: 10px; padding-bottom: 10px; margin-right: -4px; margin-left: -4px;\">\n<div style=\"vertical-align: top; box-sizing: border-box; padding-right: 4px; padding-left: 4px; margin-top: -4px; margin-bottom: -4px;\">\n<div id=\"gl5wk\" style=\"vertical-align: top; box-sizing: border-box; padding-top: 4px; padding-bottom: 4px;\">\n<h3 style=\"padding: 0px; line-height: 20px; color: #333333; margin: 0px;\"><span style=\"font-size: xx-large;\">Spezifikationen des faltbaren Elektrorollstuhls:<\/span><\/h3>\n<\/div>\n<div id=\"vhrtr\" style=\"vertical-align: top; box-sizing: border-box; padding-top: 4px; padding-bottom: 4px;\">\n<p style=\"margin: 0; padding: 0;\"><b><span style=\"font-size: large;\">1.Falten ohne Werkzeug<br \/>\n2.PG UK-Controller \/ chinesischer Controller<br \/>\n3. Mechanische Bremse<br \/>\n4.Hinterrad mit Aluminiumfelge<\/span><\/b><\/p>\n<\/div>\n<\/div>\n<\/div>\n<div style=\"vertical-align: top; padding-top: 10px; padding-bottom: 10px; margin-right: -4px; margin-left: -4px;\">\n<div id=\"2pok4\" style=\"vertical-align: top; box-sizing: border-box; padding-right: 4px; padding-left: 4px;\">\n<div style=\"overflow: hidden; width: 750px; height: 282.247px;\"><img decoding=\"async\" style=\"width: 750px; height: 282.247px; margin-left: 0px; margin-top: 0px;\" src=\"https:\/\/anbanjia.com.cn\/wp-content\/uploads\/2022\/05\/HTB1Q9MrQVXXXXXdXVXX760XFXXXP.png\" data-src=\"\"><\/div>\n<\/div>\n<\/div>\n<div style=\"vertical-align: top; padding-top: 10px; padding-bottom: 10px; margin-right: -4px; margin-left: -4px;\">\n<div id=\"1du0q\" style=\"vertical-align: top; box-sizing: border-box; padding-right: 4px; padding-left: 4px;\">\n<div style=\"overflow: hidden; width: 750px; height: 767.25px;\"><img decoding=\"async\" style=\"width: 750px; height: 767.25px; margin-left: 0px; margin-top: 0px;\" src=\"https:\/\/anbanjia.com.cn\/wp-content\/uploads\/2022\/05\/HTB1LmZeQVXXXXXRaXXXq6xXFXXXC.jpg\" data-src=\"\"><\/div>\n<\/div>\n<\/div>\n<div style=\"vertical-align: top; padding-top: 10px; padding-bottom: 10px; margin-right: -4px; margin-left: -4px;\">\n<div id=\"1d2ob\" style=\"vertical-align: top; box-sizing: border-box; padding-right: 4px; padding-left: 4px;\">\n<div style=\"overflow: hidden; width: 750px; height: 792.109px;\"><img decoding=\"async\" style=\"width: 750px; height: 792.109px; margin-left: 0px; margin-top: 0px;\" src=\"https:\/\/anbanjia.com.cn\/wp-content\/uploads\/2022\/05\/HTB1Kd3eQVXXXXbzaXXX760XFXXXp.png\" data-src=\"\"><\/div>\n<\/div>\n<\/div>\n<div style=\"vertical-align: top; padding-top: 10px; padding-bottom: 10px; margin-right: -4px; margin-left: -4px;\">\n<div id=\"kmzl1\" style=\"vertical-align: top; box-sizing: border-box; padding-right: 4px; padding-left: 4px;\">\n<div style=\"overflow: hidden; width: 750px; height: 750px;\"><img decoding=\"async\" style=\"width: 750px; height: 750px; margin-left: 0px; margin-top: 0px;\" src=\"https:\/\/anbanjia.com.cn\/wp-content\/uploads\/2022\/05\/HTB1XvL1QVXXXXXaaFXXq6xXFXXX2.jpg\" data-src=\"\"><\/div>\n<\/div>\n<\/div>\n<div style=\"vertical-align: top; padding-top: 10px; padding-bottom: 10px; margin-right: -4px; margin-left: -4px;\">\n<div id=\"17pj3\" style=\"vertical-align: top; box-sizing: border-box; padding-right: 4px; padding-left: 4px;\">\n<div style=\"overflow: hidden; width: 750px; height: 1130.7px;\"><img decoding=\"async\" style=\"width: 750px; height: 1130.7px; margin-left: 0px; margin-top: 0px;\" src=\"https:\/\/anbanjia.com.cn\/wp-content\/uploads\/2022\/05\/HTB1Guj3QVXXXXb7aXXXq6xXFXXX2.jpg\" data-src=\"\"><\/div>\n<\/div>\n<\/div>\n<div style=\"vertical-align: top; padding-top: 10px; padding-bottom: 10px; margin-right: -4px; margin-left: -4px;\">\n<div id=\"287a5\" style=\"vertical-align: top; box-sizing: border-box; padding-right: 4px; padding-left: 4px;\">\n<div style=\"overflow: hidden; width: 750px; height: 355.164px;\"><img decoding=\"async\" style=\"width: 750px; height: 355.164px; margin-left: 0px; margin-top: 0px;\" src=\"https:\/\/anbanjia.com.cn\/wp-content\/uploads\/2022\/05\/HTB1fhUgQVXXXXXKXVXXq6xXFXXXC.jpg\" data-src=\"\"><\/div>\n<\/div>\n<\/div>\n<div style=\"vertical-align: top; padding-top: 10px; padding-bottom: 10px; margin-right: -4px; margin-left: -4px;\">\n<div id=\"lrh5e\" style=\"vertical-align: top; box-sizing: border-box; padding-right: 4px; padding-left: 4px;\">\n<div style=\"overflow: hidden; width: 750px; height: 562.5px;\"><img decoding=\"async\" style=\"width: 750px; height: 562.5px; margin-left: 0px; margin-top: 0px;\" src=\"https:\/\/anbanjia.com.cn\/wp-content\/uploads\/2022\/05\/HTB1RZszQVXXXXXSXFXXq6xXFXXXN.jpg\" data-src=\"\"><\/div>\n<\/div>\n<\/div>\n<div style=\"vertical-align: top; padding-top: 10px; padding-bottom: 10px; margin-right: -4px; margin-left: -4px;\">\n<div id=\"k7k29\" style=\"vertical-align: top; box-sizing: border-box; padding-right: 4px; padding-left: 4px;\">\n<div style=\"overflow: hidden; width: 750px; height: 1000px;\"><img decoding=\"async\" style=\"width: 750px; height: 1000px; margin-left: 0px; margin-top: 0px;\" src=\"https:\/\/anbanjia.com.cn\/wp-content\/uploads\/2022\/05\/HTB1wJINQVXXXXbLXXXXq6xXFXXXD.jpg\" data-src=\"\"><\/div>\n<\/div>\n<\/div>\n<\/div>\n<div style=\"vertical-align: top; padding-top: 15px; padding-bottom: 15px;\">\n<div id=\"yhdm2\" style=\"vertical-align: top; padding-top: 10px; padding-bottom: 10px;\">\n<div id=\"ali-anchor-AliMaya-4239y\" style=\"padding: 8px 0 4px 0; border-bottom: 2px solid #4D6599; border-radius: 3px 3px 0 0; line-height: 1; color: #4d6599; font-size: 22px;\" data-section=\"AliMaya-4239y\" data-section-title=\"Certificate\">Zertifikat<\/div>\n<\/div>\n<div style=\"vertical-align: top; padding-top: 10px; padding-bottom: 10px; margin-right: -4px; margin-left: -4px;\">\n<div id=\"0bp3w\" style=\"vertical-align: top; box-sizing: border-box; padding-right: 4px; padding-left: 4px;\">\n<div style=\"overflow: hidden; width: 750px; height: 562.5px;\"><img decoding=\"async\" style=\"width: 750px; height: 562.5px; margin-left: 0px; margin-top: 0px;\" src=\"https:\/\/anbanjia.com.cn\/wp-content\/uploads\/2022\/05\/HTB1Je9WQpXXXXafXpXXq6xXFXXX1.jpg\" data-src=\"\"><\/div>\n<\/div>\n<\/div>\n<\/div>\n<div style=\"vertical-align: top; padding-top: 15px; padding-bottom: 15px;\">\n<div id=\"uur48\" style=\"vertical-align: top; padding-top: 10px; padding-bottom: 10px;\">\n<div id=\"ali-anchor-AliMaya-fin03\" style=\"padding: 8px 0 4px 0; border-bottom: 2px solid #4D6599; border-radius: 3px 3px 0 0; line-height: 1; color: #4d6599; font-size: 22px;\" data-section=\"AliMaya-fin03\" data-section-title=\"Other product\">Anderes Produkt<\/div>\n<\/div>\n<div style=\"vertical-align: top; padding-top: 10px; padding-bottom: 10px; margin-right: -4px; margin-left: -4px;\">\n<div id=\"ps2gb\" style=\"vertical-align: top; box-sizing: border-box; padding-right: 4px; padding-left: 4px;\">\n<div style=\"overflow: hidden; width: 750px; height: 400px;\"><img decoding=\"async\" style=\"width: 750px; height: 400px; margin-left: 0px; margin-top: 0px;\" src=\"https:\/\/anbanjia.com.cn\/wp-content\/uploads\/2022\/05\/HTB19PZNQVXXXXcdXXXXq6xXFXXXZ.jpg\" data-src=\"\"><\/div>\n<\/div>\n<\/div>\n<\/div>\n<div style=\"vertical-align: top; padding-top: 15px; padding-bottom: 15px;\">\n<div id=\"fetxh\" style=\"vertical-align: top; padding-top: 10px; padding-bottom: 10px;\">\n<div id=\"ali-anchor-AliMaya-s5f46\" style=\"padding: 8px 0 4px 0; border-bottom: 2px solid #4D6599; border-radius: 3px 3px 0 0; line-height: 1; color: #4d6599; font-size: 22px;\" data-section=\"AliMaya-s5f46\" data-section-title=\"Factory detail\">Fabrikdetail<\/div>\n<\/div>\n<div style=\"vertical-align: top; padding-top: 10px; padding-bottom: 10px; margin-right: -4px; margin-left: -4px;\">\n<div id=\"umc8e\" style=\"vertical-align: top; box-sizing: border-box; padding-right: 4px; padding-left: 4px;\">\n<div style=\"overflow: hidden; width: 750px; height: 920px;\"><img decoding=\"async\" style=\"width: 750px; height: 920px; margin-left: 0px; margin-top: 0px;\" src=\"https:\/\/anbanjia.com.cn\/wp-content\/uploads\/2022\/05\/HTB1Ae_JQpXXXXXlapXXq6xXFXXXk.jpg\" data-src=\"\"><\/div>\n<\/div>\n<\/div>\n<div style=\"vertical-align: top; padding-top: 10px; padding-bottom: 10px; margin-right: -4px; margin-left: -4px;\">\n<div id=\"wnlxi\" style=\"vertical-align: top; box-sizing: border-box; padding-right: 4px; padding-left: 4px;\">\n<div style=\"overflow: hidden; width: 750px; height: 1028px;\"><img decoding=\"async\" style=\"width: 750px; height: 1028px; margin-left: 0px; margin-top: 0px;\" src=\"https:\/\/anbanjia.com.cn\/wp-content\/uploads\/2022\/05\/HTB1YgLLQpXXXXcHaXXXq6xXFXXXp.jpg\" data-src=\"\"><\/div>\n<\/div>\n<\/div>\n<div style=\"vertical-align: top; padding-top: 10px; padding-bottom: 10px; margin-right: -4px; margin-left: -4px;\">\n<div id=\"bt2yk\" style=\"vertical-align: top; width: 66.6667%; display: inline-block; box-sizing: border-box; padding-right: 4px; padding-left: 4px;\">\n<div style=\"overflow: hidden; width: 497.344px; height: 526px;\"><img decoding=\"async\" style=\"width: 514.174px; height: 526px; margin-left: 0px; margin-top: 0px;\" src=\"https:\/\/anbanjia.com.cn\/wp-content\/uploads\/2022\/05\/HTB1LmZeQVXXXXXRaXXXq6xXFXXXC.jpg\" data-src=\"\"><\/div>\n<\/div>\n<div style=\"vertical-align: top; width: 33.3333%; display: inline-block; box-sizing: border-box; padding-right: 4px; padding-left: 4px; margin-top: -4px; margin-bottom: -4px;\">\n<div id=\"v7zbn\" style=\"vertical-align: top; box-sizing: border-box; padding-top: 4px; padding-bottom: 4px;\">\n<div style=\"overflow: hidden; width: 244.656px; height: 170px;\"><img decoding=\"async\" style=\"width: 198.9px; height: 263.7px; margin-left: 0px; margin-top: -89px;\" src=\"https:\/\/anbanjia.com.cn\/wp-content\/uploads\/2022\/05\/HTB1CtbBQpXXXXaQapXXq6xXFXXXe.jpg\" data-src=\"\"><\/div>\n<\/div>\n<div id=\"utxs6\" style=\"vertical-align: top; box-sizing: border-box; padding-top: 4px; padding-bottom: 4px;\">\n<div style=\"overflow: hidden; width: 244.656px; height: 170px;\"><img decoding=\"async\" style=\"width: 198.9px; height: 263.7px; margin-left: 0px; margin-top: -75px;\" src=\"https:\/\/anbanjia.com.cn\/wp-content\/uploads\/2022\/05\/HTB1iSQcQpXXXXXmXFXXq6xXFXXXR.jpg\" data-src=\"\"><\/div>\n<\/div>\n<div id=\"o7i54\" style=\"vertical-align: top; box-sizing: border-box; padding-top: 4px; padding-bottom: 4px;\">\n<div style=\"overflow: hidden; width: 244.656px; height: 170px;\"><img decoding=\"async\" style=\"width: 198.9px; height: 263.7px; margin-left: 0px; margin-top: -21px;\" src=\"https:\/\/anbanjia.com.cn\/wp-content\/uploads\/2022\/05\/HTB1fOIXQpXXXXXvXFXXq6xXFXXXV.jpg\" data-src=\"\"><\/div>\n<\/div>\n<\/div>\n<\/div>\n<\/div>\n<div style=\"vertical-align: top; padding-top: 15px; padding-bottom: 15px;\">\n<div id=\"lgs3g\" style=\"vertical-align: top; padding-top: 10px; padding-bottom: 10px;\">\n<div id=\"ali-anchor-AliMaya-pm04s\" style=\"padding: 8px 0 4px 0; border-bottom: 2px solid #4D6599; border-radius: 3px 3px 0 0; line-height: 1; color: #4d6599; font-size: 22px;\" data-section=\"AliMaya-pm04s\" data-section-title=\"Packing &amp; Delivery\">Verpackung &amp; Lieferung<\/div>\n<\/div>\n<div style=\"vertical-align: top; padding-top: 10px; padding-bottom: 10px; margin-right: -4px; margin-left: -4px;\">\n<div id=\"w3klr\" style=\"vertical-align: top; box-sizing: border-box; padding-right: 4px; padding-left: 4px;\">\n<div style=\"overflow: hidden; width: 750px; height: 405px;\"><img decoding=\"async\" style=\"width: 742.5px; height: 404.8px; margin-left: 0px; margin-top: 0px;\" src=\"https:\/\/anbanjia.com.cn\/wp-content\/uploads\/2022\/05\/HTB1h3vHQXXXXXXWapXXq6xXFXXXC.jpg\" data-src=\"\"><\/div>\n<\/div>\n<\/div>\n<div style=\"vertical-align: top; padding-top: 10px; padding-bottom: 10px; margin-right: -4px; margin-left: -4px;\">\n<div id=\"agekz\" style=\"vertical-align: top; width: 50%; display: inline-block; box-sizing: border-box; padding-right: 4px; padding-left: 4px;\">\n<div style=\"overflow: hidden; width: 371px; height: 320px;\"><img decoding=\"async\" style=\"width: 300.6px; height: 371.7px; margin-left: 0px; margin-top: 0px;\" src=\"https:\/\/anbanjia.com.cn\/wp-content\/uploads\/2022\/05\/HTB1Ual9QpXXXXXdXVXXq6xXFXXXK.jpg\" data-src=\"\"><\/div>\n<\/div>\n<div id=\"sw75m\" style=\"vertical-align: top; width: 50%; display: inline-block; box-sizing: border-box; padding-right: 4px; padding-left: 4px;\">\n<div style=\"overflow: hidden; width: 371px; height: 320px;\"><img decoding=\"async\" style=\"width: 426.667px; height: 320px; margin-left: 0px; margin-top: 0px;\" src=\"https:\/\/anbanjia.com.cn\/wp-content\/uploads\/2022\/05\/HTB1OJ4JQpXXXXXcapXXq6xXFXXXh.jpg\" data-src=\"\"><\/div>\n<\/div>\n<\/div>\n<div style=\"vertical-align: top; padding-top: 10px; padding-bottom: 10px; margin-right: -4px; margin-left: -4px;\">\n<div style=\"vertical-align: top; width: 50%; display: inline-block; box-sizing: border-box; padding-right: 4px; padding-left: 4px; margin-top: -4px; margin-bottom: -4px;\">\n<div id=\"6gyku\" style=\"vertical-align: top; box-sizing: border-box; padding-top: 4px; padding-bottom: 4px;\">\n<h3 style=\"padding: 0px; line-height: 20px; margin: 0px;\"><span style=\"color: #0000ff; font-size: x-large;\"> Das ist unsere Ausbildung <\/span><\/h3>\n<div><\/div>\n<\/div>\n<div id=\"34mfi\" style=\"vertical-align: top; box-sizing: border-box; padding-top: 4px; padding-bottom: 4px;\">\n<p style=\"margin: 0; padding: 0;\"><b><span style=\"font-size: large;\">Gehen Sie zu Drogerien, Krankenh\u00e4usern, Kliniken, medizinischen Gesch\u00e4ften und Plattformen, auf denen wir zusammenarbeiten, um Schulungen durchzuf\u00fchren, Kunden beizubringen, wie man sie gut benutzt und bedient, um professionelle Vorschl\u00e4ge zu machen<\/span> <span style=\"font-size: medium;\">.<\/span><\/b><\/p>\n<p style=\"margin: 0; padding: 0;\"><b><span style=\"font-size: medium;\"> <\/span><\/b><\/p>\n<\/div>\n<\/div>\n<div id=\"u20fl\" style=\"vertical-align: top; width: 50%; display: inline-block; box-sizing: border-box; padding-right: 4px; padding-left: 4px;\">\n<div style=\"overflow: hidden; width: 371px; height: 220px;\"><img decoding=\"async\" style=\"width: 371px; height: 278.25px; margin-left: 0px; margin-top: 0px;\" src=\"https:\/\/anbanjia.com.cn\/wp-content\/uploads\/2022\/05\/HTB16wWrQpXXXXchXXXXq6xXFXXXw.jpg\" data-src=\"\"><\/div>\n<\/div>\n<\/div>\n<div style=\"vertical-align: top; padding-top: 10px; padding-bottom: 10px; margin-right: -4px; margin-left: -4px;\">\n<div id=\"zs988\" style=\"vertical-align: top; width: 50%; display: inline-block; box-sizing: border-box; padding-right: 4px; padding-left: 4px;\">\n<div style=\"overflow: hidden; width: 371px; height: 220px;\"><img decoding=\"async\" style=\"width: 371px; height: 247.086px; margin-left: 0px; margin-top: 0px;\" src=\"https:\/\/anbanjia.com.cn\/wp-content\/uploads\/2022\/05\/HTB1odV2QpXXXXauXVXXq6xXFXXXf.jpg\" data-src=\"\"><\/div>\n<\/div>\n<div style=\"vertical-align: top; width: 50%; display: inline-block; box-sizing: border-box; padding-right: 4px; padding-left: 4px; margin-top: -4px; margin-bottom: -4px;\">\n<div id=\"dty6m\" style=\"vertical-align: top; box-sizing: border-box; padding-top: 4px; padding-bottom: 4px;\">\n<h3 style=\"padding: 0px; line-height: 20px; margin: 0px;\"><span style=\"color: #0000ff; font-size: x-large;\"> <\/span><\/h3>\n<h3 style=\"padding: 0px; line-height: 20px; margin: 0px;\"><span style=\"color: #0000ff; font-size: x-large;\">Interne Weiterbildung<\/span><\/h3>\n<\/div>\n<div id=\"oysoc\" style=\"vertical-align: top; box-sizing: border-box; padding-top: 4px; padding-bottom: 4px;\">\n<div><b><span style=\"font-size: large;\"> <\/span><\/b><\/div>\n<p><b><span style=\"font-size: large;\">Was wir tun? Wir studieren und bilden uns st\u00e4ndig weiter, wir sind eine professionelle medizinische Gesundheitsversorgung f\u00fcr globale Kunden und fordern uns nie weniger auf, uns selbst ernsthaft zu lehren, medizinische Gesundheitsversorgung zu lehren.<\/span><\/b><\/p>\n<\/div>\n<\/div>\n<\/div>\n<div style=\"vertical-align: top; padding-top: 10px; padding-bottom: 10px; margin-right: -4px; margin-left: -4px;\">\n<div id=\"4jst8\" style=\"vertical-align: top; box-sizing: border-box; padding-right: 4px; padding-left: 4px;\">\n<p style=\"margin: 0; padding: 0;\">\n<p style=\"margin: 0; padding: 0;\"><span style=\"color: #0000df; font-size: large;\"><b>W\u00e4hlen Sie uns :<\/b><\/span><\/p>\n<p style=\"margin: 0; padding: 0;\">\n<p style=\"margin: 0; padding: 0;\"><span style=\"line-height: 24px;\"><b><span style=\"font-size: large;\">Wir k\u00fcmmern uns ernsthaft um Ihre Bestellung und sch\u00e4tzen jede an uns gesendete Anfrage, um einen schnellen wettbewerbsf\u00e4higen Preis zu gew\u00e4hrleisten.<\/span><\/b><\/span><\/p>\n<p style=\"margin: 0; padding: 0;\"><b><span style=\"font-size: large;\">P\u00fcnktliche Lieferzeit:<\/span><\/b><\/p>\n<p style=\"margin: 0; padding: 0;\"><b><span style=\"font-size: large;\">&#8211; Wir geben Ihre Bestellung auf und handeln sofort, stellen Ihre p\u00fcnktliche Lieferzeit sicher <\/span><\/b><\/p>\n<p style=\"margin: 0; padding: 0;\"><b><span style=\"font-size: large;\">\u00dcberpr\u00fcfen Sie vor dem Versand:<\/span><\/b><\/p>\n<p style=\"margin: 0; padding: 0;\"><b><span style=\"font-size: large;\">&#8211; Unsere Inspektionskollegen \u00fcberpr\u00fcfen die Qualit\u00e4t vor dem Verpacken zum Versand. Wir machen eine Versandbenachrichtigung, sobald Ihre Bestellung versandt wurde<\/span><\/b><\/p>\n<p style=\"margin: 0; padding: 0;\"><b><span style=\"font-size: large;\">Kundendienst :<\/span><\/b><\/p>\n<p style=\"margin: 0; padding: 0;\"><b><span style=\"font-size: large;\">Wir freuen uns \u00fcber Ihre Anfrage zur Ware und respektieren Ihr Feedback nach Erhalt der Ware.<\/span><\/b><\/p>\n<p style=\"margin: 0; padding: 0;\">\n<p style=\"margin: 0; padding: 0;\"><span style=\"color: #0000ff; font-size: large;\"><b>\u00dcber uns :<\/b><\/span><\/p>\n<p><span style=\"font-size: large;\"><b>1. mehr auftrag, mehr rabatt, konkurrenzf\u00e4higer preis!<br \/>\n2.Willkommen, um mit uns in Verbindung zu treten, um einen besseren Preis zu erhalten!<br \/>\n3.Guter Service, schnelle Lieferung, und wir sind es wert, vertraut zu werden.<br \/>\n4.Wir k\u00f6nnen garantieren, dass Sie mit unseren Produkten zufrieden sein werden.<br \/>\n5. Wir behandeln Kunden wie Freunde und bieten Ihnen einen beachtlichen Service.<br \/>\n6. Wir sind ein Verkaufsteam mit professioneller medizinischer Versorgung und technischer Unterst\u00fctzung durch ein Ingenieurteam.<\/b><\/span><\/p>\n<\/div>\n<\/div>\n<div style=\"vertical-align: top; padding-top: 10px; padding-bottom: 10px; margin-right: -4px; margin-left: -4px;\">\n<div style=\"vertical-align: top; box-sizing: border-box; padding-right: 4px; padding-left: 4px; margin-top: -4px; margin-bottom: -4px;\">\n<div id=\"z5cw2\" style=\"vertical-align: top; box-sizing: border-box; padding-top: 4px; padding-bottom: 4px;\">\n<div style=\"overflow: hidden; width: 750px; height: 320px;\"><img decoding=\"async\" style=\"width: 735.9px; height: 490.6px; margin-left: 0px; margin-top: -109px;\" src=\"https:\/\/anbanjia.com.cn\/wp-content\/uploads\/2022\/05\/HTB1K8kkQXXXXXb1XXXXq6xXFXXXV.jpg\" data-src=\"\"><\/div>\n<\/div>\n<div id=\"ls3jm\" style=\"vertical-align: top; box-sizing: border-box; padding-top: 4px; padding-bottom: 4px;\"><\/div>\n<div id=\"m78da\" style=\"vertical-align: top; box-sizing: border-box; padding-top: 4px; padding-bottom: 4px;\">\n<p style=\"margin: 0; padding: 0;\"><span style=\"font-size: large;\"><b>Wir sind aktive und kreative J\u00fcngere, um Quellen f\u00fcr Kunden zu suchen.<\/b><\/span><\/p>\n<\/div>\n<\/div>\n<\/div>\n<div style=\"vertical-align: top; padding-top: 10px; padding-bottom: 10px; margin-right: -4px; margin-left: -4px;\">\n<div id=\"kxp4k\" style=\"vertical-align: top; box-sizing: border-box; padding-right: 4px; padding-left: 4px;\">\n<div style=\"overflow: hidden; width: 750px; height: 312px;\"><img decoding=\"async\" style=\"width: 750px; height: 312px; margin-left: 0px; margin-top: 0px;\" src=\"https:\/\/anbanjia.com.cn\/wp-content\/uploads\/2022\/05\/HTB1SbjDoQ9WBuNjSspeq6yz5VXaM.jpg\" data-src=\"\"><\/div>\n<\/div>\n<\/div>\n<\/div>\n<\/div>\n<\/div>\n","protected":false},"excerpt":{"rendered":"<p>&nbsp;<\/p>\n<div style=\"width: auto;\">\n<div style=\"min-width: 300px; max-width: 300px; word-wrap: break-word; float: left;\">Eigenschaften: Zubeh\u00f6r f\u00fcr die Rehabilitationstherapie<\/div>\n<div style=\"min-width: 300px; max-width: 300px; word-wrap: break-word; float: left;\">Herkunftsort: Guangdong, China<\/div>\n<\/div>\n<div style=\"width: auto;\">\n<div style=\"min-width: 300px; max-width: 300px; word-wrap: break-word; float: left;\">Markenname: OEM-ODM<\/div>\n<div style=\"min-width: 300px; max-width: 300px; word-wrap: break-word; float: left;\">Modellnummer: ABJ5213<\/div>\n<\/div>\n<div style=\"width: auto;\">\n<div style=\"min-width: 300px; max-width: 300px; word-wrap: break-word; float: left;\">Typ: Rollstuhl, Rollstuhl, Wirtschaftsrollstuhl<\/div>\n<div style=\"min-width: 300px; max-width: 300px; word-wrap: break-word; float: left;\">Gr\u00f6\u00dfe: 100,5 x 67 x 96 cm<\/div>\n<\/div>\n<div style=\"width: auto;\">\n<div style=\"min-width: 300px; max-width: 300px; word-wrap: break-word; float: left;\">Motor: 24 V\/250 W<\/div>\n<div style=\"min-width: 300px; max-width: 300px; word-wrap: break-word; float: left;\">Funktion: Faltrollstuhl<\/div>\n<\/div>\n<div style=\"width: auto;\">\n<div style=\"min-width: 300px; max-width: 300px; word-wrap: break-word; float: left;\">Gewichtskapazit\u00e4t: 100 kg<\/div>\n<div style=\"min-width: 300px; max-width: 300px; word-wrap: break-word; float: left;\">Batterien: 12V20Ah*2<\/div>\n<\/div>\n<div style=\"width: auto;\">\n<div style=\"min-width: 300px; max-width: 300px; word-wrap: break-word; float: left;\">Material: Aluminiumfelgenrollstuhl<\/div>\n<div style=\"min-width: 300px; max-width: 300px; word-wrap: break-word; float: left;\">Farbe: Rot, Gelb, Gr\u00fcn<\/div>\n<\/div>\n","protected":false},"featured_media":12770,"comment_status":"closed","ping_status":"closed","template":"","meta":[],"product_cat":[130],"product_tag":[],"class_list":["post-12907","product","type-product","status-publish","has-post-thumbnail","hentry","product_cat-elektrischer-rollstuhl"],"_links":{"self":[{"href":"https:\/\/anbanjia.com.cn\/de\/wp-json\/wp\/v2\/product\/12907","targetHints":{"allow":["GET"]}}],"collection":[{"href":"https:\/\/anbanjia.com.cn\/de\/wp-json\/wp\/v2\/product"}],"about":[{"href":"https:\/\/anbanjia.com.cn\/de\/wp-json\/wp\/v2\/types\/product"}],"replies":[{"embeddable":true,"href":"https:\/\/anbanjia.com.cn\/de\/wp-json\/wp\/v2\/comments?post=12907"}],"wp:featuredmedia":[{"embeddable":true,"href":"https:\/\/anbanjia.com.cn\/de\/wp-json\/wp\/v2\/media\/12770"}],"wp:attachment":[{"href":"https:\/\/anbanjia.com.cn\/de\/wp-json\/wp\/v2\/media?parent=12907"}],"wp:term":[{"taxonomy":"product_cat","embeddable":true,"href":"https:\/\/anbanjia.com.cn\/de\/wp-json\/wp\/v2\/product_cat?post=12907"},{"taxonomy":"product_tag","embeddable":true,"href":"https:\/\/anbanjia.com.cn\/de\/wp-json\/wp\/v2\/product_tag?post=12907"}],"curies":[{"name":"wp","href":"https:\/\/api.w.org\/{rel}","templated":true}]}}