{"id":12899,"date":"2022-05-02T18:07:39","date_gmt":"2022-05-02T18:07:39","guid":{"rendered":"https:\/\/www.anbanjia.com.cn\/product\/gepaeckbox-fuer-aeltere-roller-typ-one-key-faltbare-aeltere-elektrische-3-rad-roller\/"},"modified":"2022-05-02T18:07:39","modified_gmt":"2022-05-02T18:07:39","slug":"alterer-roller-gepackkasten-typ-ein-schlussel-faltbarer-alterer-elektro-3-rad-roller","status":"publish","type":"product","link":"https:\/\/anbanjia.com.cn\/de\/produkt\/alterer-roller-gepackkasten-typ-ein-schlussel-faltbarer-alterer-elektro-3-rad-roller\/","title":{"rendered":"Gep\u00e4ckbox f\u00fcr \u00e4ltere Roller Typ One Key faltbare \u00e4ltere elektrische 3-Rad-Roller"},"content":{"rendered":"<div id=\"ali-anchor-AliPostDhMb-ljvh5\" data-section=\"AliPostDhMb-ljvh5\" data-section-title=\"Product Details\">\n<div>\n<p data-spm-anchor-id=\"a2700.wholesale.0.i26.18cf733fKlnlc7\"><strong>Gep\u00e4ck<\/strong> <strong>leichter Elektroroller<\/strong><\/p>\n<p>&nbsp;<\/p>\n<table border=\"1\">\n<tbody>\n<tr>\n<td>Gesamte Gr\u00f6\u00dfe<\/td>\n<td>123*57*95<\/td>\n<\/tr>\n<tr>\n<td>Gefaltete Breite<\/td>\n<td>44*36*74<\/td>\n<\/tr>\n<tr>\n<td>Hinterrad<\/td>\n<td> 9&#8243; PU<\/td>\n<\/tr>\n<tr>\n<td>NW<\/td>\n<td>29kg<\/td>\n<\/tr>\n<tr>\n<td>Geschwindigkeit<\/td>\n<td>einstellbar 0~8 km\/h<\/td>\n<\/tr>\n<tr>\n<td>Batterie<\/td>\n<td>36v<\/td>\n<\/tr>\n<tr>\n<td>Drivingrange<\/td>\n<td>20km<\/td>\n<\/tr>\n<tr>\n<td>B\u00fcrstenlosen Motor<\/td>\n<td>300w<\/td>\n<\/tr>\n<\/tbody>\n<\/table>\n<p><img decoding=\"async\" src=\"https:\/\/s.alicdn.com\/@sc02\/kf\/H320d36aee56240d6ae780d4c937332667\/230438700\/H320d36aee56240d6ae780d4c937332667.png?quality=close\" width=\"750\" height=\"526.5\" data-src=\"\/\/s.alicdn.com\/@sc02\/kf\/H320d36aee56240d6ae780d4c937332667\/230438700\/H320d36aee56240d6ae780d4c937332667.png?quality=close\" data-width=\"1000\" data-height=\"702\"><\/p>\n<p>&nbsp;<\/p>\n<p><img decoding=\"async\" src=\"https:\/\/s.alicdn.com\/@sc02\/kf\/Ha75d156a61634f72ad161d86287b9f474\/230438700\/Ha75d156a61634f72ad161d86287b9f474.jpg?quality=close\" alt=\"Disabled Person Three Wheels luggage Electric Mobility Elderly adult Scooter\" width=\"750\" height=\"750\" data-src=\"\/\/s.alicdn.com\/@sc02\/kf\/Ha75d156a61634f72ad161d86287b9f474\/230438700\/Ha75d156a61634f72ad161d86287b9f474.jpg?quality=close\" data-alt=\"Disabled Person Three Wheels luggage Electric Mobility Elderly adult Scooter\"><img decoding=\"async\" src=\"https:\/\/s.alicdn.com\/@sc02\/kf\/Hcee4bb3f38184f4b9c41a454669b61bcT\/230438700\/Hcee4bb3f38184f4b9c41a454669b61bcT.jpg?quality=close\" alt=\"Disabled Person Three Wheels luggage Electric Mobility Elderly adult Scooter\" width=\"540\" height=\"537\" data-src=\"\/\/s.alicdn.com\/@sc02\/kf\/Hcee4bb3f38184f4b9c41a454669b61bcT\/230438700\/Hcee4bb3f38184f4b9c41a454669b61bcT.jpg?quality=close\" data-alt=\"Disabled Person Three Wheels luggage Electric Mobility Elderly adult Scooter\"><img decoding=\"async\" src=\"https:\/\/s.alicdn.com\/@sc01\/kf\/Hf432040824b54944bc49728c0818f8987\/230438700\/Hf432040824b54944bc49728c0818f8987.jpg?quality=close\" alt=\"Disabled Person Three Wheels luggage Electric Mobility Elderly adult Scooter\" width=\"538\" height=\"800\" data-src=\"\/\/s.alicdn.com\/@sc01\/kf\/Hf432040824b54944bc49728c0818f8987\/230438700\/Hf432040824b54944bc49728c0818f8987.jpg?quality=close\" data-alt=\"Disabled Person Three Wheels luggage Electric Mobility Elderly adult Scooter\"><img decoding=\"async\" src=\"https:\/\/s.alicdn.com\/@sc02\/kf\/He58d3983a8e440ddb412dcfac3b423b4p\/230438700\/He58d3983a8e440ddb412dcfac3b423b4p.jpg?quality=close\" alt=\"Disabled Person Three Wheels luggage Electric Mobility Elderly adult Scooter\" width=\"750\" height=\"1060\" data-src=\"\/\/s.alicdn.com\/@sc02\/kf\/He58d3983a8e440ddb412dcfac3b423b4p\/230438700\/He58d3983a8e440ddb412dcfac3b423b4p.jpg?quality=close\" data-alt=\"Disabled Person Three Wheels luggage Electric Mobility Elderly adult Scooter\"><img decoding=\"async\" src=\"https:\/\/s.alicdn.com\/@sc01\/kf\/Hbf97f46ced474b63a57a7e8cbbea6f0dk\/230438700\/Hbf97f46ced474b63a57a7e8cbbea6f0dk.jpg?quality=close\" alt=\"Disabled Person Three Wheels luggage Electric Mobility Elderly adult Scooter\" width=\"750\" height=\"750\" data-src=\"\/\/s.alicdn.com\/@sc01\/kf\/Hbf97f46ced474b63a57a7e8cbbea6f0dk\/230438700\/Hbf97f46ced474b63a57a7e8cbbea6f0dk.jpg?quality=close\" data-alt=\"Disabled Person Three Wheels luggage Electric Mobility Elderly adult Scooter\"><\/p>\n<\/div>\n<\/div>\n<div id=\"ali-anchor-AliPostDhMb-g8zpw\" data-section=\"AliPostDhMb-g8zpw\" data-section-title=\"contact us\">\n<div id=\"ali-title-AliPostDhMb-g8zpw\">kontaktiere uns<\/div>\n<div>\n<p><a href=\"https:\/\/abj-medical.en.alibaba.com\/contactinfo.html?spm=a2700.8304367.topnav.8.5d239224wxD2sy\" target=\"_blank\" rel=\"noopener\"> <img decoding=\"async\" src=\"https:\/\/s.alicdn.com\/@sc02\/kf\/HTB1E_8LXOLxK1Rjy0Ffq6zYdVXay\/230438700\/HTB1E_8LXOLxK1Rjy0Ffq6zYdVXay.jpg?quality=close\" alt=\"Disabled Person Three Wheels luggage Electric Mobility Elderly adult Scooter\" width=\"750\" height=\"311.25\" data-src=\"\/\/s.alicdn.com\/@sc02\/kf\/HTB1E_8LXOLxK1Rjy0Ffq6zYdVXay\/230438700\/HTB1E_8LXOLxK1Rjy0Ffq6zYdVXay.jpg?quality=close\" data-alt=\"Disabled Person Three Wheels luggage Electric Mobility Elderly adult Scooter\"><\/a><\/p>\n<\/div>\n<\/div>\n<div id=\"ali-anchor-AliPostDhMb-vv6n9\" data-section=\"AliPostDhMb-vv6n9\" data-section-title=\"Product Categories\">\n<div id=\"ali-title-AliPostDhMb-vv6n9\">Produktkategorien<\/div>\n<div>\n<p> <a href=\"https:\/\/abj-medical.en.alibaba.com\/productgrouplist-804871560\/Electric_wheelchair_and_apparatus.html?spm=a2700.icbuShop.88.30.704a44ebaAhP4D\" target=\"_blank\" rel=\"noopener\"><img decoding=\"async\" src=\"https:\/\/s.alicdn.com\/@sc02\/kf\/HTB1ERWiSFXXXXasXXXXq6xXFXXXw\/230438700\/HTB1ERWiSFXXXXasXXXXq6xXFXXXw.jpg?quality=close\" alt=\"Disabled Person Three Wheels luggage Electric Mobility Elderly adult Scooter\" width=\"750\" height=\"285\" data-src=\"\/\/s.alicdn.com\/@sc02\/kf\/HTB1ERWiSFXXXXasXXXXq6xXFXXXw\/230438700\/HTB1ERWiSFXXXXasXXXXq6xXFXXXw.jpg?quality=close\" data-alt=\"Disabled Person Three Wheels luggage Electric Mobility Elderly adult Scooter\"><\/a><\/p>\n<\/div>\n<\/div>\n<div id=\"ali-anchor-AliPostDhMb-ub5hb\" data-section=\"AliPostDhMb-ub5hb\" data-section-title=\"certificate\">\n<div id=\"ali-title-AliPostDhMb-ub5hb\">Zertifikat<\/div>\n<div>\n<p><img decoding=\"async\" src=\"https:\/\/s.alicdn.com\/@sc02\/kf\/HTB1Z1olSpXXXXctXXXXq6xXFXXXu\/230438700\/HTB1Z1olSpXXXXctXXXXq6xXFXXXu.jpg?quality=close\" alt=\"Disabled Person Three Wheels luggage Electric Mobility Elderly adult Scooter\" width=\"750\" height=\"365\" data-src=\"\/\/s.alicdn.com\/@sc02\/kf\/HTB1Z1olSpXXXXctXXXXq6xXFXXXu\/230438700\/HTB1Z1olSpXXXXctXXXXq6xXFXXXu.jpg?quality=close\" data-alt=\"Disabled Person Three Wheels luggage Electric Mobility Elderly adult Scooter\"><\/p>\n<\/div>\n<\/div>\n<div id=\"ali-anchor-AliPostDhMb-yhho8\" data-section=\"AliPostDhMb-yhho8\" data-section-title=\"company information\">\n<div id=\"ali-title-AliPostDhMb-yhho8\">Firmeninformation<\/div>\n<div>\n<p><img decoding=\"async\" src=\"https:\/\/s.alicdn.com\/@sc02\/kf\/HTB1HgKPcQ5E3KVjSZFCq6zuzXXay\/230438700\/HTB1HgKPcQ5E3KVjSZFCq6zuzXXay.jpg?quality=close\" width=\"750\" height=\"1100\" data-src=\"\/\/s.alicdn.com\/@sc02\/kf\/HTB1HgKPcQ5E3KVjSZFCq6zuzXXay\/230438700\/HTB1HgKPcQ5E3KVjSZFCq6zuzXXay.jpg?quality=close\"><\/p>\n<\/div>\n<\/div>\n","protected":false},"excerpt":{"rendered":"<p>&nbsp;<\/p>\n<div style=\"width: auto;\">\n<div style=\"min-width: 300px; max-width: 300px; word-wrap: break-word; float: left;\">Eigenschaften: Zubeh\u00f6r f\u00fcr die Rehabilitationstherapie<\/div>\n<div style=\"min-width: 300px; max-width: 300px; word-wrap: break-word; float: left;\">Herkunftsort: Guangdong, China<\/div>\n<\/div>\n<div style=\"width: auto;\">\n<div style=\"min-width: 300px; max-width: 300px; word-wrap: break-word; float: left;\">Modellnummer: LX06<\/div>\n<div style=\"min-width: 300px; max-width: 300px; word-wrap: break-word; float: left;\">Typ: Rollstuhl<\/div>\n<\/div>\n<div style=\"width: auto;\">\n<div style=\"min-width: 300px; max-width: 300px; word-wrap: break-word; float: left;\">Spannung: 36 V<\/div>\n<div style=\"min-width: 300px; max-width: 300px; word-wrap: break-word; float: left;\">B\u00fcrstenloser Motor: 300 W<\/div>\n<\/div>\n<div style=\"width: auto;\">\n<div style=\"min-width: 300px; max-width: 300px; word-wrap: break-word; float: left;\">Gewichtskapazit\u00e4t: 130 kg<\/div>\n<div style=\"min-width: 300px; max-width: 300px; word-wrap: break-word; float: left;\">Ladezeit: 4 Stunden<\/div>\n<\/div>\n<div style=\"width: auto;\">\n<div style=\"min-width: 300px; max-width: 300px; word-wrap: break-word; float: left;\">Reichweite: 20 km<\/div>\n<div style=\"min-width: 300px; max-width: 300px; word-wrap: break-word; float: left;\">Geschwindigkeit: einstellbar 0~8 km\/h<\/div>\n<\/div>\n<div style=\"width: auto;\">\n<div style=\"min-width: 300px; max-width: 300px; word-wrap: break-word; float: left;\">NW: 29 kg<\/div>\n<div style=\"min-width: 300px; max-width: 300px; word-wrap: break-word; float: left;\">Gefaltete Breite: 44 x 36 x 74 cm<\/div>\n<\/div>\n<div style=\"width: auto;\">\n<div style=\"min-width: 300px; max-width: 300px; word-wrap: break-word; float: left;\">Kartonverpackungsgr\u00f6\u00dfe:Kartonverpackungsgr\u00f6\u00dfe<\/div>\n<div style=\"min-width: 300px; max-width: 300px; word-wrap: break-word; float: left;\">Mindestbestellmenge: 1 Stk<\/div>\n<\/div>\n<div>Kundenspezifische Verpackung (Mindestbestellmenge: 100 St\u00fcck)<\/div>\n","protected":false},"featured_media":12756,"comment_status":"closed","ping_status":"closed","template":"","meta":[],"product_cat":[130],"product_tag":[],"class_list":["post-12899","product","type-product","status-publish","has-post-thumbnail","hentry","product_cat-elektrischer-rollstuhl"],"_links":{"self":[{"href":"https:\/\/anbanjia.com.cn\/de\/wp-json\/wp\/v2\/product\/12899","targetHints":{"allow":["GET"]}}],"collection":[{"href":"https:\/\/anbanjia.com.cn\/de\/wp-json\/wp\/v2\/product"}],"about":[{"href":"https:\/\/anbanjia.com.cn\/de\/wp-json\/wp\/v2\/types\/product"}],"replies":[{"embeddable":true,"href":"https:\/\/anbanjia.com.cn\/de\/wp-json\/wp\/v2\/comments?post=12899"}],"wp:featuredmedia":[{"embeddable":true,"href":"https:\/\/anbanjia.com.cn\/de\/wp-json\/wp\/v2\/media\/12756"}],"wp:attachment":[{"href":"https:\/\/anbanjia.com.cn\/de\/wp-json\/wp\/v2\/media?parent=12899"}],"wp:term":[{"taxonomy":"product_cat","embeddable":true,"href":"https:\/\/anbanjia.com.cn\/de\/wp-json\/wp\/v2\/product_cat?post=12899"},{"taxonomy":"product_tag","embeddable":true,"href":"https:\/\/anbanjia.com.cn\/de\/wp-json\/wp\/v2\/product_tag?post=12899"}],"curies":[{"name":"wp","href":"https:\/\/api.w.org\/{rel}","templated":true}]}}