{"id":12880,"date":"2022-05-02T18:07:32","date_gmt":"2022-05-02T18:07:32","guid":{"rendered":"https:\/\/www.anbanjia.com.cn\/product\/hergestellt-in-china-ce-zertifikat-heisser-verkauf-aus-aluminium-der-elektrorollstuhl-faltet\/"},"modified":"2022-05-02T18:07:32","modified_gmt":"2022-05-02T18:07:32","slug":"made-in-china-ce-certificate-hot-sale-aluminium-folding-electric-power-rollstuhl","status":"publish","type":"product","link":"https:\/\/anbanjia.com.cn\/de\/produkt\/made-in-china-ce-certificate-hot-sale-aluminium-folding-electric-power-rollstuhl\/","title":{"rendered":"hergestellt in China CE-Zertifikat hei\u00dfer Verkauf aus Aluminium, der Elektrorollstuhl faltet"},"content":{"rendered":"<div style=\"max-width: 750px; margin: 0 auto;\">\n<div data-maya=\"{\"theme\":{\"face\":\"yin\",\"fontFace\":\"Roboto\",\"fontSize\":22,\"colors\":1},\"items\":[{\"title\":\"z7gm7\",\"formats\":[[[{\"xmo1o\":\"H\"},{\"v9min\":\"P\"}]],[[{\"uvqvo\":\"H\"},{\"pi1my\":\"P\"}]],[{\"y03j1\":\"Ia\"}],[{\"vfp6f\":\"Ia\"}]]},{\"title\":\"bkdl2\",\"formats\":[[{\"t1rug\":\"Il\"},[{\"rr5ac\":\"H\"},{\"6ipeu\":\"P\"}]],[{\"adrsr\":\"Ia\"}],[{\"qp3xo\":\"Ia\"}],[{\"znm7o\":\"Ia\"}],[{\"pfdrd\":\"Ia\"}],[{\"u93nx\":\"Ia\"}],[{\"nm3t2\":\"Ia\"}],[{\"wzmkb\":\"Ia\"}],[{\"9pq11\":\"Ia\"}],[{\"ei42s\":\"Ia\"}],[{\"op1jq\":\"Ia\"}],[{\"hz5uv\":\"Ia\"}]]},{\"title\":\"cwxs1\",\"formats\":[[{\"43fyv\":\"Ia\"}]]},{\"title\":\"36cga\",\"formats\":[[{\"r2d2v\":\"Ia\"}],[{\"9gxlb\":\"Ia\"}]]},{\"title\":\"7f3zh\",\"formats\":[[{\"2alya\":\"Ii\"},{\"7s2fh\":\"Ii\"},{\"7jznm\":\"Ii\"}]]},{\"title\":\"q989y\",\"formats\":[[{\"1tq48\":\"Ia\"}],[[{\"eson5\":\"H\"},{\"jcs7j\":\"P\"}],{\"jrkla\":\"Il\"}],[{\"dcc05\":\"P\"}],[[{\"fxtpw\":\"Ib\"},{\"54089\":\"H\"},{\"stsoz\":\"P\"}]],[{\"585xj\":\"Ia\"}]]}]}\">\n<div>\n<div style=\"vertical-align: top; padding-top: 15px; padding-bottom: 15px;\">\n<div id=\"z7gm7\" style=\"vertical-align: top; padding-top: 10px; padding-bottom: 10px;\">\n<div id=\"ali-anchor-AliMaya-mfzwf\" style=\"padding: 8px 0 4px 8px; border-bottom: 2px solid #C5CCDE; border-radius: 3px 3px 0 0; line-height: 1; color: #4d6599; background-color: #c5ccde; font-size: 22px;\" data-section=\"AliMaya-mfzwf\" data-section-title=\"Product Description\">Produktbeschreibung<\/div>\n<\/div>\n<div style=\"vertical-align: top; padding-top: 10px; padding-bottom: 10px; margin-right: -4px; margin-left: -4px;\">\n<div style=\"vertical-align: top; box-sizing: border-box; padding-right: 4px; padding-left: 4px; margin-top: -4px; margin-bottom: -4px;\">\n<div id=\"xmo1o\" style=\"vertical-align: top; box-sizing: border-box; padding-top: 4px; padding-bottom: 4px;\">\n<h3 style=\"text-align: center; padding: 0px; line-height: 20px; margin: 0px;\"><span style=\"font-size: x-large;\">hergestellt in China CE-Zertifikat hei\u00dfer Verkauf aus Aluminium, der Elektrorollstuhl faltet <\/span><\/h3>\n<\/div>\n<div id=\"v9min\" style=\"vertical-align: top; box-sizing: border-box; padding-top: 4px; padding-bottom: 4px;\"><\/div>\n<\/div>\n<\/div>\n<div style=\"vertical-align: top; padding-top: 10px; padding-bottom: 10px; margin-right: -4px; margin-left: -4px;\">\n<div style=\"vertical-align: top; box-sizing: border-box; padding-right: 4px; padding-left: 4px; margin-top: -4px; margin-bottom: -4px;\">\n<div id=\"uvqvo\" style=\"vertical-align: top; box-sizing: border-box; padding-top: 4px; padding-bottom: 4px;\">\n<div style=\"text-align: center;\"><span style=\"line-height: 22px; font-weight: bold;\"><span style=\"color: #5f5fff; font-size: large;\">Bitte kontaktieren Sie den Verk\u00e4ufer, wenn Sie die Farbe \u00e4ndern m\u00f6chten, versenden Sie normalerweise den Elektrorollstuhl in Siliver-Farbe.<\/span><\/span><\/div>\n<p>&nbsp;<\/p>\n<div style=\"text-align: center;\"><span style=\"line-height: 22px; font-weight: bold;\">Dieser elektrische Rollstuhl, der die goldene, blaue, rote, braune, silberne, wei\u00dfe Farbe hat, ist willkommen f\u00fcr Ihre Bestellung<\/span><span style=\"line-height: 22px; font-weight: bold;\"> <\/span><\/div>\n<p>&nbsp;<\/p>\n<\/div>\n<div id=\"pi1my\" style=\"vertical-align: top; box-sizing: border-box; padding-top: 4px; padding-bottom: 4px;\"><\/div>\n<\/div>\n<\/div>\n<div style=\"vertical-align: top; padding-top: 10px; padding-bottom: 10px; margin-right: -4px; margin-left: -4px;\">\n<div id=\"y03j1\" style=\"vertical-align: top; box-sizing: border-box; padding-right: 4px; padding-left: 4px;\">\n<div style=\"overflow: hidden; width: 750px; height: 852.128px;\"><img decoding=\"async\" style=\"max-width: 750;\" src=\"https:\/\/anbanjia.com.cn\/wp-content\/uploads\/2022\/05\/HTB1ZgmeRVXXXXbbXXXX760XFXXXb.png\" data-src=\"\"><\/div>\n<\/div>\n<\/div>\n<div style=\"vertical-align: top; padding-top: 10px; padding-bottom: 10px; margin-right: -4px; margin-left: -4px;\">\n<div id=\"vfp6f\" style=\"vertical-align: top; box-sizing: border-box; padding-right: 4px; padding-left: 4px;\">\n<div style=\"overflow: hidden; width: 750px; height: 807.809px;\"><img decoding=\"async\" style=\"width: 750px; height: 807.809px; margin-left: 0px; margin-top: 0px;\" src=\"https:\/\/anbanjia.com.cn\/wp-content\/uploads\/2022\/05\/HTB12bhlRVXXXXX6aFXX760XFXXXp.png\" data-src=\"\"><\/div>\n<\/div>\n<\/div>\n<\/div>\n<div style=\"vertical-align: top; padding-top: 15px; padding-bottom: 15px;\">\n<div id=\"bkdl2\" style=\"vertical-align: top; padding-top: 10px; padding-bottom: 10px;\">\n<div id=\"ali-anchor-AliMaya-q9v2o\" style=\"padding: 8px 0 4px 8px; border-bottom: 2px solid #C5CCDE; border-radius: 3px 3px 0 0; line-height: 1; color: #4d6599; background-color: #c5ccde; font-size: 22px;\" data-section=\"AliMaya-q9v2o\" data-section-title=\"Detailed Images\">Detaillierte Bilder<\/div>\n<\/div>\n<div style=\"vertical-align: top; padding-top: 10px; padding-bottom: 10px; margin-right: -4px; margin-left: -4px;\">\n<div id=\"t1rug\" style=\"vertical-align: top; width: 50%; display: inline-block; box-sizing: border-box; padding-right: 4px; padding-left: 4px;\">\n<div style=\"overflow: hidden; width: 371px; height: 220px;\"><img decoding=\"async\" style=\"width: 371px; height: 371px; margin-left: 0px; margin-top: -74px;\" src=\"https:\/\/anbanjia.com.cn\/wp-content\/uploads\/2022\/05\/HTB1kEUbQpXXXXakXFXXq6xXFXXXP.jpg\" data-src=\"\"><\/div>\n<\/div>\n<div style=\"vertical-align: top; width: 50%; display: inline-block; box-sizing: border-box; padding-right: 4px; padding-left: 4px; margin-top: -4px; margin-bottom: -4px;\">\n<div id=\"rr5ac\" style=\"vertical-align: top; box-sizing: border-box; padding-top: 4px; padding-bottom: 4px;\">\n<h3 style=\"padding: 0; font-size: 16px; line-height: 20px; font-weight: bold; color: #333; margin: 0;\"><\/h3>\n<\/div>\n<div id=\"6ipeu\" style=\"vertical-align: top; box-sizing: border-box; padding-top: 4px; padding-bottom: 4px;\">\n<p style=\"margin: 0; padding: 0;\"><b><span style=\"font-size: large;\">Spezifikationen<\/span><br \/>\n<span style=\"font-size: medium;\">1.Falten ohne Werkzeug in 1 &#8222;<\/span><br \/>\n<span style=\"font-size: medium;\">2.LITHIUM-Batterie<\/span><br \/>\n<span style=\"font-size: medium;\">3.Elektrische und mechanische Bremse<\/span><br \/>\n<span style=\"font-size: medium;\">4. Rahmen aus Aluminiumlegierung<\/span><br \/>\n<span style=\"font-size: medium;\">5. Blushless-Motor<\/span><br \/>\n<span style=\"font-size: medium;\">6. Geringes Gewicht<\/span><br \/>\n<span style=\"font-size: medium;\">7. Flip zur\u00fcck<\/span><br \/>\n<span style=\"font-size: medium;\">8.Hinterrad mit Aluminiumfelge<\/span><\/b><\/p>\n<\/div>\n<\/div>\n<\/div>\n<div style=\"vertical-align: top; padding-top: 10px; padding-bottom: 10px; margin-right: -4px; margin-left: -4px;\">\n<div id=\"adrsr\" style=\"vertical-align: top; box-sizing: border-box; padding-right: 4px; padding-left: 4px;\">\n<div style=\"overflow: hidden; width: 750px; height: 679.5px;\"><img decoding=\"async\" style=\"width: 750px; height: 679.5px; margin-left: 0px; margin-top: 0px;\" src=\"https:\/\/anbanjia.com.cn\/wp-content\/uploads\/2022\/05\/HTB1pyn8QpXXXXb9XFXXq6xXFXXXN.jpg\" data-src=\"\"><\/div>\n<\/div>\n<\/div>\n<div style=\"vertical-align: top; padding-top: 10px; padding-bottom: 10px; margin-right: -4px; margin-left: -4px;\">\n<div id=\"qp3xo\" style=\"vertical-align: top; box-sizing: border-box; padding-right: 4px; padding-left: 4px;\">\n<div style=\"overflow: hidden; width: 750px; height: 731.25px;\"><img decoding=\"async\" style=\"width: 750px; height: 731.25px; margin-left: 0px; margin-top: 0px;\" src=\"https:\/\/anbanjia.com.cn\/wp-content\/uploads\/2022\/05\/HTB1bGceQpXXXXXiXFXXq6xXFXXXO.jpg\" data-src=\"\"><\/div>\n<\/div>\n<\/div>\n<div style=\"vertical-align: top; padding-top: 10px; padding-bottom: 10px; margin-right: -4px; margin-left: -4px;\">\n<div id=\"znm7o\" style=\"vertical-align: top; box-sizing: border-box; padding-right: 4px; padding-left: 4px;\">\n<div style=\"overflow: hidden; width: 750px; height: 577.947px;\"><img decoding=\"async\" style=\"width: 750px; height: 577.947px; margin-left: 0px; margin-top: 0px;\" src=\"https:\/\/anbanjia.com.cn\/wp-content\/uploads\/2022\/05\/HTB1QfCjRVXXXXXkXXXXq6xXFXXXr.jpg\" data-src=\"\"><\/div>\n<\/div>\n<\/div>\n<div style=\"vertical-align: top; padding-top: 10px; padding-bottom: 10px; margin-right: -4px; margin-left: -4px;\">\n<div id=\"pfdrd\" style=\"vertical-align: top; box-sizing: border-box; padding-right: 4px; padding-left: 4px;\">\n<div style=\"overflow: hidden; width: 750px; height: 733.861px;\"><img decoding=\"async\" style=\"width: 750px; height: 733.861px; margin-left: 0px; margin-top: 0px;\" src=\"https:\/\/anbanjia.com.cn\/wp-content\/uploads\/2022\/05\/HTB18DJERVXXXXXTaXXXq6xXFXXXR.jpg\" data-src=\"\"><\/div>\n<\/div>\n<\/div>\n<div style=\"vertical-align: top; padding-top: 10px; padding-bottom: 10px; margin-right: -4px; margin-left: -4px;\">\n<div id=\"u93nx\" style=\"vertical-align: top; box-sizing: border-box; padding-right: 4px; padding-left: 4px;\">\n<div style=\"overflow: hidden; width: 750px; height: 670.152px;\"><img decoding=\"async\" style=\"width: 750px; height: 670.152px; margin-left: 0px; margin-top: 0px;\" src=\"https:\/\/anbanjia.com.cn\/wp-content\/uploads\/2022\/05\/HTB1gaXIRVXXXXbqXVXX760XFXXXY.png\" data-src=\"\"><\/div>\n<\/div>\n<\/div>\n<div style=\"vertical-align: top; padding-top: 10px; padding-bottom: 10px; margin-right: -4px; margin-left: -4px;\">\n<div id=\"nm3t2\" style=\"vertical-align: top; box-sizing: border-box; padding-right: 4px; padding-left: 4px;\">\n<div style=\"overflow: hidden; width: 750px; height: 643.969px;\"><img decoding=\"async\" style=\"width: 750px; height: 643.969px; margin-left: 0px; margin-top: 0px;\" src=\"https:\/\/anbanjia.com.cn\/wp-content\/uploads\/2022\/05\/HTB15LJkRVXXXXaraFXXq6xXFXXXT.jpg\" data-src=\"\"><\/div>\n<\/div>\n<\/div>\n<div style=\"vertical-align: top; padding-top: 10px; padding-bottom: 10px; margin-right: -4px; margin-left: -4px;\">\n<div id=\"wzmkb\" style=\"vertical-align: top; box-sizing: border-box; padding-right: 4px; padding-left: 4px;\">\n<div style=\"overflow: hidden; width: 750px; height: 488.08px;\"><img decoding=\"async\" style=\"width: 750px; height: 488.08px; margin-left: 0px; margin-top: 0px;\" src=\"https:\/\/anbanjia.com.cn\/wp-content\/uploads\/2022\/05\/HTB1S64pRVXXXXXNapXXq6xXFXXX6.jpg\" data-src=\"\"><\/div>\n<\/div>\n<\/div>\n<div style=\"vertical-align: top; padding-top: 10px; padding-bottom: 10px; margin-right: -4px; margin-left: -4px;\">\n<div id=\"9pq11\" style=\"vertical-align: top; box-sizing: border-box; padding-right: 4px; padding-left: 4px;\">\n<div style=\"overflow: hidden; width: 750px; height: 687.768px;\"><img decoding=\"async\" style=\"width: 750px; height: 687.768px; margin-left: 0px; margin-top: 0px;\" src=\"https:\/\/anbanjia.com.cn\/wp-content\/uploads\/2022\/05\/HTB1FeiiRVXXXXXEXXXX760XFXXXc.png\" data-src=\"\"><\/div>\n<\/div>\n<\/div>\n<div style=\"vertical-align: top; padding-top: 10px; padding-bottom: 10px; margin-right: -4px; margin-left: -4px;\">\n<div id=\"ei42s\" style=\"vertical-align: top; box-sizing: border-box; padding-right: 4px; padding-left: 4px;\">\n<div style=\"overflow: hidden; width: 750px; height: 472.973px;\"><img decoding=\"async\" style=\"width: 750px; height: 472.973px; margin-left: 0px; margin-top: 0px;\" src=\"https:\/\/anbanjia.com.cn\/wp-content\/uploads\/2022\/05\/HTB1qeRNRVXXXXaAXVXX760XFXXXH.png\" data-src=\"\"><\/div>\n<\/div>\n<\/div>\n<div style=\"vertical-align: top; padding-top: 10px; padding-bottom: 10px; margin-right: -4px; margin-left: -4px;\">\n<div id=\"op1jq\" style=\"vertical-align: top; box-sizing: border-box; padding-right: 4px; padding-left: 4px;\">\n<div style=\"overflow: hidden; width: 750px; height: 520.474px;\"><img decoding=\"async\" style=\"width: 750px; height: 520.474px; margin-left: 0px; margin-top: 0px;\" src=\"https:\/\/anbanjia.com.cn\/wp-content\/uploads\/2022\/05\/HTB1K6xIRVXXXXXPaXXXq6xXFXXXN.jpg\" data-src=\"\"><\/div>\n<\/div>\n<\/div>\n<div style=\"vertical-align: top; padding-top: 10px; padding-bottom: 10px; margin-right: -4px; margin-left: -4px;\">\n<div id=\"hz5uv\" style=\"vertical-align: top; box-sizing: border-box; padding-right: 4px; padding-left: 4px;\">\n<div style=\"overflow: hidden; width: 750px; height: 511.529px;\"><img decoding=\"async\" style=\"width: 750px; height: 511.529px; margin-left: 0px; margin-top: 0px;\" src=\"https:\/\/anbanjia.com.cn\/wp-content\/uploads\/2022\/05\/HTB14D42RVXXXXaHXFXX760XFXXXB.png\" data-src=\"\"><\/div>\n<\/div>\n<\/div>\n<\/div>\n<div style=\"vertical-align: top; padding-top: 15px; padding-bottom: 15px;\">\n<div id=\"cwxs1\" style=\"vertical-align: top; padding-top: 10px; padding-bottom: 10px;\">\n<div id=\"ali-anchor-AliMaya-yusnn\" style=\"padding: 8px 0 4px 8px; border-bottom: 2px solid #C5CCDE; border-radius: 3px 3px 0 0; line-height: 1; color: #4d6599; background-color: #c5ccde; font-size: 22px;\" data-section=\"AliMaya-yusnn\" data-section-title=\"Certificate\">Zertifikat<\/div>\n<\/div>\n<div style=\"vertical-align: top; padding-top: 10px; padding-bottom: 10px; margin-right: -4px; margin-left: -4px;\">\n<div id=\"43fyv\" style=\"vertical-align: top; box-sizing: border-box; padding-right: 4px; padding-left: 4px;\">\n<div style=\"overflow: hidden; width: 750px; height: 562.5px;\"><img decoding=\"async\" style=\"width: 750px; height: 562.5px; margin-left: 0px; margin-top: 0px;\" src=\"https:\/\/anbanjia.com.cn\/wp-content\/uploads\/2022\/05\/HTB1Je9WQpXXXXafXpXXq6xXFXXX1.jpg\" data-src=\"\"><\/div>\n<\/div>\n<\/div>\n<\/div>\n<div style=\"vertical-align: top; padding-top: 15px; padding-bottom: 15px;\">\n<div id=\"36cga\" style=\"vertical-align: top; padding-top: 10px; padding-bottom: 10px;\">\n<div id=\"ali-anchor-AliMaya-uxepf\" style=\"padding: 8px 0 4px 8px; border-bottom: 2px solid #C5CCDE; border-radius: 3px 3px 0 0; line-height: 1; color: #4d6599; background-color: #c5ccde; font-size: 22px;\" data-section=\"AliMaya-uxepf\" data-section-title=\"Factory detail\">Fabrikdetail<\/div>\n<\/div>\n<div style=\"vertical-align: top; padding-top: 10px; padding-bottom: 10px; margin-right: -4px; margin-left: -4px;\">\n<div id=\"r2d2v\" style=\"vertical-align: top; box-sizing: border-box; padding-right: 4px; padding-left: 4px;\">\n<div style=\"overflow: hidden; width: 750px; height: 920px;\"><img decoding=\"async\" style=\"width: 750px; height: 920px; margin-left: 0px; margin-top: 0px;\" src=\"https:\/\/anbanjia.com.cn\/wp-content\/uploads\/2022\/05\/HTB1Ae_JQpXXXXXlapXXq6xXFXXXk.jpg\" data-src=\"\"><\/div>\n<\/div>\n<\/div>\n<div style=\"vertical-align: top; padding-top: 10px; padding-bottom: 10px; margin-right: -4px; margin-left: -4px;\">\n<div id=\"9gxlb\" style=\"vertical-align: top; box-sizing: border-box; padding-right: 4px; padding-left: 4px;\">\n<div style=\"overflow: hidden; width: 750px; height: 581.967px;\"><img decoding=\"async\" style=\"width: 750px; height: 581.967px; margin-left: 0px; margin-top: 0px;\" src=\"https:\/\/anbanjia.com.cn\/wp-content\/uploads\/2022\/05\/HTB1iy4WRVXXXXXZXFXXq6xXFXXXi.jpg\" data-src=\"\"><\/div>\n<\/div>\n<\/div>\n<\/div>\n<div style=\"vertical-align: top; padding-top: 15px; padding-bottom: 15px;\">\n<div id=\"7f3zh\" style=\"vertical-align: top; padding-top: 10px; padding-bottom: 10px;\">\n<div id=\"ali-anchor-AliMaya-uft42\" style=\"padding: 8px 0 4px 8px; border-bottom: 2px solid #C5CCDE; border-radius: 3px 3px 0 0; line-height: 1; color: #4d6599; background-color: #c5ccde; font-size: 22px;\" data-section=\"AliMaya-uft42\" data-section-title=\"Related Products\">Verwandte Produkte<\/div>\n<\/div>\n<div style=\"vertical-align: top; padding-top: 10px; padding-bottom: 10px; margin-right: -4px; margin-left: -4px;\">\n<div id=\"2alya\" style=\"vertical-align: top; width: 33.3333%; display: inline-block; box-sizing: border-box; padding-right: 4px; padding-left: 4px;\">\n<div style=\"overflow: hidden; width: 244.656px; height: 320px;\"><img decoding=\"async\" style=\"width: 288px; height: 288px; margin-left: -29px; margin-top: 0px;\" src=\"https:\/\/anbanjia.com.cn\/wp-content\/uploads\/2022\/05\/HTB1r91YRFXXXXbMXFXXq6xXFXXXT.jpg\" data-src=\"\"><\/div>\n<\/div>\n<div id=\"7s2fh\" style=\"vertical-align: top; width: 33.3333%; display: inline-block; box-sizing: border-box; padding-right: 4px; padding-left: 4px;\">\n<div style=\"overflow: hidden; width: 244.656px; height: 320px;\"><img decoding=\"async\" style=\"width: 266.075px; height: 320px; margin-left: -6px; margin-top: 0px;\" src=\"https:\/\/anbanjia.com.cn\/wp-content\/uploads\/2022\/05\/HTB1byehRVXXXXbbXXXXq6xXFXXXK.jpg\" data-src=\"\"><\/div>\n<\/div>\n<div id=\"7jznm\" style=\"vertical-align: top; width: 33.3333%; display: inline-block; box-sizing: border-box; padding-right: 4px; padding-left: 4px;\">\n<div style=\"overflow: hidden; width: 244.656px; height: 320px;\"><img decoding=\"async\" style=\"width: 369.6px; height: 422.4px; margin-left: -48px; margin-top: -93px;\" src=\"https:\/\/anbanjia.com.cn\/wp-content\/uploads\/2022\/05\/unnamed-file-3.jpg\" data-src=\"\"><\/div>\n<\/div>\n<\/div>\n<\/div>\n<div style=\"vertical-align: top; padding-top: 15px; padding-bottom: 15px;\">\n<div id=\"q989y\" style=\"vertical-align: top; padding-top: 10px; padding-bottom: 10px;\">\n<div id=\"ali-anchor-AliMaya-yn5ca\" style=\"padding: 8px 0 4px 8px; border-bottom: 2px solid #C5CCDE; border-radius: 3px 3px 0 0; line-height: 1; color: #4d6599; background-color: #c5ccde; font-size: 22px;\" data-section=\"AliMaya-yn5ca\" data-section-title=\"Packing &amp; Delivery\">Verpackung &amp; Lieferung<\/div>\n<\/div>\n<div style=\"vertical-align: top; padding-top: 10px; padding-bottom: 10px; margin-right: -4px; margin-left: -4px;\">\n<div id=\"1tq48\" style=\"vertical-align: top; box-sizing: border-box; padding-right: 4px; padding-left: 4px;\">\n<div style=\"overflow: hidden; width: 750px; height: 405px;\"><img decoding=\"async\" style=\"width: 742.5px; height: 404.8px; margin-left: 0px; margin-top: 0px;\" src=\"https:\/\/anbanjia.com.cn\/wp-content\/uploads\/2022\/05\/HTB1h3vHQXXXXXXWapXXq6xXFXXXC.jpg\" data-src=\"\"><\/div>\n<\/div>\n<\/div>\n<div style=\"vertical-align: top; padding-top: 10px; padding-bottom: 10px; margin-right: -4px; margin-left: -4px;\">\n<div style=\"vertical-align: top; width: 50%; display: inline-block; box-sizing: border-box; padding-right: 4px; padding-left: 4px; margin-top: -4px; margin-bottom: -4px;\">\n<div id=\"eson5\" style=\"vertical-align: top; box-sizing: border-box; padding-top: 4px; padding-bottom: 4px;\">\n<h3 style=\"padding: 0px; line-height: 20px; margin: 0px;\"><span style=\"color: #0000ff; font-size: x-large;\"> Das ist unsere Ausbildung <\/span><\/h3>\n<div><\/div>\n<\/div>\n<div id=\"jcs7j\" style=\"vertical-align: top; box-sizing: border-box; padding-top: 4px; padding-bottom: 4px;\">\n<p style=\"margin: 0; padding: 0;\"><b><span style=\"font-size: large;\">Gehen Sie zu Drogerien, Krankenh\u00e4usern, Kliniken, medizinischen Gesch\u00e4ften und Plattformen, auf denen wir zusammenarbeiten, um Schulungen durchzuf\u00fchren, Kunden beizubringen, wie man sie gut benutzt und bedient, um professionelle Vorschl\u00e4ge zu machen<\/span> <span style=\"font-size: medium;\">.<\/span><\/b><\/p>\n<p style=\"margin: 0; padding: 0;\"><b><span style=\"font-size: medium;\"> <\/span><\/b><\/p>\n<\/div>\n<\/div>\n<div id=\"jrkla\" style=\"vertical-align: top; width: 50%; display: inline-block; box-sizing: border-box; padding-right: 4px; padding-left: 4px;\">\n<div style=\"overflow: hidden; width: 371px; height: 220px;\"><img decoding=\"async\" style=\"width: 371px; height: 278.25px; margin-left: 0px; margin-top: 0px;\" src=\"https:\/\/anbanjia.com.cn\/wp-content\/uploads\/2022\/05\/HTB16wWrQpXXXXchXXXXq6xXFXXXw.jpg\" data-src=\"\"><\/div>\n<\/div>\n<\/div>\n<div style=\"vertical-align: top; padding-top: 10px; padding-bottom: 10px; margin-right: -4px; margin-left: -4px;\">\n<div id=\"dcc05\" style=\"vertical-align: top; box-sizing: border-box; padding-right: 4px; padding-left: 4px;\">\n<p style=\"margin: 0; padding: 0;\"><span style=\"line-height: 24px;\"><span style=\"color: #1f1fff; font-size: large;\"><b>Ihr Problem, das wir l\u00f6sen &#8211;FAQ<\/b><\/span><\/span><\/p>\n<p style=\"margin: 0; padding: 0;\"><b><span style=\"font-size: large;\">Q1. Was ist Ihr Paket<br \/>\nA: Starke braune Box<br \/>\nQ2. Wie lauten Ihre Zahlungsbedingungen?<br \/>\nA: T\/T 30 % als Anzahlung und 70 % vor Lieferung, wenn das Konto mehr als 10.000,00 US-Dollar betr\u00e4gt<br \/>\nQ3. Wie lauten Ihre Lieferbedingungen?<br \/>\nA: EXW, UHRKETTE, CIF<br \/>\nQ4. Wie sieht es mit Ihrer Lieferzeit aus?<br \/>\nA: Im Allgemeinen dauert es 3-5 Werktage nach Erhalt Ihrer Vorauszahlung. Die spezifische Lieferzeit h\u00e4ngt davon ab<br \/>\nauf die Artikel und die Menge Ihrer Bestellung.<br \/>\nQ6. Testen Sie alle Ihre Waren vor der Auslieferung?<br \/>\nA: Ja, wir haben einen 100%-Test vor der Auslieferung<br \/>\nQ7: Wie machen Sie unser Gesch\u00e4ft zu einer langfristigen und guten Beziehung?<br \/>\nA:1. Wir halten gute Qualit\u00e4t und den wettbewerbsf\u00e4higsten Preis, um sicherzustellen, dass unsere Kunden davon profitieren.<br \/>\nA:2. Wir respektieren jeden Kunden als unseren Freund und machen aufrichtig Gesch\u00e4fte und schlie\u00dfen Freundschaften mit ihnen.<br \/>\negal woher sie kommen.<br \/>\n<\/span><\/b><\/p>\n<p style=\"margin: 0; padding: 0;\"><span style=\"color: #0000ff; font-size: large;\"><b>\u00dcber uns :<\/b><\/span><\/p>\n<p><span style=\"font-size: large;\"><b>1. mehr auftrag, mehr rabatt, konkurrenzf\u00e4higer preis!<br \/>\n2.Willkommen, um mit uns in Verbindung zu treten, um einen besseren Preis zu erhalten!<br \/>\n3.Guter Service, schnelle Lieferung, und wir sind es wert, vertraut zu werden.<br \/>\n4.Wir k\u00f6nnen garantieren, dass Sie mit unseren Produkten zufrieden sein werden.<br \/>\n5. Wir behandeln Kunden wie Freunde und bieten Ihnen einen beachtlichen Service.<br \/>\n6. Wir sind ein Verkaufsteam mit professioneller medizinischer Versorgung und technischer Unterst\u00fctzung durch ein Ingenieurteam.<\/b><\/span><\/p>\n<\/div>\n<\/div>\n<div style=\"vertical-align: top; padding-top: 10px; padding-bottom: 10px; margin-right: -4px; margin-left: -4px;\">\n<div style=\"vertical-align: top; box-sizing: border-box; padding-right: 4px; padding-left: 4px; margin-top: -4px; margin-bottom: -4px;\">\n<div id=\"fxtpw\" style=\"vertical-align: top; box-sizing: border-box; padding-top: 4px; padding-bottom: 4px;\">\n<div style=\"overflow: hidden; width: 750px; height: 320px;\"><img decoding=\"async\" style=\"width: 735.9px; height: 490.6px; margin-left: 0px; margin-top: -109px;\" src=\"https:\/\/anbanjia.com.cn\/wp-content\/uploads\/2022\/05\/HTB1K8kkQXXXXXb1XXXXq6xXFXXXV.jpg\" data-src=\"\"><\/div>\n<\/div>\n<div id=\"54089\" style=\"vertical-align: top; box-sizing: border-box; padding-top: 4px; padding-bottom: 4px;\"><\/div>\n<div id=\"stsoz\" style=\"vertical-align: top; box-sizing: border-box; padding-top: 4px; padding-bottom: 4px;\">\n<p style=\"margin: 0; padding: 0;\"><span style=\"font-size: large;\"><b>Wir sind aktive und kreative J\u00fcngere, um Quellen f\u00fcr Kunden zu suchen.<\/b><\/span><\/p>\n<\/div>\n<\/div>\n<\/div>\n<div style=\"vertical-align: top; padding-top: 10px; padding-bottom: 10px; margin-right: -4px; margin-left: -4px;\">\n<div id=\"585xj\" style=\"vertical-align: top; box-sizing: border-box; padding-right: 4px; padding-left: 4px;\">\n<div style=\"overflow: hidden; width: 750px; height: 312px;\"><img decoding=\"async\" style=\"width: 750px; height: 312px; margin-left: 0px; margin-top: 0px;\" src=\"https:\/\/anbanjia.com.cn\/wp-content\/uploads\/2022\/05\/HTB1SbjDoQ9WBuNjSspeq6yz5VXaM.jpg\" data-src=\"\"><\/div>\n<\/div>\n<\/div>\n<\/div>\n<\/div>\n<\/div>\n<\/div>\n","protected":false},"excerpt":{"rendered":"<p>&nbsp;<\/p>\n<div style=\"width: auto;\">\n<div style=\"min-width: 300px; max-width: 300px; word-wrap: break-word; float: left;\">Eigenschaften: Zubeh\u00f6r f\u00fcr die Rehabilitationstherapie<\/div>\n<div style=\"min-width: 300px; max-width: 300px; word-wrap: break-word; float: left;\">Herkunftsort: Guangdong, China<\/div>\n<\/div>\n<div style=\"width: auto;\">\n<div style=\"min-width: 300px; max-width: 300px; word-wrap: break-word; float: left;\">Markenname: OEM-ODM<\/div>\n<div style=\"min-width: 300px; max-width: 300px; word-wrap: break-word; float: left;\">Modellnummer: ABJ-5513A<\/div>\n<\/div>\n<div style=\"width: auto;\">\n<div style=\"min-width: 300px; max-width: 300px; word-wrap: break-word; float: left;\">Typ: Rollstuhl<\/div>\n<div style=\"min-width: 300px; max-width: 300px; word-wrap: break-word; float: left;\">Zertifikat:ECM,EPRE<\/div>\n<\/div>\n<div style=\"width: auto;\">\n<div style=\"min-width: 300px; max-width: 300px; word-wrap: break-word; float: left;\">Funktion: Falten<\/div>\n<div style=\"min-width: 300px; max-width: 300px; word-wrap: break-word; float: left;\">Gr\u00f6\u00dfe: 89 x 61 x 97 cm<\/div>\n<\/div>\n<div style=\"width: auto;\">\n<div style=\"min-width: 300px; max-width: 300px; word-wrap: break-word; float: left;\">Motor: 24 V\/200 W*2 b\u00fcndig<\/div>\n<div style=\"min-width: 300px; max-width: 300px; word-wrap: break-word; float: left;\">Gewichtskapazit\u00e4t: Gewichtskapazit\u00e4t<\/div>\n<\/div>\n<div style=\"width: auto;\">\n<div style=\"min-width: 300px; max-width: 300px; word-wrap: break-word; float: left;\">Batterien: 2 * 24V6Ah LITHIUM-BATTERIE<\/div>\n<div style=\"min-width: 300px; max-width: 300px; word-wrap: break-word; float: left;\">Rahmen:: Spr\u00fchrahmen aus Aluminiumlegierung<\/div>\n<\/div>\n","protected":false},"featured_media":12768,"comment_status":"closed","ping_status":"closed","template":"","meta":[],"product_cat":[130],"product_tag":[],"class_list":["post-12880","product","type-product","status-publish","has-post-thumbnail","hentry","product_cat-elektrischer-rollstuhl"],"_links":{"self":[{"href":"https:\/\/anbanjia.com.cn\/de\/wp-json\/wp\/v2\/product\/12880","targetHints":{"allow":["GET"]}}],"collection":[{"href":"https:\/\/anbanjia.com.cn\/de\/wp-json\/wp\/v2\/product"}],"about":[{"href":"https:\/\/anbanjia.com.cn\/de\/wp-json\/wp\/v2\/types\/product"}],"replies":[{"embeddable":true,"href":"https:\/\/anbanjia.com.cn\/de\/wp-json\/wp\/v2\/comments?post=12880"}],"wp:featuredmedia":[{"embeddable":true,"href":"https:\/\/anbanjia.com.cn\/de\/wp-json\/wp\/v2\/media\/12768"}],"wp:attachment":[{"href":"https:\/\/anbanjia.com.cn\/de\/wp-json\/wp\/v2\/media?parent=12880"}],"wp:term":[{"taxonomy":"product_cat","embeddable":true,"href":"https:\/\/anbanjia.com.cn\/de\/wp-json\/wp\/v2\/product_cat?post=12880"},{"taxonomy":"product_tag","embeddable":true,"href":"https:\/\/anbanjia.com.cn\/de\/wp-json\/wp\/v2\/product_tag?post=12880"}],"curies":[{"name":"wp","href":"https:\/\/api.w.org\/{rel}","templated":true}]}}