{"id":12878,"date":"2022-05-02T18:07:33","date_gmt":"2022-05-02T18:07:33","guid":{"rendered":"https:\/\/www.anbanjia.com.cn\/product\/guenstiger-preis-leichte-ersatzteile-elektrischer-faltbarer-rollstuhl\/"},"modified":"2022-05-02T18:07:33","modified_gmt":"2022-05-02T18:07:33","slug":"preiswerter-preis-leichter-ersatzteile-elektro-faltbarer-rollstuhl","status":"publish","type":"product","link":"https:\/\/anbanjia.com.cn\/de\/produkt\/preiswerter-preis-leichter-ersatzteile-elektro-faltbarer-rollstuhl\/","title":{"rendered":"G\u00fcnstiger Preis, leichte Ersatzteile, elektrischer faltbarer Rollstuhl"},"content":{"rendered":"<div style=\"max-width: 750px;margin: 0 auto;\">\n<div data-host=\"111234190\" data-id=\"detail_decorate_root\" id=\"detail_decorate_root\">\n<div class=\"engine-app\" data-reactroot=\"\" id=\"_root\">\n<div class=\"magic-0\" data-section=\"AliMagic-h5i376\" data-section-title=\"Product Description\" id=\"ali-anchor-AliMagic-h5i376\">Produktbeschreibung<\/div>\n<div class=\"detail-decorate-json-renderer-container\">\n<div class=\"magic-1\">\n<h3 class=\"magic-2\" data-id=\"title0\"><\/h3>\n<h3 class=\"magic-3\"><font color=\"#1f1fff\" size=\"6\">G\u00fcnstiger Preis faltbarer Elektrorollstuhl mit<\/font><\/h3>\n<h3 class=\"magic-3\"><font color=\"#1f1fff\" size=\"6\"><br \/><\/font><\/h3>\n<h3 class=\"magic-3\"><font color=\"#1f1fff\" size=\"6\">doppelter Lithium-<\/font> <span class=\"magic-4\">CE-Genehmiger<\/span><\/h3>\n<div class=\"magic-5\">\n<div class=\"magic-6\">\n<div class=\"magic-7\" data-id=\"paragraph0\">\n<p class=\"magic-8\"><\/p>\n<\/div>\n<\/div>\n<\/div>\n<\/div>\n<\/div>\n<div class=\"icbu-pc-images magic-9\">\n<div>\n<div class=\"flex-layout-v\">\n<div class=\"flex-layout-h magic-9\">\n<div class=\"magic-10\"><img decoding=\"async\" class=\"magic-11\" data-src=\"\" src=\"https:\/\/anbanjia.com.cn\/wp-content\/uploads\/2022\/05\/HTB1cHTrSpXXXXbVXVXXq6xXFXXX5.jpg\" style=\"max-width: 750;\"><\/div>\n<\/div>\n<\/div>\n<\/div>\n<\/div>\n<div class=\"icbu-pc-images magic-9\">\n<div>\n<div class=\"flex-layout-v\">\n<div class=\"flex-layout-h magic-9\">\n<div class=\"magic-12\"><img decoding=\"async\" class=\"magic-13\" data-id=\"child-image-0\" data-src=\"\" src=\"https:\/\/anbanjia.com.cn\/wp-content\/uploads\/2022\/05\/HTB1xIxwRVXXXXaqaXXX760XFXXXe.png\"><\/div>\n<div class=\"magic-14\"><img decoding=\"async\" class=\"magic-15\" data-id=\"child-image-1\" data-src=\"\" src=\"https:\/\/anbanjia.com.cn\/wp-content\/uploads\/2022\/05\/HTB1FeiiRVXXXXXEXXXX760XFXXXc.png\"><\/div>\n<\/div>\n<\/div>\n<\/div>\n<\/div>\n<div class=\"icbu-pc-images magic-9\">\n<div>\n<div class=\"flex-layout-v\">\n<div class=\"flex-layout-h magic-9\">\n<div class=\"magic-12\"><img decoding=\"async\" class=\"magic-16\" data-id=\"child-image-0\" data-src=\"\" src=\"https:\/\/anbanjia.com.cn\/wp-content\/uploads\/2022\/05\/HTB1C51vSpXXXXXZXVXXq6xXFXXXs.jpg\"><\/div>\n<div class=\"magic-14\"><img decoding=\"async\" class=\"magic-17\" data-id=\"child-image-1\" data-src=\"\" src=\"https:\/\/anbanjia.com.cn\/wp-content\/uploads\/2022\/05\/HTB13EnTSpXXXXanXXXX760XFXXXy.png\"><\/div>\n<\/div>\n<\/div>\n<\/div>\n<\/div>\n<div class=\"icbu-pc-images magic-9\">\n<div>\n<div class=\"flex-layout-v\">\n<div class=\"flex-layout-h magic-9\">\n<div class=\"magic-18\"><img decoding=\"async\" class=\"magic-19\" data-src=\"\" src=\"https:\/\/anbanjia.com.cn\/wp-content\/uploads\/2022\/05\/HTB1gY4ZSpXXXXb7aXXX760XFXXXD.png\"><\/div>\n<\/div>\n<\/div>\n<\/div>\n<\/div>\n<div class=\"magic-0\" data-section=\"AliMagic-4u9z5a\" data-section-title=\"Detailed Images\" id=\"ali-anchor-AliMagic-4u9z5a\">Detaillierte Bilder<\/div>\n<div class=\"icbu-pc-images magic-9\">\n<div>\n<div class=\"flex-layout-v\">\n<div class=\"flex-layout-h magic-9\">\n<div class=\"magic-20\"><img decoding=\"async\" class=\"magic-21\" data-src=\"\" src=\"https:\/\/anbanjia.com.cn\/wp-content\/uploads\/2022\/05\/HTB1qsuOSpXXXXahXpXXq6xXFXXXs.jpg\"><\/div>\n<\/div>\n<\/div>\n<\/div>\n<\/div>\n<div class=\"icbu-pc-images magic-9\">\n<div>\n<div class=\"flex-layout-v\">\n<div class=\"flex-layout-h magic-9\">\n<div class=\"magic-22\"><img decoding=\"async\" class=\"magic-23\" data-src=\"\" src=\"https:\/\/anbanjia.com.cn\/wp-content\/uploads\/2022\/05\/HTB19JGvSpXXXXc5XFXXq6xXFXXXz.jpg\"><\/div>\n<\/div>\n<\/div>\n<\/div>\n<\/div>\n<div class=\"icbu-pc-images magic-9\">\n<div>\n<div class=\"flex-layout-v\">\n<div class=\"flex-layout-h magic-9\">\n<div class=\"magic-24\"><img decoding=\"async\" class=\"magic-25\" data-src=\"\" src=\"https:\/\/anbanjia.com.cn\/wp-content\/uploads\/2022\/05\/HTB19qSkSpXXXXcjaXXXq6xXFXXXv.jpg\"><\/div>\n<\/div>\n<\/div>\n<\/div>\n<\/div>\n<div class=\"icbu-pc-images magic-9\">\n<div>\n<div class=\"flex-layout-v\">\n<div class=\"flex-layout-h magic-9\">\n<div class=\"magic-26\"><img decoding=\"async\" class=\"magic-27\" data-src=\"\" src=\"https:\/\/anbanjia.com.cn\/wp-content\/uploads\/2022\/05\/HTB1eCaxSpXXXXXFXVXXq6xXFXXX2.jpg\"><\/div>\n<\/div>\n<\/div>\n<\/div>\n<\/div>\n<div class=\"icbu-pc-images magic-9\">\n<div>\n<div class=\"flex-layout-v\">\n<div class=\"flex-layout-h magic-9\">\n<div class=\"magic-28\"><img decoding=\"async\" class=\"magic-29\" data-src=\"\" src=\"https:\/\/anbanjia.com.cn\/wp-content\/uploads\/2022\/05\/HTB1w2SXSpXXXXadaFXXq6xXFXXXV.jpg\"><\/div>\n<\/div>\n<\/div>\n<\/div>\n<\/div>\n<div class=\"icbu-pc-images magic-9\">\n<div>\n<div class=\"flex-layout-v\">\n<div class=\"flex-layout-h magic-9\">\n<div class=\"magic-30\"><img decoding=\"async\" class=\"magic-31\" data-src=\"\" src=\"https:\/\/anbanjia.com.cn\/wp-content\/uploads\/2022\/05\/HTB1ne0ORVXXXXcxXFXX760XFXXXd.png\"><\/div>\n<\/div>\n<\/div>\n<\/div>\n<\/div>\n<div class=\"icbu-pc-images magic-9\">\n<div>\n<div class=\"flex-layout-v\">\n<div class=\"flex-layout-h magic-9\">\n<div class=\"magic-10\"><img decoding=\"async\" class=\"magic-11\" data-src=\"\" src=\"https:\/\/anbanjia.com.cn\/wp-content\/uploads\/2022\/05\/HTB1cHTrSpXXXXbVXVXXq6xXFXXX5.jpg\"><\/div>\n<\/div>\n<\/div>\n<\/div>\n<\/div>\n<div class=\"icbu-pc-images magic-9\">\n<div>\n<div class=\"flex-layout-v\">\n<div class=\"flex-layout-h magic-9\">\n<div class=\"magic-32\"><img decoding=\"async\" class=\"magic-33\" data-src=\"\" src=\"https:\/\/anbanjia.com.cn\/wp-content\/uploads\/2022\/05\/HTB1uB5NSpXXXXarXpXXq6xXFXXX3.jpg\"><\/div>\n<\/div>\n<\/div>\n<\/div>\n<\/div>\n<div class=\"magic-0\" data-section=\"AliMagic-ko5vyz\" data-section-title=\"Packing &amp; Delivery\" id=\"ali-anchor-AliMagic-ko5vyz\">Verpackung &amp; Lieferung<\/div>\n<div class=\"icbu-pc-images magic-9\">\n<div>\n<div class=\"flex-layout-v\">\n<div class=\"flex-layout-h magic-9\">\n<div class=\"magic-12\"><img decoding=\"async\" class=\"magic-34\" data-id=\"child-image-0\" data-src=\"\" src=\"https:\/\/anbanjia.com.cn\/wp-content\/uploads\/2022\/05\/HTB1GrGhSpXXXXX0apXXq6xXFXXXW.jpg\"><\/div>\n<div class=\"magic-14\"><img decoding=\"async\" class=\"magic-35\" data-id=\"child-image-1\" data-src=\"\" src=\"https:\/\/anbanjia.com.cn\/wp-content\/uploads\/2022\/05\/HTB1nzOwSpXXXXX8XVXXq6xXFXXXa.jpg\"><\/div>\n<\/div>\n<\/div>\n<\/div>\n<\/div>\n<div class=\"icbu-pc-images magic-9\">\n<div>\n<div class=\"flex-layout-h\">\n<div class=\"flex-layout-v magic-36\">\n<div class=\"magic-37\"><img decoding=\"async\" class=\"magic-38\" data-id=\"child-image-0\" data-src=\"\" src=\"https:\/\/anbanjia.com.cn\/wp-content\/uploads\/2022\/05\/HTB13TaLSpXXXXboXpXXq6xXFXXX2.jpg\"><\/div>\n<\/div>\n<div class=\"text-wrapper magic-39\">\n<div class=\"text-wrapper-right text-theme-light text-align-left\">\n<div class=\"text-title\" data-id=\"right-title\">\n<h3 class=\"magic-3\"><font color=\"#571fff\"><font size=\"6\">Verpackung: 65 x 39 x 82 cm<br \/><\/font><br \/><font size=\"6\">Bruttogewicht: 32 kg<\/font><\/font><br \/><\/h3>\n<\/div>\n<div class=\"text-content\" data-id=\"right-content\">\n<p class=\"magic-8\"><\/p>\n<\/div>\n<\/div>\n<\/div>\n<\/div>\n<\/div>\n<\/div>\n<div class=\"magic-0\" data-section=\"AliMagic-cjmj9r\" data-section-title=\"Factory Show\" id=\"ali-anchor-AliMagic-cjmj9r\">Fabrikschau<\/div>\n<div class=\"icbu-pc-images magic-9\">\n<div>\n<div class=\"flex-layout-v\">\n<div class=\"flex-layout-h magic-9\">\n<div class=\"magic-40\"><img decoding=\"async\" class=\"magic-41\" data-src=\"\" src=\"https:\/\/anbanjia.com.cn\/wp-content\/uploads\/2022\/05\/HTB1PdCLSpXXXXbAXpXXq6xXFXXXa.jpg\"><\/div>\n<\/div>\n<\/div>\n<\/div>\n<\/div>\n<div class=\"magic-0\" data-section=\"AliMagic-wchxth\" data-section-title=\"Certifications\" id=\"ali-anchor-AliMagic-wchxth\">Zertifizierungen<\/div>\n<div class=\"icbu-pc-images magic-9\">\n<div>\n<div class=\"flex-layout-v\">\n<div class=\"flex-layout-h magic-9\">\n<div class=\"magic-42\"><img decoding=\"async\" class=\"magic-43\" data-src=\"\" src=\"https:\/\/anbanjia.com.cn\/wp-content\/uploads\/2022\/05\/HTB1Je9WQpXXXXafXpXXq6xXFXXX1.jpg\"><\/div>\n<\/div>\n<\/div>\n<\/div>\n<\/div>\n<div class=\"magic-0\" data-section=\"AliMagic-1tiilf\" data-section-title=\"Our Company\" id=\"ali-anchor-AliMagic-1tiilf\">Unser Unternehmen<\/div>\n<div class=\"icbu-pc-images magic-9\">\n<div>\n<div class=\"flex-layout-v\">\n<div class=\"flex-layout-h magic-9\">\n<div class=\"magic-44\"><img decoding=\"async\" class=\"magic-45\" data-src=\"\" src=\"https:\/\/anbanjia.com.cn\/wp-content\/uploads\/2022\/05\/HTB1K8kkQXXXXXb1XXXXq6xXFXXXV.jpg\"><\/div>\n<\/div>\n<\/div>\n<\/div>\n<\/div>\n<div class=\"detail-decorate-json-renderer-container\">\n<div class=\"magic-1\">\n<h3 class=\"magic-2\" data-id=\"title0\"><\/h3>\n<h3 class=\"magic-3\"><font color=\"#00a7df\" size=\"5\">1. mehr auftrag, mehr rabatt, konkurrenzf\u00e4higer preis!<br \/>2.Willkommen, um mit uns in Verbindung zu treten, um einen besseren Preis zu erhalten!<br \/>3.Guter Service, schnelle Lieferung, und wir sind es wert, vertraut zu werden.<br \/>4.Wir k\u00f6nnen garantieren, dass Sie mit unseren Produkten zufrieden sein werden. <br \/>5. Wir behandeln Kunden wie Freunde und bieten Ihnen einen beachtlichen Service.<br \/>6. Wir sind ein Verkaufsteam mit professioneller medizinischer Versorgung und technischer Unterst\u00fctzung durch ein Ingenieurteam.<\/font><br \/><span class=\"magic-46\"><br \/><\/span><\/h3>\n<h3 class=\"magic-3\"><font color=\"#0000bf\" size=\"6\">W\u00e4hlen Sie uns nicht nur f\u00fcrs Gesch\u00e4ft<\/font><\/h3>\n<h3 class=\"magic-3\"><font color=\"#1f1fff\" size=\"5\">Wir k\u00fcmmern uns ernsthaft um Ihre Bestellung und sch\u00e4tzen jede an uns gesendete Anfrage, um einen schnellen, wettbewerbsf\u00e4higen Preis zu gew\u00e4hrleisten. P\u00fcnktliche Lieferzeit:<br \/>&#8211; Wir geben Ihre Bestellung auf und handeln sofort, stellen Ihre p\u00fcnktliche Lieferzeit sicher <\/p>\n<p>\u00dcberpr\u00fcfen Sie vor dem Versand:<br \/>&#8211; Unsere Inspektionskollegen \u00fcberpr\u00fcfen die Qualit\u00e4t vor dem Verpacken zum Versand. Wir machen eine Versandbenachrichtigung, sobald Ihre Bestellung versandt wurde<\/p>\n<p>Kundendienst :<br \/>Wir freuen uns \u00fcber Ihre Anfrage zur Ware und respektieren Ihr Feedback nach Erhalt der Ware.<\/font><br \/><\/h3>\n<div class=\"magic-5\">\n<div class=\"magic-6\">\n<div class=\"magic-7\" data-id=\"paragraph0\">\n<p class=\"magic-8\"><\/p>\n<\/div>\n<\/div>\n<\/div>\n<\/div>\n<\/div>\n<div class=\"icbu-pc-images magic-9\">\n<div>\n<div class=\"flex-layout-v\">\n<div class=\"flex-layout-h magic-9\">\n<div class=\"magic-47\"><img decoding=\"async\" class=\"magic-48\" data-src=\"\" src=\"https:\/\/anbanjia.com.cn\/wp-content\/uploads\/2022\/05\/HTB1XU1rouySBuNjy1zd760PxFXaK-2.png\"><\/div>\n<\/div>\n<\/div>\n<\/div>\n<\/div>\n<\/div>\n<\/div>\n<\/div>\n","protected":false},"excerpt":{"rendered":"<div style=\"width:auto\">\n<div style=\"min-width: 300px;max-width: 300px;word-wrap: break-word;float: left\">Eigenschaften: Zubeh\u00f6r f\u00fcr die Rehabilitationstherapie <\/div>\n<div style=\"min-width: 300px;max-width: 300px;word-wrap: break-word;float: left\">Herkunftsort: Guangdong, China<\/div>\n<\/p><\/div>\n<div style=\"width:auto\">\n<div style=\"min-width: 300px;max-width: 300px;word-wrap: break-word;float: left\">Markenname: Anbanjia\/OEM <\/div>\n<div style=\"min-width: 300px;max-width: 300px;word-wrap: break-word;float: left\">Modellnummer: ABJ-5513<\/div>\n<\/p><\/div>\n<div style=\"width:auto\">\n<div style=\"min-width: 300px;max-width: 300px;word-wrap: break-word;float: left\">Typ: Rollstuhl <\/div>\n<div style=\"min-width: 300px;max-width: 300px;word-wrap: break-word;float: left\">Material: Aluminiumlegierung<\/div>\n<\/p><\/div>\n<div style=\"width:auto\">\n<div style=\"min-width: 300px;max-width: 300px;word-wrap: break-word;float: left\">Farbe: Silber \/ Blau \/ Rot <\/div>\n<div style=\"min-width: 300px;max-width: 300px;word-wrap: break-word;float: left\">Zertifikat: CE ISO9001<\/div>\n<\/p><\/div>\n<div style=\"width:auto\">\n<div style=\"min-width: 300px;max-width: 300px;word-wrap: break-word;float: left\">Motor: 24 V\/250 W*2 <\/div>\n<div style=\"min-width: 300px;max-width: 300px;word-wrap: break-word;float: left\">Reichweite: 20 km\/30 km f\u00fcr zwei Batterien<\/div>\n<\/p><\/div>\n","protected":false},"featured_media":12235,"comment_status":"closed","ping_status":"closed","template":"","meta":[],"product_cat":[130],"product_tag":[],"class_list":["post-12878","product","type-product","status-publish","has-post-thumbnail","hentry","product_cat-elektrischer-rollstuhl"],"_links":{"self":[{"href":"https:\/\/anbanjia.com.cn\/de\/wp-json\/wp\/v2\/product\/12878","targetHints":{"allow":["GET"]}}],"collection":[{"href":"https:\/\/anbanjia.com.cn\/de\/wp-json\/wp\/v2\/product"}],"about":[{"href":"https:\/\/anbanjia.com.cn\/de\/wp-json\/wp\/v2\/types\/product"}],"replies":[{"embeddable":true,"href":"https:\/\/anbanjia.com.cn\/de\/wp-json\/wp\/v2\/comments?post=12878"}],"wp:featuredmedia":[{"embeddable":true,"href":"https:\/\/anbanjia.com.cn\/de\/wp-json\/wp\/v2\/media\/12235"}],"wp:attachment":[{"href":"https:\/\/anbanjia.com.cn\/de\/wp-json\/wp\/v2\/media?parent=12878"}],"wp:term":[{"taxonomy":"product_cat","embeddable":true,"href":"https:\/\/anbanjia.com.cn\/de\/wp-json\/wp\/v2\/product_cat?post=12878"},{"taxonomy":"product_tag","embeddable":true,"href":"https:\/\/anbanjia.com.cn\/de\/wp-json\/wp\/v2\/product_tag?post=12878"}],"curies":[{"name":"wp","href":"https:\/\/api.w.org\/{rel}","templated":true}]}}