{"id":12864,"date":"2022-05-02T18:07:46","date_gmt":"2022-05-02T18:07:46","guid":{"rendered":"https:\/\/www.anbanjia.com.cn\/product\/faltbarer-automatischer-roller-vierraedriger-elektroroller-48v-12ah-fuer-aeltere-behinderte-lithiumbatterie-elektrofahrzeuge\/"},"modified":"2022-05-02T18:07:46","modified_gmt":"2022-05-02T18:07:46","slug":"zusammenklappbarer-automatischer-roller-vierradriger-elektroroller-48v-12ah-fur-altere-behinderte-lithiumbatterie-elektrofahrzeug","status":"publish","type":"product","link":"https:\/\/anbanjia.com.cn\/de\/produkt\/zusammenklappbarer-automatischer-roller-vierradriger-elektroroller-48v-12ah-fur-altere-behinderte-lithiumbatterie-elektrofahrzeug\/","title":{"rendered":"Faltbarer automatischer Roller Vierr\u00e4driger Elektroroller 48v 12AH f\u00fcr \u00e4ltere behinderte Lithiumbatterie-Elektrofahrzeuge"},"content":{"rendered":"<div style=\"max-width: 750px; margin: 0 auto;\">\n<div id=\"detail_decorate_root\" data-magic-global=\"%7B%22bizId%22%3A3215165050%2C%22pageId%22%3A20112412713%2C%22siteId%22%3A5005610021%7D\">\n<div class=\"J_module\">\n<div class=\"detail-decorate-json-renderer-container\">\n<div class=\"magic-1\">\n<div class=\"magic-2\">\n<div class=\"magic-3\">\n<div class=\"magic-4\">\n<div class=\"magic-5\"><b class=\"magic-6\"><span class=\"magic-7\">Faltbarer automatischer Roller Vierr\u00e4driger Elektroroller 48v 12AH f\u00fcr \u00e4ltere behinderte Lithiumbatterie-Elektrofahrzeuge<\/span><\/b><\/div>\n<div><\/div>\n<div><\/div>\n<div>Modell: FY-3L (falten)<br \/>\nGr\u00f6\u00dfenspezifikationen: 95 * 53 * 75 cm<br \/>\nFarben w\u00e4hlen: rot \/ schwarz \/ wei\u00df<br \/>\n\u00dcbertragungsmodus:<br \/>\nBatterietyp: 48V\/12Ah Lithiumbatterie<br \/>\nReifengr\u00f6\u00dfe: 8&#8243; 10&#8243;<br \/>\nAbsatzbasis58CM<br \/>\nSpannung: 48 V<br \/>\nGeschwindigkeit: 20 km\/h<br \/>\nMotorleistung: 48 V\/300 W<br \/>\nSteuerung: 12G48V<br \/>\nFelge: Legierung<br \/>\nBodenfreiheit: 12cm<br \/>\nLadezeit: 6-10 Stunden<br \/>\nBremsweg: \u22645m<br \/>\nMaterial: Kunststoff<br \/>\nMaximale Belastbarkeit: 90 kg<br \/>\nSteigf\u00e4higkeit: \u226410\u00b0<br \/>\nBruttogewicht: 35 kg<br \/>\nNettogewicht: 28 kg<br \/>\nVerpackungsgr\u00f6\u00dfe: 95 x 56 x 44 cm<br \/>\nLademenge: PCS\/20FT 240 PCS\/40HQ<\/div>\n<\/div>\n<\/div>\n<\/div>\n<\/div>\n<\/div>\n<\/div>\n<div class=\"J_module\">\n<div class=\"icbu-pc-detailManyImage magic-8\">\n<div class=\"magic-9\"><img decoding=\"async\" class=\"magic-10\" style=\"max-width: 750;\" src=\"https:\/\/anbanjia.com.cn\/wp-content\/uploads\/2022\/05\/He28f03080aac4201bc0824ae0d45fe6bz.png\" data-src=\"\"><\/div>\n<div class=\"magic-9\"><img decoding=\"async\" class=\"magic-10\" src=\"https:\/\/anbanjia.com.cn\/wp-content\/uploads\/2022\/05\/H692fc160fa2f4fdfa8e90324f969fa28k.png\" data-src=\"\"><\/div>\n<div class=\"magic-9\"><img decoding=\"async\" class=\"magic-10\" src=\"https:\/\/anbanjia.com.cn\/wp-content\/uploads\/2022\/05\/Hf5b33722648449929696d02e02b171f1B.png\" data-src=\"\"><\/div>\n<div class=\"magic-9\"><img decoding=\"async\" class=\"magic-10\" src=\"https:\/\/anbanjia.com.cn\/wp-content\/uploads\/2022\/05\/Hbf1e1b933f3048cfa4ec934f721a3f994.png\" data-src=\"\"><\/div>\n<div class=\"magic-9\"><img decoding=\"async\" class=\"magic-10\" src=\"https:\/\/anbanjia.com.cn\/wp-content\/uploads\/2022\/05\/Ha056629ddd3d4020b06aac1ec812cb62y.png\" data-src=\"\"><\/div>\n<div class=\"magic-9\"><img decoding=\"async\" class=\"magic-10\" src=\"https:\/\/anbanjia.com.cn\/wp-content\/uploads\/2022\/05\/Hc4556a7a5cee48998803ab5ee2b7dc11D.png\" data-src=\"\"><\/div>\n<div class=\"magic-9\"><img decoding=\"async\" class=\"magic-10\" src=\"https:\/\/anbanjia.com.cn\/wp-content\/uploads\/2022\/05\/Hffc40f5706434212b024bf85642811a3Y.png\" data-src=\"\"><\/div>\n<div class=\"magic-9\"><img decoding=\"async\" class=\"magic-10\" src=\"https:\/\/anbanjia.com.cn\/wp-content\/uploads\/2022\/05\/H7518d1d6716c49bd989b419dc7449cfe1.png\" data-src=\"\"><\/div>\n<div class=\"magic-9\"><img decoding=\"async\" class=\"magic-10\" src=\"https:\/\/anbanjia.com.cn\/wp-content\/uploads\/2022\/05\/H7cc65c7e0fc145f5a99ee7bd9eb0a383W.png\" data-src=\"\"><\/div>\n<\/div>\n<\/div>\n<div class=\"J_module\">\n<div class=\"icbu-pc-images magic-11\">\n<div>\n<div class=\"flex-layout-v\">\n<div class=\"flex-layout-h magic-11\">\n<div class=\"magic-12\"><img decoding=\"async\" class=\"magic-13\" src=\"https:\/\/anbanjia.com.cn\/wp-content\/uploads\/2022\/05\/H48470e30116a4549835e9fc914afd375I.png\" data-src=\"\"><\/div>\n<\/div>\n<\/div>\n<\/div>\n<\/div>\n<\/div>\n<div class=\"J_module\">\n<div class=\"icbu-pc-images magic-11\">\n<div>\n<div class=\"flex-layout-v\">\n<div class=\"flex-layout-h magic-11\">\n<div class=\"magic-14\"><img decoding=\"async\" class=\"magic-15\" src=\"https:\/\/anbanjia.com.cn\/wp-content\/uploads\/2022\/05\/H02e385a900a54feab08b84e3aa3010d0B.png\" data-src=\"\"><\/div>\n<\/div>\n<\/div>\n<\/div>\n<\/div>\n<\/div>\n<div class=\"J_module\">\n<div class=\"icbu-pc-images magic-11\">\n<div>\n<div class=\"flex-layout-v\">\n<div class=\"flex-layout-h magic-11\">\n<div class=\"magic-16\"><img decoding=\"async\" class=\"magic-17\" src=\"https:\/\/anbanjia.com.cn\/wp-content\/uploads\/2022\/05\/H97efd90f064242a2b000023de25b19e1J.png\" data-src=\"\"><\/div>\n<\/div>\n<\/div>\n<\/div>\n<\/div>\n<\/div>\n<div class=\"J_module\">\n<div class=\"icbu-pc-images magic-11\">\n<div>\n<div class=\"flex-layout-v\">\n<div class=\"flex-layout-h magic-11\">\n<div class=\"magic-18\"><img decoding=\"async\" class=\"magic-19\" src=\"https:\/\/anbanjia.com.cn\/wp-content\/uploads\/2022\/05\/Hd3fa3d0b98c34597965caca3d3ad32dfz.png\" data-src=\"\"><\/div>\n<\/div>\n<\/div>\n<\/div>\n<\/div>\n<\/div>\n<div class=\"J_module\">\n<div class=\"icbu-pc-images magic-11\">\n<div>\n<div class=\"flex-layout-v\">\n<div class=\"flex-layout-h magic-11\">\n<div class=\"magic-20\"><img decoding=\"async\" class=\"magic-21\" src=\"https:\/\/anbanjia.com.cn\/wp-content\/uploads\/2022\/05\/Hc22d7219dbdc4b868c8cd93d3f74fc964.png\" data-src=\"\"><\/div>\n<\/div>\n<\/div>\n<\/div>\n<\/div>\n<\/div>\n<div class=\"J_module\">\n<div class=\"icbu-pc-images magic-11\">\n<div>\n<div class=\"flex-layout-v\">\n<div class=\"flex-layout-h magic-11\">\n<div class=\"magic-22\"><img decoding=\"async\" class=\"magic-23\" src=\"https:\/\/anbanjia.com.cn\/wp-content\/uploads\/2022\/05\/He20b7e63d9904f56affa89608cc70c79A.jpg\" data-src=\"\"><\/div>\n<\/div>\n<\/div>\n<\/div>\n<\/div>\n<\/div>\n<div class=\"J_module\">\n<div class=\"icbu-pc-images magic-11\">\n<div>\n<div class=\"flex-layout-v\">\n<div class=\"flex-layout-h magic-11\">\n<div class=\"magic-24\"><img decoding=\"async\" class=\"magic-25\" src=\"https:\/\/anbanjia.com.cn\/wp-content\/uploads\/2022\/05\/H0d98a1c526ad49f4ba43398cbcb5b09bB.png\" data-src=\"\"><\/div>\n<\/div>\n<\/div>\n<\/div>\n<\/div>\n<\/div>\n<\/div>\n<\/div>\n","protected":false},"excerpt":{"rendered":"<p>&nbsp;<\/p>\n<div style=\"width: auto;\">\n<div style=\"min-width: 300px; max-width: 300px; word-wrap: break-word; float: left;\">Herkunftsort: Guangdong, China<\/div>\n<div style=\"min-width: 300px; max-width: 300px; word-wrap: break-word; float: left;\">Markenname: OEM<\/div>\n<\/div>\n<div style=\"width: auto;\">\n<div style=\"min-width: 300px; max-width: 300px; word-wrap: break-word; float: left;\">Modellnummer: FY-3L (gefaltet)<\/div>\n<div style=\"min-width: 300px; max-width: 300px; word-wrap: break-word; float: left;\">Leistung: 201-500 W<\/div>\n<\/div>\n<div style=\"width: auto;\">\n<div style=\"min-width: 300px; max-width: 300px; word-wrap: break-word; float: left;\">Spannung: 48 V<\/div>\n<div style=\"min-width: 300px; max-width: 300px; word-wrap: break-word; float: left;\">Ladezeit: 6-10 Stunden<\/div>\n<\/div>\n<div style=\"width: auto;\">\n<div style=\"min-width: 300px; max-width: 300px; word-wrap: break-word; float: left;\">Faltbar: Ja<\/div>\n<div style=\"min-width: 300px; max-width: 300px; word-wrap: break-word; float: left;\">Reichweite pro Ladung: 20 km\/h<\/div>\n<\/div>\n<div style=\"width: auto;\">\n<div style=\"min-width: 300px; max-width: 300px; word-wrap: break-word; float: left;\">H\u00f6chstgeschwindigkeit:&lt; 30 km\/h<\/div>\n<div style=\"min-width: 300px; max-width: 300px; word-wrap: break-word; float: left;\">Smart-Typ:Elektronisch<\/div>\n<\/div>\n<div style=\"width: auto;\">\n<div style=\"min-width: 300px; max-width: 300px; word-wrap: break-word; float: left;\">Modell: FY-3L (falten)<\/div>\n<div style=\"min-width: 300px; max-width: 300px; word-wrap: break-word; float: left;\">Gr\u00f6\u00dfenangaben: 95 x 53 x 75 cm<\/div>\n<\/div>\n<div style=\"width: auto;\">\n<div style=\"min-width: 300px; max-width: 300px; word-wrap: break-word; float: left;\">Farben w\u00e4hlen: rot \/ schwarz \/ wei\u00df<\/div>\n<div style=\"min-width: 300px; max-width: 300px; word-wrap: break-word; float: left;\">Batterietyp: 48 V\/12 Ah Lithiumbatterie<\/div>\n<\/div>\n<div style=\"width: auto;\">\n<div style=\"min-width: 300px; max-width: 300px; word-wrap: break-word; float: left;\">Geschwindigkeit: 20 km\/h<\/div>\n<div style=\"min-width: 300px; max-width: 300px; word-wrap: break-word; float: left;\">Bruttogewicht: 35 kg<\/div>\n<\/div>\n<div style=\"width: auto;\">\n<div style=\"min-width: 300px; max-width: 300px; word-wrap: break-word; float: left;\">Nettogewicht: 28 kg<\/div>\n<div style=\"min-width: 300px; max-width: 300px; word-wrap: break-word; float: left;\">Maximale Belastbarkeit: 90 kg<\/div>\n<\/div>\n<div style=\"width: auto;\">\n<div style=\"min-width: 300px; max-width: 300px; word-wrap: break-word; float: left;\">Verpackungsgr\u00f6\u00dfe: 95 x 56 x 44 cm<\/div>\n<div style=\"min-width: 300px; max-width: 300px; word-wrap: break-word; float: left;\">Lademenge: PCS\/20FT 240 PCS\/40HQ<\/div>\n<\/div>\n","protected":false},"featured_media":12738,"comment_status":"closed","ping_status":"closed","template":"","meta":[],"product_cat":[119],"product_tag":[],"class_list":["post-12864","product","type-product","status-publish","has-post-thumbnail","hentry","product_cat-alterer-roller"],"_links":{"self":[{"href":"https:\/\/anbanjia.com.cn\/de\/wp-json\/wp\/v2\/product\/12864","targetHints":{"allow":["GET"]}}],"collection":[{"href":"https:\/\/anbanjia.com.cn\/de\/wp-json\/wp\/v2\/product"}],"about":[{"href":"https:\/\/anbanjia.com.cn\/de\/wp-json\/wp\/v2\/types\/product"}],"replies":[{"embeddable":true,"href":"https:\/\/anbanjia.com.cn\/de\/wp-json\/wp\/v2\/comments?post=12864"}],"wp:featuredmedia":[{"embeddable":true,"href":"https:\/\/anbanjia.com.cn\/de\/wp-json\/wp\/v2\/media\/12738"}],"wp:attachment":[{"href":"https:\/\/anbanjia.com.cn\/de\/wp-json\/wp\/v2\/media?parent=12864"}],"wp:term":[{"taxonomy":"product_cat","embeddable":true,"href":"https:\/\/anbanjia.com.cn\/de\/wp-json\/wp\/v2\/product_cat?post=12864"},{"taxonomy":"product_tag","embeddable":true,"href":"https:\/\/anbanjia.com.cn\/de\/wp-json\/wp\/v2\/product_tag?post=12864"}],"curies":[{"name":"wp","href":"https:\/\/api.w.org\/{rel}","templated":true}]}}