{"id":12862,"date":"2022-05-02T18:07:42","date_gmt":"2022-05-02T18:07:42","guid":{"rendered":"https:\/\/www.anbanjia.com.cn\/product\/guenstigster-aluminium-sportrollstuhl-mit-grosser-ladekapazitaet-fuer-sportler-behinderte-aeltere-menschen\/"},"modified":"2022-05-02T18:07:42","modified_gmt":"2022-05-02T18:07:42","slug":"billigster-aluminium-grose-ladekapazitat-leichter-sportrollstuhl-fur-athletischbehinderte-altere-menschen","status":"publish","type":"product","link":"https:\/\/anbanjia.com.cn\/de\/produkt\/billigster-aluminium-grose-ladekapazitat-leichter-sportrollstuhl-fur-athletischbehinderte-altere-menschen\/","title":{"rendered":"G\u00fcnstigster Aluminium-Sportrollstuhl mit gro\u00dfer Ladekapazit\u00e4t f\u00fcr Sportler, behinderte \u00e4ltere Menschen"},"content":{"rendered":"<div style=\"max-width: 750px; margin: 0 auto;\">\n<div id=\"ali-anchor-AliPostDhMb-rnljy\" style=\"padding-top: 8px;\" data-section=\"AliPostDhMb-rnljy\" data-section-title=\"Product Details\">\n<div id=\"ali-title-AliPostDhMb-rnljy\" style=\"padding: 8px 0; border-bottom: 1px solid #ddd;\"><span style=\"background-color: #ddd; color: #333; font-weight: bold; padding: 8px 10px; line-height: 12px;\">Produktdetails<\/span><\/div>\n<div style=\"padding: 10px 0;\">\n<p><img decoding=\"async\" style=\"max-width: 750;\" src=\"https:\/\/anbanjia.com.cn\/wp-content\/uploads\/2022\/05\/HTB1pKcVSpXXXXa8XXXXq6xXFXXXs-2.jpg\" data-alt=\"Cheapest aluminum large loading capacity lightweight sport wheelchair for athlete,disable elderly people\" data-src=\"\"><\/p>\n<p><span style=\"font-size: 32px; color: #0000ff;\">G\u00fcnstigster leichter Sportrollstuhl mit gro\u00dfer Ladekapazit\u00e4t f\u00fcr Sportler und behinderte \u00e4ltere Menschen<\/span><img decoding=\"async\" src=\"https:\/\/anbanjia.com.cn\/wp-content\/uploads\/2022\/05\/HTB1QclOXwoQMeJjy0Fpq6ATxpXaZ-scaled.jpg\" data-alt=\"Cheapest aluminum large loading capacity lightweight sport wheelchair for athlete,disable elderly people\" data-src=\"\"><img decoding=\"async\" src=\"https:\/\/anbanjia.com.cn\/wp-content\/uploads\/2022\/05\/HTB1avRJXrsTMeJjSszdq6AEupXaM.jpg\" data-alt=\"Cheapest aluminum large loading capacity lightweight sport wheelchair for athlete,disable elderly people\" data-src=\"\"><\/p>\n<\/div>\n<\/div>\n<div id=\"ali-anchor-AliPostDhMb-qibrl\" style=\"padding-top: 8px;\" data-section=\"AliPostDhMb-qibrl\" data-section-title=\"Product Description\">\n<div id=\"ali-title-AliPostDhMb-qibrl\" style=\"padding: 8px 0; border-bottom: 1px solid #ddd;\"><span style=\"background-color: #ddd; color: #333; font-weight: bold; padding: 8px 10px; line-height: 12px;\">Produktbeschreibung<\/span><\/div>\n<div style=\"padding: 10px 0;\">\n<p> <img decoding=\"async\" src=\"https:\/\/anbanjia.com.cn\/wp-content\/uploads\/2022\/05\/HTB1IcVMXEgQMeJjy0Feq6xOEVXaN.jpg\" data-alt=\"Cheapest aluminum large loading capacity lightweight sport wheelchair for athlete,disable elderly people\" data-src=\"\"><a href=\"https:\/\/abj-medical.en.alibaba.com\/productlist.html?spm=a2700.details.toavopna6.1.697a8c3ec3yBNb\" target=\"_blank\" rel=\"noopener\"><img decoding=\"async\" src=\"https:\/\/anbanjia.com.cn\/wp-content\/uploads\/2022\/05\/HTB1ERWiSFXXXXasXXXXq6xXFXXXw.jpg\" data-alt=\"Cheapest aluminum large loading capacity lightweight sport wheelchair for athlete,disable elderly people\" data-src=\"\"><\/a><img decoding=\"async\" src=\"https:\/\/anbanjia.com.cn\/wp-content\/uploads\/2022\/05\/HTB1TH4ZSFXXXXazXFXXq6xXFXXXm.jpg\" data-alt=\"Cheapest aluminum large loading capacity lightweight sport wheelchair for athlete,disable elderly people\" data-src=\"\"><\/p>\n<\/div>\n<\/div>\n<div id=\"ali-anchor-AliPostDhMb-j02tw\" style=\"padding-top: 8px;\" data-section=\"AliPostDhMb-j02tw\" data-section-title=\"company information\">\n<div id=\"ali-title-AliPostDhMb-j02tw\" style=\"padding: 8px 0; border-bottom: 1px solid #ddd;\"><span style=\"background-color: #ddd; color: #333; font-weight: bold; padding: 8px 10px; line-height: 12px;\">Firmeninformation<\/span><\/div>\n<div style=\"padding: 10px 0;\">\n<p><img decoding=\"async\" src=\"https:\/\/anbanjia.com.cn\/wp-content\/uploads\/2022\/05\/HTB1MME3SpXXXXbJaXXXq6xXFXXXA-1.jpg\" data-alt=\"Cheapest aluminum large loading capacity lightweight sport wheelchair for athlete,disable elderly people\" data-src=\"\"><\/p>\n<\/div>\n<\/div>\n<div id=\"ali-anchor-AliPostDhMb-vp831\" style=\"padding-top: 8px;\" data-section=\"AliPostDhMb-vp831\" data-section-title=\"certificate\">\n<div id=\"ali-title-AliPostDhMb-vp831\" style=\"padding: 8px 0; border-bottom: 1px solid #ddd;\"><span style=\"background-color: #ddd; color: #333; font-weight: bold; padding: 8px 10px; line-height: 12px;\">Zertifikat<\/span><\/div>\n<div style=\"padding: 10px 0;\">\n<p><img decoding=\"async\" src=\"https:\/\/anbanjia.com.cn\/wp-content\/uploads\/2022\/05\/HTB1Z1olSpXXXXctXXXXq6xXFXXXu-1.jpg\" data-alt=\"Cheapest aluminum large loading capacity lightweight sport wheelchair for athlete,disable elderly people\" data-src=\"\"><\/p>\n<\/div>\n<\/div>\n<div id=\"ali-anchor-AliPostDhMb-j0nwc\" style=\"padding-top: 8px;\" data-section=\"AliPostDhMb-j0nwc\" data-section-title=\"produce &amp; payment\">\n<div id=\"ali-title-AliPostDhMb-j0nwc\" style=\"padding: 8px 0; border-bottom: 1px solid #ddd;\"><span style=\"background-color: #ddd; color: #333; font-weight: bold; padding: 8px 10px; line-height: 12px;\">produzieren &amp; bezahlen<\/span><\/div>\n<div style=\"padding: 10px 0;\">\n<p><img decoding=\"async\" src=\"https:\/\/anbanjia.com.cn\/wp-content\/uploads\/2022\/05\/HTB1LlvUSpXXXXbJXVXXq6xXFXXXf-1.jpg\" data-alt=\"Cheapest aluminum large loading capacity lightweight sport wheelchair for athlete,disable elderly people\" data-src=\"\"><img decoding=\"async\" src=\"https:\/\/anbanjia.com.cn\/wp-content\/uploads\/2022\/05\/HTB1R1haSFXXXXXNXVXXq6xXFXXXz-1.jpg\" data-alt=\"Cheapest aluminum large loading capacity lightweight sport wheelchair for athlete,disable elderly people\" data-src=\"\"><\/p>\n<\/div>\n<\/div>\n<div id=\"ali-anchor-AliPostDhMb-mlwqx\" style=\"padding-top: 8px;\" data-section=\"AliPostDhMb-mlwqx\" data-section-title=\"contact us\">\n<div id=\"ali-title-AliPostDhMb-mlwqx\" style=\"padding: 8px 0; border-bottom: 1px solid #ddd;\"><span style=\"background-color: #ddd; color: #333; font-weight: bold; padding: 8px 10px; line-height: 12px;\">kontaktiere uns<\/span><\/div>\n<div style=\"padding: 10px 0;\">\n<p><img decoding=\"async\" src=\"https:\/\/anbanjia.com.cn\/wp-content\/uploads\/2022\/05\/HTB1XU1rouySBuNjy1zd760PxFXaK-2.png\" data-alt=\"Cheapest aluminum large loading capacity lightweight sport wheelchair for athlete,disable elderly people\" data-src=\"\"><\/p>\n<\/div>\n<\/div>\n<div id=\"ali-anchor-AliPostDhMb-e4cxw\" style=\"padding-top: 8px;\" data-section=\"AliPostDhMb-e4cxw\" data-section-title=\"Home\">\n<div id=\"ali-title-AliPostDhMb-e4cxw\" style=\"padding: 8px 0; border-bottom: 1px solid #ddd;\"><span style=\"background-color: #ddd; color: #333; font-weight: bold; padding: 8px 10px; line-height: 12px;\">Heim<\/span><\/div>\n<div style=\"padding: 10px 0;\">\n<p><a href=\"https:\/\/abj-medical.en.alibaba.com\/?spm=a2700.8304367.topnav.1.7fb94f0d6W4Kaf\" target=\"_blank\" rel=\"noopener\"><img decoding=\"async\" src=\"https:\/\/anbanjia.com.cn\/wp-content\/uploads\/2022\/05\/HTB10aT7SpXXXXa7XFXXq6xXFXXXO-1.jpg\" data-alt=\"Cheapest aluminum large loading capacity lightweight sport wheelchair for athlete,disable elderly people\" data-src=\"\"><\/a><\/p>\n<\/div>\n<\/div>\n<\/div>\n","protected":false},"excerpt":{"rendered":"<p>&nbsp;<\/p>\n<div style=\"width: auto;\">\n<div style=\"min-width: 300px; max-width: 300px; word-wrap: break-word; float: left;\">Eigenschaften: Zubeh\u00f6r f\u00fcr die Rehabilitationstherapie<\/div>\n<div style=\"min-width: 300px; max-width: 300px; word-wrap: break-word; float: left;\">Herkunftsort: Guangdong, China<\/div>\n<\/div>\n<div style=\"width: auto;\">\n<div style=\"min-width: 300px; max-width: 300px; word-wrap: break-word; float: left;\">Markenname: Anbanjia\/OEM<\/div>\n<div style=\"min-width: 300px; max-width: 300px; word-wrap: break-word; float: left;\">Modellnummer: ABJ-778<\/div>\n<\/div>\n<div style=\"width: auto;\">\n<div style=\"min-width: 300px; max-width: 300px; word-wrap: break-word; float: left;\">Typ: Rollstuhl<\/div>\n<div style=\"min-width: 300px; max-width: 300px; word-wrap: break-word; float: left;\">Produktionsgr\u00f6\u00dfe: 80 x 64 x 73 cm<\/div>\n<\/div>\n<div style=\"width: auto;\">\n<div style=\"min-width: 300px; max-width: 300px; word-wrap: break-word; float: left;\">Vorderrad: 10 cm<\/div>\n<div style=\"min-width: 300px; max-width: 300px; word-wrap: break-word; float: left;\">Hinterrad: 60 cm<\/div>\n<\/div>\n<div style=\"width: auto;\">\n<div style=\"min-width: 300px; max-width: 300px; word-wrap: break-word; float: left;\">Belastbarkeit: 100kg<\/div>\n<div style=\"min-width: 300px; max-width: 300px; word-wrap: break-word; float: left;\">Nettogewicht: 13 kg<\/div>\n<\/div>\n","protected":false},"featured_media":11273,"comment_status":"closed","ping_status":"closed","template":"","meta":[],"product_cat":[127],"product_tag":[],"class_list":["post-12862","product","type-product","status-publish","has-post-thumbnail","hentry","product_cat-sportrollstuhl"],"_links":{"self":[{"href":"https:\/\/anbanjia.com.cn\/de\/wp-json\/wp\/v2\/product\/12862","targetHints":{"allow":["GET"]}}],"collection":[{"href":"https:\/\/anbanjia.com.cn\/de\/wp-json\/wp\/v2\/product"}],"about":[{"href":"https:\/\/anbanjia.com.cn\/de\/wp-json\/wp\/v2\/types\/product"}],"replies":[{"embeddable":true,"href":"https:\/\/anbanjia.com.cn\/de\/wp-json\/wp\/v2\/comments?post=12862"}],"wp:featuredmedia":[{"embeddable":true,"href":"https:\/\/anbanjia.com.cn\/de\/wp-json\/wp\/v2\/media\/11273"}],"wp:attachment":[{"href":"https:\/\/anbanjia.com.cn\/de\/wp-json\/wp\/v2\/media?parent=12862"}],"wp:term":[{"taxonomy":"product_cat","embeddable":true,"href":"https:\/\/anbanjia.com.cn\/de\/wp-json\/wp\/v2\/product_cat?post=12862"},{"taxonomy":"product_tag","embeddable":true,"href":"https:\/\/anbanjia.com.cn\/de\/wp-json\/wp\/v2\/product_tag?post=12862"}],"curies":[{"name":"wp","href":"https:\/\/api.w.org\/{rel}","templated":true}]}}