{"id":12861,"date":"2022-05-02T18:07:47","date_gmt":"2022-05-02T18:07:47","guid":{"rendered":"https:\/\/www.anbanjia.com.cn\/product\/zusammenklappbarer-elektroroller-fuer-schnelle-mobilitaet-fuer-erwachsene-mit-lithiumbatterie-mit-ce\/"},"modified":"2022-05-02T18:07:47","modified_gmt":"2022-05-02T18:07:47","slug":"zusammenklappbarer-schneller-elektroroller-fur-erwachsene-mit-lithiumbatterie-mit-ce","status":"publish","type":"product","link":"https:\/\/anbanjia.com.cn\/de\/produkt\/zusammenklappbarer-schneller-elektroroller-fur-erwachsene-mit-lithiumbatterie-mit-ce\/","title":{"rendered":"Zusammenklappbarer Elektroroller f\u00fcr schnelle Mobilit\u00e4t f\u00fcr Erwachsene mit Lithiumbatterie mit CE"},"content":{"rendered":"<div style=\"max-width: 750px; margin: 0 auto;\">\n<div id=\"detail_decorate_root\" data-host=\"111115485\" data-id=\"detail_decorate_root\" data-magic-global=\"%7B%22bizId%22%3A3215165050%2C%22pageId%22%3A20031009231%2C%22siteId%22%3A5005610021%7D\">\n<div class=\"J_module\">\n<div class=\"detail-decorate-json-renderer-container\">\n<div class=\"magic-1\">\n<h3 class=\"magic-2\" data-id=\"title0\"><\/h3>\n<h3 class=\"magic-3\"><span style=\"font-size: x-large;\">Zusammenklappbarer Elektroroller f\u00fcr schnelle Mobilit\u00e4t f\u00fcr Erwachsene mit Lithiumbatterie mit CE <\/span><\/h3>\n<div class=\"magic-4\">\n<div class=\"magic-5\">\n<div class=\"magic-6\" data-id=\"paragraph0\"><\/div>\n<\/div>\n<\/div>\n<\/div>\n<\/div>\n<\/div>\n<div class=\"J_module\">\n<div class=\"icbu-pc-images magic-7\">\n<div>\n<div class=\"flex-layout-v\">\n<div class=\"flex-layout-h magic-7\">\n<div class=\"magic-8\"><img decoding=\"async\" class=\"magic-9\" style=\"max-width: 750;\" src=\"https:\/\/anbanjia.com.cn\/wp-content\/uploads\/2022\/05\/HTB1lGcyQpXXXXbcXXXXq6xXFXXXL.jpg\" data-src=\"\"><\/div>\n<div>\n<p><img decoding=\"async\" src=\"https:\/\/s.alicdn.com\/@sc02\/kf\/HTB15NQbQpXXXXcoXVXXq6xXFXXXz\/230438700\/HTB15NQbQpXXXXcoXVXXq6xXFXXXz.jpg?quality=close\"><span style=\"font-size: large;\">Spezifikationen:<\/span><\/p>\n<p><span style=\"font-size: large;\">1. Einfach zu falten und zu zerlegen<br \/>\n2. Einfach f\u00fcr die Steuerung<br \/>\n3. Professionelle Leistung<br \/>\n4.PG-Steuerung<br \/>\n5. Linix-Getriebe<\/span><\/p>\n<\/div>\n<div>\n<p><img decoding=\"async\" src=\"https:\/\/s.alicdn.com\/@sc01\/kf\/HTB1bjZaQpXXXXa6XVXXq6xXFXXXZ\/230438700\/HTB1bjZaQpXXXXa6XVXXq6xXFXXXZ.jpg?quality=close\"><img decoding=\"async\" src=\"https:\/\/s.alicdn.com\/@sc02\/kf\/HTB1JFYZQpXXXXbaaXXXq6xXFXXXs\/230438700\/HTB1JFYZQpXXXXbaaXXXq6xXFXXXs.jpg?quality=close\"><img decoding=\"async\" src=\"https:\/\/s.alicdn.com\/@sc02\/kf\/HTB1JFYZQpXXXXbaaXXXq6xXFXXXs\/230438700\/HTB1JFYZQpXXXXbaaXXXq6xXFXXXs.jpg?quality=close\"><img decoding=\"async\" src=\"https:\/\/s.alicdn.com\/@sc02\/kf\/HTB1ZO2RQpXXXXb6aXXXq6xXFXXXp\/230438700\/HTB1ZO2RQpXXXXb6aXXXq6xXFXXXp.jpg?quality=close\"><img decoding=\"async\" src=\"https:\/\/s.alicdn.com\/@sc01\/kf\/HTB1DTEtQpXXXXbaXpXXq6xXFXXXF\/230438700\/HTB1DTEtQpXXXXbaXpXXq6xXFXXXF.jpg?quality=close\"><img decoding=\"async\" src=\"https:\/\/s.alicdn.com\/@sc01\/kf\/HTB1pV.fQpXXXXcVXFXXq6xXFXXXu\/230438700\/HTB1pV.fQpXXXXcVXFXXq6xXFXXXu.jpg?quality=close\"><img decoding=\"async\" src=\"https:\/\/s.alicdn.com\/@sc01\/kf\/HTB1irY4QpXXXXaYaXXXq6xXFXXXE\/230438700\/HTB1irY4QpXXXXaYaXXXq6xXFXXXE.jpg?quality=close\"><img decoding=\"async\" src=\"https:\/\/s.alicdn.com\/@sc01\/kf\/HTB11zAuQpXXXXaJXpXXq6xXFXXXS\/230438700\/HTB11zAuQpXXXXaJXpXXq6xXFXXXS.jpg?quality=close\"><img decoding=\"async\" src=\"https:\/\/s.alicdn.com\/@sc01\/kf\/HTB1Je9WQpXXXXafXpXXq6xXFXXX1\/230438700\/HTB1Je9WQpXXXXafXpXXq6xXFXXX1.jpg?quality=close\"><img decoding=\"async\" src=\"https:\/\/s.alicdn.com\/@sc01\/kf\/HTB1Ae_JQpXXXXXlapXXq6xXFXXXk\/230438700\/HTB1Ae_JQpXXXXXlapXXq6xXFXXXk.jpg?quality=close\"><img decoding=\"async\" src=\"https:\/\/s.alicdn.com\/@sc02\/kf\/HTB1YgLLQpXXXXcHaXXXq6xXFXXXp\/230438700\/HTB1YgLLQpXXXXcHaXXXq6xXFXXXp.jpg?quality=close\"><img decoding=\"async\" src=\"https:\/\/s.alicdn.com\/@sc01\/kf\/HTB1bjZaQpXXXXa6XVXXq6xXFXXXZ\/230438700\/HTB1bjZaQpXXXXa6XVXXq6xXFXXXZ.jpg?quality=close\"><img decoding=\"async\" src=\"https:\/\/s.alicdn.com\/@sc01\/kf\/HTB1h3vHQXXXXXXWapXXq6xXFXXXC\/230438700\/HTB1h3vHQXXXXXXWapXXq6xXFXXXC.jpg?quality=close\"><\/p>\n<div class=\"magic-44\"><span class=\"magic-45\"><span style=\"color: #1f1fff; font-size: x-large;\"><b>Unser Lager und die Verpackung zum Versand <\/b><\/span><\/span><\/div>\n<div class=\"magic-46\" data-spm-anchor-id=\"a2700.details.0.i38.426d3e33Sa8WFt\">\n<p><span class=\"magic-45\"><span style=\"font-size: large;\"><b>gut gemacht die verpackung, und lassen sie die qualit\u00e4tspr\u00fcfperson \u00fcberpr\u00fcfen, bevor wir die waren an ihre orte versenden,<\/b><\/span><\/span><img decoding=\"async\" src=\"https:\/\/s.alicdn.com\/@sc01\/kf\/HTB1OJ4JQpXXXXXcapXXq6xXFXXXh\/230438700\/HTB1OJ4JQpXXXXXcapXXq6xXFXXXh.jpg?quality=close\"><\/p>\n<p class=\"magic-15\"><span style=\"color: #0000df; font-size: large;\"><b data-spm-anchor-id=\"a2700.details.0.i41.426d3e33Sa8WFt\">W\u00e4hlen Sie uns :<\/b><\/span><\/p>\n<p class=\"magic-15\"><span class=\"magic-51\"><b><span style=\"font-size: large;\">Wir k\u00fcmmern uns ernsthaft um Ihre Bestellung und sch\u00e4tzen jede an uns gesendete Anfrage, um einen schnellen wettbewerbsf\u00e4higen Preis zu gew\u00e4hrleisten.<\/span><\/b><\/span><\/p>\n<p class=\"magic-15\"><b><span style=\"font-size: large;\">P\u00fcnktliche Lieferzeit:<\/span><\/b><\/p>\n<p class=\"magic-15\"><b><span style=\"font-size: large;\">&#8211; Wir geben Ihre Bestellung auf und handeln sofort, stellen Ihre p\u00fcnktliche Lieferzeit sicher <\/span><\/b><\/p>\n<p class=\"magic-15\"><b><span style=\"font-size: large;\">\u00dcberpr\u00fcfen Sie vor dem Versand:<\/span><\/b><\/p>\n<p class=\"magic-15\"><b><span style=\"font-size: large;\">&#8211; Unsere Inspektionskollegen \u00fcberpr\u00fcfen die Qualit\u00e4t vor dem Verpacken zum Versand. Wir machen eine Versandbenachrichtigung, sobald Ihre Bestellung versandt wurde<\/span><\/b><\/p>\n<p class=\"magic-15\"><b><span style=\"font-size: large;\">Kundendienst :<\/span><\/b><\/p>\n<p class=\"magic-15\"><b><span style=\"font-size: large;\">Wir freuen uns \u00fcber Ihre Anfrage zur Ware und respektieren Ihr Feedback nach Erhalt der Ware.<\/span><\/b><\/p>\n<p class=\"magic-15\"><span style=\"color: #0000ff; font-size: large;\"><b>\u00dcber uns :<\/b><\/span><\/p>\n<p><span style=\"font-size: large;\"><b>1. mehr auftrag, mehr rabatt, konkurrenzf\u00e4higer preis!<br \/>\n2.Willkommen, um mit uns in Verbindung zu treten, um einen besseren Preis zu erhalten!<br \/>\n3.Guter Service, schnelle Lieferung, und wir sind es wert, vertraut zu werden.<br \/>\n4.Wir k\u00f6nnen garantieren, dass Sie mit unseren Produkten zufrieden sein werden.<br \/>\n5. Wir behandeln Kunden wie Freunde und bieten Ihnen einen beachtlichen Service.<br \/>\n6. Wir sind ein Verkaufsteam mit professioneller medizinischer Versorgung und technischer Unterst\u00fctzung durch ein Ingenieurteam.<\/b><\/span><img decoding=\"async\" src=\"https:\/\/s.alicdn.com\/@sc04\/kf\/He20b7e63d9904f56affa89608cc70c79A\/230438700\/He20b7e63d9904f56affa89608cc70c79A.jpg?quality=close\"><img decoding=\"async\" src=\"https:\/\/s.alicdn.com\/@sc01\/kf\/HTB1dMHyoQOWBuNjSsppq6xPgpXaD\/230438700\/HTB1dMHyoQOWBuNjSsppq6xPgpXaD.jpg?quality=close\"><\/p>\n<\/div>\n<\/div>\n<\/div>\n<\/div>\n<\/div>\n<\/div>\n<\/div>\n<\/div>\n<\/div>\n","protected":false},"excerpt":{"rendered":"<p>&nbsp;<\/p>\n<div style=\"width: auto;\">\n<div style=\"min-width: 300px; max-width: 300px; word-wrap: break-word; float: left;\">Eigenschaften: Zubeh\u00f6r f\u00fcr die Rehabilitationstherapie<\/div>\n<div style=\"min-width: 300px; max-width: 300px; word-wrap: break-word; float: left;\">Herkunftsort: Guangdong, China<\/div>\n<\/div>\n<div style=\"width: auto;\">\n<div style=\"min-width: 300px; max-width: 300px; word-wrap: break-word; float: left;\">Markenname: OEM-ODM<\/div>\n<div style=\"min-width: 300px; max-width: 300px; word-wrap: break-word; float: left;\">Modellnummer: ABJ3331<\/div>\n<\/div>\n<div style=\"width: auto;\">\n<div style=\"min-width: 300px; max-width: 300px; word-wrap: break-word; float: left;\">Typ: Rollstuhl<\/div>\n<div style=\"min-width: 300px; max-width: 300px; word-wrap: break-word; float: left;\">Zertifikat:ECM,EPRE<\/div>\n<\/div>\n","protected":false},"featured_media":12736,"comment_status":"closed","ping_status":"closed","template":"","meta":[],"product_cat":[119],"product_tag":[],"class_list":["post-12861","product","type-product","status-publish","has-post-thumbnail","hentry","product_cat-alterer-roller"],"_links":{"self":[{"href":"https:\/\/anbanjia.com.cn\/de\/wp-json\/wp\/v2\/product\/12861","targetHints":{"allow":["GET"]}}],"collection":[{"href":"https:\/\/anbanjia.com.cn\/de\/wp-json\/wp\/v2\/product"}],"about":[{"href":"https:\/\/anbanjia.com.cn\/de\/wp-json\/wp\/v2\/types\/product"}],"replies":[{"embeddable":true,"href":"https:\/\/anbanjia.com.cn\/de\/wp-json\/wp\/v2\/comments?post=12861"}],"wp:featuredmedia":[{"embeddable":true,"href":"https:\/\/anbanjia.com.cn\/de\/wp-json\/wp\/v2\/media\/12736"}],"wp:attachment":[{"href":"https:\/\/anbanjia.com.cn\/de\/wp-json\/wp\/v2\/media?parent=12861"}],"wp:term":[{"taxonomy":"product_cat","embeddable":true,"href":"https:\/\/anbanjia.com.cn\/de\/wp-json\/wp\/v2\/product_cat?post=12861"},{"taxonomy":"product_tag","embeddable":true,"href":"https:\/\/anbanjia.com.cn\/de\/wp-json\/wp\/v2\/product_tag?post=12861"}],"curies":[{"name":"wp","href":"https:\/\/api.w.org\/{rel}","templated":true}]}}