{"id":12856,"date":"2022-05-02T18:07:41","date_gmt":"2022-05-02T18:07:41","guid":{"rendered":"https:\/\/www.anbanjia.com.cn\/product\/selbstbalancierender-abnehmbarer-elektrisch-angetriebener-rollstuhl-fuer-tetraplegiker-mit-buerstenlosem-motor-fuer-aeltere-menschen\/"},"modified":"2022-05-02T18:07:41","modified_gmt":"2022-05-02T18:07:41","slug":"selbstbalancierender-abnehmbarer-tetraplegiker-elektrisch-angetriebener-rollstuhl-mit-burstenlosem-motor-fur-altere","status":"publish","type":"product","link":"https:\/\/anbanjia.com.cn\/de\/produkt\/selbstbalancierender-abnehmbarer-tetraplegiker-elektrisch-angetriebener-rollstuhl-mit-burstenlosem-motor-fur-altere\/","title":{"rendered":"Selbstbalancierender, abnehmbarer, elektrisch angetriebener Rollstuhl f\u00fcr Tetraplegiker mit b\u00fcrstenlosem Motor f\u00fcr \u00e4ltere Menschen"},"content":{"rendered":"<div style=\"max-width: 750px; margin: 0 auto;\">\n<div id=\"detail_decorate_root\" data-host=\"111518424\" data-id=\"detail_decorate_root\" data-magic-global=\"%7B%22bizId%22%3A3215165050%2C%22pageId%22%3A5053081766%2C%22siteId%22%3A5005610021%7D\">\n<div id=\"ali-anchor-AliMagic-q45hgn\" class=\"magic-0\" data-section=\"AliMagic-q45hgn\" data-section-title=\"Hot Sale Products\"><\/div>\n<div id=\"ali-anchor-AliMagic-xgusin\" class=\"magic-0\" data-section=\"AliMagic-xgusin\" data-section-title=\"Product Description\">Produktbeschreibung<\/div>\n<div class=\"icbu-pc-images magic-1\">\n<div class=\"flex-layout-v\">\n<div class=\"flex-layout-h magic-1\">\n<div class=\"magic-8\"><\/div>\n<\/div>\n<\/div>\n<\/div>\n<div class=\"ife-detail-decorate-table\">\n<table class=\"all magic-10\">\n<tbody>\n<tr>\n<td>\n<div class=\"magic-11\">\n<div class=\"magic-12\"><span style=\"font-family: Times New Roman, Times; font-size: large;\"><b>Artikel<\/b><\/span><\/div>\n<\/div>\n<\/td>\n<td colspan=\"3\">\n<div class=\"magic-13\">\n<div class=\"magic-12\">ABJ-5513<\/div>\n<\/div>\n<\/td>\n<td class=\"magic-14\">\n<div class=\"magic-15\"><\/div>\n<\/td>\n<td class=\"magic-14\">\n<div class=\"magic-15\"><\/div>\n<\/td>\n<\/tr>\n<tr>\n<td>\n<div class=\"magic-11\">\n<div class=\"magic-12\"><span style=\"font-family: Times New Roman, Times; font-size: large;\"><b>Material<\/b><\/span><\/div>\n<\/div>\n<\/td>\n<td colspan=\"3\">\n<div class=\"magic-16\">\n<div class=\"magic-12\">Aluminiumlegierung<\/div>\n<\/div>\n<\/td>\n<td class=\"magic-14\">\n<div class=\"magic-15\"><\/div>\n<\/td>\n<td class=\"magic-14\">\n<div class=\"magic-15\"><\/div>\n<\/td>\n<\/tr>\n<tr>\n<td>\n<div class=\"magic-11\">\n<div class=\"magic-12\"><span style=\"font-family: Times New Roman, Times; font-size: large;\"><b>Gesamte Gr\u00f6\u00dfe<\/b><\/span><\/div>\n<\/div>\n<\/td>\n<td colspan=\"3\">\n<div class=\"magic-16\">\n<div class=\"magic-12\">88*90*60cm<\/div>\n<\/div>\n<\/td>\n<td class=\"magic-14\">\n<div class=\"magic-15\"><\/div>\n<\/td>\n<td class=\"magic-14\">\n<div class=\"magic-15\"><\/div>\n<\/td>\n<\/tr>\n<tr>\n<td>\n<div class=\"magic-11\">\n<div class=\"magic-12\"><span style=\"font-family: Times New Roman, Times; font-size: large;\"><b>Gefaltete Gr\u00f6\u00dfe<\/b><\/span><\/div>\n<\/div>\n<\/td>\n<td colspan=\"3\">\n<div class=\"magic-16\">\n<div class=\"magic-12\">60*32*72cm<\/div>\n<\/div>\n<\/td>\n<td class=\"magic-14\">\n<div class=\"magic-15\"><\/div>\n<\/td>\n<td class=\"magic-14\">\n<div class=\"magic-15\"><\/div>\n<\/td>\n<\/tr>\n<tr>\n<td>\n<div class=\"magic-11\">\n<div class=\"magic-12\"><span style=\"font-family: Times New Roman, Times; font-size: large;\"><b>Sitzbreite<\/b><\/span><\/div>\n<\/div>\n<\/td>\n<td colspan=\"3\">\n<div class=\"magic-16\">\n<div class=\"magic-12\">41cm<\/div>\n<\/div>\n<\/td>\n<td class=\"magic-14\">\n<div class=\"magic-15\"><\/div>\n<\/td>\n<td class=\"magic-14\">\n<div class=\"magic-15\"><\/div>\n<\/td>\n<\/tr>\n<tr>\n<td>\n<div class=\"magic-11\">\n<div class=\"magic-12\"><span style=\"font-family: Times New Roman, Times; font-size: large;\"><b>Sitzh\u00f6he<\/b><\/span><\/div>\n<\/div>\n<\/td>\n<td colspan=\"3\">\n<div class=\"magic-16\">\n<div class=\"magic-12\">55cm<\/div>\n<\/div>\n<\/td>\n<td class=\"magic-14\">\n<div class=\"magic-15\"><\/div>\n<\/td>\n<td class=\"magic-14\">\n<div class=\"magic-15\"><\/div>\n<\/td>\n<\/tr>\n<tr>\n<td>\n<div class=\"magic-11\">\n<div class=\"magic-12\"><span style=\"font-family: Times New Roman, Times; font-size: large;\"><b>Sitztiefe<\/b><\/span><\/div>\n<\/div>\n<\/td>\n<td colspan=\"3\">\n<div class=\"magic-16\">\n<div class=\"magic-12\">41cm<\/div>\n<\/div>\n<\/td>\n<td class=\"magic-14\">\n<div class=\"magic-15\"><\/div>\n<\/td>\n<td class=\"magic-14\">\n<div class=\"magic-15\"><\/div>\n<\/td>\n<\/tr>\n<tr>\n<td>\n<div class=\"magic-11\">\n<div class=\"magic-12\"><span style=\"font-family: Times New Roman, Times; font-size: large;\"><b>Motor<\/b><\/span><\/div>\n<\/div>\n<\/td>\n<td colspan=\"3\">\n<div class=\"magic-16\">\n<div class=\"magic-12\">24V\/180W*2<\/div>\n<\/div>\n<\/td>\n<td class=\"magic-14\">\n<div class=\"magic-15\"><\/div>\n<\/td>\n<td class=\"magic-14\">\n<div class=\"magic-15\"><\/div>\n<\/td>\n<\/tr>\n<tr>\n<td>\n<div class=\"magic-11\">\n<div class=\"magic-12\"><span style=\"font-family: Times New Roman, Times; font-size: large;\"><b>Nettogewicht<\/b><\/span><\/div>\n<\/div>\n<\/td>\n<td colspan=\"3\">\n<div class=\"magic-16\">\n<div class=\"magic-12\">20kg<\/div>\n<\/div>\n<\/td>\n<td class=\"magic-14\">\n<div class=\"magic-15\"><\/div>\n<\/td>\n<td class=\"magic-14\">\n<div class=\"magic-15\"><\/div>\n<\/td>\n<\/tr>\n<tr>\n<td>\n<div class=\"magic-11\">\n<div class=\"magic-12\"><span style=\"font-family: Times New Roman, Times; font-size: large;\"><b>Tragf\u00e4higkeit<\/b><\/span><\/div>\n<\/div>\n<\/td>\n<td colspan=\"3\">\n<div class=\"magic-16\">\n<div class=\"magic-12\">100kg<\/div>\n<\/div>\n<\/td>\n<td class=\"magic-14\">\n<div class=\"magic-15\"><\/div>\n<\/td>\n<td class=\"magic-14\">\n<div class=\"magic-15\"><\/div>\n<\/td>\n<\/tr>\n<\/tbody>\n<\/table>\n<\/div>\n<div class=\"icbu-pc-images magic-1\">\n<div>\n<div class=\"flex-layout-v\">\n<div class=\"flex-layout-h magic-1\">\n<div class=\"magic-17\"><img decoding=\"async\" class=\"magic-18\" src=\"https:\/\/anbanjia.com.cn\/wp-content\/uploads\/2022\/05\/HTB1gOi9zRyWBuNkSmFPq6xguVXav.jpg\" data-src=\"\"><\/div>\n<\/div>\n<\/div>\n<\/div>\n<\/div>\n<div id=\"ali-anchor-AliMagic-it713w\" class=\"magic-0\" data-section=\"AliMagic-it713w\" data-section-title=\"Detailed Images\">Detaillierte Bilder<\/div>\n<div class=\"icbu-pc-images magic-1\">\n<div>\n<div class=\"flex-layout-v\">\n<div class=\"flex-layout-h magic-1\">\n<div class=\"magic-19\"><img decoding=\"async\" class=\"magic-20\" src=\"https:\/\/anbanjia.com.cn\/wp-content\/uploads\/2022\/05\/HTB1MCkochtnkeRjSZSgq6xAuXXae.jpg\" data-src=\"\"><\/div>\n<\/div>\n<\/div>\n<\/div>\n<\/div>\n<div class=\"icbu-pc-images magic-1\">\n<div>\n<div class=\"flex-layout-v\">\n<div class=\"flex-layout-h magic-1\">\n<div class=\"magic-21\"><img decoding=\"async\" class=\"magic-22\" src=\"https:\/\/anbanjia.com.cn\/wp-content\/uploads\/2022\/05\/HTB1ECb3HY1YBuNjSszeq6yblFXaw.jpg\" data-src=\"\"><\/div>\n<\/div>\n<\/div>\n<\/div>\n<\/div>\n<div class=\"icbu-pc-images magic-1\">\n<div class=\"flex-layout-v\">\n<div class=\"flex-layout-h magic-1\">\n<div class=\"magic-23\"><\/div>\n<\/div>\n<\/div>\n<\/div>\n<div class=\"icbu-pc-images magic-1\">\n<div>\n<div class=\"flex-layout-v\">\n<div class=\"flex-layout-h magic-1\">\n<div class=\"magic-25\"><img decoding=\"async\" class=\"magic-26\" src=\"https:\/\/anbanjia.com.cn\/wp-content\/uploads\/2022\/05\/HTB1n_HcmnqWBKNjSZFAq6ynSpXa7.jpg\" data-src=\"\"><\/div>\n<\/div>\n<\/div>\n<\/div>\n<\/div>\n<div class=\"icbu-pc-images magic-1\">\n<div class=\"flex-layout-v\">\n<div class=\"flex-layout-h magic-1\">\n<div class=\"magic-27\"><\/div>\n<\/div>\n<\/div>\n<\/div>\n<div class=\"icbu-pc-images magic-1\">\n<div>\n<div class=\"flex-layout-v\">\n<div class=\"flex-layout-h magic-1\">\n<div class=\"magic-29\"><img decoding=\"async\" class=\"magic-30\" src=\"https:\/\/anbanjia.com.cn\/wp-content\/uploads\/2022\/05\/HTB1ncPMmbArBKNjSZFLq6A_dVXaU.jpg\" data-src=\"\"><\/div>\n<\/div>\n<\/div>\n<\/div>\n<\/div>\n<\/div>\n<\/div>\n","protected":false},"excerpt":{"rendered":"<p>&nbsp;<\/p>\n<div style=\"width: auto;\">\n<div style=\"min-width: 300px; max-width: 300px; word-wrap: break-word; float: left;\">Eigenschaften: Zubeh\u00f6r f\u00fcr die Rehabilitationstherapie<\/div>\n<div style=\"min-width: 300px; max-width: 300px; word-wrap: break-word; float: left;\">Herkunftsort: Guangdong, China<\/div>\n<\/div>\n<div style=\"width: auto;\">\n<div style=\"min-width: 300px; max-width: 300px; word-wrap: break-word; float: left;\">Markenname: OEM-ODM<\/div>\n<div style=\"min-width: 300px; max-width: 300px; word-wrap: break-word; float: left;\">Modellnummer: ABJ-5513<\/div>\n<\/div>\n<div style=\"width: auto;\">\n<div style=\"min-width: 300px; max-width: 300px; word-wrap: break-word; float: left;\">Typ: Rollstuhl<\/div>\n<div style=\"min-width: 300px; max-width: 300px; word-wrap: break-word; float: left;\">Farbe silber<\/div>\n<\/div>\n<div style=\"width: auto;\">\n<div style=\"min-width: 300px; max-width: 300px; word-wrap: break-word; float: left;\">Material: Aluminium<\/div>\n<div style=\"min-width: 300px; max-width: 300px; word-wrap: break-word; float: left;\">Zertifikat: CE<\/div>\n<\/div>\n<div style=\"width: auto;\">\n<div style=\"min-width: 300px; max-width: 300px; word-wrap: break-word; float: left;\">Funktion: Gesundheitswesen<\/div>\n<div style=\"min-width: 300px; max-width: 300px; word-wrap: break-word; float: left;\">Merkmal: Langlebig\/leicht<\/div>\n<\/div>\n<div style=\"width: auto;\">\n<div style=\"min-width: 300px; max-width: 300px; word-wrap: break-word; float: left;\">Verwendung: H\u00e4usliche Pflege<\/div>\n<div style=\"min-width: 300px; max-width: 300px; word-wrap: break-word; float: left;\">Gesamtgr\u00f6\u00dfe: 88 x 90 x 60 cm<\/div>\n<\/div>\n<div style=\"width: auto;\">\n<div style=\"min-width: 300px; max-width: 300px; word-wrap: break-word; float: left;\">Nettogewicht: 20 kg<\/div>\n<div style=\"min-width: 300px; max-width: 300px; word-wrap: break-word; float: left;\">Maximale Belastung: 100 kg<\/div>\n<\/div>\n","protected":false},"featured_media":12754,"comment_status":"closed","ping_status":"closed","template":"","meta":[],"product_cat":[130],"product_tag":[],"class_list":["post-12856","product","type-product","status-publish","has-post-thumbnail","hentry","product_cat-elektrischer-rollstuhl"],"_links":{"self":[{"href":"https:\/\/anbanjia.com.cn\/de\/wp-json\/wp\/v2\/product\/12856","targetHints":{"allow":["GET"]}}],"collection":[{"href":"https:\/\/anbanjia.com.cn\/de\/wp-json\/wp\/v2\/product"}],"about":[{"href":"https:\/\/anbanjia.com.cn\/de\/wp-json\/wp\/v2\/types\/product"}],"replies":[{"embeddable":true,"href":"https:\/\/anbanjia.com.cn\/de\/wp-json\/wp\/v2\/comments?post=12856"}],"wp:featuredmedia":[{"embeddable":true,"href":"https:\/\/anbanjia.com.cn\/de\/wp-json\/wp\/v2\/media\/12754"}],"wp:attachment":[{"href":"https:\/\/anbanjia.com.cn\/de\/wp-json\/wp\/v2\/media?parent=12856"}],"wp:term":[{"taxonomy":"product_cat","embeddable":true,"href":"https:\/\/anbanjia.com.cn\/de\/wp-json\/wp\/v2\/product_cat?post=12856"},{"taxonomy":"product_tag","embeddable":true,"href":"https:\/\/anbanjia.com.cn\/de\/wp-json\/wp\/v2\/product_tag?post=12856"}],"curies":[{"name":"wp","href":"https:\/\/api.w.org\/{rel}","templated":true}]}}