{"id":12850,"date":"2022-05-02T18:07:42","date_gmt":"2022-05-02T18:07:42","guid":{"rendered":"https:\/\/www.anbanjia.com.cn\/product\/medizinische-geraete-gesundheit-china-power-selbstausgleichender-ultraleichter-16-kg-automatischer-rollstuhl-fuer-aeltere-menschen\/"},"modified":"2022-05-02T18:07:42","modified_gmt":"2022-05-02T18:07:42","slug":"medizinische-gerate-gesundheit-china-power-self-balancing-ultra-lightweight-16-kg-automatischer-rollstuhl-fur-altere-menschen","status":"publish","type":"product","link":"https:\/\/anbanjia.com.cn\/de\/produkt\/medizinische-gerate-gesundheit-china-power-self-balancing-ultra-lightweight-16-kg-automatischer-rollstuhl-fur-altere-menschen\/","title":{"rendered":"Medizinische Ger\u00e4te Gesundheit China Power selbstausgleichender ultraleichter 16 kg automatischer Rollstuhl f\u00fcr \u00e4ltere Menschen"},"content":{"rendered":"<div class=\"J_module\">\n<div id=\"ali-anchor-AliMagic-fdatqr\" class=\"magic-0\" data-section=\"AliMagic-fdatqr\" data-section-title=\"Product Description\">Produktbeschreibung<\/div>\n<\/div>\n<div class=\"J_module\">\n<div class=\"ife-detail-decorate-table\">\n<table class=\"has-title hight-light-first-column all magic-4\">\n<tbody>\n<tr>\n<td colspan=\"1\" rowspan=\"1\">\n<div class=\"magic-5\">\n<div class=\"magic-6\">Material<\/div>\n<\/div>\n<\/td>\n<td colspan=\"1\" rowspan=\"1\">\n<div class=\"magic-7\">\n<div class=\"magic-6\">Magnesiumlegierung<\/div>\n<\/div>\n<\/td>\n<\/tr>\n<tr>\n<td colspan=\"1\" rowspan=\"1\">\n<div class=\"magic-8\">\n<div class=\"magic-6\" data-spm-anchor-id=\"a2700.pc-decorate.0.i51.114a3333HRlOhS\">Gesamtgr\u00f6\u00dfe<\/div>\n<\/div>\n<\/td>\n<td colspan=\"1\" rowspan=\"1\">\n<div class=\"magic-9\">\n<div class=\"magic-6\">105*64*87cm<\/div>\n<\/div>\n<\/td>\n<\/tr>\n<tr>\n<td colspan=\"1\" rowspan=\"1\">\n<div class=\"magic-8\">\n<div class=\"magic-6\" data-spm-anchor-id=\"a2700.pc-decorate.0.i56.114a3333HRlOhS\">Sitzbreite<\/div>\n<\/div>\n<\/td>\n<td colspan=\"1\" rowspan=\"1\">\n<div class=\"magic-9\">\n<div class=\"magic-6\">44cm<\/div>\n<\/div>\n<\/td>\n<\/tr>\n<tr>\n<td colspan=\"1\" rowspan=\"1\">\n<div class=\"magic-8\">\n<div class=\"magic-6\">Griffh\u00f6he<\/div>\n<\/div>\n<\/td>\n<td colspan=\"1\" rowspan=\"1\">\n<div class=\"magic-9\">\n<div class=\"magic-6\">21cm<\/div>\n<\/div>\n<\/td>\n<\/tr>\n<tr>\n<td colspan=\"1\" rowspan=\"1\">\n<div class=\"magic-8\">\n<div class=\"magic-6\">Vorderrad<\/div>\n<\/div>\n<\/td>\n<td colspan=\"1\" rowspan=\"1\">\n<div class=\"magic-9\">\n<div class=\"magic-6\" data-spm-anchor-id=\"a2700.pc-decorate.0.i58.114a3333HRlOhS\">12 Zoll<\/div>\n<\/div>\n<\/td>\n<\/tr>\n<tr>\n<td colspan=\"1\" rowspan=\"1\">\n<div class=\"magic-8\">\n<div class=\"magic-6\">Ladezeit<\/div>\n<\/div>\n<\/td>\n<td colspan=\"1\" rowspan=\"1\">\n<div class=\"magic-9\">\n<div class=\"magic-6\">4-5 Stunden<\/div>\n<\/div>\n<\/td>\n<\/tr>\n<tr>\n<td colspan=\"1\" rowspan=\"1\">\n<div class=\"magic-8\">\n<div class=\"magic-6\">Kletterh\u00f6he<\/div>\n<\/div>\n<\/td>\n<td colspan=\"1\" rowspan=\"1\">\n<div class=\"magic-9\">\n<div class=\"magic-6\">20\u00b0<\/div>\n<\/div>\n<\/td>\n<\/tr>\n<tr>\n<td colspan=\"1\" rowspan=\"1\">\n<div class=\"magic-8\">\n<div class=\"magic-6\">Batterie<\/div>\n<\/div>\n<\/td>\n<td colspan=\"1\" rowspan=\"1\">\n<div class=\"magic-9\">\n<div class=\"magic-6\">8,7 AH<\/div>\n<\/div>\n<\/td>\n<\/tr>\n<tr>\n<td colspan=\"1\" rowspan=\"1\">\n<div class=\"magic-8\">\n<div class=\"magic-6\">NW<\/div>\n<\/div>\n<\/td>\n<td colspan=\"1\" rowspan=\"1\">\n<div class=\"magic-9\">\n<div class=\"magic-6\">16,5kg<\/div>\n<\/div>\n<\/td>\n<\/tr>\n<\/tbody>\n<\/table>\n<\/div>\n<\/div>\n<div class=\"J_module\">\n<div id=\"ali-anchor-AliMagic-75vo32\" class=\"magic-0\" data-section=\"AliMagic-75vo32\" data-section-title=\"Detailed Images\">Detaillierte Bilder<\/div>\n<\/div>\n<div class=\"J_module\">\n<div class=\"icbu-pc-detailManyImage magic-10\">\n<div class=\"magic-11\"><img decoding=\"async\" class=\"magic-12\" src=\"https:\/\/s.alicdn.com\/@sc04\/kf\/Hb028fc3679164f9fab429cc71e89fd47n\/230438700\/Hb028fc3679164f9fab429cc71e89fd47n.png?quality=close\" data-src=\"\/\/s.alicdn.com\/@sc04\/kf\/Hb028fc3679164f9fab429cc71e89fd47n\/230438700\/Hb028fc3679164f9fab429cc71e89fd47n.png?quality=close\"><\/div>\n<div class=\"magic-11\"><img decoding=\"async\" class=\"magic-12\" src=\"https:\/\/s.alicdn.com\/@sc04\/kf\/Hb4aa01e7a1564b41a1891aa3ac10f372p\/230438700\/Hb4aa01e7a1564b41a1891aa3ac10f372p.png?quality=close\" data-src=\"\/\/s.alicdn.com\/@sc04\/kf\/Hb4aa01e7a1564b41a1891aa3ac10f372p\/230438700\/Hb4aa01e7a1564b41a1891aa3ac10f372p.png?quality=close\"><\/div>\n<div class=\"magic-11\"><img decoding=\"async\" class=\"magic-12\" src=\"https:\/\/s.alicdn.com\/@sc04\/kf\/H3ecb048efac846a1983b382339c976247\/230438700\/H3ecb048efac846a1983b382339c976247.png?quality=close\" data-src=\"\/\/s.alicdn.com\/@sc04\/kf\/H3ecb048efac846a1983b382339c976247\/230438700\/H3ecb048efac846a1983b382339c976247.png?quality=close\"><\/div>\n<div class=\"magic-11\"><img decoding=\"async\" class=\"magic-12\" src=\"https:\/\/s.alicdn.com\/@sc04\/kf\/H669940d83dea4073839839b5eb15389bz\/230438700\/H669940d83dea4073839839b5eb15389bz.png?quality=close\" data-src=\"\/\/s.alicdn.com\/@sc04\/kf\/H669940d83dea4073839839b5eb15389bz\/230438700\/H669940d83dea4073839839b5eb15389bz.png?quality=close\"><\/div>\n<div class=\"magic-11\"><img decoding=\"async\" class=\"magic-12\" src=\"https:\/\/s.alicdn.com\/@sc04\/kf\/H782dfbd8127e40028771a00138a81e02Z\/230438700\/H782dfbd8127e40028771a00138a81e02Z.png?quality=close\" data-src=\"\/\/s.alicdn.com\/@sc04\/kf\/H782dfbd8127e40028771a00138a81e02Z\/230438700\/H782dfbd8127e40028771a00138a81e02Z.png?quality=close\"><\/div>\n<div class=\"magic-11\"><img decoding=\"async\" class=\"magic-12\" src=\"https:\/\/s.alicdn.com\/@sc04\/kf\/Heac0c5daaea947b9bfdc109bb21a1065B\/230438700\/Heac0c5daaea947b9bfdc109bb21a1065B.png?quality=close\" data-src=\"\/\/s.alicdn.com\/@sc04\/kf\/Heac0c5daaea947b9bfdc109bb21a1065B\/230438700\/Heac0c5daaea947b9bfdc109bb21a1065B.png?quality=close\"><\/div>\n<div class=\"magic-11\"><img decoding=\"async\" class=\"magic-12\" src=\"https:\/\/s.alicdn.com\/@sc04\/kf\/H940c4046e5ff4fd483cedfb2a6cabd878\/230438700\/H940c4046e5ff4fd483cedfb2a6cabd878.png?quality=close\" data-src=\"\/\/s.alicdn.com\/@sc04\/kf\/H940c4046e5ff4fd483cedfb2a6cabd878\/230438700\/H940c4046e5ff4fd483cedfb2a6cabd878.png?quality=close\"><\/div>\n<div class=\"magic-11\"><img decoding=\"async\" class=\"magic-12\" src=\"https:\/\/s.alicdn.com\/@sc04\/kf\/Hcd210f0cafb34cf290787be757220a62R\/230438700\/Hcd210f0cafb34cf290787be757220a62R.png?quality=close\" data-src=\"\/\/s.alicdn.com\/@sc04\/kf\/Hcd210f0cafb34cf290787be757220a62R\/230438700\/Hcd210f0cafb34cf290787be757220a62R.png?quality=close\"><\/div>\n<\/div>\n<\/div>\n<div class=\"J_module\">\n<div id=\"ali-anchor-AliMagic-aqbsev\" class=\"magic-0\" data-section=\"AliMagic-aqbsev\" data-section-title=\"Packing &amp; Delivery\">Verpackung &amp; Lieferung<\/div>\n<\/div>\n<div class=\"J_module\">\n<div class=\"icbu-pc-images magic-1\">\n<div>\n<div class=\"flex-layout-v\">\n<div class=\"flex-layout-h magic-1\">\n<div class=\"magic-13\"><img decoding=\"async\" class=\"magic-14\" src=\"https:\/\/s.alicdn.com\/@sc01\/kf\/HTB1PuMxjVkoBKNjSZFEq6zrEVXax\/230438700\/HTB1PuMxjVkoBKNjSZFEq6zrEVXax.jpg?quality=close\" data-src=\"https:\/\/s.alicdn.com\/@sc01\/kf\/HTB1PuMxjVkoBKNjSZFEq6zrEVXax\/230438700\/HTB1PuMxjVkoBKNjSZFEq6zrEVXax.jpg?quality=close\"><\/div>\n<\/div>\n<\/div>\n<\/div>\n<\/div>\n<\/div>\n<div class=\"J_module\">\n<div class=\"icbu-pc-images magic-1\">\n<div>\n<div class=\"flex-layout-v\">\n<div class=\"flex-layout-h magic-1\">\n<div class=\"magic-15\"><img decoding=\"async\" class=\"magic-16\" src=\"https:\/\/s.alicdn.com\/@sc02\/kf\/HTB1ibBvBVmWBuNjSspdq6zugXXak\/230438700\/HTB1ibBvBVmWBuNjSspdq6zugXXak.jpg?quality=close\" data-src=\"https:\/\/s.alicdn.com\/@sc02\/kf\/HTB1ibBvBVmWBuNjSspdq6zugXXak\/230438700\/HTB1ibBvBVmWBuNjSspdq6zugXXak.jpg?quality=close\"><\/div>\n<\/div>\n<\/div>\n<\/div>\n<\/div>\n<\/div>\n<div class=\"J_module\">\n<div class=\"icbu-pc-images magic-1\">\n<div>\n<div class=\"flex-layout-v\">\n<div class=\"flex-layout-h magic-1\">\n<div class=\"magic-17\"><img decoding=\"async\" class=\"magic-18\" src=\"https:\/\/s.alicdn.com\/@sc02\/kf\/HTB1gf5sjYwrBKNjSZPcq6xpapXa0\/230438700\/HTB1gf5sjYwrBKNjSZPcq6xpapXa0.jpg?quality=close\" data-src=\"https:\/\/s.alicdn.com\/@sc02\/kf\/HTB1gf5sjYwrBKNjSZPcq6xpapXa0\/230438700\/HTB1gf5sjYwrBKNjSZPcq6xpapXa0.jpg?quality=close\"><\/div>\n<\/div>\n<\/div>\n<\/div>\n<\/div>\n<\/div>\n<div class=\"J_module\">\n<div id=\"ali-anchor-AliMagic-1hfqef\" class=\"magic-0\" data-section=\"AliMagic-1hfqef\" data-section-title=\"Factory Workshop\">Fabrikwerkstatt<\/div>\n<\/div>\n<div class=\"J_module\">\n<div class=\"detail-decorate-json-renderer-container\">\n<div class=\"magic-19\">\n<div class=\"magic-20\">\n<div class=\"magic-21\">\n<div class=\"magic-22\">\n<p class=\"magic-23\"><span style=\"color: #0000df; font-family: Arial, Helvetica; font-size: large;\"><b>Als <span>professioneller und f\u00fchrender Anbieter medizinischer Ger\u00e4te bietet ABJ der Mehrheit der Kunden viele hochwertige Rollstuhlprodukte, die ihre Anforderungen erf\u00fcllen.<\/span><\/b><\/span><\/p>\n<\/div>\n<\/div>\n<\/div>\n<\/div>\n<\/div>\n<\/div>\n<div class=\"J_module\">\n<div class=\"icbu-pc-images magic-1\">\n<div>\n<div class=\"flex-layout-v\">\n<div class=\"flex-layout-h magic-1\">\n<div class=\"magic-24\"><img decoding=\"async\" class=\"magic-25\" src=\"https:\/\/s.alicdn.com\/@sc01\/kf\/HTB1ifTMB7SWBuNjSszdq6zeSpXaS\/230438700\/HTB1ifTMB7SWBuNjSszdq6zeSpXaS.jpg?quality=close\" data-src=\"https:\/\/s.alicdn.com\/@sc01\/kf\/HTB1ifTMB7SWBuNjSszdq6zeSpXaS\/230438700\/HTB1ifTMB7SWBuNjSszdq6zeSpXaS.jpg?quality=close\"><\/div>\n<\/div>\n<\/div>\n<\/div>\n<\/div>\n<\/div>\n<div class=\"J_module\">\n<div class=\"icbu-pc-images magic-1\">\n<div>\n<div class=\"flex-layout-v\">\n<div class=\"flex-layout-h magic-1\">\n<div class=\"magic-26\"><img decoding=\"async\" class=\"magic-27\" src=\"https:\/\/s.alicdn.com\/@sc02\/kf\/HTB1L2rgEeySBuNjy1zdq6xPxFXaU\/230438700\/HTB1L2rgEeySBuNjy1zdq6xPxFXaU.jpg?quality=close\" data-src=\"https:\/\/s.alicdn.com\/@sc02\/kf\/HTB1L2rgEeySBuNjy1zdq6xPxFXaU\/230438700\/HTB1L2rgEeySBuNjy1zdq6xPxFXaU.jpg?quality=close\"><\/div>\n<\/div>\n<\/div>\n<\/div>\n<\/div>\n<\/div>\n<div class=\"J_module\">\n<div id=\"ali-anchor-AliMagic-vkroov\" class=\"magic-0\" data-section=\"AliMagic-vkroov\" data-section-title=\"Our Company\">Unser Unternehmen<\/div>\n<\/div>\n<div class=\"J_module\">\n<div class=\"icbu-pc-images magic-1\">\n<div>\n<div class=\"flex-layout-v\">\n<div class=\"flex-layout-h magic-1\">\n<div class=\"magic-28\"><img decoding=\"async\" class=\"magic-29\" src=\"https:\/\/s.alicdn.com\/@sc01\/kf\/H3d43ab43a0f24fc7886a50fee5674fd4U\/230438700\/H3d43ab43a0f24fc7886a50fee5674fd4U.jpg?quality=close\" data-src=\"\/\/s.alicdn.com\/@sc01\/kf\/H3d43ab43a0f24fc7886a50fee5674fd4U\/230438700\/H3d43ab43a0f24fc7886a50fee5674fd4U.jpg?quality=close\"><\/div>\n<\/div>\n<\/div>\n<\/div>\n<\/div>\n<\/div>\n<div class=\"J_module\">\n<div class=\"icbu-pc-images magic-1\">\n<div>\n<div class=\"flex-layout-v\">\n<div class=\"flex-layout-h magic-1\">\n<div class=\"magic-30\"><img decoding=\"async\" class=\"magic-31\" src=\"https:\/\/s.alicdn.com\/@sc02\/kf\/HTB1Vfn0B4WYBuNjy1zkq6xGGpXar\/230438700\/HTB1Vfn0B4WYBuNjy1zkq6xGGpXar.jpg?quality=close\" data-src=\"https:\/\/s.alicdn.com\/@sc02\/kf\/HTB1Vfn0B4WYBuNjy1zkq6xGGpXar\/230438700\/HTB1Vfn0B4WYBuNjy1zkq6xGGpXar.jpg?quality=close\"><\/div>\n<\/div>\n<\/div>\n<\/div>\n<\/div>\n<\/div>\n<div class=\"J_module\">\n<div class=\"detail-decorate-json-renderer-container\">\n<div class=\"magic-19\">\n<h3 class=\"magic-32\"><\/h3>\n<h3 class=\"magic-33\"><span style=\"color: #0000ff; font-family: Arial, Helvetica; font-size: x-large;\">\u00dcber uns:<br \/>\n1. mehr auftrag, mehr rabatt, konkurrenzf\u00e4higer preis!<br \/>\n2.Willkommen, um mit uns in Verbindung zu treten, um einen besseren Preis zu erhalten!<br \/>\n3.Guter Service, schnelle Lieferung, und wir sind es wert, vertraut zu werden.<br \/>\n4.Wir k\u00f6nnen garantieren, dass Sie mit unseren Produkten zufrieden sein werden.<br \/>\n5. Wir behandeln Kunden wie Freunde und bieten Ihnen einen beachtlichen Service.<\/span><\/h3>\n<div class=\"magic-20\">\n<div class=\"magic-21\">\n<div class=\"magic-22\"><\/div>\n<\/div>\n<\/div>\n<\/div>\n<\/div>\n<\/div>\n<div class=\"J_module\">\n<div class=\"icbu-pc-images magic-1\">\n<div>\n<div class=\"flex-layout-v\">\n<div class=\"flex-layout-h magic-1\">\n<div class=\"magic-35\"><a href=\"https:\/\/abj-medical.en.alibaba.com\/\" target=\"_blank\" rel=\"noopener\"><img decoding=\"async\" class=\"magic-36\" src=\"https:\/\/s.alicdn.com\/@sc01\/kf\/HTB1AFq7B7OWBuNjSsppq6xPgpXaZ\/230438700\/HTB1AFq7B7OWBuNjSsppq6xPgpXaZ.jpg?quality=close\" data-src=\"https:\/\/s.alicdn.com\/@sc01\/kf\/HTB1AFq7B7OWBuNjSsppq6xPgpXaZ\/230438700\/HTB1AFq7B7OWBuNjSsppq6xPgpXaZ.jpg?quality=close\"><\/a><\/div>\n<\/div>\n<\/div>\n<\/div>\n<\/div>\n<\/div>\n<div class=\"J_module\">\n<div id=\"ali-anchor-AliMagic-58yj0x\" class=\"magic-0\" data-section=\"AliMagic-58yj0x\" data-section-title=\"Contact Information\">Kontaktinformation<\/div>\n<\/div>\n<div class=\"J_module\">\n<div class=\"icbu-pc-images magic-1\">\n<div>\n<div class=\"flex-layout-v\">\n<div class=\"flex-layout-h magic-1\">\n<div class=\"magic-37\"><img decoding=\"async\" class=\"magic-38\" src=\"https:\/\/s.alicdn.com\/@sc04\/kf\/H94a6fa43acb244a691368ee89d0bb0dft\/230438700\/H94a6fa43acb244a691368ee89d0bb0dft.png?quality=close\" data-src=\"\/\/s.alicdn.com\/@sc04\/kf\/H94a6fa43acb244a691368ee89d0bb0dft\/230438700\/H94a6fa43acb244a691368ee89d0bb0dft.png?quality=close\"><\/div>\n<\/div>\n<\/div>\n<\/div>\n<\/div>\n<\/div>\n","protected":false},"excerpt":{"rendered":"<p>&nbsp;<\/p>\n<div style=\"width: auto;\">\n<div style=\"min-width: 300px; max-width: 300px; word-wrap: break-word; float: left;\">Eigenschaften: Zubeh\u00f6r f\u00fcr die Rehabilitationstherapie<\/div>\n<div style=\"min-width: 300px; max-width: 300px; word-wrap: break-word; float: left;\">Herkunftsort: Guangdong, China<\/div>\n<\/div>\n<div style=\"width: auto;\">\n<div style=\"min-width: 300px; max-width: 300px; word-wrap: break-word; float: left;\">Modellnummer: DY01111<\/div>\n<div style=\"min-width: 300px; max-width: 300px; word-wrap: break-word; float: left;\">Typ: Rollstuhl<\/div>\n<\/div>\n<div style=\"width: auto;\">\n<div style=\"min-width: 300px; max-width: 300px; word-wrap: break-word; float: left;\">Material: Magnesiumlegierung<\/div>\n<div style=\"min-width: 300px; max-width: 300px; word-wrap: break-word; float: left;\">Modell: DY01111<\/div>\n<\/div>\n<div style=\"width: auto;\">\n<div style=\"min-width: 300px; max-width: 300px; word-wrap: break-word; float: left;\">Gesamtgr\u00f6\u00dfe: 105 x 64 x 87 cm<\/div>\n<div style=\"min-width: 300px; max-width: 300px; word-wrap: break-word; float: left;\">Sitzbreite: 44 cm<\/div>\n<\/div>\n<div style=\"width: auto;\">\n<div style=\"min-width: 300px; max-width: 300px; word-wrap: break-word; float: left;\">Griffh\u00f6he: 21 cm<\/div>\n<div style=\"min-width: 300px; max-width: 300px; word-wrap: break-word; float: left;\">Vorderrad: 12 Zoll<\/div>\n<\/div>\n<div style=\"width: auto;\">\n<div style=\"min-width: 300px; max-width: 300px; word-wrap: break-word; float: left;\">Steigh\u00f6he: 20\u00b0<\/div>\n<div style=\"min-width: 300px; max-width: 300px; word-wrap: break-word; float: left;\">Batterie: 8,7 AH<\/div>\n<\/div>\n<div style=\"width: auto;\">\n<div style=\"min-width: 300px; max-width: 300px; word-wrap: break-word; float: left;\">Nettogewicht: 16,5 kg<\/div>\n<div style=\"min-width: 300px; max-width: 300px; word-wrap: break-word; float: left;\">Mindestbestellmenge: 1 Stk<\/div>\n<\/div>\n<div>Kundenspezifisches Logo (Mindestbestellmenge: 100 St\u00fcck)<\/div>\n<div>Kundenspezifische Verpackung (Mindestbestellmenge: 100 St\u00fcck)<\/div>\n","protected":false},"featured_media":11229,"comment_status":"closed","ping_status":"closed","template":"","meta":[],"product_cat":[130],"product_tag":[],"class_list":["post-12850","product","type-product","status-publish","has-post-thumbnail","hentry","product_cat-elektrischer-rollstuhl"],"_links":{"self":[{"href":"https:\/\/anbanjia.com.cn\/de\/wp-json\/wp\/v2\/product\/12850","targetHints":{"allow":["GET"]}}],"collection":[{"href":"https:\/\/anbanjia.com.cn\/de\/wp-json\/wp\/v2\/product"}],"about":[{"href":"https:\/\/anbanjia.com.cn\/de\/wp-json\/wp\/v2\/types\/product"}],"replies":[{"embeddable":true,"href":"https:\/\/anbanjia.com.cn\/de\/wp-json\/wp\/v2\/comments?post=12850"}],"wp:featuredmedia":[{"embeddable":true,"href":"https:\/\/anbanjia.com.cn\/de\/wp-json\/wp\/v2\/media\/11229"}],"wp:attachment":[{"href":"https:\/\/anbanjia.com.cn\/de\/wp-json\/wp\/v2\/media?parent=12850"}],"wp:term":[{"taxonomy":"product_cat","embeddable":true,"href":"https:\/\/anbanjia.com.cn\/de\/wp-json\/wp\/v2\/product_cat?post=12850"},{"taxonomy":"product_tag","embeddable":true,"href":"https:\/\/anbanjia.com.cn\/de\/wp-json\/wp\/v2\/product_tag?post=12850"}],"curies":[{"name":"wp","href":"https:\/\/api.w.org\/{rel}","templated":true}]}}