{"id":12842,"date":"2022-05-02T18:07:45","date_gmt":"2022-05-02T18:07:45","guid":{"rendered":"https:\/\/www.anbanjia.com.cn\/product\/breite-antriebsraeder-nach-ce-norm-ultraleichter-aktiver-gelaendegaengiger-manueller-sportrollstuhl-mit-soliden-rollstuhlreifen\/"},"modified":"2022-05-02T18:07:45","modified_gmt":"2022-05-02T18:07:45","slug":"ce-norm-breite-antriebsrader-ultraleicht-aktiv-gelandegangig-faltbarer-sport-manueller-rollstuhl-mit-festen-rollstuhlreifen","status":"publish","type":"product","link":"https:\/\/anbanjia.com.cn\/de\/produkt\/ce-norm-breite-antriebsrader-ultraleicht-aktiv-gelandegangig-faltbarer-sport-manueller-rollstuhl-mit-festen-rollstuhlreifen\/","title":{"rendered":"Breite Antriebsr\u00e4der nach CE-Norm, ultraleichter, aktiver, gel\u00e4ndeg\u00e4ngiger, manueller Sportrollstuhl mit soliden Rollstuhlreifen"},"content":{"rendered":"<div class=\"J_module\">\n<div class=\"icbu-pc-images magic-1\">\n<div>\n<div class=\"flex-layout-v\">\n<div class=\"flex-layout-h magic-1\">\n<div class=\"magic-8\"><a href=\"http:\/\/abj-medical.en.alibaba.com\/\" target=\"_blank\" rel=\"noopener noreferrer\"><img decoding=\"async\" class=\"magic-9\" src=\"https:\/\/s.alicdn.com\/@sc02\/kf\/HTB1yJr_mXkoBKNjSZFEq6zrEVXaW\/230438700\/HTB1yJr_mXkoBKNjSZFEq6zrEVXaW.jpg?quality=close\" data-src=\"https:\/\/s.alicdn.com\/@sc02\/kf\/HTB1yJr_mXkoBKNjSZFEq6zrEVXaW\/230438700\/HTB1yJr_mXkoBKNjSZFEq6zrEVXaW.jpg?quality=close\"><\/a><\/div>\n<\/div>\n<\/div>\n<\/div>\n<\/div>\n<\/div>\n<div class=\"J_module\">\n<div class=\"ife-detail-decorate-table\">\n<table class=\"all magic-10\">\n<tbody>\n<tr>\n<td>\n<div class=\"magic-11\">\n<div class=\"magic-12\"><b><span style=\"font-family: Times New Roman, Times; font-size: large;\">Artikel<\/span><\/b><\/div>\n<\/div>\n<\/td>\n<td colspan=\"3\">\n<div class=\"magic-13\">\n<div class=\"magic-12\">ABJ-1700<\/div>\n<\/div>\n<\/td>\n<\/tr>\n<tr>\n<td>\n<div class=\"magic-11\">\n<div class=\"magic-12\"><b><span style=\"font-family: Times New Roman, Times; font-size: large;\">Material<\/span><\/b><\/div>\n<\/div>\n<\/td>\n<td colspan=\"3\">\n<div class=\"magic-13\">\n<div class=\"magic-12\">Aluminiumlegierung<\/div>\n<\/div>\n<\/td>\n<\/tr>\n<tr>\n<td>\n<div class=\"magic-11\">\n<div class=\"magic-12\"><b><span style=\"font-family: Times New Roman, Times; font-size: large;\">Gesamte Gr\u00f6\u00dfe<\/span><\/b><\/div>\n<\/div>\n<\/td>\n<td colspan=\"3\">\n<div class=\"magic-13\">\n<div class=\"magic-12\">82x59x77cm<\/div>\n<\/div>\n<\/td>\n<\/tr>\n<tr>\n<td>\n<div class=\"magic-11\">\n<div class=\"magic-12\"><b><span style=\"font-family: Times New Roman, Times; font-size: large;\">Gefaltete Gr\u00f6\u00dfe<\/span><\/b><\/div>\n<\/div>\n<\/td>\n<td colspan=\"3\">\n<div class=\"magic-13\">\n<div class=\"magic-12\">82x32x77<\/div>\n<\/div>\n<\/td>\n<\/tr>\n<tr>\n<td>\n<div class=\"magic-11\">\n<div class=\"magic-12\"><span style=\"font-family: Times New Roman, Times; font-size: large;\"><b>Sitzh\u00f6he<\/b><\/span><\/div>\n<\/div>\n<\/td>\n<td colspan=\"3\">\n<div class=\"magic-13\">\n<div class=\"magic-12\">49cm<\/div>\n<\/div>\n<\/td>\n<\/tr>\n<tr>\n<td>\n<div class=\"magic-11\">\n<div class=\"magic-12\"><span style=\"font-family: Times New Roman, Times; font-size: large;\"><b>Sitzbreite<\/b><\/span><\/div>\n<\/div>\n<\/td>\n<td colspan=\"3\">\n<div class=\"magic-13\">\n<div class=\"magic-12\">40cm<\/div>\n<\/div>\n<\/td>\n<\/tr>\n<tr>\n<td>\n<div class=\"magic-11\">\n<div class=\"magic-16\"><span style=\"font-family: Times; font-size: large;\"><b>Sitzlehnenh\u00f6he<\/b><\/span><\/div>\n<\/div>\n<\/td>\n<td colspan=\"3\">\n<div class=\"magic-17\">\n<div class=\"magic-12\">33cm<\/div>\n<\/div>\n<\/td>\n<\/tr>\n<tr>\n<td>\n<div class=\"magic-11\">\n<div class=\"magic-12\"><b><span style=\"font-family: Times New Roman, Times; font-size: large;\">Nettogewicht<\/span><\/b><\/div>\n<\/div>\n<\/td>\n<td colspan=\"3\">\n<div class=\"magic-13\">\n<div class=\"magic-12\">10kg<\/div>\n<\/div>\n<\/td>\n<\/tr>\n<tr>\n<td>\n<div class=\"magic-11\">\n<div class=\"magic-12\"><b><span style=\"font-family: Times New Roman, Times; font-size: large;\">Tragf\u00e4higkeit<\/span><\/b><\/div>\n<\/div>\n<\/td>\n<td colspan=\"3\">\n<div class=\"magic-17\">\n<div class=\"magic-12\">100kg<\/div>\n<\/div>\n<\/td>\n<\/tr>\n<\/tbody>\n<\/table>\n<\/div>\n<\/div>\n<div class=\"J_module\">\n<div class=\"icbu-pc-images magic-1\">\n<div>\n<div class=\"flex-layout-v\">\n<div class=\"flex-layout-h magic-1\">\n<div class=\"magic-18\"><img decoding=\"async\" class=\"magic-19\" src=\"https:\/\/s.alicdn.com\/@sc01\/kf\/HTB1bYV3z8mWBuNkSndVq6AsApXaS\/230438700\/HTB1bYV3z8mWBuNkSndVq6AsApXaS.jpg?quality=close\" data-src=\"https:\/\/s.alicdn.com\/@sc01\/kf\/HTB1bYV3z8mWBuNkSndVq6AsApXaS\/230438700\/HTB1bYV3z8mWBuNkSndVq6AsApXaS.jpg?quality=close\"><\/div>\n<\/div>\n<\/div>\n<\/div>\n<\/div>\n<\/div>\n<div class=\"J_module\">\n<div id=\"ali-anchor-AliMagic-xwiu3m\" class=\"magic-0\" data-section=\"AliMagic-xwiu3m\" data-section-title=\"Detailed Images\">Detaillierte Bilder<\/div>\n<\/div>\n<div class=\"J_module\">\n<div class=\"icbu-pc-images magic-1\">\n<div>\n<div class=\"flex-layout-v\">\n<div class=\"flex-layout-h magic-1\">\n<div class=\"magic-20\"><img decoding=\"async\" class=\"magic-21\" src=\"https:\/\/s.alicdn.com\/@sc01\/kf\/HTB1cBz1IkSWBuNjSszdq6zeSpXau\/230438700\/HTB1cBz1IkSWBuNjSszdq6zeSpXau.jpg?quality=close\" data-src=\"https:\/\/s.alicdn.com\/@sc01\/kf\/HTB1cBz1IkSWBuNjSszdq6zeSpXau\/230438700\/HTB1cBz1IkSWBuNjSszdq6zeSpXau.jpg?quality=close\"><\/div>\n<\/div>\n<\/div>\n<\/div>\n<\/div>\n<\/div>\n<div class=\"J_module\">\n<div class=\"icbu-pc-images magic-1\">\n<div>\n<div class=\"flex-layout-v\">\n<div class=\"flex-layout-h magic-1\">\n<div class=\"magic-22\"><img decoding=\"async\" class=\"magic-23\" src=\"https:\/\/s.alicdn.com\/@sc02\/kf\/HTB1RfPgIeuSBuNjSsziq6zq8pXae\/230438700\/HTB1RfPgIeuSBuNjSsziq6zq8pXae.jpg?quality=close\" data-src=\"https:\/\/s.alicdn.com\/@sc02\/kf\/HTB1RfPgIeuSBuNjSsziq6zq8pXae\/230438700\/HTB1RfPgIeuSBuNjSsziq6zq8pXae.jpg?quality=close\"><\/div>\n<\/div>\n<\/div>\n<\/div>\n<\/div>\n<\/div>\n<div class=\"J_module\">\n<div class=\"icbu-pc-images magic-1\">\n<div>\n<div class=\"flex-layout-v\">\n<div class=\"flex-layout-h magic-1\">\n<div class=\"magic-24\"><img decoding=\"async\" class=\"magic-25\" src=\"https:\/\/s.alicdn.com\/@sc01\/kf\/HTB1CWhBzZuYBuNkSmRyq6AA3pXaO\/230438700\/HTB1CWhBzZuYBuNkSmRyq6AA3pXaO.jpg?quality=close\" data-src=\"https:\/\/s.alicdn.com\/@sc01\/kf\/HTB1CWhBzZuYBuNkSmRyq6AA3pXaO\/230438700\/HTB1CWhBzZuYBuNkSmRyq6AA3pXaO.jpg?quality=close\"><\/div>\n<\/div>\n<\/div>\n<\/div>\n<\/div>\n<\/div>\n<div class=\"J_module\">\n<div class=\"icbu-pc-images magic-1\">\n<div>\n<div class=\"flex-layout-v\">\n<div class=\"flex-layout-h magic-1\">\n<div class=\"magic-26\"><img decoding=\"async\" class=\"magic-27\" src=\"https:\/\/s.alicdn.com\/@sc01\/kf\/HTB1CU4lIhSYBuNjSsphq6zGvVXao\/230438700\/HTB1CU4lIhSYBuNjSsphq6zGvVXao.jpg?quality=close\" data-src=\"https:\/\/s.alicdn.com\/@sc01\/kf\/HTB1CU4lIhSYBuNjSsphq6zGvVXao\/230438700\/HTB1CU4lIhSYBuNjSsphq6zGvVXao.jpg?quality=close\"><\/div>\n<\/div>\n<\/div>\n<\/div>\n<\/div>\n<\/div>\n<div class=\"J_module\">\n<div class=\"icbu-pc-images magic-1\">\n<div>\n<div class=\"flex-layout-v\">\n<div class=\"flex-layout-h magic-1\">\n<div class=\"magic-28\"><img decoding=\"async\" class=\"magic-29\" src=\"https:\/\/s.alicdn.com\/@sc01\/kf\/HTB1BhyCIk9WBuNjSspeq6yz5VXar\/230438700\/HTB1BhyCIk9WBuNjSspeq6yz5VXar.jpg?quality=close\" data-src=\"https:\/\/s.alicdn.com\/@sc01\/kf\/HTB1BhyCIk9WBuNjSspeq6yz5VXar\/230438700\/HTB1BhyCIk9WBuNjSspeq6yz5VXar.jpg?quality=close\"><\/div>\n<\/div>\n<\/div>\n<\/div>\n<\/div>\n<\/div>\n<div class=\"J_module\">\n<div id=\"ali-anchor-AliMagic-12wtf9\" class=\"magic-0\" data-section=\"AliMagic-12wtf9\" data-section-title=\"Packing &amp; Delivery\">Verpackung &amp; Lieferung<\/div>\n<\/div>\n<div class=\"J_module\">\n<div class=\"detail-decorate-json-renderer-container\">\n<div class=\"magic-30\">\n<h3 class=\"magic-31\" data-id=\"title0\"><\/h3>\n<div class=\"magic-12\"><span class=\"magic-33\">Alle Produkte werden vor dem Versand von uns sehr sorgf\u00e4ltig gepr\u00fcft. <\/span><\/div>\n<div class=\"magic-12\"><span class=\"magic-34\">Wir bieten Kunden schnelle Lieferung, angemessenen Preis, hohe Qualit\u00e4t und langfristige Dienstleistungen.<\/span><\/div>\n<div class=\"magic-35\">\n<div class=\"magic-36\">\n<div class=\"magic-37\" data-id=\"paragraph0\"><\/div>\n<\/div>\n<\/div>\n<\/div>\n<\/div>\n<\/div>\n<div class=\"J_module\">\n<div class=\"icbu-pc-images magic-1\">\n<div>\n<div class=\"flex-layout-v\">\n<div class=\"flex-layout-h magic-1\">\n<div class=\"magic-38\"><img decoding=\"async\" class=\"magic-39\" src=\"https:\/\/s.alicdn.com\/@sc01\/kf\/HTB13r6WzOCYBuNkSnaVq6AMsVXae\/230438700\/HTB13r6WzOCYBuNkSnaVq6AMsVXae.jpg?quality=close\" data-src=\"https:\/\/s.alicdn.com\/@sc01\/kf\/HTB13r6WzOCYBuNkSnaVq6AMsVXae\/230438700\/HTB13r6WzOCYBuNkSnaVq6AMsVXae.jpg?quality=close\"><\/div>\n<\/div>\n<\/div>\n<\/div>\n<\/div>\n<\/div>\n<div class=\"J_module\">\n<div class=\"icbu-pc-images magic-1\">\n<div>\n<div class=\"flex-layout-v\">\n<div class=\"flex-layout-h magic-1\">\n<div class=\"magic-40\"><img decoding=\"async\" class=\"magic-41\" src=\"https:\/\/s.alicdn.com\/@sc01\/kf\/HTB1jnYua56guuRjy1Xdq6yAwpXaS\/230438700\/HTB1jnYua56guuRjy1Xdq6yAwpXaS.jpg?quality=close\" data-src=\"https:\/\/s.alicdn.com\/@sc01\/kf\/HTB1jnYua56guuRjy1Xdq6yAwpXaS\/230438700\/HTB1jnYua56guuRjy1Xdq6yAwpXaS.jpg?quality=close\"><\/div>\n<\/div>\n<\/div>\n<\/div>\n<\/div>\n<\/div>\n<div class=\"J_module\">\n<div class=\"icbu-pc-images magic-1\">\n<div>\n<div class=\"flex-layout-v\">\n<div class=\"flex-layout-h magic-1\">\n<div class=\"magic-42\"><img decoding=\"async\" class=\"magic-43\" src=\"https:\/\/s.alicdn.com\/@sc02\/kf\/HTB1EGdwIf9TBuNjy0Fcq6zeiFXap\/230438700\/HTB1EGdwIf9TBuNjy0Fcq6zeiFXap.jpg?quality=close\" data-src=\"https:\/\/s.alicdn.com\/@sc02\/kf\/HTB1EGdwIf9TBuNjy0Fcq6zeiFXap\/230438700\/HTB1EGdwIf9TBuNjy0Fcq6zeiFXap.jpg?quality=close\"><\/div>\n<\/div>\n<\/div>\n<\/div>\n<\/div>\n<\/div>\n<div class=\"J_module\">\n<div id=\"ali-anchor-AliMagic-5r955n\" class=\"magic-0\" data-section=\"AliMagic-5r955n\" data-section-title=\"Factory Workshop\">Fabrikwerkstatt<\/div>\n<\/div>\n<div class=\"J_module\">\n<div class=\"icbu-pc-images magic-1\">\n<div>\n<div class=\"flex-layout-v\">\n<div class=\"flex-layout-h magic-1\">\n<div class=\"magic-44\"><img decoding=\"async\" class=\"magic-45\" src=\"https:\/\/s.alicdn.com\/@sc01\/kf\/HTB1HlaRIhGYBuNjy0Fnq6x5lpXa3\/230438700\/HTB1HlaRIhGYBuNjy0Fnq6x5lpXa3.jpg?quality=close\" data-src=\"https:\/\/s.alicdn.com\/@sc01\/kf\/HTB1HlaRIhGYBuNjy0Fnq6x5lpXa3\/230438700\/HTB1HlaRIhGYBuNjy0Fnq6x5lpXa3.jpg?quality=close\"><\/div>\n<\/div>\n<\/div>\n<\/div>\n<\/div>\n<\/div>\n<div class=\"J_module\">\n<div class=\"detail-decorate-json-renderer-container\">\n<div class=\"magic-30\">\n<div class=\"magic-35\">\n<div class=\"magic-36\">\n<div class=\"magic-37\">\n<p class=\"magic-46\"><b><span style=\"color: #0000bf; font-family: Times New Roman, Times; font-size: large;\">Als professioneller und f\u00fchrender Anbieter medizinischer Ger\u00e4te bietet ABJ der Mehrheit der Kunden viele hochwertige Rollstuhlprodukte, die ihre Anforderungen erf\u00fcllen.<\/span><\/b><\/p>\n<\/div>\n<\/div>\n<\/div>\n<\/div>\n<\/div>\n<\/div>\n<div class=\"J_module\">\n<div class=\"icbu-pc-images magic-1\">\n<div>\n<div class=\"flex-layout-v\">\n<div class=\"flex-layout-h magic-1\">\n<div class=\"magic-47\"><img decoding=\"async\" class=\"magic-48\" src=\"https:\/\/s.alicdn.com\/@sc01\/kf\/HTB1oBcfIamWBuNjy1Xaq6xCbXXao\/230438700\/HTB1oBcfIamWBuNjy1Xaq6xCbXXao.jpg?quality=close\" data-src=\"https:\/\/s.alicdn.com\/@sc01\/kf\/HTB1oBcfIamWBuNjy1Xaq6xCbXXao\/230438700\/HTB1oBcfIamWBuNjy1Xaq6xCbXXao.jpg?quality=close\"><\/div>\n<\/div>\n<\/div>\n<\/div>\n<\/div>\n<\/div>\n<div class=\"J_module\">\n<div id=\"ali-anchor-AliMagic-cp1pl8\" class=\"magic-0\" data-section=\"AliMagic-cp1pl8\" data-section-title=\"Our Company\">Unser Unternehmen<\/div>\n<\/div>\n<div class=\"J_module\">\n<div class=\"icbu-pc-images magic-1\">\n<div>\n<div class=\"flex-layout-v\">\n<div class=\"flex-layout-h magic-1\">\n<div class=\"magic-49\"><img decoding=\"async\" class=\"magic-50\" src=\"https:\/\/s.alicdn.com\/@sc01\/kf\/H3d43ab43a0f24fc7886a50fee5674fd4U\/230438700\/H3d43ab43a0f24fc7886a50fee5674fd4U.jpg?quality=close\" data-src=\"\/\/s.alicdn.com\/@sc01\/kf\/H3d43ab43a0f24fc7886a50fee5674fd4U\/230438700\/H3d43ab43a0f24fc7886a50fee5674fd4U.jpg?quality=close\"><\/div>\n<\/div>\n<\/div>\n<\/div>\n<\/div>\n<\/div>\n<div class=\"J_module\">\n<div class=\"icbu-pc-images magic-1\">\n<div>\n<div class=\"flex-layout-v\">\n<div class=\"flex-layout-h magic-1\">\n<div class=\"magic-51\"><img decoding=\"async\" class=\"magic-52\" src=\"https:\/\/s.alicdn.com\/@sc02\/kf\/HTB12nKfIkOWBuNjSsppq6xPgpXal\/230438700\/HTB12nKfIkOWBuNjSsppq6xPgpXal.jpg?quality=close\" data-src=\"https:\/\/s.alicdn.com\/@sc02\/kf\/HTB12nKfIkOWBuNjSsppq6xPgpXal\/230438700\/HTB12nKfIkOWBuNjSsppq6xPgpXal.jpg?quality=close\"><\/div>\n<\/div>\n<\/div>\n<\/div>\n<\/div>\n<\/div>\n<div class=\"J_module\">\n<div class=\"detail-decorate-json-renderer-container\">\n<div class=\"magic-30\">\n<h3 class=\"magic-31\" data-id=\"title0\"><\/h3>\n<h3 class=\"magic-53\"><b><span style=\"font-family: Times New Roman, Times; font-size: x-large;\">\u00dcber uns:<br \/>\n1. mehr auftrag, mehr rabatt, konkurrenzf\u00e4higer preis!<br \/>\n2.Willkommen, um mit uns in Verbindung zu treten, um einen besseren Preis zu erhalten!<br \/>\n3.Guter Service, schnelle Lieferung, und wir sind es wert, vertraut zu werden.<br \/>\n4.Wir k\u00f6nnen garantieren, dass Sie mit unseren Produkten zufrieden sein werden.<br \/>\n5. Wir behandeln Kunden wie Freunde und bieten Ihnen einen beachtlichen Service.<\/span><\/b><\/h3>\n<div class=\"magic-35\">\n<div class=\"magic-36\">\n<div class=\"magic-37\" data-id=\"paragraph0\"><\/div>\n<\/div>\n<\/div>\n<\/div>\n<\/div>\n<\/div>\n<div class=\"J_module\">\n<div class=\"icbu-pc-images magic-1\">\n<div>\n<div class=\"flex-layout-v\">\n<div class=\"flex-layout-h magic-1\">\n<div class=\"magic-55\"><a href=\"http:\/\/abj-medical.en.alibaba.com\/\" target=\"_blank\" rel=\"noopener noreferrer\"><img decoding=\"async\" class=\"magic-56\" src=\"https:\/\/s.alicdn.com\/@sc01\/kf\/HTB1scQfIamWBuNjy1Xaq6xCbXXa1\/230438700\/HTB1scQfIamWBuNjy1Xaq6xCbXXa1.jpg?quality=close\" data-src=\"https:\/\/s.alicdn.com\/@sc01\/kf\/HTB1scQfIamWBuNjy1Xaq6xCbXXa1\/230438700\/HTB1scQfIamWBuNjy1Xaq6xCbXXa1.jpg?quality=close\"><\/a><\/div>\n<\/div>\n<\/div>\n<\/div>\n<\/div>\n<\/div>\n<div class=\"J_module\">\n<div id=\"ali-anchor-AliMagic-ntt50q\" class=\"magic-0\" data-section=\"AliMagic-ntt50q\" data-section-title=\"Contact Information\">Kontaktinformation<\/div>\n<\/div>\n<div class=\"J_module\">\n<div class=\"icbu-pc-images magic-1\">\n<div>\n<div class=\"flex-layout-v\">\n<div class=\"flex-layout-h magic-1\">\n<div class=\"magic-57\"><img decoding=\"async\" class=\"magic-58\" src=\"https:\/\/s.alicdn.com\/@sc01\/kf\/H10fdde19478c4022952b6ef21b37e97bx\/230438700\/H10fdde19478c4022952b6ef21b37e97bx.jpg?quality=close\" data-src=\"\/\/s.alicdn.com\/@sc01\/kf\/H10fdde19478c4022952b6ef21b37e97bx\/230438700\/H10fdde19478c4022952b6ef21b37e97bx.jpg?quality=close\"><\/div>\n<\/div>\n<\/div>\n<\/div>\n<\/div>\n<\/div>\n","protected":false},"excerpt":{"rendered":"<p>&nbsp;<\/p>\n<div style=\"width: auto;\">\n<div style=\"min-width: 300px; max-width: 300px; word-wrap: break-word; float: left;\">Herkunftsort: Guangdong, China<\/div>\n<div style=\"min-width: 300px; max-width: 300px; word-wrap: break-word; float: left;\">Markenname: OEM-ODM<\/div>\n<\/div>\n<div style=\"width: auto;\">\n<div style=\"min-width: 300px; max-width: 300px; word-wrap: break-word; float: left;\">Modellnummer: ABJ-1700<\/div>\n<div style=\"min-width: 300px; max-width: 300px; word-wrap: break-word; float: left;\">Instrumentenklassifizierung: Klasse II<\/div>\n<\/div>\n<div style=\"width: auto;\">\n<div style=\"min-width: 300px; max-width: 300px; word-wrap: break-word; float: left;\">1 Jahr Garantie<\/div>\n<div style=\"min-width: 300px; max-width: 300px; word-wrap: break-word; float: left;\">Kundendienst: KEINE<\/div>\n<\/div>\n<div style=\"width: auto;\">\n<div style=\"min-width: 300px; max-width: 300px; word-wrap: break-word; float: left;\">Funktion: H\u00e4usliche Pflege<\/div>\n<div style=\"min-width: 300px; max-width: 300px; word-wrap: break-word; float: left;\">Material: Aluminiumlegierung<\/div>\n<\/div>\n<div style=\"width: auto;\">\n<div style=\"min-width: 300px; max-width: 300px; word-wrap: break-word; float: left;\">Farbe Rot<\/div>\n<div style=\"min-width: 300px; max-width: 300px; word-wrap: break-word; float: left;\">Anwendung: Rehabilitationszentrum\/Krankenhaus<\/div>\n<\/div>\n<div style=\"width: auto;\">\n<div style=\"min-width: 300px; max-width: 300px; word-wrap: break-word; float: left;\">Zertifikat: CE<\/div>\n<div style=\"min-width: 300px; max-width: 300px; word-wrap: break-word; float: left;\">Typ: Manueller Sportrollstuhl<\/div>\n<\/div>\n<div style=\"width: auto;\">\n<div style=\"min-width: 300px; max-width: 300px; word-wrap: break-word; float: left;\">Gesamtgr\u00f6\u00dfe: 82 x 59 x 77 cm<\/div>\n<div style=\"min-width: 300px; max-width: 300px; word-wrap: break-word; float: left;\">Nettogewicht: 10 kg<\/div>\n<\/div>\n<div style=\"width: auto;\">\n<div style=\"min-width: 300px; max-width: 300px; word-wrap: break-word; float: left;\">Maximale Belastung: 100 kg<\/div>\n<div style=\"min-width: 300px; max-width: 300px; word-wrap: break-word; float: left;\">Hinterrad: 24 Zoll, aufgepumpter Reifen<\/div>\n<\/div>\n<div>Kundenspezifisches Logo (Mindestbestellmenge: 50 St\u00fcck)<\/div>\n<div>Kundenspezifische Verpackung (Mindestbestellmenge: 50 St\u00fcck)<\/div>\n","protected":false},"featured_media":12746,"comment_status":"closed","ping_status":"closed","template":"","meta":[],"product_cat":[127],"product_tag":[],"class_list":["post-12842","product","type-product","status-publish","has-post-thumbnail","hentry","product_cat-sportrollstuhl"],"_links":{"self":[{"href":"https:\/\/anbanjia.com.cn\/de\/wp-json\/wp\/v2\/product\/12842","targetHints":{"allow":["GET"]}}],"collection":[{"href":"https:\/\/anbanjia.com.cn\/de\/wp-json\/wp\/v2\/product"}],"about":[{"href":"https:\/\/anbanjia.com.cn\/de\/wp-json\/wp\/v2\/types\/product"}],"replies":[{"embeddable":true,"href":"https:\/\/anbanjia.com.cn\/de\/wp-json\/wp\/v2\/comments?post=12842"}],"wp:featuredmedia":[{"embeddable":true,"href":"https:\/\/anbanjia.com.cn\/de\/wp-json\/wp\/v2\/media\/12746"}],"wp:attachment":[{"href":"https:\/\/anbanjia.com.cn\/de\/wp-json\/wp\/v2\/media?parent=12842"}],"wp:term":[{"taxonomy":"product_cat","embeddable":true,"href":"https:\/\/anbanjia.com.cn\/de\/wp-json\/wp\/v2\/product_cat?post=12842"},{"taxonomy":"product_tag","embeddable":true,"href":"https:\/\/anbanjia.com.cn\/de\/wp-json\/wp\/v2\/product_tag?post=12842"}],"curies":[{"name":"wp","href":"https:\/\/api.w.org\/{rel}","templated":true}]}}