{"id":12836,"date":"2022-05-02T18:07:42","date_gmt":"2022-05-02T18:07:42","guid":{"rendered":"https:\/\/www.anbanjia.com.cn\/product\/china-grosshaendler-billigster-multifunktionaler-langlebiger-faltbarer-aktiver-sportrollstuhl-mit-abnehmbarem-rad-fuer-behinderte\/"},"modified":"2022-05-02T18:07:42","modified_gmt":"2022-05-02T18:07:42","slug":"china-groshandler-billigster-multifunktions-langlebiger-faltbarer-aktiv-sport-rollstuhl-mit-abnehmbarem-rad-fur-behinderte","status":"publish","type":"product","link":"https:\/\/anbanjia.com.cn\/de\/produkt\/china-groshandler-billigster-multifunktions-langlebiger-faltbarer-aktiv-sport-rollstuhl-mit-abnehmbarem-rad-fur-behinderte\/","title":{"rendered":"China-Gro\u00dfh\u00e4ndler billigster multifunktionaler langlebiger faltbarer aktiver Sportrollstuhl mit abnehmbarem Rad f\u00fcr Behinderte"},"content":{"rendered":"<div id=\"ali-anchor-AliPostDhMb-ipl9i\" data-section=\"AliPostDhMb-ipl9i\" data-section-title=\"Product Details\">\n<div>\n<p><img decoding=\"async\" src=\"https:\/\/s.alicdn.com\/@sc02\/kf\/HTB1QclOXwoQMeJjy0Fpq6ATxpXaZ\/230438700\/HTB1QclOXwoQMeJjy0Fpq6ATxpXaZ.jpg?quality=close\" alt=\"Fashion Aluminum alloy lightweight power sport wheelchair CE approval\" width=\"750\" height=\"2800\" data-src=\"\/\/s.alicdn.com\/@sc02\/kf\/HTB1QclOXwoQMeJjy0Fpq6ATxpXaZ\/230438700\/HTB1QclOXwoQMeJjy0Fpq6ATxpXaZ.jpg?quality=close\" data-alt=\"Fashion Aluminum alloy lightweight power sport wheelchair CE approval\"><img decoding=\"async\" src=\"https:\/\/s.alicdn.com\/@sc01\/kf\/HTB1avRJXrsTMeJjSszdq6AEupXaM\/230438700\/HTB1avRJXrsTMeJjSszdq6AEupXaM.jpg?quality=close\" alt=\"Fashion Aluminum alloy lightweight power sport wheelchair CE approval\" width=\"750\" height=\"1260\" data-src=\"\/\/s.alicdn.com\/@sc01\/kf\/HTB1avRJXrsTMeJjSszdq6AEupXaM\/230438700\/HTB1avRJXrsTMeJjSszdq6AEupXaM.jpg?quality=close\" data-alt=\"Fashion Aluminum alloy lightweight power sport wheelchair CE approval\"><\/p>\n<\/div>\n<\/div>\n<div id=\"ali-anchor-AliPostDhMb-39yus\" data-section=\"AliPostDhMb-39yus\" data-section-title=\"Product Description\">\n<div id=\"ali-title-AliPostDhMb-39yus\">Produktbeschreibung<\/div>\n<div>\n<p> <img decoding=\"async\" src=\"https:\/\/s.alicdn.com\/@sc02\/kf\/HTB1IcVMXEgQMeJjy0Feq6xOEVXaN\/230438700\/HTB1IcVMXEgQMeJjy0Feq6xOEVXaN.jpg?quality=close\" alt=\"Fashion Aluminum alloy lightweight power sport wheelchair CE approval\" width=\"750\" height=\"2000\" data-src=\"\/\/s.alicdn.com\/@sc02\/kf\/HTB1IcVMXEgQMeJjy0Feq6xOEVXaN\/230438700\/HTB1IcVMXEgQMeJjy0Feq6xOEVXaN.jpg?quality=close\" data-alt=\"Fashion Aluminum alloy lightweight power sport wheelchair CE approval\"><a href=\"https:\/\/abj-medical.en.alibaba.com\/productlist.html?spm=a2700.details.toavopna6.1.697a8c3ec3yBNb\" target=\"_blank\" rel=\"noopener\"><img decoding=\"async\" src=\"https:\/\/s.alicdn.com\/@sc02\/kf\/HTB1ERWiSFXXXXasXXXXq6xXFXXXw\/230438700\/HTB1ERWiSFXXXXasXXXXq6xXFXXXw.jpg?quality=close\" alt=\"Fashion Aluminum alloy lightweight power sport wheelchair CE approval\" width=\"750\" height=\"285\" data-src=\"\/\/s.alicdn.com\/@sc02\/kf\/HTB1ERWiSFXXXXasXXXXq6xXFXXXw\/230438700\/HTB1ERWiSFXXXXasXXXXq6xXFXXXw.jpg?quality=close\" data-alt=\"Fashion Aluminum alloy lightweight power sport wheelchair CE approval\"><\/a><img decoding=\"async\" src=\"https:\/\/s.alicdn.com\/@sc01\/kf\/HTB1TH4ZSFXXXXazXFXXq6xXFXXXm\/230438700\/HTB1TH4ZSFXXXXazXFXXq6xXFXXXm.jpg?quality=close\" alt=\"Fashion Aluminum alloy lightweight power sport wheelchair CE approval\" width=\"750\" height=\"241\" data-src=\"\/\/s.alicdn.com\/@sc01\/kf\/HTB1TH4ZSFXXXXazXFXXq6xXFXXXm\/230438700\/HTB1TH4ZSFXXXXazXFXXq6xXFXXXm.jpg?quality=close\" data-alt=\"Fashion Aluminum alloy lightweight power sport wheelchair CE approval\"><\/p>\n<\/div>\n<\/div>\n<div id=\"ali-anchor-AliPostDhMb-dohry\" data-section=\"AliPostDhMb-dohry\" data-section-title=\"company information\">\n<div id=\"ali-title-AliPostDhMb-dohry\">Firmeninformation<\/div>\n<div>\n<p><img decoding=\"async\" src=\"https:\/\/s.alicdn.com\/@sc01\/kf\/HTB1MME3SpXXXXbJaXXXq6xXFXXXA\/230438700\/HTB1MME3SpXXXXbJaXXXq6xXFXXXA.jpg?quality=close\" alt=\"Fashion Aluminum alloy lightweight power sport wheelchair CE approval\" width=\"750\" height=\"1857\" data-src=\"\/\/s.alicdn.com\/@sc01\/kf\/HTB1MME3SpXXXXbJaXXXq6xXFXXXA\/230438700\/HTB1MME3SpXXXXbJaXXXq6xXFXXXA.jpg?quality=close\" data-alt=\"Fashion Aluminum alloy lightweight power sport wheelchair CE approval\"><\/p>\n<\/div>\n<\/div>\n<div id=\"ali-anchor-AliPostDhMb-ampca\" data-section=\"AliPostDhMb-ampca\" data-section-title=\"certificate\">\n<div id=\"ali-title-AliPostDhMb-ampca\">Zertifikat<\/div>\n<div>\n<p><img decoding=\"async\" src=\"https:\/\/s.alicdn.com\/@sc02\/kf\/HTB1Z1olSpXXXXctXXXXq6xXFXXXu\/230438700\/HTB1Z1olSpXXXXctXXXXq6xXFXXXu.jpg?quality=close\" alt=\"Fashion Aluminum alloy lightweight power sport wheelchair CE approval\" width=\"750\" height=\"365\" data-src=\"\/\/s.alicdn.com\/@sc02\/kf\/HTB1Z1olSpXXXXctXXXXq6xXFXXXu\/230438700\/HTB1Z1olSpXXXXctXXXXq6xXFXXXu.jpg?quality=close\" data-alt=\"Fashion Aluminum alloy lightweight power sport wheelchair CE approval\"><\/p>\n<\/div>\n<\/div>\n<div id=\"ali-anchor-AliPostDhMb-3im0p\" data-section=\"AliPostDhMb-3im0p\" data-section-title=\"produce &amp; payment\">\n<div id=\"ali-title-AliPostDhMb-3im0p\">produzieren &amp; bezahlen<\/div>\n<div>\n<p><img decoding=\"async\" src=\"https:\/\/s.alicdn.com\/@sc01\/kf\/HTB1LlvUSpXXXXbJXVXXq6xXFXXXf\/230438700\/HTB1LlvUSpXXXXbJXVXXq6xXFXXXf.jpg?quality=close\" alt=\"Fashion Aluminum alloy lightweight power sport wheelchair CE approval\" width=\"750\" height=\"454\" data-src=\"\/\/s.alicdn.com\/@sc01\/kf\/HTB1LlvUSpXXXXbJXVXXq6xXFXXXf\/230438700\/HTB1LlvUSpXXXXbJXVXXq6xXFXXXf.jpg?quality=close\" data-alt=\"Fashion Aluminum alloy lightweight power sport wheelchair CE approval\"><img decoding=\"async\" src=\"https:\/\/s.alicdn.com\/@sc02\/kf\/HTB1R1haSFXXXXXNXVXXq6xXFXXXz\/230438700\/HTB1R1haSFXXXXXNXVXXq6xXFXXXz.jpg?quality=close\" alt=\"Fashion Aluminum alloy lightweight power sport wheelchair CE approval\" width=\"750\" height=\"524\" data-src=\"\/\/s.alicdn.com\/@sc02\/kf\/HTB1R1haSFXXXXXNXVXXq6xXFXXXz\/230438700\/HTB1R1haSFXXXXXNXVXXq6xXFXXXz.jpg?quality=close\" data-alt=\"Fashion Aluminum alloy lightweight power sport wheelchair CE approval\"><\/p>\n<\/div>\n<\/div>\n<div id=\"ali-anchor-AliPostDhMb-t4odn\" data-section=\"AliPostDhMb-t4odn\" data-section-title=\"contact us\">\n<div id=\"ali-title-AliPostDhMb-t4odn\">kontaktiere uns<\/div>\n<div>\n<p><img decoding=\"async\" src=\"https:\/\/s.alicdn.com\/@sc01\/kf\/HTB1XU1rouySBuNjy1zd760PxFXaK\/230438700\/HTB1XU1rouySBuNjy1zd760PxFXaK.png?quality=close\" alt=\"Fashion Aluminum alloy lightweight power sport wheelchair CE approval\" width=\"716\" height=\"278\" data-src=\"\/\/s.alicdn.com\/@sc01\/kf\/HTB1XU1rouySBuNjy1zd760PxFXaK\/230438700\/HTB1XU1rouySBuNjy1zd760PxFXaK.png?quality=close\" data-alt=\"Fashion Aluminum alloy lightweight power sport wheelchair CE approval\"><\/p>\n<\/div>\n<\/div>\n","protected":false},"excerpt":{"rendered":"<p>&nbsp;<\/p>\n<div style=\"width: auto;\">\n<div style=\"min-width: 300px; max-width: 300px; word-wrap: break-word; float: left;\">Eigenschaften: Zubeh\u00f6r f\u00fcr die Rehabilitationstherapie<\/div>\n<div style=\"min-width: 300px; max-width: 300px; word-wrap: break-word; float: left;\">Herkunftsort: Guangdong, China<\/div>\n<\/div>\n<div style=\"width: auto;\">\n<div style=\"min-width: 300px; max-width: 300px; word-wrap: break-word; float: left;\">Markenname: OEM-ODM<\/div>\n<div style=\"min-width: 300px; max-width: 300px; word-wrap: break-word; float: left;\">Modellnummer: ABJ-778<\/div>\n<\/div>\n<div style=\"width: auto;\">\n<div style=\"min-width: 300px; max-width: 300px; word-wrap: break-word; float: left;\">Typ: Rollstuhl<\/div>\n<div style=\"min-width: 300px; max-width: 300px; word-wrap: break-word; float: left;\">Material: Aluminiumlegierung<\/div>\n<\/div>\n<div style=\"width: auto;\">\n<div style=\"min-width: 300px; max-width: 300px; word-wrap: break-word; float: left;\">Farbe Rot<\/div>\n<div style=\"min-width: 300px; max-width: 300px; word-wrap: break-word; float: left;\">Zertifikat: CE<\/div>\n<\/div>\n<div style=\"width: auto;\">\n<div style=\"min-width: 300px; max-width: 300px; word-wrap: break-word; float: left;\">Funktion:Sport<\/div>\n<div style=\"min-width: 300px; max-width: 300px; word-wrap: break-word; float: left;\">Eigenschaft: Langlebig<\/div>\n<\/div>\n<div style=\"width: auto;\">\n<div style=\"min-width: 300px; max-width: 300px; word-wrap: break-word; float: left;\">Anwendung: Outdoor-Aktivit\u00e4ten<\/div>\n<div style=\"min-width: 300px; max-width: 300px; word-wrap: break-word; float: left;\">Verwendung: K\u00f6rpergesundheitspflege<\/div>\n<\/div>\n<div style=\"width: auto;\">\n<div style=\"min-width: 300px; max-width: 300px; word-wrap: break-word; float: left;\">Gesamtgr\u00f6\u00dfe: 80 * 64 * 73<\/div>\n<div style=\"min-width: 300px; max-width: 300px; word-wrap: break-word; float: left;\">Nettogewicht: 13 kg<\/div>\n<\/div>\n<div>Kundenspezifisches Logo (Mindestbestellmenge: 50 St\u00fcck)<\/div>\n<div>Kundenspezifische Verpackung (Mindestbestellmenge: 50 St\u00fcck)<\/div>\n","protected":false},"featured_media":12744,"comment_status":"closed","ping_status":"closed","template":"","meta":[],"product_cat":[127],"product_tag":[],"class_list":["post-12836","product","type-product","status-publish","has-post-thumbnail","hentry","product_cat-sportrollstuhl"],"_links":{"self":[{"href":"https:\/\/anbanjia.com.cn\/de\/wp-json\/wp\/v2\/product\/12836","targetHints":{"allow":["GET"]}}],"collection":[{"href":"https:\/\/anbanjia.com.cn\/de\/wp-json\/wp\/v2\/product"}],"about":[{"href":"https:\/\/anbanjia.com.cn\/de\/wp-json\/wp\/v2\/types\/product"}],"replies":[{"embeddable":true,"href":"https:\/\/anbanjia.com.cn\/de\/wp-json\/wp\/v2\/comments?post=12836"}],"wp:featuredmedia":[{"embeddable":true,"href":"https:\/\/anbanjia.com.cn\/de\/wp-json\/wp\/v2\/media\/12744"}],"wp:attachment":[{"href":"https:\/\/anbanjia.com.cn\/de\/wp-json\/wp\/v2\/media?parent=12836"}],"wp:term":[{"taxonomy":"product_cat","embeddable":true,"href":"https:\/\/anbanjia.com.cn\/de\/wp-json\/wp\/v2\/product_cat?post=12836"},{"taxonomy":"product_tag","embeddable":true,"href":"https:\/\/anbanjia.com.cn\/de\/wp-json\/wp\/v2\/product_tag?post=12836"}],"curies":[{"name":"wp","href":"https:\/\/api.w.org\/{rel}","templated":true}]}}