{"id":12833,"date":"2022-05-02T18:07:47","date_gmt":"2022-05-02T18:07:47","guid":{"rendered":"https:\/\/www.anbanjia.com.cn\/product\/alter-mann-tragbarer-grosshandels-selbstbalance-elektroroller-mit-lithiumbatterie-fuer-erwachsene\/"},"modified":"2022-05-02T18:07:47","modified_gmt":"2022-05-02T18:07:47","slug":"old-man-portable-wholesale-self-balanceelectric-scooter-with-lithium-battery-for-adult-2","status":"publish","type":"product","link":"https:\/\/anbanjia.com.cn\/de\/produkt\/old-man-portable-wholesale-self-balanceelectric-scooter-with-lithium-battery-for-adult-2\/","title":{"rendered":"Alter Mann tragbarer Gro\u00dfhandels-Selbstbalance-Elektroroller mit Lithiumbatterie f\u00fcr Erwachsene"},"content":{"rendered":"<div style=\"max-width: 750px; margin: 0 auto;\">\n<p style=\"text-align: center;\"><span style=\"font-size: 32px;\">batteriebetriebener Roller mit vierr\u00e4driger Elektromotor-Mobilit\u00e4t f\u00fcr Erwachsene<\/span><\/p>\n<div id=\"ali-anchor-AliPostDhMb-bzsfi\" style=\"padding-top: 8px;\" data-section=\"AliPostDhMb-bzsfi\" data-section-title=\"Product Description\">\n<div id=\"ali-title-AliPostDhMb-bzsfi\" style=\"padding: 8px 0; border-bottom: 1px solid #ddd;\"><span style=\"background-color: #ddd; color: #333; font-weight: bold; padding: 8px 10px; line-height: 12px;\">Produktbeschreibung<\/span><\/div>\n<div style=\"padding: 10px 0;\">\n<p> <img decoding=\"async\" style=\"max-width: 750;\" src=\"https:\/\/anbanjia.com.cn\/wp-content\/uploads\/2022\/05\/HTB1DyQyXq67gK0jSZFHq6y9jVXar.jpg\" data-alt=\"Old man portable wholesale self balanceelectric scooter with lithium battery for adult\" data-height=\"750\" data-src=\"\" data-width=\"750\"><img decoding=\"async\" src=\"https:\/\/anbanjia.com.cn\/wp-content\/uploads\/2022\/05\/HTB1QHcCXxD1gK0jSZFKq6AJrVXaH.jpg\" data-alt=\"Old man portable wholesale self balanceelectric scooter with lithium battery for adult\" data-height=\"750\" data-src=\"\" data-width=\"750\"><\/p>\n<p>&nbsp;<\/p>\n<p><img decoding=\"async\" src=\"https:\/\/anbanjia.com.cn\/wp-content\/uploads\/2022\/05\/HTB1wmsCXrr1gK0jSZR0q6zP8XXak.jpg\" data-alt=\"Old man portable wholesale self balanceelectric scooter with lithium battery for adult\" data-src=\"\"><\/p>\n<\/div>\n<\/div>\n<div id=\"ali-anchor-AliPostDhMb-iceb8\" style=\"padding-top: 8px;\" data-section=\"AliPostDhMb-iceb8\" data-section-title=\"How to use\">\n<div id=\"ali-title-AliPostDhMb-iceb8\" style=\"padding: 8px 0; border-bottom: 1px solid #ddd;\"><span style=\"background-color: #ddd; color: #333; font-weight: bold; padding: 8px 10px; line-height: 12px;\">Wie benutzt man<\/span><\/div>\n<div style=\"padding: 10px 0;\">\n<p> <img decoding=\"async\" src=\"https:\/\/anbanjia.com.cn\/wp-content\/uploads\/2022\/05\/HTB1ROZzXp67gK0jSZPfq6yhhFXav.jpg\" data-alt=\"Old man portable wholesale self balanceelectric scooter with lithium battery for adult\" data-height=\"750\" data-src=\"\" data-width=\"750\"><\/p>\n<\/div>\n<\/div>\n<div id=\"ali-anchor-AliPostDhMb-62g9l\" style=\"padding-top: 8px;\" data-section=\"AliPostDhMb-62g9l\" data-section-title=\"Our Services\">\n<div id=\"ali-title-AliPostDhMb-62g9l\" style=\"padding: 8px 0; border-bottom: 1px solid #ddd;\"><span style=\"background-color: #ddd; color: #333; font-weight: bold; padding: 8px 10px; line-height: 12px;\">Unsere Dienstleistungen<\/span><\/div>\n<div style=\"padding: 10px 0;\">\n<p> <img decoding=\"async\" src=\"https:\/\/anbanjia.com.cn\/wp-content\/uploads\/2022\/05\/HTB1axiRzFOWBuNjy0Fiq6xFxVXa5.jpg\" data-alt=\"Old man portable wholesale self balanceelectric scooter with lithium battery for adult\" data-src=\"\"><\/p>\n<\/div>\n<\/div>\n<div id=\"ali-anchor-AliPostDhMb-iqbsh\" style=\"padding-top: 8px;\" data-section=\"AliPostDhMb-iqbsh\" data-section-title=\"Company Information\">\n<div id=\"ali-title-AliPostDhMb-iqbsh\" style=\"padding: 8px 0; border-bottom: 1px solid #ddd;\"><span style=\"background-color: #ddd; color: #333; font-weight: bold; padding: 8px 10px; line-height: 12px;\">Firmeninformation<\/span><\/div>\n<div style=\"padding: 10px 0;\">\n<p> <img decoding=\"async\" src=\"https:\/\/anbanjia.com.cn\/wp-content\/uploads\/2022\/05\/H3d43ab43a0f24fc7886a50fee5674fd4U.jpg\" data-alt=\"Old man portable wholesale self balanceelectric scooter with lithium battery for adult\" data-src=\"\"><\/p>\n<\/div>\n<\/div>\n<div id=\"ali-anchor-AliPostDhMb-wp8qb\" style=\"padding-top: 8px;\" data-section=\"AliPostDhMb-wp8qb\" data-section-title=\"FAQ\">\n<div id=\"ali-title-AliPostDhMb-wp8qb\" style=\"padding: 8px 0; border-bottom: 1px solid #ddd;\"><span style=\"background-color: #ddd; color: #333; font-weight: bold; padding: 8px 10px; line-height: 12px;\">FAQ<\/span><\/div>\n<div style=\"padding: 10px 0;\">\n<p><strong><span style=\"font-size: 24px;\">Q1: Zahlungsposten<\/span><\/strong><br \/>\n<span style=\"font-size: 24px;\">A: T\/T 30 % als Anzahlung und 70 % vor Lieferung, wenn das Konto mehr als 10.000,00 US-Dollar betr\u00e4gt<\/span><br \/>\n<span style=\"font-size: 24px;\"><strong>Q2: Lieferzeit:<\/strong> <\/span><br \/>\n<span style=\"font-size: 24px;\">Im Allgemeinen dauert es 3-5 Werktage, nachdem Sie Ihre Vorauszahlung erhalten haben. Die spezifische Lieferzeit h\u00e4ngt von der Menge Ihrer Bestellung ab.<\/span><br \/>\n<strong><span style=\"font-size: 24px;\">Q3: Waren vor Anlieferung pr\u00fcfen?<\/span><\/strong><br \/>\n<span style=\"font-size: 24px;\">A: Ja, wir haben einen 100%-Test vor der Auslieferung.<\/span><br \/>\n<strong><span style=\"font-size: 24px;\">Q4: Wie machen Sie unser Gesch\u00e4ft langfristig?<\/span><\/strong><br \/>\n<span style=\"font-size: 24px;\">A1: Wir halten gute Qualit\u00e4t und den konkurrenzf\u00e4higsten Preis.<\/span><br \/>\n<span style=\"font-size: 24px;\">A2: Wir respektieren jeden Kunden als unseren Freund.<\/span><\/p>\n<p><span style=\"font-size: 24px;\"><img decoding=\"async\" src=\"https:\/\/anbanjia.com.cn\/wp-content\/uploads\/2022\/05\/H10fdde19478c4022952b6ef21b37e97bx.jpg\" data-alt=\"Old man portable wholesale self balanceelectric scooter with lithium battery for adult\" data-src=\"\"><\/span><\/p>\n<\/div>\n<\/div>\n<\/div>\n","protected":false},"excerpt":{"rendered":"<p>&nbsp;<\/p>\n<div style=\"width: auto;\">\n<div style=\"min-width: 300px; max-width: 300px; word-wrap: break-word; float: left;\">Herkunftsort: Guangdong, China<\/div>\n<div style=\"min-width: 300px; max-width: 300px; word-wrap: break-word; float: left;\">Markenname: OEM<\/div>\n<\/div>\n<div style=\"width: auto;\">\n<div style=\"min-width: 300px; max-width: 300px; word-wrap: break-word; float: left;\">Modellnummer: ABJ-01<\/div>\n<div style=\"min-width: 300px; max-width: 300px; word-wrap: break-word; float: left;\">Leistung: 201-500 W<\/div>\n<\/div>\n<div style=\"width: auto;\">\n<div style=\"min-width: 300px; max-width: 300px; word-wrap: break-word; float: left;\">Spannung: 36 V<\/div>\n<div style=\"min-width: 300px; max-width: 300px; word-wrap: break-word; float: left;\">Ladezeit:6-8h<\/div>\n<\/div>\n<div style=\"width: auto;\">\n<div style=\"min-width: 300px; max-width: 300px; word-wrap: break-word; float: left;\">Faltbar: Ja<\/div>\n<div style=\"min-width: 300px; max-width: 300px; word-wrap: break-word; float: left;\">Reichweite pro Ladung: 40\u201360 km<\/div>\n<\/div>\n<div style=\"width: auto;\">\n<div style=\"min-width: 300px; max-width: 300px; word-wrap: break-word; float: left;\">H\u00f6chstgeschwindigkeit:&lt; 30 km\/h<\/div>\n<div style=\"min-width: 300px; max-width: 300px; word-wrap: break-word; float: left;\">Zertifizierung:ce<\/div>\n<\/div>\n<div style=\"width: auto;\">\n<div style=\"min-width: 300px; max-width: 300px; word-wrap: break-word; float: left;\">Reifengr\u00f6\u00dfe: 10 Zoll<\/div>\n<div style=\"min-width: 300px; max-width: 300px; word-wrap: break-word; float: left;\">Farbe schwarz<\/div>\n<\/div>\n<div style=\"width: auto;\">\n<div style=\"min-width: 300px; max-width: 300px; word-wrap: break-word; float: left;\">Batterie: 36 V 10 Ah<\/div>\n<div style=\"min-width: 300px; max-width: 300px; word-wrap: break-word; float: left;\">Motorleistung: 300 W<\/div>\n<\/div>\n<div style=\"width: auto;\">\n<div style=\"min-width: 300px; max-width: 300px; word-wrap: break-word; float: left;\">Fahrmodus: Heckantrieb<\/div>\n<div style=\"min-width: 300px; max-width: 300px; word-wrap: break-word; float: left;\">Vorderradgr\u00f6\u00dfe: 10 Zoll<\/div>\n<\/div>\n<div style=\"width: auto;\">\n<div style=\"min-width: 300px; max-width: 300px; word-wrap: break-word; float: left;\">H\u00f6chstgeschwindigkeit: 15 km\/h<\/div>\n<div style=\"min-width: 300px; max-width: 300px; word-wrap: break-word; float: left;\">Maximale Belastung: 120 kg<\/div>\n<\/div>\n<div style=\"width: auto;\">\n<div style=\"min-width: 300px; max-width: 300px; word-wrap: break-word; float: left;\">Nettogewicht: 19,3 kg<\/div>\n<div style=\"min-width: 300px; max-width: 300px; word-wrap: break-word; float: left;\">Drehmoment: 17N<\/div>\n<\/div>\n","protected":false},"featured_media":11303,"comment_status":"closed","ping_status":"closed","template":"","meta":[],"product_cat":[119],"product_tag":[],"class_list":["post-12833","product","type-product","status-publish","has-post-thumbnail","hentry","product_cat-alterer-roller"],"_links":{"self":[{"href":"https:\/\/anbanjia.com.cn\/de\/wp-json\/wp\/v2\/product\/12833","targetHints":{"allow":["GET"]}}],"collection":[{"href":"https:\/\/anbanjia.com.cn\/de\/wp-json\/wp\/v2\/product"}],"about":[{"href":"https:\/\/anbanjia.com.cn\/de\/wp-json\/wp\/v2\/types\/product"}],"replies":[{"embeddable":true,"href":"https:\/\/anbanjia.com.cn\/de\/wp-json\/wp\/v2\/comments?post=12833"}],"wp:featuredmedia":[{"embeddable":true,"href":"https:\/\/anbanjia.com.cn\/de\/wp-json\/wp\/v2\/media\/11303"}],"wp:attachment":[{"href":"https:\/\/anbanjia.com.cn\/de\/wp-json\/wp\/v2\/media?parent=12833"}],"wp:term":[{"taxonomy":"product_cat","embeddable":true,"href":"https:\/\/anbanjia.com.cn\/de\/wp-json\/wp\/v2\/product_cat?post=12833"},{"taxonomy":"product_tag","embeddable":true,"href":"https:\/\/anbanjia.com.cn\/de\/wp-json\/wp\/v2\/product_tag?post=12833"}],"curies":[{"name":"wp","href":"https:\/\/api.w.org\/{rel}","templated":true}]}}