{"id":12435,"date":"2022-05-02T18:07:58","date_gmt":"2022-05-02T18:07:58","guid":{"rendered":"https:\/\/www.anbanjia.com.cn\/product\/elektroliftmaschine-fuer-gelaehmte-bettlaegerige-altenpflege-nach-hause-transfer-fuer-behinderte-patientenliftmaschine-fuer-aeltere-menschen\/"},"modified":"2022-05-02T18:07:58","modified_gmt":"2022-05-02T18:07:58","slug":"elektrische-lift-maschine-gelahmte-bettlagerige-altenpflege-nach-hause-transfer-behinderte-patientenlift-maschine-shifter-fur-senioren","status":"publish","type":"product","link":"https:\/\/anbanjia.com.cn\/de\/produkt\/elektrische-lift-maschine-gelahmte-bettlagerige-altenpflege-nach-hause-transfer-behinderte-patientenlift-maschine-shifter-fur-senioren\/","title":{"rendered":"Elektroliftmaschine f\u00fcr gel\u00e4hmte bettl\u00e4gerige Altenpflege nach Hause, Transfer f\u00fcr behinderte Patientenliftmaschine f\u00fcr \u00e4ltere Menschen"},"content":{"rendered":"<div style=\"max-width: 750px; margin: 0 auto;\">\n<div id=\"detail_decorate_root\" data-magic-global=\"%7B%22bizId%22%3A3215165050%2C%22pageId%22%3A21021596407%2C%22siteId%22%3A5005610021%7D\">\n<div class=\"J_module\">\n<div class=\"detail-decorate-json-renderer-container\">\n<div class=\"magic-1\">\n<div class=\"magic-2\">\n<div class=\"magic-3\">\n<div class=\"magic-4\">\n<div class=\"magic-5\"><span class=\"magic-6\">Elektroliftmaschine f\u00fcr gel\u00e4hmte bettl\u00e4gerige Altenpflege nach Hause, Transfer f\u00fcr behinderte Patientenliftmaschine f\u00fcr \u00e4ltere Menschen.<\/span><\/div>\n<\/div>\n<\/div>\n<\/div>\n<\/div>\n<\/div>\n<\/div>\n<div class=\"J_module\">\n<div class=\"icbu-pc-images magic-7\">\n<div>\n<div class=\"flex-layout-v\">\n<div class=\"flex-layout-h magic-7\">\n<div class=\"magic-8\"><img decoding=\"async\" class=\"magic-9\" style=\"max-width: 750;\" src=\"https:\/\/anbanjia.com.cn\/wp-content\/uploads\/2022\/05\/H2b4ce79bbc3b4224b71a42b9126ca7701.png\" data-src=\"\"><\/div>\n<\/div>\n<\/div>\n<\/div>\n<\/div>\n<\/div>\n<div class=\"J_module\">\n<div class=\"detail-decorate-json-renderer-container\">\n<div class=\"magic-1\">\n<div class=\"magic-2\">\n<div class=\"magic-3\">\n<div class=\"magic-4\">\n<div class=\"magic-5\"><span class=\"magic-6\">Haben Sie 2 vorbildliche Schlinge k\u00f6nnen w\u00e4hlen. <b>Reha-Geh- oder Schlingenmodell.<\/b> Wenn Sie welche ben\u00f6tigen, k\u00f6nnen Sie sich f\u00fcr weitere Informationen an den Verk\u00e4ufer wenden. Vielen Dank.<\/span><\/div>\n<\/div>\n<\/div>\n<\/div>\n<\/div>\n<\/div>\n<\/div>\n<div class=\"J_module\">\n<div class=\"icbu-pc-detailManyImage magic-10\">\n<div class=\"magic-11\"><img decoding=\"async\" class=\"magic-12\" src=\"https:\/\/anbanjia.com.cn\/wp-content\/uploads\/2022\/05\/H7b0c7878cf57425bac162b090075f6e9M.jpg\" data-src=\"\"><\/div>\n<div class=\"magic-11\"><img decoding=\"async\" class=\"magic-12\" src=\"https:\/\/anbanjia.com.cn\/wp-content\/uploads\/2022\/05\/H001a841693ee42c3a6f1893589fd5f78e.jpg\" data-src=\"\"><\/div>\n<div class=\"magic-11\"><img decoding=\"async\" class=\"magic-12\" src=\"https:\/\/anbanjia.com.cn\/wp-content\/uploads\/2022\/05\/Ha712f6afa74c44608055c9f2e5e86fe7u.jpg\" data-src=\"\"><\/div>\n<div class=\"magic-11\"><img decoding=\"async\" class=\"magic-12\" src=\"https:\/\/anbanjia.com.cn\/wp-content\/uploads\/2022\/05\/He52d7501215c4fd1b11c0553ba013c2e6.jpg\" data-src=\"\"><\/div>\n<div class=\"magic-11\"><\/div>\n<div class=\"magic-11\"><img decoding=\"async\" src=\"https:\/\/s.alicdn.com\/@sc04\/kf\/Ha43def8a2df44eac925e2c3ab5a1b97b2\/230438700\/Ha43def8a2df44eac925e2c3ab5a1b97b2.jpg?quality=close\"><img decoding=\"async\" src=\"https:\/\/s.alicdn.com\/@sc04\/kf\/H94a6fa43acb244a691368ee89d0bb0dft\/230438700\/H94a6fa43acb244a691368ee89d0bb0dft.png?quality=close\"><\/div>\n<div class=\"magic-11\"><\/div>\n<div class=\"magic-11\"><\/div>\n<\/div>\n<\/div>\n<\/div>\n<\/div>\n","protected":false},"excerpt":{"rendered":"<p>&nbsp;<\/p>\n<div style=\"width: auto;\">\n<div style=\"min-width: 300px; max-width: 300px; word-wrap: break-word; float: left;\">Eigenschaften: Zubeh\u00f6r f\u00fcr die Rehabilitationstherapie<\/div>\n<div style=\"min-width: 300px; max-width: 300px; word-wrap: break-word; float: left;\">Herkunftsort: China<\/div>\n<\/div>\n<div style=\"width: auto;\">\n<div style=\"min-width: 300px; max-width: 300px; word-wrap: break-word; float: left;\">Material: verdickter Stahl<\/div>\n<div style=\"min-width: 300px; max-width: 300px; word-wrap: break-word; float: left;\">Produktname: Patientenlifter<\/div>\n<\/div>\n<div style=\"width: auto;\">\n<div style=\"min-width: 300px; max-width: 300px; word-wrap: break-word; float: left;\">Basisl\u00e4nge: 1220 mm<\/div>\n<div style=\"min-width: 300px; max-width: 300px; word-wrap: break-word; float: left;\">Beinh\u00f6he: 120 mm<\/div>\n<\/div>\n<div style=\"width: auto;\">\n<div style=\"min-width: 300px; max-width: 300px; word-wrap: break-word; float: left;\">Breite der Beinspreizung: 860 mm<\/div>\n<div style=\"min-width: 300px; max-width: 300px; word-wrap: break-word; float: left;\">Gesamtbreite: 610 mm<\/div>\n<\/div>\n<div style=\"width: auto;\">\n<div style=\"min-width: 300px; max-width: 300px; word-wrap: break-word; float: left;\">Hubgeschwindigkeit: 3-9 mm\/s<\/div>\n<div style=\"min-width: 300px; max-width: 300px; word-wrap: break-word; float: left;\">Gewicht: 150 kg<\/div>\n<\/div>\n<div style=\"width: auto;\">\n<div style=\"min-width: 300px; max-width: 300px; word-wrap: break-word; float: left;\">Nettogewicht: 45 kg<\/div>\n<div style=\"min-width: 300px; max-width: 300px; word-wrap: break-word; float: left;\">Rauschen: weniger als 65 dBA<\/div>\n<\/div>\n","protected":false},"featured_media":11455,"comment_status":"closed","ping_status":"closed","template":"","meta":[],"product_cat":[116],"product_tag":[],"class_list":["post-12435","product","type-product","status-publish","has-post-thumbnail","hentry","product_cat-multifunktionale-umzugsmaschine"],"_links":{"self":[{"href":"https:\/\/anbanjia.com.cn\/de\/wp-json\/wp\/v2\/product\/12435","targetHints":{"allow":["GET"]}}],"collection":[{"href":"https:\/\/anbanjia.com.cn\/de\/wp-json\/wp\/v2\/product"}],"about":[{"href":"https:\/\/anbanjia.com.cn\/de\/wp-json\/wp\/v2\/types\/product"}],"replies":[{"embeddable":true,"href":"https:\/\/anbanjia.com.cn\/de\/wp-json\/wp\/v2\/comments?post=12435"}],"wp:featuredmedia":[{"embeddable":true,"href":"https:\/\/anbanjia.com.cn\/de\/wp-json\/wp\/v2\/media\/11455"}],"wp:attachment":[{"href":"https:\/\/anbanjia.com.cn\/de\/wp-json\/wp\/v2\/media?parent=12435"}],"wp:term":[{"taxonomy":"product_cat","embeddable":true,"href":"https:\/\/anbanjia.com.cn\/de\/wp-json\/wp\/v2\/product_cat?post=12435"},{"taxonomy":"product_tag","embeddable":true,"href":"https:\/\/anbanjia.com.cn\/de\/wp-json\/wp\/v2\/product_tag?post=12435"}],"curies":[{"name":"wp","href":"https:\/\/api.w.org\/{rel}","templated":true}]}}