{"id":11138,"date":"2022-05-02T18:07:54","date_gmt":"2022-05-02T18:07:54","guid":{"rendered":"https:\/\/www.anbanjia.com.cn\/product\/multifunktionale-transfermaschine-fuer-behinderte-aeltere-patienten-transfermaschine-mit-hoehenverstellbarem-rollstuhl-mit-toilette\/"},"modified":"2022-05-02T18:07:54","modified_gmt":"2022-05-02T18:07:54","slug":"multifunktionale-behinderten-alteren-transfermaschine-patienten-transfermaschine-hohenverstellbarer-rollstuhl-mit-toilette","status":"publish","type":"product","link":"https:\/\/anbanjia.com.cn\/de\/produkt\/multifunktionale-behinderten-alteren-transfermaschine-patienten-transfermaschine-hohenverstellbarer-rollstuhl-mit-toilette\/","title":{"rendered":"Multifunktionale Transfermaschine f\u00fcr behinderte \u00e4ltere Patienten Transfermaschine mit h\u00f6henverstellbarem Rollstuhl mit Toilette"},"content":{"rendered":"<div style=\"max-width: 750px; margin: 0 auto;\">\n<div id=\"ali-anchor-AliPostDhMb-jaad0\" class=\"mceSectionContainer\" style=\"padding-top: 8px;\" data-section=\"AliPostDhMb-jaad0\" data-section-title=\"Product Details\">\n<div id=\"ali-title-AliPostDhMb-jaad0\" style=\"padding: 8px 0; border-bottom: 1px solid #ddd;\"><span style=\"background-color: #ddd; color: #333; font-weight: bold; padding: 8px 10px; line-height: 12px;\">Produktdetails<\/span><\/div>\n<div style=\"padding: 10px 0;\">\n<table style=\"border-collapse: collapse; border-style: solid; background-color: #ffffff; width: 80%;\" border=\"1\">\n<tbody>\n<tr>\n<td style=\"width: 47.5763%; text-align: center;\"><span style=\"font-size: 24px;\"><strong>Ladekapazit\u00e4t<\/strong><\/span><\/td>\n<td style=\"width: 51.167%; text-align: center;\"><span style=\"font-size: 24px;\"><strong>120kg<\/strong><\/span><\/td>\n<\/tr>\n<tr>\n<td style=\"width: 47.5763%; text-align: center;\"><span style=\"font-size: 24px;\"><strong>Hochheben<\/strong><\/span><\/td>\n<td style=\"width: 51.167%; text-align: center;\"><span style=\"font-size: 24px;\"><strong>20 cm<\/strong><\/span><\/td>\n<\/tr>\n<tr>\n<td style=\"width: 47.5763%; text-align: center;\"><span style=\"font-size: 24px;\"><strong>Durchgangsbreite<\/strong><\/span><\/td>\n<td style=\"width: 51.167%; text-align: center;\"><span style=\"font-size: 24px;\"><strong>65cm<\/strong><\/span><\/td>\n<\/tr>\n<\/tbody>\n<\/table>\n<\/div>\n<\/div>\n<div id=\"ali-anchor-AliPostDhMb-mt50f\" class=\"mceSectionContainer\" style=\"padding-top: 8px;\" data-section=\"AliPostDhMb-mt50f\" data-section-title=\"Product Description\">\n<div id=\"ali-title-AliPostDhMb-mt50f\" style=\"padding: 8px 0; border-bottom: 1px solid #ddd;\"><span style=\"background-color: #ddd; color: #333; font-weight: bold; padding: 8px 10px; line-height: 12px;\">Produktbeschreibung<\/span><\/div>\n<div style=\"padding: 10px 0;\">\n<p> <img decoding=\"async\" style=\"max-width: 750;\" src=\"https:\/\/anbanjia.com.cn\/wp-content\/uploads\/2022\/05\/H3e66d33070ee4c5b8df512035ebb30f5T.jpg\" data-alt=\"Multifunctional handicapped elderly transfer machine patient transfer machine adjustable height wheelchair with toilet\" data-src=\"\"><img decoding=\"async\" src=\"https:\/\/anbanjia.com.cn\/wp-content\/uploads\/2022\/05\/H1dffac6e23cd49b2b99fe99f6684185bf.jpg\" data-alt=\"Multifunctional handicapped elderly transfer machine patient transfer machine adjustable height wheelchair with toilet\" data-src=\"\"><img decoding=\"async\" src=\"https:\/\/anbanjia.com.cn\/wp-content\/uploads\/2022\/05\/H4ac34b10afe14dcf88fd225ba2e08cc0O.jpg\" data-alt=\"Multifunctional handicapped elderly transfer machine patient transfer machine adjustable height wheelchair with toilet\" data-src=\"\"><img decoding=\"async\" src=\"https:\/\/anbanjia.com.cn\/wp-content\/uploads\/2022\/05\/H019ccaa5c5614f3e843cfa0115405f33D.jpg\" data-alt=\"Multifunctional handicapped elderly transfer machine patient transfer machine adjustable height wheelchair with toilet\" data-src=\"\"><img decoding=\"async\" src=\"https:\/\/anbanjia.com.cn\/wp-content\/uploads\/2022\/05\/Hbc1befa6243c42daa2d739453fcf328bb.jpg\" data-alt=\"Multifunctional handicapped elderly transfer machine patient transfer machine adjustable height wheelchair with toilet\" data-src=\"\"><img decoding=\"async\" src=\"https:\/\/anbanjia.com.cn\/wp-content\/uploads\/2022\/05\/H3687bfbca00341eaba284c0e232e1cdc3.jpg\" data-alt=\"Multifunctional handicapped elderly transfer machine patient transfer machine adjustable height wheelchair with toilet\" data-src=\"\"><img decoding=\"async\" src=\"https:\/\/anbanjia.com.cn\/wp-content\/uploads\/2022\/05\/Hdc29699029294edf85af3cc2938a41aa9.jpg\" data-alt=\"Multifunctional handicapped elderly transfer machine patient transfer machine adjustable height wheelchair with toilet\" data-src=\"\"><img decoding=\"async\" src=\"https:\/\/anbanjia.com.cn\/wp-content\/uploads\/2022\/05\/H28101d806caf450994a177a98638f726X.jpg\" data-alt=\"Multifunctional handicapped elderly transfer machine patient transfer machine adjustable height wheelchair with toilet\" data-src=\"\"><img decoding=\"async\" src=\"https:\/\/anbanjia.com.cn\/wp-content\/uploads\/2022\/05\/H4d1f6ffd93054726b2ddb1e44849cd6cE.jpg\" data-alt=\"Multifunctional handicapped elderly transfer machine patient transfer machine adjustable height wheelchair with toilet\" data-src=\"\"><\/p>\n<\/div>\n<\/div>\n<div id=\"ali-anchor-AliPostDhMb-kql3d\" class=\"mceSectionContainer\" style=\"padding-top: 8px;\" data-section=\"AliPostDhMb-kql3d\" data-section-title=\"Product Categories\">\n<div id=\"ali-title-AliPostDhMb-kql3d\" style=\"padding: 8px 0; border-bottom: 1px solid #ddd;\"><span style=\"background-color: #ddd; color: #333; font-weight: bold; padding: 8px 10px; line-height: 12px;\">Produktkategorien<\/span><\/div>\n<div style=\"padding: 10px 0;\">\n<p><a href=\"https:\/\/abj-medical.en.alibaba.com\/productlist.html?spm=a2700.8304367.topnav.2.\" target=\"_blank\" rel=\"noopener\"><img decoding=\"async\" src=\"https:\/\/anbanjia.com.cn\/wp-content\/uploads\/2022\/05\/HTB1TH4ZSFXXXXazXFXXq6xXFXXXm.jpg\" data-alt=\"Multifunctional handicapped elderly transfer machine patient transfer machine adjustable height wheelchair with toilet\" data-src=\"\"><\/a><\/p>\n<\/div>\n<\/div>\n<div id=\"ali-anchor-AliPostDhMb-l9422\" class=\"mceSectionContainer\" style=\"padding-top: 8px;\" data-section=\"AliPostDhMb-l9422\" data-section-title=\"company information\">\n<div id=\"ali-title-AliPostDhMb-l9422\" style=\"padding: 8px 0; border-bottom: 1px solid #ddd;\"><span style=\"background-color: #ddd; color: #333; font-weight: bold; padding: 8px 10px; line-height: 12px;\">Firmeninformation<\/span><\/div>\n<div style=\"padding: 10px 0;\">\n<p><img decoding=\"async\" src=\"https:\/\/anbanjia.com.cn\/wp-content\/uploads\/2022\/05\/Ha43def8a2df44eac925e2c3ab5a1b97b2.jpg\" data-alt=\"Multifunctional handicapped elderly transfer machine patient transfer machine adjustable height wheelchair with toilet\" data-src=\"\"><\/p>\n<\/div>\n<\/div>\n<div id=\"ali-anchor-AliPostDhMb-wn279\" class=\"mceSectionContainer\" style=\"padding-top: 8px;\" data-section=\"AliPostDhMb-wn279\" data-section-title=\"certificate\">\n<div id=\"ali-title-AliPostDhMb-wn279\" style=\"padding: 8px 0; border-bottom: 1px solid #ddd;\"><span style=\"background-color: #ddd; color: #333; font-weight: bold; padding: 8px 10px; line-height: 12px;\">Zertifikat<\/span><\/div>\n<div style=\"padding: 10px 0;\">\n<p><img decoding=\"async\" src=\"https:\/\/anbanjia.com.cn\/wp-content\/uploads\/2022\/05\/HTB1Z1olSpXXXXctXXXXq6xXFXXXu-1.jpg\" data-alt=\"Multifunctional handicapped elderly transfer machine patient transfer machine adjustable height wheelchair with toilet\" data-src=\"\"><\/p>\n<\/div>\n<\/div>\n<div id=\"ali-anchor-AliPostDhMb-t1zml\" class=\"mceSectionContainer\" style=\"padding-top: 8px;\" data-section=\"AliPostDhMb-t1zml\" data-section-title=\"produce &amp; payment\">\n<div id=\"ali-title-AliPostDhMb-t1zml\" style=\"padding: 8px 0; border-bottom: 1px solid #ddd;\"><span style=\"background-color: #ddd; color: #333; font-weight: bold; padding: 8px 10px; line-height: 12px;\">produzieren &amp; bezahlen<\/span><\/div>\n<div style=\"padding: 10px 0;\">\n<p><img decoding=\"async\" src=\"https:\/\/anbanjia.com.cn\/wp-content\/uploads\/2022\/05\/HTB1LlvUSpXXXXbJXVXXq6xXFXXXf-1.jpg\" data-alt=\"Multifunctional handicapped elderly transfer machine patient transfer machine adjustable height wheelchair with toilet\" data-src=\"\"><img decoding=\"async\" src=\"https:\/\/anbanjia.com.cn\/wp-content\/uploads\/2022\/05\/HTB1O0UfSpXXXXaRXpXXq6xXFXXXA.jpg\" data-alt=\"Multifunctional handicapped elderly transfer machine patient transfer machine adjustable height wheelchair with toilet\" data-src=\"\"><\/p>\n<\/div>\n<\/div>\n<div id=\"ali-anchor-AliPostDhMb-o39ov\" class=\"mceSectionContainer\" style=\"padding-top: 8px;\" data-section=\"AliPostDhMb-o39ov\" data-section-title=\"contact us\">\n<div id=\"ali-title-AliPostDhMb-o39ov\" style=\"padding: 8px 0; border-bottom: 1px solid #ddd;\"><span style=\"background-color: #ddd; color: #333; font-weight: bold; padding: 8px 10px; line-height: 12px;\">kontaktiere uns<\/span><\/div>\n<div style=\"padding: 10px 0;\">\n<p><img decoding=\"async\" src=\"https:\/\/anbanjia.com.cn\/wp-content\/uploads\/2022\/05\/HTB1vm0WR3HqK1RjSZFEq6AGMXXa6.jpg\" data-alt=\"Multifunctional handicapped elderly transfer machine patient transfer machine adjustable height wheelchair with toilet\" data-src=\"\"><\/p>\n<\/div>\n<\/div>\n<\/div>\n","protected":false},"excerpt":{"rendered":"<p>&nbsp;<\/p>\n<div style=\"width: auto;\">\n<div style=\"min-width: 300px; max-width: 300px; word-wrap: break-word; float: left;\">Herkunftsort: China<\/div>\n<div style=\"min-width: 300px; max-width: 300px; word-wrap: break-word; float: left;\">Instrumentenklassifizierung: Klasse II<\/div>\n<\/div>\n<div style=\"width: auto;\">\n<div style=\"min-width: 300px; max-width: 300px; word-wrap: break-word; float: left;\">1 Jahr Garantie<\/div>\n<div style=\"min-width: 300px; max-width: 300px; word-wrap: break-word; float: left;\">Kundendienst: Schulung vor Ort<\/div>\n<\/div>\n<div style=\"width: auto;\">\n<div style=\"min-width: 300px; max-width: 300px; word-wrap: break-word; float: left;\">Belastbarkeit: 120kg<\/div>\n<div style=\"min-width: 300px; max-width: 300px; word-wrap: break-word; float: left;\">Hubh\u00f6he: 20 cm<\/div>\n<\/div>\n","protected":false},"featured_media":11158,"comment_status":"closed","ping_status":"closed","template":"","meta":[],"product_cat":[116],"product_tag":[],"class_list":["post-11138","product","type-product","status-publish","has-post-thumbnail","hentry","product_cat-multifunktionale-umzugsmaschine"],"_links":{"self":[{"href":"https:\/\/anbanjia.com.cn\/de\/wp-json\/wp\/v2\/product\/11138","targetHints":{"allow":["GET"]}}],"collection":[{"href":"https:\/\/anbanjia.com.cn\/de\/wp-json\/wp\/v2\/product"}],"about":[{"href":"https:\/\/anbanjia.com.cn\/de\/wp-json\/wp\/v2\/types\/product"}],"replies":[{"embeddable":true,"href":"https:\/\/anbanjia.com.cn\/de\/wp-json\/wp\/v2\/comments?post=11138"}],"wp:featuredmedia":[{"embeddable":true,"href":"https:\/\/anbanjia.com.cn\/de\/wp-json\/wp\/v2\/media\/11158"}],"wp:attachment":[{"href":"https:\/\/anbanjia.com.cn\/de\/wp-json\/wp\/v2\/media?parent=11138"}],"wp:term":[{"taxonomy":"product_cat","embeddable":true,"href":"https:\/\/anbanjia.com.cn\/de\/wp-json\/wp\/v2\/product_cat?post=11138"},{"taxonomy":"product_tag","embeddable":true,"href":"https:\/\/anbanjia.com.cn\/de\/wp-json\/wp\/v2\/product_tag?post=11138"}],"curies":[{"name":"wp","href":"https:\/\/api.w.org\/{rel}","templated":true}]}}