{"id":11113,"date":"2022-05-02T18:07:49","date_gmt":"2022-05-02T18:07:49","guid":{"rendered":"https:\/\/www.anbanjia.com.cn\/product\/guenstiger-preis-leichte-faltbare-rollstuhlstuehle-fuer-kinder-mit-zerebraler-laehmung-behinderung-kinderrollstuhl-fabrikpreis\/"},"modified":"2022-05-02T18:07:49","modified_gmt":"2022-05-02T18:07:49","slug":"billiger-preis-leichter-faltbarer-rollstuhl-fur-cerebralparese-behinderte-kinder-kinderrollstuhl-fabrikpreis","status":"publish","type":"product","link":"https:\/\/anbanjia.com.cn\/de\/produkt\/billiger-preis-leichter-faltbarer-rollstuhl-fur-cerebralparese-behinderte-kinder-kinderrollstuhl-fabrikpreis\/","title":{"rendered":"G\u00fcnstiger Preis Leichte faltbare Rollstuhlst\u00fchle f\u00fcr Kinder mit zerebraler L\u00e4hmung \/ Behinderung, Kinderrollstuhl, Fabrikpreis"},"content":{"rendered":"<div style=\"max-width: 750px; margin: 0 auto;\">\n<div data-maya=\"{\"theme\":{\"face\":\"yin\",\"fontFace\":\"Trebuchet MS, sans-serif\",\"fontSize\":24,\"colors\":2},\"items\":[{\"title\":\"d24vn\",\"formats\":[[[{\"4r0ea\":\"H\"},{\"uoz97\":\"P\"}]],[{\"1rds3\":\"Ia\"}]]},{\"title\":\"od32r\",\"formats\":[[{\"pd1rn\":\"Ia\"}],[{\"86co3\":\"Ia\"}],[{\"augsw\":\"Ia\"}],[{\"zevaj\":\"Ia\"}],[{\"d809g\":\"Ia\"}],[{\"h30pt\":\"Ia\"}],[{\"z2s7o\":\"Ia\"}],[{\"987vv\":\"Ia\"}]]},{\"title\":\"wwi1w\",\"formats\":[[{\"8h6sz\":\"Il\"},[{\"kbzob\":\"H\"},{\"qubn7\":\"P\"}]]]},{\"title\":\"d8fbd\",\"formats\":[[{\"zr1e6\":\"Ia\"}],[{\"g1s4z\":\"P\"}],[[{\"rn01d\":\"H\"},{\"bztbe\":\"P\"}]]]}]}\">\n<div>\n<div style=\"vertical-align: top; padding-top: 15px; padding-bottom: 15px;\">\n<div id=\"d24vn\" style=\"vertical-align: top; padding-top: 10px; padding-bottom: 10px;\">\n<div id=\"ali-anchor-AliMaya-plyed\" style=\"padding: 8px 0 4px 8px; border-bottom: 2px solid #D2F2DD; border-radius: 3px 3px 0 0; line-height: 1; color: #179a43; background-color: #d2f2dd; font-size: 24px; font-family: Trebuchet MS, sans-serif;\" data-section=\"AliMaya-plyed\" data-section-title=\"Product Description\">Produktbeschreibung<\/div>\n<\/div>\n<div style=\"vertical-align: top; padding-top: 10px; padding-bottom: 10px; margin-right: -4px; margin-left: -4px;\">\n<div style=\"vertical-align: top; box-sizing: border-box; padding-right: 4px; padding-left: 4px; margin-top: -4px; margin-bottom: -4px;\">\n<div id=\"4r0ea\" style=\"vertical-align: top; box-sizing: border-box; padding-top: 4px; padding-bottom: 4px;\">\n<h3 style=\"padding: 0px; line-height: 20px; font-weight: bold; margin: 0px;\"><span style=\"color: #0037df; font-family: Trebuchet MS, sans-serif; font-size: xx-large;\">Leichte zusammenklappbare Rollst\u00fchle f\u00fcr <\/span><\/h3>\n<h3 style=\"padding: 0px; line-height: 20px; font-weight: bold; margin: 0px;\"><span style=\"color: #0037df; font-family: Trebuchet MS, sans-serif; font-size: xx-large;\"> <\/span><\/h3>\n<h3 style=\"padding: 0px; line-height: 20px; font-weight: bold; margin: 0px;\"><span style=\"color: #0037df; font-family: Trebuchet MS, sans-serif; font-size: xx-large;\">Zerebralparese\/behinderte Kinder, p\u00e4diatrisch <\/span><\/h3>\n<h3 style=\"padding: 0px; line-height: 20px; font-weight: bold; margin: 0px;\"><span style=\"color: #0037df; font-family: Trebuchet MS, sans-serif; font-size: xx-large;\"> <\/span><\/h3>\n<h3 style=\"padding: 0px; line-height: 20px; font-weight: bold; margin: 0px;\"><span style=\"color: #0037df; font-family: Trebuchet MS, sans-serif; font-size: xx-large;\">Rollstuhl<\/span><\/h3>\n<\/div>\n<div id=\"uoz97\" style=\"vertical-align: top; box-sizing: border-box; padding-top: 4px; padding-bottom: 4px;\">\n<p style=\"margin: 0; padding: 0;\"><span style=\"font-family: Trebuchet MS, sans-serif; font-size: large;\">Design f\u00fcr Kinder mit Zerebralparese<\/span><\/p>\n<p style=\"margin: 0; padding: 0;\"><span style=\"font-family: Trebuchet MS, sans-serif; font-size: large;\">Rahmen aus pulverbeschichtetem Aluminium<\/span><\/p>\n<p style=\"margin: 0; padding: 0;\"><span style=\"font-family: Trebuchet MS, sans-serif; font-size: large;\">Abnehmbare Polsterung aus atmungsaktivem Material; mit Separator, Rumpfst\u00fctze, H\u00fcftgelenkst\u00fctze<\/span><\/p>\n<p style=\"margin: 0; padding: 0;\"><span style=\"font-family: Trebuchet MS, sans-serif; font-size: large;\">Abnehmbare und verstellbare Kopfst\u00fctze<\/span><\/p>\n<p style=\"margin: 0; padding: 0;\"><span style=\"font-family: Trebuchet MS, sans-serif; font-size: large;\">Mit Butterfly-Brustgurt<\/span><\/p>\n<p style=\"margin: 0; padding: 0;\"><span style=\"font-family: Trebuchet MS, sans-serif; font-size: large;\">R\u00fcsten Sie sich zusammen mit dem Tilt-in-Space- und Recline-System aus; Neigung im Raum bis zu 45 Grad; zur\u00fccklehnen von 90 grad bis 160 grad<\/span><\/p>\n<p style=\"margin: 0; padding: 0;\"><span style=\"font-family: Trebuchet MS, sans-serif; font-size: large;\">H\u00f6henverstellbare und abnehmbare Armlehne<\/span><\/p>\n<p style=\"margin: 0; padding: 0;\"><span style=\"font-family: Trebuchet MS, sans-serif; font-size: large;\">Wegschwenkbare und abnehmbare Beinst\u00fctze<\/span><\/p>\n<p style=\"margin: 0; padding: 0;\"><span style=\"font-family: Trebuchet MS, sans-serif; font-size: large;\">6&#8243; feste Rollen<\/span><\/p>\n<p style=\"margin: 0; padding: 0;\"><span style=\"font-family: Trebuchet MS, sans-serif; font-size: large;\">MAG, 16&#8243; graues PU-Hinterrad<\/span><\/p>\n<p style=\"margin: 0; padding: 0;\"><span style=\"font-family: Trebuchet MS, sans-serif; font-size: large;\">Mit Kippschutz<\/span><\/p>\n<p style=\"margin: 0; padding: 0;\"><span style=\"font-family: Trebuchet MS, sans-serif; font-size: large;\">Mit Begleitbremse<\/span><\/p>\n<\/div>\n<\/div>\n<\/div>\n<div style=\"vertical-align: top; padding-top: 10px; padding-bottom: 10px; margin-right: -4px; margin-left: -4px;\">\n<div id=\"1rds3\" style=\"vertical-align: top; box-sizing: border-box; padding-right: 4px; padding-left: 4px;\">\n<div style=\"overflow: hidden; width: 750px; height: 662px;\"><img decoding=\"async\" style=\"max-width: 750;\" src=\"https:\/\/anbanjia.com.cn\/wp-content\/uploads\/2022\/05\/HTB16z4JRFXXXXb7XVXX760XFXXXV.png\" data-src=\"\"><\/div>\n<\/div>\n<\/div>\n<\/div>\n<div style=\"vertical-align: top; padding-top: 15px; padding-bottom: 15px;\">\n<div id=\"od32r\" style=\"vertical-align: top; padding-top: 10px; padding-bottom: 10px;\">\n<div id=\"ali-anchor-AliMaya-31elg\" style=\"padding: 8px 0 4px 8px; border-bottom: 2px solid #D2F2DD; border-radius: 3px 3px 0 0; line-height: 1; color: #179a43; background-color: #d2f2dd; font-size: 24px; font-family: Trebuchet MS, sans-serif;\" data-section=\"AliMaya-31elg\" data-section-title=\"Detailed Images\">Detaillierte Bilder<\/div>\n<\/div>\n<div style=\"vertical-align: top; padding-top: 10px; padding-bottom: 10px; margin-right: -4px; margin-left: -4px;\">\n<div id=\"pd1rn\" style=\"vertical-align: top; box-sizing: border-box; padding-right: 4px; padding-left: 4px;\">\n<div style=\"overflow: hidden; width: 750px; height: 559px;\"><img decoding=\"async\" style=\"width: 750px; height: 559px; margin-left: 0px; margin-top: 0px;\" src=\"https:\/\/anbanjia.com.cn\/wp-content\/uploads\/2022\/05\/HTB1xaRCRFXXXXc9aXXX760XFXXXQ.png\" data-src=\"\"><\/div>\n<\/div>\n<\/div>\n<div style=\"vertical-align: top; padding-top: 10px; padding-bottom: 10px; margin-right: -4px; margin-left: -4px;\">\n<div id=\"86co3\" style=\"vertical-align: top; box-sizing: border-box; padding-right: 4px; padding-left: 4px;\">\n<div style=\"overflow: hidden; width: 750px; height: 417px;\"><img decoding=\"async\" style=\"width: 750px; height: 417px; margin-left: 0px; margin-top: 0px;\" src=\"https:\/\/anbanjia.com.cn\/wp-content\/uploads\/2022\/05\/HTB1C0dpRFXXXXX2aFXX760XFXXXK.png\" data-src=\"\"><\/div>\n<\/div>\n<\/div>\n<div style=\"vertical-align: top; padding-top: 10px; padding-bottom: 10px; margin-right: -4px; margin-left: -4px;\">\n<div id=\"augsw\" style=\"vertical-align: top; box-sizing: border-box; padding-right: 4px; padding-left: 4px;\">\n<div style=\"overflow: hidden; width: 750px; height: 412px;\"><img decoding=\"async\" style=\"width: 750px; height: 412px; margin-left: 0px; margin-top: 0px;\" src=\"https:\/\/anbanjia.com.cn\/wp-content\/uploads\/2022\/05\/HTB1UtVKRFXXXXXYaXXX760XFXXXj.png\" data-src=\"\"><\/div>\n<\/div>\n<\/div>\n<div style=\"vertical-align: top; padding-top: 10px; padding-bottom: 10px; margin-right: -4px; margin-left: -4px;\">\n<div id=\"zevaj\" style=\"vertical-align: top; box-sizing: border-box; padding-right: 4px; padding-left: 4px;\">\n<div style=\"overflow: hidden; width: 750px; height: 421px;\"><img decoding=\"async\" style=\"width: 750px; height: 421px; margin-left: 0px; margin-top: 0px;\" src=\"https:\/\/anbanjia.com.cn\/wp-content\/uploads\/2022\/05\/HTB1zStsRFXXXXXJaFXX760XFXXX1.png\" data-src=\"\"><\/div>\n<\/div>\n<\/div>\n<div style=\"vertical-align: top; padding-top: 10px; padding-bottom: 10px; margin-right: -4px; margin-left: -4px;\">\n<div id=\"d809g\" style=\"vertical-align: top; box-sizing: border-box; padding-right: 4px; padding-left: 4px;\">\n<div style=\"overflow: hidden; width: 750px; height: 415px;\"><img decoding=\"async\" style=\"width: 750px; height: 415px; margin-left: 0px; margin-top: 0px;\" src=\"https:\/\/anbanjia.com.cn\/wp-content\/uploads\/2022\/05\/HTB1JfX1RFXXXXXUXFXX760XFXXXP.png\" data-src=\"\"><\/div>\n<\/div>\n<\/div>\n<div style=\"vertical-align: top; padding-top: 10px; padding-bottom: 10px; margin-right: -4px; margin-left: -4px;\">\n<div id=\"h30pt\" style=\"vertical-align: top; box-sizing: border-box; padding-right: 4px; padding-left: 4px;\">\n<div style=\"overflow: hidden; width: 750px; height: 416px;\"><img decoding=\"async\" style=\"width: 750px; height: 416px; margin-left: 0px; margin-top: 0px;\" src=\"https:\/\/anbanjia.com.cn\/wp-content\/uploads\/2022\/05\/HTB1IzFFRFXXXXaZaXXX760XFXXXQ.png\" data-src=\"\"><\/div>\n<\/div>\n<\/div>\n<div style=\"vertical-align: top; padding-top: 10px; padding-bottom: 10px; margin-right: -4px; margin-left: -4px;\">\n<div id=\"z2s7o\" style=\"vertical-align: top; box-sizing: border-box; padding-right: 4px; padding-left: 4px;\">\n<div style=\"overflow: hidden; width: 750px; height: 413px;\"><img decoding=\"async\" style=\"width: 750px; height: 413px; margin-left: 0px; margin-top: 0px;\" src=\"https:\/\/anbanjia.com.cn\/wp-content\/uploads\/2022\/05\/HTB1GAdNRFXXXXbsXVXX760XFXXXZ.png\" data-src=\"\"><\/div>\n<\/div>\n<\/div>\n<div style=\"vertical-align: top; padding-top: 10px; padding-bottom: 10px; margin-right: -4px; margin-left: -4px;\">\n<div id=\"987vv\" style=\"vertical-align: top; box-sizing: border-box; padding-right: 4px; padding-left: 4px;\">\n<div style=\"overflow: hidden; width: 750px; height: 416px;\"><img decoding=\"async\" style=\"width: 750px; height: 416px; margin-left: 0px; margin-top: 0px;\" src=\"https:\/\/anbanjia.com.cn\/wp-content\/uploads\/2022\/05\/HTB1hNNNRFXXXXbcXVXX760XFXXXS.png\" data-src=\"\"><\/div>\n<\/div>\n<\/div>\n<\/div>\n<div style=\"vertical-align: top; padding-top: 15px; padding-bottom: 15px;\">\n<div id=\"wwi1w\" style=\"vertical-align: top; padding-top: 10px; padding-bottom: 10px;\">\n<div id=\"ali-anchor-AliMaya-xk56o\" style=\"padding: 8px 0 4px 8px; border-bottom: 2px solid #D2F2DD; border-radius: 3px 3px 0 0; line-height: 1; color: #179a43; background-color: #d2f2dd; font-size: 24px; font-family: Trebuchet MS, sans-serif;\" data-section=\"AliMaya-xk56o\" data-section-title=\"Packing &amp; Delivery\">Verpackung &amp; Lieferung<\/div>\n<\/div>\n<div style=\"vertical-align: top; padding-top: 10px; padding-bottom: 10px; margin-right: -4px; margin-left: -4px;\">\n<div id=\"8h6sz\" style=\"vertical-align: top; width: 50%; display: inline-block; box-sizing: border-box; padding-right: 4px; padding-left: 4px;\">\n<div style=\"overflow: hidden; width: 371px; height: 220px;\"><img decoding=\"async\" style=\"width: 403.423px; height: 220px; margin-left: 0px; margin-top: 0px;\" src=\"https:\/\/anbanjia.com.cn\/wp-content\/uploads\/2022\/05\/HTB1h3vHQXXXXXXWapXXq6xXFXXXC.jpg\" data-src=\"\"><\/div>\n<\/div>\n<div style=\"vertical-align: top; width: 50%; display: inline-block; box-sizing: border-box; padding-right: 4px; padding-left: 4px; margin-top: -4px; margin-bottom: -4px;\">\n<div id=\"kbzob\" style=\"vertical-align: top; box-sizing: border-box; padding-top: 4px; padding-bottom: 4px;\">\n<h3 style=\"padding: 0; font-size: 16px; line-height: 20px; font-weight: bold; color: #333; margin: 0;\"><\/h3>\n<\/div>\n<div id=\"qubn7\" style=\"vertical-align: top; box-sizing: border-box; padding-top: 4px; padding-bottom: 4px;\">\n<p style=\"margin: 0; padding: 0;\"><span style=\"font-family: Trebuchet MS, sans-serif; font-size: large;\">Paket:<br \/>\n1 St\u00fcck\/Karton, 80 x 40 x 97 cm<\/span><\/p>\n<p>Lieferung:<br \/>\n3-5 Werktage nach Zahlungseingang<\/p>\n<\/div>\n<\/div>\n<\/div>\n<\/div>\n<div style=\"vertical-align: top; padding-top: 15px; padding-bottom: 15px;\">\n<div id=\"d8fbd\" style=\"vertical-align: top; padding-top: 10px; padding-bottom: 10px;\"><\/div>\n<\/div>\n<\/div>\n<\/div>\n<\/div>\n","protected":false},"excerpt":{"rendered":"<p>&nbsp;<\/p>\n<div style=\"width: auto;\">\n<div style=\"min-width: 300px; max-width: 300px; word-wrap: break-word; float: left;\">Herkunftsort: Guangdong, China<\/div>\n<div style=\"min-width: 300px; max-width: 300px; word-wrap: break-word; float: left;\">Markenname: Anbanjia<\/div>\n<\/div>\n<div style=\"width: auto;\">\n<div style=\"min-width: 300px; max-width: 300px; word-wrap: break-word; float: left;\">Modellnummer: ABJ-3628D<\/div>\n<div style=\"min-width: 300px; max-width: 300px; word-wrap: break-word; float: left;\">Sitzh\u00f6he: 50,5 cm<\/div>\n<\/div>\n<div style=\"width: auto;\">\n<div style=\"min-width: 300px; max-width: 300px; word-wrap: break-word; float: left;\">Sitztiefe: 35,5 cm<\/div>\n<div style=\"min-width: 300px; max-width: 300px; word-wrap: break-word; float: left;\">Sitzbreite: 38 cm<\/div>\n<\/div>\n<div style=\"width: auto;\">\n<div style=\"min-width: 300px; max-width: 300px; word-wrap: break-word; float: left;\">Gefaltete Breite: 39 cm<\/div>\n<div style=\"min-width: 300px; max-width: 300px; word-wrap: break-word; float: left;\">Gesamtbreite: 54 cm<\/div>\n<\/div>\n<div style=\"width: auto;\">\n<div style=\"min-width: 300px; max-width: 300px; word-wrap: break-word; float: left;\">Gesamtl\u00e4nge: 107 cm<\/div>\n<div style=\"min-width: 300px; max-width: 300px; word-wrap: break-word; float: left;\">Gesamth\u00f6he: 100 cm<\/div>\n<\/div>\n","protected":false},"featured_media":11129,"comment_status":"closed","ping_status":"closed","template":"","meta":[],"product_cat":[124],"product_tag":[],"class_list":["post-11113","product","type-product","status-publish","has-post-thumbnail","hentry","product_cat-rollstuhl-fur-zerebralparese"],"_links":{"self":[{"href":"https:\/\/anbanjia.com.cn\/de\/wp-json\/wp\/v2\/product\/11113","targetHints":{"allow":["GET"]}}],"collection":[{"href":"https:\/\/anbanjia.com.cn\/de\/wp-json\/wp\/v2\/product"}],"about":[{"href":"https:\/\/anbanjia.com.cn\/de\/wp-json\/wp\/v2\/types\/product"}],"replies":[{"embeddable":true,"href":"https:\/\/anbanjia.com.cn\/de\/wp-json\/wp\/v2\/comments?post=11113"}],"wp:featuredmedia":[{"embeddable":true,"href":"https:\/\/anbanjia.com.cn\/de\/wp-json\/wp\/v2\/media\/11129"}],"wp:attachment":[{"href":"https:\/\/anbanjia.com.cn\/de\/wp-json\/wp\/v2\/media?parent=11113"}],"wp:term":[{"taxonomy":"product_cat","embeddable":true,"href":"https:\/\/anbanjia.com.cn\/de\/wp-json\/wp\/v2\/product_cat?post=11113"},{"taxonomy":"product_tag","embeddable":true,"href":"https:\/\/anbanjia.com.cn\/de\/wp-json\/wp\/v2\/product_tag?post=11113"}],"curies":[{"name":"wp","href":"https:\/\/api.w.org\/{rel}","templated":true}]}}